{"id":11400,"date":"2017-09-26T18:12:50","date_gmt":"2017-09-26T16:12:50","guid":{"rendered":"https:\/\/iste.yhello.co\/?post_type=product&#038;p=11400"},"modified":"2024-04-29T10:08:32","modified_gmt":"2024-04-29T09:08:32","slug":"innovation-environnementale-et-ecoconception","status":"publish","type":"product","link":"https:\/\/www.istegroup.com\/fr\/produit\/innovation-environnementale-et-ecoconception\/","title":{"rendered":"Innovation environnementale et \u00e9coconception"},"content":{"rendered":"<p>La s\u00e9rie\u00a0<em>Smart innovation<\/em>\u00a0pr\u00e9sente les th\u00e8mes li\u00e9s \u00e0 la dynamique technologique, entrepreneuriale, territoriale et \u00e9conomique de l&rsquo;innovation. Elle privil\u00e9gie les approches novatrices des acteurs qui, par leurs comportements, strat\u00e9gies et politiques d&rsquo;innovation intelligente, modifient les mod\u00e8les \u00e9conomiques dans une perspective de croissance durable.<\/p>\n<p>La fin des \u00ab Trente Glorieuses \u00bb est marqu\u00e9e par la reconnaissance de la probl\u00e9matique environnementale et les crises p\u00e9troli\u00e8res des ann\u00e9es 1970. Les rencontres internationales successives qui en ont r\u00e9sult\u00e9 se d\u00e9roulent dans un contexte o\u00f9 le changement technique, l\u2019innovation et les industriels prennent une place croissante dans la cr\u00e9ation d\u2019un nouveau mod\u00e8le de soci\u00e9t\u00e9.<\/p>\n<p><em>Innovation environnementale et \u00e9coconception<\/em>\u00a0revient de mani\u00e8re critique sur les certitudes et les controverses autour du processus d\u2019innovation environnementale. Le premier chapitre expose sa doctrine, ses origines et les raisons qui l\u2019am\u00e8nent aujourd\u2019hui \u00e0 faire autorit\u00e9, et ce, malgr\u00e9 ses faiblesses. Le second chapitre analyse le concept d\u2019\u00e9coconception.<\/p>\n<p>L\u2019ouvrage se base sur une revue de litt\u00e9rature et des exemples puis\u00e9s des sciences \u00e9conomiques, de gestion et de l\u2019ing\u00e9nieur. Cette d\u00e9marche inscrit le changement technique dans une approche syst\u00e9mique facilitant notre compr\u00e9hension des relations entre la biosph\u00e8re et la technosph\u00e8re.<\/p>\n","protected":false},"excerpt":{"rendered":"<p>La s\u00e9rie\u00a0Smart innovation\u00a0pr\u00e9sente les th\u00e8mes li\u00e9s \u00e0 la dynamique technologique, entrepreneuriale, territoriale et \u00e9conomique de l&rsquo;innovation. Elle privil\u00e9gie les approches novatrices des acteurs qui, par leurs comportements, strat\u00e9gies et politiques d&rsquo;innovation intelligente, modifient les mod\u00e8les \u00e9conomiques dans une perspective de croissance durable. La fin des \u00ab Trente Glorieuses \u00bb est marqu\u00e9e par la reconnaissance de [&hellip;]<\/p>\n","protected":false},"featured_media":56532,"template":"","meta":{"_acf_changed":false,"_links_to":"","_links_to_target":""},"product_brand":[],"product_cat":[3262],"product_tag":[],"class_list":{"0":"post-11400","1":"product","2":"type-product","3":"status-publish","4":"has-post-thumbnail","6":"product_cat-non-classe","8":"first","9":"instock","10":"shipping-taxable","11":"purchasable","12":"product-type-variable"},"acf":[],"yoast_head":"<!-- This site is optimized with the Yoast SEO plugin v27.2 - https:\/\/yoast.com\/product\/yoast-seo-wordpress\/ -->\n<title>Innovation environnementale et \u00e9coconception - ISTE Group<\/title>\n<meta name=\"description\" content=\"Innovation environnementale et \u00e9coconception\u00a0revient de mani\u00e8re critique sur les certitudes et les controverses autour du processus d\u2019innovation environnementale. Le premier chapitre expose sa doctrine, ses origines et les raisons qui l\u2019am\u00e8nent aujourd\u2019hui \u00e0 faire autorit\u00e9, et ce, malgr\u00e9 ses faiblesses. Le second chapitre analyse le concept d\u2019\u00e9coconception.\" \/>\n<meta name=\"robots\" content=\"index, follow, max-snippet:-1, max-image-preview:large, max-video-preview:-1\" \/>\n<link rel=\"canonical\" href=\"https:\/\/www.istegroup.com\/en\/produit\/innovation-environnementale-et-ecoconception\/\" \/>\n<meta property=\"og:locale\" content=\"fr_FR\" \/>\n<meta property=\"og:type\" content=\"article\" \/>\n<meta property=\"og:title\" content=\"Innovation environnementale et \u00e9coconception - ISTE Group\" \/>\n<meta property=\"og:description\" content=\"Innovation environnementale et \u00e9coconception\u00a0revient de mani\u00e8re critique sur les certitudes et les controverses autour du processus d\u2019innovation environnementale. Le premier chapitre expose sa doctrine, ses origines et les raisons qui l\u2019am\u00e8nent aujourd\u2019hui \u00e0 faire autorit\u00e9, et ce, malgr\u00e9 ses faiblesses. Le second chapitre analyse le concept d\u2019\u00e9coconception.\" \/>\n<meta property=\"og:url\" content=\"https:\/\/www.istegroup.com\/en\/produit\/innovation-environnementale-et-ecoconception\/\" \/>\n<meta property=\"og:site_name\" content=\"ISTE Group\" \/>\n<meta property=\"article:modified_time\" content=\"2024-04-29T09:08:32+00:00\" \/>\n<meta property=\"og:image\" content=\"https:\/\/www.istegroup.com\/wp-content\/uploads\/2017\/09\/Innovation-environnementale-et-ecoconception_prix_RRI.jpg\" \/>\n\t<meta property=\"og:image:width\" content=\"300\" \/>\n\t<meta property=\"og:image:height\" content=\"465\" \/>\n\t<meta property=\"og:image:type\" content=\"image\/jpeg\" \/>\n<meta name=\"twitter:card\" content=\"summary_large_image\" \/>\n<meta name=\"twitter:label1\" content=\"Est. reading time\" \/>\n\t<meta name=\"twitter:data1\" content=\"1 minute\" \/>\n<script type=\"application\/ld+json\" class=\"yoast-schema-graph\">{\"@context\":\"https:\/\/schema.org\",\"@graph\":[{\"@type\":\"WebPage\",\"@id\":\"https:\/\/www.istegroup.com\/en\/produit\/innovation-environnementale-et-ecoconception\/\",\"url\":\"https:\/\/www.istegroup.com\/en\/produit\/innovation-environnementale-et-ecoconception\/\",\"name\":\"Innovation environnementale et \u00e9coconception - ISTE Group\",\"isPartOf\":{\"@id\":\"https:\/\/www.istegroup.com\/#website\"},\"primaryImageOfPage\":{\"@id\":\"https:\/\/www.istegroup.com\/en\/produit\/innovation-environnementale-et-ecoconception\/#primaryimage\"},\"image\":{\"@id\":\"https:\/\/www.istegroup.com\/en\/produit\/innovation-environnementale-et-ecoconception\/#primaryimage\"},\"thumbnailUrl\":\"https:\/\/www.istegroup.com\/wp-content\/uploads\/2017\/09\/Innovation-environnementale-et-ecoconception_prix_RRI.jpg\",\"datePublished\":\"2017-09-26T16:12:50+00:00\",\"dateModified\":\"2024-04-29T09:08:32+00:00\",\"description\":\"Innovation environnementale et \u00e9coconception\u00a0revient de mani\u00e8re critique sur les certitudes et les controverses autour du processus d\u2019innovation environnementale. Le premier chapitre expose sa doctrine, ses origines et les raisons qui l\u2019am\u00e8nent aujourd\u2019hui \u00e0 faire autorit\u00e9, et ce, malgr\u00e9 ses faiblesses. Le second chapitre analyse le concept d\u2019\u00e9coconception.\",\"breadcrumb\":{\"@id\":\"https:\/\/www.istegroup.com\/en\/produit\/innovation-environnementale-et-ecoconception\/#breadcrumb\"},\"inLanguage\":\"fr-FR\",\"potentialAction\":[{\"@type\":\"ReadAction\",\"target\":[\"https:\/\/www.istegroup.com\/en\/produit\/innovation-environnementale-et-ecoconception\/\"]}]},{\"@type\":\"ImageObject\",\"inLanguage\":\"fr-FR\",\"@id\":\"https:\/\/www.istegroup.com\/en\/produit\/innovation-environnementale-et-ecoconception\/#primaryimage\",\"url\":\"https:\/\/www.istegroup.com\/wp-content\/uploads\/2017\/09\/Innovation-environnementale-et-ecoconception_prix_RRI.jpg\",\"contentUrl\":\"https:\/\/www.istegroup.com\/wp-content\/uploads\/2017\/09\/Innovation-environnementale-et-ecoconception_prix_RRI.jpg\",\"width\":300,\"height\":465,\"caption\":\"Livre scientifique - Innovation environnementale et \u00e9coconception - Prix RRI\"},{\"@type\":\"BreadcrumbList\",\"@id\":\"https:\/\/www.istegroup.com\/en\/produit\/innovation-environnementale-et-ecoconception\/#breadcrumb\",\"itemListElement\":[{\"@type\":\"ListItem\",\"position\":1,\"name\":\"Home\",\"item\":\"https:\/\/www.istegroup.com\/\"},{\"@type\":\"ListItem\",\"position\":2,\"name\":\"Shop\",\"item\":\"https:\/\/www.istegroup.com\/fr\/nouveautes\/\"},{\"@type\":\"ListItem\",\"position\":3,\"name\":\"Innovation environnementale et \u00e9coconception\"}]},{\"@type\":\"WebSite\",\"@id\":\"https:\/\/www.istegroup.com\/#website\",\"url\":\"https:\/\/www.istegroup.com\/\",\"name\":\"ISTE Group\",\"description\":\"\u00c9diteur des Sciences\",\"potentialAction\":[{\"@type\":\"SearchAction\",\"target\":{\"@type\":\"EntryPoint\",\"urlTemplate\":\"https:\/\/www.istegroup.com\/?s={search_term_string}\"},\"query-input\":{\"@type\":\"PropertyValueSpecification\",\"valueRequired\":true,\"valueName\":\"search_term_string\"}}],\"inLanguage\":\"fr-FR\"}]}<\/script>\n<!-- \/ Yoast SEO plugin. -->","yoast_head_json":{"title":"Innovation environnementale et \u00e9coconception - ISTE Group","description":"Innovation environnementale et \u00e9coconception\u00a0revient de mani\u00e8re critique sur les certitudes et les controverses autour du processus d\u2019innovation environnementale. Le premier chapitre expose sa doctrine, ses origines et les raisons qui l\u2019am\u00e8nent aujourd\u2019hui \u00e0 faire autorit\u00e9, et ce, malgr\u00e9 ses faiblesses. Le second chapitre analyse le concept d\u2019\u00e9coconception.","robots":{"index":"index","follow":"follow","max-snippet":"max-snippet:-1","max-image-preview":"max-image-preview:large","max-video-preview":"max-video-preview:-1"},"canonical":"https:\/\/www.istegroup.com\/en\/produit\/innovation-environnementale-et-ecoconception\/","og_locale":"fr_FR","og_type":"article","og_title":"Innovation environnementale et \u00e9coconception - ISTE Group","og_description":"Innovation environnementale et \u00e9coconception\u00a0revient de mani\u00e8re critique sur les certitudes et les controverses autour du processus d\u2019innovation environnementale. Le premier chapitre expose sa doctrine, ses origines et les raisons qui l\u2019am\u00e8nent aujourd\u2019hui \u00e0 faire autorit\u00e9, et ce, malgr\u00e9 ses faiblesses. Le second chapitre analyse le concept d\u2019\u00e9coconception.","og_url":"https:\/\/www.istegroup.com\/en\/produit\/innovation-environnementale-et-ecoconception\/","og_site_name":"ISTE Group","article_modified_time":"2024-04-29T09:08:32+00:00","og_image":[{"width":300,"height":465,"url":"https:\/\/www.istegroup.com\/wp-content\/uploads\/2017\/09\/Innovation-environnementale-et-ecoconception_prix_RRI.jpg","type":"image\/jpeg"}],"twitter_card":"summary_large_image","twitter_misc":{"Est. reading time":"1 minute"},"schema":{"@context":"https:\/\/schema.org","@graph":[{"@type":"WebPage","@id":"https:\/\/www.istegroup.com\/en\/produit\/innovation-environnementale-et-ecoconception\/","url":"https:\/\/www.istegroup.com\/en\/produit\/innovation-environnementale-et-ecoconception\/","name":"Innovation environnementale et \u00e9coconception - ISTE Group","isPartOf":{"@id":"https:\/\/www.istegroup.com\/#website"},"primaryImageOfPage":{"@id":"https:\/\/www.istegroup.com\/en\/produit\/innovation-environnementale-et-ecoconception\/#primaryimage"},"image":{"@id":"https:\/\/www.istegroup.com\/en\/produit\/innovation-environnementale-et-ecoconception\/#primaryimage"},"thumbnailUrl":"https:\/\/www.istegroup.com\/wp-content\/uploads\/2017\/09\/Innovation-environnementale-et-ecoconception_prix_RRI.jpg","datePublished":"2017-09-26T16:12:50+00:00","dateModified":"2024-04-29T09:08:32+00:00","description":"Innovation environnementale et \u00e9coconception\u00a0revient de mani\u00e8re critique sur les certitudes et les controverses autour du processus d\u2019innovation environnementale. Le premier chapitre expose sa doctrine, ses origines et les raisons qui l\u2019am\u00e8nent aujourd\u2019hui \u00e0 faire autorit\u00e9, et ce, malgr\u00e9 ses faiblesses. Le second chapitre analyse le concept d\u2019\u00e9coconception.","breadcrumb":{"@id":"https:\/\/www.istegroup.com\/en\/produit\/innovation-environnementale-et-ecoconception\/#breadcrumb"},"inLanguage":"fr-FR","potentialAction":[{"@type":"ReadAction","target":["https:\/\/www.istegroup.com\/en\/produit\/innovation-environnementale-et-ecoconception\/"]}]},{"@type":"ImageObject","inLanguage":"fr-FR","@id":"https:\/\/www.istegroup.com\/en\/produit\/innovation-environnementale-et-ecoconception\/#primaryimage","url":"https:\/\/www.istegroup.com\/wp-content\/uploads\/2017\/09\/Innovation-environnementale-et-ecoconception_prix_RRI.jpg","contentUrl":"https:\/\/www.istegroup.com\/wp-content\/uploads\/2017\/09\/Innovation-environnementale-et-ecoconception_prix_RRI.jpg","width":300,"height":465,"caption":"Livre scientifique - Innovation environnementale et \u00e9coconception - Prix RRI"},{"@type":"BreadcrumbList","@id":"https:\/\/www.istegroup.com\/en\/produit\/innovation-environnementale-et-ecoconception\/#breadcrumb","itemListElement":[{"@type":"ListItem","position":1,"name":"Home","item":"https:\/\/www.istegroup.com\/"},{"@type":"ListItem","position":2,"name":"Shop","item":"https:\/\/www.istegroup.com\/fr\/nouveautes\/"},{"@type":"ListItem","position":3,"name":"Innovation environnementale et \u00e9coconception"}]},{"@type":"WebSite","@id":"https:\/\/www.istegroup.com\/#website","url":"https:\/\/www.istegroup.com\/","name":"ISTE Group","description":"\u00c9diteur des Sciences","potentialAction":[{"@type":"SearchAction","target":{"@type":"EntryPoint","urlTemplate":"https:\/\/www.istegroup.com\/?s={search_term_string}"},"query-input":{"@type":"PropertyValueSpecification","valueRequired":true,"valueName":"search_term_string"}}],"inLanguage":"fr-FR"}]}},"_links":{"self":[{"href":"https:\/\/www.istegroup.com\/fr\/wp-json\/wp\/v2\/product\/11400","targetHints":{"allow":["GET"]}}],"collection":[{"href":"https:\/\/www.istegroup.com\/fr\/wp-json\/wp\/v2\/product"}],"about":[{"href":"https:\/\/www.istegroup.com\/fr\/wp-json\/wp\/v2\/types\/product"}],"wp:featuredmedia":[{"embeddable":true,"href":"https:\/\/www.istegroup.com\/fr\/wp-json\/wp\/v2\/media\/56532"}],"wp:attachment":[{"href":"https:\/\/www.istegroup.com\/fr\/wp-json\/wp\/v2\/media?parent=11400"}],"wp:term":[{"taxonomy":"product_brand","embeddable":true,"href":"https:\/\/www.istegroup.com\/fr\/wp-json\/wp\/v2\/product_brand?post=11400"},{"taxonomy":"product_cat","embeddable":true,"href":"https:\/\/www.istegroup.com\/fr\/wp-json\/wp\/v2\/product_cat?post=11400"},{"taxonomy":"product_tag","embeddable":true,"href":"https:\/\/www.istegroup.com\/fr\/wp-json\/wp\/v2\/product_tag?post=11400"}],"curies":[{"name":"wp","href":"https:\/\/api.w.org\/{rel}","templated":true}]}}