{"id":11395,"date":"2018-03-26T18:04:22","date_gmt":"2018-03-26T16:04:22","guid":{"rendered":"https:\/\/iste.yhello.co\/?post_type=product&#038;p=11395"},"modified":"2024-01-03T13:41:31","modified_gmt":"2024-01-03T13:41:31","slug":"les-systemes-dinnovation-dans-les-economies-emergentes","status":"publish","type":"product","link":"https:\/\/www.istegroup.com\/fr\/produit\/les-systemes-dinnovation-dans-les-economies-emergentes\/","title":{"rendered":"Les syst\u00e8mes d\u2019innovation dans les \u00e9conomies \u00e9mergentes"},"content":{"rendered":"<p>La s\u00e9rie\u00a0<em>Smart innovation<\/em>\u00a0pr\u00e9sente les th\u00e8mes li\u00e9s \u00e0 la dynamique technologique, entrepreneuriale, territoriale et \u00e9conomique de l&rsquo;innovation. Elle privil\u00e9gie les approches novatrices des acteurs qui, par leurs comportements, strat\u00e9gies et politiques d&rsquo;innovation intelligente, modifient les mod\u00e8les \u00e9conomiques dans une perspective de croissance durable.<\/p>\n<p>Largement analys\u00e9s dans les \u00e9conomies d\u00e9velopp\u00e9es, les syst\u00e8mes d\u2019innovation le sont beaucoup moins dans celles \u00e9mergentes et dans les pays en d\u00e9veloppement. Le cas des MINT (Mexique, Indon\u00e9sie, Nig\u00e9ria, Turquie) s\u2019av\u00e8re int\u00e9ressant pour d\u00e9finir ce qui caract\u00e9rise ces \u00e9conomies et les distingue r\u00e9ellement.<\/p>\n<p>Les MINT ont des mod\u00e8les de croissance rapide au d\u00e9veloppement laborieux. Si la litt\u00e9rature flatte leurs perspectives de croissance \u00e9conomique ou d\u00e9mographique, l\u2019entr\u00e9e par la voie de l\u2019innovation d\u00e9montre de nombreuses contraintes structurelles et syst\u00e9miques que cet ouvrage propose d\u2019analyser.<\/p>\n<p>Sur un plan th\u00e9orique d\u2019abord,\u00a0<em>Les syst\u00e8mes d\u2019innovation dans les \u00e9conomies \u00e9mergentes<\/em>\u00a0traite de l\u2019\u00e9tat de l\u2019art des travaux SNI (syst\u00e8me national d\u2019innovation) dans les pays en d\u00e9veloppement et plus particuli\u00e8rement dans les pays \u00e9mergents. Puis sur un plan empirique, il analyse l\u2019h\u00e9t\u00e9rog\u00e9n\u00e9it\u00e9 de ces SNI dans les MINT et le r\u00e9el potentiel de ces derniers dans une trajectoire \u00e0 long terme.<\/p>\n","protected":false},"excerpt":{"rendered":"<p>La s\u00e9rie\u00a0Smart innovation\u00a0pr\u00e9sente les th\u00e8mes li\u00e9s \u00e0 la dynamique technologique, entrepreneuriale, territoriale et \u00e9conomique de l&rsquo;innovation. Elle privil\u00e9gie les approches novatrices des acteurs qui, par leurs comportements, strat\u00e9gies et politiques d&rsquo;innovation intelligente, modifient les mod\u00e8les \u00e9conomiques dans une perspective de croissance durable. Largement analys\u00e9s dans les \u00e9conomies d\u00e9velopp\u00e9es, les syst\u00e8mes d\u2019innovation le sont beaucoup moins [&hellip;]<\/p>\n","protected":false},"featured_media":11399,"template":"","meta":{"_acf_changed":false,"_links_to":"","_links_to_target":""},"product_brand":[],"product_cat":[3262],"product_tag":[],"class_list":{"0":"post-11395","1":"product","2":"type-product","3":"status-publish","4":"has-post-thumbnail","6":"product_cat-non-classe","8":"first","9":"instock","10":"shipping-taxable","11":"purchasable","12":"product-type-variable"},"acf":[],"yoast_head":"<!-- This site is optimized with the Yoast SEO plugin v27.2 - https:\/\/yoast.com\/product\/yoast-seo-wordpress\/ -->\n<title>Les syst\u00e8mes d\u2019innovation dans les \u00e9conomies \u00e9mergentes - ISTE Group<\/title>\n<meta name=\"description\" content=\"Sur un plan th\u00e9orique d\u2019abord,\u00a0Les syst\u00e8mes d\u2019innovation dans les \u00e9conomies \u00e9mergentes\u00a0traite de l\u2019\u00e9tat de l\u2019art des travaux SNI (syst\u00e8me national d\u2019innovation) dans les pays en d\u00e9veloppement et plus particuli\u00e8rement dans les pays \u00e9mergents.\" \/>\n<meta name=\"robots\" content=\"index, follow, max-snippet:-1, max-image-preview:large, max-video-preview:-1\" \/>\n<link rel=\"canonical\" href=\"https:\/\/www.istegroup.com\/en\/produit\/les-systemes-dinnovation-dans-les-economies-emergentes\/\" \/>\n<meta property=\"og:locale\" content=\"fr_FR\" \/>\n<meta property=\"og:type\" content=\"article\" \/>\n<meta property=\"og:title\" content=\"Les syst\u00e8mes d\u2019innovation dans les \u00e9conomies \u00e9mergentes - ISTE Group\" \/>\n<meta property=\"og:description\" content=\"Sur un plan th\u00e9orique d\u2019abord,\u00a0Les syst\u00e8mes d\u2019innovation dans les \u00e9conomies \u00e9mergentes\u00a0traite de l\u2019\u00e9tat de l\u2019art des travaux SNI (syst\u00e8me national d\u2019innovation) dans les pays en d\u00e9veloppement et plus particuli\u00e8rement dans les pays \u00e9mergents.\" \/>\n<meta property=\"og:url\" content=\"https:\/\/www.istegroup.com\/en\/produit\/les-systemes-dinnovation-dans-les-economies-emergentes\/\" \/>\n<meta property=\"og:site_name\" content=\"ISTE Group\" \/>\n<meta property=\"article:modified_time\" content=\"2024-01-03T13:41:31+00:00\" \/>\n<meta property=\"og:image\" content=\"https:\/\/www.istegroup.com\/wp-content\/uploads\/2018\/03\/Casadella_Front-scaled.jpg\" \/>\n\t<meta property=\"og:image:width\" content=\"1628\" \/>\n\t<meta property=\"og:image:height\" content=\"2560\" \/>\n\t<meta property=\"og:image:type\" content=\"image\/jpeg\" \/>\n<meta name=\"twitter:card\" content=\"summary_large_image\" \/>\n<meta name=\"twitter:label1\" content=\"Est. reading time\" \/>\n\t<meta name=\"twitter:data1\" content=\"1 minute\" \/>\n<script type=\"application\/ld+json\" class=\"yoast-schema-graph\">{\"@context\":\"https:\/\/schema.org\",\"@graph\":[{\"@type\":\"WebPage\",\"@id\":\"https:\/\/www.istegroup.com\/en\/produit\/les-systemes-dinnovation-dans-les-economies-emergentes\/\",\"url\":\"https:\/\/www.istegroup.com\/en\/produit\/les-systemes-dinnovation-dans-les-economies-emergentes\/\",\"name\":\"Les syst\u00e8mes d\u2019innovation dans les \u00e9conomies \u00e9mergentes - ISTE Group\",\"isPartOf\":{\"@id\":\"https:\/\/www.istegroup.com\/#website\"},\"primaryImageOfPage\":{\"@id\":\"https:\/\/www.istegroup.com\/en\/produit\/les-systemes-dinnovation-dans-les-economies-emergentes\/#primaryimage\"},\"image\":{\"@id\":\"https:\/\/www.istegroup.com\/en\/produit\/les-systemes-dinnovation-dans-les-economies-emergentes\/#primaryimage\"},\"thumbnailUrl\":\"https:\/\/www.istegroup.com\/wp-content\/uploads\/2018\/03\/Casadella_Front-scaled.jpg\",\"datePublished\":\"2018-03-26T16:04:22+00:00\",\"dateModified\":\"2024-01-03T13:41:31+00:00\",\"description\":\"Sur un plan th\u00e9orique d\u2019abord,\u00a0Les syst\u00e8mes d\u2019innovation dans les \u00e9conomies \u00e9mergentes\u00a0traite de l\u2019\u00e9tat de l\u2019art des travaux SNI (syst\u00e8me national d\u2019innovation) dans les pays en d\u00e9veloppement et plus particuli\u00e8rement dans les pays \u00e9mergents.\",\"breadcrumb\":{\"@id\":\"https:\/\/www.istegroup.com\/en\/produit\/les-systemes-dinnovation-dans-les-economies-emergentes\/#breadcrumb\"},\"inLanguage\":\"fr-FR\",\"potentialAction\":[{\"@type\":\"ReadAction\",\"target\":[\"https:\/\/www.istegroup.com\/en\/produit\/les-systemes-dinnovation-dans-les-economies-emergentes\/\"]}]},{\"@type\":\"ImageObject\",\"inLanguage\":\"fr-FR\",\"@id\":\"https:\/\/www.istegroup.com\/en\/produit\/les-systemes-dinnovation-dans-les-economies-emergentes\/#primaryimage\",\"url\":\"https:\/\/www.istegroup.com\/wp-content\/uploads\/2018\/03\/Casadella_Front-scaled.jpg\",\"contentUrl\":\"https:\/\/www.istegroup.com\/wp-content\/uploads\/2018\/03\/Casadella_Front-scaled.jpg\",\"width\":1628,\"height\":2560,\"caption\":\"Le cas des MINT : Mexique, Indon\u00e9sie, Nig\u00e9ria, Turquie\"},{\"@type\":\"BreadcrumbList\",\"@id\":\"https:\/\/www.istegroup.com\/en\/produit\/les-systemes-dinnovation-dans-les-economies-emergentes\/#breadcrumb\",\"itemListElement\":[{\"@type\":\"ListItem\",\"position\":1,\"name\":\"Home\",\"item\":\"https:\/\/www.istegroup.com\/\"},{\"@type\":\"ListItem\",\"position\":2,\"name\":\"Shop\",\"item\":\"https:\/\/www.istegroup.com\/fr\/nouveautes\/\"},{\"@type\":\"ListItem\",\"position\":3,\"name\":\"Les syst\u00e8mes d\u2019innovation dans les \u00e9conomies \u00e9mergentes\"}]},{\"@type\":\"WebSite\",\"@id\":\"https:\/\/www.istegroup.com\/#website\",\"url\":\"https:\/\/www.istegroup.com\/\",\"name\":\"ISTE Group\",\"description\":\"\u00c9diteur des Sciences\",\"potentialAction\":[{\"@type\":\"SearchAction\",\"target\":{\"@type\":\"EntryPoint\",\"urlTemplate\":\"https:\/\/www.istegroup.com\/?s={search_term_string}\"},\"query-input\":{\"@type\":\"PropertyValueSpecification\",\"valueRequired\":true,\"valueName\":\"search_term_string\"}}],\"inLanguage\":\"fr-FR\"}]}<\/script>\n<!-- \/ Yoast SEO plugin. -->","yoast_head_json":{"title":"Les syst\u00e8mes d\u2019innovation dans les \u00e9conomies \u00e9mergentes - ISTE Group","description":"Sur un plan th\u00e9orique d\u2019abord,\u00a0Les syst\u00e8mes d\u2019innovation dans les \u00e9conomies \u00e9mergentes\u00a0traite de l\u2019\u00e9tat de l\u2019art des travaux SNI (syst\u00e8me national d\u2019innovation) dans les pays en d\u00e9veloppement et plus particuli\u00e8rement dans les pays \u00e9mergents.","robots":{"index":"index","follow":"follow","max-snippet":"max-snippet:-1","max-image-preview":"max-image-preview:large","max-video-preview":"max-video-preview:-1"},"canonical":"https:\/\/www.istegroup.com\/en\/produit\/les-systemes-dinnovation-dans-les-economies-emergentes\/","og_locale":"fr_FR","og_type":"article","og_title":"Les syst\u00e8mes d\u2019innovation dans les \u00e9conomies \u00e9mergentes - ISTE Group","og_description":"Sur un plan th\u00e9orique d\u2019abord,\u00a0Les syst\u00e8mes d\u2019innovation dans les \u00e9conomies \u00e9mergentes\u00a0traite de l\u2019\u00e9tat de l\u2019art des travaux SNI (syst\u00e8me national d\u2019innovation) dans les pays en d\u00e9veloppement et plus particuli\u00e8rement dans les pays \u00e9mergents.","og_url":"https:\/\/www.istegroup.com\/en\/produit\/les-systemes-dinnovation-dans-les-economies-emergentes\/","og_site_name":"ISTE Group","article_modified_time":"2024-01-03T13:41:31+00:00","og_image":[{"width":1628,"height":2560,"url":"https:\/\/www.istegroup.com\/wp-content\/uploads\/2018\/03\/Casadella_Front-scaled.jpg","type":"image\/jpeg"}],"twitter_card":"summary_large_image","twitter_misc":{"Est. reading time":"1 minute"},"schema":{"@context":"https:\/\/schema.org","@graph":[{"@type":"WebPage","@id":"https:\/\/www.istegroup.com\/en\/produit\/les-systemes-dinnovation-dans-les-economies-emergentes\/","url":"https:\/\/www.istegroup.com\/en\/produit\/les-systemes-dinnovation-dans-les-economies-emergentes\/","name":"Les syst\u00e8mes d\u2019innovation dans les \u00e9conomies \u00e9mergentes - ISTE Group","isPartOf":{"@id":"https:\/\/www.istegroup.com\/#website"},"primaryImageOfPage":{"@id":"https:\/\/www.istegroup.com\/en\/produit\/les-systemes-dinnovation-dans-les-economies-emergentes\/#primaryimage"},"image":{"@id":"https:\/\/www.istegroup.com\/en\/produit\/les-systemes-dinnovation-dans-les-economies-emergentes\/#primaryimage"},"thumbnailUrl":"https:\/\/www.istegroup.com\/wp-content\/uploads\/2018\/03\/Casadella_Front-scaled.jpg","datePublished":"2018-03-26T16:04:22+00:00","dateModified":"2024-01-03T13:41:31+00:00","description":"Sur un plan th\u00e9orique d\u2019abord,\u00a0Les syst\u00e8mes d\u2019innovation dans les \u00e9conomies \u00e9mergentes\u00a0traite de l\u2019\u00e9tat de l\u2019art des travaux SNI (syst\u00e8me national d\u2019innovation) dans les pays en d\u00e9veloppement et plus particuli\u00e8rement dans les pays \u00e9mergents.","breadcrumb":{"@id":"https:\/\/www.istegroup.com\/en\/produit\/les-systemes-dinnovation-dans-les-economies-emergentes\/#breadcrumb"},"inLanguage":"fr-FR","potentialAction":[{"@type":"ReadAction","target":["https:\/\/www.istegroup.com\/en\/produit\/les-systemes-dinnovation-dans-les-economies-emergentes\/"]}]},{"@type":"ImageObject","inLanguage":"fr-FR","@id":"https:\/\/www.istegroup.com\/en\/produit\/les-systemes-dinnovation-dans-les-economies-emergentes\/#primaryimage","url":"https:\/\/www.istegroup.com\/wp-content\/uploads\/2018\/03\/Casadella_Front-scaled.jpg","contentUrl":"https:\/\/www.istegroup.com\/wp-content\/uploads\/2018\/03\/Casadella_Front-scaled.jpg","width":1628,"height":2560,"caption":"Le cas des MINT : Mexique, Indon\u00e9sie, Nig\u00e9ria, Turquie"},{"@type":"BreadcrumbList","@id":"https:\/\/www.istegroup.com\/en\/produit\/les-systemes-dinnovation-dans-les-economies-emergentes\/#breadcrumb","itemListElement":[{"@type":"ListItem","position":1,"name":"Home","item":"https:\/\/www.istegroup.com\/"},{"@type":"ListItem","position":2,"name":"Shop","item":"https:\/\/www.istegroup.com\/fr\/nouveautes\/"},{"@type":"ListItem","position":3,"name":"Les syst\u00e8mes d\u2019innovation dans les \u00e9conomies \u00e9mergentes"}]},{"@type":"WebSite","@id":"https:\/\/www.istegroup.com\/#website","url":"https:\/\/www.istegroup.com\/","name":"ISTE Group","description":"\u00c9diteur des Sciences","potentialAction":[{"@type":"SearchAction","target":{"@type":"EntryPoint","urlTemplate":"https:\/\/www.istegroup.com\/?s={search_term_string}"},"query-input":{"@type":"PropertyValueSpecification","valueRequired":true,"valueName":"search_term_string"}}],"inLanguage":"fr-FR"}]}},"_links":{"self":[{"href":"https:\/\/www.istegroup.com\/fr\/wp-json\/wp\/v2\/product\/11395","targetHints":{"allow":["GET"]}}],"collection":[{"href":"https:\/\/www.istegroup.com\/fr\/wp-json\/wp\/v2\/product"}],"about":[{"href":"https:\/\/www.istegroup.com\/fr\/wp-json\/wp\/v2\/types\/product"}],"wp:featuredmedia":[{"embeddable":true,"href":"https:\/\/www.istegroup.com\/fr\/wp-json\/wp\/v2\/media\/11399"}],"wp:attachment":[{"href":"https:\/\/www.istegroup.com\/fr\/wp-json\/wp\/v2\/media?parent=11395"}],"wp:term":[{"taxonomy":"product_brand","embeddable":true,"href":"https:\/\/www.istegroup.com\/fr\/wp-json\/wp\/v2\/product_brand?post=11395"},{"taxonomy":"product_cat","embeddable":true,"href":"https:\/\/www.istegroup.com\/fr\/wp-json\/wp\/v2\/product_cat?post=11395"},{"taxonomy":"product_tag","embeddable":true,"href":"https:\/\/www.istegroup.com\/fr\/wp-json\/wp\/v2\/product_tag?post=11395"}],"curies":[{"name":"wp","href":"https:\/\/api.w.org\/{rel}","templated":true}]}}