{"id":11379,"date":"2018-02-26T17:51:55","date_gmt":"2018-02-26T16:51:55","guid":{"rendered":"https:\/\/iste.yhello.co\/?post_type=product&#038;p=11379"},"modified":"2024-01-03T13:41:30","modified_gmt":"2024-01-03T13:41:30","slug":"propriete-intellectuelle-et-protection-de-linnovation","status":"publish","type":"product","link":"https:\/\/www.istegroup.com\/fr\/produit\/propriete-intellectuelle-et-protection-de-linnovation\/","title":{"rendered":"Propri\u00e9t\u00e9 intellectuelle et protection de l\u2019innovation"},"content":{"rendered":"<p>Le recours aux droits de propri\u00e9t\u00e9 intellectuelle rencontre un succ\u00e8s plan\u00e9taire mais souvent en d\u00e9calage par rapport aux besoins de protection de l\u2019innovation. En t\u00e9moignent la prolif\u00e9ration de brevets litigieux, mais aussi le co\u00fbt des licences, le comportement pr\u00e9dateur des trolls de brevets ou encore les innombrables atteintes au droit d\u2019auteur.<\/p>\n<p>Les pratiques qui se sont d\u00e9velopp\u00e9es r\u00e9cemment vont bien au-del\u00e0 du r\u00f4le traditionnel de protection de l\u2019innovation fond\u00e9 sur le droit \u00e0 exclure. Les pouvoirs publics ont pris conscience de l\u2019importance des besoins de r\u00e9forme. Cependant, beaucoup reste \u00e0 faire pour am\u00e9liorer la mani\u00e8re dont la propri\u00e9t\u00e9 intellectuelle contribue \u00e0 l\u2019essor des nouvelles formes d\u2019innovation.<\/p>\n<p><em>Propri\u00e9t\u00e9 intellectuelle et protection de l\u2019innovation<\/em>\u00a0analyse cette lancinante question : au nom de l\u2019innovation, faut-il plut\u00f4t abolir les droits de propri\u00e9t\u00e9 intellectuelle, s\u2019en tenir au statu quo, ou r\u00e9former le syst\u00e8me ? Cet ouvrage plaide pour la r\u00e9forme et en esquisse les principaux axes.<\/p>\n","protected":false},"excerpt":{"rendered":"<p>Le recours aux droits de propri\u00e9t\u00e9 intellectuelle rencontre un succ\u00e8s plan\u00e9taire mais souvent en d\u00e9calage par rapport aux besoins de protection de l\u2019innovation. En t\u00e9moignent la prolif\u00e9ration de brevets litigieux, mais aussi le co\u00fbt des licences, le comportement pr\u00e9dateur des trolls de brevets ou encore les innombrables atteintes au droit d\u2019auteur. Les pratiques qui se [&hellip;]<\/p>\n","protected":false},"featured_media":11383,"template":"","meta":{"_acf_changed":false,"_links_to":"","_links_to_target":""},"product_brand":[],"product_cat":[3262],"product_tag":[],"class_list":{"0":"post-11379","1":"product","2":"type-product","3":"status-publish","4":"has-post-thumbnail","6":"product_cat-non-classe","8":"first","9":"instock","10":"shipping-taxable","11":"purchasable","12":"product-type-variable"},"acf":[],"yoast_head":"<!-- This site is optimized with the Yoast SEO plugin v27.2 - https:\/\/yoast.com\/product\/yoast-seo-wordpress\/ -->\n<title>Propri\u00e9t\u00e9 intellectuelle et protection de l\u2019innovation - ISTE Group<\/title>\n<meta name=\"description\" content=\"Propri\u00e9t\u00e9 intellectuelle et protection de l\u2019innovation\u00a0analyse cette lancinante question : au nom de l\u2019innovation, faut-il plut\u00f4t abolir les droits de propri\u00e9t\u00e9 intellectuelle, s\u2019en tenir au statu quo, ou r\u00e9former le syst\u00e8me ? Cet ouvrage plaide pour la r\u00e9forme et en esquisse les principaux axes.\" \/>\n<meta name=\"robots\" content=\"index, follow, max-snippet:-1, max-image-preview:large, max-video-preview:-1\" \/>\n<link rel=\"canonical\" href=\"https:\/\/www.istegroup.com\/en\/produit\/propriete-intellectuelle-et-protection-de-linnovation\/\" \/>\n<meta property=\"og:locale\" content=\"fr_FR\" \/>\n<meta property=\"og:type\" content=\"article\" \/>\n<meta property=\"og:title\" content=\"Propri\u00e9t\u00e9 intellectuelle et protection de l\u2019innovation - ISTE Group\" \/>\n<meta property=\"og:description\" content=\"Propri\u00e9t\u00e9 intellectuelle et protection de l\u2019innovation\u00a0analyse cette lancinante question : au nom de l\u2019innovation, faut-il plut\u00f4t abolir les droits de propri\u00e9t\u00e9 intellectuelle, s\u2019en tenir au statu quo, ou r\u00e9former le syst\u00e8me ? Cet ouvrage plaide pour la r\u00e9forme et en esquisse les principaux axes.\" \/>\n<meta property=\"og:url\" content=\"https:\/\/www.istegroup.com\/en\/produit\/propriete-intellectuelle-et-protection-de-linnovation\/\" \/>\n<meta property=\"og:site_name\" content=\"ISTE Group\" \/>\n<meta property=\"article:modified_time\" content=\"2024-01-03T13:41:30+00:00\" \/>\n<meta property=\"og:image\" content=\"https:\/\/www.istegroup.com\/wp-content\/uploads\/2018\/03\/Lallement_Front-scaled.jpg\" \/>\n\t<meta property=\"og:image:width\" content=\"1639\" \/>\n\t<meta property=\"og:image:height\" content=\"2560\" \/>\n\t<meta property=\"og:image:type\" content=\"image\/jpeg\" \/>\n<meta name=\"twitter:card\" content=\"summary_large_image\" \/>\n<meta name=\"twitter:label1\" content=\"Est. reading time\" \/>\n\t<meta name=\"twitter:data1\" content=\"1 minute\" \/>\n<script type=\"application\/ld+json\" class=\"yoast-schema-graph\">{\"@context\":\"https:\/\/schema.org\",\"@graph\":[{\"@type\":\"WebPage\",\"@id\":\"https:\/\/www.istegroup.com\/en\/produit\/propriete-intellectuelle-et-protection-de-linnovation\/\",\"url\":\"https:\/\/www.istegroup.com\/en\/produit\/propriete-intellectuelle-et-protection-de-linnovation\/\",\"name\":\"Propri\u00e9t\u00e9 intellectuelle et protection de l\u2019innovation - ISTE Group\",\"isPartOf\":{\"@id\":\"https:\/\/www.istegroup.com\/#website\"},\"primaryImageOfPage\":{\"@id\":\"https:\/\/www.istegroup.com\/en\/produit\/propriete-intellectuelle-et-protection-de-linnovation\/#primaryimage\"},\"image\":{\"@id\":\"https:\/\/www.istegroup.com\/en\/produit\/propriete-intellectuelle-et-protection-de-linnovation\/#primaryimage\"},\"thumbnailUrl\":\"https:\/\/www.istegroup.com\/wp-content\/uploads\/2018\/03\/Lallement_Front-scaled.jpg\",\"datePublished\":\"2018-02-26T16:51:55+00:00\",\"dateModified\":\"2024-01-03T13:41:30+00:00\",\"description\":\"Propri\u00e9t\u00e9 intellectuelle et protection de l\u2019innovation\u00a0analyse cette lancinante question : au nom de l\u2019innovation, faut-il plut\u00f4t abolir les droits de propri\u00e9t\u00e9 intellectuelle, s\u2019en tenir au statu quo, ou r\u00e9former le syst\u00e8me ? Cet ouvrage plaide pour la r\u00e9forme et en esquisse les principaux axes.\",\"breadcrumb\":{\"@id\":\"https:\/\/www.istegroup.com\/en\/produit\/propriete-intellectuelle-et-protection-de-linnovation\/#breadcrumb\"},\"inLanguage\":\"fr-FR\",\"potentialAction\":[{\"@type\":\"ReadAction\",\"target\":[\"https:\/\/www.istegroup.com\/en\/produit\/propriete-intellectuelle-et-protection-de-linnovation\/\"]}]},{\"@type\":\"ImageObject\",\"inLanguage\":\"fr-FR\",\"@id\":\"https:\/\/www.istegroup.com\/en\/produit\/propriete-intellectuelle-et-protection-de-linnovation\/#primaryimage\",\"url\":\"https:\/\/www.istegroup.com\/wp-content\/uploads\/2018\/03\/Lallement_Front-scaled.jpg\",\"contentUrl\":\"https:\/\/www.istegroup.com\/wp-content\/uploads\/2018\/03\/Lallement_Front-scaled.jpg\",\"width\":1639,\"height\":2560,\"caption\":\"Pratiques et enjeux de r\u00e9gulation\"},{\"@type\":\"BreadcrumbList\",\"@id\":\"https:\/\/www.istegroup.com\/en\/produit\/propriete-intellectuelle-et-protection-de-linnovation\/#breadcrumb\",\"itemListElement\":[{\"@type\":\"ListItem\",\"position\":1,\"name\":\"Home\",\"item\":\"https:\/\/www.istegroup.com\/\"},{\"@type\":\"ListItem\",\"position\":2,\"name\":\"Shop\",\"item\":\"https:\/\/www.istegroup.com\/fr\/nouveautes\/\"},{\"@type\":\"ListItem\",\"position\":3,\"name\":\"Propri\u00e9t\u00e9 intellectuelle et protection de l\u2019innovation\"}]},{\"@type\":\"WebSite\",\"@id\":\"https:\/\/www.istegroup.com\/#website\",\"url\":\"https:\/\/www.istegroup.com\/\",\"name\":\"ISTE Group\",\"description\":\"\u00c9diteur des Sciences\",\"potentialAction\":[{\"@type\":\"SearchAction\",\"target\":{\"@type\":\"EntryPoint\",\"urlTemplate\":\"https:\/\/www.istegroup.com\/?s={search_term_string}\"},\"query-input\":{\"@type\":\"PropertyValueSpecification\",\"valueRequired\":true,\"valueName\":\"search_term_string\"}}],\"inLanguage\":\"fr-FR\"}]}<\/script>\n<!-- \/ Yoast SEO plugin. -->","yoast_head_json":{"title":"Propri\u00e9t\u00e9 intellectuelle et protection de l\u2019innovation - ISTE Group","description":"Propri\u00e9t\u00e9 intellectuelle et protection de l\u2019innovation\u00a0analyse cette lancinante question : au nom de l\u2019innovation, faut-il plut\u00f4t abolir les droits de propri\u00e9t\u00e9 intellectuelle, s\u2019en tenir au statu quo, ou r\u00e9former le syst\u00e8me ? Cet ouvrage plaide pour la r\u00e9forme et en esquisse les principaux axes.","robots":{"index":"index","follow":"follow","max-snippet":"max-snippet:-1","max-image-preview":"max-image-preview:large","max-video-preview":"max-video-preview:-1"},"canonical":"https:\/\/www.istegroup.com\/en\/produit\/propriete-intellectuelle-et-protection-de-linnovation\/","og_locale":"fr_FR","og_type":"article","og_title":"Propri\u00e9t\u00e9 intellectuelle et protection de l\u2019innovation - ISTE Group","og_description":"Propri\u00e9t\u00e9 intellectuelle et protection de l\u2019innovation\u00a0analyse cette lancinante question : au nom de l\u2019innovation, faut-il plut\u00f4t abolir les droits de propri\u00e9t\u00e9 intellectuelle, s\u2019en tenir au statu quo, ou r\u00e9former le syst\u00e8me ? Cet ouvrage plaide pour la r\u00e9forme et en esquisse les principaux axes.","og_url":"https:\/\/www.istegroup.com\/en\/produit\/propriete-intellectuelle-et-protection-de-linnovation\/","og_site_name":"ISTE Group","article_modified_time":"2024-01-03T13:41:30+00:00","og_image":[{"width":1639,"height":2560,"url":"https:\/\/www.istegroup.com\/wp-content\/uploads\/2018\/03\/Lallement_Front-scaled.jpg","type":"image\/jpeg"}],"twitter_card":"summary_large_image","twitter_misc":{"Est. reading time":"1 minute"},"schema":{"@context":"https:\/\/schema.org","@graph":[{"@type":"WebPage","@id":"https:\/\/www.istegroup.com\/en\/produit\/propriete-intellectuelle-et-protection-de-linnovation\/","url":"https:\/\/www.istegroup.com\/en\/produit\/propriete-intellectuelle-et-protection-de-linnovation\/","name":"Propri\u00e9t\u00e9 intellectuelle et protection de l\u2019innovation - ISTE Group","isPartOf":{"@id":"https:\/\/www.istegroup.com\/#website"},"primaryImageOfPage":{"@id":"https:\/\/www.istegroup.com\/en\/produit\/propriete-intellectuelle-et-protection-de-linnovation\/#primaryimage"},"image":{"@id":"https:\/\/www.istegroup.com\/en\/produit\/propriete-intellectuelle-et-protection-de-linnovation\/#primaryimage"},"thumbnailUrl":"https:\/\/www.istegroup.com\/wp-content\/uploads\/2018\/03\/Lallement_Front-scaled.jpg","datePublished":"2018-02-26T16:51:55+00:00","dateModified":"2024-01-03T13:41:30+00:00","description":"Propri\u00e9t\u00e9 intellectuelle et protection de l\u2019innovation\u00a0analyse cette lancinante question : au nom de l\u2019innovation, faut-il plut\u00f4t abolir les droits de propri\u00e9t\u00e9 intellectuelle, s\u2019en tenir au statu quo, ou r\u00e9former le syst\u00e8me ? Cet ouvrage plaide pour la r\u00e9forme et en esquisse les principaux axes.","breadcrumb":{"@id":"https:\/\/www.istegroup.com\/en\/produit\/propriete-intellectuelle-et-protection-de-linnovation\/#breadcrumb"},"inLanguage":"fr-FR","potentialAction":[{"@type":"ReadAction","target":["https:\/\/www.istegroup.com\/en\/produit\/propriete-intellectuelle-et-protection-de-linnovation\/"]}]},{"@type":"ImageObject","inLanguage":"fr-FR","@id":"https:\/\/www.istegroup.com\/en\/produit\/propriete-intellectuelle-et-protection-de-linnovation\/#primaryimage","url":"https:\/\/www.istegroup.com\/wp-content\/uploads\/2018\/03\/Lallement_Front-scaled.jpg","contentUrl":"https:\/\/www.istegroup.com\/wp-content\/uploads\/2018\/03\/Lallement_Front-scaled.jpg","width":1639,"height":2560,"caption":"Pratiques et enjeux de r\u00e9gulation"},{"@type":"BreadcrumbList","@id":"https:\/\/www.istegroup.com\/en\/produit\/propriete-intellectuelle-et-protection-de-linnovation\/#breadcrumb","itemListElement":[{"@type":"ListItem","position":1,"name":"Home","item":"https:\/\/www.istegroup.com\/"},{"@type":"ListItem","position":2,"name":"Shop","item":"https:\/\/www.istegroup.com\/fr\/nouveautes\/"},{"@type":"ListItem","position":3,"name":"Propri\u00e9t\u00e9 intellectuelle et protection de l\u2019innovation"}]},{"@type":"WebSite","@id":"https:\/\/www.istegroup.com\/#website","url":"https:\/\/www.istegroup.com\/","name":"ISTE Group","description":"\u00c9diteur des Sciences","potentialAction":[{"@type":"SearchAction","target":{"@type":"EntryPoint","urlTemplate":"https:\/\/www.istegroup.com\/?s={search_term_string}"},"query-input":{"@type":"PropertyValueSpecification","valueRequired":true,"valueName":"search_term_string"}}],"inLanguage":"fr-FR"}]}},"_links":{"self":[{"href":"https:\/\/www.istegroup.com\/fr\/wp-json\/wp\/v2\/product\/11379","targetHints":{"allow":["GET"]}}],"collection":[{"href":"https:\/\/www.istegroup.com\/fr\/wp-json\/wp\/v2\/product"}],"about":[{"href":"https:\/\/www.istegroup.com\/fr\/wp-json\/wp\/v2\/types\/product"}],"wp:featuredmedia":[{"embeddable":true,"href":"https:\/\/www.istegroup.com\/fr\/wp-json\/wp\/v2\/media\/11383"}],"wp:attachment":[{"href":"https:\/\/www.istegroup.com\/fr\/wp-json\/wp\/v2\/media?parent=11379"}],"wp:term":[{"taxonomy":"product_brand","embeddable":true,"href":"https:\/\/www.istegroup.com\/fr\/wp-json\/wp\/v2\/product_brand?post=11379"},{"taxonomy":"product_cat","embeddable":true,"href":"https:\/\/www.istegroup.com\/fr\/wp-json\/wp\/v2\/product_cat?post=11379"},{"taxonomy":"product_tag","embeddable":true,"href":"https:\/\/www.istegroup.com\/fr\/wp-json\/wp\/v2\/product_tag?post=11379"}],"curies":[{"name":"wp","href":"https:\/\/api.w.org\/{rel}","templated":true}]}}