{"id":11361,"date":"2018-03-26T16:24:20","date_gmt":"2018-03-26T14:24:20","guid":{"rendered":"https:\/\/iste.yhello.co\/?post_type=product&#038;p=11361"},"modified":"2025-03-04T09:18:18","modified_gmt":"2025-03-04T09:18:18","slug":"fiabilite-des-systemes-mecatroniques-de-forte-puissance-1","status":"publish","type":"product","link":"https:\/\/www.istegroup.com\/fr\/produit\/fiabilite-des-systemes-mecatroniques-de-forte-puissance-1\/","title":{"rendered":"Fiabilit\u00e9 des syst\u00e8mes m\u00e9catroniques de forte puissance 1"},"content":{"rendered":"<p>Ce premier ouvrage d\u00e9di\u00e9 \u00e0 la fiabilit\u00e9 des syst\u00e8mes m\u00e9catroniques de forte puissance traite de la m\u00e9catronique embarqu\u00e9e, technologie qui combine la m\u00e9canique, l\u2019\u00e9lectronique, le logiciel et le contr\u00f4le commande, et \u00e9l\u00e9ment cl\u00e9 de la comp\u00e9titivit\u00e9 des entreprises.<\/p>\n<p>Dans un contexte de recherche perp\u00e9tuelle d\u2019am\u00e9lioration de la comp\u00e9titivit\u00e9 industrielle,\u00a0<em>Fiabilit\u00e9 des syst\u00e8mes m\u00e9catroniques de forte puissance 1\u00a0<\/em>pr\u00e9sente de nouvelles m\u00e9thodes permettant de concevoir plus vite et \u00e0 moindre co\u00fbt les futurs dispositifs m\u00e9catroniques de rupture pour les secteurs de l\u2019automobile et de l\u2019a\u00e9ronautique, tout en leur garantissant une fiabilit\u00e9 accrue.<\/p>\n<p>Cette fiabilit\u00e9 est de plus valid\u00e9e num\u00e9riquement par des mod\u00e8les multiphysiques et probabilistes in\u00e9dits qui pourraient \u00e0 terme aboutir \u00e0 de nouveaux standards de conception et de fiabilit\u00e9 pr\u00e9visionnelle.<\/p>\n","protected":false},"excerpt":{"rendered":"<p>Version papier \u00e9puis\u00e9e<\/p>\n","protected":false},"featured_media":11365,"template":"","meta":{"_acf_changed":false,"_links_to":"","_links_to_target":""},"product_brand":[],"product_cat":[3262],"product_tag":[],"class_list":{"0":"post-11361","1":"product","2":"type-product","3":"status-publish","4":"has-post-thumbnail","6":"product_cat-non-classe","8":"first","9":"instock","10":"shipping-taxable","11":"purchasable","12":"product-type-variable"},"acf":[],"yoast_head":"<!-- This site is optimized with the Yoast SEO plugin v27.2 - https:\/\/yoast.com\/product\/yoast-seo-wordpress\/ -->\n<title>Fiabilit\u00e9 des syst\u00e8mes m\u00e9catroniques de forte puissance 1 - ISTE Group<\/title>\n<meta name=\"description\" content=\"Ce premier ouvrage d\u00e9di\u00e9 \u00e0 la fiabilit\u00e9 des syst\u00e8mes m\u00e9catroniques de forte puissance traite de la m\u00e9catronique embarqu\u00e9e, technologie qui combine la m\u00e9canique, l\u2019\u00e9lectronique, le logiciel et le contr\u00f4le commande, et \u00e9l\u00e9ment cl\u00e9 de la comp\u00e9titivit\u00e9 des entreprises.\" \/>\n<meta name=\"robots\" content=\"index, follow, max-snippet:-1, max-image-preview:large, max-video-preview:-1\" \/>\n<link rel=\"canonical\" href=\"https:\/\/www.istegroup.com\/produit\/fiabilite-des-systemes-mecatroniques-de-forte-puissance-1\/\" \/>\n<meta property=\"og:locale\" content=\"fr_FR\" \/>\n<meta property=\"og:type\" content=\"article\" \/>\n<meta property=\"og:title\" content=\"Fiabilit\u00e9 des syst\u00e8mes m\u00e9catroniques de forte puissance 1 - ISTE Group\" \/>\n<meta property=\"og:description\" content=\"Ce premier ouvrage d\u00e9di\u00e9 \u00e0 la fiabilit\u00e9 des syst\u00e8mes m\u00e9catroniques de forte puissance traite de la m\u00e9catronique embarqu\u00e9e, technologie qui combine la m\u00e9canique, l\u2019\u00e9lectronique, le logiciel et le contr\u00f4le commande, et \u00e9l\u00e9ment cl\u00e9 de la comp\u00e9titivit\u00e9 des entreprises.\" \/>\n<meta property=\"og:url\" content=\"https:\/\/www.istegroup.com\/produit\/fiabilite-des-systemes-mecatroniques-de-forte-puissance-1\/\" \/>\n<meta property=\"og:site_name\" content=\"ISTE Group\" \/>\n<meta property=\"article:modified_time\" content=\"2025-03-04T09:18:18+00:00\" \/>\n<meta property=\"og:image\" content=\"https:\/\/www.istegroup.com\/wp-content\/uploads\/2018\/03\/El-Hami-1_Front-scaled.jpg\" \/>\n\t<meta property=\"og:image:width\" content=\"1700\" \/>\n\t<meta property=\"og:image:height\" content=\"2560\" \/>\n\t<meta property=\"og:image:type\" content=\"image\/jpeg\" \/>\n<meta name=\"twitter:card\" content=\"summary_large_image\" \/>\n<meta name=\"twitter:label1\" content=\"Est. reading time\" \/>\n\t<meta name=\"twitter:data1\" content=\"1 minute\" \/>\n<script type=\"application\/ld+json\" class=\"yoast-schema-graph\">{\"@context\":\"https:\/\/schema.org\",\"@graph\":[{\"@type\":\"WebPage\",\"@id\":\"https:\/\/www.istegroup.com\/produit\/fiabilite-des-systemes-mecatroniques-de-forte-puissance-1\/\",\"url\":\"https:\/\/www.istegroup.com\/produit\/fiabilite-des-systemes-mecatroniques-de-forte-puissance-1\/\",\"name\":\"Fiabilit\u00e9 des syst\u00e8mes m\u00e9catroniques de forte puissance 1 - ISTE Group\",\"isPartOf\":{\"@id\":\"https:\/\/www.istegroup.com\/#website\"},\"primaryImageOfPage\":{\"@id\":\"https:\/\/www.istegroup.com\/produit\/fiabilite-des-systemes-mecatroniques-de-forte-puissance-1\/#primaryimage\"},\"image\":{\"@id\":\"https:\/\/www.istegroup.com\/produit\/fiabilite-des-systemes-mecatroniques-de-forte-puissance-1\/#primaryimage\"},\"thumbnailUrl\":\"https:\/\/www.istegroup.com\/wp-content\/uploads\/2018\/03\/El-Hami-1_Front-scaled.jpg\",\"datePublished\":\"2018-03-26T14:24:20+00:00\",\"dateModified\":\"2025-03-04T09:18:18+00:00\",\"description\":\"Ce premier ouvrage d\u00e9di\u00e9 \u00e0 la fiabilit\u00e9 des syst\u00e8mes m\u00e9catroniques de forte puissance traite de la m\u00e9catronique embarqu\u00e9e, technologie qui combine la m\u00e9canique, l\u2019\u00e9lectronique, le logiciel et le contr\u00f4le commande, et \u00e9l\u00e9ment cl\u00e9 de la comp\u00e9titivit\u00e9 des entreprises.\",\"breadcrumb\":{\"@id\":\"https:\/\/www.istegroup.com\/produit\/fiabilite-des-systemes-mecatroniques-de-forte-puissance-1\/#breadcrumb\"},\"inLanguage\":\"fr-FR\",\"potentialAction\":[{\"@type\":\"ReadAction\",\"target\":[\"https:\/\/www.istegroup.com\/produit\/fiabilite-des-systemes-mecatroniques-de-forte-puissance-1\/\"]}]},{\"@type\":\"ImageObject\",\"inLanguage\":\"fr-FR\",\"@id\":\"https:\/\/www.istegroup.com\/produit\/fiabilite-des-systemes-mecatroniques-de-forte-puissance-1\/#primaryimage\",\"url\":\"https:\/\/www.istegroup.com\/wp-content\/uploads\/2018\/03\/El-Hami-1_Front-scaled.jpg\",\"contentUrl\":\"https:\/\/www.istegroup.com\/wp-content\/uploads\/2018\/03\/El-Hami-1_Front-scaled.jpg\",\"width\":1700,\"height\":2560,\"caption\":\"Application automobile et a\u00e9ronautique simulation, mod\u00e9lisation et optimisation\"},{\"@type\":\"BreadcrumbList\",\"@id\":\"https:\/\/www.istegroup.com\/produit\/fiabilite-des-systemes-mecatroniques-de-forte-puissance-1\/#breadcrumb\",\"itemListElement\":[{\"@type\":\"ListItem\",\"position\":1,\"name\":\"Home\",\"item\":\"https:\/\/www.istegroup.com\/\"},{\"@type\":\"ListItem\",\"position\":2,\"name\":\"Shop\",\"item\":\"https:\/\/www.istegroup.com\/fr\/nouveautes\/\"},{\"@type\":\"ListItem\",\"position\":3,\"name\":\"Fiabilit\u00e9 des syst\u00e8mes m\u00e9catroniques de forte puissance 1\"}]},{\"@type\":\"WebSite\",\"@id\":\"https:\/\/www.istegroup.com\/#website\",\"url\":\"https:\/\/www.istegroup.com\/\",\"name\":\"ISTE Group\",\"description\":\"\u00c9diteur des Sciences\",\"potentialAction\":[{\"@type\":\"SearchAction\",\"target\":{\"@type\":\"EntryPoint\",\"urlTemplate\":\"https:\/\/www.istegroup.com\/?s={search_term_string}\"},\"query-input\":{\"@type\":\"PropertyValueSpecification\",\"valueRequired\":true,\"valueName\":\"search_term_string\"}}],\"inLanguage\":\"fr-FR\"}]}<\/script>\n<!-- \/ Yoast SEO plugin. -->","yoast_head_json":{"title":"Fiabilit\u00e9 des syst\u00e8mes m\u00e9catroniques de forte puissance 1 - ISTE Group","description":"Ce premier ouvrage d\u00e9di\u00e9 \u00e0 la fiabilit\u00e9 des syst\u00e8mes m\u00e9catroniques de forte puissance traite de la m\u00e9catronique embarqu\u00e9e, technologie qui combine la m\u00e9canique, l\u2019\u00e9lectronique, le logiciel et le contr\u00f4le commande, et \u00e9l\u00e9ment cl\u00e9 de la comp\u00e9titivit\u00e9 des entreprises.","robots":{"index":"index","follow":"follow","max-snippet":"max-snippet:-1","max-image-preview":"max-image-preview:large","max-video-preview":"max-video-preview:-1"},"canonical":"https:\/\/www.istegroup.com\/produit\/fiabilite-des-systemes-mecatroniques-de-forte-puissance-1\/","og_locale":"fr_FR","og_type":"article","og_title":"Fiabilit\u00e9 des syst\u00e8mes m\u00e9catroniques de forte puissance 1 - ISTE Group","og_description":"Ce premier ouvrage d\u00e9di\u00e9 \u00e0 la fiabilit\u00e9 des syst\u00e8mes m\u00e9catroniques de forte puissance traite de la m\u00e9catronique embarqu\u00e9e, technologie qui combine la m\u00e9canique, l\u2019\u00e9lectronique, le logiciel et le contr\u00f4le commande, et \u00e9l\u00e9ment cl\u00e9 de la comp\u00e9titivit\u00e9 des entreprises.","og_url":"https:\/\/www.istegroup.com\/produit\/fiabilite-des-systemes-mecatroniques-de-forte-puissance-1\/","og_site_name":"ISTE Group","article_modified_time":"2025-03-04T09:18:18+00:00","og_image":[{"width":1700,"height":2560,"url":"https:\/\/www.istegroup.com\/wp-content\/uploads\/2018\/03\/El-Hami-1_Front-scaled.jpg","type":"image\/jpeg"}],"twitter_card":"summary_large_image","twitter_misc":{"Est. reading time":"1 minute"},"schema":{"@context":"https:\/\/schema.org","@graph":[{"@type":"WebPage","@id":"https:\/\/www.istegroup.com\/produit\/fiabilite-des-systemes-mecatroniques-de-forte-puissance-1\/","url":"https:\/\/www.istegroup.com\/produit\/fiabilite-des-systemes-mecatroniques-de-forte-puissance-1\/","name":"Fiabilit\u00e9 des syst\u00e8mes m\u00e9catroniques de forte puissance 1 - ISTE Group","isPartOf":{"@id":"https:\/\/www.istegroup.com\/#website"},"primaryImageOfPage":{"@id":"https:\/\/www.istegroup.com\/produit\/fiabilite-des-systemes-mecatroniques-de-forte-puissance-1\/#primaryimage"},"image":{"@id":"https:\/\/www.istegroup.com\/produit\/fiabilite-des-systemes-mecatroniques-de-forte-puissance-1\/#primaryimage"},"thumbnailUrl":"https:\/\/www.istegroup.com\/wp-content\/uploads\/2018\/03\/El-Hami-1_Front-scaled.jpg","datePublished":"2018-03-26T14:24:20+00:00","dateModified":"2025-03-04T09:18:18+00:00","description":"Ce premier ouvrage d\u00e9di\u00e9 \u00e0 la fiabilit\u00e9 des syst\u00e8mes m\u00e9catroniques de forte puissance traite de la m\u00e9catronique embarqu\u00e9e, technologie qui combine la m\u00e9canique, l\u2019\u00e9lectronique, le logiciel et le contr\u00f4le commande, et \u00e9l\u00e9ment cl\u00e9 de la comp\u00e9titivit\u00e9 des entreprises.","breadcrumb":{"@id":"https:\/\/www.istegroup.com\/produit\/fiabilite-des-systemes-mecatroniques-de-forte-puissance-1\/#breadcrumb"},"inLanguage":"fr-FR","potentialAction":[{"@type":"ReadAction","target":["https:\/\/www.istegroup.com\/produit\/fiabilite-des-systemes-mecatroniques-de-forte-puissance-1\/"]}]},{"@type":"ImageObject","inLanguage":"fr-FR","@id":"https:\/\/www.istegroup.com\/produit\/fiabilite-des-systemes-mecatroniques-de-forte-puissance-1\/#primaryimage","url":"https:\/\/www.istegroup.com\/wp-content\/uploads\/2018\/03\/El-Hami-1_Front-scaled.jpg","contentUrl":"https:\/\/www.istegroup.com\/wp-content\/uploads\/2018\/03\/El-Hami-1_Front-scaled.jpg","width":1700,"height":2560,"caption":"Application automobile et a\u00e9ronautique simulation, mod\u00e9lisation et optimisation"},{"@type":"BreadcrumbList","@id":"https:\/\/www.istegroup.com\/produit\/fiabilite-des-systemes-mecatroniques-de-forte-puissance-1\/#breadcrumb","itemListElement":[{"@type":"ListItem","position":1,"name":"Home","item":"https:\/\/www.istegroup.com\/"},{"@type":"ListItem","position":2,"name":"Shop","item":"https:\/\/www.istegroup.com\/fr\/nouveautes\/"},{"@type":"ListItem","position":3,"name":"Fiabilit\u00e9 des syst\u00e8mes m\u00e9catroniques de forte puissance 1"}]},{"@type":"WebSite","@id":"https:\/\/www.istegroup.com\/#website","url":"https:\/\/www.istegroup.com\/","name":"ISTE Group","description":"\u00c9diteur des Sciences","potentialAction":[{"@type":"SearchAction","target":{"@type":"EntryPoint","urlTemplate":"https:\/\/www.istegroup.com\/?s={search_term_string}"},"query-input":{"@type":"PropertyValueSpecification","valueRequired":true,"valueName":"search_term_string"}}],"inLanguage":"fr-FR"}]}},"_links":{"self":[{"href":"https:\/\/www.istegroup.com\/fr\/wp-json\/wp\/v2\/product\/11361","targetHints":{"allow":["GET"]}}],"collection":[{"href":"https:\/\/www.istegroup.com\/fr\/wp-json\/wp\/v2\/product"}],"about":[{"href":"https:\/\/www.istegroup.com\/fr\/wp-json\/wp\/v2\/types\/product"}],"wp:featuredmedia":[{"embeddable":true,"href":"https:\/\/www.istegroup.com\/fr\/wp-json\/wp\/v2\/media\/11365"}],"wp:attachment":[{"href":"https:\/\/www.istegroup.com\/fr\/wp-json\/wp\/v2\/media?parent=11361"}],"wp:term":[{"taxonomy":"product_brand","embeddable":true,"href":"https:\/\/www.istegroup.com\/fr\/wp-json\/wp\/v2\/product_brand?post=11361"},{"taxonomy":"product_cat","embeddable":true,"href":"https:\/\/www.istegroup.com\/fr\/wp-json\/wp\/v2\/product_cat?post=11361"},{"taxonomy":"product_tag","embeddable":true,"href":"https:\/\/www.istegroup.com\/fr\/wp-json\/wp\/v2\/product_tag?post=11361"}],"curies":[{"name":"wp","href":"https:\/\/api.w.org\/{rel}","templated":true}]}}