{"id":11341,"date":"2018-05-26T15:58:06","date_gmt":"2018-05-26T13:58:06","guid":{"rendered":"https:\/\/iste.yhello.co\/?post_type=product&#038;p=11341"},"modified":"2024-01-03T13:41:25","modified_gmt":"2024-01-03T13:41:25","slug":"rationalite-creative-et-innovation","status":"publish","type":"product","link":"https:\/\/www.istegroup.com\/fr\/produit\/rationalite-creative-et-innovation\/","title":{"rendered":"Rationalit\u00e9 cr\u00e9ative et innovation"},"content":{"rendered":"<p>La s\u00e9rie\u00a0<a href=\"https:\/\/www.istegroup.com\/fr\/series\/smart-innovation\/\"><em>Smart innovation<\/em><\/a>\u00a0pr\u00e9sente les th\u00e8mes li\u00e9s \u00e0 la dynamique technologique, entrepreneuriale, territoriale et \u00e9conomique de l&rsquo;innovation. Elle privil\u00e9gie les approches novatrices des acteurs qui, par leurs comportements, strat\u00e9gies et politiques d&rsquo;innovation intelligente, modifient les mod\u00e8les \u00e9conomiques dans une perspective de croissance durable.<\/p>\n<p>Le constat de d\u00e9part du pr\u00e9sent ouvrage est simple : la multiplication des dispositifs d\u00e9di\u00e9s \u00e0 l\u2019innovation en France ne produit pas les effets escompt\u00e9s. D\u00e8s lors, il s\u2019agit de d\u00e9passer le stade de l\u2019injonction \u00e0 innover pour se doter d\u2019une capacit\u00e9 effective \u00e0 innover.<\/p>\n<p>Cet ouvrage nous invite \u00e0 innover dans notre fa\u00e7on de penser l&rsquo;innovation. Adoptant une perspective artificialiste, l\u2019auteure met l\u2019accent sur la rationalit\u00e9 cr\u00e9ative : une forme de pens\u00e9e qui invite \u00e0 une transgression aventureuse et \u00e9tape indispensable au coeur de l\u2019\u00e9mergence de l\u2019innovation. Est alors pos\u00e9e la question de savoir dans quelle mesure notre syst\u00e8me \u00e9ducatif participe au d\u00e9veloppement d\u2019une telle forme de pens\u00e9e.<\/p>\n<p><em>Rationalit\u00e9 cr\u00e9ative et innovation<\/em>\u00a0permet de s\u2019\u00e9manciper de nombre de mythes qui entourent l\u2019innovation.<\/p>\n","protected":false},"excerpt":{"rendered":"<p>La s\u00e9rie\u00a0Smart innovation\u00a0pr\u00e9sente les th\u00e8mes li\u00e9s \u00e0 la dynamique technologique, entrepreneuriale, territoriale et \u00e9conomique de l&rsquo;innovation. Elle privil\u00e9gie les approches novatrices des acteurs qui, par leurs comportements, strat\u00e9gies et politiques d&rsquo;innovation intelligente, modifient les mod\u00e8les \u00e9conomiques dans une perspective de croissance durable. Le constat de d\u00e9part du pr\u00e9sent ouvrage est simple : la multiplication des [&hellip;]<\/p>\n","protected":false},"featured_media":11345,"template":"","meta":{"_acf_changed":false,"_links_to":"","_links_to_target":""},"product_brand":[],"product_cat":[3262],"product_tag":[],"class_list":{"0":"post-11341","1":"product","2":"type-product","3":"status-publish","4":"has-post-thumbnail","6":"product_cat-non-classe","8":"first","9":"instock","10":"shipping-taxable","11":"purchasable","12":"product-type-variable"},"acf":[],"yoast_head":"<!-- This site is optimized with the Yoast SEO plugin v27.2 - https:\/\/yoast.com\/product\/yoast-seo-wordpress\/ -->\n<title>Rationalit\u00e9 cr\u00e9ative et innovation - ISTE Group<\/title>\n<meta name=\"description\" content=\"Cet ouvrage nous invite \u00e0 innover dans notre fa\u00e7on de penser l&#039;innovation. Adoptant une perspective artificialiste, l\u2019auteure met l\u2019accent sur la rationalit\u00e9 cr\u00e9ative : une forme de pens\u00e9e qui invite \u00e0 une transgression aventureuse et \u00e9tape indispensable au coeur de l\u2019\u00e9mergence de l\u2019innovation.\" \/>\n<meta name=\"robots\" content=\"index, follow, max-snippet:-1, max-image-preview:large, max-video-preview:-1\" \/>\n<link rel=\"canonical\" href=\"https:\/\/www.istegroup.com\/fr\/produit\/rationalite-creative-et-innovation\/\" \/>\n<meta property=\"og:locale\" content=\"fr_FR\" \/>\n<meta property=\"og:type\" content=\"article\" \/>\n<meta property=\"og:title\" content=\"Rationalit\u00e9 cr\u00e9ative et innovation - ISTE Group\" \/>\n<meta property=\"og:description\" content=\"Cet ouvrage nous invite \u00e0 innover dans notre fa\u00e7on de penser l&#039;innovation. Adoptant une perspective artificialiste, l\u2019auteure met l\u2019accent sur la rationalit\u00e9 cr\u00e9ative : une forme de pens\u00e9e qui invite \u00e0 une transgression aventureuse et \u00e9tape indispensable au coeur de l\u2019\u00e9mergence de l\u2019innovation.\" \/>\n<meta property=\"og:url\" content=\"https:\/\/www.istegroup.com\/fr\/produit\/rationalite-creative-et-innovation\/\" \/>\n<meta property=\"og:site_name\" content=\"ISTE Group\" \/>\n<meta property=\"article:modified_time\" content=\"2024-01-03T13:41:25+00:00\" \/>\n<meta property=\"og:image\" content=\"https:\/\/www.istegroup.com\/wp-content\/uploads\/2018\/03\/Forest_Front-scaled.jpg\" \/>\n\t<meta property=\"og:image:width\" content=\"1629\" \/>\n\t<meta property=\"og:image:height\" content=\"2560\" \/>\n\t<meta property=\"og:image:type\" content=\"image\/jpeg\" \/>\n<meta name=\"twitter:card\" content=\"summary_large_image\" \/>\n<meta name=\"twitter:label1\" content=\"Est. reading time\" \/>\n\t<meta name=\"twitter:data1\" content=\"1 minute\" \/>\n<script type=\"application\/ld+json\" class=\"yoast-schema-graph\">{\"@context\":\"https:\/\/schema.org\",\"@graph\":[{\"@type\":\"WebPage\",\"@id\":\"https:\/\/www.istegroup.com\/fr\/produit\/rationalite-creative-et-innovation\/\",\"url\":\"https:\/\/www.istegroup.com\/fr\/produit\/rationalite-creative-et-innovation\/\",\"name\":\"Rationalit\u00e9 cr\u00e9ative et innovation - ISTE Group\",\"isPartOf\":{\"@id\":\"https:\/\/www.istegroup.com\/#website\"},\"primaryImageOfPage\":{\"@id\":\"https:\/\/www.istegroup.com\/fr\/produit\/rationalite-creative-et-innovation\/#primaryimage\"},\"image\":{\"@id\":\"https:\/\/www.istegroup.com\/fr\/produit\/rationalite-creative-et-innovation\/#primaryimage\"},\"thumbnailUrl\":\"https:\/\/www.istegroup.com\/wp-content\/uploads\/2018\/03\/Forest_Front-scaled.jpg\",\"datePublished\":\"2018-05-26T13:58:06+00:00\",\"dateModified\":\"2024-01-03T13:41:25+00:00\",\"description\":\"Cet ouvrage nous invite \u00e0 innover dans notre fa\u00e7on de penser l'innovation. Adoptant une perspective artificialiste, l\u2019auteure met l\u2019accent sur la rationalit\u00e9 cr\u00e9ative : une forme de pens\u00e9e qui invite \u00e0 une transgression aventureuse et \u00e9tape indispensable au coeur de l\u2019\u00e9mergence de l\u2019innovation.\",\"breadcrumb\":{\"@id\":\"https:\/\/www.istegroup.com\/fr\/produit\/rationalite-creative-et-innovation\/#breadcrumb\"},\"inLanguage\":\"fr-FR\",\"potentialAction\":[{\"@type\":\"ReadAction\",\"target\":[\"https:\/\/www.istegroup.com\/fr\/produit\/rationalite-creative-et-innovation\/\"]}]},{\"@type\":\"ImageObject\",\"inLanguage\":\"fr-FR\",\"@id\":\"https:\/\/www.istegroup.com\/fr\/produit\/rationalite-creative-et-innovation\/#primaryimage\",\"url\":\"https:\/\/www.istegroup.com\/wp-content\/uploads\/2018\/03\/Forest_Front-scaled.jpg\",\"contentUrl\":\"https:\/\/www.istegroup.com\/wp-content\/uploads\/2018\/03\/Forest_Front-scaled.jpg\",\"width\":1629,\"height\":2560,\"caption\":\"Rationalit\u00e9 cr\u00e9ative et innovation\"},{\"@type\":\"BreadcrumbList\",\"@id\":\"https:\/\/www.istegroup.com\/fr\/produit\/rationalite-creative-et-innovation\/#breadcrumb\",\"itemListElement\":[{\"@type\":\"ListItem\",\"position\":1,\"name\":\"Home\",\"item\":\"https:\/\/www.istegroup.com\/\"},{\"@type\":\"ListItem\",\"position\":2,\"name\":\"Shop\",\"item\":\"https:\/\/www.istegroup.com\/fr\/nouveautes\/\"},{\"@type\":\"ListItem\",\"position\":3,\"name\":\"Rationalit\u00e9 cr\u00e9ative et innovation\"}]},{\"@type\":\"WebSite\",\"@id\":\"https:\/\/www.istegroup.com\/#website\",\"url\":\"https:\/\/www.istegroup.com\/\",\"name\":\"ISTE Group\",\"description\":\"\u00c9diteur des Sciences\",\"potentialAction\":[{\"@type\":\"SearchAction\",\"target\":{\"@type\":\"EntryPoint\",\"urlTemplate\":\"https:\/\/www.istegroup.com\/?s={search_term_string}\"},\"query-input\":{\"@type\":\"PropertyValueSpecification\",\"valueRequired\":true,\"valueName\":\"search_term_string\"}}],\"inLanguage\":\"fr-FR\"}]}<\/script>\n<!-- \/ Yoast SEO plugin. -->","yoast_head_json":{"title":"Rationalit\u00e9 cr\u00e9ative et innovation - ISTE Group","description":"Cet ouvrage nous invite \u00e0 innover dans notre fa\u00e7on de penser l'innovation. Adoptant une perspective artificialiste, l\u2019auteure met l\u2019accent sur la rationalit\u00e9 cr\u00e9ative : une forme de pens\u00e9e qui invite \u00e0 une transgression aventureuse et \u00e9tape indispensable au coeur de l\u2019\u00e9mergence de l\u2019innovation.","robots":{"index":"index","follow":"follow","max-snippet":"max-snippet:-1","max-image-preview":"max-image-preview:large","max-video-preview":"max-video-preview:-1"},"canonical":"https:\/\/www.istegroup.com\/fr\/produit\/rationalite-creative-et-innovation\/","og_locale":"fr_FR","og_type":"article","og_title":"Rationalit\u00e9 cr\u00e9ative et innovation - ISTE Group","og_description":"Cet ouvrage nous invite \u00e0 innover dans notre fa\u00e7on de penser l'innovation. Adoptant une perspective artificialiste, l\u2019auteure met l\u2019accent sur la rationalit\u00e9 cr\u00e9ative : une forme de pens\u00e9e qui invite \u00e0 une transgression aventureuse et \u00e9tape indispensable au coeur de l\u2019\u00e9mergence de l\u2019innovation.","og_url":"https:\/\/www.istegroup.com\/fr\/produit\/rationalite-creative-et-innovation\/","og_site_name":"ISTE Group","article_modified_time":"2024-01-03T13:41:25+00:00","og_image":[{"width":1629,"height":2560,"url":"https:\/\/www.istegroup.com\/wp-content\/uploads\/2018\/03\/Forest_Front-scaled.jpg","type":"image\/jpeg"}],"twitter_card":"summary_large_image","twitter_misc":{"Est. reading time":"1 minute"},"schema":{"@context":"https:\/\/schema.org","@graph":[{"@type":"WebPage","@id":"https:\/\/www.istegroup.com\/fr\/produit\/rationalite-creative-et-innovation\/","url":"https:\/\/www.istegroup.com\/fr\/produit\/rationalite-creative-et-innovation\/","name":"Rationalit\u00e9 cr\u00e9ative et innovation - ISTE Group","isPartOf":{"@id":"https:\/\/www.istegroup.com\/#website"},"primaryImageOfPage":{"@id":"https:\/\/www.istegroup.com\/fr\/produit\/rationalite-creative-et-innovation\/#primaryimage"},"image":{"@id":"https:\/\/www.istegroup.com\/fr\/produit\/rationalite-creative-et-innovation\/#primaryimage"},"thumbnailUrl":"https:\/\/www.istegroup.com\/wp-content\/uploads\/2018\/03\/Forest_Front-scaled.jpg","datePublished":"2018-05-26T13:58:06+00:00","dateModified":"2024-01-03T13:41:25+00:00","description":"Cet ouvrage nous invite \u00e0 innover dans notre fa\u00e7on de penser l'innovation. Adoptant une perspective artificialiste, l\u2019auteure met l\u2019accent sur la rationalit\u00e9 cr\u00e9ative : une forme de pens\u00e9e qui invite \u00e0 une transgression aventureuse et \u00e9tape indispensable au coeur de l\u2019\u00e9mergence de l\u2019innovation.","breadcrumb":{"@id":"https:\/\/www.istegroup.com\/fr\/produit\/rationalite-creative-et-innovation\/#breadcrumb"},"inLanguage":"fr-FR","potentialAction":[{"@type":"ReadAction","target":["https:\/\/www.istegroup.com\/fr\/produit\/rationalite-creative-et-innovation\/"]}]},{"@type":"ImageObject","inLanguage":"fr-FR","@id":"https:\/\/www.istegroup.com\/fr\/produit\/rationalite-creative-et-innovation\/#primaryimage","url":"https:\/\/www.istegroup.com\/wp-content\/uploads\/2018\/03\/Forest_Front-scaled.jpg","contentUrl":"https:\/\/www.istegroup.com\/wp-content\/uploads\/2018\/03\/Forest_Front-scaled.jpg","width":1629,"height":2560,"caption":"Rationalit\u00e9 cr\u00e9ative et innovation"},{"@type":"BreadcrumbList","@id":"https:\/\/www.istegroup.com\/fr\/produit\/rationalite-creative-et-innovation\/#breadcrumb","itemListElement":[{"@type":"ListItem","position":1,"name":"Home","item":"https:\/\/www.istegroup.com\/"},{"@type":"ListItem","position":2,"name":"Shop","item":"https:\/\/www.istegroup.com\/fr\/nouveautes\/"},{"@type":"ListItem","position":3,"name":"Rationalit\u00e9 cr\u00e9ative et innovation"}]},{"@type":"WebSite","@id":"https:\/\/www.istegroup.com\/#website","url":"https:\/\/www.istegroup.com\/","name":"ISTE Group","description":"\u00c9diteur des Sciences","potentialAction":[{"@type":"SearchAction","target":{"@type":"EntryPoint","urlTemplate":"https:\/\/www.istegroup.com\/?s={search_term_string}"},"query-input":{"@type":"PropertyValueSpecification","valueRequired":true,"valueName":"search_term_string"}}],"inLanguage":"fr-FR"}]}},"_links":{"self":[{"href":"https:\/\/www.istegroup.com\/fr\/wp-json\/wp\/v2\/product\/11341","targetHints":{"allow":["GET"]}}],"collection":[{"href":"https:\/\/www.istegroup.com\/fr\/wp-json\/wp\/v2\/product"}],"about":[{"href":"https:\/\/www.istegroup.com\/fr\/wp-json\/wp\/v2\/types\/product"}],"wp:featuredmedia":[{"embeddable":true,"href":"https:\/\/www.istegroup.com\/fr\/wp-json\/wp\/v2\/media\/11345"}],"wp:attachment":[{"href":"https:\/\/www.istegroup.com\/fr\/wp-json\/wp\/v2\/media?parent=11341"}],"wp:term":[{"taxonomy":"product_brand","embeddable":true,"href":"https:\/\/www.istegroup.com\/fr\/wp-json\/wp\/v2\/product_brand?post=11341"},{"taxonomy":"product_cat","embeddable":true,"href":"https:\/\/www.istegroup.com\/fr\/wp-json\/wp\/v2\/product_cat?post=11341"},{"taxonomy":"product_tag","embeddable":true,"href":"https:\/\/www.istegroup.com\/fr\/wp-json\/wp\/v2\/product_tag?post=11341"}],"curies":[{"name":"wp","href":"https:\/\/api.w.org\/{rel}","templated":true}]}}