{"id":11336,"date":"2018-03-26T15:52:13","date_gmt":"2018-03-26T13:52:13","guid":{"rendered":"https:\/\/iste.yhello.co\/?post_type=product&#038;p=11336"},"modified":"2024-01-03T13:41:25","modified_gmt":"2024-01-03T13:41:25","slug":"traitement-automatique-des-langues-et-linguistique-informatique-2","status":"publish","type":"product","link":"https:\/\/www.istegroup.com\/fr\/produit\/traitement-automatique-des-langues-et-linguistique-informatique-2\/","title":{"rendered":"Traitement automatique des langues et linguistique informatique 2"},"content":{"rendered":"<p>Le traitement automatique des langues (TAL) est une discipline scientifique qui se trouve \u00e0 l\u2019intersection de champs tels que l\u2019intelligence artificielle (IA), la linguistique et les sciences cognitives. Pluridisciplinaire, cet ouvrage fournit les cl\u00e9s pour comprendre et concevoir plusieurs types de syst\u00e8mes de TAL.<\/p>\n<p>Parmi les nombreux sujets th\u00e9oriques couverts, une attention particuli\u00e8re a \u00e9t\u00e9 accord\u00e9e aux th\u00e9ories du sens lexical, \u00e0 la s\u00e9mantique formelle ainsi qu\u2019\u00e0 l\u2019analyse du discours. D\u2019un point de vue pratique, cet ouvrage passe en revue des applications telles que les bases de donn\u00e9es lexicales et les ontologies, la traduction automatique, la recherche d\u2019information ainsi que l\u2019extraction d\u2019informations, d\u2019opinions et de sentiments \u00e0 partir de grandes masses de donn\u00e9es. Sont \u00e9galement abord\u00e9es les architectures des syst\u00e8mes de TAL (linguiciels) en relation avec les mod\u00e8les cognitifs ainsi que les diff\u00e9rentes approches d\u2019\u00e9valuation de ces syst\u00e8mes.<\/p>\n","protected":false},"excerpt":{"rendered":"<p>Le traitement automatique des langues (TAL) est une discipline scientifique qui se trouve \u00e0 l\u2019intersection de champs tels que l\u2019intelligence artificielle (IA), la linguistique et les sciences cognitives. Pluridisciplinaire, cet ouvrage fournit les cl\u00e9s pour comprendre et concevoir plusieurs types de syst\u00e8mes de TAL. Parmi les nombreux sujets th\u00e9oriques couverts, une attention particuli\u00e8re a \u00e9t\u00e9 [&hellip;]<\/p>\n","protected":false},"featured_media":11340,"template":"","meta":{"_acf_changed":false,"_links_to":"","_links_to_target":""},"product_brand":[],"product_cat":[3262],"product_tag":[],"class_list":{"0":"post-11336","1":"product","2":"type-product","3":"status-publish","4":"has-post-thumbnail","6":"product_cat-non-classe","8":"first","9":"instock","10":"shipping-taxable","11":"purchasable","12":"product-type-variable"},"acf":[],"yoast_head":"<!-- This site is optimized with the Yoast SEO plugin v27.2 - https:\/\/yoast.com\/product\/yoast-seo-wordpress\/ -->\n<title>Traitement automatique des langues et linguistique informatique 2 - ISTE Group<\/title>\n<meta name=\"robots\" content=\"index, follow, max-snippet:-1, max-image-preview:large, max-video-preview:-1\" \/>\n<link rel=\"canonical\" href=\"https:\/\/www.istegroup.com\/fr\/produit\/traitement-automatique-des-langues-et-linguistique-informatique-2\/\" \/>\n<meta property=\"og:locale\" content=\"fr_FR\" \/>\n<meta property=\"og:type\" content=\"article\" \/>\n<meta property=\"og:title\" content=\"Traitement automatique des langues et linguistique informatique 2 - ISTE Group\" \/>\n<meta property=\"og:description\" content=\"Le traitement automatique des langues (TAL) est une discipline scientifique qui se trouve \u00e0 l\u2019intersection de champs tels que l\u2019intelligence artificielle (IA), la linguistique et les sciences cognitives. Pluridisciplinaire, cet ouvrage fournit les cl\u00e9s pour comprendre et concevoir plusieurs types de syst\u00e8mes de TAL. Parmi les nombreux sujets th\u00e9oriques couverts, une attention particuli\u00e8re a \u00e9t\u00e9 [&hellip;]\" \/>\n<meta property=\"og:url\" content=\"https:\/\/www.istegroup.com\/fr\/produit\/traitement-automatique-des-langues-et-linguistique-informatique-2\/\" \/>\n<meta property=\"og:site_name\" content=\"ISTE Group\" \/>\n<meta property=\"article:modified_time\" content=\"2024-01-03T13:41:25+00:00\" \/>\n<meta property=\"og:image\" content=\"https:\/\/www.istegroup.com\/wp-content\/uploads\/2018\/03\/Kurdi-_Front-scaled.jpg\" \/>\n\t<meta property=\"og:image:width\" content=\"1711\" \/>\n\t<meta property=\"og:image:height\" content=\"2560\" \/>\n\t<meta property=\"og:image:type\" content=\"image\/jpeg\" \/>\n<meta name=\"twitter:card\" content=\"summary_large_image\" \/>\n<meta name=\"twitter:label1\" content=\"Est. reading time\" \/>\n\t<meta name=\"twitter:data1\" content=\"1 minute\" \/>\n<script type=\"application\/ld+json\" class=\"yoast-schema-graph\">{\"@context\":\"https:\/\/schema.org\",\"@graph\":[{\"@type\":\"WebPage\",\"@id\":\"https:\/\/www.istegroup.com\/fr\/produit\/traitement-automatique-des-langues-et-linguistique-informatique-2\/\",\"url\":\"https:\/\/www.istegroup.com\/fr\/produit\/traitement-automatique-des-langues-et-linguistique-informatique-2\/\",\"name\":\"Traitement automatique des langues et linguistique informatique 2 - ISTE Group\",\"isPartOf\":{\"@id\":\"https:\/\/www.istegroup.com\/#website\"},\"primaryImageOfPage\":{\"@id\":\"https:\/\/www.istegroup.com\/fr\/produit\/traitement-automatique-des-langues-et-linguistique-informatique-2\/#primaryimage\"},\"image\":{\"@id\":\"https:\/\/www.istegroup.com\/fr\/produit\/traitement-automatique-des-langues-et-linguistique-informatique-2\/#primaryimage\"},\"thumbnailUrl\":\"https:\/\/www.istegroup.com\/wp-content\/uploads\/2018\/03\/Kurdi-_Front-scaled.jpg\",\"datePublished\":\"2018-03-26T13:52:13+00:00\",\"dateModified\":\"2024-01-03T13:41:25+00:00\",\"breadcrumb\":{\"@id\":\"https:\/\/www.istegroup.com\/fr\/produit\/traitement-automatique-des-langues-et-linguistique-informatique-2\/#breadcrumb\"},\"inLanguage\":\"fr-FR\",\"potentialAction\":[{\"@type\":\"ReadAction\",\"target\":[\"https:\/\/www.istegroup.com\/fr\/produit\/traitement-automatique-des-langues-et-linguistique-informatique-2\/\"]}]},{\"@type\":\"ImageObject\",\"inLanguage\":\"fr-FR\",\"@id\":\"https:\/\/www.istegroup.com\/fr\/produit\/traitement-automatique-des-langues-et-linguistique-informatique-2\/#primaryimage\",\"url\":\"https:\/\/www.istegroup.com\/wp-content\/uploads\/2018\/03\/Kurdi-_Front-scaled.jpg\",\"contentUrl\":\"https:\/\/www.istegroup.com\/wp-content\/uploads\/2018\/03\/Kurdi-_Front-scaled.jpg\",\"width\":1711,\"height\":2560,\"caption\":\"S\u00e9mantique, discours et applications\"},{\"@type\":\"BreadcrumbList\",\"@id\":\"https:\/\/www.istegroup.com\/fr\/produit\/traitement-automatique-des-langues-et-linguistique-informatique-2\/#breadcrumb\",\"itemListElement\":[{\"@type\":\"ListItem\",\"position\":1,\"name\":\"Home\",\"item\":\"https:\/\/www.istegroup.com\/\"},{\"@type\":\"ListItem\",\"position\":2,\"name\":\"Shop\",\"item\":\"https:\/\/www.istegroup.com\/fr\/nouveautes\/\"},{\"@type\":\"ListItem\",\"position\":3,\"name\":\"Traitement automatique des langues et linguistique informatique 2\"}]},{\"@type\":\"WebSite\",\"@id\":\"https:\/\/www.istegroup.com\/#website\",\"url\":\"https:\/\/www.istegroup.com\/\",\"name\":\"ISTE Group\",\"description\":\"\u00c9diteur des Sciences\",\"potentialAction\":[{\"@type\":\"SearchAction\",\"target\":{\"@type\":\"EntryPoint\",\"urlTemplate\":\"https:\/\/www.istegroup.com\/?s={search_term_string}\"},\"query-input\":{\"@type\":\"PropertyValueSpecification\",\"valueRequired\":true,\"valueName\":\"search_term_string\"}}],\"inLanguage\":\"fr-FR\"}]}<\/script>\n<!-- \/ Yoast SEO plugin. -->","yoast_head_json":{"title":"Traitement automatique des langues et linguistique informatique 2 - ISTE Group","robots":{"index":"index","follow":"follow","max-snippet":"max-snippet:-1","max-image-preview":"max-image-preview:large","max-video-preview":"max-video-preview:-1"},"canonical":"https:\/\/www.istegroup.com\/fr\/produit\/traitement-automatique-des-langues-et-linguistique-informatique-2\/","og_locale":"fr_FR","og_type":"article","og_title":"Traitement automatique des langues et linguistique informatique 2 - ISTE Group","og_description":"Le traitement automatique des langues (TAL) est une discipline scientifique qui se trouve \u00e0 l\u2019intersection de champs tels que l\u2019intelligence artificielle (IA), la linguistique et les sciences cognitives. Pluridisciplinaire, cet ouvrage fournit les cl\u00e9s pour comprendre et concevoir plusieurs types de syst\u00e8mes de TAL. Parmi les nombreux sujets th\u00e9oriques couverts, une attention particuli\u00e8re a \u00e9t\u00e9 [&hellip;]","og_url":"https:\/\/www.istegroup.com\/fr\/produit\/traitement-automatique-des-langues-et-linguistique-informatique-2\/","og_site_name":"ISTE Group","article_modified_time":"2024-01-03T13:41:25+00:00","og_image":[{"width":1711,"height":2560,"url":"https:\/\/www.istegroup.com\/wp-content\/uploads\/2018\/03\/Kurdi-_Front-scaled.jpg","type":"image\/jpeg"}],"twitter_card":"summary_large_image","twitter_misc":{"Est. reading time":"1 minute"},"schema":{"@context":"https:\/\/schema.org","@graph":[{"@type":"WebPage","@id":"https:\/\/www.istegroup.com\/fr\/produit\/traitement-automatique-des-langues-et-linguistique-informatique-2\/","url":"https:\/\/www.istegroup.com\/fr\/produit\/traitement-automatique-des-langues-et-linguistique-informatique-2\/","name":"Traitement automatique des langues et linguistique informatique 2 - ISTE Group","isPartOf":{"@id":"https:\/\/www.istegroup.com\/#website"},"primaryImageOfPage":{"@id":"https:\/\/www.istegroup.com\/fr\/produit\/traitement-automatique-des-langues-et-linguistique-informatique-2\/#primaryimage"},"image":{"@id":"https:\/\/www.istegroup.com\/fr\/produit\/traitement-automatique-des-langues-et-linguistique-informatique-2\/#primaryimage"},"thumbnailUrl":"https:\/\/www.istegroup.com\/wp-content\/uploads\/2018\/03\/Kurdi-_Front-scaled.jpg","datePublished":"2018-03-26T13:52:13+00:00","dateModified":"2024-01-03T13:41:25+00:00","breadcrumb":{"@id":"https:\/\/www.istegroup.com\/fr\/produit\/traitement-automatique-des-langues-et-linguistique-informatique-2\/#breadcrumb"},"inLanguage":"fr-FR","potentialAction":[{"@type":"ReadAction","target":["https:\/\/www.istegroup.com\/fr\/produit\/traitement-automatique-des-langues-et-linguistique-informatique-2\/"]}]},{"@type":"ImageObject","inLanguage":"fr-FR","@id":"https:\/\/www.istegroup.com\/fr\/produit\/traitement-automatique-des-langues-et-linguistique-informatique-2\/#primaryimage","url":"https:\/\/www.istegroup.com\/wp-content\/uploads\/2018\/03\/Kurdi-_Front-scaled.jpg","contentUrl":"https:\/\/www.istegroup.com\/wp-content\/uploads\/2018\/03\/Kurdi-_Front-scaled.jpg","width":1711,"height":2560,"caption":"S\u00e9mantique, discours et applications"},{"@type":"BreadcrumbList","@id":"https:\/\/www.istegroup.com\/fr\/produit\/traitement-automatique-des-langues-et-linguistique-informatique-2\/#breadcrumb","itemListElement":[{"@type":"ListItem","position":1,"name":"Home","item":"https:\/\/www.istegroup.com\/"},{"@type":"ListItem","position":2,"name":"Shop","item":"https:\/\/www.istegroup.com\/fr\/nouveautes\/"},{"@type":"ListItem","position":3,"name":"Traitement automatique des langues et linguistique informatique 2"}]},{"@type":"WebSite","@id":"https:\/\/www.istegroup.com\/#website","url":"https:\/\/www.istegroup.com\/","name":"ISTE Group","description":"\u00c9diteur des Sciences","potentialAction":[{"@type":"SearchAction","target":{"@type":"EntryPoint","urlTemplate":"https:\/\/www.istegroup.com\/?s={search_term_string}"},"query-input":{"@type":"PropertyValueSpecification","valueRequired":true,"valueName":"search_term_string"}}],"inLanguage":"fr-FR"}]}},"_links":{"self":[{"href":"https:\/\/www.istegroup.com\/fr\/wp-json\/wp\/v2\/product\/11336","targetHints":{"allow":["GET"]}}],"collection":[{"href":"https:\/\/www.istegroup.com\/fr\/wp-json\/wp\/v2\/product"}],"about":[{"href":"https:\/\/www.istegroup.com\/fr\/wp-json\/wp\/v2\/types\/product"}],"wp:featuredmedia":[{"embeddable":true,"href":"https:\/\/www.istegroup.com\/fr\/wp-json\/wp\/v2\/media\/11340"}],"wp:attachment":[{"href":"https:\/\/www.istegroup.com\/fr\/wp-json\/wp\/v2\/media?parent=11336"}],"wp:term":[{"taxonomy":"product_brand","embeddable":true,"href":"https:\/\/www.istegroup.com\/fr\/wp-json\/wp\/v2\/product_brand?post=11336"},{"taxonomy":"product_cat","embeddable":true,"href":"https:\/\/www.istegroup.com\/fr\/wp-json\/wp\/v2\/product_cat?post=11336"},{"taxonomy":"product_tag","embeddable":true,"href":"https:\/\/www.istegroup.com\/fr\/wp-json\/wp\/v2\/product_tag?post=11336"}],"curies":[{"name":"wp","href":"https:\/\/api.w.org\/{rel}","templated":true}]}}