{"id":11326,"date":"2018-03-26T15:44:50","date_gmt":"2018-03-26T13:44:50","guid":{"rendered":"https:\/\/iste.yhello.co\/?post_type=product&#038;p=11326"},"modified":"2024-01-03T13:41:25","modified_gmt":"2024-01-03T13:41:25","slug":"competences-et-approche-programme","status":"publish","type":"product","link":"https:\/\/www.istegroup.com\/fr\/produit\/competences-et-approche-programme\/","title":{"rendered":"Comp\u00e9tences et approche-programme"},"content":{"rendered":"<p>L\u2019approche-programme et l\u2019approche par comp\u00e9tences sont, aujourd\u2019hui, tr\u00e8s largement promues par les politiques de formation, notamment europ\u00e9ennes. \u00c0 travers elles se dessine indiscutablement une autre fa\u00e7on d\u2019aborder les savoirs et les activit\u00e9s humaines. Le d\u00e9bat est souvent vif entre les promoteurs de ces approches et ceux qui n\u2019y voient qu\u2019une version n\u00e9olib\u00e9rale d\u2019une formation abandonnant ses fondements humanistes.<\/p>\n<p><em>Comp\u00e9tences et approche-programme<\/em>\u00a0montre qu\u2019en s\u2019attachant aux processus en jeu dans les dynamiques de mobilisation et de construction des comp\u00e9tences individuelles et collectives, avanc\u00e9es par la recherche, il est possible de d\u00e9passer ce type de controverse. Il offre alors des outils concrets pour concevoir et mettre en oeuvre des pratiques p\u00e9dagogiques innovantes et responsables au regard d\u2019enjeux soci\u00e9taux aussi cruciaux que celui consistant \u00e0 inscrire les activit\u00e9s humaines dans un d\u00e9veloppement durable.<\/p>\n<p>Enseignants, formateurs, responsables de formation, et plus sp\u00e9cifiquement tous les acteurs universitaires, trouveront l\u00e0 de nombreuses pistes de travail.<\/p>\n","protected":false},"excerpt":{"rendered":"<p>L\u2019approche-programme et l\u2019approche par comp\u00e9tences sont, aujourd\u2019hui, tr\u00e8s largement promues par les politiques de formation, notamment europ\u00e9ennes. \u00c0 travers elles se dessine indiscutablement une autre fa\u00e7on d\u2019aborder les savoirs et les activit\u00e9s humaines. Le d\u00e9bat est souvent vif entre les promoteurs de ces approches et ceux qui n\u2019y voient qu\u2019une version n\u00e9olib\u00e9rale d\u2019une formation abandonnant [&hellip;]<\/p>\n","protected":false},"featured_media":11335,"template":"","meta":{"_acf_changed":false,"_links_to":"","_links_to_target":""},"product_brand":[],"product_cat":[3262],"product_tag":[],"class_list":{"0":"post-11326","1":"product","2":"type-product","3":"status-publish","4":"has-post-thumbnail","6":"product_cat-non-classe","8":"first","9":"instock","10":"shipping-taxable","11":"purchasable","12":"product-type-variable"},"acf":[],"yoast_head":"<!-- This site is optimized with the Yoast SEO plugin v27.2 - https:\/\/yoast.com\/product\/yoast-seo-wordpress\/ -->\n<title>Comp\u00e9tences et approche-programme - ISTE Group<\/title>\n<meta name=\"description\" content=\"Comp\u00e9tences et approche-programme\u00a0montre qu\u2019en s\u2019attachant aux processus en jeu dans les dynamiques de mobilisation et de construction des comp\u00e9tences individuelles et collectives, avanc\u00e9es par la recherche, il est possible de d\u00e9passer ce type de controverse.\" \/>\n<meta name=\"robots\" content=\"index, follow, max-snippet:-1, max-image-preview:large, max-video-preview:-1\" \/>\n<link rel=\"canonical\" href=\"https:\/\/www.istegroup.com\/fr\/produit\/competences-et-approche-programme\/\" \/>\n<meta property=\"og:locale\" content=\"fr_FR\" \/>\n<meta property=\"og:type\" content=\"article\" \/>\n<meta property=\"og:title\" content=\"Comp\u00e9tences et approche-programme - ISTE Group\" \/>\n<meta property=\"og:description\" content=\"Comp\u00e9tences et approche-programme\u00a0montre qu\u2019en s\u2019attachant aux processus en jeu dans les dynamiques de mobilisation et de construction des comp\u00e9tences individuelles et collectives, avanc\u00e9es par la recherche, il est possible de d\u00e9passer ce type de controverse.\" \/>\n<meta property=\"og:url\" content=\"https:\/\/www.istegroup.com\/fr\/produit\/competences-et-approche-programme\/\" \/>\n<meta property=\"og:site_name\" content=\"ISTE Group\" \/>\n<meta property=\"article:modified_time\" content=\"2024-01-03T13:41:25+00:00\" \/>\n<meta property=\"og:image\" content=\"https:\/\/www.istegroup.com\/wp-content\/uploads\/2018\/03\/Loisy_Front-scaled.jpg\" \/>\n\t<meta property=\"og:image:width\" content=\"1708\" \/>\n\t<meta property=\"og:image:height\" content=\"2560\" \/>\n\t<meta property=\"og:image:type\" content=\"image\/jpeg\" \/>\n<meta name=\"twitter:card\" content=\"summary_large_image\" \/>\n<meta name=\"twitter:label1\" content=\"Est. reading time\" \/>\n\t<meta name=\"twitter:data1\" content=\"1 minute\" \/>\n<script type=\"application\/ld+json\" class=\"yoast-schema-graph\">{\"@context\":\"https:\/\/schema.org\",\"@graph\":[{\"@type\":\"WebPage\",\"@id\":\"https:\/\/www.istegroup.com\/fr\/produit\/competences-et-approche-programme\/\",\"url\":\"https:\/\/www.istegroup.com\/fr\/produit\/competences-et-approche-programme\/\",\"name\":\"Comp\u00e9tences et approche-programme - ISTE Group\",\"isPartOf\":{\"@id\":\"https:\/\/www.istegroup.com\/#website\"},\"primaryImageOfPage\":{\"@id\":\"https:\/\/www.istegroup.com\/fr\/produit\/competences-et-approche-programme\/#primaryimage\"},\"image\":{\"@id\":\"https:\/\/www.istegroup.com\/fr\/produit\/competences-et-approche-programme\/#primaryimage\"},\"thumbnailUrl\":\"https:\/\/www.istegroup.com\/wp-content\/uploads\/2018\/03\/Loisy_Front-scaled.jpg\",\"datePublished\":\"2018-03-26T13:44:50+00:00\",\"dateModified\":\"2024-01-03T13:41:25+00:00\",\"description\":\"Comp\u00e9tences et approche-programme\u00a0montre qu\u2019en s\u2019attachant aux processus en jeu dans les dynamiques de mobilisation et de construction des comp\u00e9tences individuelles et collectives, avanc\u00e9es par la recherche, il est possible de d\u00e9passer ce type de controverse.\",\"breadcrumb\":{\"@id\":\"https:\/\/www.istegroup.com\/fr\/produit\/competences-et-approche-programme\/#breadcrumb\"},\"inLanguage\":\"fr-FR\",\"potentialAction\":[{\"@type\":\"ReadAction\",\"target\":[\"https:\/\/www.istegroup.com\/fr\/produit\/competences-et-approche-programme\/\"]}]},{\"@type\":\"ImageObject\",\"inLanguage\":\"fr-FR\",\"@id\":\"https:\/\/www.istegroup.com\/fr\/produit\/competences-et-approche-programme\/#primaryimage\",\"url\":\"https:\/\/www.istegroup.com\/wp-content\/uploads\/2018\/03\/Loisy_Front-scaled.jpg\",\"contentUrl\":\"https:\/\/www.istegroup.com\/wp-content\/uploads\/2018\/03\/Loisy_Front-scaled.jpg\",\"width\":1708,\"height\":2560,\"caption\":\"Outiller le d\u00e9veloppement d\u2019activit\u00e9s responsables\"},{\"@type\":\"BreadcrumbList\",\"@id\":\"https:\/\/www.istegroup.com\/fr\/produit\/competences-et-approche-programme\/#breadcrumb\",\"itemListElement\":[{\"@type\":\"ListItem\",\"position\":1,\"name\":\"Home\",\"item\":\"https:\/\/www.istegroup.com\/\"},{\"@type\":\"ListItem\",\"position\":2,\"name\":\"Shop\",\"item\":\"https:\/\/www.istegroup.com\/fr\/nouveautes\/\"},{\"@type\":\"ListItem\",\"position\":3,\"name\":\"Comp\u00e9tences et approche-programme\"}]},{\"@type\":\"WebSite\",\"@id\":\"https:\/\/www.istegroup.com\/#website\",\"url\":\"https:\/\/www.istegroup.com\/\",\"name\":\"ISTE Group\",\"description\":\"\u00c9diteur des Sciences\",\"potentialAction\":[{\"@type\":\"SearchAction\",\"target\":{\"@type\":\"EntryPoint\",\"urlTemplate\":\"https:\/\/www.istegroup.com\/?s={search_term_string}\"},\"query-input\":{\"@type\":\"PropertyValueSpecification\",\"valueRequired\":true,\"valueName\":\"search_term_string\"}}],\"inLanguage\":\"fr-FR\"}]}<\/script>\n<!-- \/ Yoast SEO plugin. -->","yoast_head_json":{"title":"Comp\u00e9tences et approche-programme - ISTE Group","description":"Comp\u00e9tences et approche-programme\u00a0montre qu\u2019en s\u2019attachant aux processus en jeu dans les dynamiques de mobilisation et de construction des comp\u00e9tences individuelles et collectives, avanc\u00e9es par la recherche, il est possible de d\u00e9passer ce type de controverse.","robots":{"index":"index","follow":"follow","max-snippet":"max-snippet:-1","max-image-preview":"max-image-preview:large","max-video-preview":"max-video-preview:-1"},"canonical":"https:\/\/www.istegroup.com\/fr\/produit\/competences-et-approche-programme\/","og_locale":"fr_FR","og_type":"article","og_title":"Comp\u00e9tences et approche-programme - ISTE Group","og_description":"Comp\u00e9tences et approche-programme\u00a0montre qu\u2019en s\u2019attachant aux processus en jeu dans les dynamiques de mobilisation et de construction des comp\u00e9tences individuelles et collectives, avanc\u00e9es par la recherche, il est possible de d\u00e9passer ce type de controverse.","og_url":"https:\/\/www.istegroup.com\/fr\/produit\/competences-et-approche-programme\/","og_site_name":"ISTE Group","article_modified_time":"2024-01-03T13:41:25+00:00","og_image":[{"width":1708,"height":2560,"url":"https:\/\/www.istegroup.com\/wp-content\/uploads\/2018\/03\/Loisy_Front-scaled.jpg","type":"image\/jpeg"}],"twitter_card":"summary_large_image","twitter_misc":{"Est. reading time":"1 minute"},"schema":{"@context":"https:\/\/schema.org","@graph":[{"@type":"WebPage","@id":"https:\/\/www.istegroup.com\/fr\/produit\/competences-et-approche-programme\/","url":"https:\/\/www.istegroup.com\/fr\/produit\/competences-et-approche-programme\/","name":"Comp\u00e9tences et approche-programme - ISTE Group","isPartOf":{"@id":"https:\/\/www.istegroup.com\/#website"},"primaryImageOfPage":{"@id":"https:\/\/www.istegroup.com\/fr\/produit\/competences-et-approche-programme\/#primaryimage"},"image":{"@id":"https:\/\/www.istegroup.com\/fr\/produit\/competences-et-approche-programme\/#primaryimage"},"thumbnailUrl":"https:\/\/www.istegroup.com\/wp-content\/uploads\/2018\/03\/Loisy_Front-scaled.jpg","datePublished":"2018-03-26T13:44:50+00:00","dateModified":"2024-01-03T13:41:25+00:00","description":"Comp\u00e9tences et approche-programme\u00a0montre qu\u2019en s\u2019attachant aux processus en jeu dans les dynamiques de mobilisation et de construction des comp\u00e9tences individuelles et collectives, avanc\u00e9es par la recherche, il est possible de d\u00e9passer ce type de controverse.","breadcrumb":{"@id":"https:\/\/www.istegroup.com\/fr\/produit\/competences-et-approche-programme\/#breadcrumb"},"inLanguage":"fr-FR","potentialAction":[{"@type":"ReadAction","target":["https:\/\/www.istegroup.com\/fr\/produit\/competences-et-approche-programme\/"]}]},{"@type":"ImageObject","inLanguage":"fr-FR","@id":"https:\/\/www.istegroup.com\/fr\/produit\/competences-et-approche-programme\/#primaryimage","url":"https:\/\/www.istegroup.com\/wp-content\/uploads\/2018\/03\/Loisy_Front-scaled.jpg","contentUrl":"https:\/\/www.istegroup.com\/wp-content\/uploads\/2018\/03\/Loisy_Front-scaled.jpg","width":1708,"height":2560,"caption":"Outiller le d\u00e9veloppement d\u2019activit\u00e9s responsables"},{"@type":"BreadcrumbList","@id":"https:\/\/www.istegroup.com\/fr\/produit\/competences-et-approche-programme\/#breadcrumb","itemListElement":[{"@type":"ListItem","position":1,"name":"Home","item":"https:\/\/www.istegroup.com\/"},{"@type":"ListItem","position":2,"name":"Shop","item":"https:\/\/www.istegroup.com\/fr\/nouveautes\/"},{"@type":"ListItem","position":3,"name":"Comp\u00e9tences et approche-programme"}]},{"@type":"WebSite","@id":"https:\/\/www.istegroup.com\/#website","url":"https:\/\/www.istegroup.com\/","name":"ISTE Group","description":"\u00c9diteur des Sciences","potentialAction":[{"@type":"SearchAction","target":{"@type":"EntryPoint","urlTemplate":"https:\/\/www.istegroup.com\/?s={search_term_string}"},"query-input":{"@type":"PropertyValueSpecification","valueRequired":true,"valueName":"search_term_string"}}],"inLanguage":"fr-FR"}]}},"_links":{"self":[{"href":"https:\/\/www.istegroup.com\/fr\/wp-json\/wp\/v2\/product\/11326","targetHints":{"allow":["GET"]}}],"collection":[{"href":"https:\/\/www.istegroup.com\/fr\/wp-json\/wp\/v2\/product"}],"about":[{"href":"https:\/\/www.istegroup.com\/fr\/wp-json\/wp\/v2\/types\/product"}],"wp:featuredmedia":[{"embeddable":true,"href":"https:\/\/www.istegroup.com\/fr\/wp-json\/wp\/v2\/media\/11335"}],"wp:attachment":[{"href":"https:\/\/www.istegroup.com\/fr\/wp-json\/wp\/v2\/media?parent=11326"}],"wp:term":[{"taxonomy":"product_brand","embeddable":true,"href":"https:\/\/www.istegroup.com\/fr\/wp-json\/wp\/v2\/product_brand?post=11326"},{"taxonomy":"product_cat","embeddable":true,"href":"https:\/\/www.istegroup.com\/fr\/wp-json\/wp\/v2\/product_cat?post=11326"},{"taxonomy":"product_tag","embeddable":true,"href":"https:\/\/www.istegroup.com\/fr\/wp-json\/wp\/v2\/product_tag?post=11326"}],"curies":[{"name":"wp","href":"https:\/\/api.w.org\/{rel}","templated":true}]}}