{"id":11319,"date":"2018-03-26T15:37:30","date_gmt":"2018-03-26T13:37:30","guid":{"rendered":"https:\/\/iste.yhello.co\/?post_type=product&#038;p=11319"},"modified":"2024-01-03T13:41:25","modified_gmt":"2024-01-03T13:41:25","slug":"intonation-structure-prosodique-et-ondes-cerebrales","status":"publish","type":"product","link":"https:\/\/www.istegroup.com\/fr\/produit\/intonation-structure-prosodique-et-ondes-cerebrales\/","title":{"rendered":"Intonation, structure prosodique et ondes c\u00e9r\u00e9brales"},"content":{"rendered":"<p><em>Intonation, structure prosodique et ondes c\u00e9r\u00e9brales\u00a0<\/em>pr\u00e9sente de nouvelles bases pour l\u2019analyse et la description phonologique de l\u2019intonation du fran\u00e7ais. Les concepts de groupes accentuels et de structure prosodique y sont expos\u00e9s \u00e0 la lumi\u00e8re des d\u00e9couvertes les plus r\u00e9centes portant sur les oscillations c\u00e9r\u00e9brales, et en particulier sur le r\u00f4le des ondes th\u00eata et delta dans la production et la compr\u00e9hension du langage.<\/p>\n<p>Le positionnement sp\u00e9cifique des syllabes accentu\u00e9es en fran\u00e7ais, langue d\u00e9pourvue d\u2019accent lexical, trouve ainsi une explication d\u2019ordre cognitif. De m\u00eame, les limitations c\u00e9r\u00e9brales de m\u00e9morisation permettent de rendre compte de l\u2019\u00e9laboration d\u2019une structure prosodique \u00e9labor\u00e9e dynamiquement lors du d\u00e9roulement de l\u2019\u00e9nonc\u00e9. Sont expos\u00e9s ici de nombreux exemples de parole lue ou spontan\u00e9e, oralis\u00e9e ou silencieuse, visant \u00e0 illustrer ces diff\u00e9rents concepts.<\/p>\n<p>L\u2019ouvrage pr\u00e9sente \u00e9galement des travaux pratiques d\u2019analyse prosodique, confirmant que l\u2019intonation de l\u2019\u00e9nonc\u00e9, loin d\u2019\u00eatre une \u00ab coquetterie \u00bb syntaxique, constitue la base phonologique qui permet au langage d\u2019exister.<\/p>\n","protected":false},"excerpt":{"rendered":"<p>Intonation, structure prosodique et ondes c\u00e9r\u00e9brales\u00a0pr\u00e9sente de nouvelles bases pour l\u2019analyse et la description phonologique de l\u2019intonation du fran\u00e7ais. Les concepts de groupes accentuels et de structure prosodique y sont expos\u00e9s \u00e0 la lumi\u00e8re des d\u00e9couvertes les plus r\u00e9centes portant sur les oscillations c\u00e9r\u00e9brales, et en particulier sur le r\u00f4le des ondes th\u00eata et delta [&hellip;]<\/p>\n","protected":false},"featured_media":11325,"template":"","meta":{"_acf_changed":false,"_links_to":"","_links_to_target":""},"product_brand":[],"product_cat":[3262],"product_tag":[],"class_list":{"0":"post-11319","1":"product","2":"type-product","3":"status-publish","4":"has-post-thumbnail","6":"product_cat-non-classe","8":"first","9":"instock","10":"shipping-taxable","11":"purchasable","12":"product-type-variable"},"acf":[],"yoast_head":"<!-- This site is optimized with the Yoast SEO plugin v27.2 - https:\/\/yoast.com\/product\/yoast-seo-wordpress\/ -->\n<title>Intonation, structure prosodique et ondes c\u00e9r\u00e9brales - ISTE Group<\/title>\n<meta name=\"description\" content=\"Intonation, structure prosodique et ondes c\u00e9r\u00e9brales\u00a0pr\u00e9sente de nouvelles bases pour l\u2019analyse et la description phonologique de l\u2019intonation du fran\u00e7ais. Les concepts de groupes accentuels et de structure prosodique y sont expos\u00e9s \u00e0 la lumi\u00e8re des d\u00e9couvertes les plus r\u00e9centes portant sur les oscillations c\u00e9r\u00e9brales, et en particulier sur le r\u00f4le des ondes th\u00eata et delta dans la production et la compr\u00e9hension du langage.\" \/>\n<meta name=\"robots\" content=\"index, follow, max-snippet:-1, max-image-preview:large, max-video-preview:-1\" \/>\n<link rel=\"canonical\" href=\"https:\/\/www.istegroup.com\/fr\/produit\/intonation-structure-prosodique-et-ondes-cerebrales\/\" \/>\n<meta property=\"og:locale\" content=\"fr_FR\" \/>\n<meta property=\"og:type\" content=\"article\" \/>\n<meta property=\"og:title\" content=\"Intonation, structure prosodique et ondes c\u00e9r\u00e9brales - ISTE Group\" \/>\n<meta property=\"og:description\" content=\"Intonation, structure prosodique et ondes c\u00e9r\u00e9brales\u00a0pr\u00e9sente de nouvelles bases pour l\u2019analyse et la description phonologique de l\u2019intonation du fran\u00e7ais. Les concepts de groupes accentuels et de structure prosodique y sont expos\u00e9s \u00e0 la lumi\u00e8re des d\u00e9couvertes les plus r\u00e9centes portant sur les oscillations c\u00e9r\u00e9brales, et en particulier sur le r\u00f4le des ondes th\u00eata et delta dans la production et la compr\u00e9hension du langage.\" \/>\n<meta property=\"og:url\" content=\"https:\/\/www.istegroup.com\/fr\/produit\/intonation-structure-prosodique-et-ondes-cerebrales\/\" \/>\n<meta property=\"og:site_name\" content=\"ISTE Group\" \/>\n<meta property=\"article:modified_time\" content=\"2024-01-03T13:41:25+00:00\" \/>\n<meta property=\"og:image\" content=\"https:\/\/www.istegroup.com\/wp-content\/uploads\/2018\/03\/Martin-Front-scaled.jpg\" \/>\n\t<meta property=\"og:image:width\" content=\"1708\" \/>\n\t<meta property=\"og:image:height\" content=\"2560\" \/>\n\t<meta property=\"og:image:type\" content=\"image\/jpeg\" \/>\n<meta name=\"twitter:card\" content=\"summary_large_image\" \/>\n<meta name=\"twitter:label1\" content=\"Est. reading time\" \/>\n\t<meta name=\"twitter:data1\" content=\"1 minute\" \/>\n<script type=\"application\/ld+json\" class=\"yoast-schema-graph\">{\"@context\":\"https:\/\/schema.org\",\"@graph\":[{\"@type\":\"WebPage\",\"@id\":\"https:\/\/www.istegroup.com\/fr\/produit\/intonation-structure-prosodique-et-ondes-cerebrales\/\",\"url\":\"https:\/\/www.istegroup.com\/fr\/produit\/intonation-structure-prosodique-et-ondes-cerebrales\/\",\"name\":\"Intonation, structure prosodique et ondes c\u00e9r\u00e9brales - ISTE Group\",\"isPartOf\":{\"@id\":\"https:\/\/www.istegroup.com\/#website\"},\"primaryImageOfPage\":{\"@id\":\"https:\/\/www.istegroup.com\/fr\/produit\/intonation-structure-prosodique-et-ondes-cerebrales\/#primaryimage\"},\"image\":{\"@id\":\"https:\/\/www.istegroup.com\/fr\/produit\/intonation-structure-prosodique-et-ondes-cerebrales\/#primaryimage\"},\"thumbnailUrl\":\"https:\/\/www.istegroup.com\/wp-content\/uploads\/2018\/03\/Martin-Front-scaled.jpg\",\"datePublished\":\"2018-03-26T13:37:30+00:00\",\"dateModified\":\"2024-01-03T13:41:25+00:00\",\"description\":\"Intonation, structure prosodique et ondes c\u00e9r\u00e9brales\u00a0pr\u00e9sente de nouvelles bases pour l\u2019analyse et la description phonologique de l\u2019intonation du fran\u00e7ais. Les concepts de groupes accentuels et de structure prosodique y sont expos\u00e9s \u00e0 la lumi\u00e8re des d\u00e9couvertes les plus r\u00e9centes portant sur les oscillations c\u00e9r\u00e9brales, et en particulier sur le r\u00f4le des ondes th\u00eata et delta dans la production et la compr\u00e9hension du langage.\",\"breadcrumb\":{\"@id\":\"https:\/\/www.istegroup.com\/fr\/produit\/intonation-structure-prosodique-et-ondes-cerebrales\/#breadcrumb\"},\"inLanguage\":\"fr-FR\",\"potentialAction\":[{\"@type\":\"ReadAction\",\"target\":[\"https:\/\/www.istegroup.com\/fr\/produit\/intonation-structure-prosodique-et-ondes-cerebrales\/\"]}]},{\"@type\":\"ImageObject\",\"inLanguage\":\"fr-FR\",\"@id\":\"https:\/\/www.istegroup.com\/fr\/produit\/intonation-structure-prosodique-et-ondes-cerebrales\/#primaryimage\",\"url\":\"https:\/\/www.istegroup.com\/wp-content\/uploads\/2018\/03\/Martin-Front-scaled.jpg\",\"contentUrl\":\"https:\/\/www.istegroup.com\/wp-content\/uploads\/2018\/03\/Martin-Front-scaled.jpg\",\"width\":1708,\"height\":2560,\"caption\":\"Introduction \u00e0 l'analyse prosodique\"},{\"@type\":\"BreadcrumbList\",\"@id\":\"https:\/\/www.istegroup.com\/fr\/produit\/intonation-structure-prosodique-et-ondes-cerebrales\/#breadcrumb\",\"itemListElement\":[{\"@type\":\"ListItem\",\"position\":1,\"name\":\"Home\",\"item\":\"https:\/\/www.istegroup.com\/\"},{\"@type\":\"ListItem\",\"position\":2,\"name\":\"Shop\",\"item\":\"https:\/\/www.istegroup.com\/fr\/nouveautes\/\"},{\"@type\":\"ListItem\",\"position\":3,\"name\":\"Intonation, structure prosodique et ondes c\u00e9r\u00e9brales\"}]},{\"@type\":\"WebSite\",\"@id\":\"https:\/\/www.istegroup.com\/#website\",\"url\":\"https:\/\/www.istegroup.com\/\",\"name\":\"ISTE Group\",\"description\":\"\u00c9diteur des Sciences\",\"potentialAction\":[{\"@type\":\"SearchAction\",\"target\":{\"@type\":\"EntryPoint\",\"urlTemplate\":\"https:\/\/www.istegroup.com\/?s={search_term_string}\"},\"query-input\":{\"@type\":\"PropertyValueSpecification\",\"valueRequired\":true,\"valueName\":\"search_term_string\"}}],\"inLanguage\":\"fr-FR\"}]}<\/script>\n<!-- \/ Yoast SEO plugin. -->","yoast_head_json":{"title":"Intonation, structure prosodique et ondes c\u00e9r\u00e9brales - ISTE Group","description":"Intonation, structure prosodique et ondes c\u00e9r\u00e9brales\u00a0pr\u00e9sente de nouvelles bases pour l\u2019analyse et la description phonologique de l\u2019intonation du fran\u00e7ais. Les concepts de groupes accentuels et de structure prosodique y sont expos\u00e9s \u00e0 la lumi\u00e8re des d\u00e9couvertes les plus r\u00e9centes portant sur les oscillations c\u00e9r\u00e9brales, et en particulier sur le r\u00f4le des ondes th\u00eata et delta dans la production et la compr\u00e9hension du langage.","robots":{"index":"index","follow":"follow","max-snippet":"max-snippet:-1","max-image-preview":"max-image-preview:large","max-video-preview":"max-video-preview:-1"},"canonical":"https:\/\/www.istegroup.com\/fr\/produit\/intonation-structure-prosodique-et-ondes-cerebrales\/","og_locale":"fr_FR","og_type":"article","og_title":"Intonation, structure prosodique et ondes c\u00e9r\u00e9brales - ISTE Group","og_description":"Intonation, structure prosodique et ondes c\u00e9r\u00e9brales\u00a0pr\u00e9sente de nouvelles bases pour l\u2019analyse et la description phonologique de l\u2019intonation du fran\u00e7ais. Les concepts de groupes accentuels et de structure prosodique y sont expos\u00e9s \u00e0 la lumi\u00e8re des d\u00e9couvertes les plus r\u00e9centes portant sur les oscillations c\u00e9r\u00e9brales, et en particulier sur le r\u00f4le des ondes th\u00eata et delta dans la production et la compr\u00e9hension du langage.","og_url":"https:\/\/www.istegroup.com\/fr\/produit\/intonation-structure-prosodique-et-ondes-cerebrales\/","og_site_name":"ISTE Group","article_modified_time":"2024-01-03T13:41:25+00:00","og_image":[{"width":1708,"height":2560,"url":"https:\/\/www.istegroup.com\/wp-content\/uploads\/2018\/03\/Martin-Front-scaled.jpg","type":"image\/jpeg"}],"twitter_card":"summary_large_image","twitter_misc":{"Est. reading time":"1 minute"},"schema":{"@context":"https:\/\/schema.org","@graph":[{"@type":"WebPage","@id":"https:\/\/www.istegroup.com\/fr\/produit\/intonation-structure-prosodique-et-ondes-cerebrales\/","url":"https:\/\/www.istegroup.com\/fr\/produit\/intonation-structure-prosodique-et-ondes-cerebrales\/","name":"Intonation, structure prosodique et ondes c\u00e9r\u00e9brales - ISTE Group","isPartOf":{"@id":"https:\/\/www.istegroup.com\/#website"},"primaryImageOfPage":{"@id":"https:\/\/www.istegroup.com\/fr\/produit\/intonation-structure-prosodique-et-ondes-cerebrales\/#primaryimage"},"image":{"@id":"https:\/\/www.istegroup.com\/fr\/produit\/intonation-structure-prosodique-et-ondes-cerebrales\/#primaryimage"},"thumbnailUrl":"https:\/\/www.istegroup.com\/wp-content\/uploads\/2018\/03\/Martin-Front-scaled.jpg","datePublished":"2018-03-26T13:37:30+00:00","dateModified":"2024-01-03T13:41:25+00:00","description":"Intonation, structure prosodique et ondes c\u00e9r\u00e9brales\u00a0pr\u00e9sente de nouvelles bases pour l\u2019analyse et la description phonologique de l\u2019intonation du fran\u00e7ais. Les concepts de groupes accentuels et de structure prosodique y sont expos\u00e9s \u00e0 la lumi\u00e8re des d\u00e9couvertes les plus r\u00e9centes portant sur les oscillations c\u00e9r\u00e9brales, et en particulier sur le r\u00f4le des ondes th\u00eata et delta dans la production et la compr\u00e9hension du langage.","breadcrumb":{"@id":"https:\/\/www.istegroup.com\/fr\/produit\/intonation-structure-prosodique-et-ondes-cerebrales\/#breadcrumb"},"inLanguage":"fr-FR","potentialAction":[{"@type":"ReadAction","target":["https:\/\/www.istegroup.com\/fr\/produit\/intonation-structure-prosodique-et-ondes-cerebrales\/"]}]},{"@type":"ImageObject","inLanguage":"fr-FR","@id":"https:\/\/www.istegroup.com\/fr\/produit\/intonation-structure-prosodique-et-ondes-cerebrales\/#primaryimage","url":"https:\/\/www.istegroup.com\/wp-content\/uploads\/2018\/03\/Martin-Front-scaled.jpg","contentUrl":"https:\/\/www.istegroup.com\/wp-content\/uploads\/2018\/03\/Martin-Front-scaled.jpg","width":1708,"height":2560,"caption":"Introduction \u00e0 l'analyse prosodique"},{"@type":"BreadcrumbList","@id":"https:\/\/www.istegroup.com\/fr\/produit\/intonation-structure-prosodique-et-ondes-cerebrales\/#breadcrumb","itemListElement":[{"@type":"ListItem","position":1,"name":"Home","item":"https:\/\/www.istegroup.com\/"},{"@type":"ListItem","position":2,"name":"Shop","item":"https:\/\/www.istegroup.com\/fr\/nouveautes\/"},{"@type":"ListItem","position":3,"name":"Intonation, structure prosodique et ondes c\u00e9r\u00e9brales"}]},{"@type":"WebSite","@id":"https:\/\/www.istegroup.com\/#website","url":"https:\/\/www.istegroup.com\/","name":"ISTE Group","description":"\u00c9diteur des Sciences","potentialAction":[{"@type":"SearchAction","target":{"@type":"EntryPoint","urlTemplate":"https:\/\/www.istegroup.com\/?s={search_term_string}"},"query-input":{"@type":"PropertyValueSpecification","valueRequired":true,"valueName":"search_term_string"}}],"inLanguage":"fr-FR"}]}},"_links":{"self":[{"href":"https:\/\/www.istegroup.com\/fr\/wp-json\/wp\/v2\/product\/11319","targetHints":{"allow":["GET"]}}],"collection":[{"href":"https:\/\/www.istegroup.com\/fr\/wp-json\/wp\/v2\/product"}],"about":[{"href":"https:\/\/www.istegroup.com\/fr\/wp-json\/wp\/v2\/types\/product"}],"wp:featuredmedia":[{"embeddable":true,"href":"https:\/\/www.istegroup.com\/fr\/wp-json\/wp\/v2\/media\/11325"}],"wp:attachment":[{"href":"https:\/\/www.istegroup.com\/fr\/wp-json\/wp\/v2\/media?parent=11319"}],"wp:term":[{"taxonomy":"product_brand","embeddable":true,"href":"https:\/\/www.istegroup.com\/fr\/wp-json\/wp\/v2\/product_brand?post=11319"},{"taxonomy":"product_cat","embeddable":true,"href":"https:\/\/www.istegroup.com\/fr\/wp-json\/wp\/v2\/product_cat?post=11319"},{"taxonomy":"product_tag","embeddable":true,"href":"https:\/\/www.istegroup.com\/fr\/wp-json\/wp\/v2\/product_tag?post=11319"}],"curies":[{"name":"wp","href":"https:\/\/api.w.org\/{rel}","templated":true}]}}