{"id":11314,"date":"2018-03-26T15:32:34","date_gmt":"2018-03-26T13:32:34","guid":{"rendered":"https:\/\/iste.yhello.co\/?post_type=product&#038;p=11314"},"modified":"2024-01-03T13:41:25","modified_gmt":"2024-01-03T13:41:25","slug":"la-modelisation-denvironnements-numeriques-dapprentissage-de-nouvelle-generation","status":"publish","type":"product","link":"https:\/\/www.istegroup.com\/fr\/produit\/la-modelisation-denvironnements-numeriques-dapprentissage-de-nouvelle-generation\/","title":{"rendered":"La mod\u00e9lisation d\u2019environnements num\u00e9riques d\u2019apprentissage de nouvelle g\u00e9n\u00e9ration"},"content":{"rendered":"<p>La facilit\u00e9 d\u2019utilisation du Web 2.0 et ses inestimables potentialit\u00e9s en termes d\u2019\u00e9change et de partage d\u2019informations entre acteurs sociaux ont permis l\u2019\u00e9mergence d\u2019une nouvelle soci\u00e9t\u00e9 dite de la connaissance.<\/p>\n<p>L\u2019\u00e9mergence des r\u00e9seaux sociaux, des OCW, des MOOC, de l\u2019apprentissage informel via les r\u00e9seaux et des approches connectivistes de l\u2019apprentissage ont rendu plus complexes l\u2019analyse et l\u2019\u00e9valuation des environnements num\u00e9riques d\u2019apprentissage (ENA). Le recours \u00e0 la mod\u00e9lisation des syst\u00e8mes complexes permet d\u00e8s lors de transcrire les ph\u00e9nom\u00e8nes observ\u00e9s et de faciliter l\u2019\u00e9tude de ces processus \u00e0 l\u2019aide d\u2019outils sp\u00e9cifiques. Une fois cette \u00e9tape incontournable franchie, il devient possible d\u2019\u00e9laborer des sc\u00e9narios plausibles \u00e0 partir de l\u2019observation de ph\u00e9nom\u00e8nes \u00e9mergents ou de tendances lourdes.<\/p>\n<p>Cet ouvrage pr\u00e9sente et met en lumi\u00e8re l&rsquo;apport de la th\u00e9orie des syst\u00e8mes complexes \u00e0 l\u2019\u00e9tude du comportement d\u2019ENA de nouvelle g\u00e9n\u00e9ration. Il d\u00e9crit en d\u00e9tail une d\u00e9marche r\u00e9aliste et propose des outils de pilotage efficaces.<\/p>\n","protected":false},"excerpt":{"rendered":"<p>La facilit\u00e9 d\u2019utilisation du Web 2.0 et ses inestimables potentialit\u00e9s en termes d\u2019\u00e9change et de partage d\u2019informations entre acteurs sociaux ont permis l\u2019\u00e9mergence d\u2019une nouvelle soci\u00e9t\u00e9 dite de la connaissance. L\u2019\u00e9mergence des r\u00e9seaux sociaux, des OCW, des MOOC, de l\u2019apprentissage informel via les r\u00e9seaux et des approches connectivistes de l\u2019apprentissage ont rendu plus complexes l\u2019analyse [&hellip;]<\/p>\n","protected":false},"featured_media":11318,"template":"","meta":{"_acf_changed":false,"_links_to":"","_links_to_target":""},"product_brand":[],"product_cat":[3262],"product_tag":[],"class_list":{"0":"post-11314","1":"product","2":"type-product","3":"status-publish","4":"has-post-thumbnail","6":"product_cat-non-classe","8":"first","9":"instock","10":"shipping-taxable","11":"purchasable","12":"product-type-variable"},"acf":[],"yoast_head":"<!-- This site is optimized with the Yoast SEO plugin v27.2 - https:\/\/yoast.com\/product\/yoast-seo-wordpress\/ -->\n<title>La mod\u00e9lisation d\u2019environnements num\u00e9riques d\u2019apprentissage de nouvelle g\u00e9n\u00e9ration - ISTE Group<\/title>\n<meta name=\"description\" content=\"Cet ouvrage pr\u00e9sente et met en lumi\u00e8re l&#039;apport de la th\u00e9orie des syst\u00e8mes complexes \u00e0 l\u2019\u00e9tude du comportement d\u2019ENA de nouvelle g\u00e9n\u00e9ration. Il d\u00e9crit en d\u00e9tail une d\u00e9marche r\u00e9aliste et propose des outils de pilotage efficaces.\" \/>\n<meta name=\"robots\" content=\"index, follow, max-snippet:-1, max-image-preview:large, max-video-preview:-1\" \/>\n<link rel=\"canonical\" href=\"https:\/\/www.istegroup.com\/fr\/produit\/la-modelisation-denvironnements-numeriques-dapprentissage-de-nouvelle-generation\/\" \/>\n<meta property=\"og:locale\" content=\"fr_FR\" \/>\n<meta property=\"og:type\" content=\"article\" \/>\n<meta property=\"og:title\" content=\"La mod\u00e9lisation d\u2019environnements num\u00e9riques d\u2019apprentissage de nouvelle g\u00e9n\u00e9ration - ISTE Group\" \/>\n<meta property=\"og:description\" content=\"Cet ouvrage pr\u00e9sente et met en lumi\u00e8re l&#039;apport de la th\u00e9orie des syst\u00e8mes complexes \u00e0 l\u2019\u00e9tude du comportement d\u2019ENA de nouvelle g\u00e9n\u00e9ration. Il d\u00e9crit en d\u00e9tail une d\u00e9marche r\u00e9aliste et propose des outils de pilotage efficaces.\" \/>\n<meta property=\"og:url\" content=\"https:\/\/www.istegroup.com\/fr\/produit\/la-modelisation-denvironnements-numeriques-dapprentissage-de-nouvelle-generation\/\" \/>\n<meta property=\"og:site_name\" content=\"ISTE Group\" \/>\n<meta property=\"article:modified_time\" content=\"2024-01-03T13:41:25+00:00\" \/>\n<meta property=\"og:image\" content=\"https:\/\/www.istegroup.com\/wp-content\/uploads\/2018\/03\/Trestini_Front-scaled.jpg\" \/>\n\t<meta property=\"og:image:width\" content=\"1701\" \/>\n\t<meta property=\"og:image:height\" content=\"2560\" \/>\n\t<meta property=\"og:image:type\" content=\"image\/jpeg\" \/>\n<meta name=\"twitter:card\" content=\"summary_large_image\" \/>\n<meta name=\"twitter:label1\" content=\"Est. reading time\" \/>\n\t<meta name=\"twitter:data1\" content=\"1 minute\" \/>\n<script type=\"application\/ld+json\" class=\"yoast-schema-graph\">{\"@context\":\"https:\/\/schema.org\",\"@graph\":[{\"@type\":\"WebPage\",\"@id\":\"https:\/\/www.istegroup.com\/fr\/produit\/la-modelisation-denvironnements-numeriques-dapprentissage-de-nouvelle-generation\/\",\"url\":\"https:\/\/www.istegroup.com\/fr\/produit\/la-modelisation-denvironnements-numeriques-dapprentissage-de-nouvelle-generation\/\",\"name\":\"La mod\u00e9lisation d\u2019environnements num\u00e9riques d\u2019apprentissage de nouvelle g\u00e9n\u00e9ration - ISTE Group\",\"isPartOf\":{\"@id\":\"https:\/\/www.istegroup.com\/#website\"},\"primaryImageOfPage\":{\"@id\":\"https:\/\/www.istegroup.com\/fr\/produit\/la-modelisation-denvironnements-numeriques-dapprentissage-de-nouvelle-generation\/#primaryimage\"},\"image\":{\"@id\":\"https:\/\/www.istegroup.com\/fr\/produit\/la-modelisation-denvironnements-numeriques-dapprentissage-de-nouvelle-generation\/#primaryimage\"},\"thumbnailUrl\":\"https:\/\/www.istegroup.com\/wp-content\/uploads\/2018\/03\/Trestini_Front-scaled.jpg\",\"datePublished\":\"2018-03-26T13:32:34+00:00\",\"dateModified\":\"2024-01-03T13:41:25+00:00\",\"description\":\"Cet ouvrage pr\u00e9sente et met en lumi\u00e8re l'apport de la th\u00e9orie des syst\u00e8mes complexes \u00e0 l\u2019\u00e9tude du comportement d\u2019ENA de nouvelle g\u00e9n\u00e9ration. Il d\u00e9crit en d\u00e9tail une d\u00e9marche r\u00e9aliste et propose des outils de pilotage efficaces.\",\"breadcrumb\":{\"@id\":\"https:\/\/www.istegroup.com\/fr\/produit\/la-modelisation-denvironnements-numeriques-dapprentissage-de-nouvelle-generation\/#breadcrumb\"},\"inLanguage\":\"fr-FR\",\"potentialAction\":[{\"@type\":\"ReadAction\",\"target\":[\"https:\/\/www.istegroup.com\/fr\/produit\/la-modelisation-denvironnements-numeriques-dapprentissage-de-nouvelle-generation\/\"]}]},{\"@type\":\"ImageObject\",\"inLanguage\":\"fr-FR\",\"@id\":\"https:\/\/www.istegroup.com\/fr\/produit\/la-modelisation-denvironnements-numeriques-dapprentissage-de-nouvelle-generation\/#primaryimage\",\"url\":\"https:\/\/www.istegroup.com\/wp-content\/uploads\/2018\/03\/Trestini_Front-scaled.jpg\",\"contentUrl\":\"https:\/\/www.istegroup.com\/wp-content\/uploads\/2018\/03\/Trestini_Front-scaled.jpg\",\"width\":1701,\"height\":2560,\"caption\":\"La mod\u00e9lisation d\u2019environnements num\u00e9riques d\u2019apprentissage de nouvelle g\u00e9n\u00e9ration\"},{\"@type\":\"BreadcrumbList\",\"@id\":\"https:\/\/www.istegroup.com\/fr\/produit\/la-modelisation-denvironnements-numeriques-dapprentissage-de-nouvelle-generation\/#breadcrumb\",\"itemListElement\":[{\"@type\":\"ListItem\",\"position\":1,\"name\":\"Home\",\"item\":\"https:\/\/www.istegroup.com\/\"},{\"@type\":\"ListItem\",\"position\":2,\"name\":\"Shop\",\"item\":\"https:\/\/www.istegroup.com\/fr\/nouveautes\/\"},{\"@type\":\"ListItem\",\"position\":3,\"name\":\"La mod\u00e9lisation d\u2019environnements num\u00e9riques d\u2019apprentissage de nouvelle g\u00e9n\u00e9ration\"}]},{\"@type\":\"WebSite\",\"@id\":\"https:\/\/www.istegroup.com\/#website\",\"url\":\"https:\/\/www.istegroup.com\/\",\"name\":\"ISTE Group\",\"description\":\"\u00c9diteur des Sciences\",\"potentialAction\":[{\"@type\":\"SearchAction\",\"target\":{\"@type\":\"EntryPoint\",\"urlTemplate\":\"https:\/\/www.istegroup.com\/?s={search_term_string}\"},\"query-input\":{\"@type\":\"PropertyValueSpecification\",\"valueRequired\":true,\"valueName\":\"search_term_string\"}}],\"inLanguage\":\"fr-FR\"}]}<\/script>\n<!-- \/ Yoast SEO plugin. -->","yoast_head_json":{"title":"La mod\u00e9lisation d\u2019environnements num\u00e9riques d\u2019apprentissage de nouvelle g\u00e9n\u00e9ration - ISTE Group","description":"Cet ouvrage pr\u00e9sente et met en lumi\u00e8re l'apport de la th\u00e9orie des syst\u00e8mes complexes \u00e0 l\u2019\u00e9tude du comportement d\u2019ENA de nouvelle g\u00e9n\u00e9ration. Il d\u00e9crit en d\u00e9tail une d\u00e9marche r\u00e9aliste et propose des outils de pilotage efficaces.","robots":{"index":"index","follow":"follow","max-snippet":"max-snippet:-1","max-image-preview":"max-image-preview:large","max-video-preview":"max-video-preview:-1"},"canonical":"https:\/\/www.istegroup.com\/fr\/produit\/la-modelisation-denvironnements-numeriques-dapprentissage-de-nouvelle-generation\/","og_locale":"fr_FR","og_type":"article","og_title":"La mod\u00e9lisation d\u2019environnements num\u00e9riques d\u2019apprentissage de nouvelle g\u00e9n\u00e9ration - ISTE Group","og_description":"Cet ouvrage pr\u00e9sente et met en lumi\u00e8re l'apport de la th\u00e9orie des syst\u00e8mes complexes \u00e0 l\u2019\u00e9tude du comportement d\u2019ENA de nouvelle g\u00e9n\u00e9ration. Il d\u00e9crit en d\u00e9tail une d\u00e9marche r\u00e9aliste et propose des outils de pilotage efficaces.","og_url":"https:\/\/www.istegroup.com\/fr\/produit\/la-modelisation-denvironnements-numeriques-dapprentissage-de-nouvelle-generation\/","og_site_name":"ISTE Group","article_modified_time":"2024-01-03T13:41:25+00:00","og_image":[{"width":1701,"height":2560,"url":"https:\/\/www.istegroup.com\/wp-content\/uploads\/2018\/03\/Trestini_Front-scaled.jpg","type":"image\/jpeg"}],"twitter_card":"summary_large_image","twitter_misc":{"Est. reading time":"1 minute"},"schema":{"@context":"https:\/\/schema.org","@graph":[{"@type":"WebPage","@id":"https:\/\/www.istegroup.com\/fr\/produit\/la-modelisation-denvironnements-numeriques-dapprentissage-de-nouvelle-generation\/","url":"https:\/\/www.istegroup.com\/fr\/produit\/la-modelisation-denvironnements-numeriques-dapprentissage-de-nouvelle-generation\/","name":"La mod\u00e9lisation d\u2019environnements num\u00e9riques d\u2019apprentissage de nouvelle g\u00e9n\u00e9ration - ISTE Group","isPartOf":{"@id":"https:\/\/www.istegroup.com\/#website"},"primaryImageOfPage":{"@id":"https:\/\/www.istegroup.com\/fr\/produit\/la-modelisation-denvironnements-numeriques-dapprentissage-de-nouvelle-generation\/#primaryimage"},"image":{"@id":"https:\/\/www.istegroup.com\/fr\/produit\/la-modelisation-denvironnements-numeriques-dapprentissage-de-nouvelle-generation\/#primaryimage"},"thumbnailUrl":"https:\/\/www.istegroup.com\/wp-content\/uploads\/2018\/03\/Trestini_Front-scaled.jpg","datePublished":"2018-03-26T13:32:34+00:00","dateModified":"2024-01-03T13:41:25+00:00","description":"Cet ouvrage pr\u00e9sente et met en lumi\u00e8re l'apport de la th\u00e9orie des syst\u00e8mes complexes \u00e0 l\u2019\u00e9tude du comportement d\u2019ENA de nouvelle g\u00e9n\u00e9ration. Il d\u00e9crit en d\u00e9tail une d\u00e9marche r\u00e9aliste et propose des outils de pilotage efficaces.","breadcrumb":{"@id":"https:\/\/www.istegroup.com\/fr\/produit\/la-modelisation-denvironnements-numeriques-dapprentissage-de-nouvelle-generation\/#breadcrumb"},"inLanguage":"fr-FR","potentialAction":[{"@type":"ReadAction","target":["https:\/\/www.istegroup.com\/fr\/produit\/la-modelisation-denvironnements-numeriques-dapprentissage-de-nouvelle-generation\/"]}]},{"@type":"ImageObject","inLanguage":"fr-FR","@id":"https:\/\/www.istegroup.com\/fr\/produit\/la-modelisation-denvironnements-numeriques-dapprentissage-de-nouvelle-generation\/#primaryimage","url":"https:\/\/www.istegroup.com\/wp-content\/uploads\/2018\/03\/Trestini_Front-scaled.jpg","contentUrl":"https:\/\/www.istegroup.com\/wp-content\/uploads\/2018\/03\/Trestini_Front-scaled.jpg","width":1701,"height":2560,"caption":"La mod\u00e9lisation d\u2019environnements num\u00e9riques d\u2019apprentissage de nouvelle g\u00e9n\u00e9ration"},{"@type":"BreadcrumbList","@id":"https:\/\/www.istegroup.com\/fr\/produit\/la-modelisation-denvironnements-numeriques-dapprentissage-de-nouvelle-generation\/#breadcrumb","itemListElement":[{"@type":"ListItem","position":1,"name":"Home","item":"https:\/\/www.istegroup.com\/"},{"@type":"ListItem","position":2,"name":"Shop","item":"https:\/\/www.istegroup.com\/fr\/nouveautes\/"},{"@type":"ListItem","position":3,"name":"La mod\u00e9lisation d\u2019environnements num\u00e9riques d\u2019apprentissage de nouvelle g\u00e9n\u00e9ration"}]},{"@type":"WebSite","@id":"https:\/\/www.istegroup.com\/#website","url":"https:\/\/www.istegroup.com\/","name":"ISTE Group","description":"\u00c9diteur des Sciences","potentialAction":[{"@type":"SearchAction","target":{"@type":"EntryPoint","urlTemplate":"https:\/\/www.istegroup.com\/?s={search_term_string}"},"query-input":{"@type":"PropertyValueSpecification","valueRequired":true,"valueName":"search_term_string"}}],"inLanguage":"fr-FR"}]}},"_links":{"self":[{"href":"https:\/\/www.istegroup.com\/fr\/wp-json\/wp\/v2\/product\/11314","targetHints":{"allow":["GET"]}}],"collection":[{"href":"https:\/\/www.istegroup.com\/fr\/wp-json\/wp\/v2\/product"}],"about":[{"href":"https:\/\/www.istegroup.com\/fr\/wp-json\/wp\/v2\/types\/product"}],"wp:featuredmedia":[{"embeddable":true,"href":"https:\/\/www.istegroup.com\/fr\/wp-json\/wp\/v2\/media\/11318"}],"wp:attachment":[{"href":"https:\/\/www.istegroup.com\/fr\/wp-json\/wp\/v2\/media?parent=11314"}],"wp:term":[{"taxonomy":"product_brand","embeddable":true,"href":"https:\/\/www.istegroup.com\/fr\/wp-json\/wp\/v2\/product_brand?post=11314"},{"taxonomy":"product_cat","embeddable":true,"href":"https:\/\/www.istegroup.com\/fr\/wp-json\/wp\/v2\/product_cat?post=11314"},{"taxonomy":"product_tag","embeddable":true,"href":"https:\/\/www.istegroup.com\/fr\/wp-json\/wp\/v2\/product_tag?post=11314"}],"curies":[{"name":"wp","href":"https:\/\/api.w.org\/{rel}","templated":true}]}}