{"id":11305,"date":"2018-03-26T15:27:45","date_gmt":"2018-03-26T13:27:45","guid":{"rendered":"https:\/\/iste.yhello.co\/?post_type=product&#038;p=11305"},"modified":"2024-01-03T13:41:25","modified_gmt":"2024-01-03T13:41:25","slug":"chimie-inorganique","status":"publish","type":"product","link":"https:\/\/www.istegroup.com\/fr\/produit\/chimie-inorganique\/","title":{"rendered":"Chimie inorganique"},"content":{"rendered":"<p><em>Chimie inorganique<\/em>\u00a0examine la structure des cristaux \u00e0 travers une lecture de la classification qui s\u2019appuie sur les caract\u00e9ristiques des atomes et des ions (\u00e9lectron\u00e9gativit\u00e9, potentiel d\u2019ionisation, \u00e9nergie de fixation \u00e9lectronique, etc.).<\/p>\n<p>Il expose les fondements de la cristallographie \u00e0 partir d\u2019observations et d\u2019analyses empiriques de la structure des m\u00e9taux qui seront utiles dans la description des cristaux ioniques ; il pr\u00e9sente \u00e9galement les cristaux type en fonction de la complexit\u00e9 de leur formule chimique et de leur empilement.<\/p>\n<p>Dans cet ouvrage, la m\u00e9moire visuelle est largement sollicit\u00e9e par de nombreuses repr\u00e9sentations 3D originales et des notions comme l\u2019ionicit\u00e9 ou la disponibilit\u00e9 spatiale permettent une approche simple et efficace de la structure des cristaux et de la nature de leurs liaisons.<\/p>\n","protected":false},"excerpt":{"rendered":"<p>Chimie inorganique\u00a0examine la structure des cristaux \u00e0 travers une lecture de la classification qui s\u2019appuie sur les caract\u00e9ristiques des atomes et des ions (\u00e9lectron\u00e9gativit\u00e9, potentiel d\u2019ionisation, \u00e9nergie de fixation \u00e9lectronique, etc.). Il expose les fondements de la cristallographie \u00e0 partir d\u2019observations et d\u2019analyses empiriques de la structure des m\u00e9taux qui seront utiles dans la description [&hellip;]<\/p>\n","protected":false},"featured_media":11313,"template":"","meta":{"_acf_changed":false,"_links_to":"","_links_to_target":""},"product_brand":[],"product_cat":[3262],"product_tag":[],"class_list":{"0":"post-11305","1":"product","2":"type-product","3":"status-publish","4":"has-post-thumbnail","6":"product_cat-non-classe","8":"first","9":"instock","10":"shipping-taxable","11":"purchasable","12":"product-type-variable"},"acf":[],"yoast_head":"<!-- This site is optimized with the Yoast SEO plugin v27.2 - https:\/\/yoast.com\/product\/yoast-seo-wordpress\/ -->\n<title>Chimie inorganique - ISTE Group<\/title>\n<meta name=\"description\" content=\"Chimie inorganique\u00a0examine la structure des cristaux \u00e0 travers une lecture de la classification qui s\u2019appuie sur les caract\u00e9ristiques des atomes et des ions (\u00e9lectron\u00e9gativit\u00e9, potentiel d\u2019ionisation, \u00e9nergie de fixation \u00e9lectronique, etc.).\" \/>\n<meta name=\"robots\" content=\"index, follow, max-snippet:-1, max-image-preview:large, max-video-preview:-1\" \/>\n<link rel=\"canonical\" href=\"https:\/\/www.istegroup.com\/fr\/produit\/chimie-inorganique\/\" \/>\n<meta property=\"og:locale\" content=\"fr_FR\" \/>\n<meta property=\"og:type\" content=\"article\" \/>\n<meta property=\"og:title\" content=\"Chimie inorganique - ISTE Group\" \/>\n<meta property=\"og:description\" content=\"Chimie inorganique\u00a0examine la structure des cristaux \u00e0 travers une lecture de la classification qui s\u2019appuie sur les caract\u00e9ristiques des atomes et des ions (\u00e9lectron\u00e9gativit\u00e9, potentiel d\u2019ionisation, \u00e9nergie de fixation \u00e9lectronique, etc.).\" \/>\n<meta property=\"og:url\" content=\"https:\/\/www.istegroup.com\/fr\/produit\/chimie-inorganique\/\" \/>\n<meta property=\"og:site_name\" content=\"ISTE Group\" \/>\n<meta property=\"article:modified_time\" content=\"2024-01-03T13:41:25+00:00\" \/>\n<meta property=\"og:image\" content=\"https:\/\/www.istegroup.com\/wp-content\/uploads\/2018\/03\/Valls_Front-scaled.jpg\" \/>\n\t<meta property=\"og:image:width\" content=\"1689\" \/>\n\t<meta property=\"og:image:height\" content=\"2560\" \/>\n\t<meta property=\"og:image:type\" content=\"image\/jpeg\" \/>\n<meta name=\"twitter:card\" content=\"summary_large_image\" \/>\n<meta name=\"twitter:label1\" content=\"Est. reading time\" \/>\n\t<meta name=\"twitter:data1\" content=\"1 minute\" \/>\n<script type=\"application\/ld+json\" class=\"yoast-schema-graph\">{\"@context\":\"https:\/\/schema.org\",\"@graph\":[{\"@type\":\"WebPage\",\"@id\":\"https:\/\/www.istegroup.com\/fr\/produit\/chimie-inorganique\/\",\"url\":\"https:\/\/www.istegroup.com\/fr\/produit\/chimie-inorganique\/\",\"name\":\"Chimie inorganique - ISTE Group\",\"isPartOf\":{\"@id\":\"https:\/\/www.istegroup.com\/#website\"},\"primaryImageOfPage\":{\"@id\":\"https:\/\/www.istegroup.com\/fr\/produit\/chimie-inorganique\/#primaryimage\"},\"image\":{\"@id\":\"https:\/\/www.istegroup.com\/fr\/produit\/chimie-inorganique\/#primaryimage\"},\"thumbnailUrl\":\"https:\/\/www.istegroup.com\/wp-content\/uploads\/2018\/03\/Valls_Front-scaled.jpg\",\"datePublished\":\"2018-03-26T13:27:45+00:00\",\"dateModified\":\"2024-01-03T13:41:25+00:00\",\"description\":\"Chimie inorganique\u00a0examine la structure des cristaux \u00e0 travers une lecture de la classification qui s\u2019appuie sur les caract\u00e9ristiques des atomes et des ions (\u00e9lectron\u00e9gativit\u00e9, potentiel d\u2019ionisation, \u00e9nergie de fixation \u00e9lectronique, etc.).\",\"breadcrumb\":{\"@id\":\"https:\/\/www.istegroup.com\/fr\/produit\/chimie-inorganique\/#breadcrumb\"},\"inLanguage\":\"fr-FR\",\"potentialAction\":[{\"@type\":\"ReadAction\",\"target\":[\"https:\/\/www.istegroup.com\/fr\/produit\/chimie-inorganique\/\"]}]},{\"@type\":\"ImageObject\",\"inLanguage\":\"fr-FR\",\"@id\":\"https:\/\/www.istegroup.com\/fr\/produit\/chimie-inorganique\/#primaryimage\",\"url\":\"https:\/\/www.istegroup.com\/wp-content\/uploads\/2018\/03\/Valls_Front-scaled.jpg\",\"contentUrl\":\"https:\/\/www.istegroup.com\/wp-content\/uploads\/2018\/03\/Valls_Front-scaled.jpg\",\"width\":1689,\"height\":2560,\"caption\":\"De la classification p\u00e9riodique au cristal\"},{\"@type\":\"BreadcrumbList\",\"@id\":\"https:\/\/www.istegroup.com\/fr\/produit\/chimie-inorganique\/#breadcrumb\",\"itemListElement\":[{\"@type\":\"ListItem\",\"position\":1,\"name\":\"Home\",\"item\":\"https:\/\/www.istegroup.com\/\"},{\"@type\":\"ListItem\",\"position\":2,\"name\":\"Shop\",\"item\":\"https:\/\/www.istegroup.com\/fr\/nouveautes\/\"},{\"@type\":\"ListItem\",\"position\":3,\"name\":\"Chimie inorganique\"}]},{\"@type\":\"WebSite\",\"@id\":\"https:\/\/www.istegroup.com\/#website\",\"url\":\"https:\/\/www.istegroup.com\/\",\"name\":\"ISTE Group\",\"description\":\"\u00c9diteur des Sciences\",\"potentialAction\":[{\"@type\":\"SearchAction\",\"target\":{\"@type\":\"EntryPoint\",\"urlTemplate\":\"https:\/\/www.istegroup.com\/?s={search_term_string}\"},\"query-input\":{\"@type\":\"PropertyValueSpecification\",\"valueRequired\":true,\"valueName\":\"search_term_string\"}}],\"inLanguage\":\"fr-FR\"}]}<\/script>\n<!-- \/ Yoast SEO plugin. -->","yoast_head_json":{"title":"Chimie inorganique - ISTE Group","description":"Chimie inorganique\u00a0examine la structure des cristaux \u00e0 travers une lecture de la classification qui s\u2019appuie sur les caract\u00e9ristiques des atomes et des ions (\u00e9lectron\u00e9gativit\u00e9, potentiel d\u2019ionisation, \u00e9nergie de fixation \u00e9lectronique, etc.).","robots":{"index":"index","follow":"follow","max-snippet":"max-snippet:-1","max-image-preview":"max-image-preview:large","max-video-preview":"max-video-preview:-1"},"canonical":"https:\/\/www.istegroup.com\/fr\/produit\/chimie-inorganique\/","og_locale":"fr_FR","og_type":"article","og_title":"Chimie inorganique - ISTE Group","og_description":"Chimie inorganique\u00a0examine la structure des cristaux \u00e0 travers une lecture de la classification qui s\u2019appuie sur les caract\u00e9ristiques des atomes et des ions (\u00e9lectron\u00e9gativit\u00e9, potentiel d\u2019ionisation, \u00e9nergie de fixation \u00e9lectronique, etc.).","og_url":"https:\/\/www.istegroup.com\/fr\/produit\/chimie-inorganique\/","og_site_name":"ISTE Group","article_modified_time":"2024-01-03T13:41:25+00:00","og_image":[{"width":1689,"height":2560,"url":"https:\/\/www.istegroup.com\/wp-content\/uploads\/2018\/03\/Valls_Front-scaled.jpg","type":"image\/jpeg"}],"twitter_card":"summary_large_image","twitter_misc":{"Est. reading time":"1 minute"},"schema":{"@context":"https:\/\/schema.org","@graph":[{"@type":"WebPage","@id":"https:\/\/www.istegroup.com\/fr\/produit\/chimie-inorganique\/","url":"https:\/\/www.istegroup.com\/fr\/produit\/chimie-inorganique\/","name":"Chimie inorganique - ISTE Group","isPartOf":{"@id":"https:\/\/www.istegroup.com\/#website"},"primaryImageOfPage":{"@id":"https:\/\/www.istegroup.com\/fr\/produit\/chimie-inorganique\/#primaryimage"},"image":{"@id":"https:\/\/www.istegroup.com\/fr\/produit\/chimie-inorganique\/#primaryimage"},"thumbnailUrl":"https:\/\/www.istegroup.com\/wp-content\/uploads\/2018\/03\/Valls_Front-scaled.jpg","datePublished":"2018-03-26T13:27:45+00:00","dateModified":"2024-01-03T13:41:25+00:00","description":"Chimie inorganique\u00a0examine la structure des cristaux \u00e0 travers une lecture de la classification qui s\u2019appuie sur les caract\u00e9ristiques des atomes et des ions (\u00e9lectron\u00e9gativit\u00e9, potentiel d\u2019ionisation, \u00e9nergie de fixation \u00e9lectronique, etc.).","breadcrumb":{"@id":"https:\/\/www.istegroup.com\/fr\/produit\/chimie-inorganique\/#breadcrumb"},"inLanguage":"fr-FR","potentialAction":[{"@type":"ReadAction","target":["https:\/\/www.istegroup.com\/fr\/produit\/chimie-inorganique\/"]}]},{"@type":"ImageObject","inLanguage":"fr-FR","@id":"https:\/\/www.istegroup.com\/fr\/produit\/chimie-inorganique\/#primaryimage","url":"https:\/\/www.istegroup.com\/wp-content\/uploads\/2018\/03\/Valls_Front-scaled.jpg","contentUrl":"https:\/\/www.istegroup.com\/wp-content\/uploads\/2018\/03\/Valls_Front-scaled.jpg","width":1689,"height":2560,"caption":"De la classification p\u00e9riodique au cristal"},{"@type":"BreadcrumbList","@id":"https:\/\/www.istegroup.com\/fr\/produit\/chimie-inorganique\/#breadcrumb","itemListElement":[{"@type":"ListItem","position":1,"name":"Home","item":"https:\/\/www.istegroup.com\/"},{"@type":"ListItem","position":2,"name":"Shop","item":"https:\/\/www.istegroup.com\/fr\/nouveautes\/"},{"@type":"ListItem","position":3,"name":"Chimie inorganique"}]},{"@type":"WebSite","@id":"https:\/\/www.istegroup.com\/#website","url":"https:\/\/www.istegroup.com\/","name":"ISTE Group","description":"\u00c9diteur des Sciences","potentialAction":[{"@type":"SearchAction","target":{"@type":"EntryPoint","urlTemplate":"https:\/\/www.istegroup.com\/?s={search_term_string}"},"query-input":{"@type":"PropertyValueSpecification","valueRequired":true,"valueName":"search_term_string"}}],"inLanguage":"fr-FR"}]}},"_links":{"self":[{"href":"https:\/\/www.istegroup.com\/fr\/wp-json\/wp\/v2\/product\/11305","targetHints":{"allow":["GET"]}}],"collection":[{"href":"https:\/\/www.istegroup.com\/fr\/wp-json\/wp\/v2\/product"}],"about":[{"href":"https:\/\/www.istegroup.com\/fr\/wp-json\/wp\/v2\/types\/product"}],"wp:featuredmedia":[{"embeddable":true,"href":"https:\/\/www.istegroup.com\/fr\/wp-json\/wp\/v2\/media\/11313"}],"wp:attachment":[{"href":"https:\/\/www.istegroup.com\/fr\/wp-json\/wp\/v2\/media?parent=11305"}],"wp:term":[{"taxonomy":"product_brand","embeddable":true,"href":"https:\/\/www.istegroup.com\/fr\/wp-json\/wp\/v2\/product_brand?post=11305"},{"taxonomy":"product_cat","embeddable":true,"href":"https:\/\/www.istegroup.com\/fr\/wp-json\/wp\/v2\/product_cat?post=11305"},{"taxonomy":"product_tag","embeddable":true,"href":"https:\/\/www.istegroup.com\/fr\/wp-json\/wp\/v2\/product_tag?post=11305"}],"curies":[{"name":"wp","href":"https:\/\/api.w.org\/{rel}","templated":true}]}}