{"id":11298,"date":"2017-09-26T15:17:29","date_gmt":"2017-09-26T13:17:29","guid":{"rendered":"https:\/\/iste.yhello.co\/?post_type=product&#038;p=11298"},"modified":"2024-01-03T13:41:25","modified_gmt":"2024-01-03T13:41:25","slug":"bibliotheques-numeriques-et-crowdsourcing","status":"publish","type":"product","link":"https:\/\/www.istegroup.com\/fr\/produit\/bibliotheques-numeriques-et-crowdsourcing\/","title":{"rendered":"Biblioth\u00e8ques num\u00e9riques et crowdsourcing"},"content":{"rendered":"<p>Afin d\u2019externaliser certaines t\u00e2ches, les biblioth\u00e8ques font d\u00e9sormais appel \u00e0 des foules d\u2019internautes, rendant plus collaborative leur relation avec les usagers.<\/p>\n<p>Ces internautes sont b\u00e9n\u00e9voles ou r\u00e9mun\u00e9r\u00e9s, travaillent consciemment, inconsciemment ou sous la forme de jeux. Ils repr\u00e9sentent une force de travail et apportent des comp\u00e9tences, des connaissances et des ressources financi\u00e8res dont les biblioth\u00e8ques ont grand besoin afin de r\u00e9aliser des objectifs jusque-l\u00e0 inimaginables.<\/p>\n<p>Apr\u00e8s avoir examin\u00e9 les cons\u00e9quences de ce nouveau mod\u00e8le sur les biblioth\u00e8ques,\u00a0<em>Biblioth\u00e8ques num\u00e9riques et crowdsourcing<\/em>\u00a0offre un panorama des projets dans les domaines de la num\u00e9risation \u00e0 la demande et de la correction participative de la reconnaissance optique des caract\u00e8res (OCR). Il pr\u00e9sente \u00e9galement un \u00e9tat de l\u2019art concernant les types de projets, la communication, le recrutement, les motivations des internautes, la sociologie des contributeurs, la qualit\u00e9 du travail, l\u2019\u00e9valuation des projets et la conduite du changement.<\/p>\n","protected":false},"excerpt":{"rendered":"<p>Afin d\u2019externaliser certaines t\u00e2ches, les biblioth\u00e8ques font d\u00e9sormais appel \u00e0 des foules d\u2019internautes, rendant plus collaborative leur relation avec les usagers. Ces internautes sont b\u00e9n\u00e9voles ou r\u00e9mun\u00e9r\u00e9s, travaillent consciemment, inconsciemment ou sous la forme de jeux. Ils repr\u00e9sentent une force de travail et apportent des comp\u00e9tences, des connaissances et des ressources financi\u00e8res dont les biblioth\u00e8ques [&hellip;]<\/p>\n","protected":false},"featured_media":11304,"template":"","meta":{"_acf_changed":false,"_links_to":"","_links_to_target":""},"product_brand":[],"product_cat":[3262],"product_tag":[],"class_list":{"0":"post-11298","1":"product","2":"type-product","3":"status-publish","4":"has-post-thumbnail","6":"product_cat-non-classe","8":"first","9":"instock","10":"shipping-taxable","11":"purchasable","12":"product-type-variable"},"acf":[],"yoast_head":"<!-- This site is optimized with the Yoast SEO plugin v27.2 - https:\/\/yoast.com\/product\/yoast-seo-wordpress\/ -->\n<title>Biblioth\u00e8ques num\u00e9riques et crowdsourcing - ISTE Group<\/title>\n<meta name=\"description\" content=\"Biblioth\u00e8ques num\u00e9riques et crowdsourcing\u00a0offre un panorama des projets dans les domaines de la num\u00e9risation \u00e0 la demande et de la correction participative de la reconnaissance optique des caract\u00e8res (OCR).\" \/>\n<meta name=\"robots\" content=\"index, follow, max-snippet:-1, max-image-preview:large, max-video-preview:-1\" \/>\n<link rel=\"canonical\" href=\"https:\/\/www.istegroup.com\/fr\/produit\/bibliotheques-numeriques-et-crowdsourcing\/\" \/>\n<meta property=\"og:locale\" content=\"fr_FR\" \/>\n<meta property=\"og:type\" content=\"article\" \/>\n<meta property=\"og:title\" content=\"Biblioth\u00e8ques num\u00e9riques et crowdsourcing - ISTE Group\" \/>\n<meta property=\"og:description\" content=\"Biblioth\u00e8ques num\u00e9riques et crowdsourcing\u00a0offre un panorama des projets dans les domaines de la num\u00e9risation \u00e0 la demande et de la correction participative de la reconnaissance optique des caract\u00e8res (OCR).\" \/>\n<meta property=\"og:url\" content=\"https:\/\/www.istegroup.com\/fr\/produit\/bibliotheques-numeriques-et-crowdsourcing\/\" \/>\n<meta property=\"og:site_name\" content=\"ISTE Group\" \/>\n<meta property=\"article:modified_time\" content=\"2024-01-03T13:41:25+00:00\" \/>\n<meta property=\"og:image\" content=\"https:\/\/www.istegroup.com\/wp-content\/uploads\/2018\/03\/andro_front.png\" \/>\n\t<meta property=\"og:image:width\" content=\"578\" \/>\n\t<meta property=\"og:image:height\" content=\"878\" \/>\n\t<meta property=\"og:image:type\" content=\"image\/png\" \/>\n<meta name=\"twitter:card\" content=\"summary_large_image\" \/>\n<meta name=\"twitter:label1\" content=\"Est. reading time\" \/>\n\t<meta name=\"twitter:data1\" content=\"1 minute\" \/>\n<script type=\"application\/ld+json\" class=\"yoast-schema-graph\">{\"@context\":\"https:\/\/schema.org\",\"@graph\":[{\"@type\":\"WebPage\",\"@id\":\"https:\/\/www.istegroup.com\/fr\/produit\/bibliotheques-numeriques-et-crowdsourcing\/\",\"url\":\"https:\/\/www.istegroup.com\/fr\/produit\/bibliotheques-numeriques-et-crowdsourcing\/\",\"name\":\"Biblioth\u00e8ques num\u00e9riques et crowdsourcing - ISTE Group\",\"isPartOf\":{\"@id\":\"https:\/\/www.istegroup.com\/#website\"},\"primaryImageOfPage\":{\"@id\":\"https:\/\/www.istegroup.com\/fr\/produit\/bibliotheques-numeriques-et-crowdsourcing\/#primaryimage\"},\"image\":{\"@id\":\"https:\/\/www.istegroup.com\/fr\/produit\/bibliotheques-numeriques-et-crowdsourcing\/#primaryimage\"},\"thumbnailUrl\":\"https:\/\/www.istegroup.com\/wp-content\/uploads\/2018\/03\/andro_front.png\",\"datePublished\":\"2017-09-26T13:17:29+00:00\",\"dateModified\":\"2024-01-03T13:41:25+00:00\",\"description\":\"Biblioth\u00e8ques num\u00e9riques et crowdsourcing\u00a0offre un panorama des projets dans les domaines de la num\u00e9risation \u00e0 la demande et de la correction participative de la reconnaissance optique des caract\u00e8res (OCR).\",\"breadcrumb\":{\"@id\":\"https:\/\/www.istegroup.com\/fr\/produit\/bibliotheques-numeriques-et-crowdsourcing\/#breadcrumb\"},\"inLanguage\":\"fr-FR\",\"potentialAction\":[{\"@type\":\"ReadAction\",\"target\":[\"https:\/\/www.istegroup.com\/fr\/produit\/bibliotheques-numeriques-et-crowdsourcing\/\"]}]},{\"@type\":\"ImageObject\",\"inLanguage\":\"fr-FR\",\"@id\":\"https:\/\/www.istegroup.com\/fr\/produit\/bibliotheques-numeriques-et-crowdsourcing\/#primaryimage\",\"url\":\"https:\/\/www.istegroup.com\/wp-content\/uploads\/2018\/03\/andro_front.png\",\"contentUrl\":\"https:\/\/www.istegroup.com\/wp-content\/uploads\/2018\/03\/andro_front.png\",\"width\":578,\"height\":878,\"caption\":\"Biblioth\u00e8ques num\u00e9riques et crowdsourcing\"},{\"@type\":\"BreadcrumbList\",\"@id\":\"https:\/\/www.istegroup.com\/fr\/produit\/bibliotheques-numeriques-et-crowdsourcing\/#breadcrumb\",\"itemListElement\":[{\"@type\":\"ListItem\",\"position\":1,\"name\":\"Home\",\"item\":\"https:\/\/www.istegroup.com\/\"},{\"@type\":\"ListItem\",\"position\":2,\"name\":\"Shop\",\"item\":\"https:\/\/www.istegroup.com\/fr\/nouveautes\/\"},{\"@type\":\"ListItem\",\"position\":3,\"name\":\"Biblioth\u00e8ques num\u00e9riques et crowdsourcing\"}]},{\"@type\":\"WebSite\",\"@id\":\"https:\/\/www.istegroup.com\/#website\",\"url\":\"https:\/\/www.istegroup.com\/\",\"name\":\"ISTE Group\",\"description\":\"\u00c9diteur des Sciences\",\"potentialAction\":[{\"@type\":\"SearchAction\",\"target\":{\"@type\":\"EntryPoint\",\"urlTemplate\":\"https:\/\/www.istegroup.com\/?s={search_term_string}\"},\"query-input\":{\"@type\":\"PropertyValueSpecification\",\"valueRequired\":true,\"valueName\":\"search_term_string\"}}],\"inLanguage\":\"fr-FR\"}]}<\/script>\n<!-- \/ Yoast SEO plugin. -->","yoast_head_json":{"title":"Biblioth\u00e8ques num\u00e9riques et crowdsourcing - ISTE Group","description":"Biblioth\u00e8ques num\u00e9riques et crowdsourcing\u00a0offre un panorama des projets dans les domaines de la num\u00e9risation \u00e0 la demande et de la correction participative de la reconnaissance optique des caract\u00e8res (OCR).","robots":{"index":"index","follow":"follow","max-snippet":"max-snippet:-1","max-image-preview":"max-image-preview:large","max-video-preview":"max-video-preview:-1"},"canonical":"https:\/\/www.istegroup.com\/fr\/produit\/bibliotheques-numeriques-et-crowdsourcing\/","og_locale":"fr_FR","og_type":"article","og_title":"Biblioth\u00e8ques num\u00e9riques et crowdsourcing - ISTE Group","og_description":"Biblioth\u00e8ques num\u00e9riques et crowdsourcing\u00a0offre un panorama des projets dans les domaines de la num\u00e9risation \u00e0 la demande et de la correction participative de la reconnaissance optique des caract\u00e8res (OCR).","og_url":"https:\/\/www.istegroup.com\/fr\/produit\/bibliotheques-numeriques-et-crowdsourcing\/","og_site_name":"ISTE Group","article_modified_time":"2024-01-03T13:41:25+00:00","og_image":[{"width":578,"height":878,"url":"https:\/\/www.istegroup.com\/wp-content\/uploads\/2018\/03\/andro_front.png","type":"image\/png"}],"twitter_card":"summary_large_image","twitter_misc":{"Est. reading time":"1 minute"},"schema":{"@context":"https:\/\/schema.org","@graph":[{"@type":"WebPage","@id":"https:\/\/www.istegroup.com\/fr\/produit\/bibliotheques-numeriques-et-crowdsourcing\/","url":"https:\/\/www.istegroup.com\/fr\/produit\/bibliotheques-numeriques-et-crowdsourcing\/","name":"Biblioth\u00e8ques num\u00e9riques et crowdsourcing - ISTE Group","isPartOf":{"@id":"https:\/\/www.istegroup.com\/#website"},"primaryImageOfPage":{"@id":"https:\/\/www.istegroup.com\/fr\/produit\/bibliotheques-numeriques-et-crowdsourcing\/#primaryimage"},"image":{"@id":"https:\/\/www.istegroup.com\/fr\/produit\/bibliotheques-numeriques-et-crowdsourcing\/#primaryimage"},"thumbnailUrl":"https:\/\/www.istegroup.com\/wp-content\/uploads\/2018\/03\/andro_front.png","datePublished":"2017-09-26T13:17:29+00:00","dateModified":"2024-01-03T13:41:25+00:00","description":"Biblioth\u00e8ques num\u00e9riques et crowdsourcing\u00a0offre un panorama des projets dans les domaines de la num\u00e9risation \u00e0 la demande et de la correction participative de la reconnaissance optique des caract\u00e8res (OCR).","breadcrumb":{"@id":"https:\/\/www.istegroup.com\/fr\/produit\/bibliotheques-numeriques-et-crowdsourcing\/#breadcrumb"},"inLanguage":"fr-FR","potentialAction":[{"@type":"ReadAction","target":["https:\/\/www.istegroup.com\/fr\/produit\/bibliotheques-numeriques-et-crowdsourcing\/"]}]},{"@type":"ImageObject","inLanguage":"fr-FR","@id":"https:\/\/www.istegroup.com\/fr\/produit\/bibliotheques-numeriques-et-crowdsourcing\/#primaryimage","url":"https:\/\/www.istegroup.com\/wp-content\/uploads\/2018\/03\/andro_front.png","contentUrl":"https:\/\/www.istegroup.com\/wp-content\/uploads\/2018\/03\/andro_front.png","width":578,"height":878,"caption":"Biblioth\u00e8ques num\u00e9riques et crowdsourcing"},{"@type":"BreadcrumbList","@id":"https:\/\/www.istegroup.com\/fr\/produit\/bibliotheques-numeriques-et-crowdsourcing\/#breadcrumb","itemListElement":[{"@type":"ListItem","position":1,"name":"Home","item":"https:\/\/www.istegroup.com\/"},{"@type":"ListItem","position":2,"name":"Shop","item":"https:\/\/www.istegroup.com\/fr\/nouveautes\/"},{"@type":"ListItem","position":3,"name":"Biblioth\u00e8ques num\u00e9riques et crowdsourcing"}]},{"@type":"WebSite","@id":"https:\/\/www.istegroup.com\/#website","url":"https:\/\/www.istegroup.com\/","name":"ISTE Group","description":"\u00c9diteur des Sciences","potentialAction":[{"@type":"SearchAction","target":{"@type":"EntryPoint","urlTemplate":"https:\/\/www.istegroup.com\/?s={search_term_string}"},"query-input":{"@type":"PropertyValueSpecification","valueRequired":true,"valueName":"search_term_string"}}],"inLanguage":"fr-FR"}]}},"_links":{"self":[{"href":"https:\/\/www.istegroup.com\/fr\/wp-json\/wp\/v2\/product\/11298","targetHints":{"allow":["GET"]}}],"collection":[{"href":"https:\/\/www.istegroup.com\/fr\/wp-json\/wp\/v2\/product"}],"about":[{"href":"https:\/\/www.istegroup.com\/fr\/wp-json\/wp\/v2\/types\/product"}],"wp:featuredmedia":[{"embeddable":true,"href":"https:\/\/www.istegroup.com\/fr\/wp-json\/wp\/v2\/media\/11304"}],"wp:attachment":[{"href":"https:\/\/www.istegroup.com\/fr\/wp-json\/wp\/v2\/media?parent=11298"}],"wp:term":[{"taxonomy":"product_brand","embeddable":true,"href":"https:\/\/www.istegroup.com\/fr\/wp-json\/wp\/v2\/product_brand?post=11298"},{"taxonomy":"product_cat","embeddable":true,"href":"https:\/\/www.istegroup.com\/fr\/wp-json\/wp\/v2\/product_cat?post=11298"},{"taxonomy":"product_tag","embeddable":true,"href":"https:\/\/www.istegroup.com\/fr\/wp-json\/wp\/v2\/product_tag?post=11298"}],"curies":[{"name":"wp","href":"https:\/\/api.w.org\/{rel}","templated":true}]}}