{"id":9533,"date":"2018-01-26T20:11:06","date_gmt":"2018-01-26T19:11:06","guid":{"rendered":"https:\/\/iste.yhello.co\/?page_id=9533"},"modified":"2020-07-20T10:32:26","modified_gmt":"2020-07-20T09:32:26","slug":"editorial-organization","status":"publish","type":"page","link":"https:\/\/www.istegroup.com\/fr\/editorial-organization\/","title":{"rendered":"Organisation \u00e9ditoriale"},"content":{"rendered":"<p><\/p>\n<p style=\"text-align: left;\">Le Conseil scientifique d&rsquo;ISTE r\u00e9unit des personnalit\u00e9s acad\u00e9miques de grande notori\u00e9t\u00e9 qui s&rsquo;int\u00e9ressent \u00e0 la diffusion internationale des recherches effectu\u00e9es dans des laboratoires, principalement en France et dans les pays francophones. Il est pr\u00e9sid\u00e9 par Jean-Charles Pomerol, ancien pr\u00e9sident de la plus grande universit\u00e9 scientifique fran\u00e7aise et si\u00e8ge au moins une fois par an.<\/p>\n<p style=\"text-align: left;\">Le Conseil scientifique contribue par ses conseils aux orientations scientifiques des collections, \u00e0 la cr\u00e9ation ou abandon de certains th\u00e8mes, \u00e0 la recherche de responsables scientifiques des s\u00e9ries ou des domaines et th\u00e8mes de l&rsquo;encyclop\u00e9die SCIENCES.<\/p>\n<p style=\"text-align: left;\">Enfin, ses avis sont sollicit\u00e9s sur les grandes questions strat\u00e9giques d&rsquo;ISTE : l&rsquo;extension \u00e0 d&rsquo;autres langues que l&rsquo;anglais, le lancement de nouvelles collections, l&rsquo;\u00e9dition num\u00e9rique et les revues OpenScience.<\/p>\n<p style=\"display: none;\">Alain Bravo<br \/>\nYves Br\u00e9chet<br \/>\nFabienne Casoli<br \/>\nGilberte Chambaud<br \/>\nBruno David<br \/>\nFr\u00e9d\u00e9rique de Fornel<br \/>\nAlain Dollet<br \/>\nBernard Dujon<br \/>\nJean-Claude Duplessy<br \/>\nFran\u00e7oise Gaill<br \/>\nSylvie Leleu-Merviel<br \/>\nMarie-Christine Maurel<br \/>\nGilles Pijaudier-Cabot<br \/>\nOlivier Pironneau<br \/>\nGuy Pujolle<br \/>\nYves R\u00e9mond<br \/>\nCl\u00e9ment Sanchez<br \/>\nSt\u00e9phanie Thi\u00e9bault<\/p>\n<p><\/p>","protected":false},"excerpt":{"rendered":"<p>Le Conseil scientifique d&rsquo;ISTE r\u00e9unit des personnalit\u00e9s acad\u00e9miques de grande notori\u00e9t\u00e9 qui s&rsquo;int\u00e9ressent \u00e0 la diffusion internationale des recherches effectu\u00e9es dans des laboratoires, principalement en France et dans les pays francophones. Il est pr\u00e9sid\u00e9 par Jean-Charles Pomerol, ancien pr\u00e9sident de la plus grande universit\u00e9 scientifique fran\u00e7aise et si\u00e8ge au moins une fois par an. Le [&hellip;]<\/p>\n","protected":false},"author":1,"featured_media":16777,"parent":0,"menu_order":0,"comment_status":"closed","ping_status":"closed","template":"template-board.php","meta":{"_acf_changed":false,"footnotes":"","_links_to":"","_links_to_target":""},"class_list":["post-9533","page","type-page","status-publish","has-post-thumbnail","hentry"],"acf":[],"yoast_head":"<!-- This site is optimized with the Yoast SEO plugin v27.2 - https:\/\/yoast.com\/product\/yoast-seo-wordpress\/ -->\n<title>Organisation \u00e9ditoriale - ISTE Group<\/title>\n<meta name=\"robots\" content=\"index, follow, max-snippet:-1, max-image-preview:large, max-video-preview:-1\" \/>\n<link rel=\"canonical\" href=\"https:\/\/www.istegroup.com\/en\/editorial-organization\/\" \/>\n<meta property=\"og:locale\" content=\"fr_FR\" \/>\n<meta property=\"og:type\" content=\"article\" \/>\n<meta property=\"og:title\" content=\"[:fr]Organisation \u00e9ditoriale[:en]Editorial Organization[:] - ISTE Group\" \/>\n<meta property=\"og:description\" content=\"Le Conseil scientifique d&rsquo;ISTE r\u00e9unit des personnalit\u00e9s acad\u00e9miques de grande notori\u00e9t\u00e9 qui s&rsquo;int\u00e9ressent \u00e0 la diffusion internationale des recherches effectu\u00e9es dans des laboratoires, principalement en France et dans les pays francophones. Il est pr\u00e9sid\u00e9 par Jean-Charles Pomerol, ancien pr\u00e9sident de la plus grande universit\u00e9 scientifique fran\u00e7aise et si\u00e8ge au moins une fois par an. Le [&hellip;]\" \/>\n<meta property=\"og:url\" content=\"https:\/\/www.istegroup.com\/en\/editorial-organization\/\" \/>\n<meta property=\"og:site_name\" content=\"ISTE Group\" \/>\n<meta property=\"article:modified_time\" content=\"2020-07-20T09:32:26+00:00\" \/>\n<meta property=\"og:image\" content=\"https:\/\/www.istegroup.com\/wp-content\/uploads\/2019\/01\/organisation_editoriale-scaled.jpg\" \/>\n\t<meta property=\"og:image:width\" content=\"2560\" \/>\n\t<meta property=\"og:image:height\" content=\"1707\" \/>\n\t<meta property=\"og:image:type\" content=\"image\/jpeg\" \/>\n<meta name=\"twitter:card\" content=\"summary_large_image\" \/>\n<meta name=\"twitter:label1\" content=\"Est. reading time\" \/>\n\t<meta name=\"twitter:data1\" content=\"2 minutes\" \/>\n<script type=\"application\/ld+json\" class=\"yoast-schema-graph\">{\"@context\":\"https:\/\/schema.org\",\"@graph\":[{\"@type\":\"WebPage\",\"@id\":\"https:\/\/www.istegroup.com\/en\/editorial-organization\/\",\"url\":\"https:\/\/www.istegroup.com\/en\/editorial-organization\/\",\"name\":\"[:fr]Organisation \u00e9ditoriale[:en]Editorial Organization[:] - ISTE Group\",\"isPartOf\":{\"@id\":\"https:\/\/www.istegroup.com\/#website\"},\"primaryImageOfPage\":{\"@id\":\"https:\/\/www.istegroup.com\/en\/editorial-organization\/#primaryimage\"},\"image\":{\"@id\":\"https:\/\/www.istegroup.com\/en\/editorial-organization\/#primaryimage\"},\"thumbnailUrl\":\"https:\/\/www.istegroup.com\/wp-content\/uploads\/2019\/01\/organisation_editoriale-scaled.jpg\",\"datePublished\":\"2018-01-26T19:11:06+00:00\",\"dateModified\":\"2020-07-20T09:32:26+00:00\",\"breadcrumb\":{\"@id\":\"https:\/\/www.istegroup.com\/en\/editorial-organization\/#breadcrumb\"},\"inLanguage\":\"fr-FR\",\"potentialAction\":[{\"@type\":\"ReadAction\",\"target\":[\"https:\/\/www.istegroup.com\/en\/editorial-organization\/\"]}]},{\"@type\":\"ImageObject\",\"inLanguage\":\"fr-FR\",\"@id\":\"https:\/\/www.istegroup.com\/en\/editorial-organization\/#primaryimage\",\"url\":\"https:\/\/www.istegroup.com\/wp-content\/uploads\/2019\/01\/organisation_editoriale-scaled.jpg\",\"contentUrl\":\"https:\/\/www.istegroup.com\/wp-content\/uploads\/2019\/01\/organisation_editoriale-scaled.jpg\",\"width\":2560,\"height\":1707},{\"@type\":\"BreadcrumbList\",\"@id\":\"https:\/\/www.istegroup.com\/en\/editorial-organization\/#breadcrumb\",\"itemListElement\":[{\"@type\":\"ListItem\",\"position\":1,\"name\":\"Home\",\"item\":\"https:\/\/www.istegroup.com\/\"},{\"@type\":\"ListItem\",\"position\":2,\"name\":\"Editorial Organization\"}]},{\"@type\":\"WebSite\",\"@id\":\"https:\/\/www.istegroup.com\/#website\",\"url\":\"https:\/\/www.istegroup.com\/\",\"name\":\"ISTE Group\",\"description\":\"\u00c9diteur des Sciences\",\"potentialAction\":[{\"@type\":\"SearchAction\",\"target\":{\"@type\":\"EntryPoint\",\"urlTemplate\":\"https:\/\/www.istegroup.com\/?s={search_term_string}\"},\"query-input\":{\"@type\":\"PropertyValueSpecification\",\"valueRequired\":true,\"valueName\":\"search_term_string\"}}],\"inLanguage\":\"fr-FR\"}]}<\/script>\n<!-- \/ Yoast SEO plugin. -->","yoast_head_json":{"title":"[:fr]Organisation \u00e9ditoriale[:en]Editorial Organization[:] - ISTE Group","robots":{"index":"index","follow":"follow","max-snippet":"max-snippet:-1","max-image-preview":"max-image-preview:large","max-video-preview":"max-video-preview:-1"},"canonical":"https:\/\/www.istegroup.com\/en\/editorial-organization\/","og_locale":"fr_FR","og_type":"article","og_title":"[:fr]Organisation \u00e9ditoriale[:en]Editorial Organization[:] - ISTE Group","og_description":"Le Conseil scientifique d&rsquo;ISTE r\u00e9unit des personnalit\u00e9s acad\u00e9miques de grande notori\u00e9t\u00e9 qui s&rsquo;int\u00e9ressent \u00e0 la diffusion internationale des recherches effectu\u00e9es dans des laboratoires, principalement en France et dans les pays francophones. Il est pr\u00e9sid\u00e9 par Jean-Charles Pomerol, ancien pr\u00e9sident de la plus grande universit\u00e9 scientifique fran\u00e7aise et si\u00e8ge au moins une fois par an. Le [&hellip;]","og_url":"https:\/\/www.istegroup.com\/en\/editorial-organization\/","og_site_name":"ISTE Group","article_modified_time":"2020-07-20T09:32:26+00:00","og_image":[{"width":2560,"height":1707,"url":"https:\/\/www.istegroup.com\/wp-content\/uploads\/2019\/01\/organisation_editoriale-scaled.jpg","type":"image\/jpeg"}],"twitter_card":"summary_large_image","twitter_misc":{"Est. reading time":"2 minutes"},"schema":{"@context":"https:\/\/schema.org","@graph":[{"@type":"WebPage","@id":"https:\/\/www.istegroup.com\/en\/editorial-organization\/","url":"https:\/\/www.istegroup.com\/en\/editorial-organization\/","name":"[:fr]Organisation \u00e9ditoriale[:en]Editorial Organization[:] - ISTE Group","isPartOf":{"@id":"https:\/\/www.istegroup.com\/#website"},"primaryImageOfPage":{"@id":"https:\/\/www.istegroup.com\/en\/editorial-organization\/#primaryimage"},"image":{"@id":"https:\/\/www.istegroup.com\/en\/editorial-organization\/#primaryimage"},"thumbnailUrl":"https:\/\/www.istegroup.com\/wp-content\/uploads\/2019\/01\/organisation_editoriale-scaled.jpg","datePublished":"2018-01-26T19:11:06+00:00","dateModified":"2020-07-20T09:32:26+00:00","breadcrumb":{"@id":"https:\/\/www.istegroup.com\/en\/editorial-organization\/#breadcrumb"},"inLanguage":"fr-FR","potentialAction":[{"@type":"ReadAction","target":["https:\/\/www.istegroup.com\/en\/editorial-organization\/"]}]},{"@type":"ImageObject","inLanguage":"fr-FR","@id":"https:\/\/www.istegroup.com\/en\/editorial-organization\/#primaryimage","url":"https:\/\/www.istegroup.com\/wp-content\/uploads\/2019\/01\/organisation_editoriale-scaled.jpg","contentUrl":"https:\/\/www.istegroup.com\/wp-content\/uploads\/2019\/01\/organisation_editoriale-scaled.jpg","width":2560,"height":1707},{"@type":"BreadcrumbList","@id":"https:\/\/www.istegroup.com\/en\/editorial-organization\/#breadcrumb","itemListElement":[{"@type":"ListItem","position":1,"name":"Home","item":"https:\/\/www.istegroup.com\/"},{"@type":"ListItem","position":2,"name":"Editorial Organization"}]},{"@type":"WebSite","@id":"https:\/\/www.istegroup.com\/#website","url":"https:\/\/www.istegroup.com\/","name":"ISTE Group","description":"\u00c9diteur des Sciences","potentialAction":[{"@type":"SearchAction","target":{"@type":"EntryPoint","urlTemplate":"https:\/\/www.istegroup.com\/?s={search_term_string}"},"query-input":{"@type":"PropertyValueSpecification","valueRequired":true,"valueName":"search_term_string"}}],"inLanguage":"fr-FR"}]}},"_links":{"self":[{"href":"https:\/\/www.istegroup.com\/fr\/wp-json\/wp\/v2\/pages\/9533","targetHints":{"allow":["GET"]}}],"collection":[{"href":"https:\/\/www.istegroup.com\/fr\/wp-json\/wp\/v2\/pages"}],"about":[{"href":"https:\/\/www.istegroup.com\/fr\/wp-json\/wp\/v2\/types\/page"}],"author":[{"embeddable":true,"href":"https:\/\/www.istegroup.com\/fr\/wp-json\/wp\/v2\/users\/1"}],"replies":[{"embeddable":true,"href":"https:\/\/www.istegroup.com\/fr\/wp-json\/wp\/v2\/comments?post=9533"}],"version-history":[{"count":0,"href":"https:\/\/www.istegroup.com\/fr\/wp-json\/wp\/v2\/pages\/9533\/revisions"}],"wp:featuredmedia":[{"embeddable":true,"href":"https:\/\/www.istegroup.com\/fr\/wp-json\/wp\/v2\/media\/16777"}],"wp:attachment":[{"href":"https:\/\/www.istegroup.com\/fr\/wp-json\/wp\/v2\/media?parent=9533"}],"curies":[{"name":"wp","href":"https:\/\/api.w.org\/{rel}","templated":true}]}}