{"id":42338,"date":"2021-06-24T12:02:59","date_gmt":"2021-06-24T11:02:59","guid":{"rendered":"https:\/\/www.istegroup.com\/?page_id=42338"},"modified":"2021-06-24T12:02:59","modified_gmt":"2021-06-24T11:02:59","slug":"pierre-noel-favennec%e2%80%a0","status":"publish","type":"page","link":"https:\/\/www.istegroup.com\/fr\/pierre-noel-favennec%e2%80%a0\/","title":{"rendered":"Pierre-No\u00ebl Favennec<sup>\u2020<\/sup>"},"content":{"rendered":"<p>Monsieur Michel Tr\u00e9heux, Pr\u00e9sident d\u2019ArmorScience, par l\u2019interm\u00e9diaire de son texte ci-dessous, nous informe du d\u00e9c\u00e8s de Pierre-No\u00ebl Favennec, auteur et directeur de collection chez ISTE depuis de nombreuses ann\u00e9es.<\/p>\n<p>(\u2026) \u00ab &#8230;notre ancien Pr\u00e9sident et Pr\u00e9sident d\u2019honneur Pierre No\u00ebl FAVENNEC, frapp\u00e9 brutalement par une crise cardiaque \u00e0 Roissy alors qu\u2019il partait pour la Martinique rejoindre ses enfants et petits-enfants. Pierre-No\u00ebl avait v\u00e9cu toutes les aventures de notre association depuis sa cr\u00e9ation et en \u00e9tait devenu le Pr\u00e9sident \u00e0 deux reprises. Tr\u00e8s attach\u00e9 \u00e0 la diffusion de la culture scientifique, il \u00e9tait en parall\u00e8le le responsable d\u2019une ligne \u00e9ditoriale pour le groupe d\u2019\u00e9dition scientifique ISTE. N\u00e9 \u00e0 Quimper en 1943, il a fait ses \u00e9tudes sup\u00e9rieures \u00e0 Rennes avant de soutenir un doctorat d\u2019\u00e9tat \u00e0 l\u2019Universit\u00e9 de Toulouse en 1980. Chercheur au Centre National d\u2019Etudes des T\u00e9l\u00e9communications \u00e0 Lannion, il a \u00e9tudi\u00e9 le dopage de mat\u00e9riaux semi-conducteurs par la technique d&rsquo;implantation ionique. Chercheur de renomm\u00e9e internationale, il publie plus de 100 articles dans des revues de renom, prononce de nombreuses conf\u00e9rences et d\u00e9pose plus de dix brevets. Publi\u00e9 en 1993, son ouvrage \u00ab L&rsquo;implantation ionique pour la micro\u00e9lectronique et l&rsquo;optique \u00bb, paru chez Masson, pr\u00e9sente une synth\u00e8se exhaustive sur l\u2019implantation ionique, technique toujours utilis\u00e9e pour la fabrication de puces \u00e9lectroniques et de composants optiques. En 1991, il rejoint \u00e0 Issy les Moulineaux le Service de l&rsquo;Action Scientifique du CNET, o\u00f9 il est charg\u00e9 de promouvoir la publication d&rsquo;ouvrages dans la Collection Technique et Scientifique des T\u00e9l\u00e9communications.<\/p>\n<p>Il s\u2019int\u00e9resse en parall\u00e8le \u00e0 l\u2019\u00e9lectromagn\u00e9tisme et suit de pr\u00e8s l\u2019\u00e9volution des syst\u00e8mes radiofr\u00e9quence et leur impact sur l\u2019homme. Il rejoint alors l\u2019URSI (Union Radio-Scientifique Internationale) et en devient un membre tr\u00e8s actif. C\u2019est dans ce cadre qu\u2019il est nomm\u00e9 pr\u00e9sident de la Fondation Sant\u00e9 et Radiofr\u00e9quences qui anime des recherches sur les probl\u00e8mes \u00e9ventuels cr\u00e9\u00e9s par les ondes sur l\u2019homme. Il pousse en 2009 ArmorScience \u00e0 r\u00e9aliser l\u2019exposition consacr\u00e9e aux t\u00e9l\u00e9communications sans fils, \u00ab Les ondes en questions \u00bb, exposition qui a fait \u00e9tape dans plus d\u2019une centaine de villes et est toujours d\u2019actualit\u00e9. Elle est accessible sous sa forme virtuelle sur le site Internet d\u2019ArmorScience. De 2012 \u00e0 2014, puis \u00e0 nouveau en 2017, il pr\u00e9side aux destin\u00e9es d\u2019ArmorScience et pousse notre association vers le num\u00e9rique en cr\u00e9ant lui-m\u00eame des activit\u00e9s telles que \u00ab ArmorScience rencontre \u00bb ou le concours \u00ab Sciences en clips \u00bb destin\u00e9 aux jeunes. Pour des raisons de sant\u00e9, il renonce \u00e0 la Pr\u00e9sidence en d\u00e9cembre 2019, mais n\u2019en reste pas moins actif en prenant en mains la coordination d\u2019un ouvrage qui sera sa derni\u00e8re publication : \u00ab Lannion des ann\u00e9es soixante \/ La mutation d\u2019une ville \u00bb. Les Conseils d\u2019Administration d\u2019ISTE Group et d\u2019ArmorScience lui renouvellent ses remerciements pour tout le travail accompli et pr\u00e9sentent \u00e0 sa famille, dont il nous parlait souvent, ses chaleureuses condol\u00e9ances. \u00bb<\/p>\n","protected":false},"excerpt":{"rendered":"<p>Monsieur Michel Tr\u00e9heux, Pr\u00e9sident d\u2019ArmorScience, par l\u2019interm\u00e9diaire de son texte ci-dessous, nous informe du d\u00e9c\u00e8s de Pierre-No\u00ebl Favennec, auteur et directeur de collection chez ISTE depuis de nombreuses ann\u00e9es. (\u2026) \u00ab &#8230;notre ancien Pr\u00e9sident et Pr\u00e9sident d\u2019honneur Pierre No\u00ebl FAVENNEC, frapp\u00e9 brutalement par une crise cardiaque \u00e0 Roissy alors qu\u2019il partait pour la Martinique rejoindre [&hellip;]<\/p>\n","protected":false},"author":203,"featured_media":0,"parent":0,"menu_order":0,"comment_status":"closed","ping_status":"closed","template":"page-flexible.php","meta":{"_acf_changed":false,"footnotes":"","_links_to":"","_links_to_target":""},"class_list":["post-42338","page","type-page","status-publish","hentry"],"acf":[],"yoast_head":"<!-- This site is optimized with the Yoast SEO plugin v27.2 - https:\/\/yoast.com\/product\/yoast-seo-wordpress\/ -->\n<title>Pierre-No\u00ebl Favennec\u2020 - ISTE Group<\/title>\n<meta name=\"robots\" content=\"index, follow, max-snippet:-1, max-image-preview:large, max-video-preview:-1\" \/>\n<link rel=\"canonical\" href=\"https:\/\/www.istegroup.com\/en\/pierre-noel-favennec\u2020\/\" \/>\n<meta property=\"og:locale\" content=\"fr_FR\" \/>\n<meta property=\"og:type\" content=\"article\" \/>\n<meta property=\"og:title\" content=\"Pierre-No\u00ebl Favennec\u2020 - ISTE Group\" \/>\n<meta property=\"og:description\" content=\"Monsieur Michel Tr\u00e9heux, Pr\u00e9sident d\u2019ArmorScience, par l\u2019interm\u00e9diaire de son texte ci-dessous, nous informe du d\u00e9c\u00e8s de Pierre-No\u00ebl Favennec, auteur et directeur de collection chez ISTE depuis de nombreuses ann\u00e9es. (\u2026) \u00ab &#8230;notre ancien Pr\u00e9sident et Pr\u00e9sident d\u2019honneur Pierre No\u00ebl FAVENNEC, frapp\u00e9 brutalement par une crise cardiaque \u00e0 Roissy alors qu\u2019il partait pour la Martinique rejoindre [&hellip;]\" \/>\n<meta property=\"og:url\" content=\"https:\/\/www.istegroup.com\/en\/pierre-noel-favennec\u2020\/\" \/>\n<meta property=\"og:site_name\" content=\"ISTE Group\" \/>\n<meta name=\"twitter:card\" content=\"summary_large_image\" \/>\n<meta name=\"twitter:label1\" content=\"Est. reading time\" \/>\n\t<meta name=\"twitter:data1\" content=\"3 minutes\" \/>\n<script type=\"application\/ld+json\" class=\"yoast-schema-graph\">{\"@context\":\"https:\/\/schema.org\",\"@graph\":[{\"@type\":\"WebPage\",\"@id\":\"https:\/\/www.istegroup.com\/en\/pierre-noel-favennec%e2%80%a0\/\",\"url\":\"https:\/\/www.istegroup.com\/en\/pierre-noel-favennec%e2%80%a0\/\",\"name\":\"Pierre-No\u00ebl Favennec\u2020 - ISTE Group\",\"isPartOf\":{\"@id\":\"https:\/\/www.istegroup.com\/#website\"},\"datePublished\":\"2021-06-24T11:02:59+00:00\",\"breadcrumb\":{\"@id\":\"https:\/\/www.istegroup.com\/en\/pierre-noel-favennec%e2%80%a0\/#breadcrumb\"},\"inLanguage\":\"fr-FR\",\"potentialAction\":[{\"@type\":\"ReadAction\",\"target\":[\"https:\/\/www.istegroup.com\/en\/pierre-noel-favennec%e2%80%a0\/\"]}]},{\"@type\":\"BreadcrumbList\",\"@id\":\"https:\/\/www.istegroup.com\/en\/pierre-noel-favennec%e2%80%a0\/#breadcrumb\",\"itemListElement\":[{\"@type\":\"ListItem\",\"position\":1,\"name\":\"Home\",\"item\":\"https:\/\/www.istegroup.com\/\"},{\"@type\":\"ListItem\",\"position\":2,\"name\":\"Pierre-No\u00ebl Favennec\u2020\"}]},{\"@type\":\"WebSite\",\"@id\":\"https:\/\/www.istegroup.com\/#website\",\"url\":\"https:\/\/www.istegroup.com\/\",\"name\":\"ISTE Group\",\"description\":\"\u00c9diteur des Sciences\",\"potentialAction\":[{\"@type\":\"SearchAction\",\"target\":{\"@type\":\"EntryPoint\",\"urlTemplate\":\"https:\/\/www.istegroup.com\/?s={search_term_string}\"},\"query-input\":{\"@type\":\"PropertyValueSpecification\",\"valueRequired\":true,\"valueName\":\"search_term_string\"}}],\"inLanguage\":\"fr-FR\"}]}<\/script>\n<!-- \/ Yoast SEO plugin. -->","yoast_head_json":{"title":"Pierre-No\u00ebl Favennec\u2020 - ISTE Group","robots":{"index":"index","follow":"follow","max-snippet":"max-snippet:-1","max-image-preview":"max-image-preview:large","max-video-preview":"max-video-preview:-1"},"canonical":"https:\/\/www.istegroup.com\/en\/pierre-noel-favennec\u2020\/","og_locale":"fr_FR","og_type":"article","og_title":"Pierre-No\u00ebl Favennec\u2020 - ISTE Group","og_description":"Monsieur Michel Tr\u00e9heux, Pr\u00e9sident d\u2019ArmorScience, par l\u2019interm\u00e9diaire de son texte ci-dessous, nous informe du d\u00e9c\u00e8s de Pierre-No\u00ebl Favennec, auteur et directeur de collection chez ISTE depuis de nombreuses ann\u00e9es. (\u2026) \u00ab &#8230;notre ancien Pr\u00e9sident et Pr\u00e9sident d\u2019honneur Pierre No\u00ebl FAVENNEC, frapp\u00e9 brutalement par une crise cardiaque \u00e0 Roissy alors qu\u2019il partait pour la Martinique rejoindre [&hellip;]","og_url":"https:\/\/www.istegroup.com\/en\/pierre-noel-favennec\u2020\/","og_site_name":"ISTE Group","twitter_card":"summary_large_image","twitter_misc":{"Est. reading time":"3 minutes"},"schema":{"@context":"https:\/\/schema.org","@graph":[{"@type":"WebPage","@id":"https:\/\/www.istegroup.com\/en\/pierre-noel-favennec%e2%80%a0\/","url":"https:\/\/www.istegroup.com\/en\/pierre-noel-favennec%e2%80%a0\/","name":"Pierre-No\u00ebl Favennec\u2020 - ISTE Group","isPartOf":{"@id":"https:\/\/www.istegroup.com\/#website"},"datePublished":"2021-06-24T11:02:59+00:00","breadcrumb":{"@id":"https:\/\/www.istegroup.com\/en\/pierre-noel-favennec%e2%80%a0\/#breadcrumb"},"inLanguage":"fr-FR","potentialAction":[{"@type":"ReadAction","target":["https:\/\/www.istegroup.com\/en\/pierre-noel-favennec%e2%80%a0\/"]}]},{"@type":"BreadcrumbList","@id":"https:\/\/www.istegroup.com\/en\/pierre-noel-favennec%e2%80%a0\/#breadcrumb","itemListElement":[{"@type":"ListItem","position":1,"name":"Home","item":"https:\/\/www.istegroup.com\/"},{"@type":"ListItem","position":2,"name":"Pierre-No\u00ebl Favennec\u2020"}]},{"@type":"WebSite","@id":"https:\/\/www.istegroup.com\/#website","url":"https:\/\/www.istegroup.com\/","name":"ISTE Group","description":"\u00c9diteur des Sciences","potentialAction":[{"@type":"SearchAction","target":{"@type":"EntryPoint","urlTemplate":"https:\/\/www.istegroup.com\/?s={search_term_string}"},"query-input":{"@type":"PropertyValueSpecification","valueRequired":true,"valueName":"search_term_string"}}],"inLanguage":"fr-FR"}]}},"_links":{"self":[{"href":"https:\/\/www.istegroup.com\/fr\/wp-json\/wp\/v2\/pages\/42338","targetHints":{"allow":["GET"]}}],"collection":[{"href":"https:\/\/www.istegroup.com\/fr\/wp-json\/wp\/v2\/pages"}],"about":[{"href":"https:\/\/www.istegroup.com\/fr\/wp-json\/wp\/v2\/types\/page"}],"author":[{"embeddable":true,"href":"https:\/\/www.istegroup.com\/fr\/wp-json\/wp\/v2\/users\/203"}],"replies":[{"embeddable":true,"href":"https:\/\/www.istegroup.com\/fr\/wp-json\/wp\/v2\/comments?post=42338"}],"version-history":[{"count":0,"href":"https:\/\/www.istegroup.com\/fr\/wp-json\/wp\/v2\/pages\/42338\/revisions"}],"wp:attachment":[{"href":"https:\/\/www.istegroup.com\/fr\/wp-json\/wp\/v2\/media?parent=42338"}],"curies":[{"name":"wp","href":"https:\/\/api.w.org\/{rel}","templated":true}]}}