{"id":37459,"date":"2020-11-25T10:55:56","date_gmt":"2020-11-25T10:55:56","guid":{"rendered":"https:\/\/www.istegroup.com\/?page_id=37459"},"modified":"2020-11-25T11:48:17","modified_gmt":"2020-11-25T11:48:17","slug":"exemples-de-chapitres-sciences","status":"publish","type":"page","link":"https:\/\/www.istegroup.com\/fr\/exemples-de-chapitres-sciences\/","title":{"rendered":"Exemples de chapitres de l&rsquo;Encyclop\u00e9die SCIENCES"},"content":{"rendered":"<p><\/p>\n<div style=\"text-align: center;\">\n<table>\n<tbody>\n<tr>\n<td style=\"text-align: center;\"><a href=\"https:\/\/www.istegroup.com\/wp-content\/uploads\/2020\/11\/SCIENCES-exemple-chapitre-FR-1.pdf\" target=\"_blank\" rel=\"noopener noreferrer\"><img loading=\"lazy\" decoding=\"async\" class=\"aligncenter wp-image-37460\" src=\"https:\/\/www.istegroup.com\/wp-content\/uploads\/2020\/11\/pdf_download.png\" alt=\"\" width=\"143\" height=\"154\" srcset=\"https:\/\/www.istegroup.com\/wp-content\/uploads\/2020\/11\/pdf_download.png 382w, https:\/\/www.istegroup.com\/wp-content\/uploads\/2020\/11\/pdf_download-278x300.png 278w\" sizes=\"auto, (max-width: 143px) 100vw, 143px\" \/><\/a><\/td>\n<td style=\"text-align: center;\"><a href=\"https:\/\/www.istegroup.com\/wp-content\/uploads\/2020\/11\/SCIENCES-exemple-chapitre-FR-2.pdf\" target=\"_blank\" rel=\"noopener noreferrer\"><img loading=\"lazy\" decoding=\"async\" class=\"aligncenter wp-image-37460\" src=\"https:\/\/www.istegroup.com\/wp-content\/uploads\/2020\/11\/pdf_download.png\" alt=\"\" width=\"143\" height=\"154\" srcset=\"https:\/\/www.istegroup.com\/wp-content\/uploads\/2020\/11\/pdf_download.png 382w, https:\/\/www.istegroup.com\/wp-content\/uploads\/2020\/11\/pdf_download-278x300.png 278w\" sizes=\"auto, (max-width: 143px) 100vw, 143px\" \/><\/a><\/td>\n<td style=\"text-align: center;\"><a href=\"https:\/\/www.istegroup.com\/wp-content\/uploads\/2020\/11\/SCIENCES-exemple-chapitre-FR-3.pdf\" target=\"_blank\" rel=\"noopener noreferrer\"><img loading=\"lazy\" decoding=\"async\" class=\"aligncenter wp-image-37460\" src=\"https:\/\/www.istegroup.com\/wp-content\/uploads\/2020\/11\/pdf_download.png\" alt=\"\" width=\"143\" height=\"154\" srcset=\"https:\/\/www.istegroup.com\/wp-content\/uploads\/2020\/11\/pdf_download.png 382w, https:\/\/www.istegroup.com\/wp-content\/uploads\/2020\/11\/pdf_download-278x300.png 278w\" sizes=\"auto, (max-width: 143px) 100vw, 143px\" \/><\/a><\/td>\n<\/tr>\n<tr>\n<td style=\"text-align: center; width: 30%;\">Chapitre 8 &#8211; \u00ab D\u00e9fis \u00bb pour l\u2019oc\u00e9an<\/p>\n<p><em>Ouvrage : Oc\u00e9ans<\/em><\/td>\n<td style=\"text-align: center; width: 30%;\">Chapitre 3 &#8211; De la forme \u00e0 la fonction<\/p>\n<p><em>Ouvrage : L\u2019explosion des formes de vie<\/em><\/td>\n<td style=\"text-align: center; width: 30%;\">Chapitre 7 &#8211; &#8230; la mobilit\u00e9 dans le cadre des communications D2D<\/p>\n<p><em>Ouvrage : Gestion du niveau de service<\/em><br \/>\n<em>dans les environnements \u00e9mergents<\/em><\/td>\n<\/tr>\n<\/tbody>\n<\/table>\n<\/div>\n<p><\/p>","protected":false},"excerpt":{"rendered":"<p>Chapitre 8 &#8211; \u00ab D\u00e9fis \u00bb pour l\u2019oc\u00e9an Ouvrage : Oc\u00e9ans Chapitre 3 &#8211; De la forme \u00e0 la fonction Ouvrage : L\u2019explosion des formes de vie Chapitre 7 &#8211; &#8230; la mobilit\u00e9 dans le cadre des communications D2D Ouvrage : Gestion du niveau de service dans les environnements \u00e9mergents<\/p>\n","protected":false},"author":203,"featured_media":0,"parent":0,"menu_order":0,"comment_status":"closed","ping_status":"closed","template":"page-flexible.php","meta":{"_acf_changed":false,"footnotes":"","_links_to":"","_links_to_target":""},"class_list":["post-37459","page","type-page","status-publish","hentry"],"acf":[],"yoast_head":"<!-- This site is optimized with the Yoast SEO plugin v27.2 - https:\/\/yoast.com\/product\/yoast-seo-wordpress\/ -->\n<title>Exemples de chapitres de l&#039;Encyclop\u00e9die SCIENCES - ISTE Group<\/title>\n<meta name=\"robots\" content=\"index, follow, max-snippet:-1, max-image-preview:large, max-video-preview:-1\" \/>\n<link rel=\"canonical\" href=\"https:\/\/www.istegroup.com\/fr\/exemples-de-chapitres-sciences\/\" \/>\n<meta property=\"og:locale\" content=\"fr_FR\" \/>\n<meta property=\"og:type\" content=\"article\" \/>\n<meta property=\"og:title\" content=\"[:fr]Exemples de chapitres de l&#039;Encyclop\u00e9die SCIENCES[:en]Exemples de chapitres SCIENCES[:] - ISTE Group\" \/>\n<meta property=\"og:description\" content=\"Chapitre 8 &#8211; \u00ab D\u00e9fis \u00bb pour l\u2019oc\u00e9an Ouvrage : Oc\u00e9ans Chapitre 3 &#8211; De la forme \u00e0 la fonction Ouvrage : L\u2019explosion des formes de vie Chapitre 7 &#8211; &#8230; la mobilit\u00e9 dans le cadre des communications D2D Ouvrage : Gestion du niveau de service dans les environnements \u00e9mergents\" \/>\n<meta property=\"og:url\" content=\"https:\/\/www.istegroup.com\/fr\/exemples-de-chapitres-sciences\/\" \/>\n<meta property=\"og:site_name\" content=\"ISTE Group\" \/>\n<meta property=\"article:modified_time\" content=\"2020-11-25T11:48:17+00:00\" \/>\n<meta property=\"og:image\" content=\"https:\/\/www.istegroup.com\/wp-content\/uploads\/2020\/11\/pdf_download.png\" \/>\n\t<meta property=\"og:image:width\" content=\"382\" \/>\n\t<meta property=\"og:image:height\" content=\"412\" \/>\n\t<meta property=\"og:image:type\" content=\"image\/png\" \/>\n<meta name=\"twitter:card\" content=\"summary_large_image\" \/>\n<script type=\"application\/ld+json\" class=\"yoast-schema-graph\">{\"@context\":\"https:\/\/schema.org\",\"@graph\":[{\"@type\":\"WebPage\",\"@id\":\"https:\/\/www.istegroup.com\/fr\/exemples-de-chapitres-sciences\/\",\"url\":\"https:\/\/www.istegroup.com\/fr\/exemples-de-chapitres-sciences\/\",\"name\":\"[:fr]Exemples de chapitres de l'Encyclop\u00e9die SCIENCES[:en]Exemples de chapitres SCIENCES[:] - ISTE Group\",\"isPartOf\":{\"@id\":\"https:\/\/www.istegroup.com\/#website\"},\"primaryImageOfPage\":{\"@id\":\"https:\/\/www.istegroup.com\/fr\/exemples-de-chapitres-sciences\/#primaryimage\"},\"image\":{\"@id\":\"https:\/\/www.istegroup.com\/fr\/exemples-de-chapitres-sciences\/#primaryimage\"},\"thumbnailUrl\":\"https:\/\/www.istegroup.com\/wp-content\/uploads\/2020\/11\/pdf_download.png\",\"datePublished\":\"2020-11-25T10:55:56+00:00\",\"dateModified\":\"2020-11-25T11:48:17+00:00\",\"breadcrumb\":{\"@id\":\"https:\/\/www.istegroup.com\/fr\/exemples-de-chapitres-sciences\/#breadcrumb\"},\"inLanguage\":\"fr-FR\",\"potentialAction\":[{\"@type\":\"ReadAction\",\"target\":[\"https:\/\/www.istegroup.com\/fr\/exemples-de-chapitres-sciences\/\"]}]},{\"@type\":\"ImageObject\",\"inLanguage\":\"fr-FR\",\"@id\":\"https:\/\/www.istegroup.com\/fr\/exemples-de-chapitres-sciences\/#primaryimage\",\"url\":\"https:\/\/www.istegroup.com\/wp-content\/uploads\/2020\/11\/pdf_download.png\",\"contentUrl\":\"https:\/\/www.istegroup.com\/wp-content\/uploads\/2020\/11\/pdf_download.png\"},{\"@type\":\"BreadcrumbList\",\"@id\":\"https:\/\/www.istegroup.com\/fr\/exemples-de-chapitres-sciences\/#breadcrumb\",\"itemListElement\":[{\"@type\":\"ListItem\",\"position\":1,\"name\":\"Home\",\"item\":\"https:\/\/www.istegroup.com\/\"},{\"@type\":\"ListItem\",\"position\":2,\"name\":\"Exemples de chapitres de l&rsquo;Encyclop\u00e9die SCIENCES\"}]},{\"@type\":\"WebSite\",\"@id\":\"https:\/\/www.istegroup.com\/#website\",\"url\":\"https:\/\/www.istegroup.com\/\",\"name\":\"ISTE Group\",\"description\":\"\u00c9diteur des Sciences\",\"potentialAction\":[{\"@type\":\"SearchAction\",\"target\":{\"@type\":\"EntryPoint\",\"urlTemplate\":\"https:\/\/www.istegroup.com\/?s={search_term_string}\"},\"query-input\":{\"@type\":\"PropertyValueSpecification\",\"valueRequired\":true,\"valueName\":\"search_term_string\"}}],\"inLanguage\":\"fr-FR\"}]}<\/script>\n<!-- \/ Yoast SEO plugin. -->","yoast_head_json":{"title":"[:fr]Exemples de chapitres de l'Encyclop\u00e9die SCIENCES[:en]Exemples de chapitres SCIENCES[:] - ISTE Group","robots":{"index":"index","follow":"follow","max-snippet":"max-snippet:-1","max-image-preview":"max-image-preview:large","max-video-preview":"max-video-preview:-1"},"canonical":"https:\/\/www.istegroup.com\/fr\/exemples-de-chapitres-sciences\/","og_locale":"fr_FR","og_type":"article","og_title":"[:fr]Exemples de chapitres de l'Encyclop\u00e9die SCIENCES[:en]Exemples de chapitres SCIENCES[:] - ISTE Group","og_description":"Chapitre 8 &#8211; \u00ab D\u00e9fis \u00bb pour l\u2019oc\u00e9an Ouvrage : Oc\u00e9ans Chapitre 3 &#8211; De la forme \u00e0 la fonction Ouvrage : L\u2019explosion des formes de vie Chapitre 7 &#8211; &#8230; la mobilit\u00e9 dans le cadre des communications D2D Ouvrage : Gestion du niveau de service dans les environnements \u00e9mergents","og_url":"https:\/\/www.istegroup.com\/fr\/exemples-de-chapitres-sciences\/","og_site_name":"ISTE Group","article_modified_time":"2020-11-25T11:48:17+00:00","og_image":[{"width":382,"height":412,"url":"https:\/\/www.istegroup.com\/wp-content\/uploads\/2020\/11\/pdf_download.png","type":"image\/png"}],"twitter_card":"summary_large_image","schema":{"@context":"https:\/\/schema.org","@graph":[{"@type":"WebPage","@id":"https:\/\/www.istegroup.com\/fr\/exemples-de-chapitres-sciences\/","url":"https:\/\/www.istegroup.com\/fr\/exemples-de-chapitres-sciences\/","name":"[:fr]Exemples de chapitres de l'Encyclop\u00e9die SCIENCES[:en]Exemples de chapitres SCIENCES[:] - ISTE Group","isPartOf":{"@id":"https:\/\/www.istegroup.com\/#website"},"primaryImageOfPage":{"@id":"https:\/\/www.istegroup.com\/fr\/exemples-de-chapitres-sciences\/#primaryimage"},"image":{"@id":"https:\/\/www.istegroup.com\/fr\/exemples-de-chapitres-sciences\/#primaryimage"},"thumbnailUrl":"https:\/\/www.istegroup.com\/wp-content\/uploads\/2020\/11\/pdf_download.png","datePublished":"2020-11-25T10:55:56+00:00","dateModified":"2020-11-25T11:48:17+00:00","breadcrumb":{"@id":"https:\/\/www.istegroup.com\/fr\/exemples-de-chapitres-sciences\/#breadcrumb"},"inLanguage":"fr-FR","potentialAction":[{"@type":"ReadAction","target":["https:\/\/www.istegroup.com\/fr\/exemples-de-chapitres-sciences\/"]}]},{"@type":"ImageObject","inLanguage":"fr-FR","@id":"https:\/\/www.istegroup.com\/fr\/exemples-de-chapitres-sciences\/#primaryimage","url":"https:\/\/www.istegroup.com\/wp-content\/uploads\/2020\/11\/pdf_download.png","contentUrl":"https:\/\/www.istegroup.com\/wp-content\/uploads\/2020\/11\/pdf_download.png"},{"@type":"BreadcrumbList","@id":"https:\/\/www.istegroup.com\/fr\/exemples-de-chapitres-sciences\/#breadcrumb","itemListElement":[{"@type":"ListItem","position":1,"name":"Home","item":"https:\/\/www.istegroup.com\/"},{"@type":"ListItem","position":2,"name":"Exemples de chapitres de l&rsquo;Encyclop\u00e9die SCIENCES"}]},{"@type":"WebSite","@id":"https:\/\/www.istegroup.com\/#website","url":"https:\/\/www.istegroup.com\/","name":"ISTE Group","description":"\u00c9diteur des Sciences","potentialAction":[{"@type":"SearchAction","target":{"@type":"EntryPoint","urlTemplate":"https:\/\/www.istegroup.com\/?s={search_term_string}"},"query-input":{"@type":"PropertyValueSpecification","valueRequired":true,"valueName":"search_term_string"}}],"inLanguage":"fr-FR"}]}},"_links":{"self":[{"href":"https:\/\/www.istegroup.com\/fr\/wp-json\/wp\/v2\/pages\/37459","targetHints":{"allow":["GET"]}}],"collection":[{"href":"https:\/\/www.istegroup.com\/fr\/wp-json\/wp\/v2\/pages"}],"about":[{"href":"https:\/\/www.istegroup.com\/fr\/wp-json\/wp\/v2\/types\/page"}],"author":[{"embeddable":true,"href":"https:\/\/www.istegroup.com\/fr\/wp-json\/wp\/v2\/users\/203"}],"replies":[{"embeddable":true,"href":"https:\/\/www.istegroup.com\/fr\/wp-json\/wp\/v2\/comments?post=37459"}],"version-history":[{"count":0,"href":"https:\/\/www.istegroup.com\/fr\/wp-json\/wp\/v2\/pages\/37459\/revisions"}],"wp:attachment":[{"href":"https:\/\/www.istegroup.com\/fr\/wp-json\/wp\/v2\/media?parent=37459"}],"curies":[{"name":"wp","href":"https:\/\/api.w.org\/{rel}","templated":true}]}}