{"id":19996,"date":"2019-04-11T11:30:32","date_gmt":"2019-04-11T10:30:32","guid":{"rendered":"https:\/\/www.istegroup.com\/?page_id=19996"},"modified":"2024-04-11T11:32:37","modified_gmt":"2024-04-11T10:32:37","slug":"contact-2","status":"publish","type":"page","link":"https:\/\/www.istegroup.com\/fr\/contact-2\/","title":{"rendered":"Contacts ISTE Group"},"content":{"rendered":"<p><\/p>\n<h1><strong><img loading=\"lazy\" decoding=\"async\" class=\"alignright wp-image-33144 \" src=\"https:\/\/www.istegroup.com\/wp-content\/uploads\/2020\/07\/tuition_house_ISTE-editions-scaled.jpg\" alt=\"\" width=\"381\" height=\"214\" srcset=\"https:\/\/www.istegroup.com\/wp-content\/uploads\/2020\/07\/tuition_house_ISTE-editions-scaled.jpg 2560w, https:\/\/www.istegroup.com\/wp-content\/uploads\/2020\/07\/tuition_house_ISTE-editions-scaled-545x307.jpg 545w, https:\/\/www.istegroup.com\/wp-content\/uploads\/2020\/07\/tuition_house_ISTE-editions-300x169.jpg 300w, https:\/\/www.istegroup.com\/wp-content\/uploads\/2020\/07\/tuition_house_ISTE-editions-1800x1013.jpg 1800w, https:\/\/www.istegroup.com\/wp-content\/uploads\/2020\/07\/tuition_house_ISTE-editions-768x432.jpg 768w, https:\/\/www.istegroup.com\/wp-content\/uploads\/2020\/07\/tuition_house_ISTE-editions-1536x864.jpg 1536w, https:\/\/www.istegroup.com\/wp-content\/uploads\/2020\/07\/tuition_house_ISTE-editions-2048x1152.jpg 2048w\" sizes=\"auto, (max-width: 381px) 100vw, 381px\" \/>ISTE Group<\/strong><\/h1>\n<p>27-37 St George\u2019s Road<br \/>\nLondres SW19 4EU<br \/>\nRoyaume-Uni<\/p>\n<p>Tel : 0044 208\u00a0879 4580<br \/>\n0800 902 354 \u2013 num\u00e9ro gratuit \u00e0 partir d\u2019un poste fixe en France<\/p>\n<p><a style=\"color: #1e9691;\" href=\"mailto:info@iste-editions.fr\" rel=\"noopener\">info@iste-editions.fr<\/a><\/p>\n<h4>Nos sites :<\/h4>\n<p><a style=\"color: #1e9691;\" href=\"https:\/\/www.istegroup.com\">istegroup.com<\/a> : ouvrages fran\u00e7ais<br \/>\n<a style=\"color: #1e9691;\" href=\"https:\/\/www.istegroup.com\/fr\/sciences\/\">iste-sciences.com<\/a> : Encyclop\u00e9die SCIENCES<br \/>\n<a style=\"color: #1e9691;\" href=\"https:\/\/iste.co.uk\/\" target=\"_blank\" rel=\"noopener noreferrer\">iste.co.uk<\/a> : ouvrages anglais<br \/>\n<a style=\"color: #1e9691;\" href=\"https:\/\/iste-international.es\/\" target=\"_blank\" rel=\"noopener noreferrer\">iste-international.es<\/a> : ouvrages espagnols<br \/>\n<a style=\"color: #1e9691;\" href=\"https:\/\/www.openscience.fr\/Accueil\" target=\"_blank\" rel=\"noopener noreferrer\">openscience.fr<\/a> : revues en libre acc\u00e8s<\/p>\n<p>&nbsp;<\/p>\n<p>&nbsp;<\/p>\n<h1>Biblioth\u00e9caires \u2013 M\u00e9dias \u2013 Libraires<\/h1>\n<table>\n<tbody>\n<tr>\n<td width=\"30%\"><img decoding=\"async\" id=\"projets\" class=\"alignleft wp-image-20036\" src=\"https:\/\/www.istegroup.com\/wp-content\/uploads\/2019\/04\/bibliothe\u0300que_rond-295x300.png\" alt=\"\" width=\"173\" srcset=\"https:\/\/www.istegroup.com\/wp-content\/uploads\/2019\/04\/bibliothe\u0300que_rond-295x300.png 295w, https:\/\/www.istegroup.com\/wp-content\/uploads\/2019\/04\/bibliothe\u0300que_rond-59x60.png 59w, https:\/\/www.istegroup.com\/wp-content\/uploads\/2019\/04\/bibliothe\u0300que_rond-50x50.png 50w, https:\/\/www.istegroup.com\/wp-content\/uploads\/2019\/04\/bibliothe\u0300que_rond.png 500w\" sizes=\"(max-width: 295px) 100vw, 295px\" \/><\/td>\n<td width=\"70%\">\n<h3><strong>Biblioth\u00e9caires<\/strong><\/h3>\n<p>Achats, licences ebook et abonnements<br \/>\naux domaines de l\u2019Encyclop\u00e9die SCIENCES :<br \/>\ncontacter Chantal M\u00e9nasc\u00e9 : c.menasce@iste.co.uk<br \/>\n0044 208 879 4582<\/p>\n<p><a href=\"https:\/\/proquest.libguides.com\/EBC-FR\/Contenu\" target=\"_blank\" rel=\"noopener\"><img loading=\"lazy\" decoding=\"async\" class=\"alignleft wp-image-45407\" style=\"margin-right: 40px;\" src=\"https:\/\/www.istegroup.com\/wp-content\/uploads\/2022\/02\/proquest-logo.jpg\" alt=\"\" width=\"115\" height=\"50\" \/><\/a><a href=\"https:\/\/www.biblioondemand.com\/\" target=\"_blank\" rel=\"noopener\"><img loading=\"lazy\" decoding=\"async\" class=\"aligncenter wp-image-45409\" style=\"display: inline;\" src=\"https:\/\/www.istegroup.com\/wp-content\/uploads\/2022\/02\/Biblio_on_demand_logo_detoure.png\" alt=\"\" width=\"116\" height=\"54\" \/><\/a><\/td>\n<\/tr>\n<\/tbody>\n<\/table>\n<p>&nbsp;<\/p>\n<table>\n<tbody>\n<tr>\n<td width=\"30%\"><img decoding=\"async\" class=\"alignleft wp-image-20048\" src=\"https:\/\/www.istegroup.com\/wp-content\/uploads\/2019\/04\/media_press_rond-300x291.png\" alt=\"\" width=\"173\" srcset=\"https:\/\/www.istegroup.com\/wp-content\/uploads\/2019\/04\/media_press_rond-300x291.png 300w, https:\/\/www.istegroup.com\/wp-content\/uploads\/2019\/04\/media_press_rond-545x529.png 545w, https:\/\/www.istegroup.com\/wp-content\/uploads\/2019\/04\/media_press_rond-62x60.png 62w, https:\/\/www.istegroup.com\/wp-content\/uploads\/2019\/04\/media_press_rond-50x50.png 50w\" sizes=\"(max-width: 300px) 100vw, 300px\" \/><\/td>\n<td width=\"70%\">\n<h3 class=\"LC20lb\"><strong>M\u00e9dias<\/strong><\/h3>\n<p>Pour toute demande d&rsquo;information, contacter :<br \/>\nChantal M\u00e9nasc\u00e9<br \/>\nc.menasce@iste.co.uk<br \/>\n0044 208 879 4582<\/td>\n<\/tr>\n<\/tbody>\n<\/table>\n<p>&nbsp;<\/p>\n<table>\n<tbody>\n<tr>\n<td width=\"30%\"><img decoding=\"async\" class=\"alignleft wp-image-20050\" src=\"https:\/\/www.istegroup.com\/wp-content\/uploads\/2019\/04\/libraires_rond-300x300.png\" alt=\"\" width=\"173\" srcset=\"https:\/\/www.istegroup.com\/wp-content\/uploads\/2019\/04\/libraires_rond-300x300.png 300w, https:\/\/www.istegroup.com\/wp-content\/uploads\/2019\/04\/libraires_rond-100x100.png 100w, https:\/\/www.istegroup.com\/wp-content\/uploads\/2019\/04\/libraires_rond-150x150.png 150w, https:\/\/www.istegroup.com\/wp-content\/uploads\/2019\/04\/libraires_rond-60x60.png 60w, https:\/\/www.istegroup.com\/wp-content\/uploads\/2019\/04\/libraires_rond-50x50.png 50w, https:\/\/www.istegroup.com\/wp-content\/uploads\/2019\/04\/libraires_rond.png 500w\" sizes=\"(max-width: 300px) 100vw, 300px\" \/><\/td>\n<td width=\"70%\">\n<h3 class=\"LC20lb\"><strong>Libraires<\/strong><\/h3>\n<p>Commandes \u00e0 adresser \u00e0 :<br \/>\n<a title=\"Commande ISTE EDITONS chez Ingram Publisher Services UK\" href=\"https:\/\/www.ingrampublisherservices.co.uk\/retailers\" target=\"_blank\" rel=\"noopener noreferrer\"><span style=\"color: #1e9691;\">Ingram Publisher Services UK<\/span><\/a><br \/>\n10 Thornbury Road<br \/>\nPlymouth PL6 7PP<br \/>\nRoyaume-Uni<br \/>\nE-mail : <a href=\"mailto:IPSUK.Customercare@ingramcontent.com\"><span style=\"color: #1e9691;\">IPSUK.Customercare@ingramcontent.com<\/span><\/a><br \/>\nT\u00e9l\u00e9phone : +44 1752202301<br \/>\nListe non-exhaustive des <a href=\"https:\/\/www.istegroup.com\/librairies\/\"><span style=\"color: #1e9691;\">librairies<\/span><\/a><\/td>\n<\/tr>\n<\/tbody>\n<\/table>\n<p>&nbsp;<\/p>\n<h1 id=\"cible\">Contacts ISTE Group<\/h1>\n<h2>Management<\/h2>\n<table>\n<tbody>\n<tr>\n<td style=\"padding: 0; width: 100px; padding-bottom: 15px;\"><img decoding=\"async\" style=\"vertical-align: middle; display: inline; margin-right: 20px;\" src=\"https:\/\/www.istegroup.com\/wp-content\/uploads\/2019\/02\/sm.png\" width=\"80\" \/><\/td>\n<td style=\"vertical-align: middle; padding: 0; padding-bottom: 15px;\">Sami M\u00e9nasc\u00e9<br \/>\n<em>Pr\u00e9sident<\/em><\/td>\n<\/tr>\n<tr>\n<td style=\"padding: 0; width: 100px; padding-bottom: 15px;\"><img decoding=\"async\" style=\"vertical-align: middle; display: inline; margin-right: 20px;\" src=\"https:\/\/www.istegroup.com\/wp-content\/uploads\/2019\/02\/rm.png\" width=\"80\" \/><\/td>\n<td style=\"vertical-align: middle; padding: 0; padding-bottom: 15px;\">Rapha\u00ebl M\u00e9nasc\u00e9<br \/>\n<em>Vice-Pr\u00e9sident \u2014 0044 208 879 4581 \u2014 r.menasce@iste.co.uk<\/em><\/td>\n<\/tr>\n<tr>\n<td style=\"padding: 0; width: 100px; padding-bottom: 15px;\"><img decoding=\"async\" style=\"vertical-align: middle; display: inline; margin-right: 20px;\" src=\"https:\/\/www.istegroup.com\/wp-content\/uploads\/2019\/02\/cm.png\" width=\"80\" \/><\/td>\n<td style=\"vertical-align: middle; padding: 0; padding-bottom: 15px;\">Chantal M\u00e9nasc\u00e9\u00a0 \u2014 0044 208 879 4582 \u2014 c.menasce@iste.co.uk<br \/>\n<em>\u00c9ditorial et administration g\u00e9n\u00e9rale<\/em><\/td>\n<\/tr>\n<\/tbody>\n<\/table>\n<h2>Production des ouvrages<\/h2>\n<p>&nbsp;<\/p>\n<table>\n<tbody>\n<tr>\n<td style=\"padding: 0; width: 100px; padding-bottom: 15px;\"><img decoding=\"async\" style=\"vertical-align: middle; display: inline; margin-right: 20px;\" src=\"https:\/\/www.istegroup.com\/wp-content\/uploads\/2019\/02\/re.png\" width=\"80\" \/><\/td>\n<td style=\"vertical-align: middle; padding: 0; padding-bottom: 15px;\">Rebecca Edge\u00a0\u2014 0044 208 879 4585 \u2014 r.edge@iste.co.uk<br \/>\n<em>Responsable de l&rsquo;\u00e9dition internationale<\/em><\/td>\n<\/tr>\n<tr>\n<td style=\"padding: 0; width: 100px; padding-bottom: 15px;\"><img decoding=\"async\" style=\"vertical-align: middle; display: inline; margin-right: 20px;\" src=\"https:\/\/www.istegroup.com\/wp-content\/uploads\/2019\/02\/mt.png\" width=\"80\" \/><\/td>\n<td style=\"vertical-align: middle; padding: 0; padding-bottom: 15px;\">Maggy Trognon\u00a0\u2014 0033 9 51 27 25 51 \u2014 m.trognon@iste-editions.fr<br \/>\n<em>Responsable de l&rsquo;\u00e9dition fran\u00e7aise<\/em><\/td>\n<\/tr>\n<\/tbody>\n<\/table>\n<h2>Information, communication et marketing<\/h2>\n<table>\n<tbody>\n<tr>\n<td style=\"padding: 0; width: 100px; padding-bottom: 15px;\"><img decoding=\"async\" style=\"vertical-align: middle; display: inline; margin-right: 20px;\" src=\"https:\/\/www.istegroup.com\/wp-content\/uploads\/2019\/02\/lm.png\" width=\"80\" \/><\/td>\n<td style=\"vertical-align: middle; padding: 0; padding-bottom: 15px;\">Ludovic Moulard\u00a0\u2014 0044 208 879 4584 \u2014 l.moulard@iste.co.uk<br \/>\n<em>Information et revues OpenScience\u00a0<\/em><\/td>\n<\/tr>\n<tr>\n<td style=\"padding: 0; width: 100px; padding-bottom: 15px;\"><img decoding=\"async\" style=\"vertical-align: middle; display: inline; margin-right: 20px;\" src=\"https:\/\/www.istegroup.com\/wp-content\/uploads\/2019\/03\/vc.png\" width=\"80\" \/><\/td>\n<td style=\"vertical-align: middle; padding: 0; padding-bottom: 15px;\">Vincent Cordonnier\u00a0<em>\u2014 <\/em>0044 208 879 4584 \u2014 v.cordonnier@iste-editions.fr<br \/>\n<em>Syst\u00e8mes d&rsquo;information\u00a0et revues OpenScience<\/em><\/td>\n<\/tr>\n<tr>\n<td style=\"padding: 0; width: 100px; padding-bottom: 15px;\"><img decoding=\"async\" style=\"vertical-align: middle; display: inline; margin-right: 20px;\" src=\"https:\/\/www.istegroup.com\/wp-content\/uploads\/2019\/05\/cp.png\" width=\"80\" \/><\/td>\n<td style=\"vertical-align: middle; padding: 0; padding-bottom: 15px;\">Cl\u00e9ment Petit\u00a0<em>\u2014<\/em> c.petit@iste.co.uk<br \/>\n<em>Marketing num\u00e9rique<\/em><\/td>\n<\/tr>\n<\/tbody>\n<\/table>\n<p><\/p>","protected":false},"excerpt":{"rendered":"<p>ISTE Group 27-37 St George\u2019s Road Londres SW19 4EU Royaume-Uni Tel : 0044 208\u00a0879 4580 0800 902 354 \u2013 num\u00e9ro gratuit \u00e0 partir d\u2019un poste fixe en France info@iste-editions.fr Nos sites : istegroup.com : ouvrages fran\u00e7ais iste-sciences.com : Encyclop\u00e9die SCIENCES iste.co.uk : ouvrages anglais iste-international.es : ouvrages espagnols openscience.fr : revues en libre acc\u00e8s &nbsp; [&hellip;]<\/p>\n","protected":false},"author":203,"featured_media":16794,"parent":0,"menu_order":0,"comment_status":"closed","ping_status":"closed","template":"page-flexible.php","meta":{"_acf_changed":false,"footnotes":"","_links_to":"","_links_to_target":""},"class_list":["post-19996","page","type-page","status-publish","has-post-thumbnail","hentry"],"acf":[],"yoast_head":"<!-- This site is optimized with the Yoast SEO plugin v27.2 - https:\/\/yoast.com\/product\/yoast-seo-wordpress\/ -->\n<title>Contacts ISTE Group - ISTE Group<\/title>\n<meta name=\"robots\" content=\"index, follow, max-snippet:-1, max-image-preview:large, max-video-preview:-1\" \/>\n<link rel=\"canonical\" href=\"https:\/\/www.istegroup.com\/fr\/contact-2\/\" \/>\n<meta property=\"og:locale\" content=\"fr_FR\" \/>\n<meta property=\"og:type\" content=\"article\" \/>\n<meta property=\"og:title\" content=\"Contacts ISTE Group - ISTE Group\" \/>\n<meta property=\"og:description\" content=\"ISTE Group 27-37 St George\u2019s Road Londres SW19 4EU Royaume-Uni Tel : 0044 208\u00a0879 4580 0800 902 354 \u2013 num\u00e9ro gratuit \u00e0 partir d\u2019un poste fixe en France info@iste-editions.fr Nos sites : istegroup.com : ouvrages fran\u00e7ais iste-sciences.com : Encyclop\u00e9die SCIENCES iste.co.uk : ouvrages anglais iste-international.es : ouvrages espagnols openscience.fr : revues en libre acc\u00e8s &nbsp; [&hellip;]\" \/>\n<meta property=\"og:url\" content=\"https:\/\/www.istegroup.com\/fr\/contact-2\/\" \/>\n<meta property=\"og:site_name\" content=\"ISTE Group\" \/>\n<meta property=\"article:modified_time\" content=\"2024-04-11T10:32:37+00:00\" \/>\n<meta property=\"og:image\" content=\"https:\/\/www.istegroup.com\/wp-content\/uploads\/2019\/01\/abstraction.jpg\" \/>\n\t<meta property=\"og:image:width\" content=\"1920\" \/>\n\t<meta property=\"og:image:height\" content=\"1080\" \/>\n\t<meta property=\"og:image:type\" content=\"image\/jpeg\" \/>\n<meta name=\"twitter:card\" content=\"summary_large_image\" \/>\n<meta name=\"twitter:label1\" content=\"Est. reading time\" \/>\n\t<meta name=\"twitter:data1\" content=\"2 minutes\" \/>\n<script type=\"application\/ld+json\" class=\"yoast-schema-graph\">{\"@context\":\"https:\/\/schema.org\",\"@graph\":[{\"@type\":\"WebPage\",\"@id\":\"https:\/\/www.istegroup.com\/fr\/contact-2\/\",\"url\":\"https:\/\/www.istegroup.com\/fr\/contact-2\/\",\"name\":\"Contacts ISTE Group - ISTE Group\",\"isPartOf\":{\"@id\":\"https:\/\/www.istegroup.com\/#website\"},\"primaryImageOfPage\":{\"@id\":\"https:\/\/www.istegroup.com\/fr\/contact-2\/#primaryimage\"},\"image\":{\"@id\":\"https:\/\/www.istegroup.com\/fr\/contact-2\/#primaryimage\"},\"thumbnailUrl\":\"https:\/\/www.istegroup.com\/wp-content\/uploads\/2019\/01\/abstraction.jpg\",\"datePublished\":\"2019-04-11T10:30:32+00:00\",\"dateModified\":\"2024-04-11T10:32:37+00:00\",\"breadcrumb\":{\"@id\":\"https:\/\/www.istegroup.com\/fr\/contact-2\/#breadcrumb\"},\"inLanguage\":\"fr-FR\",\"potentialAction\":[{\"@type\":\"ReadAction\",\"target\":[\"https:\/\/www.istegroup.com\/fr\/contact-2\/\"]}]},{\"@type\":\"ImageObject\",\"inLanguage\":\"fr-FR\",\"@id\":\"https:\/\/www.istegroup.com\/fr\/contact-2\/#primaryimage\",\"url\":\"https:\/\/www.istegroup.com\/wp-content\/uploads\/2019\/01\/abstraction.jpg\",\"contentUrl\":\"https:\/\/www.istegroup.com\/wp-content\/uploads\/2019\/01\/abstraction.jpg\",\"width\":1920,\"height\":1080},{\"@type\":\"BreadcrumbList\",\"@id\":\"https:\/\/www.istegroup.com\/fr\/contact-2\/#breadcrumb\",\"itemListElement\":[{\"@type\":\"ListItem\",\"position\":1,\"name\":\"Home\",\"item\":\"https:\/\/www.istegroup.com\/\"},{\"@type\":\"ListItem\",\"position\":2,\"name\":\"Contacts ISTE Group\"}]},{\"@type\":\"WebSite\",\"@id\":\"https:\/\/www.istegroup.com\/#website\",\"url\":\"https:\/\/www.istegroup.com\/\",\"name\":\"ISTE Group\",\"description\":\"\u00c9diteur des Sciences\",\"potentialAction\":[{\"@type\":\"SearchAction\",\"target\":{\"@type\":\"EntryPoint\",\"urlTemplate\":\"https:\/\/www.istegroup.com\/?s={search_term_string}\"},\"query-input\":{\"@type\":\"PropertyValueSpecification\",\"valueRequired\":true,\"valueName\":\"search_term_string\"}}],\"inLanguage\":\"fr-FR\"}]}<\/script>\n<!-- \/ Yoast SEO plugin. -->","yoast_head_json":{"title":"Contacts ISTE Group - ISTE Group","robots":{"index":"index","follow":"follow","max-snippet":"max-snippet:-1","max-image-preview":"max-image-preview:large","max-video-preview":"max-video-preview:-1"},"canonical":"https:\/\/www.istegroup.com\/fr\/contact-2\/","og_locale":"fr_FR","og_type":"article","og_title":"Contacts ISTE Group - ISTE Group","og_description":"ISTE Group 27-37 St George\u2019s Road Londres SW19 4EU Royaume-Uni Tel : 0044 208\u00a0879 4580 0800 902 354 \u2013 num\u00e9ro gratuit \u00e0 partir d\u2019un poste fixe en France info@iste-editions.fr Nos sites : istegroup.com : ouvrages fran\u00e7ais iste-sciences.com : Encyclop\u00e9die SCIENCES iste.co.uk : ouvrages anglais iste-international.es : ouvrages espagnols openscience.fr : revues en libre acc\u00e8s &nbsp; [&hellip;]","og_url":"https:\/\/www.istegroup.com\/fr\/contact-2\/","og_site_name":"ISTE Group","article_modified_time":"2024-04-11T10:32:37+00:00","og_image":[{"width":1920,"height":1080,"url":"https:\/\/www.istegroup.com\/wp-content\/uploads\/2019\/01\/abstraction.jpg","type":"image\/jpeg"}],"twitter_card":"summary_large_image","twitter_misc":{"Est. reading time":"2 minutes"},"schema":{"@context":"https:\/\/schema.org","@graph":[{"@type":"WebPage","@id":"https:\/\/www.istegroup.com\/fr\/contact-2\/","url":"https:\/\/www.istegroup.com\/fr\/contact-2\/","name":"Contacts ISTE Group - ISTE Group","isPartOf":{"@id":"https:\/\/www.istegroup.com\/#website"},"primaryImageOfPage":{"@id":"https:\/\/www.istegroup.com\/fr\/contact-2\/#primaryimage"},"image":{"@id":"https:\/\/www.istegroup.com\/fr\/contact-2\/#primaryimage"},"thumbnailUrl":"https:\/\/www.istegroup.com\/wp-content\/uploads\/2019\/01\/abstraction.jpg","datePublished":"2019-04-11T10:30:32+00:00","dateModified":"2024-04-11T10:32:37+00:00","breadcrumb":{"@id":"https:\/\/www.istegroup.com\/fr\/contact-2\/#breadcrumb"},"inLanguage":"fr-FR","potentialAction":[{"@type":"ReadAction","target":["https:\/\/www.istegroup.com\/fr\/contact-2\/"]}]},{"@type":"ImageObject","inLanguage":"fr-FR","@id":"https:\/\/www.istegroup.com\/fr\/contact-2\/#primaryimage","url":"https:\/\/www.istegroup.com\/wp-content\/uploads\/2019\/01\/abstraction.jpg","contentUrl":"https:\/\/www.istegroup.com\/wp-content\/uploads\/2019\/01\/abstraction.jpg","width":1920,"height":1080},{"@type":"BreadcrumbList","@id":"https:\/\/www.istegroup.com\/fr\/contact-2\/#breadcrumb","itemListElement":[{"@type":"ListItem","position":1,"name":"Home","item":"https:\/\/www.istegroup.com\/"},{"@type":"ListItem","position":2,"name":"Contacts ISTE Group"}]},{"@type":"WebSite","@id":"https:\/\/www.istegroup.com\/#website","url":"https:\/\/www.istegroup.com\/","name":"ISTE Group","description":"\u00c9diteur des Sciences","potentialAction":[{"@type":"SearchAction","target":{"@type":"EntryPoint","urlTemplate":"https:\/\/www.istegroup.com\/?s={search_term_string}"},"query-input":{"@type":"PropertyValueSpecification","valueRequired":true,"valueName":"search_term_string"}}],"inLanguage":"fr-FR"}]}},"_links":{"self":[{"href":"https:\/\/www.istegroup.com\/fr\/wp-json\/wp\/v2\/pages\/19996","targetHints":{"allow":["GET"]}}],"collection":[{"href":"https:\/\/www.istegroup.com\/fr\/wp-json\/wp\/v2\/pages"}],"about":[{"href":"https:\/\/www.istegroup.com\/fr\/wp-json\/wp\/v2\/types\/page"}],"author":[{"embeddable":true,"href":"https:\/\/www.istegroup.com\/fr\/wp-json\/wp\/v2\/users\/203"}],"replies":[{"embeddable":true,"href":"https:\/\/www.istegroup.com\/fr\/wp-json\/wp\/v2\/comments?post=19996"}],"version-history":[{"count":0,"href":"https:\/\/www.istegroup.com\/fr\/wp-json\/wp\/v2\/pages\/19996\/revisions"}],"wp:featuredmedia":[{"embeddable":true,"href":"https:\/\/www.istegroup.com\/fr\/wp-json\/wp\/v2\/media\/16794"}],"wp:attachment":[{"href":"https:\/\/www.istegroup.com\/fr\/wp-json\/wp\/v2\/media?parent=19996"}],"curies":[{"name":"wp","href":"https:\/\/api.w.org\/{rel}","templated":true}]}}