{"id":18735,"date":"2019-03-08T11:54:57","date_gmt":"2019-03-08T11:54:57","guid":{"rendered":"https:\/\/www.istegroup.com\/?page_id=18735"},"modified":"2024-04-17T11:04:22","modified_gmt":"2024-04-17T10:04:22","slug":"sciences-lencyclopedie-de-notre-temps","status":"publish","type":"page","link":"https:\/\/www.istegroup.com\/fr\/sciences-lencyclopedie-de-notre-temps\/","title":{"rendered":"SCIENCES, l\u2019Encyclop\u00e9die de notre temps"},"content":{"rendered":"<p><\/p>\n<p style=\"text-align: justify;\"><img loading=\"lazy\" decoding=\"async\" class=\"alignleft wp-image-8992\" src=\"https:\/\/www.istegroup.com\/wp-content\/uploads\/2018\/01\/POMEROL-Jean-Charles-e1550567064389.jpg\" alt=\"\" width=\"161\" height=\"161\" srcset=\"https:\/\/www.istegroup.com\/wp-content\/uploads\/2018\/01\/POMEROL-Jean-Charles-e1550567064389.jpg 335w, https:\/\/www.istegroup.com\/wp-content\/uploads\/2018\/01\/POMEROL-Jean-Charles-e1550567064389-100x100.jpg 100w, https:\/\/www.istegroup.com\/wp-content\/uploads\/2018\/01\/POMEROL-Jean-Charles-e1550567064389-150x150.jpg 150w, https:\/\/www.istegroup.com\/wp-content\/uploads\/2018\/01\/POMEROL-Jean-Charles-e1550567064389-300x300.jpg 300w, https:\/\/www.istegroup.com\/wp-content\/uploads\/2018\/01\/POMEROL-Jean-Charles-e1550567064389-50x50.jpg 50w, https:\/\/www.istegroup.com\/wp-content\/uploads\/2018\/01\/POMEROL-Jean-Charles-e1550567064389-60x60.jpg 60w\" sizes=\"auto, (max-width: 161px) 100vw, 161px\" \/>L\u2019ambition de Diderot et des hommes des Lumi\u00e8res \u00e9tait de transmettre l\u2019ensemble des connaissances humaines. Or aujourd\u2019hui, au d\u00e9but du XXI\u00e8me si\u00e8cle, ce r\u00eave est devenu impossible \u00e0 r\u00e9aliser. Il y a plus de chercheurs vivants qu\u2019il y en a eu depuis l\u2019origine du monde. Et parmi ceux-ci les fran\u00e7ais sont nombreux et tr\u00e8s actifs.<br \/>\nLe CNRS est un des organismes mondiaux, avec l\u2019acad\u00e9mie des sciences de Chine, parmi les plus publiant et le syst\u00e8me des unit\u00e9s mixtes associ\u00e9es aux grandes universit\u00e9s de recherche intensive est un r\u00e9servoir extraordinaire de cr\u00e9ativit\u00e9 et d\u2019innovation.<\/p>\n<p style=\"text-align: justify;\">L\u2019Encyclop\u00e9die SCIENCES propose un nouveau concept : pour chaque domaine et chaque th\u00e8me, les meilleurs universitaires du monde entier vont \u00e9crire, dans un chapitre d\u2019une trentaine de pages, ce qu\u2019ils savent de leur champ de recherche afin de le mettre \u00e0 port\u00e9e d\u2019un lectorat cultiv\u00e9, curieux de savoir o\u00f9 va la science. Les chapitres seront ensuite regroup\u00e9s par th\u00e8mes dans des volumes. Ainsi chaque volume de SCIENCES ouvrira tout un monde de savoirs sur un sujet donn\u00e9.<br \/>\nCette entreprise sans pr\u00e9c\u00e9dent, s\u2019appuie sur les meilleurs chercheurs francophones et mondiaux.<\/p>\n<p style=\"text-align: justify;\">L\u2019Encyclop\u00e9die SCIENCES est publi\u00e9e en fran\u00e7ais par ISTE Editions.<br \/>\nLes textes anglais sont traduits en fran\u00e7ais et inversement.<br \/>\nElle est publi\u00e9e en anglais par ISTE\u2013Wiley. Les titres anglais sont diffus\u00e9s mondialement par Wiley.<\/p>\n<p style=\"text-align: justify;\">SCIENCES est ouverte aux nouvelles connaissances en temps r\u00e9el, elle \u00e9voluera donc constamment en fonction des d\u00e9couvertes.<\/p>\n<p style=\"text-align: right;\">Jean-Charles Pomerol<br \/>\npr\u00e9sident du Conseil scientifique d\u2019ISTE<br \/>\net ancien pr\u00e9sident d&rsquo;UPMC, Paris (2006-2011)<\/p>\n<p><\/p>","protected":false},"excerpt":{"rendered":"<p>L\u2019ambition de Diderot et des hommes des Lumi\u00e8res \u00e9tait de transmettre l\u2019ensemble des connaissances humaines. Or aujourd\u2019hui, au d\u00e9but du XXI\u00e8me si\u00e8cle, ce r\u00eave est devenu impossible \u00e0 r\u00e9aliser. Il y a plus de chercheurs vivants qu\u2019il y en a eu depuis l\u2019origine du monde. Et parmi ceux-ci les fran\u00e7ais sont nombreux et tr\u00e8s actifs. [&hellip;]<\/p>\n","protected":false},"author":203,"featured_media":16794,"parent":0,"menu_order":0,"comment_status":"closed","ping_status":"closed","template":"page-flexible.php","meta":{"_acf_changed":false,"footnotes":"","_links_to":"","_links_to_target":""},"class_list":["post-18735","page","type-page","status-publish","has-post-thumbnail","hentry"],"acf":[],"yoast_head":"<!-- This site is optimized with the Yoast SEO plugin v27.2 - https:\/\/yoast.com\/product\/yoast-seo-wordpress\/ -->\n<title>SCIENCES, l\u2019Encyclop\u00e9die de notre temps - ISTE Group<\/title>\n<meta name=\"robots\" content=\"index, follow, max-snippet:-1, max-image-preview:large, max-video-preview:-1\" \/>\n<link rel=\"canonical\" href=\"https:\/\/www.istegroup.com\/en\/sciences-lencyclopedie-de-notre-temps\/\" \/>\n<meta property=\"og:locale\" content=\"fr_FR\" \/>\n<meta property=\"og:type\" content=\"article\" \/>\n<meta property=\"og:title\" content=\"[:fr]SCIENCES, l\u2019Encyclop\u00e9die de notre temps[:en]SCIENCES[:] - ISTE Group\" \/>\n<meta property=\"og:description\" content=\"L\u2019ambition de Diderot et des hommes des Lumi\u00e8res \u00e9tait de transmettre l\u2019ensemble des connaissances humaines. Or aujourd\u2019hui, au d\u00e9but du XXI\u00e8me si\u00e8cle, ce r\u00eave est devenu impossible \u00e0 r\u00e9aliser. Il y a plus de chercheurs vivants qu\u2019il y en a eu depuis l\u2019origine du monde. Et parmi ceux-ci les fran\u00e7ais sont nombreux et tr\u00e8s actifs. [&hellip;]\" \/>\n<meta property=\"og:url\" content=\"https:\/\/www.istegroup.com\/en\/sciences-lencyclopedie-de-notre-temps\/\" \/>\n<meta property=\"og:site_name\" content=\"ISTE Group\" \/>\n<meta property=\"article:modified_time\" content=\"2024-04-17T10:04:22+00:00\" \/>\n<meta property=\"og:image\" content=\"https:\/\/www.istegroup.com\/wp-content\/uploads\/2019\/01\/abstraction.jpg\" \/>\n\t<meta property=\"og:image:width\" content=\"1920\" \/>\n\t<meta property=\"og:image:height\" content=\"1080\" \/>\n\t<meta property=\"og:image:type\" content=\"image\/jpeg\" \/>\n<meta name=\"twitter:card\" content=\"summary_large_image\" \/>\n<meta name=\"twitter:label1\" content=\"Est. reading time\" \/>\n\t<meta name=\"twitter:data1\" content=\"3 minutes\" \/>\n<script type=\"application\/ld+json\" class=\"yoast-schema-graph\">{\"@context\":\"https:\/\/schema.org\",\"@graph\":[{\"@type\":\"WebPage\",\"@id\":\"https:\/\/www.istegroup.com\/en\/sciences-lencyclopedie-de-notre-temps\/\",\"url\":\"https:\/\/www.istegroup.com\/en\/sciences-lencyclopedie-de-notre-temps\/\",\"name\":\"[:fr]SCIENCES, l\u2019Encyclop\u00e9die de notre temps[:en]SCIENCES[:] - ISTE Group\",\"isPartOf\":{\"@id\":\"https:\/\/www.istegroup.com\/#website\"},\"primaryImageOfPage\":{\"@id\":\"https:\/\/www.istegroup.com\/en\/sciences-lencyclopedie-de-notre-temps\/#primaryimage\"},\"image\":{\"@id\":\"https:\/\/www.istegroup.com\/en\/sciences-lencyclopedie-de-notre-temps\/#primaryimage\"},\"thumbnailUrl\":\"https:\/\/www.istegroup.com\/wp-content\/uploads\/2019\/01\/abstraction.jpg\",\"datePublished\":\"2019-03-08T11:54:57+00:00\",\"dateModified\":\"2024-04-17T10:04:22+00:00\",\"breadcrumb\":{\"@id\":\"https:\/\/www.istegroup.com\/en\/sciences-lencyclopedie-de-notre-temps\/#breadcrumb\"},\"inLanguage\":\"fr-FR\",\"potentialAction\":[{\"@type\":\"ReadAction\",\"target\":[\"https:\/\/www.istegroup.com\/en\/sciences-lencyclopedie-de-notre-temps\/\"]}]},{\"@type\":\"ImageObject\",\"inLanguage\":\"fr-FR\",\"@id\":\"https:\/\/www.istegroup.com\/en\/sciences-lencyclopedie-de-notre-temps\/#primaryimage\",\"url\":\"https:\/\/www.istegroup.com\/wp-content\/uploads\/2019\/01\/abstraction.jpg\",\"contentUrl\":\"https:\/\/www.istegroup.com\/wp-content\/uploads\/2019\/01\/abstraction.jpg\",\"width\":1920,\"height\":1080},{\"@type\":\"BreadcrumbList\",\"@id\":\"https:\/\/www.istegroup.com\/en\/sciences-lencyclopedie-de-notre-temps\/#breadcrumb\",\"itemListElement\":[{\"@type\":\"ListItem\",\"position\":1,\"name\":\"Home\",\"item\":\"https:\/\/www.istegroup.com\/\"},{\"@type\":\"ListItem\",\"position\":2,\"name\":\"SCIENCES\"}]},{\"@type\":\"WebSite\",\"@id\":\"https:\/\/www.istegroup.com\/#website\",\"url\":\"https:\/\/www.istegroup.com\/\",\"name\":\"ISTE Group\",\"description\":\"\u00c9diteur des Sciences\",\"potentialAction\":[{\"@type\":\"SearchAction\",\"target\":{\"@type\":\"EntryPoint\",\"urlTemplate\":\"https:\/\/www.istegroup.com\/?s={search_term_string}\"},\"query-input\":{\"@type\":\"PropertyValueSpecification\",\"valueRequired\":true,\"valueName\":\"search_term_string\"}}],\"inLanguage\":\"fr-FR\"}]}<\/script>\n<!-- \/ Yoast SEO plugin. -->","yoast_head_json":{"title":"[:fr]SCIENCES, l\u2019Encyclop\u00e9die de notre temps[:en]SCIENCES[:] - ISTE Group","robots":{"index":"index","follow":"follow","max-snippet":"max-snippet:-1","max-image-preview":"max-image-preview:large","max-video-preview":"max-video-preview:-1"},"canonical":"https:\/\/www.istegroup.com\/en\/sciences-lencyclopedie-de-notre-temps\/","og_locale":"fr_FR","og_type":"article","og_title":"[:fr]SCIENCES, l\u2019Encyclop\u00e9die de notre temps[:en]SCIENCES[:] - ISTE Group","og_description":"L\u2019ambition de Diderot et des hommes des Lumi\u00e8res \u00e9tait de transmettre l\u2019ensemble des connaissances humaines. Or aujourd\u2019hui, au d\u00e9but du XXI\u00e8me si\u00e8cle, ce r\u00eave est devenu impossible \u00e0 r\u00e9aliser. Il y a plus de chercheurs vivants qu\u2019il y en a eu depuis l\u2019origine du monde. Et parmi ceux-ci les fran\u00e7ais sont nombreux et tr\u00e8s actifs. [&hellip;]","og_url":"https:\/\/www.istegroup.com\/en\/sciences-lencyclopedie-de-notre-temps\/","og_site_name":"ISTE Group","article_modified_time":"2024-04-17T10:04:22+00:00","og_image":[{"width":1920,"height":1080,"url":"https:\/\/www.istegroup.com\/wp-content\/uploads\/2019\/01\/abstraction.jpg","type":"image\/jpeg"}],"twitter_card":"summary_large_image","twitter_misc":{"Est. reading time":"3 minutes"},"schema":{"@context":"https:\/\/schema.org","@graph":[{"@type":"WebPage","@id":"https:\/\/www.istegroup.com\/en\/sciences-lencyclopedie-de-notre-temps\/","url":"https:\/\/www.istegroup.com\/en\/sciences-lencyclopedie-de-notre-temps\/","name":"[:fr]SCIENCES, l\u2019Encyclop\u00e9die de notre temps[:en]SCIENCES[:] - ISTE Group","isPartOf":{"@id":"https:\/\/www.istegroup.com\/#website"},"primaryImageOfPage":{"@id":"https:\/\/www.istegroup.com\/en\/sciences-lencyclopedie-de-notre-temps\/#primaryimage"},"image":{"@id":"https:\/\/www.istegroup.com\/en\/sciences-lencyclopedie-de-notre-temps\/#primaryimage"},"thumbnailUrl":"https:\/\/www.istegroup.com\/wp-content\/uploads\/2019\/01\/abstraction.jpg","datePublished":"2019-03-08T11:54:57+00:00","dateModified":"2024-04-17T10:04:22+00:00","breadcrumb":{"@id":"https:\/\/www.istegroup.com\/en\/sciences-lencyclopedie-de-notre-temps\/#breadcrumb"},"inLanguage":"fr-FR","potentialAction":[{"@type":"ReadAction","target":["https:\/\/www.istegroup.com\/en\/sciences-lencyclopedie-de-notre-temps\/"]}]},{"@type":"ImageObject","inLanguage":"fr-FR","@id":"https:\/\/www.istegroup.com\/en\/sciences-lencyclopedie-de-notre-temps\/#primaryimage","url":"https:\/\/www.istegroup.com\/wp-content\/uploads\/2019\/01\/abstraction.jpg","contentUrl":"https:\/\/www.istegroup.com\/wp-content\/uploads\/2019\/01\/abstraction.jpg","width":1920,"height":1080},{"@type":"BreadcrumbList","@id":"https:\/\/www.istegroup.com\/en\/sciences-lencyclopedie-de-notre-temps\/#breadcrumb","itemListElement":[{"@type":"ListItem","position":1,"name":"Home","item":"https:\/\/www.istegroup.com\/"},{"@type":"ListItem","position":2,"name":"SCIENCES"}]},{"@type":"WebSite","@id":"https:\/\/www.istegroup.com\/#website","url":"https:\/\/www.istegroup.com\/","name":"ISTE Group","description":"\u00c9diteur des Sciences","potentialAction":[{"@type":"SearchAction","target":{"@type":"EntryPoint","urlTemplate":"https:\/\/www.istegroup.com\/?s={search_term_string}"},"query-input":{"@type":"PropertyValueSpecification","valueRequired":true,"valueName":"search_term_string"}}],"inLanguage":"fr-FR"}]}},"_links":{"self":[{"href":"https:\/\/www.istegroup.com\/fr\/wp-json\/wp\/v2\/pages\/18735","targetHints":{"allow":["GET"]}}],"collection":[{"href":"https:\/\/www.istegroup.com\/fr\/wp-json\/wp\/v2\/pages"}],"about":[{"href":"https:\/\/www.istegroup.com\/fr\/wp-json\/wp\/v2\/types\/page"}],"author":[{"embeddable":true,"href":"https:\/\/www.istegroup.com\/fr\/wp-json\/wp\/v2\/users\/203"}],"replies":[{"embeddable":true,"href":"https:\/\/www.istegroup.com\/fr\/wp-json\/wp\/v2\/comments?post=18735"}],"version-history":[{"count":0,"href":"https:\/\/www.istegroup.com\/fr\/wp-json\/wp\/v2\/pages\/18735\/revisions"}],"wp:featuredmedia":[{"embeddable":true,"href":"https:\/\/www.istegroup.com\/fr\/wp-json\/wp\/v2\/media\/16794"}],"wp:attachment":[{"href":"https:\/\/www.istegroup.com\/fr\/wp-json\/wp\/v2\/media?parent=18735"}],"curies":[{"name":"wp","href":"https:\/\/api.w.org\/{rel}","templated":true}]}}