{"id":16752,"date":"2019-01-16T14:28:16","date_gmt":"2019-01-16T14:28:16","guid":{"rendered":"https:\/\/www.istegroup.com\/?page_id=16752"},"modified":"2026-03-10T09:01:41","modified_gmt":"2026-03-10T09:01:41","slug":"auteurs","status":"publish","type":"page","link":"https:\/\/www.istegroup.com\/fr\/auteurs\/","title":{"rendered":"Auteurs"},"content":{"rendered":"<p><\/p>\n<table>\n<tbody>\n<tr>\n<td width=\"30%\"><img loading=\"lazy\" decoding=\"async\" class=\"alignleft wp-image-20037\" src=\"https:\/\/www.istegroup.com\/wp-content\/uploads\/2019\/04\/Consignes-Auteurs_rond-296x300.png\" alt=\"\" width=\"173\" height=\"176\" srcset=\"https:\/\/www.istegroup.com\/wp-content\/uploads\/2019\/04\/Consignes-Auteurs_rond-296x300.png 296w, https:\/\/www.istegroup.com\/wp-content\/uploads\/2019\/04\/Consignes-Auteurs_rond-59x60.png 59w, https:\/\/www.istegroup.com\/wp-content\/uploads\/2019\/04\/Consignes-Auteurs_rond-50x50.png 50w, https:\/\/www.istegroup.com\/wp-content\/uploads\/2019\/04\/Consignes-Auteurs_rond.png 500w\" sizes=\"auto, (max-width: 173px) 100vw, 173px\" \/><\/td>\n<td width=\"70%\">\n<h3><strong>Proposer un manuscrit<\/strong><\/h3>\n<p>Vous pouvez nous soumettre vos projets d&rsquo;ouvrage en t\u00e9l\u00e9chargeant et compl\u00e9tant le<br \/>\n<a style=\"color: #1e9691;\" href=\"https:\/\/www.istegroup.com\/wp-content\/uploads\/2021\/10\/ISTE-proposition-Editions.docx\" target=\"_blank\" rel=\"noopener noreferrer\">formulaire de proposition de manuscrit<\/a>.<\/td>\n<\/tr>\n<\/tbody>\n<\/table>\n<p>&nbsp;<\/p>\n<table>\n<tbody>\n<tr>\n<td width=\"30%\"><img loading=\"lazy\" decoding=\"async\" class=\"alignleft size-medium wp-image-20103\" src=\"https:\/\/www.istegroup.com\/wp-content\/uploads\/2019\/04\/series_rond_2-300x295.png\" alt=\"\" width=\"173\" height=\"176\" \/><\/td>\n<td width=\"70%\">\n<h3><strong>Proposer une s\u00e9rie<\/strong><\/h3>\n<p>Elle r\u00e9unit sous un titre g\u00e9n\u00e9rique relativement \u00e9troit des ouvrages sur un th\u00e8me scientifique pr\u00e9cis.<br \/>\nNous vous invitons \u00e0 coordonner une s\u00e9rie : vous avez le choix de son th\u00e8me et de ses auteurs.<br \/>\nLes ouvrages de la s\u00e9rie doivent couvrir la recherche, l\u2019\u00e9tat de l\u2019art et \u00e9ventuellement les applications et les cons\u00e9quences soci\u00e9tales dans ce champ.<\/p>\n<p>&nbsp;<\/p>\n<p>Merci d\u2019envoyer vos propositions pour ces deux types de projets \u00e0 Chantal M\u00e9nasc\u00e9 (<a style=\"color: #1e9691;\" href=\"mailto:c.menasce@iste.co.uk\">c.menasce@iste.co.uk<\/a>)<\/p>\n<p style=\"font-size: 13px;\">Les propositions qui concernent ces deux projets sont expertis\u00e9es par un membre de notre organisation \u00e9ditoriale.<br \/>\nLa langue de r\u00e9daction est le fran\u00e7ais (la traduction\/adaptation en anglais est assur\u00e9e par nos soins) ou l\u2019anglais.<br \/>\nLes titres re\u00e7us en fran\u00e7ais sont publi\u00e9s par ISTE Editions (<a style=\"color: #1e9691;\" href=\"http:\/\/www.istegroup.com\">www.istegroup.com<\/a>).<br \/>\nLes ouvrages re\u00e7us en anglais sont publi\u00e9s en co\u00e9dition avec WILEY ou ELSEVIER qui en assurent la diffusion mondiale (<a style=\"color: #1e9691;\" href=\"http:\/\/www.iste.co.uk\">www.iste.co.uk<\/a>).<\/p>\n<\/td>\n<\/tr>\n<\/tbody>\n<\/table>\n<p>&nbsp;<\/p>\n<table>\n<tbody>\n<tr>\n<td width=\"30%\"><img decoding=\"async\" class=\"alignleft wp-image-20038\" src=\"https:\/\/www.istegroup.com\/wp-content\/uploads\/2019\/04\/logo_rond_sciences-298x300.png\" alt=\"\" width=\"173\" srcset=\"https:\/\/www.istegroup.com\/wp-content\/uploads\/2019\/04\/logo_rond_sciences-298x300.png 298w, https:\/\/www.istegroup.com\/wp-content\/uploads\/2019\/04\/logo_rond_sciences-100x100.png 100w, https:\/\/www.istegroup.com\/wp-content\/uploads\/2019\/04\/logo_rond_sciences-150x150.png 150w, https:\/\/www.istegroup.com\/wp-content\/uploads\/2019\/04\/logo_rond_sciences-60x60.png 60w, https:\/\/www.istegroup.com\/wp-content\/uploads\/2019\/04\/logo_rond_sciences-50x50.png 50w, https:\/\/www.istegroup.com\/wp-content\/uploads\/2019\/04\/logo_rond_sciences.png 500w\" sizes=\"(max-width: 298px) 100vw, 298px\" \/><\/td>\n<td width=\"70%\">\n<h3>Participer \u00e0 <a style=\"color: #1e9691;\" href=\"https:\/\/www.istegroup.com\/fr\/sciences\/\">SCIENCES<\/a>, l\u2019Encyclop\u00e9die de notre temps<\/h3>\n<p>Lanc\u00e9e par ISTE, cette publication sans pr\u00e9c\u00e9dent s\u2019appuie sur les meilleurs chercheurs mondiaux.<br \/>\nSCIENCES est publi\u00e9e en fran\u00e7ais par ISTE Editions qui traduit les textes anglais en fran\u00e7ais et inversement.<br \/>\nElle aussi publi\u00e9e en anglais par ISTE\u2013Wiley.<br \/>\nSi vous d\u00e9sirez participer \u00e0 cette publication, merci de contacter Chantal M\u00e9nasc\u00e9 (<a style=\"color: #1e9691;\" href=\"mailto:c.menasce@iste.co.uk\">c.menasce@iste.co.uk<\/a>)<\/td>\n<\/tr>\n<\/tbody>\n<\/table>\n<p>&nbsp;<\/p>\n<table>\n<tbody>\n<tr>\n<td width=\"30%\"><img decoding=\"async\" class=\"size-medium wp-image-20076 alignnone\" src=\"https:\/\/www.istegroup.com\/wp-content\/uploads\/2019\/04\/consignes-300x300.png\" alt=\"\" width=\"173\" srcset=\"https:\/\/www.istegroup.com\/wp-content\/uploads\/2019\/04\/consignes-300x300.png 300w, https:\/\/www.istegroup.com\/wp-content\/uploads\/2019\/04\/consignes-100x100.png 100w, https:\/\/www.istegroup.com\/wp-content\/uploads\/2019\/04\/consignes-150x150.png 150w, https:\/\/www.istegroup.com\/wp-content\/uploads\/2019\/04\/consignes-60x60.png 60w, https:\/\/www.istegroup.com\/wp-content\/uploads\/2019\/04\/consignes-50x50.png 50w, https:\/\/www.istegroup.com\/wp-content\/uploads\/2019\/04\/consignes.png 500w\" sizes=\"(max-width: 300px) 100vw, 300px\" \/><\/td>\n<td width=\"70%\">\n<h3><strong>Consignes aux\u00a0<\/strong><b>auteurs<\/b><\/h3>\n<p>Vous pouvez t\u00e9l\u00e9charger les consignes de mise en page Word et LaTeX par les liens ci-dessous :<br \/>\n\u2014 <a style=\"color: #1e9691; text-decoration: none;\" href=\"https:\/\/www.istegroup.com\/wp-content\/uploads\/2020\/03\/Consignes_ISTE_Collections_FR.zip\"> Consignes pour les ouvrages des collections\/ISTE Abr\u00e9g\u00e9s <\/a><br \/>\n\u2014 <a style=\"color: #1e9691; text-decoration: none;\" href=\"https:\/\/www.istegroup.com\/wp-content\/uploads\/2020\/03\/Consignes_ISTE_SCIENCES_FR.zip\" target=\"_blank\" rel=\"noopener noreferrer\">Consignes pour les ouvrages de l&rsquo;Encyclop\u00e9die SCIENCES<\/a><br \/>\n\u2013 <a style=\"color: #1e9691; text-decoration: none;\" href=\"https:\/\/www.istegroup.com\/fr\/exemples-de-chapitres-sciences\/\" target=\"_blank\" rel=\"noopener noreferrer\">Exemples de chapitres de l\u2019Encyclop\u00e9die SCIENCES<\/a><br \/>\n&#8211; <a style=\"color: #1e9691; text-decoration: none;\" href=\"https:\/\/www.istegroup.com\/en\/auteurs\/\" target=\"_blank\" rel=\"noopener noreferrer\">(Lien pour les consignes en anglais)<\/a><\/p>\n<p>Merci de nous contacter en cas de probl\u00e8me concernant l\u2019application des feuilles de style.<br \/>\n<a style=\"color: #1e9691;\" href=\"mailto:info@iste-editions.fr\">info@iste-editions.fr<\/a><\/td>\n<\/tr>\n<\/tbody>\n<\/table>\n<p>&nbsp;<\/p>","protected":false},"excerpt":{"rendered":"<p>Proposer un manuscrit Vous pouvez nous soumettre vos projets d&rsquo;ouvrage en t\u00e9l\u00e9chargeant et compl\u00e9tant le formulaire de proposition de manuscrit. &nbsp; Proposer une s\u00e9rie Elle r\u00e9unit sous un titre g\u00e9n\u00e9rique relativement \u00e9troit des ouvrages sur un th\u00e8me scientifique pr\u00e9cis. Nous vous invitons \u00e0 coordonner une s\u00e9rie : vous avez le choix de son th\u00e8me et [&hellip;]<\/p>\n","protected":false},"author":203,"featured_media":0,"parent":0,"menu_order":0,"comment_status":"closed","ping_status":"closed","template":"page-flexible.php","meta":{"_acf_changed":false,"footnotes":"","_links_to":"","_links_to_target":""},"class_list":["post-16752","page","type-page","status-publish","hentry"],"acf":[],"yoast_head":"<!-- This site is optimized with the Yoast SEO plugin v27.2 - https:\/\/yoast.com\/product\/yoast-seo-wordpress\/ -->\n<title>Auteurs - ISTE Group<\/title>\n<meta name=\"robots\" content=\"index, follow, max-snippet:-1, max-image-preview:large, max-video-preview:-1\" \/>\n<link rel=\"canonical\" href=\"https:\/\/www.istegroup.com\/auteurs\/\" \/>\n<meta property=\"og:locale\" content=\"fr_FR\" \/>\n<meta property=\"og:type\" content=\"article\" \/>\n<meta property=\"og:title\" content=\"[:fr]Auteurs[:en]Authors[:] - ISTE Group\" \/>\n<meta property=\"og:description\" content=\"Proposer un manuscrit Vous pouvez nous soumettre vos projets d&rsquo;ouvrage en t\u00e9l\u00e9chargeant et compl\u00e9tant le formulaire de proposition de manuscrit. &nbsp; Proposer une s\u00e9rie Elle r\u00e9unit sous un titre g\u00e9n\u00e9rique relativement \u00e9troit des ouvrages sur un th\u00e8me scientifique pr\u00e9cis. Nous vous invitons \u00e0 coordonner une s\u00e9rie : vous avez le choix de son th\u00e8me et [&hellip;]\" \/>\n<meta property=\"og:url\" content=\"https:\/\/www.istegroup.com\/auteurs\/\" \/>\n<meta property=\"og:site_name\" content=\"ISTE Group\" \/>\n<meta property=\"article:modified_time\" content=\"2026-03-10T09:01:41+00:00\" \/>\n<meta property=\"og:image\" content=\"https:\/\/www.istegroup.com\/wp-content\/uploads\/2019\/04\/Consignes-Auteurs_rond.png\" \/>\n\t<meta property=\"og:image:width\" content=\"500\" \/>\n\t<meta property=\"og:image:height\" content=\"506\" \/>\n\t<meta property=\"og:image:type\" content=\"image\/png\" \/>\n<meta name=\"twitter:card\" content=\"summary_large_image\" \/>\n<meta name=\"twitter:label1\" content=\"Est. reading time\" \/>\n\t<meta name=\"twitter:data1\" content=\"3 minutes\" \/>\n<script type=\"application\/ld+json\" class=\"yoast-schema-graph\">{\"@context\":\"https:\/\/schema.org\",\"@graph\":[{\"@type\":\"WebPage\",\"@id\":\"https:\/\/www.istegroup.com\/auteurs\/\",\"url\":\"https:\/\/www.istegroup.com\/auteurs\/\",\"name\":\"[:fr]Auteurs[:en]Authors[:] - ISTE Group\",\"isPartOf\":{\"@id\":\"https:\/\/www.istegroup.com\/#website\"},\"primaryImageOfPage\":{\"@id\":\"https:\/\/www.istegroup.com\/auteurs\/#primaryimage\"},\"image\":{\"@id\":\"https:\/\/www.istegroup.com\/auteurs\/#primaryimage\"},\"thumbnailUrl\":\"https:\/\/www.istegroup.com\/wp-content\/uploads\/2019\/04\/Consignes-Auteurs_rond-296x300.png\",\"datePublished\":\"2019-01-16T14:28:16+00:00\",\"dateModified\":\"2026-03-10T09:01:41+00:00\",\"breadcrumb\":{\"@id\":\"https:\/\/www.istegroup.com\/auteurs\/#breadcrumb\"},\"inLanguage\":\"fr-FR\",\"potentialAction\":[{\"@type\":\"ReadAction\",\"target\":[\"https:\/\/www.istegroup.com\/auteurs\/\"]}]},{\"@type\":\"ImageObject\",\"inLanguage\":\"fr-FR\",\"@id\":\"https:\/\/www.istegroup.com\/auteurs\/#primaryimage\",\"url\":\"https:\/\/www.istegroup.com\/wp-content\/uploads\/2019\/04\/Consignes-Auteurs_rond-296x300.png\",\"contentUrl\":\"https:\/\/www.istegroup.com\/wp-content\/uploads\/2019\/04\/Consignes-Auteurs_rond-296x300.png\"},{\"@type\":\"BreadcrumbList\",\"@id\":\"https:\/\/www.istegroup.com\/auteurs\/#breadcrumb\",\"itemListElement\":[{\"@type\":\"ListItem\",\"position\":1,\"name\":\"Home\",\"item\":\"https:\/\/www.istegroup.com\/\"},{\"@type\":\"ListItem\",\"position\":2,\"name\":\"Auteurs\"}]},{\"@type\":\"WebSite\",\"@id\":\"https:\/\/www.istegroup.com\/#website\",\"url\":\"https:\/\/www.istegroup.com\/\",\"name\":\"ISTE Group\",\"description\":\"\u00c9diteur des Sciences\",\"potentialAction\":[{\"@type\":\"SearchAction\",\"target\":{\"@type\":\"EntryPoint\",\"urlTemplate\":\"https:\/\/www.istegroup.com\/?s={search_term_string}\"},\"query-input\":{\"@type\":\"PropertyValueSpecification\",\"valueRequired\":true,\"valueName\":\"search_term_string\"}}],\"inLanguage\":\"fr-FR\"}]}<\/script>\n<!-- \/ Yoast SEO plugin. -->","yoast_head_json":{"title":"[:fr]Auteurs[:en]Authors[:] - ISTE Group","robots":{"index":"index","follow":"follow","max-snippet":"max-snippet:-1","max-image-preview":"max-image-preview:large","max-video-preview":"max-video-preview:-1"},"canonical":"https:\/\/www.istegroup.com\/auteurs\/","og_locale":"fr_FR","og_type":"article","og_title":"[:fr]Auteurs[:en]Authors[:] - ISTE Group","og_description":"Proposer un manuscrit Vous pouvez nous soumettre vos projets d&rsquo;ouvrage en t\u00e9l\u00e9chargeant et compl\u00e9tant le formulaire de proposition de manuscrit. &nbsp; Proposer une s\u00e9rie Elle r\u00e9unit sous un titre g\u00e9n\u00e9rique relativement \u00e9troit des ouvrages sur un th\u00e8me scientifique pr\u00e9cis. Nous vous invitons \u00e0 coordonner une s\u00e9rie : vous avez le choix de son th\u00e8me et [&hellip;]","og_url":"https:\/\/www.istegroup.com\/auteurs\/","og_site_name":"ISTE Group","article_modified_time":"2026-03-10T09:01:41+00:00","og_image":[{"width":500,"height":506,"url":"https:\/\/www.istegroup.com\/wp-content\/uploads\/2019\/04\/Consignes-Auteurs_rond.png","type":"image\/png"}],"twitter_card":"summary_large_image","twitter_misc":{"Est. reading time":"3 minutes"},"schema":{"@context":"https:\/\/schema.org","@graph":[{"@type":"WebPage","@id":"https:\/\/www.istegroup.com\/auteurs\/","url":"https:\/\/www.istegroup.com\/auteurs\/","name":"[:fr]Auteurs[:en]Authors[:] - ISTE Group","isPartOf":{"@id":"https:\/\/www.istegroup.com\/#website"},"primaryImageOfPage":{"@id":"https:\/\/www.istegroup.com\/auteurs\/#primaryimage"},"image":{"@id":"https:\/\/www.istegroup.com\/auteurs\/#primaryimage"},"thumbnailUrl":"https:\/\/www.istegroup.com\/wp-content\/uploads\/2019\/04\/Consignes-Auteurs_rond-296x300.png","datePublished":"2019-01-16T14:28:16+00:00","dateModified":"2026-03-10T09:01:41+00:00","breadcrumb":{"@id":"https:\/\/www.istegroup.com\/auteurs\/#breadcrumb"},"inLanguage":"fr-FR","potentialAction":[{"@type":"ReadAction","target":["https:\/\/www.istegroup.com\/auteurs\/"]}]},{"@type":"ImageObject","inLanguage":"fr-FR","@id":"https:\/\/www.istegroup.com\/auteurs\/#primaryimage","url":"https:\/\/www.istegroup.com\/wp-content\/uploads\/2019\/04\/Consignes-Auteurs_rond-296x300.png","contentUrl":"https:\/\/www.istegroup.com\/wp-content\/uploads\/2019\/04\/Consignes-Auteurs_rond-296x300.png"},{"@type":"BreadcrumbList","@id":"https:\/\/www.istegroup.com\/auteurs\/#breadcrumb","itemListElement":[{"@type":"ListItem","position":1,"name":"Home","item":"https:\/\/www.istegroup.com\/"},{"@type":"ListItem","position":2,"name":"Auteurs"}]},{"@type":"WebSite","@id":"https:\/\/www.istegroup.com\/#website","url":"https:\/\/www.istegroup.com\/","name":"ISTE Group","description":"\u00c9diteur des Sciences","potentialAction":[{"@type":"SearchAction","target":{"@type":"EntryPoint","urlTemplate":"https:\/\/www.istegroup.com\/?s={search_term_string}"},"query-input":{"@type":"PropertyValueSpecification","valueRequired":true,"valueName":"search_term_string"}}],"inLanguage":"fr-FR"}]}},"_links":{"self":[{"href":"https:\/\/www.istegroup.com\/fr\/wp-json\/wp\/v2\/pages\/16752","targetHints":{"allow":["GET"]}}],"collection":[{"href":"https:\/\/www.istegroup.com\/fr\/wp-json\/wp\/v2\/pages"}],"about":[{"href":"https:\/\/www.istegroup.com\/fr\/wp-json\/wp\/v2\/types\/page"}],"author":[{"embeddable":true,"href":"https:\/\/www.istegroup.com\/fr\/wp-json\/wp\/v2\/users\/203"}],"replies":[{"embeddable":true,"href":"https:\/\/www.istegroup.com\/fr\/wp-json\/wp\/v2\/comments?post=16752"}],"version-history":[{"count":0,"href":"https:\/\/www.istegroup.com\/fr\/wp-json\/wp\/v2\/pages\/16752\/revisions"}],"wp:attachment":[{"href":"https:\/\/www.istegroup.com\/fr\/wp-json\/wp\/v2\/media?parent=16752"}],"curies":[{"name":"wp","href":"https:\/\/api.w.org\/{rel}","templated":true}]}}