{"id":15631,"date":"2018-11-14T16:29:55","date_gmt":"2018-11-14T16:29:55","guid":{"rendered":"https:\/\/www.istegroup.com\/?page_id=15631"},"modified":"2026-04-21T08:53:57","modified_gmt":"2026-04-21T07:53:57","slug":"commandes","status":"publish","type":"page","link":"https:\/\/www.istegroup.com\/fr\/commandes\/","title":{"rendered":"Commandes"},"content":{"rendered":"<p><\/p>\n<h2>Ouvrages papier<\/h2>\n<table>\n<tbody>\n<tr>\n<td style=\"padding: 5px; width: 200px;\" rowspan=\"2\"><img loading=\"lazy\" decoding=\"async\" class=\"alignleft wp-image-18653\" src=\"https:\/\/www.istegroup.com\/wp-content\/uploads\/2018\/10\/template_1ere_slide.png\" alt=\"\" width=\"200\" height=\"149\" srcset=\"https:\/\/www.istegroup.com\/wp-content\/uploads\/2018\/10\/template_1ere_slide.png 828w, https:\/\/www.istegroup.com\/wp-content\/uploads\/2018\/10\/template_1ere_slide-545x405.png 545w, https:\/\/www.istegroup.com\/wp-content\/uploads\/2018\/10\/template_1ere_slide-300x223.png 300w, https:\/\/www.istegroup.com\/wp-content\/uploads\/2018\/10\/template_1ere_slide-768x570.png 768w, https:\/\/www.istegroup.com\/wp-content\/uploads\/2018\/10\/template_1ere_slide-81x60.png 81w\" sizes=\"auto, (max-width: 200px) 100vw, 200px\" \/><\/td>\n<td style=\"padding: 5px; width: 130px;\"><strong>Titres fran\u00e7ais<\/strong> :<\/td>\n<td style=\"padding: 5px;\">commander directement sur notre site<br \/>\ndepuis les <a style=\"color: #1e9691;\" href=\"https:\/\/www.istegroup.com\/fr\/#dept-home\">pages produits<\/a><br \/>\n(envois vers : France m\u00e9tropolitaine, Belgique, Suisse et Luxembourg)<br \/>\nou adresser vos commandes \u00e0 votre <a style=\"color: #1e9691;\" href=\"https:\/\/www.istegroup.com\/librairies\/\">libraire<\/a>.<\/td>\n<\/tr>\n<tr>\n<td style=\"padding: 5px; width: 130px;\"><strong>Titres anglais<\/strong> :<\/td>\n<td style=\"padding: 5px;\">adresser vos commandes<br \/>\n\u00e0\u00a0<a style=\"color: #1e9691;\" href=\"https:\/\/onlinelibrary.wiley.com\/\">WILEY<\/a> ou <a style=\"color: #1e9691;\" href=\"https:\/\/www.elsevier.com\/en-gb\">ELSEVIER<\/a>.<\/td>\n<\/tr>\n<\/tbody>\n<\/table>\n<p>&nbsp;<\/p>\n<h2>Ouvrages num\u00e9riques<\/h2>\n<table>\n<tbody>\n<tr>\n<td style=\"padding: 5px; width: 200px;\" rowspan=\"2\"><img loading=\"lazy\" decoding=\"async\" class=\"alignleft wp-image-19066\" src=\"https:\/\/www.istegroup.com\/wp-content\/uploads\/2019\/03\/ebook1.png\" alt=\"\" width=\"200\" height=\"191\" \/><\/td>\n<td style=\"padding: 5px; width: 130px;\"><strong>Particuliers :\u00a0<\/strong><\/td>\n<td style=\"padding: 5px;\">rechercher un ebook directement<br \/>\ndans notre moteur de recherche<br \/>\nen haut de la page ou consulter<br \/>\nnos\u00a0<a style=\"color: #1e9691;\" href=\"https:\/\/www.istegroup.com\/fr\/nouveautes\/\">nouveaut\u00e9s<\/a> (achats r\u00e9serv\u00e9s aux particuliers).<\/td>\n<\/tr>\n<tr>\n<td style=\"padding: 5px; width: 130px;\"><strong>Institutions :<\/strong><\/td>\n<td style=\"padding: 5px;\">licences ebook<br \/>\ncontacter Chantal M\u00e9nasc\u00e9<br \/>\n0044 208 879 4582<br \/>\nc.menasce@iste.co.uk<a href=\"https:\/\/www.biblioondemand.com\/\" target=\"_blank\" rel=\"noopener\"><img loading=\"lazy\" decoding=\"async\" class=\"aligncenter wp-image-45409\" style=\"display: inline;\" src=\"https:\/\/www.istegroup.com\/wp-content\/uploads\/2022\/02\/Biblio_on_demand_logo_detoure.png\" alt=\"\" width=\"116\" height=\"54\" \/> <\/a><\/td>\n<\/tr>\n<\/tbody>\n<\/table>\n<p><strong>Pour toute autre demande, contacter :<\/strong><br \/>\nChantal M\u00e9nasc\u00e9<br \/>\nc.menasce@iste.co.uk<br \/>\n0044 208 879 4582<\/p>\n<h2>Libraires<\/h2>\n<table>\n<tbody>\n<tr>\n<td style=\"padding: 10px; width: 310px;\"><img decoding=\"async\" class=\"alignleft size-full wp-image-17909\" src=\"https:\/\/www.istegroup.com\/wp-content\/uploads\/2019\/02\/onglet-commandes-e1550742878137.jpg\" alt=\"\" width=\"310px\" height=\"667\" srcset=\"https:\/\/www.istegroup.com\/wp-content\/uploads\/2019\/02\/onglet-commandes-e1550742878137.jpg 1000w, https:\/\/www.istegroup.com\/wp-content\/uploads\/2019\/02\/onglet-commandes-e1550742878137-545x364.jpg 545w\" sizes=\"(max-width: 1000px) 100vw, 1000px\" \/><\/td>\n<td style=\"padding: 5px;\">Commandes \u00e0 adresser \u00e0 :<br \/>\n<a title=\"Commande ISTE EDITONS chez Ingram Publisher Services UK\" href=\"https:\/\/www.ingrampublisherservices.co.uk\/\" target=\"_blank\" rel=\"noopener noreferrer\"><span style=\"color: #1e9691;\">Ingram Publisher Services UK<\/span><\/a><br \/>\n10 Thornbury Road<br \/>\nPlymouth PL6 7PP<br \/>\nRoyaume-Uni<br \/>\nE-mail : <a href=\"mailto:ipsuk.customercare@ingramcontent.com \"><span style=\"color: #1e9691;\">ipsuk.customercare@ingramcontent.com <\/span><\/a><br \/>\nT\u00e9l\u00e9phone : +44 1752202301<br \/>\nListe non-exhaustive des <a href=\"https:\/\/www.istegroup.com\/librairies\/\"><span style=\"color: #1e9691;\">librairies<\/span><\/a>.<\/td>\n<\/tr>\n<\/tbody>\n<\/table>\n<p>&nbsp;<\/p>\n<h2>Commander nos ouvrages sur Amazon depuis :<\/h2>\n<h2>&#8211; les pays Europ\u00e9ens<\/h2>\n<table>\n<tbody>\n<tr>\n<td><img loading=\"lazy\" decoding=\"async\" class=\"alignleft wp-image-18605\" src=\"https:\/\/www.istegroup.com\/wp-content\/uploads\/2019\/03\/drapeau-europe-e1551881954450.jpg\" alt=\"\" width=\"102\" height=\"67\" \/><\/td>\n<td>Vous pouvez directement vous connecter sur notre <a href=\"http:\/\/www.amazon.fr\/gp\/aag\/main?ie=UTF8&amp;asin=&amp;isAmazonFulfilled=&amp;isCBA=&amp;marketplaceID=A13V1IB3VIYZZH&amp;orderID=&amp;seller=A3N2CRXTGMU87C&amp;sshmPath=\"><span style=\"color: #1e9691;\">boutique<\/span><\/a> Amazon France avec vos identifiants habituels.<\/p>\n<p>Une fois vos achats termin\u00e9s, Amazon vous proposera diff\u00e9rentes options d\u2019envoi selon votre pays de r\u00e9sidence (voir ci-dessous).<br \/>\n<a href=\"https:\/\/www.amazon.fr\/gp\/help\/customer\/display.html\/ref=hp_left_v4_sib?ie=UTF8&amp;nodeId=201910820\"><span style=\"color: #1e9691;\">Tous les d\u00e9tails ici<\/span><\/a>.<\/td>\n<\/tr>\n<\/tbody>\n<\/table>\n<h2>&#8211; le Canada<\/h2>\n<table>\n<tbody>\n<tr>\n<td><img decoding=\"async\" class=\"alignleft wp-image-18601\" src=\"https:\/\/www.istegroup.com\/wp-content\/uploads\/2019\/03\/Canada_drapeau-e1551881605367.png\" alt=\"\" width=\"170\" \/><\/td>\n<td>Vous pouvez directement vous connecter sur notre <a href=\"http:\/\/www.amazon.fr\/gp\/aag\/main?ie=UTF8&amp;asin=&amp;isAmazonFulfilled=&amp;isCBA=&amp;marketplaceID=A13V1IB3VIYZZH&amp;orderID=&amp;seller=A3N2CRXTGMU87C&amp;sshmPath=\"><span style=\"color: #1e9691;\">boutique<\/span><\/a> Amazon France avec vos identifiants habituels.<\/p>\n<p>Une fois vos achats termin\u00e9s, Amazon vous proposera diff\u00e9rentes options d\u2019envoi pour le Canada (voir ci-dessous) ainsi qu\u2019une conversion du prix de la commande en dollars canadiens.<br \/>\n<a href=\"http:\/\/www.amazon.fr\/gp\/help\/customer\/display.html\/ref=hp_left_v4_sib?ie=UTF8&amp;nodeId=201368050\"><span style=\"color: #1e9691;\">Tous les d\u00e9tails ici<\/span><\/a>.<\/td>\n<\/tr>\n<\/tbody>\n<\/table>\n<p><\/p>","protected":false},"excerpt":{"rendered":"<p>Ouvrages papier Titres fran\u00e7ais : commander directement sur notre site depuis les pages produits (envois vers : France m\u00e9tropolitaine, Belgique, Suisse et Luxembourg) ou adresser vos commandes \u00e0 votre libraire. Titres anglais : adresser vos commandes \u00e0\u00a0WILEY ou ELSEVIER. &nbsp; Ouvrages num\u00e9riques Particuliers :\u00a0 rechercher un ebook directement dans notre moteur de recherche en haut [&hellip;]<\/p>\n","protected":false},"author":203,"featured_media":0,"parent":0,"menu_order":0,"comment_status":"closed","ping_status":"closed","template":"page-flexible.php","meta":{"_acf_changed":false,"footnotes":"","_links_to":"","_links_to_target":""},"class_list":["post-15631","page","type-page","status-publish","hentry"],"acf":[],"yoast_head":"<!-- This site is optimized with the Yoast SEO plugin v27.2 - https:\/\/yoast.com\/product\/yoast-seo-wordpress\/ -->\n<title>Commandes - ISTE Group<\/title>\n<meta name=\"robots\" content=\"index, follow, max-snippet:-1, max-image-preview:large, max-video-preview:-1\" \/>\n<link rel=\"canonical\" href=\"https:\/\/www.istegroup.com\/commandes\/\" \/>\n<meta property=\"og:locale\" content=\"fr_FR\" \/>\n<meta property=\"og:type\" content=\"article\" \/>\n<meta property=\"og:title\" content=\"[:fr]Commandes[:en]Orders[:] - ISTE Group\" \/>\n<meta property=\"og:description\" content=\"Ouvrages papier Titres fran\u00e7ais : commander directement sur notre site depuis les pages produits (envois vers : France m\u00e9tropolitaine, Belgique, Suisse et Luxembourg) ou adresser vos commandes \u00e0 votre libraire. Titres anglais : adresser vos commandes \u00e0\u00a0WILEY ou ELSEVIER. &nbsp; Ouvrages num\u00e9riques Particuliers :\u00a0 rechercher un ebook directement dans notre moteur de recherche en haut [&hellip;]\" \/>\n<meta property=\"og:url\" content=\"https:\/\/www.istegroup.com\/commandes\/\" \/>\n<meta property=\"og:site_name\" content=\"ISTE Group\" \/>\n<meta property=\"article:modified_time\" content=\"2026-04-21T07:53:57+00:00\" \/>\n<meta property=\"og:image\" content=\"https:\/\/www.istegroup.com\/wp-content\/uploads\/2018\/10\/template_1ere_slide.png\" \/>\n\t<meta property=\"og:image:width\" content=\"828\" \/>\n\t<meta property=\"og:image:height\" content=\"615\" \/>\n\t<meta property=\"og:image:type\" content=\"image\/png\" \/>\n<meta name=\"twitter:card\" content=\"summary_large_image\" \/>\n<meta name=\"twitter:label1\" content=\"Est. reading time\" \/>\n\t<meta name=\"twitter:data1\" content=\"2 minutes\" \/>\n<script type=\"application\/ld+json\" class=\"yoast-schema-graph\">{\"@context\":\"https:\/\/schema.org\",\"@graph\":[{\"@type\":\"WebPage\",\"@id\":\"https:\/\/www.istegroup.com\/commandes\/\",\"url\":\"https:\/\/www.istegroup.com\/commandes\/\",\"name\":\"[:fr]Commandes[:en]Orders[:] - ISTE Group\",\"isPartOf\":{\"@id\":\"https:\/\/www.istegroup.com\/#website\"},\"primaryImageOfPage\":{\"@id\":\"https:\/\/www.istegroup.com\/commandes\/#primaryimage\"},\"image\":{\"@id\":\"https:\/\/www.istegroup.com\/commandes\/#primaryimage\"},\"thumbnailUrl\":\"https:\/\/www.istegroup.com\/wp-content\/uploads\/2018\/10\/template_1ere_slide.png\",\"datePublished\":\"2018-11-14T16:29:55+00:00\",\"dateModified\":\"2026-04-21T07:53:57+00:00\",\"breadcrumb\":{\"@id\":\"https:\/\/www.istegroup.com\/commandes\/#breadcrumb\"},\"inLanguage\":\"fr-FR\",\"potentialAction\":[{\"@type\":\"ReadAction\",\"target\":[\"https:\/\/www.istegroup.com\/commandes\/\"]}]},{\"@type\":\"ImageObject\",\"inLanguage\":\"fr-FR\",\"@id\":\"https:\/\/www.istegroup.com\/commandes\/#primaryimage\",\"url\":\"https:\/\/www.istegroup.com\/wp-content\/uploads\/2018\/10\/template_1ere_slide.png\",\"contentUrl\":\"https:\/\/www.istegroup.com\/wp-content\/uploads\/2018\/10\/template_1ere_slide.png\"},{\"@type\":\"BreadcrumbList\",\"@id\":\"https:\/\/www.istegroup.com\/commandes\/#breadcrumb\",\"itemListElement\":[{\"@type\":\"ListItem\",\"position\":1,\"name\":\"Home\",\"item\":\"https:\/\/www.istegroup.com\/\"},{\"@type\":\"ListItem\",\"position\":2,\"name\":\"Commandes\"}]},{\"@type\":\"WebSite\",\"@id\":\"https:\/\/www.istegroup.com\/#website\",\"url\":\"https:\/\/www.istegroup.com\/\",\"name\":\"ISTE Group\",\"description\":\"\u00c9diteur des Sciences\",\"potentialAction\":[{\"@type\":\"SearchAction\",\"target\":{\"@type\":\"EntryPoint\",\"urlTemplate\":\"https:\/\/www.istegroup.com\/?s={search_term_string}\"},\"query-input\":{\"@type\":\"PropertyValueSpecification\",\"valueRequired\":true,\"valueName\":\"search_term_string\"}}],\"inLanguage\":\"fr-FR\"}]}<\/script>\n<!-- \/ Yoast SEO plugin. -->","yoast_head_json":{"title":"[:fr]Commandes[:en]Orders[:] - ISTE Group","robots":{"index":"index","follow":"follow","max-snippet":"max-snippet:-1","max-image-preview":"max-image-preview:large","max-video-preview":"max-video-preview:-1"},"canonical":"https:\/\/www.istegroup.com\/commandes\/","og_locale":"fr_FR","og_type":"article","og_title":"[:fr]Commandes[:en]Orders[:] - ISTE Group","og_description":"Ouvrages papier Titres fran\u00e7ais : commander directement sur notre site depuis les pages produits (envois vers : France m\u00e9tropolitaine, Belgique, Suisse et Luxembourg) ou adresser vos commandes \u00e0 votre libraire. Titres anglais : adresser vos commandes \u00e0\u00a0WILEY ou ELSEVIER. &nbsp; Ouvrages num\u00e9riques Particuliers :\u00a0 rechercher un ebook directement dans notre moteur de recherche en haut [&hellip;]","og_url":"https:\/\/www.istegroup.com\/commandes\/","og_site_name":"ISTE Group","article_modified_time":"2026-04-21T07:53:57+00:00","og_image":[{"width":828,"height":615,"url":"https:\/\/www.istegroup.com\/wp-content\/uploads\/2018\/10\/template_1ere_slide.png","type":"image\/png"}],"twitter_card":"summary_large_image","twitter_misc":{"Est. reading time":"2 minutes"},"schema":{"@context":"https:\/\/schema.org","@graph":[{"@type":"WebPage","@id":"https:\/\/www.istegroup.com\/commandes\/","url":"https:\/\/www.istegroup.com\/commandes\/","name":"[:fr]Commandes[:en]Orders[:] - ISTE Group","isPartOf":{"@id":"https:\/\/www.istegroup.com\/#website"},"primaryImageOfPage":{"@id":"https:\/\/www.istegroup.com\/commandes\/#primaryimage"},"image":{"@id":"https:\/\/www.istegroup.com\/commandes\/#primaryimage"},"thumbnailUrl":"https:\/\/www.istegroup.com\/wp-content\/uploads\/2018\/10\/template_1ere_slide.png","datePublished":"2018-11-14T16:29:55+00:00","dateModified":"2026-04-21T07:53:57+00:00","breadcrumb":{"@id":"https:\/\/www.istegroup.com\/commandes\/#breadcrumb"},"inLanguage":"fr-FR","potentialAction":[{"@type":"ReadAction","target":["https:\/\/www.istegroup.com\/commandes\/"]}]},{"@type":"ImageObject","inLanguage":"fr-FR","@id":"https:\/\/www.istegroup.com\/commandes\/#primaryimage","url":"https:\/\/www.istegroup.com\/wp-content\/uploads\/2018\/10\/template_1ere_slide.png","contentUrl":"https:\/\/www.istegroup.com\/wp-content\/uploads\/2018\/10\/template_1ere_slide.png"},{"@type":"BreadcrumbList","@id":"https:\/\/www.istegroup.com\/commandes\/#breadcrumb","itemListElement":[{"@type":"ListItem","position":1,"name":"Home","item":"https:\/\/www.istegroup.com\/"},{"@type":"ListItem","position":2,"name":"Commandes"}]},{"@type":"WebSite","@id":"https:\/\/www.istegroup.com\/#website","url":"https:\/\/www.istegroup.com\/","name":"ISTE Group","description":"\u00c9diteur des Sciences","potentialAction":[{"@type":"SearchAction","target":{"@type":"EntryPoint","urlTemplate":"https:\/\/www.istegroup.com\/?s={search_term_string}"},"query-input":{"@type":"PropertyValueSpecification","valueRequired":true,"valueName":"search_term_string"}}],"inLanguage":"fr-FR"}]}},"_links":{"self":[{"href":"https:\/\/www.istegroup.com\/fr\/wp-json\/wp\/v2\/pages\/15631","targetHints":{"allow":["GET"]}}],"collection":[{"href":"https:\/\/www.istegroup.com\/fr\/wp-json\/wp\/v2\/pages"}],"about":[{"href":"https:\/\/www.istegroup.com\/fr\/wp-json\/wp\/v2\/types\/page"}],"author":[{"embeddable":true,"href":"https:\/\/www.istegroup.com\/fr\/wp-json\/wp\/v2\/users\/203"}],"replies":[{"embeddable":true,"href":"https:\/\/www.istegroup.com\/fr\/wp-json\/wp\/v2\/comments?post=15631"}],"version-history":[{"count":2,"href":"https:\/\/www.istegroup.com\/fr\/wp-json\/wp\/v2\/pages\/15631\/revisions"}],"predecessor-version":[{"id":63681,"href":"https:\/\/www.istegroup.com\/fr\/wp-json\/wp\/v2\/pages\/15631\/revisions\/63681"}],"wp:attachment":[{"href":"https:\/\/www.istegroup.com\/fr\/wp-json\/wp\/v2\/media?parent=15631"}],"curies":[{"name":"wp","href":"https:\/\/api.w.org\/{rel}","templated":true}]}}