{"id":13875,"date":"2018-07-12T17:03:19","date_gmt":"2018-07-12T15:03:19","guid":{"rendered":"https:\/\/iste.yhello.co\/?page_id=13875"},"modified":"2026-01-09T08:49:22","modified_gmt":"2026-01-09T08:49:22","slug":"sciences","status":"publish","type":"page","link":"https:\/\/www.istegroup.com\/fr\/sciences\/","title":{"rendered":"Encyclop\u00e9die SCIENCES"},"content":{"rendered":"<p><\/p>\n<p style=\"text-align: center;\"><a style=\"color: #1e9691;\" href=\"https:\/\/www.istegroup.com\/fr\/sciences-lencyclopedie-de-notre-temps\/\">SCIENCES, l\u2019Encyclop\u00e9die de notre temps<\/a><br \/>\npar Jean-Charles Pomerol, pr\u00e9sident du Conseil scientifique d\u2019ISTE et ancien pr\u00e9sident d&rsquo;UPMC.<\/p>\n<p style=\"text-align: center;\"><a style=\"color: #1e9691;\" href=\"https:\/\/lejournal.cnrs.fr\/articles\/sciences-une-encyclopedie-contemporaine\">SCIENCES, une encyclop\u00e9die contemporaine<\/a><br \/>\narticle paru dans CNRS Le journal, le 2\/10\/2020.<\/p>\n<p><center><iframe loading=\"lazy\" src=\"https:\/\/www.youtube.com\/embed\/HhJLfENOFXA?modestbranding=1\" width=\"640\" height=\"360\" frameborder=\"0\" allowfullscreen=\"allowfullscreen\"><span data-mce-type=\"bookmark\" style=\"display: inline-block; width: 0px; overflow: hidden; line-height: 0;\" class=\"mce_SELRES_start\">\ufeff<\/span><\/iframe><\/center><\/p>\n<p style=\"text-align: center;\">L\u2019Encyclop\u00e9die SCIENCES est organis\u00e9e en <span style=\"color: #1e9691;\"><a style=\"color: #1e9691;\" href=\"https:\/\/www.istegroup.com\/fr\/domaine\/\">domaines scientifiques<\/a><\/span>, chacun divis\u00e9 en th\u00e8mes d\u00e9finis<br \/>\npar le directeur du domaine qui en nomme les responsables \u00e9ditoriaux.<\/p>\n<p>&nbsp;<\/p>\n<table align=\"center\">\n<tbody>\n<tr>\n<td style=\"padding: 0; width: 100px; padding-bottom: 15px; float: right;\"><img decoding=\"async\" style=\"vertical-align: middle; display: inline; margin-right: 20px;\" src=\"https:\/\/www.istegroup.com\/wp-content\/uploads\/2020\/02\/pijaudier.png\" width=\"80\" \/><\/td>\n<td style=\"vertical-align: middle; padding: 0; padding-bottom: 15px; font-size: 15px; font-style: normal; width: 65%;\">Coordinateur g\u00e9n\u00e9ral pour les sciences pures et appliqu\u00e9es<br \/>\n<em>Gilles Pijaudier-Cabot<br \/>\nUniversit\u00e9 de Pau et des Pays de l\u2019Adour<br \/>\n<\/em><\/td>\n<\/tr>\n<tr>\n<td style=\"padding: 0; width: 100px; padding-bottom: 15px; float: right;\"><img decoding=\"async\" style=\"vertical-align: middle; display: inline; margin-right: 20px;\" src=\"https:\/\/www.istegroup.com\/wp-content\/uploads\/2020\/02\/reber.png\" width=\"80\" \/><\/td>\n<td style=\"vertical-align: middle; padding: 0; padding-bottom: 15px; font-size: 15px; font-style: normal; width: 65%;\">Coordinateur g\u00e9n\u00e9ral pour les sciences humaines et sociales<br \/>\n<em>Bernard Reber<br \/>\nCNRS \u2013 Sciences Po<br \/>\n<\/em><\/td>\n<\/tr>\n<\/tbody>\n<\/table>\n<p><\/p>","protected":false},"excerpt":{"rendered":"<p>SCIENCES, l\u2019Encyclop\u00e9die de notre temps par Jean-Charles Pomerol, pr\u00e9sident du Conseil scientifique d\u2019ISTE et ancien pr\u00e9sident d&rsquo;UPMC. SCIENCES, une encyclop\u00e9die contemporaine article paru dans CNRS Le journal, le 2\/10\/2020. \ufeff L\u2019Encyclop\u00e9die SCIENCES est organis\u00e9e en domaines scientifiques, chacun divis\u00e9 en th\u00e8mes d\u00e9finis par le directeur du domaine qui en nomme les responsables \u00e9ditoriaux. &nbsp; Coordinateur [&hellip;]<\/p>\n","protected":false},"author":1,"featured_media":14706,"parent":0,"menu_order":0,"comment_status":"closed","ping_status":"closed","template":"template-sciences.php","meta":{"_acf_changed":false,"footnotes":"","_links_to":"","_links_to_target":""},"class_list":["post-13875","page","type-page","status-publish","has-post-thumbnail","hentry"],"acf":[],"yoast_head":"<!-- This site is optimized with the Yoast SEO plugin v27.2 - https:\/\/yoast.com\/product\/yoast-seo-wordpress\/ -->\n<title>Encyclop\u00e9die SCIENCES - ISTE Group<\/title>\n<meta name=\"description\" content=\"Une encyclop\u00e9die de plus de 800 volumes, qui couvre les sciences pures et appliqu\u00e9es, la sant\u00e9 et les SHS. Les ouvrages traitent de l\u2019\u00e9tat de l\u2019art, de la recherche et des applications.\" \/>\n<meta name=\"robots\" content=\"index, follow, max-snippet:-1, max-image-preview:large, max-video-preview:-1\" \/>\n<link rel=\"canonical\" href=\"https:\/\/www.istegroup.com\/sciences\/\" \/>\n<meta property=\"og:locale\" content=\"fr_FR\" \/>\n<meta property=\"og:type\" content=\"article\" \/>\n<meta property=\"og:title\" content=\"[:fr]Encyclop\u00e9die SCIENCES[:en]SCIENCES[:] - ISTE Group\" \/>\n<meta property=\"og:description\" content=\"Une encyclop\u00e9die de plus de 800 volumes, qui couvre les sciences pures et appliqu\u00e9es, la sant\u00e9 et les SHS. Les ouvrages traitent de l\u2019\u00e9tat de l\u2019art, de la recherche et des applications.\" \/>\n<meta property=\"og:url\" content=\"https:\/\/www.istegroup.com\/sciences\/\" \/>\n<meta property=\"og:site_name\" content=\"ISTE Group\" \/>\n<meta property=\"article:modified_time\" content=\"2026-01-09T08:49:22+00:00\" \/>\n<meta property=\"og:image\" content=\"https:\/\/www.istegroup.com\/wp-content\/uploads\/2018\/10\/rawpixel-781987-unsplash-scaled.jpg\" \/>\n\t<meta property=\"og:image:width\" content=\"2560\" \/>\n\t<meta property=\"og:image:height\" content=\"1807\" \/>\n\t<meta property=\"og:image:type\" content=\"image\/jpeg\" \/>\n<meta name=\"twitter:card\" content=\"summary_large_image\" \/>\n<meta name=\"twitter:label1\" content=\"Est. reading time\" \/>\n\t<meta name=\"twitter:data1\" content=\"2 minutes\" \/>\n<script type=\"application\/ld+json\" class=\"yoast-schema-graph\">{\"@context\":\"https:\/\/schema.org\",\"@graph\":[{\"@type\":\"WebPage\",\"@id\":\"https:\/\/www.istegroup.com\/sciences\/\",\"url\":\"https:\/\/www.istegroup.com\/sciences\/\",\"name\":\"[:fr]Encyclop\u00e9die SCIENCES[:en]SCIENCES[:] - ISTE Group\",\"isPartOf\":{\"@id\":\"https:\/\/www.istegroup.com\/#website\"},\"primaryImageOfPage\":{\"@id\":\"https:\/\/www.istegroup.com\/sciences\/#primaryimage\"},\"image\":{\"@id\":\"https:\/\/www.istegroup.com\/sciences\/#primaryimage\"},\"thumbnailUrl\":\"https:\/\/www.istegroup.com\/wp-content\/uploads\/2018\/10\/rawpixel-781987-unsplash-scaled.jpg\",\"datePublished\":\"2018-07-12T15:03:19+00:00\",\"dateModified\":\"2026-01-09T08:49:22+00:00\",\"description\":\"Une encyclop\u00e9die de plus de 800 volumes, qui couvre les sciences pures et appliqu\u00e9es, la sant\u00e9 et les SHS. Les ouvrages traitent de l\u2019\u00e9tat de l\u2019art, de la recherche et des applications.\",\"breadcrumb\":{\"@id\":\"https:\/\/www.istegroup.com\/sciences\/#breadcrumb\"},\"inLanguage\":\"fr-FR\",\"potentialAction\":[{\"@type\":\"ReadAction\",\"target\":[\"https:\/\/www.istegroup.com\/sciences\/\"]}]},{\"@type\":\"ImageObject\",\"inLanguage\":\"fr-FR\",\"@id\":\"https:\/\/www.istegroup.com\/sciences\/#primaryimage\",\"url\":\"https:\/\/www.istegroup.com\/wp-content\/uploads\/2018\/10\/rawpixel-781987-unsplash-scaled.jpg\",\"contentUrl\":\"https:\/\/www.istegroup.com\/wp-content\/uploads\/2018\/10\/rawpixel-781987-unsplash-scaled.jpg\",\"width\":2560,\"height\":1807,\"caption\":\"Encyclopedie Science - ISTE editions - Livres scientifiques et techniques\"},{\"@type\":\"BreadcrumbList\",\"@id\":\"https:\/\/www.istegroup.com\/sciences\/#breadcrumb\",\"itemListElement\":[{\"@type\":\"ListItem\",\"position\":1,\"name\":\"Home\",\"item\":\"https:\/\/www.istegroup.com\/\"},{\"@type\":\"ListItem\",\"position\":2,\"name\":\"Encyclop\u00e9die SCIENCES\"}]},{\"@type\":\"WebSite\",\"@id\":\"https:\/\/www.istegroup.com\/#website\",\"url\":\"https:\/\/www.istegroup.com\/\",\"name\":\"ISTE Group\",\"description\":\"\u00c9diteur des Sciences\",\"potentialAction\":[{\"@type\":\"SearchAction\",\"target\":{\"@type\":\"EntryPoint\",\"urlTemplate\":\"https:\/\/www.istegroup.com\/?s={search_term_string}\"},\"query-input\":{\"@type\":\"PropertyValueSpecification\",\"valueRequired\":true,\"valueName\":\"search_term_string\"}}],\"inLanguage\":\"fr-FR\"}]}<\/script>\n<!-- \/ Yoast SEO plugin. -->","yoast_head_json":{"title":"[:fr]Encyclop\u00e9die SCIENCES[:en]SCIENCES[:] - ISTE Group","description":"Une encyclop\u00e9die de plus de 800 volumes, qui couvre les sciences pures et appliqu\u00e9es, la sant\u00e9 et les SHS. Les ouvrages traitent de l\u2019\u00e9tat de l\u2019art, de la recherche et des applications.","robots":{"index":"index","follow":"follow","max-snippet":"max-snippet:-1","max-image-preview":"max-image-preview:large","max-video-preview":"max-video-preview:-1"},"canonical":"https:\/\/www.istegroup.com\/sciences\/","og_locale":"fr_FR","og_type":"article","og_title":"[:fr]Encyclop\u00e9die SCIENCES[:en]SCIENCES[:] - ISTE Group","og_description":"Une encyclop\u00e9die de plus de 800 volumes, qui couvre les sciences pures et appliqu\u00e9es, la sant\u00e9 et les SHS. Les ouvrages traitent de l\u2019\u00e9tat de l\u2019art, de la recherche et des applications.","og_url":"https:\/\/www.istegroup.com\/sciences\/","og_site_name":"ISTE Group","article_modified_time":"2026-01-09T08:49:22+00:00","og_image":[{"width":2560,"height":1807,"url":"https:\/\/www.istegroup.com\/wp-content\/uploads\/2018\/10\/rawpixel-781987-unsplash-scaled.jpg","type":"image\/jpeg"}],"twitter_card":"summary_large_image","twitter_misc":{"Est. reading time":"2 minutes"},"schema":{"@context":"https:\/\/schema.org","@graph":[{"@type":"WebPage","@id":"https:\/\/www.istegroup.com\/sciences\/","url":"https:\/\/www.istegroup.com\/sciences\/","name":"[:fr]Encyclop\u00e9die SCIENCES[:en]SCIENCES[:] - ISTE Group","isPartOf":{"@id":"https:\/\/www.istegroup.com\/#website"},"primaryImageOfPage":{"@id":"https:\/\/www.istegroup.com\/sciences\/#primaryimage"},"image":{"@id":"https:\/\/www.istegroup.com\/sciences\/#primaryimage"},"thumbnailUrl":"https:\/\/www.istegroup.com\/wp-content\/uploads\/2018\/10\/rawpixel-781987-unsplash-scaled.jpg","datePublished":"2018-07-12T15:03:19+00:00","dateModified":"2026-01-09T08:49:22+00:00","description":"Une encyclop\u00e9die de plus de 800 volumes, qui couvre les sciences pures et appliqu\u00e9es, la sant\u00e9 et les SHS. Les ouvrages traitent de l\u2019\u00e9tat de l\u2019art, de la recherche et des applications.","breadcrumb":{"@id":"https:\/\/www.istegroup.com\/sciences\/#breadcrumb"},"inLanguage":"fr-FR","potentialAction":[{"@type":"ReadAction","target":["https:\/\/www.istegroup.com\/sciences\/"]}]},{"@type":"ImageObject","inLanguage":"fr-FR","@id":"https:\/\/www.istegroup.com\/sciences\/#primaryimage","url":"https:\/\/www.istegroup.com\/wp-content\/uploads\/2018\/10\/rawpixel-781987-unsplash-scaled.jpg","contentUrl":"https:\/\/www.istegroup.com\/wp-content\/uploads\/2018\/10\/rawpixel-781987-unsplash-scaled.jpg","width":2560,"height":1807,"caption":"Encyclopedie Science - ISTE editions - Livres scientifiques et techniques"},{"@type":"BreadcrumbList","@id":"https:\/\/www.istegroup.com\/sciences\/#breadcrumb","itemListElement":[{"@type":"ListItem","position":1,"name":"Home","item":"https:\/\/www.istegroup.com\/"},{"@type":"ListItem","position":2,"name":"Encyclop\u00e9die SCIENCES"}]},{"@type":"WebSite","@id":"https:\/\/www.istegroup.com\/#website","url":"https:\/\/www.istegroup.com\/","name":"ISTE Group","description":"\u00c9diteur des Sciences","potentialAction":[{"@type":"SearchAction","target":{"@type":"EntryPoint","urlTemplate":"https:\/\/www.istegroup.com\/?s={search_term_string}"},"query-input":{"@type":"PropertyValueSpecification","valueRequired":true,"valueName":"search_term_string"}}],"inLanguage":"fr-FR"}]}},"_links":{"self":[{"href":"https:\/\/www.istegroup.com\/fr\/wp-json\/wp\/v2\/pages\/13875","targetHints":{"allow":["GET"]}}],"collection":[{"href":"https:\/\/www.istegroup.com\/fr\/wp-json\/wp\/v2\/pages"}],"about":[{"href":"https:\/\/www.istegroup.com\/fr\/wp-json\/wp\/v2\/types\/page"}],"author":[{"embeddable":true,"href":"https:\/\/www.istegroup.com\/fr\/wp-json\/wp\/v2\/users\/1"}],"replies":[{"embeddable":true,"href":"https:\/\/www.istegroup.com\/fr\/wp-json\/wp\/v2\/comments?post=13875"}],"version-history":[{"count":0,"href":"https:\/\/www.istegroup.com\/fr\/wp-json\/wp\/v2\/pages\/13875\/revisions"}],"wp:featuredmedia":[{"embeddable":true,"href":"https:\/\/www.istegroup.com\/fr\/wp-json\/wp\/v2\/media\/14706"}],"wp:attachment":[{"href":"https:\/\/www.istegroup.com\/fr\/wp-json\/wp\/v2\/media?parent=13875"}],"curies":[{"name":"wp","href":"https:\/\/api.w.org\/{rel}","templated":true}]}}