{"id":9832,"date":"2017-08-29T10:32:19","date_gmt":"2017-08-29T08:32:19","guid":{"rendered":"https:\/\/iste.yhello.co\/?post_type=product&#038;p=9832"},"modified":"2024-01-03T13:41:25","modified_gmt":"2024-01-03T13:41:25","slug":"les-brevets","status":"publish","type":"product","link":"https:\/\/www.istegroup.com\/en\/produit\/les-brevets\/","title":{"rendered":"Les brevets"},"content":{"rendered":"<p>La s\u00e9rie\u00a0<em><a href=\"https:\/\/www.istegroup.com\/fr\/series\/smart-innovation\/\">Smart innovation<\/a><\/em>\u00a0pr\u00e9sente les th\u00e8mes li\u00e9s \u00e0 la dynamique technologique, entrepreneuriale, territoriale et \u00e9conomique de l&#8217;innovation. Elle privil\u00e9gie les approches novatrices des acteurs qui, par leurs comportements, strat\u00e9gies et politiques d&#8217;innovation intelligente, modifient les mod\u00e8les \u00e9conomiques dans une perspective de croissance durable.<\/p>\n<p>Le syst\u00e8me des brevets est aujourd\u2019hui mis \u00e0 l\u2019index par certains praticiens ou \u00e9conomistes. L\u2019incapacit\u00e9 des pays industrialis\u00e9s ou en phase d\u2019industrialisation \u00e0 d\u00e9velopper de mani\u00e8re durable un m\u00e9canisme d\u2019incitation \u00e0 l\u2019innovation se substituant aux brevets peut \u00eatre per\u00e7ue comme la preuve \u00ab par d\u00e9faut \u00bb qu\u2019ils constituent le meilleur syst\u00e8me.<\/p>\n<p>On observe une d\u00e9connexion partielle entre la d\u00e9mographie des brevets et les gains de productivit\u00e9, mais aussi le d\u00e9veloppement d\u2019acteurs n\u2019innovant pas et d\u00e9veloppant des mod\u00e8les d\u2019affaires que leurs d\u00e9tracteurs assimilent \u00e0 une capture de rentes ou \u00e0 une dangereuse marchandisation des brevets.<\/p>\n<p><em>Les brevets : incitation ou frein \u00e0 l\u2019innovation ?<\/em>\u00a0pr\u00e9sente un regard moins manich\u00e9en sur la place des brevets dans le syst\u00e8me d\u2019innovation contemporain. Cet ouvrage analyse la place des brevets au sein du syst\u00e8me d\u2019innovation qui se renouvelle, avec le basculement vers une innovation plus fragment\u00e9e, mais aussi plus ouverte, qui accompagne l\u2019\u00e9volution contemporaine des \u00e9conomies les plus d\u00e9velopp\u00e9es.<\/p>\n","protected":false},"excerpt":{"rendered":"<p>La s\u00e9rie\u00a0Smart innovation\u00a0pr\u00e9sente les th\u00e8mes li\u00e9s \u00e0 la dynamique technologique, entrepreneuriale, territoriale et \u00e9conomique de l&#8217;innovation. Elle privil\u00e9gie les approches novatrices des acteurs qui, par leurs comportements, strat\u00e9gies et politiques d&#8217;innovation intelligente, modifient les mod\u00e8les \u00e9conomiques dans une perspective de croissance durable. Le syst\u00e8me des brevets est aujourd\u2019hui mis \u00e0 l\u2019index par certains praticiens ou [&hellip;]<\/p>\n","protected":false},"featured_media":9838,"template":"","meta":{"_acf_changed":false,"_links_to":"","_links_to_target":""},"product_brand":[],"product_cat":[3259],"product_tag":[],"class_list":{"0":"post-9832","1":"product","2":"type-product","3":"status-publish","4":"has-post-thumbnail","6":"product_cat-uncategorized","8":"first","9":"instock","10":"shipping-taxable","11":"purchasable","12":"product-type-variable"},"acf":[],"yoast_head":"<!-- This site is optimized with the Yoast SEO plugin v27.2 - https:\/\/yoast.com\/product\/yoast-seo-wordpress\/ -->\n<title>Les brevets - ISTE Group<\/title>\n<meta name=\"description\" content=\"Les brevets : incitation ou frein \u00e0 l\u2019innovation ?\u00a0pr\u00e9sente un regard moins manich\u00e9en sur la place des brevets dans le syst\u00e8me d\u2019innovation contemporain. Cet ouvrage analyse la place des brevets au sein du syst\u00e8me d\u2019innovation qui se renouvelle, avec le basculement vers une innovation plus fragment\u00e9e, mais aussi plus ouverte, qui accompagne l\u2019\u00e9volution contemporaine des \u00e9conomies les plus d\u00e9velopp\u00e9es.\" \/>\n<meta name=\"robots\" content=\"index, follow, max-snippet:-1, max-image-preview:large, max-video-preview:-1\" \/>\n<link rel=\"canonical\" href=\"https:\/\/www.istegroup.com\/en\/produit\/les-brevets\/\" \/>\n<meta property=\"og:locale\" content=\"en_US\" \/>\n<meta property=\"og:type\" content=\"article\" \/>\n<meta property=\"og:title\" content=\"Les brevets - ISTE Group\" \/>\n<meta property=\"og:description\" content=\"Les brevets : incitation ou frein \u00e0 l\u2019innovation ?\u00a0pr\u00e9sente un regard moins manich\u00e9en sur la place des brevets dans le syst\u00e8me d\u2019innovation contemporain. Cet ouvrage analyse la place des brevets au sein du syst\u00e8me d\u2019innovation qui se renouvelle, avec le basculement vers une innovation plus fragment\u00e9e, mais aussi plus ouverte, qui accompagne l\u2019\u00e9volution contemporaine des \u00e9conomies les plus d\u00e9velopp\u00e9es.\" \/>\n<meta property=\"og:url\" content=\"https:\/\/www.istegroup.com\/en\/produit\/les-brevets\/\" \/>\n<meta property=\"og:site_name\" content=\"ISTE Group\" \/>\n<meta property=\"article:modified_time\" content=\"2024-01-03T13:41:25+00:00\" \/>\n<meta property=\"og:image\" content=\"https:\/\/www.istegroup.com\/wp-content\/uploads\/2018\/02\/Baudry_Front-scaled.jpg\" \/>\n\t<meta property=\"og:image:width\" content=\"1695\" \/>\n\t<meta property=\"og:image:height\" content=\"2560\" \/>\n\t<meta property=\"og:image:type\" content=\"image\/jpeg\" \/>\n<meta name=\"twitter:card\" content=\"summary_large_image\" \/>\n<meta name=\"twitter:label1\" content=\"Est. reading time\" \/>\n\t<meta name=\"twitter:data1\" content=\"1 minute\" \/>\n<script type=\"application\/ld+json\" class=\"yoast-schema-graph\">{\"@context\":\"https:\/\/schema.org\",\"@graph\":[{\"@type\":\"WebPage\",\"@id\":\"https:\/\/www.istegroup.com\/en\/produit\/les-brevets\/\",\"url\":\"https:\/\/www.istegroup.com\/en\/produit\/les-brevets\/\",\"name\":\"Les brevets - ISTE Group\",\"isPartOf\":{\"@id\":\"https:\/\/www.istegroup.com\/#website\"},\"primaryImageOfPage\":{\"@id\":\"https:\/\/www.istegroup.com\/en\/produit\/les-brevets\/#primaryimage\"},\"image\":{\"@id\":\"https:\/\/www.istegroup.com\/en\/produit\/les-brevets\/#primaryimage\"},\"thumbnailUrl\":\"https:\/\/www.istegroup.com\/wp-content\/uploads\/2018\/02\/Baudry_Front-scaled.jpg\",\"datePublished\":\"2017-08-29T08:32:19+00:00\",\"dateModified\":\"2024-01-03T13:41:25+00:00\",\"description\":\"Les brevets : incitation ou frein \u00e0 l\u2019innovation ?\u00a0pr\u00e9sente un regard moins manich\u00e9en sur la place des brevets dans le syst\u00e8me d\u2019innovation contemporain. Cet ouvrage analyse la place des brevets au sein du syst\u00e8me d\u2019innovation qui se renouvelle, avec le basculement vers une innovation plus fragment\u00e9e, mais aussi plus ouverte, qui accompagne l\u2019\u00e9volution contemporaine des \u00e9conomies les plus d\u00e9velopp\u00e9es.\",\"breadcrumb\":{\"@id\":\"https:\/\/www.istegroup.com\/en\/produit\/les-brevets\/#breadcrumb\"},\"inLanguage\":\"en-US\",\"potentialAction\":[{\"@type\":\"ReadAction\",\"target\":[\"https:\/\/www.istegroup.com\/en\/produit\/les-brevets\/\"]}]},{\"@type\":\"ImageObject\",\"inLanguage\":\"en-US\",\"@id\":\"https:\/\/www.istegroup.com\/en\/produit\/les-brevets\/#primaryimage\",\"url\":\"https:\/\/www.istegroup.com\/wp-content\/uploads\/2018\/02\/Baudry_Front-scaled.jpg\",\"contentUrl\":\"https:\/\/www.istegroup.com\/wp-content\/uploads\/2018\/02\/Baudry_Front-scaled.jpg\",\"width\":1695,\"height\":2560,\"caption\":\"Incitation ou frein \u00e0 l\u2019innovation ?\"},{\"@type\":\"BreadcrumbList\",\"@id\":\"https:\/\/www.istegroup.com\/en\/produit\/les-brevets\/#breadcrumb\",\"itemListElement\":[{\"@type\":\"ListItem\",\"position\":1,\"name\":\"Home\",\"item\":\"https:\/\/www.istegroup.com\/\"},{\"@type\":\"ListItem\",\"position\":2,\"name\":\"Shop\",\"item\":\"https:\/\/www.istegroup.com\/fr\/nouveautes\/\"},{\"@type\":\"ListItem\",\"position\":3,\"name\":\"Les brevets\"}]},{\"@type\":\"WebSite\",\"@id\":\"https:\/\/www.istegroup.com\/#website\",\"url\":\"https:\/\/www.istegroup.com\/\",\"name\":\"ISTE Group\",\"description\":\"Publishing Knowledge\",\"potentialAction\":[{\"@type\":\"SearchAction\",\"target\":{\"@type\":\"EntryPoint\",\"urlTemplate\":\"https:\/\/www.istegroup.com\/?s={search_term_string}\"},\"query-input\":{\"@type\":\"PropertyValueSpecification\",\"valueRequired\":true,\"valueName\":\"search_term_string\"}}],\"inLanguage\":\"en-US\"}]}<\/script>\n<!-- \/ Yoast SEO plugin. -->","yoast_head_json":{"title":"Les brevets - ISTE Group","description":"Les brevets : incitation ou frein \u00e0 l\u2019innovation ?\u00a0pr\u00e9sente un regard moins manich\u00e9en sur la place des brevets dans le syst\u00e8me d\u2019innovation contemporain. Cet ouvrage analyse la place des brevets au sein du syst\u00e8me d\u2019innovation qui se renouvelle, avec le basculement vers une innovation plus fragment\u00e9e, mais aussi plus ouverte, qui accompagne l\u2019\u00e9volution contemporaine des \u00e9conomies les plus d\u00e9velopp\u00e9es.","robots":{"index":"index","follow":"follow","max-snippet":"max-snippet:-1","max-image-preview":"max-image-preview:large","max-video-preview":"max-video-preview:-1"},"canonical":"https:\/\/www.istegroup.com\/en\/produit\/les-brevets\/","og_locale":"en_US","og_type":"article","og_title":"Les brevets - ISTE Group","og_description":"Les brevets : incitation ou frein \u00e0 l\u2019innovation ?\u00a0pr\u00e9sente un regard moins manich\u00e9en sur la place des brevets dans le syst\u00e8me d\u2019innovation contemporain. Cet ouvrage analyse la place des brevets au sein du syst\u00e8me d\u2019innovation qui se renouvelle, avec le basculement vers une innovation plus fragment\u00e9e, mais aussi plus ouverte, qui accompagne l\u2019\u00e9volution contemporaine des \u00e9conomies les plus d\u00e9velopp\u00e9es.","og_url":"https:\/\/www.istegroup.com\/en\/produit\/les-brevets\/","og_site_name":"ISTE Group","article_modified_time":"2024-01-03T13:41:25+00:00","og_image":[{"width":1695,"height":2560,"url":"https:\/\/www.istegroup.com\/wp-content\/uploads\/2018\/02\/Baudry_Front-scaled.jpg","type":"image\/jpeg"}],"twitter_card":"summary_large_image","twitter_misc":{"Est. reading time":"1 minute"},"schema":{"@context":"https:\/\/schema.org","@graph":[{"@type":"WebPage","@id":"https:\/\/www.istegroup.com\/en\/produit\/les-brevets\/","url":"https:\/\/www.istegroup.com\/en\/produit\/les-brevets\/","name":"Les brevets - ISTE Group","isPartOf":{"@id":"https:\/\/www.istegroup.com\/#website"},"primaryImageOfPage":{"@id":"https:\/\/www.istegroup.com\/en\/produit\/les-brevets\/#primaryimage"},"image":{"@id":"https:\/\/www.istegroup.com\/en\/produit\/les-brevets\/#primaryimage"},"thumbnailUrl":"https:\/\/www.istegroup.com\/wp-content\/uploads\/2018\/02\/Baudry_Front-scaled.jpg","datePublished":"2017-08-29T08:32:19+00:00","dateModified":"2024-01-03T13:41:25+00:00","description":"Les brevets : incitation ou frein \u00e0 l\u2019innovation ?\u00a0pr\u00e9sente un regard moins manich\u00e9en sur la place des brevets dans le syst\u00e8me d\u2019innovation contemporain. Cet ouvrage analyse la place des brevets au sein du syst\u00e8me d\u2019innovation qui se renouvelle, avec le basculement vers une innovation plus fragment\u00e9e, mais aussi plus ouverte, qui accompagne l\u2019\u00e9volution contemporaine des \u00e9conomies les plus d\u00e9velopp\u00e9es.","breadcrumb":{"@id":"https:\/\/www.istegroup.com\/en\/produit\/les-brevets\/#breadcrumb"},"inLanguage":"en-US","potentialAction":[{"@type":"ReadAction","target":["https:\/\/www.istegroup.com\/en\/produit\/les-brevets\/"]}]},{"@type":"ImageObject","inLanguage":"en-US","@id":"https:\/\/www.istegroup.com\/en\/produit\/les-brevets\/#primaryimage","url":"https:\/\/www.istegroup.com\/wp-content\/uploads\/2018\/02\/Baudry_Front-scaled.jpg","contentUrl":"https:\/\/www.istegroup.com\/wp-content\/uploads\/2018\/02\/Baudry_Front-scaled.jpg","width":1695,"height":2560,"caption":"Incitation ou frein \u00e0 l\u2019innovation ?"},{"@type":"BreadcrumbList","@id":"https:\/\/www.istegroup.com\/en\/produit\/les-brevets\/#breadcrumb","itemListElement":[{"@type":"ListItem","position":1,"name":"Home","item":"https:\/\/www.istegroup.com\/"},{"@type":"ListItem","position":2,"name":"Shop","item":"https:\/\/www.istegroup.com\/fr\/nouveautes\/"},{"@type":"ListItem","position":3,"name":"Les brevets"}]},{"@type":"WebSite","@id":"https:\/\/www.istegroup.com\/#website","url":"https:\/\/www.istegroup.com\/","name":"ISTE Group","description":"Publishing Knowledge","potentialAction":[{"@type":"SearchAction","target":{"@type":"EntryPoint","urlTemplate":"https:\/\/www.istegroup.com\/?s={search_term_string}"},"query-input":{"@type":"PropertyValueSpecification","valueRequired":true,"valueName":"search_term_string"}}],"inLanguage":"en-US"}]}},"_links":{"self":[{"href":"https:\/\/www.istegroup.com\/en\/wp-json\/wp\/v2\/product\/9832","targetHints":{"allow":["GET"]}}],"collection":[{"href":"https:\/\/www.istegroup.com\/en\/wp-json\/wp\/v2\/product"}],"about":[{"href":"https:\/\/www.istegroup.com\/en\/wp-json\/wp\/v2\/types\/product"}],"wp:featuredmedia":[{"embeddable":true,"href":"https:\/\/www.istegroup.com\/en\/wp-json\/wp\/v2\/media\/9838"}],"wp:attachment":[{"href":"https:\/\/www.istegroup.com\/en\/wp-json\/wp\/v2\/media?parent=9832"}],"wp:term":[{"taxonomy":"product_brand","embeddable":true,"href":"https:\/\/www.istegroup.com\/en\/wp-json\/wp\/v2\/product_brand?post=9832"},{"taxonomy":"product_cat","embeddable":true,"href":"https:\/\/www.istegroup.com\/en\/wp-json\/wp\/v2\/product_cat?post=9832"},{"taxonomy":"product_tag","embeddable":true,"href":"https:\/\/www.istegroup.com\/en\/wp-json\/wp\/v2\/product_tag?post=9832"}],"curies":[{"name":"wp","href":"https:\/\/api.w.org\/{rel}","templated":true}]}}