{"id":9827,"date":"2018-02-28T10:32:20","date_gmt":"2018-02-28T09:32:20","guid":{"rendered":"https:\/\/iste.yhello.co\/?post_type=product&#038;p=9827"},"modified":"2024-01-03T13:41:24","modified_gmt":"2024-01-03T13:41:24","slug":"conception-mecanique-appliquee","status":"publish","type":"product","link":"https:\/\/www.istegroup.com\/en\/produit\/conception-mecanique-appliquee\/","title":{"rendered":"Conception m\u00e9canique appliqu\u00e9e"},"content":{"rendered":"<p>En conception, la mod\u00e9lisation demeure une \u00e9tape cl\u00e9 incontournable. Dans l\u2019avant-projet d\u2019une conception, il est imp\u00e9ratif de faire des esquisses (croquis cot\u00e9s) accompagn\u00e9es d\u2019une grossi\u00e8re mod\u00e9lisation\u00a0<em>grapho-analytique.<\/em><\/p>\n<p>R\u00e9dig\u00e9 dans les syst\u00e8mes imp\u00e9rial et m\u00e9trique,\u00a0<em>Conception m\u00e9canique appliqu\u00e9e<\/em>\u00a0pr\u00e9sente des \u00e9tudes de cas relevant des secteurs industriels et universitaires. Succinctement solutionn\u00e9es et comment\u00e9es, ces \u00e9tudes se basent sur de r\u00e9els projets et des travaux dirig\u00e9s trait\u00e9s en classe et en industrie. Cet ouvrage examine une vaste gamme de pi\u00e8ces singuli\u00e8res et de m\u00e9canismes en mettant l\u2019accent sur la dualit\u00e9 mat\u00e9riaux-g\u00e9om\u00e9trie qui est au centre des calculs de r\u00e9sistance. Les outils d\u2019analyse employ\u00e9s int\u00e8grent les exigences des CdCF \u00e0 la faisabilit\u00e9 des projets, ce qui est indispensable pour l\u2019optimisation de la conception appliqu\u00e9e.<\/p>\n<p>Cet ouvrage p\u00e9dagogique est illustr\u00e9 de cas pratiques. C\u2019est aussi un outil d\u2019aide \u00e0 la conception m\u00e9canique pour les \u00e9tudiants et les formateurs, ainsi que pour les bureaux d\u2019\u00e9tudes.<\/p>\n","protected":false},"excerpt":{"rendered":"<p>En conception, la mod\u00e9lisation demeure une \u00e9tape cl\u00e9 incontournable. Dans l\u2019avant-projet d\u2019une conception, il est imp\u00e9ratif de faire des esquisses (croquis cot\u00e9s) accompagn\u00e9es d\u2019une grossi\u00e8re mod\u00e9lisation\u00a0grapho-analytique. R\u00e9dig\u00e9 dans les syst\u00e8mes imp\u00e9rial et m\u00e9trique,\u00a0Conception m\u00e9canique appliqu\u00e9e\u00a0pr\u00e9sente des \u00e9tudes de cas relevant des secteurs industriels et universitaires. Succinctement solutionn\u00e9es et comment\u00e9es, ces \u00e9tudes se basent sur de [&hellip;]<\/p>\n","protected":false},"featured_media":9831,"template":"","meta":{"_acf_changed":false,"_links_to":"","_links_to_target":""},"product_brand":[],"product_cat":[3259],"product_tag":[],"class_list":{"0":"post-9827","1":"product","2":"type-product","3":"status-publish","4":"has-post-thumbnail","6":"product_cat-uncategorized","8":"first","9":"instock","10":"shipping-taxable","11":"purchasable","12":"product-type-variable"},"acf":[],"yoast_head":"<!-- This site is optimized with the Yoast SEO plugin v27.2 - https:\/\/yoast.com\/product\/yoast-seo-wordpress\/ -->\n<title>Conception m\u00e9canique appliqu\u00e9e - ISTE Group<\/title>\n<meta name=\"description\" content=\"R\u00e9dig\u00e9 dans les syst\u00e8mes imp\u00e9rial et m\u00e9trique,\u00a0Conception m\u00e9canique appliqu\u00e9e\u00a0pr\u00e9sente des \u00e9tudes de cas relevant des secteurs industriels et universitaires. Succinctement solutionn\u00e9es et comment\u00e9es, ces \u00e9tudes se basent sur de r\u00e9els projets et des travaux dirig\u00e9s trait\u00e9s en classe et en industrie.\" \/>\n<meta name=\"robots\" content=\"index, follow, max-snippet:-1, max-image-preview:large, max-video-preview:-1\" \/>\n<link rel=\"canonical\" href=\"https:\/\/www.istegroup.com\/fr\/produit\/conception-mecanique-appliquee\/\" \/>\n<meta property=\"og:locale\" content=\"en_US\" \/>\n<meta property=\"og:type\" content=\"article\" \/>\n<meta property=\"og:title\" content=\"Conception m\u00e9canique appliqu\u00e9e - ISTE Group\" \/>\n<meta property=\"og:description\" content=\"R\u00e9dig\u00e9 dans les syst\u00e8mes imp\u00e9rial et m\u00e9trique,\u00a0Conception m\u00e9canique appliqu\u00e9e\u00a0pr\u00e9sente des \u00e9tudes de cas relevant des secteurs industriels et universitaires. Succinctement solutionn\u00e9es et comment\u00e9es, ces \u00e9tudes se basent sur de r\u00e9els projets et des travaux dirig\u00e9s trait\u00e9s en classe et en industrie.\" \/>\n<meta property=\"og:url\" content=\"https:\/\/www.istegroup.com\/fr\/produit\/conception-mecanique-appliquee\/\" \/>\n<meta property=\"og:site_name\" content=\"ISTE Group\" \/>\n<meta property=\"article:modified_time\" content=\"2024-01-03T13:41:24+00:00\" \/>\n<meta property=\"og:image\" content=\"https:\/\/www.istegroup.com\/wp-content\/uploads\/2018\/02\/Grous_Front-scaled.jpg\" \/>\n\t<meta property=\"og:image:width\" content=\"1714\" \/>\n\t<meta property=\"og:image:height\" content=\"2560\" \/>\n\t<meta property=\"og:image:type\" content=\"image\/jpeg\" \/>\n<meta name=\"twitter:card\" content=\"summary_large_image\" \/>\n<meta name=\"twitter:label1\" content=\"Est. reading time\" \/>\n\t<meta name=\"twitter:data1\" content=\"1 minute\" \/>\n<script type=\"application\/ld+json\" class=\"yoast-schema-graph\">{\"@context\":\"https:\/\/schema.org\",\"@graph\":[{\"@type\":\"WebPage\",\"@id\":\"https:\/\/www.istegroup.com\/fr\/produit\/conception-mecanique-appliquee\/\",\"url\":\"https:\/\/www.istegroup.com\/fr\/produit\/conception-mecanique-appliquee\/\",\"name\":\"Conception m\u00e9canique appliqu\u00e9e - ISTE Group\",\"isPartOf\":{\"@id\":\"https:\/\/www.istegroup.com\/#website\"},\"primaryImageOfPage\":{\"@id\":\"https:\/\/www.istegroup.com\/fr\/produit\/conception-mecanique-appliquee\/#primaryimage\"},\"image\":{\"@id\":\"https:\/\/www.istegroup.com\/fr\/produit\/conception-mecanique-appliquee\/#primaryimage\"},\"thumbnailUrl\":\"https:\/\/www.istegroup.com\/wp-content\/uploads\/2018\/02\/Grous_Front-scaled.jpg\",\"datePublished\":\"2018-02-28T09:32:20+00:00\",\"dateModified\":\"2024-01-03T13:41:24+00:00\",\"description\":\"R\u00e9dig\u00e9 dans les syst\u00e8mes imp\u00e9rial et m\u00e9trique,\u00a0Conception m\u00e9canique appliqu\u00e9e\u00a0pr\u00e9sente des \u00e9tudes de cas relevant des secteurs industriels et universitaires. Succinctement solutionn\u00e9es et comment\u00e9es, ces \u00e9tudes se basent sur de r\u00e9els projets et des travaux dirig\u00e9s trait\u00e9s en classe et en industrie.\",\"breadcrumb\":{\"@id\":\"https:\/\/www.istegroup.com\/fr\/produit\/conception-mecanique-appliquee\/#breadcrumb\"},\"inLanguage\":\"en-US\",\"potentialAction\":[{\"@type\":\"ReadAction\",\"target\":[\"https:\/\/www.istegroup.com\/fr\/produit\/conception-mecanique-appliquee\/\"]}]},{\"@type\":\"ImageObject\",\"inLanguage\":\"en-US\",\"@id\":\"https:\/\/www.istegroup.com\/fr\/produit\/conception-mecanique-appliquee\/#primaryimage\",\"url\":\"https:\/\/www.istegroup.com\/wp-content\/uploads\/2018\/02\/Grous_Front-scaled.jpg\",\"contentUrl\":\"https:\/\/www.istegroup.com\/wp-content\/uploads\/2018\/02\/Grous_Front-scaled.jpg\",\"width\":1714,\"height\":2560,\"caption\":\"Conception m\u00e9canique appliqu\u00e9e\"},{\"@type\":\"BreadcrumbList\",\"@id\":\"https:\/\/www.istegroup.com\/fr\/produit\/conception-mecanique-appliquee\/#breadcrumb\",\"itemListElement\":[{\"@type\":\"ListItem\",\"position\":1,\"name\":\"Home\",\"item\":\"https:\/\/www.istegroup.com\/\"},{\"@type\":\"ListItem\",\"position\":2,\"name\":\"Shop\",\"item\":\"https:\/\/www.istegroup.com\/fr\/nouveautes\/\"},{\"@type\":\"ListItem\",\"position\":3,\"name\":\"Conception m\u00e9canique appliqu\u00e9e\"}]},{\"@type\":\"WebSite\",\"@id\":\"https:\/\/www.istegroup.com\/#website\",\"url\":\"https:\/\/www.istegroup.com\/\",\"name\":\"ISTE Group\",\"description\":\"Publishing Knowledge\",\"potentialAction\":[{\"@type\":\"SearchAction\",\"target\":{\"@type\":\"EntryPoint\",\"urlTemplate\":\"https:\/\/www.istegroup.com\/?s={search_term_string}\"},\"query-input\":{\"@type\":\"PropertyValueSpecification\",\"valueRequired\":true,\"valueName\":\"search_term_string\"}}],\"inLanguage\":\"en-US\"}]}<\/script>\n<!-- \/ Yoast SEO plugin. -->","yoast_head_json":{"title":"Conception m\u00e9canique appliqu\u00e9e - ISTE Group","description":"R\u00e9dig\u00e9 dans les syst\u00e8mes imp\u00e9rial et m\u00e9trique,\u00a0Conception m\u00e9canique appliqu\u00e9e\u00a0pr\u00e9sente des \u00e9tudes de cas relevant des secteurs industriels et universitaires. Succinctement solutionn\u00e9es et comment\u00e9es, ces \u00e9tudes se basent sur de r\u00e9els projets et des travaux dirig\u00e9s trait\u00e9s en classe et en industrie.","robots":{"index":"index","follow":"follow","max-snippet":"max-snippet:-1","max-image-preview":"max-image-preview:large","max-video-preview":"max-video-preview:-1"},"canonical":"https:\/\/www.istegroup.com\/fr\/produit\/conception-mecanique-appliquee\/","og_locale":"en_US","og_type":"article","og_title":"Conception m\u00e9canique appliqu\u00e9e - ISTE Group","og_description":"R\u00e9dig\u00e9 dans les syst\u00e8mes imp\u00e9rial et m\u00e9trique,\u00a0Conception m\u00e9canique appliqu\u00e9e\u00a0pr\u00e9sente des \u00e9tudes de cas relevant des secteurs industriels et universitaires. Succinctement solutionn\u00e9es et comment\u00e9es, ces \u00e9tudes se basent sur de r\u00e9els projets et des travaux dirig\u00e9s trait\u00e9s en classe et en industrie.","og_url":"https:\/\/www.istegroup.com\/fr\/produit\/conception-mecanique-appliquee\/","og_site_name":"ISTE Group","article_modified_time":"2024-01-03T13:41:24+00:00","og_image":[{"width":1714,"height":2560,"url":"https:\/\/www.istegroup.com\/wp-content\/uploads\/2018\/02\/Grous_Front-scaled.jpg","type":"image\/jpeg"}],"twitter_card":"summary_large_image","twitter_misc":{"Est. reading time":"1 minute"},"schema":{"@context":"https:\/\/schema.org","@graph":[{"@type":"WebPage","@id":"https:\/\/www.istegroup.com\/fr\/produit\/conception-mecanique-appliquee\/","url":"https:\/\/www.istegroup.com\/fr\/produit\/conception-mecanique-appliquee\/","name":"Conception m\u00e9canique appliqu\u00e9e - ISTE Group","isPartOf":{"@id":"https:\/\/www.istegroup.com\/#website"},"primaryImageOfPage":{"@id":"https:\/\/www.istegroup.com\/fr\/produit\/conception-mecanique-appliquee\/#primaryimage"},"image":{"@id":"https:\/\/www.istegroup.com\/fr\/produit\/conception-mecanique-appliquee\/#primaryimage"},"thumbnailUrl":"https:\/\/www.istegroup.com\/wp-content\/uploads\/2018\/02\/Grous_Front-scaled.jpg","datePublished":"2018-02-28T09:32:20+00:00","dateModified":"2024-01-03T13:41:24+00:00","description":"R\u00e9dig\u00e9 dans les syst\u00e8mes imp\u00e9rial et m\u00e9trique,\u00a0Conception m\u00e9canique appliqu\u00e9e\u00a0pr\u00e9sente des \u00e9tudes de cas relevant des secteurs industriels et universitaires. Succinctement solutionn\u00e9es et comment\u00e9es, ces \u00e9tudes se basent sur de r\u00e9els projets et des travaux dirig\u00e9s trait\u00e9s en classe et en industrie.","breadcrumb":{"@id":"https:\/\/www.istegroup.com\/fr\/produit\/conception-mecanique-appliquee\/#breadcrumb"},"inLanguage":"en-US","potentialAction":[{"@type":"ReadAction","target":["https:\/\/www.istegroup.com\/fr\/produit\/conception-mecanique-appliquee\/"]}]},{"@type":"ImageObject","inLanguage":"en-US","@id":"https:\/\/www.istegroup.com\/fr\/produit\/conception-mecanique-appliquee\/#primaryimage","url":"https:\/\/www.istegroup.com\/wp-content\/uploads\/2018\/02\/Grous_Front-scaled.jpg","contentUrl":"https:\/\/www.istegroup.com\/wp-content\/uploads\/2018\/02\/Grous_Front-scaled.jpg","width":1714,"height":2560,"caption":"Conception m\u00e9canique appliqu\u00e9e"},{"@type":"BreadcrumbList","@id":"https:\/\/www.istegroup.com\/fr\/produit\/conception-mecanique-appliquee\/#breadcrumb","itemListElement":[{"@type":"ListItem","position":1,"name":"Home","item":"https:\/\/www.istegroup.com\/"},{"@type":"ListItem","position":2,"name":"Shop","item":"https:\/\/www.istegroup.com\/fr\/nouveautes\/"},{"@type":"ListItem","position":3,"name":"Conception m\u00e9canique appliqu\u00e9e"}]},{"@type":"WebSite","@id":"https:\/\/www.istegroup.com\/#website","url":"https:\/\/www.istegroup.com\/","name":"ISTE Group","description":"Publishing Knowledge","potentialAction":[{"@type":"SearchAction","target":{"@type":"EntryPoint","urlTemplate":"https:\/\/www.istegroup.com\/?s={search_term_string}"},"query-input":{"@type":"PropertyValueSpecification","valueRequired":true,"valueName":"search_term_string"}}],"inLanguage":"en-US"}]}},"_links":{"self":[{"href":"https:\/\/www.istegroup.com\/en\/wp-json\/wp\/v2\/product\/9827","targetHints":{"allow":["GET"]}}],"collection":[{"href":"https:\/\/www.istegroup.com\/en\/wp-json\/wp\/v2\/product"}],"about":[{"href":"https:\/\/www.istegroup.com\/en\/wp-json\/wp\/v2\/types\/product"}],"wp:featuredmedia":[{"embeddable":true,"href":"https:\/\/www.istegroup.com\/en\/wp-json\/wp\/v2\/media\/9831"}],"wp:attachment":[{"href":"https:\/\/www.istegroup.com\/en\/wp-json\/wp\/v2\/media?parent=9827"}],"wp:term":[{"taxonomy":"product_brand","embeddable":true,"href":"https:\/\/www.istegroup.com\/en\/wp-json\/wp\/v2\/product_brand?post=9827"},{"taxonomy":"product_cat","embeddable":true,"href":"https:\/\/www.istegroup.com\/en\/wp-json\/wp\/v2\/product_cat?post=9827"},{"taxonomy":"product_tag","embeddable":true,"href":"https:\/\/www.istegroup.com\/en\/wp-json\/wp\/v2\/product_tag?post=9827"}],"curies":[{"name":"wp","href":"https:\/\/api.w.org\/{rel}","templated":true}]}}