{"id":9816,"date":"2018-02-28T10:32:21","date_gmt":"2018-02-28T09:32:21","guid":{"rendered":"https:\/\/iste.yhello.co\/?post_type=product&#038;p=9816"},"modified":"2024-01-03T13:41:24","modified_gmt":"2024-01-03T13:41:24","slug":"matieres-premieres-et-energie","status":"publish","type":"product","link":"https:\/\/www.istegroup.com\/en\/produit\/matieres-premieres-et-energie\/","title":{"rendered":"Mati\u00e8res premi\u00e8res et \u00e9nergie"},"content":{"rendered":"<p>La consommation de nombreux m\u00e9taux et de ciment a doubl\u00e9 depuis le d\u00e9but du XXIe si\u00e8cle, et si la tendance continue, il faudra produire plus de m\u00e9taux d\u2019ici 2050 que l\u2019humanit\u00e9 n\u2019en a produit au cours de toute son histoire.<\/p>\n<p>C\u2019est dans ce contexte que se place la transition vers les \u00e9nergies bas-carbone et renouvelables, qui n\u00e9cessite de b\u00e2tir une nouvelle infrastructure de production et d\u2019utilisation d\u2019\u00e9nergie, source additionnelle de consommation de nombreuses mati\u00e8res premi\u00e8res et d\u2019\u00e9nergie pour les produire.<\/p>\n<p><em>Mati\u00e8res premi\u00e8res et \u00e9nergie<\/em>\u00a0discute ces diff\u00e9rents aspects et propose une mod\u00e9lisation dynamique des besoins et de la production future de mati\u00e8res premi\u00e8res primaires et recycl\u00e9es, pour diff\u00e9rents sc\u00e9narios mondiaux d\u2019\u00e9volution du mix \u00e9nerg\u00e9tique de production d\u2019\u00e9lectricit\u00e9.<\/p>\n","protected":false},"excerpt":{"rendered":"<p>La consommation de nombreux m\u00e9taux et de ciment a doubl\u00e9 depuis le d\u00e9but du XXIe si\u00e8cle, et si la tendance continue, il faudra produire plus de m\u00e9taux d\u2019ici 2050 que l\u2019humanit\u00e9 n\u2019en a produit au cours de toute son histoire. C\u2019est dans ce contexte que se place la transition vers les \u00e9nergies bas-carbone et renouvelables, [&hellip;]<\/p>\n","protected":false},"featured_media":9820,"template":"","meta":{"_acf_changed":false,"_links_to":"","_links_to_target":""},"product_brand":[],"product_cat":[3259],"product_tag":[],"class_list":{"0":"post-9816","1":"product","2":"type-product","3":"status-publish","4":"has-post-thumbnail","6":"product_cat-uncategorized","8":"first","9":"instock","10":"shipping-taxable","11":"purchasable","12":"product-type-variable"},"acf":[],"yoast_head":"<!-- This site is optimized with the Yoast SEO plugin v27.2 - https:\/\/yoast.com\/product\/yoast-seo-wordpress\/ -->\n<title>Mati\u00e8res premi\u00e8res et \u00e9nergie - ISTE Group<\/title>\n<meta name=\"description\" content=\"Mati\u00e8res premi\u00e8res et \u00e9nergie\u00a0propose une mod\u00e9lisation dynamique des besoins et de la production future de mati\u00e8res premi\u00e8res primaires et recycl\u00e9es, pour diff\u00e9rents sc\u00e9narios mondiaux d\u2019\u00e9volution du mix \u00e9nerg\u00e9tique de production d\u2019\u00e9lectricit\u00e9.\" \/>\n<meta name=\"robots\" content=\"index, follow, max-snippet:-1, max-image-preview:large, max-video-preview:-1\" \/>\n<link rel=\"canonical\" href=\"https:\/\/www.istegroup.com\/fr\/produit\/matieres-premieres-et-energie\/\" \/>\n<meta property=\"og:locale\" content=\"en_US\" \/>\n<meta property=\"og:type\" content=\"article\" \/>\n<meta property=\"og:title\" content=\"Mati\u00e8res premi\u00e8res et \u00e9nergie - ISTE Group\" \/>\n<meta property=\"og:description\" content=\"Mati\u00e8res premi\u00e8res et \u00e9nergie\u00a0propose une mod\u00e9lisation dynamique des besoins et de la production future de mati\u00e8res premi\u00e8res primaires et recycl\u00e9es, pour diff\u00e9rents sc\u00e9narios mondiaux d\u2019\u00e9volution du mix \u00e9nerg\u00e9tique de production d\u2019\u00e9lectricit\u00e9.\" \/>\n<meta property=\"og:url\" content=\"https:\/\/www.istegroup.com\/fr\/produit\/matieres-premieres-et-energie\/\" \/>\n<meta property=\"og:site_name\" content=\"ISTE Group\" \/>\n<meta property=\"article:modified_time\" content=\"2024-01-03T13:41:24+00:00\" \/>\n<meta property=\"og:image\" content=\"https:\/\/www.istegroup.com\/wp-content\/uploads\/2018\/02\/Vidal_Front-scaled.jpg\" \/>\n\t<meta property=\"og:image:width\" content=\"1635\" \/>\n\t<meta property=\"og:image:height\" content=\"2560\" \/>\n\t<meta property=\"og:image:type\" content=\"image\/jpeg\" \/>\n<meta name=\"twitter:card\" content=\"summary_large_image\" \/>\n<meta name=\"twitter:label1\" content=\"Est. reading time\" \/>\n\t<meta name=\"twitter:data1\" content=\"1 minute\" \/>\n<script type=\"application\/ld+json\" class=\"yoast-schema-graph\">{\"@context\":\"https:\/\/schema.org\",\"@graph\":[{\"@type\":\"WebPage\",\"@id\":\"https:\/\/www.istegroup.com\/fr\/produit\/matieres-premieres-et-energie\/\",\"url\":\"https:\/\/www.istegroup.com\/fr\/produit\/matieres-premieres-et-energie\/\",\"name\":\"Mati\u00e8res premi\u00e8res et \u00e9nergie - ISTE Group\",\"isPartOf\":{\"@id\":\"https:\/\/www.istegroup.com\/#website\"},\"primaryImageOfPage\":{\"@id\":\"https:\/\/www.istegroup.com\/fr\/produit\/matieres-premieres-et-energie\/#primaryimage\"},\"image\":{\"@id\":\"https:\/\/www.istegroup.com\/fr\/produit\/matieres-premieres-et-energie\/#primaryimage\"},\"thumbnailUrl\":\"https:\/\/www.istegroup.com\/wp-content\/uploads\/2018\/02\/Vidal_Front-scaled.jpg\",\"datePublished\":\"2018-02-28T09:32:21+00:00\",\"dateModified\":\"2024-01-03T13:41:24+00:00\",\"description\":\"Mati\u00e8res premi\u00e8res et \u00e9nergie\u00a0propose une mod\u00e9lisation dynamique des besoins et de la production future de mati\u00e8res premi\u00e8res primaires et recycl\u00e9es, pour diff\u00e9rents sc\u00e9narios mondiaux d\u2019\u00e9volution du mix \u00e9nerg\u00e9tique de production d\u2019\u00e9lectricit\u00e9.\",\"breadcrumb\":{\"@id\":\"https:\/\/www.istegroup.com\/fr\/produit\/matieres-premieres-et-energie\/#breadcrumb\"},\"inLanguage\":\"en-US\",\"potentialAction\":[{\"@type\":\"ReadAction\",\"target\":[\"https:\/\/www.istegroup.com\/fr\/produit\/matieres-premieres-et-energie\/\"]}]},{\"@type\":\"ImageObject\",\"inLanguage\":\"en-US\",\"@id\":\"https:\/\/www.istegroup.com\/fr\/produit\/matieres-premieres-et-energie\/#primaryimage\",\"url\":\"https:\/\/www.istegroup.com\/wp-content\/uploads\/2018\/02\/Vidal_Front-scaled.jpg\",\"contentUrl\":\"https:\/\/www.istegroup.com\/wp-content\/uploads\/2018\/02\/Vidal_Front-scaled.jpg\",\"width\":1635,\"height\":2560,\"caption\":\"Les enjeux de demain\"},{\"@type\":\"BreadcrumbList\",\"@id\":\"https:\/\/www.istegroup.com\/fr\/produit\/matieres-premieres-et-energie\/#breadcrumb\",\"itemListElement\":[{\"@type\":\"ListItem\",\"position\":1,\"name\":\"Home\",\"item\":\"https:\/\/www.istegroup.com\/\"},{\"@type\":\"ListItem\",\"position\":2,\"name\":\"Shop\",\"item\":\"https:\/\/www.istegroup.com\/fr\/nouveautes\/\"},{\"@type\":\"ListItem\",\"position\":3,\"name\":\"Mati\u00e8res premi\u00e8res et \u00e9nergie\"}]},{\"@type\":\"WebSite\",\"@id\":\"https:\/\/www.istegroup.com\/#website\",\"url\":\"https:\/\/www.istegroup.com\/\",\"name\":\"ISTE Group\",\"description\":\"Publishing Knowledge\",\"potentialAction\":[{\"@type\":\"SearchAction\",\"target\":{\"@type\":\"EntryPoint\",\"urlTemplate\":\"https:\/\/www.istegroup.com\/?s={search_term_string}\"},\"query-input\":{\"@type\":\"PropertyValueSpecification\",\"valueRequired\":true,\"valueName\":\"search_term_string\"}}],\"inLanguage\":\"en-US\"}]}<\/script>\n<!-- \/ Yoast SEO plugin. -->","yoast_head_json":{"title":"Mati\u00e8res premi\u00e8res et \u00e9nergie - ISTE Group","description":"Mati\u00e8res premi\u00e8res et \u00e9nergie\u00a0propose une mod\u00e9lisation dynamique des besoins et de la production future de mati\u00e8res premi\u00e8res primaires et recycl\u00e9es, pour diff\u00e9rents sc\u00e9narios mondiaux d\u2019\u00e9volution du mix \u00e9nerg\u00e9tique de production d\u2019\u00e9lectricit\u00e9.","robots":{"index":"index","follow":"follow","max-snippet":"max-snippet:-1","max-image-preview":"max-image-preview:large","max-video-preview":"max-video-preview:-1"},"canonical":"https:\/\/www.istegroup.com\/fr\/produit\/matieres-premieres-et-energie\/","og_locale":"en_US","og_type":"article","og_title":"Mati\u00e8res premi\u00e8res et \u00e9nergie - ISTE Group","og_description":"Mati\u00e8res premi\u00e8res et \u00e9nergie\u00a0propose une mod\u00e9lisation dynamique des besoins et de la production future de mati\u00e8res premi\u00e8res primaires et recycl\u00e9es, pour diff\u00e9rents sc\u00e9narios mondiaux d\u2019\u00e9volution du mix \u00e9nerg\u00e9tique de production d\u2019\u00e9lectricit\u00e9.","og_url":"https:\/\/www.istegroup.com\/fr\/produit\/matieres-premieres-et-energie\/","og_site_name":"ISTE Group","article_modified_time":"2024-01-03T13:41:24+00:00","og_image":[{"width":1635,"height":2560,"url":"https:\/\/www.istegroup.com\/wp-content\/uploads\/2018\/02\/Vidal_Front-scaled.jpg","type":"image\/jpeg"}],"twitter_card":"summary_large_image","twitter_misc":{"Est. reading time":"1 minute"},"schema":{"@context":"https:\/\/schema.org","@graph":[{"@type":"WebPage","@id":"https:\/\/www.istegroup.com\/fr\/produit\/matieres-premieres-et-energie\/","url":"https:\/\/www.istegroup.com\/fr\/produit\/matieres-premieres-et-energie\/","name":"Mati\u00e8res premi\u00e8res et \u00e9nergie - ISTE Group","isPartOf":{"@id":"https:\/\/www.istegroup.com\/#website"},"primaryImageOfPage":{"@id":"https:\/\/www.istegroup.com\/fr\/produit\/matieres-premieres-et-energie\/#primaryimage"},"image":{"@id":"https:\/\/www.istegroup.com\/fr\/produit\/matieres-premieres-et-energie\/#primaryimage"},"thumbnailUrl":"https:\/\/www.istegroup.com\/wp-content\/uploads\/2018\/02\/Vidal_Front-scaled.jpg","datePublished":"2018-02-28T09:32:21+00:00","dateModified":"2024-01-03T13:41:24+00:00","description":"Mati\u00e8res premi\u00e8res et \u00e9nergie\u00a0propose une mod\u00e9lisation dynamique des besoins et de la production future de mati\u00e8res premi\u00e8res primaires et recycl\u00e9es, pour diff\u00e9rents sc\u00e9narios mondiaux d\u2019\u00e9volution du mix \u00e9nerg\u00e9tique de production d\u2019\u00e9lectricit\u00e9.","breadcrumb":{"@id":"https:\/\/www.istegroup.com\/fr\/produit\/matieres-premieres-et-energie\/#breadcrumb"},"inLanguage":"en-US","potentialAction":[{"@type":"ReadAction","target":["https:\/\/www.istegroup.com\/fr\/produit\/matieres-premieres-et-energie\/"]}]},{"@type":"ImageObject","inLanguage":"en-US","@id":"https:\/\/www.istegroup.com\/fr\/produit\/matieres-premieres-et-energie\/#primaryimage","url":"https:\/\/www.istegroup.com\/wp-content\/uploads\/2018\/02\/Vidal_Front-scaled.jpg","contentUrl":"https:\/\/www.istegroup.com\/wp-content\/uploads\/2018\/02\/Vidal_Front-scaled.jpg","width":1635,"height":2560,"caption":"Les enjeux de demain"},{"@type":"BreadcrumbList","@id":"https:\/\/www.istegroup.com\/fr\/produit\/matieres-premieres-et-energie\/#breadcrumb","itemListElement":[{"@type":"ListItem","position":1,"name":"Home","item":"https:\/\/www.istegroup.com\/"},{"@type":"ListItem","position":2,"name":"Shop","item":"https:\/\/www.istegroup.com\/fr\/nouveautes\/"},{"@type":"ListItem","position":3,"name":"Mati\u00e8res premi\u00e8res et \u00e9nergie"}]},{"@type":"WebSite","@id":"https:\/\/www.istegroup.com\/#website","url":"https:\/\/www.istegroup.com\/","name":"ISTE Group","description":"Publishing Knowledge","potentialAction":[{"@type":"SearchAction","target":{"@type":"EntryPoint","urlTemplate":"https:\/\/www.istegroup.com\/?s={search_term_string}"},"query-input":{"@type":"PropertyValueSpecification","valueRequired":true,"valueName":"search_term_string"}}],"inLanguage":"en-US"}]}},"_links":{"self":[{"href":"https:\/\/www.istegroup.com\/en\/wp-json\/wp\/v2\/product\/9816","targetHints":{"allow":["GET"]}}],"collection":[{"href":"https:\/\/www.istegroup.com\/en\/wp-json\/wp\/v2\/product"}],"about":[{"href":"https:\/\/www.istegroup.com\/en\/wp-json\/wp\/v2\/types\/product"}],"wp:featuredmedia":[{"embeddable":true,"href":"https:\/\/www.istegroup.com\/en\/wp-json\/wp\/v2\/media\/9820"}],"wp:attachment":[{"href":"https:\/\/www.istegroup.com\/en\/wp-json\/wp\/v2\/media?parent=9816"}],"wp:term":[{"taxonomy":"product_brand","embeddable":true,"href":"https:\/\/www.istegroup.com\/en\/wp-json\/wp\/v2\/product_brand?post=9816"},{"taxonomy":"product_cat","embeddable":true,"href":"https:\/\/www.istegroup.com\/en\/wp-json\/wp\/v2\/product_cat?post=9816"},{"taxonomy":"product_tag","embeddable":true,"href":"https:\/\/www.istegroup.com\/en\/wp-json\/wp\/v2\/product_tag?post=9816"}],"curies":[{"name":"wp","href":"https:\/\/api.w.org\/{rel}","templated":true}]}}