{"id":96,"date":"2017-07-28T10:30:20","date_gmt":"2017-07-28T08:30:20","guid":{"rendered":"https:\/\/iste.yhello.co\/product\/big-data-open-data-et-valorisation-des-donnees\/"},"modified":"2024-01-03T13:38:36","modified_gmt":"2024-01-03T13:38:36","slug":"big-data-open-data-et-valorisation-des-donnees","status":"publish","type":"product","link":"https:\/\/www.istegroup.com\/en\/produit\/big-data-open-data-et-valorisation-des-donnees\/","title":{"rendered":"Big Data, Open Data et valorisation des donn\u00e9es"},"content":{"rendered":"<p>La s\u00e9rie\u00a0<em>Smart innovation<\/em>\u00a0pr\u00e9sente les th\u00e8mes li\u00e9s \u00e0 la dynamique technologique, entrepreneuriale, territoriale et \u00e9conomique de l&#8217;innovation. Elle privil\u00e9gie les approches novatrices des acteurs qui, par leurs comportements, strat\u00e9gies et politiques d&#8217;innovation intelligente, modifient les mod\u00e8les \u00e9conomiques dans une perspective de croissance durable.<\/p>\n<p>Le monde est devenu num\u00e9rique. Les nouvelles technologies atteignent aujourd\u2019hui une certaine maturit\u00e9, rendant les donn\u00e9es accessibles \u00e0 tous et partout.<\/p>\n<p>L\u2019essor des technologies connexes, comme l\u2019av\u00e8nement d\u2019Internet, des r\u00e9seaux sociaux ou des\u00a0<em>Cloud Computing\u00a0<\/em>(usines num\u00e9riques), accro\u00eet consid\u00e9rablement le volume disponible de ces donn\u00e9es, de telle sorte que les enjeux se focalisent non plus sur leur production mais sur leur int\u00e9gration et leur valorisation. Ces \u00ab Data \u00bb peuvent en effet repr\u00e9senter un atout majeur pour les entreprises, \u00e0 condition de savoir les capter, les combiner et les analyser.<\/p>\n<p>Cet ouvrage analyse la r\u00e9volution du Big Data et ses m\u00e9gadonn\u00e9es, et explore les nouveaux challenges de l\u2019Open Data, qui rend ces informations accessibles, exploitables et r\u00e9utilisables par tous. Il d\u00e9taille les facteurs-cl\u00e9s de leur valorisation (Data Mining, Text Mining\u2026) pour donner aux entreprises l\u2019ensemble des outils indispensables pour s\u2019adapter \u00e0 la nouvelle \u00e9conomie de l\u2019immat\u00e9riel.<\/p>\n","protected":false},"excerpt":{"rendered":"<p>La s\u00e9rie\u00a0Smart innovation\u00a0pr\u00e9sente les th\u00e8mes li\u00e9s \u00e0 la dynamique technologique, entrepreneuriale, territoriale et \u00e9conomique de l&#8217;innovation. Elle privil\u00e9gie les approches novatrices des acteurs qui, par leurs comportements, strat\u00e9gies et politiques d&#8217;innovation intelligente, modifient les mod\u00e8les \u00e9conomiques dans une perspective de croissance durable. Le monde est devenu num\u00e9rique. Les nouvelles technologies atteignent aujourd\u2019hui une certaine maturit\u00e9, [&hellip;]<\/p>\n","protected":false},"featured_media":33110,"template":"","meta":{"_acf_changed":false,"_links_to":"","_links_to_target":""},"product_brand":[],"product_cat":[670,675,720],"product_tag":[864,865,866,867,31,18,19,218,20,868,21,22,205,26,27,99,869,870,871,872,873,38,28,29,874,875,876,877],"class_list":{"0":"post-96","1":"product","2":"type-product","3":"status-publish","4":"has-post-thumbnail","6":"product_cat-innovation-entrepreneuriat-et-gestion-11041751","7":"product_cat-nouveauts-12519446","8":"product_cat-srie-smart-innovation-58568196","9":"product_tag-avenement-dinternet","10":"product_tag-big-data","11":"product_tag-big-data-medicales","12":"product_tag-cloud-computing","13":"product_tag-ebook","14":"product_tag-edition-scientifique","15":"product_tag-editions-francaise","16":"product_tag-editions-ouvrage","17":"product_tag-editions-technique","18":"product_tag-essor-des-technologies","19":"product_tag-iste-group","20":"product_tag-istegroup","21":"product_tag-livre-science","22":"product_tag-livre-scientifique-francais","23":"product_tag-livre-technique-francais","24":"product_tag-livres-numeriques","25":"product_tag-mecanismes-de-valorisation","26":"product_tag-megadonnees","27":"product_tag-nouvelle-economie","28":"product_tag-open-data","29":"product_tag-open-data-et-valorisation-des-donnees","30":"product_tag-ouvrage-numerique","31":"product_tag-ouvrage-scientifique-francais","32":"product_tag-ouvrage-technique","33":"product_tag-technologies-connexes","34":"product_tag-traitement-des-donnees","35":"product_tag-usines-numeriques","36":"product_tag-valorisation-des-donnees","38":"first","39":"instock","40":"shipping-taxable","41":"purchasable","42":"product-type-variable"},"acf":[],"yoast_head":"<!-- This site is optimized with the Yoast SEO plugin v27.2 - https:\/\/yoast.com\/product\/yoast-seo-wordpress\/ -->\n<title>Big Data, Open Data et valorisation des donn\u00e9es - ISTE Group<\/title>\n<meta name=\"description\" content=\"L&#039;ouvrage analyse la r\u00e9volution du Big Data et ses m\u00e9gadonn\u00e9es, et explore les challenges de l\u2019Open Data, qui rend ces informations accessibles par tous.\" \/>\n<meta name=\"robots\" content=\"index, follow, max-snippet:-1, max-image-preview:large, max-video-preview:-1\" \/>\n<link rel=\"canonical\" href=\"https:\/\/www.istegroup.com\/fr\/produit\/big-data-open-data-et-valorisation-des-donnees\/\" \/>\n<meta property=\"og:locale\" content=\"en_US\" \/>\n<meta property=\"og:type\" content=\"article\" \/>\n<meta property=\"og:title\" content=\"Big Data, Open Data et valorisation des donn\u00e9es - ISTE Group\" \/>\n<meta property=\"og:description\" content=\"L&#039;ouvrage analyse la r\u00e9volution du Big Data et ses m\u00e9gadonn\u00e9es, et explore les challenges de l\u2019Open Data, qui rend ces informations accessibles par tous.\" \/>\n<meta property=\"og:url\" content=\"https:\/\/www.istegroup.com\/fr\/produit\/big-data-open-data-et-valorisation-des-donnees\/\" \/>\n<meta property=\"og:site_name\" content=\"ISTE Group\" \/>\n<meta property=\"article:modified_time\" content=\"2024-01-03T13:38:36+00:00\" \/>\n<meta property=\"og:image\" content=\"https:\/\/www.istegroup.com\/wp-content\/uploads\/2020\/07\/122_Big_Data_Open_Data_et_valorisation_des_donn\u00e9es_cover-scaled.jpg\" \/>\n\t<meta property=\"og:image:width\" content=\"1706\" \/>\n\t<meta property=\"og:image:height\" content=\"2560\" \/>\n\t<meta property=\"og:image:type\" content=\"image\/jpeg\" \/>\n<meta name=\"twitter:card\" content=\"summary_large_image\" \/>\n<meta name=\"twitter:label1\" content=\"Est. reading time\" \/>\n\t<meta name=\"twitter:data1\" content=\"1 minute\" \/>\n<script type=\"application\/ld+json\" class=\"yoast-schema-graph\">{\"@context\":\"https:\/\/schema.org\",\"@graph\":[{\"@type\":\"WebPage\",\"@id\":\"https:\/\/www.istegroup.com\/fr\/produit\/big-data-open-data-et-valorisation-des-donnees\/\",\"url\":\"https:\/\/www.istegroup.com\/fr\/produit\/big-data-open-data-et-valorisation-des-donnees\/\",\"name\":\"Big Data, Open Data et valorisation des donn\u00e9es - ISTE Group\",\"isPartOf\":{\"@id\":\"https:\/\/www.istegroup.com\/#website\"},\"primaryImageOfPage\":{\"@id\":\"https:\/\/www.istegroup.com\/fr\/produit\/big-data-open-data-et-valorisation-des-donnees\/#primaryimage\"},\"image\":{\"@id\":\"https:\/\/www.istegroup.com\/fr\/produit\/big-data-open-data-et-valorisation-des-donnees\/#primaryimage\"},\"thumbnailUrl\":\"https:\/\/www.istegroup.com\/wp-content\/uploads\/2020\/07\/122_Big_Data_Open_Data_et_valorisation_des_donn\u00e9es_cover-scaled.jpg\",\"datePublished\":\"2017-07-28T08:30:20+00:00\",\"dateModified\":\"2024-01-03T13:38:36+00:00\",\"description\":\"L'ouvrage analyse la r\u00e9volution du Big Data et ses m\u00e9gadonn\u00e9es, et explore les challenges de l\u2019Open Data, qui rend ces informations accessibles par tous.\",\"breadcrumb\":{\"@id\":\"https:\/\/www.istegroup.com\/fr\/produit\/big-data-open-data-et-valorisation-des-donnees\/#breadcrumb\"},\"inLanguage\":\"en-US\",\"potentialAction\":[{\"@type\":\"ReadAction\",\"target\":[\"https:\/\/www.istegroup.com\/fr\/produit\/big-data-open-data-et-valorisation-des-donnees\/\"]}]},{\"@type\":\"ImageObject\",\"inLanguage\":\"en-US\",\"@id\":\"https:\/\/www.istegroup.com\/fr\/produit\/big-data-open-data-et-valorisation-des-donnees\/#primaryimage\",\"url\":\"https:\/\/www.istegroup.com\/wp-content\/uploads\/2020\/07\/122_Big_Data_Open_Data_et_valorisation_des_donn\u00e9es_cover-scaled.jpg\",\"contentUrl\":\"https:\/\/www.istegroup.com\/wp-content\/uploads\/2020\/07\/122_Big_Data_Open_Data_et_valorisation_des_donn\u00e9es_cover-scaled.jpg\",\"width\":1706,\"height\":2560,\"caption\":\"Livre scientifique - Big Data, Open Data et valorisation des donn\u00e9es - Jean-Louis Monino, Soraya Sedkaoui\"},{\"@type\":\"BreadcrumbList\",\"@id\":\"https:\/\/www.istegroup.com\/fr\/produit\/big-data-open-data-et-valorisation-des-donnees\/#breadcrumb\",\"itemListElement\":[{\"@type\":\"ListItem\",\"position\":1,\"name\":\"Home\",\"item\":\"https:\/\/www.istegroup.com\/\"},{\"@type\":\"ListItem\",\"position\":2,\"name\":\"Shop\",\"item\":\"https:\/\/www.istegroup.com\/fr\/nouveautes\/\"},{\"@type\":\"ListItem\",\"position\":3,\"name\":\"Big Data, Open Data et valorisation des donn\u00e9es\"}]},{\"@type\":\"WebSite\",\"@id\":\"https:\/\/www.istegroup.com\/#website\",\"url\":\"https:\/\/www.istegroup.com\/\",\"name\":\"ISTE Group\",\"description\":\"Publishing Knowledge\",\"potentialAction\":[{\"@type\":\"SearchAction\",\"target\":{\"@type\":\"EntryPoint\",\"urlTemplate\":\"https:\/\/www.istegroup.com\/?s={search_term_string}\"},\"query-input\":{\"@type\":\"PropertyValueSpecification\",\"valueRequired\":true,\"valueName\":\"search_term_string\"}}],\"inLanguage\":\"en-US\"}]}<\/script>\n<!-- \/ Yoast SEO plugin. -->","yoast_head_json":{"title":"Big Data, Open Data et valorisation des donn\u00e9es - ISTE Group","description":"L'ouvrage analyse la r\u00e9volution du Big Data et ses m\u00e9gadonn\u00e9es, et explore les challenges de l\u2019Open Data, qui rend ces informations accessibles par tous.","robots":{"index":"index","follow":"follow","max-snippet":"max-snippet:-1","max-image-preview":"max-image-preview:large","max-video-preview":"max-video-preview:-1"},"canonical":"https:\/\/www.istegroup.com\/fr\/produit\/big-data-open-data-et-valorisation-des-donnees\/","og_locale":"en_US","og_type":"article","og_title":"Big Data, Open Data et valorisation des donn\u00e9es - ISTE Group","og_description":"L'ouvrage analyse la r\u00e9volution du Big Data et ses m\u00e9gadonn\u00e9es, et explore les challenges de l\u2019Open Data, qui rend ces informations accessibles par tous.","og_url":"https:\/\/www.istegroup.com\/fr\/produit\/big-data-open-data-et-valorisation-des-donnees\/","og_site_name":"ISTE Group","article_modified_time":"2024-01-03T13:38:36+00:00","og_image":[{"width":1706,"height":2560,"url":"https:\/\/www.istegroup.com\/wp-content\/uploads\/2020\/07\/122_Big_Data_Open_Data_et_valorisation_des_donn\u00e9es_cover-scaled.jpg","type":"image\/jpeg"}],"twitter_card":"summary_large_image","twitter_misc":{"Est. reading time":"1 minute"},"schema":{"@context":"https:\/\/schema.org","@graph":[{"@type":"WebPage","@id":"https:\/\/www.istegroup.com\/fr\/produit\/big-data-open-data-et-valorisation-des-donnees\/","url":"https:\/\/www.istegroup.com\/fr\/produit\/big-data-open-data-et-valorisation-des-donnees\/","name":"Big Data, Open Data et valorisation des donn\u00e9es - ISTE Group","isPartOf":{"@id":"https:\/\/www.istegroup.com\/#website"},"primaryImageOfPage":{"@id":"https:\/\/www.istegroup.com\/fr\/produit\/big-data-open-data-et-valorisation-des-donnees\/#primaryimage"},"image":{"@id":"https:\/\/www.istegroup.com\/fr\/produit\/big-data-open-data-et-valorisation-des-donnees\/#primaryimage"},"thumbnailUrl":"https:\/\/www.istegroup.com\/wp-content\/uploads\/2020\/07\/122_Big_Data_Open_Data_et_valorisation_des_donn\u00e9es_cover-scaled.jpg","datePublished":"2017-07-28T08:30:20+00:00","dateModified":"2024-01-03T13:38:36+00:00","description":"L'ouvrage analyse la r\u00e9volution du Big Data et ses m\u00e9gadonn\u00e9es, et explore les challenges de l\u2019Open Data, qui rend ces informations accessibles par tous.","breadcrumb":{"@id":"https:\/\/www.istegroup.com\/fr\/produit\/big-data-open-data-et-valorisation-des-donnees\/#breadcrumb"},"inLanguage":"en-US","potentialAction":[{"@type":"ReadAction","target":["https:\/\/www.istegroup.com\/fr\/produit\/big-data-open-data-et-valorisation-des-donnees\/"]}]},{"@type":"ImageObject","inLanguage":"en-US","@id":"https:\/\/www.istegroup.com\/fr\/produit\/big-data-open-data-et-valorisation-des-donnees\/#primaryimage","url":"https:\/\/www.istegroup.com\/wp-content\/uploads\/2020\/07\/122_Big_Data_Open_Data_et_valorisation_des_donn\u00e9es_cover-scaled.jpg","contentUrl":"https:\/\/www.istegroup.com\/wp-content\/uploads\/2020\/07\/122_Big_Data_Open_Data_et_valorisation_des_donn\u00e9es_cover-scaled.jpg","width":1706,"height":2560,"caption":"Livre scientifique - Big Data, Open Data et valorisation des donn\u00e9es - Jean-Louis Monino, Soraya Sedkaoui"},{"@type":"BreadcrumbList","@id":"https:\/\/www.istegroup.com\/fr\/produit\/big-data-open-data-et-valorisation-des-donnees\/#breadcrumb","itemListElement":[{"@type":"ListItem","position":1,"name":"Home","item":"https:\/\/www.istegroup.com\/"},{"@type":"ListItem","position":2,"name":"Shop","item":"https:\/\/www.istegroup.com\/fr\/nouveautes\/"},{"@type":"ListItem","position":3,"name":"Big Data, Open Data et valorisation des donn\u00e9es"}]},{"@type":"WebSite","@id":"https:\/\/www.istegroup.com\/#website","url":"https:\/\/www.istegroup.com\/","name":"ISTE Group","description":"Publishing Knowledge","potentialAction":[{"@type":"SearchAction","target":{"@type":"EntryPoint","urlTemplate":"https:\/\/www.istegroup.com\/?s={search_term_string}"},"query-input":{"@type":"PropertyValueSpecification","valueRequired":true,"valueName":"search_term_string"}}],"inLanguage":"en-US"}]}},"_links":{"self":[{"href":"https:\/\/www.istegroup.com\/en\/wp-json\/wp\/v2\/product\/96","targetHints":{"allow":["GET"]}}],"collection":[{"href":"https:\/\/www.istegroup.com\/en\/wp-json\/wp\/v2\/product"}],"about":[{"href":"https:\/\/www.istegroup.com\/en\/wp-json\/wp\/v2\/types\/product"}],"wp:featuredmedia":[{"embeddable":true,"href":"https:\/\/www.istegroup.com\/en\/wp-json\/wp\/v2\/media\/33110"}],"wp:attachment":[{"href":"https:\/\/www.istegroup.com\/en\/wp-json\/wp\/v2\/media?parent=96"}],"wp:term":[{"taxonomy":"product_brand","embeddable":true,"href":"https:\/\/www.istegroup.com\/en\/wp-json\/wp\/v2\/product_brand?post=96"},{"taxonomy":"product_cat","embeddable":true,"href":"https:\/\/www.istegroup.com\/en\/wp-json\/wp\/v2\/product_cat?post=96"},{"taxonomy":"product_tag","embeddable":true,"href":"https:\/\/www.istegroup.com\/en\/wp-json\/wp\/v2\/product_tag?post=96"}],"curies":[{"name":"wp","href":"https:\/\/api.w.org\/{rel}","templated":true}]}}