{"id":94,"date":"2017-07-28T10:30:14","date_gmt":"2017-07-28T08:30:14","guid":{"rendered":"https:\/\/iste.yhello.co\/product\/bibliotheques-numeriques\/"},"modified":"2024-01-03T13:38:35","modified_gmt":"2024-01-03T13:38:35","slug":"bibliotheques-numeriques","status":"publish","type":"product","link":"https:\/\/www.istegroup.com\/en\/produit\/bibliotheques-numeriques\/","title":{"rendered":"Biblioth\u00e8ques num\u00e9riques"},"content":{"rendered":"<p>La s\u00e9rie\u00a0<em>Biblioth\u00e8ques et collections num\u00e9riques<\/em>\u00a0pr\u00e9sente les mod\u00e8les de conception, d&#8217;usage et d\u2019interop\u00e9rabilit\u00e9 des environnements documentaires num\u00e9riques sp\u00e9cialis\u00e9s, grand public, institutionnels ou commerciaux qui visent \u00e0 l\u2019organisation de ressources h\u00e9t\u00e9rog\u00e8nes.<\/p>\n<p>L\u2019interop\u00e9rabilit\u00e9 technologique des biblioth\u00e8ques num\u00e9riques doit \u00eatre repens\u00e9e pour s\u2019adapter aux nouveaux usages et r\u00e9seaux.<\/p>\n<p>Les environnements num\u00e9riques documentaires destin\u00e9s \u00e0 r\u00e9pondre aux demandes patrimoniales, culturelles, scientifiques ou commerciales ont investi le cyberespace mondial et ont redessin\u00e9 le paysage technodocumentaire du Web. Pourtant, alors que les mod\u00e8les technologiques d\u00e9montrent leur efficacit\u00e9 et expliquent en grande partie la cr\u00e9ation de biblioth\u00e8ques, archives et d\u00e9p\u00f4ts num\u00e9riques, le concept sous-jacent des usages continue \u00e0 faire d\u00e9bat.<\/p>\n<p>Les technologies informatiques utilis\u00e9es par les biblioth\u00e8ques num\u00e9riques h\u00e9t\u00e9rog\u00e8nes permettent une interop\u00e9rabilit\u00e9 technique des contenus. Celle-ci n\u2019est pas suffisante pour permettre l\u2019adh\u00e9sion d\u2019un public connect\u00e9 aux profils informationnels et techniques tr\u00e8s diff\u00e9rents. Cet ouvrage explore les pistes d\u2019une interop\u00e9rabilit\u00e9 orient\u00e9e usage o\u00f9 les questions des interfaces de consultation et des proc\u00e9d\u00e9s de description des contenus sont \u00e9tudi\u00e9es.<\/p>\n","protected":false},"excerpt":{"rendered":"<p>La s\u00e9rie\u00a0Biblioth\u00e8ques et collections num\u00e9riques\u00a0pr\u00e9sente les mod\u00e8les de conception, d&#8217;usage et d\u2019interop\u00e9rabilit\u00e9 des environnements documentaires num\u00e9riques sp\u00e9cialis\u00e9s, grand public, institutionnels ou commerciaux qui visent \u00e0 l\u2019organisation de ressources h\u00e9t\u00e9rog\u00e8nes. L\u2019interop\u00e9rabilit\u00e9 technologique des biblioth\u00e8ques num\u00e9riques doit \u00eatre repens\u00e9e pour s\u2019adapter aux nouveaux usages et r\u00e9seaux. Les environnements num\u00e9riques documentaires destin\u00e9s \u00e0 r\u00e9pondre aux demandes patrimoniales, culturelles, [&hellip;]<\/p>\n","protected":false},"featured_media":95,"template":"","meta":{"_acf_changed":false,"_links_to":"","_links_to_target":""},"product_brand":[],"product_cat":[686,707],"product_tag":[856,857,858,859,31,18,19,218,20,860,861,608,862,21,22,26,27,99,292,38,28,29,314,253,863,146],"class_list":{"0":"post-94","1":"product","2":"type-product","3":"status-publish","4":"has-post-thumbnail","6":"product_cat-srie-bibliothques-et-collections-numriques-152295556","7":"product_cat-systmes-dinformation-web-et-socit-12506570","8":"product_tag-bibliotheque","9":"product_tag-bibliotheques-numeriques","10":"product_tag-cyberespace","11":"product_tag-documentaire","12":"product_tag-ebook","13":"product_tag-edition-scientifique","14":"product_tag-editions-francaise","15":"product_tag-editions-ouvrage","16":"product_tag-editions-technique","17":"product_tag-environnements","18":"product_tag-fabrice-papy","19":"product_tag-informatique","20":"product_tag-interoperabilite","21":"product_tag-iste-group","22":"product_tag-istegroup","23":"product_tag-livre-scientifique-francais","24":"product_tag-livre-technique-francais","25":"product_tag-livres-numeriques","26":"product_tag-numerique","27":"product_tag-ouvrage-numerique","28":"product_tag-ouvrage-scientifique-francais","29":"product_tag-ouvrage-technique","30":"product_tag-reseaux","31":"product_tag-technologie","32":"product_tag-usages","33":"product_tag-web","35":"first","36":"instock","37":"shipping-taxable","38":"purchasable","39":"product-type-variable"},"acf":[],"yoast_head":"<!-- This site is optimized with the Yoast SEO plugin v27.2 - https:\/\/yoast.com\/product\/yoast-seo-wordpress\/ -->\n<title>Biblioth\u00e8ques num\u00e9riques - ISTE Group<\/title>\n<meta name=\"description\" content=\"L&#039;ouvrage explore les pistes d\u2019une interop\u00e9rabilit\u00e9 orient\u00e9e usage et \u00e9tudie les interfaces de consultation et des proc\u00e9d\u00e9s de description des contenus.\" \/>\n<meta name=\"robots\" content=\"index, follow, max-snippet:-1, max-image-preview:large, max-video-preview:-1\" \/>\n<link rel=\"canonical\" href=\"https:\/\/www.istegroup.com\/fr\/produit\/bibliotheques-numeriques\/\" \/>\n<meta property=\"og:locale\" content=\"en_US\" \/>\n<meta property=\"og:type\" content=\"article\" \/>\n<meta property=\"og:title\" content=\"Biblioth\u00e8ques num\u00e9riques - ISTE Group\" \/>\n<meta property=\"og:description\" content=\"L&#039;ouvrage explore les pistes d\u2019une interop\u00e9rabilit\u00e9 orient\u00e9e usage et \u00e9tudie les interfaces de consultation et des proc\u00e9d\u00e9s de description des contenus.\" \/>\n<meta property=\"og:url\" content=\"https:\/\/www.istegroup.com\/fr\/produit\/bibliotheques-numeriques\/\" \/>\n<meta property=\"og:site_name\" content=\"ISTE Group\" \/>\n<meta property=\"article:modified_time\" content=\"2024-01-03T13:38:35+00:00\" \/>\n<meta property=\"og:image\" content=\"https:\/\/www.istegroup.com\/wp-content\/uploads\/2017\/07\/7077810564_3421583748-1.jpg\" \/>\n\t<meta property=\"og:image:width\" content=\"300\" \/>\n\t<meta property=\"og:image:height\" content=\"450\" \/>\n\t<meta property=\"og:image:type\" content=\"image\/jpeg\" \/>\n<meta name=\"twitter:card\" content=\"summary_large_image\" \/>\n<meta name=\"twitter:label1\" content=\"Est. reading time\" \/>\n\t<meta name=\"twitter:data1\" content=\"1 minute\" \/>\n<script type=\"application\/ld+json\" class=\"yoast-schema-graph\">{\"@context\":\"https:\/\/schema.org\",\"@graph\":[{\"@type\":\"WebPage\",\"@id\":\"https:\/\/www.istegroup.com\/fr\/produit\/bibliotheques-numeriques\/\",\"url\":\"https:\/\/www.istegroup.com\/fr\/produit\/bibliotheques-numeriques\/\",\"name\":\"Biblioth\u00e8ques num\u00e9riques - ISTE Group\",\"isPartOf\":{\"@id\":\"https:\/\/www.istegroup.com\/#website\"},\"primaryImageOfPage\":{\"@id\":\"https:\/\/www.istegroup.com\/fr\/produit\/bibliotheques-numeriques\/#primaryimage\"},\"image\":{\"@id\":\"https:\/\/www.istegroup.com\/fr\/produit\/bibliotheques-numeriques\/#primaryimage\"},\"thumbnailUrl\":\"https:\/\/www.istegroup.com\/wp-content\/uploads\/2017\/07\/7077810564_3421583748-1.jpg\",\"datePublished\":\"2017-07-28T08:30:14+00:00\",\"dateModified\":\"2024-01-03T13:38:35+00:00\",\"description\":\"L'ouvrage explore les pistes d\u2019une interop\u00e9rabilit\u00e9 orient\u00e9e usage et \u00e9tudie les interfaces de consultation et des proc\u00e9d\u00e9s de description des contenus.\",\"breadcrumb\":{\"@id\":\"https:\/\/www.istegroup.com\/fr\/produit\/bibliotheques-numeriques\/#breadcrumb\"},\"inLanguage\":\"en-US\",\"potentialAction\":[{\"@type\":\"ReadAction\",\"target\":[\"https:\/\/www.istegroup.com\/fr\/produit\/bibliotheques-numeriques\/\"]}]},{\"@type\":\"ImageObject\",\"inLanguage\":\"en-US\",\"@id\":\"https:\/\/www.istegroup.com\/fr\/produit\/bibliotheques-numeriques\/#primaryimage\",\"url\":\"https:\/\/www.istegroup.com\/wp-content\/uploads\/2017\/07\/7077810564_3421583748-1.jpg\",\"contentUrl\":\"https:\/\/www.istegroup.com\/wp-content\/uploads\/2017\/07\/7077810564_3421583748-1.jpg\",\"width\":300,\"height\":450,\"caption\":\"Interop\u00e9rabilit\u00e9 et usages\"},{\"@type\":\"BreadcrumbList\",\"@id\":\"https:\/\/www.istegroup.com\/fr\/produit\/bibliotheques-numeriques\/#breadcrumb\",\"itemListElement\":[{\"@type\":\"ListItem\",\"position\":1,\"name\":\"Home\",\"item\":\"https:\/\/www.istegroup.com\/\"},{\"@type\":\"ListItem\",\"position\":2,\"name\":\"Shop\",\"item\":\"https:\/\/www.istegroup.com\/fr\/nouveautes\/\"},{\"@type\":\"ListItem\",\"position\":3,\"name\":\"Biblioth\u00e8ques num\u00e9riques\"}]},{\"@type\":\"WebSite\",\"@id\":\"https:\/\/www.istegroup.com\/#website\",\"url\":\"https:\/\/www.istegroup.com\/\",\"name\":\"ISTE Group\",\"description\":\"Publishing Knowledge\",\"potentialAction\":[{\"@type\":\"SearchAction\",\"target\":{\"@type\":\"EntryPoint\",\"urlTemplate\":\"https:\/\/www.istegroup.com\/?s={search_term_string}\"},\"query-input\":{\"@type\":\"PropertyValueSpecification\",\"valueRequired\":true,\"valueName\":\"search_term_string\"}}],\"inLanguage\":\"en-US\"}]}<\/script>\n<!-- \/ Yoast SEO plugin. -->","yoast_head_json":{"title":"Biblioth\u00e8ques num\u00e9riques - ISTE Group","description":"L'ouvrage explore les pistes d\u2019une interop\u00e9rabilit\u00e9 orient\u00e9e usage et \u00e9tudie les interfaces de consultation et des proc\u00e9d\u00e9s de description des contenus.","robots":{"index":"index","follow":"follow","max-snippet":"max-snippet:-1","max-image-preview":"max-image-preview:large","max-video-preview":"max-video-preview:-1"},"canonical":"https:\/\/www.istegroup.com\/fr\/produit\/bibliotheques-numeriques\/","og_locale":"en_US","og_type":"article","og_title":"Biblioth\u00e8ques num\u00e9riques - ISTE Group","og_description":"L'ouvrage explore les pistes d\u2019une interop\u00e9rabilit\u00e9 orient\u00e9e usage et \u00e9tudie les interfaces de consultation et des proc\u00e9d\u00e9s de description des contenus.","og_url":"https:\/\/www.istegroup.com\/fr\/produit\/bibliotheques-numeriques\/","og_site_name":"ISTE Group","article_modified_time":"2024-01-03T13:38:35+00:00","og_image":[{"width":300,"height":450,"url":"https:\/\/www.istegroup.com\/wp-content\/uploads\/2017\/07\/7077810564_3421583748-1.jpg","type":"image\/jpeg"}],"twitter_card":"summary_large_image","twitter_misc":{"Est. reading time":"1 minute"},"schema":{"@context":"https:\/\/schema.org","@graph":[{"@type":"WebPage","@id":"https:\/\/www.istegroup.com\/fr\/produit\/bibliotheques-numeriques\/","url":"https:\/\/www.istegroup.com\/fr\/produit\/bibliotheques-numeriques\/","name":"Biblioth\u00e8ques num\u00e9riques - ISTE Group","isPartOf":{"@id":"https:\/\/www.istegroup.com\/#website"},"primaryImageOfPage":{"@id":"https:\/\/www.istegroup.com\/fr\/produit\/bibliotheques-numeriques\/#primaryimage"},"image":{"@id":"https:\/\/www.istegroup.com\/fr\/produit\/bibliotheques-numeriques\/#primaryimage"},"thumbnailUrl":"https:\/\/www.istegroup.com\/wp-content\/uploads\/2017\/07\/7077810564_3421583748-1.jpg","datePublished":"2017-07-28T08:30:14+00:00","dateModified":"2024-01-03T13:38:35+00:00","description":"L'ouvrage explore les pistes d\u2019une interop\u00e9rabilit\u00e9 orient\u00e9e usage et \u00e9tudie les interfaces de consultation et des proc\u00e9d\u00e9s de description des contenus.","breadcrumb":{"@id":"https:\/\/www.istegroup.com\/fr\/produit\/bibliotheques-numeriques\/#breadcrumb"},"inLanguage":"en-US","potentialAction":[{"@type":"ReadAction","target":["https:\/\/www.istegroup.com\/fr\/produit\/bibliotheques-numeriques\/"]}]},{"@type":"ImageObject","inLanguage":"en-US","@id":"https:\/\/www.istegroup.com\/fr\/produit\/bibliotheques-numeriques\/#primaryimage","url":"https:\/\/www.istegroup.com\/wp-content\/uploads\/2017\/07\/7077810564_3421583748-1.jpg","contentUrl":"https:\/\/www.istegroup.com\/wp-content\/uploads\/2017\/07\/7077810564_3421583748-1.jpg","width":300,"height":450,"caption":"Interop\u00e9rabilit\u00e9 et usages"},{"@type":"BreadcrumbList","@id":"https:\/\/www.istegroup.com\/fr\/produit\/bibliotheques-numeriques\/#breadcrumb","itemListElement":[{"@type":"ListItem","position":1,"name":"Home","item":"https:\/\/www.istegroup.com\/"},{"@type":"ListItem","position":2,"name":"Shop","item":"https:\/\/www.istegroup.com\/fr\/nouveautes\/"},{"@type":"ListItem","position":3,"name":"Biblioth\u00e8ques num\u00e9riques"}]},{"@type":"WebSite","@id":"https:\/\/www.istegroup.com\/#website","url":"https:\/\/www.istegroup.com\/","name":"ISTE Group","description":"Publishing Knowledge","potentialAction":[{"@type":"SearchAction","target":{"@type":"EntryPoint","urlTemplate":"https:\/\/www.istegroup.com\/?s={search_term_string}"},"query-input":{"@type":"PropertyValueSpecification","valueRequired":true,"valueName":"search_term_string"}}],"inLanguage":"en-US"}]}},"_links":{"self":[{"href":"https:\/\/www.istegroup.com\/en\/wp-json\/wp\/v2\/product\/94","targetHints":{"allow":["GET"]}}],"collection":[{"href":"https:\/\/www.istegroup.com\/en\/wp-json\/wp\/v2\/product"}],"about":[{"href":"https:\/\/www.istegroup.com\/en\/wp-json\/wp\/v2\/types\/product"}],"wp:featuredmedia":[{"embeddable":true,"href":"https:\/\/www.istegroup.com\/en\/wp-json\/wp\/v2\/media\/95"}],"wp:attachment":[{"href":"https:\/\/www.istegroup.com\/en\/wp-json\/wp\/v2\/media?parent=94"}],"wp:term":[{"taxonomy":"product_brand","embeddable":true,"href":"https:\/\/www.istegroup.com\/en\/wp-json\/wp\/v2\/product_brand?post=94"},{"taxonomy":"product_cat","embeddable":true,"href":"https:\/\/www.istegroup.com\/en\/wp-json\/wp\/v2\/product_cat?post=94"},{"taxonomy":"product_tag","embeddable":true,"href":"https:\/\/www.istegroup.com\/en\/wp-json\/wp\/v2\/product_tag?post=94"}],"curies":[{"name":"wp","href":"https:\/\/api.w.org\/{rel}","templated":true}]}}