{"id":9248,"date":"2018-02-28T10:32:24","date_gmt":"2018-02-28T09:32:24","guid":{"rendered":"https:\/\/iste.yhello.co\/?post_type=product&#038;p=9248"},"modified":"2024-01-03T13:41:21","modified_gmt":"2024-01-03T13:41:21","slug":"la-liberte-comme-processus-ethique","status":"publish","type":"product","link":"https:\/\/www.istegroup.com\/en\/produit\/la-liberte-comme-processus-ethique\/","title":{"rendered":"La libert\u00e9 comme processus \u00e9thique"},"content":{"rendered":"<p>La recherche et l\u2019innovation, si elles permettent une efficacit\u00e9 croissante dans la poursuite des fins humaines, font aussi planer des dangers, li\u00e9s \u00e0 l\u2019impr\u00e9visibilit\u00e9 de leur d\u00e9veloppement, qui appellent une responsabilit\u00e9 sans pr\u00e9c\u00e9dent.<\/p>\n<p>L\u2019id\u00e9e-force de cet ouvrage est que la structure d\u2019un \u00ab proc\u00e8s \u00bb, au sens de processus efficace d\u00e9ploy\u00e9 par la recherche et l\u2019innovation, peut \u00eatre intrins\u00e8quement \u00e9thique, c\u2019est-\u00e0-dire prendre en compte et pr\u00e9server la libert\u00e9 des acteurs concern\u00e9s. Il s\u2019agit d\u2019examiner quatre structures \u00e9thiques processuelles, chacune pouvant constituer un point de rep\u00e8re pour l\u2019exercice d\u2019une responsabilit\u00e9.<\/p>\n<p><em>La libert\u00e9 comme processus \u00e9thique<\/em>\u00a0traite de la sortie de dualit\u00e9s conceptuelles solidement install\u00e9es, comme \u00ab th\u00e9orique\/pratique \u00bb ou \u00ab descriptif\/prescriptif \u00bb, rendue possible par un d\u00e9tour vers les traditions de pens\u00e9e chinoises. Mais la g\u00e9n\u00e9ralit\u00e9 de la th\u00e8se qui veut qu\u2019il existe des proc\u00e8s \u00e9thiques doit \u00eatre test\u00e9e, de fa\u00e7on privil\u00e9gi\u00e9e, sur le cas de la \u00ab Main Invisible \u00bb. Celle-ci repose-t-elle sur un concept philosophiquement consistant, ou \u00e9thiquement suffisant, de \u00ab libert\u00e9 \u00bb ?<\/p>\n","protected":false},"excerpt":{"rendered":"<p>La recherche et l\u2019innovation, si elles permettent une efficacit\u00e9 croissante dans la poursuite des fins humaines, font aussi planer des dangers, li\u00e9s \u00e0 l\u2019impr\u00e9visibilit\u00e9 de leur d\u00e9veloppement, qui appellent une responsabilit\u00e9 sans pr\u00e9c\u00e9dent. L\u2019id\u00e9e-force de cet ouvrage est que la structure d\u2019un \u00ab proc\u00e8s \u00bb, au sens de processus efficace d\u00e9ploy\u00e9 par la recherche et [&hellip;]<\/p>\n","protected":false},"featured_media":9252,"template":"","meta":{"_acf_changed":false,"_links_to":"","_links_to_target":""},"product_brand":[],"product_cat":[3259],"product_tag":[],"class_list":{"0":"post-9248","1":"product","2":"type-product","3":"status-publish","4":"has-post-thumbnail","6":"product_cat-uncategorized","8":"first","9":"instock","10":"shipping-taxable","11":"purchasable","12":"product-type-variable"},"acf":[],"yoast_head":"<!-- This site is optimized with the Yoast SEO plugin v27.2 - https:\/\/yoast.com\/product\/yoast-seo-wordpress\/ -->\n<title>La libert\u00e9 comme processus \u00e9thique - ISTE Group<\/title>\n<meta name=\"description\" content=\"La libert\u00e9 comme processus \u00e9thique\u00a0traite de la sortie de dualit\u00e9s conceptuelles solidement install\u00e9es, comme \u00ab th\u00e9orique\/pratique \u00bb ou \u00ab descriptif\/prescriptif \u00bb, rendue possible par un d\u00e9tour vers les traditions de pens\u00e9e chinoises.\" \/>\n<meta name=\"robots\" content=\"index, follow, max-snippet:-1, max-image-preview:large, max-video-preview:-1\" \/>\n<link rel=\"canonical\" href=\"https:\/\/www.istegroup.com\/fr\/produit\/la-liberte-comme-processus-ethique\/\" \/>\n<meta property=\"og:locale\" content=\"en_US\" \/>\n<meta property=\"og:type\" content=\"article\" \/>\n<meta property=\"og:title\" content=\"La libert\u00e9 comme processus \u00e9thique - ISTE Group\" \/>\n<meta property=\"og:description\" content=\"La libert\u00e9 comme processus \u00e9thique\u00a0traite de la sortie de dualit\u00e9s conceptuelles solidement install\u00e9es, comme \u00ab th\u00e9orique\/pratique \u00bb ou \u00ab descriptif\/prescriptif \u00bb, rendue possible par un d\u00e9tour vers les traditions de pens\u00e9e chinoises.\" \/>\n<meta property=\"og:url\" content=\"https:\/\/www.istegroup.com\/fr\/produit\/la-liberte-comme-processus-ethique\/\" \/>\n<meta property=\"og:site_name\" content=\"ISTE Group\" \/>\n<meta property=\"article:modified_time\" content=\"2024-01-03T13:41:21+00:00\" \/>\n<meta property=\"og:image\" content=\"https:\/\/www.istegroup.com\/wp-content\/uploads\/2018\/01\/Lenoir_Front-scaled.jpg\" \/>\n\t<meta property=\"og:image:width\" content=\"1688\" \/>\n\t<meta property=\"og:image:height\" content=\"2560\" \/>\n\t<meta property=\"og:image:type\" content=\"image\/jpeg\" \/>\n<meta name=\"twitter:card\" content=\"summary_large_image\" \/>\n<meta name=\"twitter:label1\" content=\"Est. reading time\" \/>\n\t<meta name=\"twitter:data1\" content=\"1 minute\" \/>\n<script type=\"application\/ld+json\" class=\"yoast-schema-graph\">{\"@context\":\"https:\/\/schema.org\",\"@graph\":[{\"@type\":\"WebPage\",\"@id\":\"https:\/\/www.istegroup.com\/fr\/produit\/la-liberte-comme-processus-ethique\/\",\"url\":\"https:\/\/www.istegroup.com\/fr\/produit\/la-liberte-comme-processus-ethique\/\",\"name\":\"La libert\u00e9 comme processus \u00e9thique - ISTE Group\",\"isPartOf\":{\"@id\":\"https:\/\/www.istegroup.com\/#website\"},\"primaryImageOfPage\":{\"@id\":\"https:\/\/www.istegroup.com\/fr\/produit\/la-liberte-comme-processus-ethique\/#primaryimage\"},\"image\":{\"@id\":\"https:\/\/www.istegroup.com\/fr\/produit\/la-liberte-comme-processus-ethique\/#primaryimage\"},\"thumbnailUrl\":\"https:\/\/www.istegroup.com\/wp-content\/uploads\/2018\/01\/Lenoir_Front-scaled.jpg\",\"datePublished\":\"2018-02-28T09:32:24+00:00\",\"dateModified\":\"2024-01-03T13:41:21+00:00\",\"description\":\"La libert\u00e9 comme processus \u00e9thique\u00a0traite de la sortie de dualit\u00e9s conceptuelles solidement install\u00e9es, comme \u00ab th\u00e9orique\/pratique \u00bb ou \u00ab descriptif\/prescriptif \u00bb, rendue possible par un d\u00e9tour vers les traditions de pens\u00e9e chinoises.\",\"breadcrumb\":{\"@id\":\"https:\/\/www.istegroup.com\/fr\/produit\/la-liberte-comme-processus-ethique\/#breadcrumb\"},\"inLanguage\":\"en-US\",\"potentialAction\":[{\"@type\":\"ReadAction\",\"target\":[\"https:\/\/www.istegroup.com\/fr\/produit\/la-liberte-comme-processus-ethique\/\"]}]},{\"@type\":\"ImageObject\",\"inLanguage\":\"en-US\",\"@id\":\"https:\/\/www.istegroup.com\/fr\/produit\/la-liberte-comme-processus-ethique\/#primaryimage\",\"url\":\"https:\/\/www.istegroup.com\/wp-content\/uploads\/2018\/01\/Lenoir_Front-scaled.jpg\",\"contentUrl\":\"https:\/\/www.istegroup.com\/wp-content\/uploads\/2018\/01\/Lenoir_Front-scaled.jpg\",\"width\":1688,\"height\":2560,\"caption\":\"La libert\u00e9 comme processus \u00e9thique\"},{\"@type\":\"BreadcrumbList\",\"@id\":\"https:\/\/www.istegroup.com\/fr\/produit\/la-liberte-comme-processus-ethique\/#breadcrumb\",\"itemListElement\":[{\"@type\":\"ListItem\",\"position\":1,\"name\":\"Home\",\"item\":\"https:\/\/www.istegroup.com\/\"},{\"@type\":\"ListItem\",\"position\":2,\"name\":\"Shop\",\"item\":\"https:\/\/www.istegroup.com\/fr\/nouveautes\/\"},{\"@type\":\"ListItem\",\"position\":3,\"name\":\"La libert\u00e9 comme processus \u00e9thique\"}]},{\"@type\":\"WebSite\",\"@id\":\"https:\/\/www.istegroup.com\/#website\",\"url\":\"https:\/\/www.istegroup.com\/\",\"name\":\"ISTE Group\",\"description\":\"Publishing Knowledge\",\"potentialAction\":[{\"@type\":\"SearchAction\",\"target\":{\"@type\":\"EntryPoint\",\"urlTemplate\":\"https:\/\/www.istegroup.com\/?s={search_term_string}\"},\"query-input\":{\"@type\":\"PropertyValueSpecification\",\"valueRequired\":true,\"valueName\":\"search_term_string\"}}],\"inLanguage\":\"en-US\"}]}<\/script>\n<!-- \/ Yoast SEO plugin. -->","yoast_head_json":{"title":"La libert\u00e9 comme processus \u00e9thique - ISTE Group","description":"La libert\u00e9 comme processus \u00e9thique\u00a0traite de la sortie de dualit\u00e9s conceptuelles solidement install\u00e9es, comme \u00ab th\u00e9orique\/pratique \u00bb ou \u00ab descriptif\/prescriptif \u00bb, rendue possible par un d\u00e9tour vers les traditions de pens\u00e9e chinoises.","robots":{"index":"index","follow":"follow","max-snippet":"max-snippet:-1","max-image-preview":"max-image-preview:large","max-video-preview":"max-video-preview:-1"},"canonical":"https:\/\/www.istegroup.com\/fr\/produit\/la-liberte-comme-processus-ethique\/","og_locale":"en_US","og_type":"article","og_title":"La libert\u00e9 comme processus \u00e9thique - ISTE Group","og_description":"La libert\u00e9 comme processus \u00e9thique\u00a0traite de la sortie de dualit\u00e9s conceptuelles solidement install\u00e9es, comme \u00ab th\u00e9orique\/pratique \u00bb ou \u00ab descriptif\/prescriptif \u00bb, rendue possible par un d\u00e9tour vers les traditions de pens\u00e9e chinoises.","og_url":"https:\/\/www.istegroup.com\/fr\/produit\/la-liberte-comme-processus-ethique\/","og_site_name":"ISTE Group","article_modified_time":"2024-01-03T13:41:21+00:00","og_image":[{"width":1688,"height":2560,"url":"https:\/\/www.istegroup.com\/wp-content\/uploads\/2018\/01\/Lenoir_Front-scaled.jpg","type":"image\/jpeg"}],"twitter_card":"summary_large_image","twitter_misc":{"Est. reading time":"1 minute"},"schema":{"@context":"https:\/\/schema.org","@graph":[{"@type":"WebPage","@id":"https:\/\/www.istegroup.com\/fr\/produit\/la-liberte-comme-processus-ethique\/","url":"https:\/\/www.istegroup.com\/fr\/produit\/la-liberte-comme-processus-ethique\/","name":"La libert\u00e9 comme processus \u00e9thique - ISTE Group","isPartOf":{"@id":"https:\/\/www.istegroup.com\/#website"},"primaryImageOfPage":{"@id":"https:\/\/www.istegroup.com\/fr\/produit\/la-liberte-comme-processus-ethique\/#primaryimage"},"image":{"@id":"https:\/\/www.istegroup.com\/fr\/produit\/la-liberte-comme-processus-ethique\/#primaryimage"},"thumbnailUrl":"https:\/\/www.istegroup.com\/wp-content\/uploads\/2018\/01\/Lenoir_Front-scaled.jpg","datePublished":"2018-02-28T09:32:24+00:00","dateModified":"2024-01-03T13:41:21+00:00","description":"La libert\u00e9 comme processus \u00e9thique\u00a0traite de la sortie de dualit\u00e9s conceptuelles solidement install\u00e9es, comme \u00ab th\u00e9orique\/pratique \u00bb ou \u00ab descriptif\/prescriptif \u00bb, rendue possible par un d\u00e9tour vers les traditions de pens\u00e9e chinoises.","breadcrumb":{"@id":"https:\/\/www.istegroup.com\/fr\/produit\/la-liberte-comme-processus-ethique\/#breadcrumb"},"inLanguage":"en-US","potentialAction":[{"@type":"ReadAction","target":["https:\/\/www.istegroup.com\/fr\/produit\/la-liberte-comme-processus-ethique\/"]}]},{"@type":"ImageObject","inLanguage":"en-US","@id":"https:\/\/www.istegroup.com\/fr\/produit\/la-liberte-comme-processus-ethique\/#primaryimage","url":"https:\/\/www.istegroup.com\/wp-content\/uploads\/2018\/01\/Lenoir_Front-scaled.jpg","contentUrl":"https:\/\/www.istegroup.com\/wp-content\/uploads\/2018\/01\/Lenoir_Front-scaled.jpg","width":1688,"height":2560,"caption":"La libert\u00e9 comme processus \u00e9thique"},{"@type":"BreadcrumbList","@id":"https:\/\/www.istegroup.com\/fr\/produit\/la-liberte-comme-processus-ethique\/#breadcrumb","itemListElement":[{"@type":"ListItem","position":1,"name":"Home","item":"https:\/\/www.istegroup.com\/"},{"@type":"ListItem","position":2,"name":"Shop","item":"https:\/\/www.istegroup.com\/fr\/nouveautes\/"},{"@type":"ListItem","position":3,"name":"La libert\u00e9 comme processus \u00e9thique"}]},{"@type":"WebSite","@id":"https:\/\/www.istegroup.com\/#website","url":"https:\/\/www.istegroup.com\/","name":"ISTE Group","description":"Publishing Knowledge","potentialAction":[{"@type":"SearchAction","target":{"@type":"EntryPoint","urlTemplate":"https:\/\/www.istegroup.com\/?s={search_term_string}"},"query-input":{"@type":"PropertyValueSpecification","valueRequired":true,"valueName":"search_term_string"}}],"inLanguage":"en-US"}]}},"_links":{"self":[{"href":"https:\/\/www.istegroup.com\/en\/wp-json\/wp\/v2\/product\/9248","targetHints":{"allow":["GET"]}}],"collection":[{"href":"https:\/\/www.istegroup.com\/en\/wp-json\/wp\/v2\/product"}],"about":[{"href":"https:\/\/www.istegroup.com\/en\/wp-json\/wp\/v2\/types\/product"}],"wp:featuredmedia":[{"embeddable":true,"href":"https:\/\/www.istegroup.com\/en\/wp-json\/wp\/v2\/media\/9252"}],"wp:attachment":[{"href":"https:\/\/www.istegroup.com\/en\/wp-json\/wp\/v2\/media?parent=9248"}],"wp:term":[{"taxonomy":"product_brand","embeddable":true,"href":"https:\/\/www.istegroup.com\/en\/wp-json\/wp\/v2\/product_brand?post=9248"},{"taxonomy":"product_cat","embeddable":true,"href":"https:\/\/www.istegroup.com\/en\/wp-json\/wp\/v2\/product_cat?post=9248"},{"taxonomy":"product_tag","embeddable":true,"href":"https:\/\/www.istegroup.com\/en\/wp-json\/wp\/v2\/product_tag?post=9248"}],"curies":[{"name":"wp","href":"https:\/\/api.w.org\/{rel}","templated":true}]}}