{"id":92,"date":"2017-07-28T10:30:10","date_gmt":"2017-07-28T08:30:10","guid":{"rendered":"https:\/\/iste.yhello.co\/product\/bases-de-communications-numeriques-2\/"},"modified":"2024-01-03T13:38:35","modified_gmt":"2024-01-03T13:38:35","slug":"bases-de-communications-numeriques-2","status":"publish","type":"product","link":"https:\/\/www.istegroup.com\/en\/produit\/bases-de-communications-numeriques-2\/","title":{"rendered":"Bases de communications num\u00e9riques 2"},"content":{"rendered":"<p>Une cha\u00eene de communication est constitu\u00e9e d\u2019une source et d\u2019un destinataire, s\u00e9par\u00e9s par un canal de transmission qui peut \u00eatre une portion de c\u00e2ble, une fibre optique, un canal radiomobile ou encore un lien satellitaire. Quel que soit le canal, les blocs de traitement mis en \u0153uvre dans la cha\u00eene de communication ont les m\u00eames fondements.<\/p>\n<p><em>Bases de communications num\u00e9riques 2<\/em>\u00a0pr\u00e9sente les blocs suivant le codage de canal dans la cha\u00eene de communication. Il d\u00e9crit les modulations num\u00e9riques en bande de base et en bande transpos\u00e9e et d\u00e9taille les \u00e9tapes n\u00e9cessaires au r\u00e9cepteur pour effectuer la d\u00e9tection (synchronisation et estimation de canal). Il d\u00e9veloppe des variantes de ces blocs qui sont utilis\u00e9es dans les syst\u00e8mes actuels et futurs comme les modulations multiporteuses et les modulations cod\u00e9es.<\/p>\n","protected":false},"excerpt":{"rendered":"<p>Une cha\u00eene de communication est constitu\u00e9e d\u2019une source et d\u2019un destinataire, s\u00e9par\u00e9s par un canal de transmission qui peut \u00eatre une portion de c\u00e2ble, une fibre optique, un canal radiomobile ou encore un lien satellitaire. Quel que soit le canal, les blocs de traitement mis en \u0153uvre dans la cha\u00eene de communication ont les m\u00eames [&hellip;]<\/p>\n","protected":false},"featured_media":93,"template":"","meta":{"_acf_changed":false,"_links_to":"","_links_to_target":""},"product_brand":[],"product_cat":[679],"product_tag":[848,837,849,850,851,170,852,841,844,31,18,19,218,20,21,22,63,205,26,27,99,853,845,292,38,28,854,855],"class_list":{"0":"post-92","1":"product","2":"type-product","3":"status-publish","4":"has-post-thumbnail","6":"product_cat-rseaux-et-tlcommunications-12506534","7":"product_tag-bande","8":"product_tag-bases","9":"product_tag-bases-de-communications-numeriques-2","10":"product_tag-canal","11":"product_tag-codage","12":"product_tag-communication","13":"product_tag-communications","14":"product_tag-communications-numeriques","15":"product_tag-didier-le-ruyet","16":"product_tag-ebook","17":"product_tag-edition-scientifique","18":"product_tag-editions-francaise","19":"product_tag-editions-ouvrage","20":"product_tag-editions-technique","21":"product_tag-iste-group","22":"product_tag-istegroup","23":"product_tag-livre-electronique","24":"product_tag-livre-science","25":"product_tag-livre-scientifique-francais","26":"product_tag-livre-technique-francais","27":"product_tag-livres-numeriques","28":"product_tag-modulations-numeriques","29":"product_tag-mylene-pischella","30":"product_tag-numerique","31":"product_tag-ouvrage-numerique","32":"product_tag-ouvrage-scientifique-francais","33":"product_tag-principes","34":"product_tag-transposee","36":"first","37":"instock","38":"shipping-taxable","39":"purchasable","40":"product-type-variable"},"acf":[],"yoast_head":"<!-- This site is optimized with the Yoast SEO plugin v27.2 - https:\/\/yoast.com\/product\/yoast-seo-wordpress\/ -->\n<title>Bases de communications num\u00e9riques 2 - ISTE Group<\/title>\n<meta name=\"description\" content=\"Bases de communications num\u00e9riques 2\u00a0pr\u00e9sente les blocs suivant le codage de canal dans la cha\u00eene de communication et d\u00e9crit les modulations num\u00e9riques.\" \/>\n<meta name=\"robots\" content=\"index, follow, max-snippet:-1, max-image-preview:large, max-video-preview:-1\" \/>\n<link rel=\"canonical\" href=\"https:\/\/www.istegroup.com\/fr\/produit\/bases-de-communications-numeriques-2\/\" \/>\n<meta property=\"og:locale\" content=\"en_US\" \/>\n<meta property=\"og:type\" content=\"article\" \/>\n<meta property=\"og:title\" content=\"Bases de communications num\u00e9riques 2 - ISTE Group\" \/>\n<meta property=\"og:description\" content=\"Bases de communications num\u00e9riques 2\u00a0pr\u00e9sente les blocs suivant le codage de canal dans la cha\u00eene de communication et d\u00e9crit les modulations num\u00e9riques.\" \/>\n<meta property=\"og:url\" content=\"https:\/\/www.istegroup.com\/fr\/produit\/bases-de-communications-numeriques-2\/\" \/>\n<meta property=\"og:site_name\" content=\"ISTE Group\" \/>\n<meta property=\"article:modified_time\" content=\"2024-01-03T13:38:35+00:00\" \/>\n<meta property=\"og:image\" content=\"https:\/\/www.istegroup.com\/wp-content\/uploads\/2017\/07\/2988775556_1011569476-1.jpg\" \/>\n\t<meta property=\"og:image:width\" content=\"300\" \/>\n\t<meta property=\"og:image:height\" content=\"452\" \/>\n\t<meta property=\"og:image:type\" content=\"image\/jpeg\" \/>\n<meta name=\"twitter:card\" content=\"summary_large_image\" \/>\n<meta name=\"twitter:label1\" content=\"Est. reading time\" \/>\n\t<meta name=\"twitter:data1\" content=\"1 minute\" \/>\n<script type=\"application\/ld+json\" class=\"yoast-schema-graph\">{\"@context\":\"https:\/\/schema.org\",\"@graph\":[{\"@type\":\"WebPage\",\"@id\":\"https:\/\/www.istegroup.com\/fr\/produit\/bases-de-communications-numeriques-2\/\",\"url\":\"https:\/\/www.istegroup.com\/fr\/produit\/bases-de-communications-numeriques-2\/\",\"name\":\"Bases de communications num\u00e9riques 2 - ISTE Group\",\"isPartOf\":{\"@id\":\"https:\/\/www.istegroup.com\/#website\"},\"primaryImageOfPage\":{\"@id\":\"https:\/\/www.istegroup.com\/fr\/produit\/bases-de-communications-numeriques-2\/#primaryimage\"},\"image\":{\"@id\":\"https:\/\/www.istegroup.com\/fr\/produit\/bases-de-communications-numeriques-2\/#primaryimage\"},\"thumbnailUrl\":\"https:\/\/www.istegroup.com\/wp-content\/uploads\/2017\/07\/2988775556_1011569476-1.jpg\",\"datePublished\":\"2017-07-28T08:30:10+00:00\",\"dateModified\":\"2024-01-03T13:38:35+00:00\",\"description\":\"Bases de communications num\u00e9riques 2\u00a0pr\u00e9sente les blocs suivant le codage de canal dans la cha\u00eene de communication et d\u00e9crit les modulations num\u00e9riques.\",\"breadcrumb\":{\"@id\":\"https:\/\/www.istegroup.com\/fr\/produit\/bases-de-communications-numeriques-2\/#breadcrumb\"},\"inLanguage\":\"en-US\",\"potentialAction\":[{\"@type\":\"ReadAction\",\"target\":[\"https:\/\/www.istegroup.com\/fr\/produit\/bases-de-communications-numeriques-2\/\"]}]},{\"@type\":\"ImageObject\",\"inLanguage\":\"en-US\",\"@id\":\"https:\/\/www.istegroup.com\/fr\/produit\/bases-de-communications-numeriques-2\/#primaryimage\",\"url\":\"https:\/\/www.istegroup.com\/wp-content\/uploads\/2017\/07\/2988775556_1011569476-1.jpg\",\"contentUrl\":\"https:\/\/www.istegroup.com\/wp-content\/uploads\/2017\/07\/2988775556_1011569476-1.jpg\",\"width\":300,\"height\":452,\"caption\":\"Principes et mises en \u0153uvre des modulations num\u00e9riques\"},{\"@type\":\"BreadcrumbList\",\"@id\":\"https:\/\/www.istegroup.com\/fr\/produit\/bases-de-communications-numeriques-2\/#breadcrumb\",\"itemListElement\":[{\"@type\":\"ListItem\",\"position\":1,\"name\":\"Home\",\"item\":\"https:\/\/www.istegroup.com\/\"},{\"@type\":\"ListItem\",\"position\":2,\"name\":\"Shop\",\"item\":\"https:\/\/www.istegroup.com\/fr\/nouveautes\/\"},{\"@type\":\"ListItem\",\"position\":3,\"name\":\"Bases de communications num\u00e9riques 2\"}]},{\"@type\":\"WebSite\",\"@id\":\"https:\/\/www.istegroup.com\/#website\",\"url\":\"https:\/\/www.istegroup.com\/\",\"name\":\"ISTE Group\",\"description\":\"Publishing Knowledge\",\"potentialAction\":[{\"@type\":\"SearchAction\",\"target\":{\"@type\":\"EntryPoint\",\"urlTemplate\":\"https:\/\/www.istegroup.com\/?s={search_term_string}\"},\"query-input\":{\"@type\":\"PropertyValueSpecification\",\"valueRequired\":true,\"valueName\":\"search_term_string\"}}],\"inLanguage\":\"en-US\"}]}<\/script>\n<!-- \/ Yoast SEO plugin. -->","yoast_head_json":{"title":"Bases de communications num\u00e9riques 2 - ISTE Group","description":"Bases de communications num\u00e9riques 2\u00a0pr\u00e9sente les blocs suivant le codage de canal dans la cha\u00eene de communication et d\u00e9crit les modulations num\u00e9riques.","robots":{"index":"index","follow":"follow","max-snippet":"max-snippet:-1","max-image-preview":"max-image-preview:large","max-video-preview":"max-video-preview:-1"},"canonical":"https:\/\/www.istegroup.com\/fr\/produit\/bases-de-communications-numeriques-2\/","og_locale":"en_US","og_type":"article","og_title":"Bases de communications num\u00e9riques 2 - ISTE Group","og_description":"Bases de communications num\u00e9riques 2\u00a0pr\u00e9sente les blocs suivant le codage de canal dans la cha\u00eene de communication et d\u00e9crit les modulations num\u00e9riques.","og_url":"https:\/\/www.istegroup.com\/fr\/produit\/bases-de-communications-numeriques-2\/","og_site_name":"ISTE Group","article_modified_time":"2024-01-03T13:38:35+00:00","og_image":[{"width":300,"height":452,"url":"https:\/\/www.istegroup.com\/wp-content\/uploads\/2017\/07\/2988775556_1011569476-1.jpg","type":"image\/jpeg"}],"twitter_card":"summary_large_image","twitter_misc":{"Est. reading time":"1 minute"},"schema":{"@context":"https:\/\/schema.org","@graph":[{"@type":"WebPage","@id":"https:\/\/www.istegroup.com\/fr\/produit\/bases-de-communications-numeriques-2\/","url":"https:\/\/www.istegroup.com\/fr\/produit\/bases-de-communications-numeriques-2\/","name":"Bases de communications num\u00e9riques 2 - ISTE Group","isPartOf":{"@id":"https:\/\/www.istegroup.com\/#website"},"primaryImageOfPage":{"@id":"https:\/\/www.istegroup.com\/fr\/produit\/bases-de-communications-numeriques-2\/#primaryimage"},"image":{"@id":"https:\/\/www.istegroup.com\/fr\/produit\/bases-de-communications-numeriques-2\/#primaryimage"},"thumbnailUrl":"https:\/\/www.istegroup.com\/wp-content\/uploads\/2017\/07\/2988775556_1011569476-1.jpg","datePublished":"2017-07-28T08:30:10+00:00","dateModified":"2024-01-03T13:38:35+00:00","description":"Bases de communications num\u00e9riques 2\u00a0pr\u00e9sente les blocs suivant le codage de canal dans la cha\u00eene de communication et d\u00e9crit les modulations num\u00e9riques.","breadcrumb":{"@id":"https:\/\/www.istegroup.com\/fr\/produit\/bases-de-communications-numeriques-2\/#breadcrumb"},"inLanguage":"en-US","potentialAction":[{"@type":"ReadAction","target":["https:\/\/www.istegroup.com\/fr\/produit\/bases-de-communications-numeriques-2\/"]}]},{"@type":"ImageObject","inLanguage":"en-US","@id":"https:\/\/www.istegroup.com\/fr\/produit\/bases-de-communications-numeriques-2\/#primaryimage","url":"https:\/\/www.istegroup.com\/wp-content\/uploads\/2017\/07\/2988775556_1011569476-1.jpg","contentUrl":"https:\/\/www.istegroup.com\/wp-content\/uploads\/2017\/07\/2988775556_1011569476-1.jpg","width":300,"height":452,"caption":"Principes et mises en \u0153uvre des modulations num\u00e9riques"},{"@type":"BreadcrumbList","@id":"https:\/\/www.istegroup.com\/fr\/produit\/bases-de-communications-numeriques-2\/#breadcrumb","itemListElement":[{"@type":"ListItem","position":1,"name":"Home","item":"https:\/\/www.istegroup.com\/"},{"@type":"ListItem","position":2,"name":"Shop","item":"https:\/\/www.istegroup.com\/fr\/nouveautes\/"},{"@type":"ListItem","position":3,"name":"Bases de communications num\u00e9riques 2"}]},{"@type":"WebSite","@id":"https:\/\/www.istegroup.com\/#website","url":"https:\/\/www.istegroup.com\/","name":"ISTE Group","description":"Publishing Knowledge","potentialAction":[{"@type":"SearchAction","target":{"@type":"EntryPoint","urlTemplate":"https:\/\/www.istegroup.com\/?s={search_term_string}"},"query-input":{"@type":"PropertyValueSpecification","valueRequired":true,"valueName":"search_term_string"}}],"inLanguage":"en-US"}]}},"_links":{"self":[{"href":"https:\/\/www.istegroup.com\/en\/wp-json\/wp\/v2\/product\/92","targetHints":{"allow":["GET"]}}],"collection":[{"href":"https:\/\/www.istegroup.com\/en\/wp-json\/wp\/v2\/product"}],"about":[{"href":"https:\/\/www.istegroup.com\/en\/wp-json\/wp\/v2\/types\/product"}],"wp:featuredmedia":[{"embeddable":true,"href":"https:\/\/www.istegroup.com\/en\/wp-json\/wp\/v2\/media\/93"}],"wp:attachment":[{"href":"https:\/\/www.istegroup.com\/en\/wp-json\/wp\/v2\/media?parent=92"}],"wp:term":[{"taxonomy":"product_brand","embeddable":true,"href":"https:\/\/www.istegroup.com\/en\/wp-json\/wp\/v2\/product_brand?post=92"},{"taxonomy":"product_cat","embeddable":true,"href":"https:\/\/www.istegroup.com\/en\/wp-json\/wp\/v2\/product_cat?post=92"},{"taxonomy":"product_tag","embeddable":true,"href":"https:\/\/www.istegroup.com\/en\/wp-json\/wp\/v2\/product_tag?post=92"}],"curies":[{"name":"wp","href":"https:\/\/api.w.org\/{rel}","templated":true}]}}