{"id":9171,"date":"2018-02-28T10:32:22","date_gmt":"2018-02-28T09:32:22","guid":{"rendered":"https:\/\/iste.yhello.co\/?post_type=product&#038;p=9171"},"modified":"2024-01-03T13:41:20","modified_gmt":"2024-01-03T13:41:20","slug":"modelisation-des-bioreacteurs","status":"publish","type":"product","link":"https:\/\/www.istegroup.com\/en\/produit\/modelisation-des-bioreacteurs\/","title":{"rendered":"Mod\u00e9lisation des bior\u00e9acteurs"},"content":{"rendered":"<p>La simulation dynamique des bior\u00e9acteurs constitue un challenge fondamental pour le monde industriel comme pour le monde acad\u00e9mique. Au-del\u00e0 du nombre important de ph\u00e9nom\u00e8nes physiques et biologiques \u00e0 consid\u00e9rer, et de la large gamme d\u2019\u00e9chelles impliqu\u00e9es, la difficult\u00e9 centrale r\u00e9side dans la n\u00e9cessit\u00e9 de rendre compte du comportement dynamique des micro-organismes en suspension, ceux-ci ayant la capacit\u00e9 de moduler la vitesse d\u2019assimilation des substrats. La nature de ces transformations biochimiques r\u00e9sulte d\u2019un v\u00e9ritable compromis entre les besoins de la cellule et les ressources disponibles.<\/p>\n<p>Cet ouvrage analyse la mod\u00e9lisation des bior\u00e9acteurs en s\u2019appuyant sur une approche multi-\u00e9chelle. Il traite des questions relatives au m\u00e9lange, aux transferts entre phases, \u00e0 l\u2019adaptation des micro-organismes aux variations de concentration et offre une ouverture sur l\u2019utilisation des bilans de population pour la simulation des bior\u00e9acteurs.<\/p>\n","protected":false},"excerpt":{"rendered":"<p>La simulation dynamique des bior\u00e9acteurs constitue un challenge fondamental pour le monde industriel comme pour le monde acad\u00e9mique. Au-del\u00e0 du nombre important de ph\u00e9nom\u00e8nes physiques et biologiques \u00e0 consid\u00e9rer, et de la large gamme d\u2019\u00e9chelles impliqu\u00e9es, la difficult\u00e9 centrale r\u00e9side dans la n\u00e9cessit\u00e9 de rendre compte du comportement dynamique des micro-organismes en suspension, ceux-ci ayant [&hellip;]<\/p>\n","protected":false},"featured_media":9175,"template":"","meta":{"_acf_changed":false,"_links_to":"","_links_to_target":""},"product_brand":[],"product_cat":[3259],"product_tag":[],"class_list":{"0":"post-9171","1":"product","2":"type-product","3":"status-publish","4":"has-post-thumbnail","6":"product_cat-uncategorized","8":"first","9":"instock","10":"shipping-taxable","11":"purchasable","12":"product-type-variable"},"acf":[],"yoast_head":"<!-- This site is optimized with the Yoast SEO plugin v27.2 - https:\/\/yoast.com\/product\/yoast-seo-wordpress\/ -->\n<title>Mod\u00e9lisation des bior\u00e9acteurs - ISTE Group<\/title>\n<meta name=\"description\" content=\"Cet ouvrage analyse la mod\u00e9lisation des bior\u00e9acteurs en s\u2019appuyant sur une approche multi-\u00e9chelle. Il traite des questions relatives au m\u00e9lange, aux transferts entre phases, \u00e0 l\u2019adaptation des micro-organismes aux variations de concentration et offre une ouverture sur l\u2019utilisation des bilans de population pour la simulation des bior\u00e9acteurs.\" \/>\n<meta name=\"robots\" content=\"index, follow, max-snippet:-1, max-image-preview:large, max-video-preview:-1\" \/>\n<link rel=\"canonical\" href=\"https:\/\/www.istegroup.com\/fr\/produit\/modelisation-des-bioreacteurs\/\" \/>\n<meta property=\"og:locale\" content=\"en_US\" \/>\n<meta property=\"og:type\" content=\"article\" \/>\n<meta property=\"og:title\" content=\"Mod\u00e9lisation des bior\u00e9acteurs - ISTE Group\" \/>\n<meta property=\"og:description\" content=\"Cet ouvrage analyse la mod\u00e9lisation des bior\u00e9acteurs en s\u2019appuyant sur une approche multi-\u00e9chelle. Il traite des questions relatives au m\u00e9lange, aux transferts entre phases, \u00e0 l\u2019adaptation des micro-organismes aux variations de concentration et offre une ouverture sur l\u2019utilisation des bilans de population pour la simulation des bior\u00e9acteurs.\" \/>\n<meta property=\"og:url\" content=\"https:\/\/www.istegroup.com\/fr\/produit\/modelisation-des-bioreacteurs\/\" \/>\n<meta property=\"og:site_name\" content=\"ISTE Group\" \/>\n<meta property=\"article:modified_time\" content=\"2024-01-03T13:41:20+00:00\" \/>\n<meta property=\"og:image\" content=\"https:\/\/www.istegroup.com\/wp-content\/uploads\/2018\/01\/Morchain_Front-scaled.jpg\" \/>\n\t<meta property=\"og:image:width\" content=\"1664\" \/>\n\t<meta property=\"og:image:height\" content=\"2560\" \/>\n\t<meta property=\"og:image:type\" content=\"image\/jpeg\" \/>\n<meta name=\"twitter:card\" content=\"summary_large_image\" \/>\n<meta name=\"twitter:label1\" content=\"Est. reading time\" \/>\n\t<meta name=\"twitter:data1\" content=\"1 minute\" \/>\n<script type=\"application\/ld+json\" class=\"yoast-schema-graph\">{\"@context\":\"https:\/\/schema.org\",\"@graph\":[{\"@type\":\"WebPage\",\"@id\":\"https:\/\/www.istegroup.com\/fr\/produit\/modelisation-des-bioreacteurs\/\",\"url\":\"https:\/\/www.istegroup.com\/fr\/produit\/modelisation-des-bioreacteurs\/\",\"name\":\"Mod\u00e9lisation des bior\u00e9acteurs - ISTE Group\",\"isPartOf\":{\"@id\":\"https:\/\/www.istegroup.com\/#website\"},\"primaryImageOfPage\":{\"@id\":\"https:\/\/www.istegroup.com\/fr\/produit\/modelisation-des-bioreacteurs\/#primaryimage\"},\"image\":{\"@id\":\"https:\/\/www.istegroup.com\/fr\/produit\/modelisation-des-bioreacteurs\/#primaryimage\"},\"thumbnailUrl\":\"https:\/\/www.istegroup.com\/wp-content\/uploads\/2018\/01\/Morchain_Front-scaled.jpg\",\"datePublished\":\"2018-02-28T09:32:22+00:00\",\"dateModified\":\"2024-01-03T13:41:20+00:00\",\"description\":\"Cet ouvrage analyse la mod\u00e9lisation des bior\u00e9acteurs en s\u2019appuyant sur une approche multi-\u00e9chelle. Il traite des questions relatives au m\u00e9lange, aux transferts entre phases, \u00e0 l\u2019adaptation des micro-organismes aux variations de concentration et offre une ouverture sur l\u2019utilisation des bilans de population pour la simulation des bior\u00e9acteurs.\",\"breadcrumb\":{\"@id\":\"https:\/\/www.istegroup.com\/fr\/produit\/modelisation-des-bioreacteurs\/#breadcrumb\"},\"inLanguage\":\"en-US\",\"potentialAction\":[{\"@type\":\"ReadAction\",\"target\":[\"https:\/\/www.istegroup.com\/fr\/produit\/modelisation-des-bioreacteurs\/\"]}]},{\"@type\":\"ImageObject\",\"inLanguage\":\"en-US\",\"@id\":\"https:\/\/www.istegroup.com\/fr\/produit\/modelisation-des-bioreacteurs\/#primaryimage\",\"url\":\"https:\/\/www.istegroup.com\/wp-content\/uploads\/2018\/01\/Morchain_Front-scaled.jpg\",\"contentUrl\":\"https:\/\/www.istegroup.com\/wp-content\/uploads\/2018\/01\/Morchain_Front-scaled.jpg\",\"width\":1664,\"height\":2560,\"caption\":\"Interactions hydrodynamiques et biologie\"},{\"@type\":\"BreadcrumbList\",\"@id\":\"https:\/\/www.istegroup.com\/fr\/produit\/modelisation-des-bioreacteurs\/#breadcrumb\",\"itemListElement\":[{\"@type\":\"ListItem\",\"position\":1,\"name\":\"Home\",\"item\":\"https:\/\/www.istegroup.com\/\"},{\"@type\":\"ListItem\",\"position\":2,\"name\":\"Shop\",\"item\":\"https:\/\/www.istegroup.com\/fr\/nouveautes\/\"},{\"@type\":\"ListItem\",\"position\":3,\"name\":\"Mod\u00e9lisation des bior\u00e9acteurs\"}]},{\"@type\":\"WebSite\",\"@id\":\"https:\/\/www.istegroup.com\/#website\",\"url\":\"https:\/\/www.istegroup.com\/\",\"name\":\"ISTE Group\",\"description\":\"Publishing Knowledge\",\"potentialAction\":[{\"@type\":\"SearchAction\",\"target\":{\"@type\":\"EntryPoint\",\"urlTemplate\":\"https:\/\/www.istegroup.com\/?s={search_term_string}\"},\"query-input\":{\"@type\":\"PropertyValueSpecification\",\"valueRequired\":true,\"valueName\":\"search_term_string\"}}],\"inLanguage\":\"en-US\"}]}<\/script>\n<!-- \/ Yoast SEO plugin. -->","yoast_head_json":{"title":"Mod\u00e9lisation des bior\u00e9acteurs - ISTE Group","description":"Cet ouvrage analyse la mod\u00e9lisation des bior\u00e9acteurs en s\u2019appuyant sur une approche multi-\u00e9chelle. Il traite des questions relatives au m\u00e9lange, aux transferts entre phases, \u00e0 l\u2019adaptation des micro-organismes aux variations de concentration et offre une ouverture sur l\u2019utilisation des bilans de population pour la simulation des bior\u00e9acteurs.","robots":{"index":"index","follow":"follow","max-snippet":"max-snippet:-1","max-image-preview":"max-image-preview:large","max-video-preview":"max-video-preview:-1"},"canonical":"https:\/\/www.istegroup.com\/fr\/produit\/modelisation-des-bioreacteurs\/","og_locale":"en_US","og_type":"article","og_title":"Mod\u00e9lisation des bior\u00e9acteurs - ISTE Group","og_description":"Cet ouvrage analyse la mod\u00e9lisation des bior\u00e9acteurs en s\u2019appuyant sur une approche multi-\u00e9chelle. Il traite des questions relatives au m\u00e9lange, aux transferts entre phases, \u00e0 l\u2019adaptation des micro-organismes aux variations de concentration et offre une ouverture sur l\u2019utilisation des bilans de population pour la simulation des bior\u00e9acteurs.","og_url":"https:\/\/www.istegroup.com\/fr\/produit\/modelisation-des-bioreacteurs\/","og_site_name":"ISTE Group","article_modified_time":"2024-01-03T13:41:20+00:00","og_image":[{"width":1664,"height":2560,"url":"https:\/\/www.istegroup.com\/wp-content\/uploads\/2018\/01\/Morchain_Front-scaled.jpg","type":"image\/jpeg"}],"twitter_card":"summary_large_image","twitter_misc":{"Est. reading time":"1 minute"},"schema":{"@context":"https:\/\/schema.org","@graph":[{"@type":"WebPage","@id":"https:\/\/www.istegroup.com\/fr\/produit\/modelisation-des-bioreacteurs\/","url":"https:\/\/www.istegroup.com\/fr\/produit\/modelisation-des-bioreacteurs\/","name":"Mod\u00e9lisation des bior\u00e9acteurs - ISTE Group","isPartOf":{"@id":"https:\/\/www.istegroup.com\/#website"},"primaryImageOfPage":{"@id":"https:\/\/www.istegroup.com\/fr\/produit\/modelisation-des-bioreacteurs\/#primaryimage"},"image":{"@id":"https:\/\/www.istegroup.com\/fr\/produit\/modelisation-des-bioreacteurs\/#primaryimage"},"thumbnailUrl":"https:\/\/www.istegroup.com\/wp-content\/uploads\/2018\/01\/Morchain_Front-scaled.jpg","datePublished":"2018-02-28T09:32:22+00:00","dateModified":"2024-01-03T13:41:20+00:00","description":"Cet ouvrage analyse la mod\u00e9lisation des bior\u00e9acteurs en s\u2019appuyant sur une approche multi-\u00e9chelle. Il traite des questions relatives au m\u00e9lange, aux transferts entre phases, \u00e0 l\u2019adaptation des micro-organismes aux variations de concentration et offre une ouverture sur l\u2019utilisation des bilans de population pour la simulation des bior\u00e9acteurs.","breadcrumb":{"@id":"https:\/\/www.istegroup.com\/fr\/produit\/modelisation-des-bioreacteurs\/#breadcrumb"},"inLanguage":"en-US","potentialAction":[{"@type":"ReadAction","target":["https:\/\/www.istegroup.com\/fr\/produit\/modelisation-des-bioreacteurs\/"]}]},{"@type":"ImageObject","inLanguage":"en-US","@id":"https:\/\/www.istegroup.com\/fr\/produit\/modelisation-des-bioreacteurs\/#primaryimage","url":"https:\/\/www.istegroup.com\/wp-content\/uploads\/2018\/01\/Morchain_Front-scaled.jpg","contentUrl":"https:\/\/www.istegroup.com\/wp-content\/uploads\/2018\/01\/Morchain_Front-scaled.jpg","width":1664,"height":2560,"caption":"Interactions hydrodynamiques et biologie"},{"@type":"BreadcrumbList","@id":"https:\/\/www.istegroup.com\/fr\/produit\/modelisation-des-bioreacteurs\/#breadcrumb","itemListElement":[{"@type":"ListItem","position":1,"name":"Home","item":"https:\/\/www.istegroup.com\/"},{"@type":"ListItem","position":2,"name":"Shop","item":"https:\/\/www.istegroup.com\/fr\/nouveautes\/"},{"@type":"ListItem","position":3,"name":"Mod\u00e9lisation des bior\u00e9acteurs"}]},{"@type":"WebSite","@id":"https:\/\/www.istegroup.com\/#website","url":"https:\/\/www.istegroup.com\/","name":"ISTE Group","description":"Publishing Knowledge","potentialAction":[{"@type":"SearchAction","target":{"@type":"EntryPoint","urlTemplate":"https:\/\/www.istegroup.com\/?s={search_term_string}"},"query-input":{"@type":"PropertyValueSpecification","valueRequired":true,"valueName":"search_term_string"}}],"inLanguage":"en-US"}]}},"_links":{"self":[{"href":"https:\/\/www.istegroup.com\/en\/wp-json\/wp\/v2\/product\/9171","targetHints":{"allow":["GET"]}}],"collection":[{"href":"https:\/\/www.istegroup.com\/en\/wp-json\/wp\/v2\/product"}],"about":[{"href":"https:\/\/www.istegroup.com\/en\/wp-json\/wp\/v2\/types\/product"}],"wp:featuredmedia":[{"embeddable":true,"href":"https:\/\/www.istegroup.com\/en\/wp-json\/wp\/v2\/media\/9175"}],"wp:attachment":[{"href":"https:\/\/www.istegroup.com\/en\/wp-json\/wp\/v2\/media?parent=9171"}],"wp:term":[{"taxonomy":"product_brand","embeddable":true,"href":"https:\/\/www.istegroup.com\/en\/wp-json\/wp\/v2\/product_brand?post=9171"},{"taxonomy":"product_cat","embeddable":true,"href":"https:\/\/www.istegroup.com\/en\/wp-json\/wp\/v2\/product_cat?post=9171"},{"taxonomy":"product_tag","embeddable":true,"href":"https:\/\/www.istegroup.com\/en\/wp-json\/wp\/v2\/product_tag?post=9171"}],"curies":[{"name":"wp","href":"https:\/\/api.w.org\/{rel}","templated":true}]}}