{"id":9161,"date":"2018-01-05T10:32:21","date_gmt":"2018-01-05T09:32:21","guid":{"rendered":"https:\/\/iste.yhello.co\/?post_type=product&#038;p=9161"},"modified":"2024-01-03T13:41:20","modified_gmt":"2024-01-03T13:41:20","slug":"dynamique-des-structures-de-grande-taille-et-problemes-inverses","status":"publish","type":"product","link":"https:\/\/www.istegroup.com\/en\/produit\/dynamique-des-structures-de-grande-taille-et-problemes-inverses\/","title":{"rendered":"Dynamique des structures de grande taille et probl\u00e8mes inverses"},"content":{"rendered":"<p><em>Dynamique des structures de grande taille et probl\u00e8mes inverses<\/em>\u00a0traite des diff\u00e9rents aspects de la dynamique stochastique, de la r\u00e9solution de grands syst\u00e8mes m\u00e9caniques et des probl\u00e8mes inverses. Il int\u00e8gre les id\u00e9es les plus r\u00e9centes de la recherche et de l&#8217;industrie dans le domaine de la dynamique stochastique et de l&#8217;optimisation en m\u00e9canique structurale sur onze chapitres.<\/p>\n<p>Cet ouvrage fournit une mise \u00e0 jour sur les diff\u00e9rents outils pour faire face aux incertitudes, \u00e0 la dynamique stochastique, \u00e0 la fiabilit\u00e9 et \u00e0 l&#8217;optimisation des syst\u00e8mes. Le couplage optimisation-fiabilit\u00e9 dans la dynamique des structures est abord\u00e9 afin de prendre en compte les incertitudes dans la mod\u00e9lisation et la r\u00e9solution des probl\u00e8mes rencontr\u00e9s.<\/p>\n<p>Accompagn\u00e9 d\u2019exemples d\u00e9taill\u00e9s, incertitudes, optimisation, fiabilit\u00e9, r\u00e9ductions de mod\u00e8les, cette oeuvre pr\u00e9sente les nouveaux outils de conception les plus performants. L\u2019ouvrage s\u2019adresse aux \u00e9tudiants et constitue \u00e9galement un support pr\u00e9cieux pour les ing\u00e9nieurs en activit\u00e9 et pour les enseignants-chercheurs.<\/p>\n","protected":false},"excerpt":{"rendered":"<p>Dynamique des structures de grande taille et probl\u00e8mes inverses\u00a0traite des diff\u00e9rents aspects de la dynamique stochastique, de la r\u00e9solution de grands syst\u00e8mes m\u00e9caniques et des probl\u00e8mes inverses. Il int\u00e8gre les id\u00e9es les plus r\u00e9centes de la recherche et de l&#8217;industrie dans le domaine de la dynamique stochastique et de l&#8217;optimisation en m\u00e9canique structurale sur onze [&hellip;]<\/p>\n","protected":false},"featured_media":22968,"template":"","meta":{"_acf_changed":false,"_links_to":"","_links_to_target":""},"product_brand":[],"product_cat":[3259],"product_tag":[],"class_list":{"0":"post-9161","1":"product","2":"type-product","3":"status-publish","4":"has-post-thumbnail","6":"product_cat-uncategorized","8":"first","9":"instock","10":"shipping-taxable","11":"purchasable","12":"product-type-variable"},"acf":[],"yoast_head":"<!-- This site is optimized with the Yoast SEO plugin v27.2 - https:\/\/yoast.com\/product\/yoast-seo-wordpress\/ -->\n<title>Dynamique des structures de grande taille et probl\u00e8mes inverses - ISTE Group<\/title>\n<meta name=\"description\" content=\"Dynamique des structures de grande taille et probl\u00e8mes inverses\u00a0traite des diff\u00e9rents aspects de la dynamique stochastique, de la r\u00e9solution de grands syst\u00e8mes m\u00e9caniques et des probl\u00e8mes inverses.\" \/>\n<meta name=\"robots\" content=\"index, follow, max-snippet:-1, max-image-preview:large, max-video-preview:-1\" \/>\n<link rel=\"canonical\" href=\"https:\/\/www.istegroup.com\/en\/produit\/dynamique-des-structures-de-grande-taille-et-problemes-inverses\/\" \/>\n<meta property=\"og:locale\" content=\"en_US\" \/>\n<meta property=\"og:type\" content=\"article\" \/>\n<meta property=\"og:title\" content=\"Dynamique des structures de grande taille et probl\u00e8mes inverses - ISTE Group\" \/>\n<meta property=\"og:description\" content=\"Dynamique des structures de grande taille et probl\u00e8mes inverses\u00a0traite des diff\u00e9rents aspects de la dynamique stochastique, de la r\u00e9solution de grands syst\u00e8mes m\u00e9caniques et des probl\u00e8mes inverses.\" \/>\n<meta property=\"og:url\" content=\"https:\/\/www.istegroup.com\/en\/produit\/dynamique-des-structures-de-grande-taille-et-problemes-inverses\/\" \/>\n<meta property=\"og:site_name\" content=\"ISTE Group\" \/>\n<meta property=\"article:modified_time\" content=\"2024-01-03T13:41:20+00:00\" \/>\n<meta property=\"og:image\" content=\"https:\/\/www.istegroup.com\/wp-content\/uploads\/2019\/09\/Dynamique-des-structures-de-grande-taille.jpg\" \/>\n\t<meta property=\"og:image:width\" content=\"300\" \/>\n\t<meta property=\"og:image:height\" content=\"452\" \/>\n\t<meta property=\"og:image:type\" content=\"image\/jpeg\" \/>\n<meta name=\"twitter:card\" content=\"summary_large_image\" \/>\n<meta name=\"twitter:label1\" content=\"Est. reading time\" \/>\n\t<meta name=\"twitter:data1\" content=\"1 minute\" \/>\n<script type=\"application\/ld+json\" class=\"yoast-schema-graph\">{\"@context\":\"https:\/\/schema.org\",\"@graph\":[{\"@type\":\"WebPage\",\"@id\":\"https:\/\/www.istegroup.com\/en\/produit\/dynamique-des-structures-de-grande-taille-et-problemes-inverses\/\",\"url\":\"https:\/\/www.istegroup.com\/en\/produit\/dynamique-des-structures-de-grande-taille-et-problemes-inverses\/\",\"name\":\"Dynamique des structures de grande taille et probl\u00e8mes inverses - ISTE Group\",\"isPartOf\":{\"@id\":\"https:\/\/www.istegroup.com\/#website\"},\"primaryImageOfPage\":{\"@id\":\"https:\/\/www.istegroup.com\/en\/produit\/dynamique-des-structures-de-grande-taille-et-problemes-inverses\/#primaryimage\"},\"image\":{\"@id\":\"https:\/\/www.istegroup.com\/en\/produit\/dynamique-des-structures-de-grande-taille-et-problemes-inverses\/#primaryimage\"},\"thumbnailUrl\":\"https:\/\/www.istegroup.com\/wp-content\/uploads\/2019\/09\/Dynamique-des-structures-de-grande-taille.jpg\",\"datePublished\":\"2018-01-05T09:32:21+00:00\",\"dateModified\":\"2024-01-03T13:41:20+00:00\",\"description\":\"Dynamique des structures de grande taille et probl\u00e8mes inverses\u00a0traite des diff\u00e9rents aspects de la dynamique stochastique, de la r\u00e9solution de grands syst\u00e8mes m\u00e9caniques et des probl\u00e8mes inverses.\",\"breadcrumb\":{\"@id\":\"https:\/\/www.istegroup.com\/en\/produit\/dynamique-des-structures-de-grande-taille-et-problemes-inverses\/#breadcrumb\"},\"inLanguage\":\"en-US\",\"potentialAction\":[{\"@type\":\"ReadAction\",\"target\":[\"https:\/\/www.istegroup.com\/en\/produit\/dynamique-des-structures-de-grande-taille-et-problemes-inverses\/\"]}]},{\"@type\":\"ImageObject\",\"inLanguage\":\"en-US\",\"@id\":\"https:\/\/www.istegroup.com\/en\/produit\/dynamique-des-structures-de-grande-taille-et-problemes-inverses\/#primaryimage\",\"url\":\"https:\/\/www.istegroup.com\/wp-content\/uploads\/2019\/09\/Dynamique-des-structures-de-grande-taille.jpg\",\"contentUrl\":\"https:\/\/www.istegroup.com\/wp-content\/uploads\/2019\/09\/Dynamique-des-structures-de-grande-taille.jpg\",\"width\":300,\"height\":452,\"caption\":\"Ouvrage Dynamique des structures de grande taille - Abdelkhalak El Hami et Boucha\u00efb Radi\"},{\"@type\":\"BreadcrumbList\",\"@id\":\"https:\/\/www.istegroup.com\/en\/produit\/dynamique-des-structures-de-grande-taille-et-problemes-inverses\/#breadcrumb\",\"itemListElement\":[{\"@type\":\"ListItem\",\"position\":1,\"name\":\"Home\",\"item\":\"https:\/\/www.istegroup.com\/\"},{\"@type\":\"ListItem\",\"position\":2,\"name\":\"Shop\",\"item\":\"https:\/\/www.istegroup.com\/fr\/nouveautes\/\"},{\"@type\":\"ListItem\",\"position\":3,\"name\":\"Dynamique des structures de grande taille et probl\u00e8mes inverses\"}]},{\"@type\":\"WebSite\",\"@id\":\"https:\/\/www.istegroup.com\/#website\",\"url\":\"https:\/\/www.istegroup.com\/\",\"name\":\"ISTE Group\",\"description\":\"Publishing Knowledge\",\"potentialAction\":[{\"@type\":\"SearchAction\",\"target\":{\"@type\":\"EntryPoint\",\"urlTemplate\":\"https:\/\/www.istegroup.com\/?s={search_term_string}\"},\"query-input\":{\"@type\":\"PropertyValueSpecification\",\"valueRequired\":true,\"valueName\":\"search_term_string\"}}],\"inLanguage\":\"en-US\"}]}<\/script>\n<!-- \/ Yoast SEO plugin. -->","yoast_head_json":{"title":"Dynamique des structures de grande taille et probl\u00e8mes inverses - ISTE Group","description":"Dynamique des structures de grande taille et probl\u00e8mes inverses\u00a0traite des diff\u00e9rents aspects de la dynamique stochastique, de la r\u00e9solution de grands syst\u00e8mes m\u00e9caniques et des probl\u00e8mes inverses.","robots":{"index":"index","follow":"follow","max-snippet":"max-snippet:-1","max-image-preview":"max-image-preview:large","max-video-preview":"max-video-preview:-1"},"canonical":"https:\/\/www.istegroup.com\/en\/produit\/dynamique-des-structures-de-grande-taille-et-problemes-inverses\/","og_locale":"en_US","og_type":"article","og_title":"Dynamique des structures de grande taille et probl\u00e8mes inverses - ISTE Group","og_description":"Dynamique des structures de grande taille et probl\u00e8mes inverses\u00a0traite des diff\u00e9rents aspects de la dynamique stochastique, de la r\u00e9solution de grands syst\u00e8mes m\u00e9caniques et des probl\u00e8mes inverses.","og_url":"https:\/\/www.istegroup.com\/en\/produit\/dynamique-des-structures-de-grande-taille-et-problemes-inverses\/","og_site_name":"ISTE Group","article_modified_time":"2024-01-03T13:41:20+00:00","og_image":[{"width":300,"height":452,"url":"https:\/\/www.istegroup.com\/wp-content\/uploads\/2019\/09\/Dynamique-des-structures-de-grande-taille.jpg","type":"image\/jpeg"}],"twitter_card":"summary_large_image","twitter_misc":{"Est. reading time":"1 minute"},"schema":{"@context":"https:\/\/schema.org","@graph":[{"@type":"WebPage","@id":"https:\/\/www.istegroup.com\/en\/produit\/dynamique-des-structures-de-grande-taille-et-problemes-inverses\/","url":"https:\/\/www.istegroup.com\/en\/produit\/dynamique-des-structures-de-grande-taille-et-problemes-inverses\/","name":"Dynamique des structures de grande taille et probl\u00e8mes inverses - ISTE Group","isPartOf":{"@id":"https:\/\/www.istegroup.com\/#website"},"primaryImageOfPage":{"@id":"https:\/\/www.istegroup.com\/en\/produit\/dynamique-des-structures-de-grande-taille-et-problemes-inverses\/#primaryimage"},"image":{"@id":"https:\/\/www.istegroup.com\/en\/produit\/dynamique-des-structures-de-grande-taille-et-problemes-inverses\/#primaryimage"},"thumbnailUrl":"https:\/\/www.istegroup.com\/wp-content\/uploads\/2019\/09\/Dynamique-des-structures-de-grande-taille.jpg","datePublished":"2018-01-05T09:32:21+00:00","dateModified":"2024-01-03T13:41:20+00:00","description":"Dynamique des structures de grande taille et probl\u00e8mes inverses\u00a0traite des diff\u00e9rents aspects de la dynamique stochastique, de la r\u00e9solution de grands syst\u00e8mes m\u00e9caniques et des probl\u00e8mes inverses.","breadcrumb":{"@id":"https:\/\/www.istegroup.com\/en\/produit\/dynamique-des-structures-de-grande-taille-et-problemes-inverses\/#breadcrumb"},"inLanguage":"en-US","potentialAction":[{"@type":"ReadAction","target":["https:\/\/www.istegroup.com\/en\/produit\/dynamique-des-structures-de-grande-taille-et-problemes-inverses\/"]}]},{"@type":"ImageObject","inLanguage":"en-US","@id":"https:\/\/www.istegroup.com\/en\/produit\/dynamique-des-structures-de-grande-taille-et-problemes-inverses\/#primaryimage","url":"https:\/\/www.istegroup.com\/wp-content\/uploads\/2019\/09\/Dynamique-des-structures-de-grande-taille.jpg","contentUrl":"https:\/\/www.istegroup.com\/wp-content\/uploads\/2019\/09\/Dynamique-des-structures-de-grande-taille.jpg","width":300,"height":452,"caption":"Ouvrage Dynamique des structures de grande taille - Abdelkhalak El Hami et Boucha\u00efb Radi"},{"@type":"BreadcrumbList","@id":"https:\/\/www.istegroup.com\/en\/produit\/dynamique-des-structures-de-grande-taille-et-problemes-inverses\/#breadcrumb","itemListElement":[{"@type":"ListItem","position":1,"name":"Home","item":"https:\/\/www.istegroup.com\/"},{"@type":"ListItem","position":2,"name":"Shop","item":"https:\/\/www.istegroup.com\/fr\/nouveautes\/"},{"@type":"ListItem","position":3,"name":"Dynamique des structures de grande taille et probl\u00e8mes inverses"}]},{"@type":"WebSite","@id":"https:\/\/www.istegroup.com\/#website","url":"https:\/\/www.istegroup.com\/","name":"ISTE Group","description":"Publishing Knowledge","potentialAction":[{"@type":"SearchAction","target":{"@type":"EntryPoint","urlTemplate":"https:\/\/www.istegroup.com\/?s={search_term_string}"},"query-input":{"@type":"PropertyValueSpecification","valueRequired":true,"valueName":"search_term_string"}}],"inLanguage":"en-US"}]}},"_links":{"self":[{"href":"https:\/\/www.istegroup.com\/en\/wp-json\/wp\/v2\/product\/9161","targetHints":{"allow":["GET"]}}],"collection":[{"href":"https:\/\/www.istegroup.com\/en\/wp-json\/wp\/v2\/product"}],"about":[{"href":"https:\/\/www.istegroup.com\/en\/wp-json\/wp\/v2\/types\/product"}],"wp:featuredmedia":[{"embeddable":true,"href":"https:\/\/www.istegroup.com\/en\/wp-json\/wp\/v2\/media\/22968"}],"wp:attachment":[{"href":"https:\/\/www.istegroup.com\/en\/wp-json\/wp\/v2\/media?parent=9161"}],"wp:term":[{"taxonomy":"product_brand","embeddable":true,"href":"https:\/\/www.istegroup.com\/en\/wp-json\/wp\/v2\/product_brand?post=9161"},{"taxonomy":"product_cat","embeddable":true,"href":"https:\/\/www.istegroup.com\/en\/wp-json\/wp\/v2\/product_cat?post=9161"},{"taxonomy":"product_tag","embeddable":true,"href":"https:\/\/www.istegroup.com\/en\/wp-json\/wp\/v2\/product_tag?post=9161"}],"curies":[{"name":"wp","href":"https:\/\/api.w.org\/{rel}","templated":true}]}}