{"id":9134,"date":"2018-01-01T10:32:21","date_gmt":"2018-01-01T09:32:21","guid":{"rendered":"https:\/\/iste.yhello.co\/?post_type=product&#038;p=9134"},"modified":"2024-01-03T13:41:20","modified_gmt":"2024-01-03T13:41:20","slug":"les-objets-connectes-en-sante","status":"publish","type":"product","link":"https:\/\/www.istegroup.com\/en\/produit\/les-objets-connectes-en-sante\/","title":{"rendered":"Les objets connect\u00e9s en sant\u00e9"},"content":{"rendered":"<p>Les objets connect\u00e9s font aujourd\u2019hui les nouveaux d\u00e9lices de la m\u00e9decine. Ils ouvrent une nouvelle \u00e8re num\u00e9rique o\u00f9 surveiller et analyser ses param\u00e8tres de sant\u00e9 ne rel\u00e8ve plus du domaine de la science-fiction.<\/p>\n<p>Tout le succ\u00e8s de ces dispositifs r\u00e9side dans leur utilisation qui s\u2019int\u00e8gre naturellement dans le quotidien de l\u2019usager afin d\u2019assurer une collecte continue et maximale des donn\u00e9es \u00e0 caract\u00e8re personnel. Ces dispositifs m\u00e9dicaux connect\u00e9s constituent un nouvel espoir pour transformer l\u2019exp\u00e9rience des utilisateurs ainsi que leur parcours de soins. Ils offrent un meilleur accompagnement et une meilleure qualit\u00e9 de vie aux personnes souffrant de maladies chroniques, de handicaps mentaux, sensoriels, physiques&#8230;<\/p>\n<p>N\u00e9anmoins, ils posent syst\u00e9matiquement des probl\u00e9matiques concernant les risques li\u00e9s \u00e0 leur utilisation.\u00a0<em>Les objets connect\u00e9s en sant\u00e9<\/em>\u00a0expose une cartographie qui d\u00e9taille clairement, sans \u00e9quivoque, tous les sc\u00e9narios de risques \u00e9mergents li\u00e9s \u00e0 leur usage et d\u00e9finit les actions \u00e0 entreprendre pour promouvoir une gouvernance \u00e9quilibr\u00e9e et garantir le d\u00e9veloppement des applications m\u00e9dicales de qualit\u00e9.<\/p>\n","protected":false},"excerpt":{"rendered":"<p>Les objets connect\u00e9s font aujourd\u2019hui les nouveaux d\u00e9lices de la m\u00e9decine. Ils ouvrent une nouvelle \u00e8re num\u00e9rique o\u00f9 surveiller et analyser ses param\u00e8tres de sant\u00e9 ne rel\u00e8ve plus du domaine de la science-fiction. Tout le succ\u00e8s de ces dispositifs r\u00e9side dans leur utilisation qui s\u2019int\u00e8gre naturellement dans le quotidien de l\u2019usager afin d\u2019assurer une collecte [&hellip;]<\/p>\n","protected":false},"featured_media":21637,"template":"","meta":{"_acf_changed":false,"_links_to":"","_links_to_target":""},"product_brand":[],"product_cat":[3259],"product_tag":[],"class_list":{"0":"post-9134","1":"product","2":"type-product","3":"status-publish","4":"has-post-thumbnail","6":"product_cat-uncategorized","8":"first","9":"instock","10":"shipping-taxable","11":"purchasable","12":"product-type-variable"},"acf":[],"yoast_head":"<!-- This site is optimized with the Yoast SEO plugin v27.2 - https:\/\/yoast.com\/product\/yoast-seo-wordpress\/ -->\n<title>Les objets connect\u00e9s en sant\u00e9 - ISTE Group<\/title>\n<meta name=\"description\" content=\"Les objets connect\u00e9s en sant\u00e9\u00a0expose une cartographie qui d\u00e9taille clairement, sans \u00e9quivoque, tous les sc\u00e9narios de risques \u00e9mergents li\u00e9s \u00e0 leur usage et d\u00e9finit les actions \u00e0 entreprendre pour promouvoir une gouvernance \u00e9quilibr\u00e9e et garantir le d\u00e9veloppement des applications m\u00e9dicales de qualit\u00e9.\" \/>\n<meta name=\"robots\" content=\"index, follow, max-snippet:-1, max-image-preview:large, max-video-preview:-1\" \/>\n<link rel=\"canonical\" href=\"https:\/\/www.istegroup.com\/en\/produit\/les-objets-connectes-en-sante\/\" \/>\n<meta property=\"og:locale\" content=\"en_US\" \/>\n<meta property=\"og:type\" content=\"article\" \/>\n<meta property=\"og:title\" content=\"Les objets connect\u00e9s en sant\u00e9 - ISTE Group\" \/>\n<meta property=\"og:description\" content=\"Les objets connect\u00e9s en sant\u00e9\u00a0expose une cartographie qui d\u00e9taille clairement, sans \u00e9quivoque, tous les sc\u00e9narios de risques \u00e9mergents li\u00e9s \u00e0 leur usage et d\u00e9finit les actions \u00e0 entreprendre pour promouvoir une gouvernance \u00e9quilibr\u00e9e et garantir le d\u00e9veloppement des applications m\u00e9dicales de qualit\u00e9.\" \/>\n<meta property=\"og:url\" content=\"https:\/\/www.istegroup.com\/en\/produit\/les-objets-connectes-en-sante\/\" \/>\n<meta property=\"og:site_name\" content=\"ISTE Group\" \/>\n<meta property=\"article:modified_time\" content=\"2024-01-03T13:41:20+00:00\" \/>\n<meta property=\"og:image\" content=\"https:\/\/www.istegroup.com\/wp-content\/uploads\/2019\/06\/Les-objets-connect\u00e9s-en-sant\u00e9-Laure-Beyala.jpg\" \/>\n\t<meta property=\"og:image:width\" content=\"300\" \/>\n\t<meta property=\"og:image:height\" content=\"450\" \/>\n\t<meta property=\"og:image:type\" content=\"image\/jpeg\" \/>\n<meta name=\"twitter:card\" content=\"summary_large_image\" \/>\n<meta name=\"twitter:label1\" content=\"Est. reading time\" \/>\n\t<meta name=\"twitter:data1\" content=\"1 minute\" \/>\n<script type=\"application\/ld+json\" class=\"yoast-schema-graph\">{\"@context\":\"https:\/\/schema.org\",\"@graph\":[{\"@type\":\"WebPage\",\"@id\":\"https:\/\/www.istegroup.com\/en\/produit\/les-objets-connectes-en-sante\/\",\"url\":\"https:\/\/www.istegroup.com\/en\/produit\/les-objets-connectes-en-sante\/\",\"name\":\"Les objets connect\u00e9s en sant\u00e9 - ISTE Group\",\"isPartOf\":{\"@id\":\"https:\/\/www.istegroup.com\/#website\"},\"primaryImageOfPage\":{\"@id\":\"https:\/\/www.istegroup.com\/en\/produit\/les-objets-connectes-en-sante\/#primaryimage\"},\"image\":{\"@id\":\"https:\/\/www.istegroup.com\/en\/produit\/les-objets-connectes-en-sante\/#primaryimage\"},\"thumbnailUrl\":\"https:\/\/www.istegroup.com\/wp-content\/uploads\/2019\/06\/Les-objets-connect\u00e9s-en-sant\u00e9-Laure-Beyala.jpg\",\"datePublished\":\"2018-01-01T09:32:21+00:00\",\"dateModified\":\"2024-01-03T13:41:20+00:00\",\"description\":\"Les objets connect\u00e9s en sant\u00e9\u00a0expose une cartographie qui d\u00e9taille clairement, sans \u00e9quivoque, tous les sc\u00e9narios de risques \u00e9mergents li\u00e9s \u00e0 leur usage et d\u00e9finit les actions \u00e0 entreprendre pour promouvoir une gouvernance \u00e9quilibr\u00e9e et garantir le d\u00e9veloppement des applications m\u00e9dicales de qualit\u00e9.\",\"breadcrumb\":{\"@id\":\"https:\/\/www.istegroup.com\/en\/produit\/les-objets-connectes-en-sante\/#breadcrumb\"},\"inLanguage\":\"en-US\",\"potentialAction\":[{\"@type\":\"ReadAction\",\"target\":[\"https:\/\/www.istegroup.com\/en\/produit\/les-objets-connectes-en-sante\/\"]}]},{\"@type\":\"ImageObject\",\"inLanguage\":\"en-US\",\"@id\":\"https:\/\/www.istegroup.com\/en\/produit\/les-objets-connectes-en-sante\/#primaryimage\",\"url\":\"https:\/\/www.istegroup.com\/wp-content\/uploads\/2019\/06\/Les-objets-connect\u00e9s-en-sant\u00e9-Laure-Beyala.jpg\",\"contentUrl\":\"https:\/\/www.istegroup.com\/wp-content\/uploads\/2019\/06\/Les-objets-connect\u00e9s-en-sant\u00e9-Laure-Beyala.jpg\",\"width\":300,\"height\":450,\"caption\":\"Risques, usages et perspectives\"},{\"@type\":\"BreadcrumbList\",\"@id\":\"https:\/\/www.istegroup.com\/en\/produit\/les-objets-connectes-en-sante\/#breadcrumb\",\"itemListElement\":[{\"@type\":\"ListItem\",\"position\":1,\"name\":\"Home\",\"item\":\"https:\/\/www.istegroup.com\/\"},{\"@type\":\"ListItem\",\"position\":2,\"name\":\"Shop\",\"item\":\"https:\/\/www.istegroup.com\/fr\/nouveautes\/\"},{\"@type\":\"ListItem\",\"position\":3,\"name\":\"Les objets connect\u00e9s en sant\u00e9\"}]},{\"@type\":\"WebSite\",\"@id\":\"https:\/\/www.istegroup.com\/#website\",\"url\":\"https:\/\/www.istegroup.com\/\",\"name\":\"ISTE Group\",\"description\":\"Publishing Knowledge\",\"potentialAction\":[{\"@type\":\"SearchAction\",\"target\":{\"@type\":\"EntryPoint\",\"urlTemplate\":\"https:\/\/www.istegroup.com\/?s={search_term_string}\"},\"query-input\":{\"@type\":\"PropertyValueSpecification\",\"valueRequired\":true,\"valueName\":\"search_term_string\"}}],\"inLanguage\":\"en-US\"}]}<\/script>\n<!-- \/ Yoast SEO plugin. -->","yoast_head_json":{"title":"Les objets connect\u00e9s en sant\u00e9 - ISTE Group","description":"Les objets connect\u00e9s en sant\u00e9\u00a0expose une cartographie qui d\u00e9taille clairement, sans \u00e9quivoque, tous les sc\u00e9narios de risques \u00e9mergents li\u00e9s \u00e0 leur usage et d\u00e9finit les actions \u00e0 entreprendre pour promouvoir une gouvernance \u00e9quilibr\u00e9e et garantir le d\u00e9veloppement des applications m\u00e9dicales de qualit\u00e9.","robots":{"index":"index","follow":"follow","max-snippet":"max-snippet:-1","max-image-preview":"max-image-preview:large","max-video-preview":"max-video-preview:-1"},"canonical":"https:\/\/www.istegroup.com\/en\/produit\/les-objets-connectes-en-sante\/","og_locale":"en_US","og_type":"article","og_title":"Les objets connect\u00e9s en sant\u00e9 - ISTE Group","og_description":"Les objets connect\u00e9s en sant\u00e9\u00a0expose une cartographie qui d\u00e9taille clairement, sans \u00e9quivoque, tous les sc\u00e9narios de risques \u00e9mergents li\u00e9s \u00e0 leur usage et d\u00e9finit les actions \u00e0 entreprendre pour promouvoir une gouvernance \u00e9quilibr\u00e9e et garantir le d\u00e9veloppement des applications m\u00e9dicales de qualit\u00e9.","og_url":"https:\/\/www.istegroup.com\/en\/produit\/les-objets-connectes-en-sante\/","og_site_name":"ISTE Group","article_modified_time":"2024-01-03T13:41:20+00:00","og_image":[{"width":300,"height":450,"url":"https:\/\/www.istegroup.com\/wp-content\/uploads\/2019\/06\/Les-objets-connect\u00e9s-en-sant\u00e9-Laure-Beyala.jpg","type":"image\/jpeg"}],"twitter_card":"summary_large_image","twitter_misc":{"Est. reading time":"1 minute"},"schema":{"@context":"https:\/\/schema.org","@graph":[{"@type":"WebPage","@id":"https:\/\/www.istegroup.com\/en\/produit\/les-objets-connectes-en-sante\/","url":"https:\/\/www.istegroup.com\/en\/produit\/les-objets-connectes-en-sante\/","name":"Les objets connect\u00e9s en sant\u00e9 - ISTE Group","isPartOf":{"@id":"https:\/\/www.istegroup.com\/#website"},"primaryImageOfPage":{"@id":"https:\/\/www.istegroup.com\/en\/produit\/les-objets-connectes-en-sante\/#primaryimage"},"image":{"@id":"https:\/\/www.istegroup.com\/en\/produit\/les-objets-connectes-en-sante\/#primaryimage"},"thumbnailUrl":"https:\/\/www.istegroup.com\/wp-content\/uploads\/2019\/06\/Les-objets-connect\u00e9s-en-sant\u00e9-Laure-Beyala.jpg","datePublished":"2018-01-01T09:32:21+00:00","dateModified":"2024-01-03T13:41:20+00:00","description":"Les objets connect\u00e9s en sant\u00e9\u00a0expose une cartographie qui d\u00e9taille clairement, sans \u00e9quivoque, tous les sc\u00e9narios de risques \u00e9mergents li\u00e9s \u00e0 leur usage et d\u00e9finit les actions \u00e0 entreprendre pour promouvoir une gouvernance \u00e9quilibr\u00e9e et garantir le d\u00e9veloppement des applications m\u00e9dicales de qualit\u00e9.","breadcrumb":{"@id":"https:\/\/www.istegroup.com\/en\/produit\/les-objets-connectes-en-sante\/#breadcrumb"},"inLanguage":"en-US","potentialAction":[{"@type":"ReadAction","target":["https:\/\/www.istegroup.com\/en\/produit\/les-objets-connectes-en-sante\/"]}]},{"@type":"ImageObject","inLanguage":"en-US","@id":"https:\/\/www.istegroup.com\/en\/produit\/les-objets-connectes-en-sante\/#primaryimage","url":"https:\/\/www.istegroup.com\/wp-content\/uploads\/2019\/06\/Les-objets-connect\u00e9s-en-sant\u00e9-Laure-Beyala.jpg","contentUrl":"https:\/\/www.istegroup.com\/wp-content\/uploads\/2019\/06\/Les-objets-connect\u00e9s-en-sant\u00e9-Laure-Beyala.jpg","width":300,"height":450,"caption":"Risques, usages et perspectives"},{"@type":"BreadcrumbList","@id":"https:\/\/www.istegroup.com\/en\/produit\/les-objets-connectes-en-sante\/#breadcrumb","itemListElement":[{"@type":"ListItem","position":1,"name":"Home","item":"https:\/\/www.istegroup.com\/"},{"@type":"ListItem","position":2,"name":"Shop","item":"https:\/\/www.istegroup.com\/fr\/nouveautes\/"},{"@type":"ListItem","position":3,"name":"Les objets connect\u00e9s en sant\u00e9"}]},{"@type":"WebSite","@id":"https:\/\/www.istegroup.com\/#website","url":"https:\/\/www.istegroup.com\/","name":"ISTE Group","description":"Publishing Knowledge","potentialAction":[{"@type":"SearchAction","target":{"@type":"EntryPoint","urlTemplate":"https:\/\/www.istegroup.com\/?s={search_term_string}"},"query-input":{"@type":"PropertyValueSpecification","valueRequired":true,"valueName":"search_term_string"}}],"inLanguage":"en-US"}]}},"_links":{"self":[{"href":"https:\/\/www.istegroup.com\/en\/wp-json\/wp\/v2\/product\/9134","targetHints":{"allow":["GET"]}}],"collection":[{"href":"https:\/\/www.istegroup.com\/en\/wp-json\/wp\/v2\/product"}],"about":[{"href":"https:\/\/www.istegroup.com\/en\/wp-json\/wp\/v2\/types\/product"}],"wp:featuredmedia":[{"embeddable":true,"href":"https:\/\/www.istegroup.com\/en\/wp-json\/wp\/v2\/media\/21637"}],"wp:attachment":[{"href":"https:\/\/www.istegroup.com\/en\/wp-json\/wp\/v2\/media?parent=9134"}],"wp:term":[{"taxonomy":"product_brand","embeddable":true,"href":"https:\/\/www.istegroup.com\/en\/wp-json\/wp\/v2\/product_brand?post=9134"},{"taxonomy":"product_cat","embeddable":true,"href":"https:\/\/www.istegroup.com\/en\/wp-json\/wp\/v2\/product_cat?post=9134"},{"taxonomy":"product_tag","embeddable":true,"href":"https:\/\/www.istegroup.com\/en\/wp-json\/wp\/v2\/product_tag?post=9134"}],"curies":[{"name":"wp","href":"https:\/\/api.w.org\/{rel}","templated":true}]}}