{"id":9061,"date":"2018-01-12T16:09:05","date_gmt":"2018-01-12T15:09:05","guid":{"rendered":"https:\/\/iste.yhello.co\/?post_type=product&#038;p=9061"},"modified":"2024-01-03T13:41:16","modified_gmt":"2024-01-03T13:41:16","slug":"les-humanites-digitales","status":"publish","type":"product","link":"https:\/\/www.istegroup.com\/en\/produit\/les-humanites-digitales\/","title":{"rendered":"Les humanit\u00e9s digitales"},"content":{"rendered":"<p>Les humanit\u00e9s digitales sont devenues \u00e0 la mode et symbolisent la volont\u00e9 de renouvellement des sciences humaines et sociales. Toutefois, leur histoire est souvent pr\u00e9sent\u00e9e de mani\u00e8re restreinte et r\u00e9duite.<\/p>\n<p>Cet ouvrage pr\u00e9sente de nouvelles perspectives \u00e9pist\u00e9mologiques et historiques pour mieux appr\u00e9hender l\u2019histoire des humanit\u00e9s digitales, notamment en examinant les liens avec les m\u00e9thodes d\u2019acc\u00e8s \u00e0 l\u2019information. Il remonte aux premi\u00e8res logiques constitutives de r\u00e9seaux d\u2019\u00e9changes depuis les diff\u00e9rentes R\u00e9publiques des Lettres en passant par les dispositifs d\u2019indexation des connaissances.<\/p>\n<p><em>Les humanit\u00e9s digitales<\/em>\u00a0cherche \u00e0 analyser les transformations actuelles de ce domaine en consid\u00e9rant qu\u2019il s\u2019agit d\u2019une \u00e9volution plut\u00f4t que d\u2019une r\u00e9volution et participe donc d\u2019une arch\u00e9ologie des savoirs et des m\u00e9thodes ; en d\u00e9passant les d\u00e9bats et les r\u00e9ussites actuels du mouvement des humanit\u00e9s digitales, cet ouvrage tente de relater les formes et les normes qui ont permis petit \u00e0 petit son d\u00e9veloppement et son apparition.<\/p>\n","protected":false},"excerpt":{"rendered":"<p>Les humanit\u00e9s digitales sont devenues \u00e0 la mode et symbolisent la volont\u00e9 de renouvellement des sciences humaines et sociales. Toutefois, leur histoire est souvent pr\u00e9sent\u00e9e de mani\u00e8re restreinte et r\u00e9duite. Cet ouvrage pr\u00e9sente de nouvelles perspectives \u00e9pist\u00e9mologiques et historiques pour mieux appr\u00e9hender l\u2019histoire des humanit\u00e9s digitales, notamment en examinant les liens avec les m\u00e9thodes d\u2019acc\u00e8s [&hellip;]<\/p>\n","protected":false},"featured_media":9067,"template":"","meta":{"_acf_changed":false,"_links_to":"","_links_to_target":""},"product_brand":[],"product_cat":[3259],"product_tag":[],"class_list":{"0":"post-9061","1":"product","2":"type-product","3":"status-publish","4":"has-post-thumbnail","6":"product_cat-uncategorized","8":"first","9":"instock","10":"shipping-taxable","11":"purchasable","12":"product-type-variable"},"acf":[],"yoast_head":"<!-- This site is optimized with the Yoast SEO plugin v27.2 - https:\/\/yoast.com\/product\/yoast-seo-wordpress\/ -->\n<title>Les humanit\u00e9s digitales - ISTE Group<\/title>\n<meta name=\"description\" content=\"Cet ouvrage pr\u00e9sente de nouvelles perspectives \u00e9pist\u00e9mologiques et historiques pour mieux appr\u00e9hender l\u2019histoire des humanit\u00e9s digitales, notamment en examinant les liens avec les m\u00e9thodes d\u2019acc\u00e8s \u00e0 l\u2019information.\" \/>\n<meta name=\"robots\" content=\"index, follow, max-snippet:-1, max-image-preview:large, max-video-preview:-1\" \/>\n<link rel=\"canonical\" href=\"https:\/\/www.istegroup.com\/fr\/produit\/les-humanites-digitales\/\" \/>\n<meta property=\"og:locale\" content=\"en_US\" \/>\n<meta property=\"og:type\" content=\"article\" \/>\n<meta property=\"og:title\" content=\"Les humanit\u00e9s digitales - ISTE Group\" \/>\n<meta property=\"og:description\" content=\"Cet ouvrage pr\u00e9sente de nouvelles perspectives \u00e9pist\u00e9mologiques et historiques pour mieux appr\u00e9hender l\u2019histoire des humanit\u00e9s digitales, notamment en examinant les liens avec les m\u00e9thodes d\u2019acc\u00e8s \u00e0 l\u2019information.\" \/>\n<meta property=\"og:url\" content=\"https:\/\/www.istegroup.com\/fr\/produit\/les-humanites-digitales\/\" \/>\n<meta property=\"og:site_name\" content=\"ISTE Group\" \/>\n<meta property=\"article:modified_time\" content=\"2024-01-03T13:41:16+00:00\" \/>\n<meta property=\"og:image\" content=\"https:\/\/www.istegroup.com\/wp-content\/uploads\/2018\/01\/Le-Deuff-Cover-scaled.jpg\" \/>\n\t<meta property=\"og:image:width\" content=\"1630\" \/>\n\t<meta property=\"og:image:height\" content=\"2560\" \/>\n\t<meta property=\"og:image:type\" content=\"image\/jpeg\" \/>\n<meta name=\"twitter:card\" content=\"summary_large_image\" \/>\n<meta name=\"twitter:label1\" content=\"Est. reading time\" \/>\n\t<meta name=\"twitter:data1\" content=\"1 minute\" \/>\n<script type=\"application\/ld+json\" class=\"yoast-schema-graph\">{\"@context\":\"https:\/\/schema.org\",\"@graph\":[{\"@type\":\"WebPage\",\"@id\":\"https:\/\/www.istegroup.com\/fr\/produit\/les-humanites-digitales\/\",\"url\":\"https:\/\/www.istegroup.com\/fr\/produit\/les-humanites-digitales\/\",\"name\":\"Les humanit\u00e9s digitales - ISTE Group\",\"isPartOf\":{\"@id\":\"https:\/\/www.istegroup.com\/#website\"},\"primaryImageOfPage\":{\"@id\":\"https:\/\/www.istegroup.com\/fr\/produit\/les-humanites-digitales\/#primaryimage\"},\"image\":{\"@id\":\"https:\/\/www.istegroup.com\/fr\/produit\/les-humanites-digitales\/#primaryimage\"},\"thumbnailUrl\":\"https:\/\/www.istegroup.com\/wp-content\/uploads\/2018\/01\/Le-Deuff-Cover-scaled.jpg\",\"datePublished\":\"2018-01-12T15:09:05+00:00\",\"dateModified\":\"2024-01-03T13:41:16+00:00\",\"description\":\"Cet ouvrage pr\u00e9sente de nouvelles perspectives \u00e9pist\u00e9mologiques et historiques pour mieux appr\u00e9hender l\u2019histoire des humanit\u00e9s digitales, notamment en examinant les liens avec les m\u00e9thodes d\u2019acc\u00e8s \u00e0 l\u2019information.\",\"breadcrumb\":{\"@id\":\"https:\/\/www.istegroup.com\/fr\/produit\/les-humanites-digitales\/#breadcrumb\"},\"inLanguage\":\"en-US\",\"potentialAction\":[{\"@type\":\"ReadAction\",\"target\":[\"https:\/\/www.istegroup.com\/fr\/produit\/les-humanites-digitales\/\"]}]},{\"@type\":\"ImageObject\",\"inLanguage\":\"en-US\",\"@id\":\"https:\/\/www.istegroup.com\/fr\/produit\/les-humanites-digitales\/#primaryimage\",\"url\":\"https:\/\/www.istegroup.com\/wp-content\/uploads\/2018\/01\/Le-Deuff-Cover-scaled.jpg\",\"contentUrl\":\"https:\/\/www.istegroup.com\/wp-content\/uploads\/2018\/01\/Le-Deuff-Cover-scaled.jpg\",\"width\":1630,\"height\":2560,\"caption\":\"Historique et d\u00e9veloppements\"},{\"@type\":\"BreadcrumbList\",\"@id\":\"https:\/\/www.istegroup.com\/fr\/produit\/les-humanites-digitales\/#breadcrumb\",\"itemListElement\":[{\"@type\":\"ListItem\",\"position\":1,\"name\":\"Home\",\"item\":\"https:\/\/www.istegroup.com\/\"},{\"@type\":\"ListItem\",\"position\":2,\"name\":\"Shop\",\"item\":\"https:\/\/www.istegroup.com\/fr\/nouveautes\/\"},{\"@type\":\"ListItem\",\"position\":3,\"name\":\"Les humanit\u00e9s digitales\"}]},{\"@type\":\"WebSite\",\"@id\":\"https:\/\/www.istegroup.com\/#website\",\"url\":\"https:\/\/www.istegroup.com\/\",\"name\":\"ISTE Group\",\"description\":\"Publishing Knowledge\",\"potentialAction\":[{\"@type\":\"SearchAction\",\"target\":{\"@type\":\"EntryPoint\",\"urlTemplate\":\"https:\/\/www.istegroup.com\/?s={search_term_string}\"},\"query-input\":{\"@type\":\"PropertyValueSpecification\",\"valueRequired\":true,\"valueName\":\"search_term_string\"}}],\"inLanguage\":\"en-US\"}]}<\/script>\n<!-- \/ Yoast SEO plugin. -->","yoast_head_json":{"title":"Les humanit\u00e9s digitales - ISTE Group","description":"Cet ouvrage pr\u00e9sente de nouvelles perspectives \u00e9pist\u00e9mologiques et historiques pour mieux appr\u00e9hender l\u2019histoire des humanit\u00e9s digitales, notamment en examinant les liens avec les m\u00e9thodes d\u2019acc\u00e8s \u00e0 l\u2019information.","robots":{"index":"index","follow":"follow","max-snippet":"max-snippet:-1","max-image-preview":"max-image-preview:large","max-video-preview":"max-video-preview:-1"},"canonical":"https:\/\/www.istegroup.com\/fr\/produit\/les-humanites-digitales\/","og_locale":"en_US","og_type":"article","og_title":"Les humanit\u00e9s digitales - ISTE Group","og_description":"Cet ouvrage pr\u00e9sente de nouvelles perspectives \u00e9pist\u00e9mologiques et historiques pour mieux appr\u00e9hender l\u2019histoire des humanit\u00e9s digitales, notamment en examinant les liens avec les m\u00e9thodes d\u2019acc\u00e8s \u00e0 l\u2019information.","og_url":"https:\/\/www.istegroup.com\/fr\/produit\/les-humanites-digitales\/","og_site_name":"ISTE Group","article_modified_time":"2024-01-03T13:41:16+00:00","og_image":[{"width":1630,"height":2560,"url":"https:\/\/www.istegroup.com\/wp-content\/uploads\/2018\/01\/Le-Deuff-Cover-scaled.jpg","type":"image\/jpeg"}],"twitter_card":"summary_large_image","twitter_misc":{"Est. reading time":"1 minute"},"schema":{"@context":"https:\/\/schema.org","@graph":[{"@type":"WebPage","@id":"https:\/\/www.istegroup.com\/fr\/produit\/les-humanites-digitales\/","url":"https:\/\/www.istegroup.com\/fr\/produit\/les-humanites-digitales\/","name":"Les humanit\u00e9s digitales - ISTE Group","isPartOf":{"@id":"https:\/\/www.istegroup.com\/#website"},"primaryImageOfPage":{"@id":"https:\/\/www.istegroup.com\/fr\/produit\/les-humanites-digitales\/#primaryimage"},"image":{"@id":"https:\/\/www.istegroup.com\/fr\/produit\/les-humanites-digitales\/#primaryimage"},"thumbnailUrl":"https:\/\/www.istegroup.com\/wp-content\/uploads\/2018\/01\/Le-Deuff-Cover-scaled.jpg","datePublished":"2018-01-12T15:09:05+00:00","dateModified":"2024-01-03T13:41:16+00:00","description":"Cet ouvrage pr\u00e9sente de nouvelles perspectives \u00e9pist\u00e9mologiques et historiques pour mieux appr\u00e9hender l\u2019histoire des humanit\u00e9s digitales, notamment en examinant les liens avec les m\u00e9thodes d\u2019acc\u00e8s \u00e0 l\u2019information.","breadcrumb":{"@id":"https:\/\/www.istegroup.com\/fr\/produit\/les-humanites-digitales\/#breadcrumb"},"inLanguage":"en-US","potentialAction":[{"@type":"ReadAction","target":["https:\/\/www.istegroup.com\/fr\/produit\/les-humanites-digitales\/"]}]},{"@type":"ImageObject","inLanguage":"en-US","@id":"https:\/\/www.istegroup.com\/fr\/produit\/les-humanites-digitales\/#primaryimage","url":"https:\/\/www.istegroup.com\/wp-content\/uploads\/2018\/01\/Le-Deuff-Cover-scaled.jpg","contentUrl":"https:\/\/www.istegroup.com\/wp-content\/uploads\/2018\/01\/Le-Deuff-Cover-scaled.jpg","width":1630,"height":2560,"caption":"Historique et d\u00e9veloppements"},{"@type":"BreadcrumbList","@id":"https:\/\/www.istegroup.com\/fr\/produit\/les-humanites-digitales\/#breadcrumb","itemListElement":[{"@type":"ListItem","position":1,"name":"Home","item":"https:\/\/www.istegroup.com\/"},{"@type":"ListItem","position":2,"name":"Shop","item":"https:\/\/www.istegroup.com\/fr\/nouveautes\/"},{"@type":"ListItem","position":3,"name":"Les humanit\u00e9s digitales"}]},{"@type":"WebSite","@id":"https:\/\/www.istegroup.com\/#website","url":"https:\/\/www.istegroup.com\/","name":"ISTE Group","description":"Publishing Knowledge","potentialAction":[{"@type":"SearchAction","target":{"@type":"EntryPoint","urlTemplate":"https:\/\/www.istegroup.com\/?s={search_term_string}"},"query-input":{"@type":"PropertyValueSpecification","valueRequired":true,"valueName":"search_term_string"}}],"inLanguage":"en-US"}]}},"_links":{"self":[{"href":"https:\/\/www.istegroup.com\/en\/wp-json\/wp\/v2\/product\/9061","targetHints":{"allow":["GET"]}}],"collection":[{"href":"https:\/\/www.istegroup.com\/en\/wp-json\/wp\/v2\/product"}],"about":[{"href":"https:\/\/www.istegroup.com\/en\/wp-json\/wp\/v2\/types\/product"}],"wp:featuredmedia":[{"embeddable":true,"href":"https:\/\/www.istegroup.com\/en\/wp-json\/wp\/v2\/media\/9067"}],"wp:attachment":[{"href":"https:\/\/www.istegroup.com\/en\/wp-json\/wp\/v2\/media?parent=9061"}],"wp:term":[{"taxonomy":"product_brand","embeddable":true,"href":"https:\/\/www.istegroup.com\/en\/wp-json\/wp\/v2\/product_brand?post=9061"},{"taxonomy":"product_cat","embeddable":true,"href":"https:\/\/www.istegroup.com\/en\/wp-json\/wp\/v2\/product_cat?post=9061"},{"taxonomy":"product_tag","embeddable":true,"href":"https:\/\/www.istegroup.com\/en\/wp-json\/wp\/v2\/product_tag?post=9061"}],"curies":[{"name":"wp","href":"https:\/\/api.w.org\/{rel}","templated":true}]}}