{"id":9056,"date":"2018-01-12T16:03:46","date_gmt":"2018-01-12T15:03:46","guid":{"rendered":"https:\/\/iste.yhello.co\/?post_type=product&#038;p=9056"},"modified":"2024-01-03T13:41:16","modified_gmt":"2024-01-03T13:41:16","slug":"automatique-analogique-et-techniques-de-commande-et-regulation-numerique","status":"publish","type":"product","link":"https:\/\/www.istegroup.com\/en\/produit\/automatique-analogique-et-techniques-de-commande-et-regulation-numerique\/","title":{"rendered":"Automatique analogique et techniques de commande et r\u00e9gulation num\u00e9rique"},"content":{"rendered":"<p>Cet ouvrage est un guide didactique de ma\u00eetrise de l\u2019automatique analogique et d\u2019apprentissage rapide de la r\u00e9gulation assist\u00e9e par calculateur num\u00e9rique de processus dynamiques.<\/p>\n<p>Il permet aux lecteurs de consolider leurs exp\u00e9riences en automatique analogique, en vue de mieux appr\u00e9hender l\u2019univers des r\u00e9gulateurs assist\u00e9s par calculateur num\u00e9rique. Il traite des enjeux de la technologie de r\u00e9gulation assist\u00e9e par ordinateur et de la mod\u00e9lisation exp\u00e9rimentale des processus dynamiques. Il pr\u00e9sente les techniques de synth\u00e8se et de simulation par ordinateur des sch\u00e9mas blocs discrets de boucles de r\u00e9gulation num\u00e9rique, ainsi que les outils modernes de conception rapide des r\u00e9gulateurs optimaux PID. Enfin, cet ouvrage propose des m\u00e9thodes de discr\u00e9tisation des mod\u00e8les d\u2019\u00e9tat de processus dynamiques.<\/p>\n<p>Les lecteurs y d\u00e9couvriront aussi des programmes Matlab didactiques permettant de reproduire les r\u00e9sultats num\u00e9riques et graphiques pr\u00e9sent\u00e9s, ainsi que des exercices de consolidation corrig\u00e9s en fin de chapitres.<\/p>\n","protected":false},"excerpt":{"rendered":"<p>Cet ouvrage est un guide didactique de ma\u00eetrise de l\u2019automatique analogique et d\u2019apprentissage rapide de la r\u00e9gulation assist\u00e9e par calculateur num\u00e9rique de processus dynamiques. Il permet aux lecteurs de consolider leurs exp\u00e9riences en automatique analogique, en vue de mieux appr\u00e9hender l\u2019univers des r\u00e9gulateurs assist\u00e9s par calculateur num\u00e9rique. Il traite des enjeux de la technologie de [&hellip;]<\/p>\n","protected":false},"featured_media":9060,"template":"","meta":{"_acf_changed":false,"_links_to":"","_links_to_target":""},"product_brand":[],"product_cat":[3259],"product_tag":[],"class_list":{"0":"post-9056","1":"product","2":"type-product","3":"status-publish","4":"has-post-thumbnail","6":"product_cat-uncategorized","8":"first","9":"instock","10":"shipping-taxable","11":"purchasable","12":"product-type-variable"},"acf":[],"yoast_head":"<!-- This site is optimized with the Yoast SEO plugin v27.2 - https:\/\/yoast.com\/product\/yoast-seo-wordpress\/ -->\n<title>Automatique analogique et techniques de commande et r\u00e9gulation num\u00e9rique - ISTE Group<\/title>\n<meta name=\"robots\" content=\"index, follow, max-snippet:-1, max-image-preview:large, max-video-preview:-1\" \/>\n<link rel=\"canonical\" href=\"https:\/\/www.istegroup.com\/fr\/produit\/automatique-analogique-et-techniques-de-commande-et-regulation-numerique\/\" \/>\n<meta property=\"og:locale\" content=\"en_US\" \/>\n<meta property=\"og:type\" content=\"article\" \/>\n<meta property=\"og:title\" content=\"Automatique analogique et techniques de commande et r\u00e9gulation num\u00e9rique - ISTE Group\" \/>\n<meta property=\"og:description\" content=\"Cet ouvrage est un guide didactique de ma\u00eetrise de l\u2019automatique analogique et d\u2019apprentissage rapide de la r\u00e9gulation assist\u00e9e par calculateur num\u00e9rique de processus dynamiques. Il permet aux lecteurs de consolider leurs exp\u00e9riences en automatique analogique, en vue de mieux appr\u00e9hender l\u2019univers des r\u00e9gulateurs assist\u00e9s par calculateur num\u00e9rique. Il traite des enjeux de la technologie de [&hellip;]\" \/>\n<meta property=\"og:url\" content=\"https:\/\/www.istegroup.com\/fr\/produit\/automatique-analogique-et-techniques-de-commande-et-regulation-numerique\/\" \/>\n<meta property=\"og:site_name\" content=\"ISTE Group\" \/>\n<meta property=\"article:modified_time\" content=\"2024-01-03T13:41:16+00:00\" \/>\n<meta property=\"og:image\" content=\"https:\/\/www.istegroup.com\/wp-content\/uploads\/2018\/01\/Mbihi-1-Cover-scaled.jpg\" \/>\n\t<meta property=\"og:image:width\" content=\"1688\" \/>\n\t<meta property=\"og:image:height\" content=\"2560\" \/>\n\t<meta property=\"og:image:type\" content=\"image\/jpeg\" \/>\n<meta name=\"twitter:card\" content=\"summary_large_image\" \/>\n<meta name=\"twitter:label1\" content=\"Est. reading time\" \/>\n\t<meta name=\"twitter:data1\" content=\"1 minute\" \/>\n<script type=\"application\/ld+json\" class=\"yoast-schema-graph\">{\"@context\":\"https:\/\/schema.org\",\"@graph\":[{\"@type\":\"WebPage\",\"@id\":\"https:\/\/www.istegroup.com\/fr\/produit\/automatique-analogique-et-techniques-de-commande-et-regulation-numerique\/\",\"url\":\"https:\/\/www.istegroup.com\/fr\/produit\/automatique-analogique-et-techniques-de-commande-et-regulation-numerique\/\",\"name\":\"Automatique analogique et techniques de commande et r\u00e9gulation num\u00e9rique - ISTE Group\",\"isPartOf\":{\"@id\":\"https:\/\/www.istegroup.com\/#website\"},\"primaryImageOfPage\":{\"@id\":\"https:\/\/www.istegroup.com\/fr\/produit\/automatique-analogique-et-techniques-de-commande-et-regulation-numerique\/#primaryimage\"},\"image\":{\"@id\":\"https:\/\/www.istegroup.com\/fr\/produit\/automatique-analogique-et-techniques-de-commande-et-regulation-numerique\/#primaryimage\"},\"thumbnailUrl\":\"https:\/\/www.istegroup.com\/wp-content\/uploads\/2018\/01\/Mbihi-1-Cover-scaled.jpg\",\"datePublished\":\"2018-01-12T15:03:46+00:00\",\"dateModified\":\"2024-01-03T13:41:16+00:00\",\"breadcrumb\":{\"@id\":\"https:\/\/www.istegroup.com\/fr\/produit\/automatique-analogique-et-techniques-de-commande-et-regulation-numerique\/#breadcrumb\"},\"inLanguage\":\"en-US\",\"potentialAction\":[{\"@type\":\"ReadAction\",\"target\":[\"https:\/\/www.istegroup.com\/fr\/produit\/automatique-analogique-et-techniques-de-commande-et-regulation-numerique\/\"]}]},{\"@type\":\"ImageObject\",\"inLanguage\":\"en-US\",\"@id\":\"https:\/\/www.istegroup.com\/fr\/produit\/automatique-analogique-et-techniques-de-commande-et-regulation-numerique\/#primaryimage\",\"url\":\"https:\/\/www.istegroup.com\/wp-content\/uploads\/2018\/01\/Mbihi-1-Cover-scaled.jpg\",\"contentUrl\":\"https:\/\/www.istegroup.com\/wp-content\/uploads\/2018\/01\/Mbihi-1-Cover-scaled.jpg\",\"width\":1688,\"height\":2560,\"caption\":\"Automatique analogique et techniques de commande et r\u00e9gulation num\u00e9rique\"},{\"@type\":\"BreadcrumbList\",\"@id\":\"https:\/\/www.istegroup.com\/fr\/produit\/automatique-analogique-et-techniques-de-commande-et-regulation-numerique\/#breadcrumb\",\"itemListElement\":[{\"@type\":\"ListItem\",\"position\":1,\"name\":\"Home\",\"item\":\"https:\/\/www.istegroup.com\/\"},{\"@type\":\"ListItem\",\"position\":2,\"name\":\"Shop\",\"item\":\"https:\/\/www.istegroup.com\/fr\/nouveautes\/\"},{\"@type\":\"ListItem\",\"position\":3,\"name\":\"Automatique analogique et techniques de commande et r\u00e9gulation num\u00e9rique\"}]},{\"@type\":\"WebSite\",\"@id\":\"https:\/\/www.istegroup.com\/#website\",\"url\":\"https:\/\/www.istegroup.com\/\",\"name\":\"ISTE Group\",\"description\":\"Publishing Knowledge\",\"potentialAction\":[{\"@type\":\"SearchAction\",\"target\":{\"@type\":\"EntryPoint\",\"urlTemplate\":\"https:\/\/www.istegroup.com\/?s={search_term_string}\"},\"query-input\":{\"@type\":\"PropertyValueSpecification\",\"valueRequired\":true,\"valueName\":\"search_term_string\"}}],\"inLanguage\":\"en-US\"}]}<\/script>\n<!-- \/ Yoast SEO plugin. -->","yoast_head_json":{"title":"Automatique analogique et techniques de commande et r\u00e9gulation num\u00e9rique - ISTE Group","robots":{"index":"index","follow":"follow","max-snippet":"max-snippet:-1","max-image-preview":"max-image-preview:large","max-video-preview":"max-video-preview:-1"},"canonical":"https:\/\/www.istegroup.com\/fr\/produit\/automatique-analogique-et-techniques-de-commande-et-regulation-numerique\/","og_locale":"en_US","og_type":"article","og_title":"Automatique analogique et techniques de commande et r\u00e9gulation num\u00e9rique - ISTE Group","og_description":"Cet ouvrage est un guide didactique de ma\u00eetrise de l\u2019automatique analogique et d\u2019apprentissage rapide de la r\u00e9gulation assist\u00e9e par calculateur num\u00e9rique de processus dynamiques. Il permet aux lecteurs de consolider leurs exp\u00e9riences en automatique analogique, en vue de mieux appr\u00e9hender l\u2019univers des r\u00e9gulateurs assist\u00e9s par calculateur num\u00e9rique. Il traite des enjeux de la technologie de [&hellip;]","og_url":"https:\/\/www.istegroup.com\/fr\/produit\/automatique-analogique-et-techniques-de-commande-et-regulation-numerique\/","og_site_name":"ISTE Group","article_modified_time":"2024-01-03T13:41:16+00:00","og_image":[{"width":1688,"height":2560,"url":"https:\/\/www.istegroup.com\/wp-content\/uploads\/2018\/01\/Mbihi-1-Cover-scaled.jpg","type":"image\/jpeg"}],"twitter_card":"summary_large_image","twitter_misc":{"Est. reading time":"1 minute"},"schema":{"@context":"https:\/\/schema.org","@graph":[{"@type":"WebPage","@id":"https:\/\/www.istegroup.com\/fr\/produit\/automatique-analogique-et-techniques-de-commande-et-regulation-numerique\/","url":"https:\/\/www.istegroup.com\/fr\/produit\/automatique-analogique-et-techniques-de-commande-et-regulation-numerique\/","name":"Automatique analogique et techniques de commande et r\u00e9gulation num\u00e9rique - ISTE Group","isPartOf":{"@id":"https:\/\/www.istegroup.com\/#website"},"primaryImageOfPage":{"@id":"https:\/\/www.istegroup.com\/fr\/produit\/automatique-analogique-et-techniques-de-commande-et-regulation-numerique\/#primaryimage"},"image":{"@id":"https:\/\/www.istegroup.com\/fr\/produit\/automatique-analogique-et-techniques-de-commande-et-regulation-numerique\/#primaryimage"},"thumbnailUrl":"https:\/\/www.istegroup.com\/wp-content\/uploads\/2018\/01\/Mbihi-1-Cover-scaled.jpg","datePublished":"2018-01-12T15:03:46+00:00","dateModified":"2024-01-03T13:41:16+00:00","breadcrumb":{"@id":"https:\/\/www.istegroup.com\/fr\/produit\/automatique-analogique-et-techniques-de-commande-et-regulation-numerique\/#breadcrumb"},"inLanguage":"en-US","potentialAction":[{"@type":"ReadAction","target":["https:\/\/www.istegroup.com\/fr\/produit\/automatique-analogique-et-techniques-de-commande-et-regulation-numerique\/"]}]},{"@type":"ImageObject","inLanguage":"en-US","@id":"https:\/\/www.istegroup.com\/fr\/produit\/automatique-analogique-et-techniques-de-commande-et-regulation-numerique\/#primaryimage","url":"https:\/\/www.istegroup.com\/wp-content\/uploads\/2018\/01\/Mbihi-1-Cover-scaled.jpg","contentUrl":"https:\/\/www.istegroup.com\/wp-content\/uploads\/2018\/01\/Mbihi-1-Cover-scaled.jpg","width":1688,"height":2560,"caption":"Automatique analogique et techniques de commande et r\u00e9gulation num\u00e9rique"},{"@type":"BreadcrumbList","@id":"https:\/\/www.istegroup.com\/fr\/produit\/automatique-analogique-et-techniques-de-commande-et-regulation-numerique\/#breadcrumb","itemListElement":[{"@type":"ListItem","position":1,"name":"Home","item":"https:\/\/www.istegroup.com\/"},{"@type":"ListItem","position":2,"name":"Shop","item":"https:\/\/www.istegroup.com\/fr\/nouveautes\/"},{"@type":"ListItem","position":3,"name":"Automatique analogique et techniques de commande et r\u00e9gulation num\u00e9rique"}]},{"@type":"WebSite","@id":"https:\/\/www.istegroup.com\/#website","url":"https:\/\/www.istegroup.com\/","name":"ISTE Group","description":"Publishing Knowledge","potentialAction":[{"@type":"SearchAction","target":{"@type":"EntryPoint","urlTemplate":"https:\/\/www.istegroup.com\/?s={search_term_string}"},"query-input":{"@type":"PropertyValueSpecification","valueRequired":true,"valueName":"search_term_string"}}],"inLanguage":"en-US"}]}},"_links":{"self":[{"href":"https:\/\/www.istegroup.com\/en\/wp-json\/wp\/v2\/product\/9056","targetHints":{"allow":["GET"]}}],"collection":[{"href":"https:\/\/www.istegroup.com\/en\/wp-json\/wp\/v2\/product"}],"about":[{"href":"https:\/\/www.istegroup.com\/en\/wp-json\/wp\/v2\/types\/product"}],"wp:featuredmedia":[{"embeddable":true,"href":"https:\/\/www.istegroup.com\/en\/wp-json\/wp\/v2\/media\/9060"}],"wp:attachment":[{"href":"https:\/\/www.istegroup.com\/en\/wp-json\/wp\/v2\/media?parent=9056"}],"wp:term":[{"taxonomy":"product_brand","embeddable":true,"href":"https:\/\/www.istegroup.com\/en\/wp-json\/wp\/v2\/product_brand?post=9056"},{"taxonomy":"product_cat","embeddable":true,"href":"https:\/\/www.istegroup.com\/en\/wp-json\/wp\/v2\/product_cat?post=9056"},{"taxonomy":"product_tag","embeddable":true,"href":"https:\/\/www.istegroup.com\/en\/wp-json\/wp\/v2\/product_tag?post=9056"}],"curies":[{"name":"wp","href":"https:\/\/api.w.org\/{rel}","templated":true}]}}