{"id":9049,"date":"2018-01-12T15:59:46","date_gmt":"2018-01-12T14:59:46","guid":{"rendered":"https:\/\/iste.yhello.co\/?post_type=product&#038;p=9049"},"modified":"2024-01-03T13:41:16","modified_gmt":"2024-01-03T13:41:16","slug":"techniques-avancees-et-technologie-de-commande-et-regulation-assistee-par-ordinateur","status":"publish","type":"product","link":"https:\/\/www.istegroup.com\/en\/produit\/techniques-avancees-et-technologie-de-commande-et-regulation-assistee-par-ordinateur\/","title":{"rendered":"Techniques avanc\u00e9es et technologie de commande et r\u00e9gulation assist\u00e9e par ordinateur"},"content":{"rendered":"<p>Cet ouvrage est un guide didactique d\u2019apprentissage rapide des techniques avanc\u00e9es et de la technologie moderne de r\u00e9gulation assist\u00e9e par ordinateur, ainsi que des processus dynamiques d\u00e9terministes et stochastiques.<\/p>\n<p>Il examine des techniques de construction de mod\u00e8les d\u2019\u00e9tat discrets canoniques de processus dynamiques, ainsi que des m\u00e9thodes de conception de r\u00e9gulateurs num\u00e9riques par retour d\u2019\u00e9tat discret avec ou sans observateur. Il pr\u00e9sente des sch\u00e9mas algorithmiques d\u00e9taill\u00e9s de syst\u00e8mes de commande optimale d\u00e9terministe ou stochastique. Enfin, il d\u00e9voile des secrets de cr\u00e9ation et de mise en oeuvre, de plateformes didactiques multim\u00e9dias de r\u00e9gulation assist\u00e9e par ordinateur et de syst\u00e8mes de r\u00e9gulation t\u00e9l\u00e9-op\u00e9rables en temps r\u00e9el via Internet.<\/p>\n<p>Les lecteurs y d\u00e9couvriront aussi des programmes Matlab didactiques permettant de reproduire les r\u00e9sultats num\u00e9riques et graphiques pr\u00e9sent\u00e9s, ainsi que des exercices corrig\u00e9s en fin de chapitres en vue de consolider les connaissances techniques et technologiques acquises.<\/p>\n","protected":false},"excerpt":{"rendered":"<p>Cet ouvrage est un guide didactique d\u2019apprentissage rapide des techniques avanc\u00e9es et de la technologie moderne de r\u00e9gulation assist\u00e9e par ordinateur, ainsi que des processus dynamiques d\u00e9terministes et stochastiques. Il examine des techniques de construction de mod\u00e8les d\u2019\u00e9tat discrets canoniques de processus dynamiques, ainsi que des m\u00e9thodes de conception de r\u00e9gulateurs num\u00e9riques par retour d\u2019\u00e9tat [&hellip;]<\/p>\n","protected":false},"featured_media":9055,"template":"","meta":{"_acf_changed":false,"_links_to":"","_links_to_target":""},"product_brand":[],"product_cat":[3259],"product_tag":[],"class_list":{"0":"post-9049","1":"product","2":"type-product","3":"status-publish","4":"has-post-thumbnail","6":"product_cat-uncategorized","8":"first","9":"instock","10":"shipping-taxable","11":"purchasable","12":"product-type-variable"},"acf":[],"yoast_head":"<!-- This site is optimized with the Yoast SEO plugin v27.2 - https:\/\/yoast.com\/product\/yoast-seo-wordpress\/ -->\n<title>Techniques avanc\u00e9es et technologie de commande et r\u00e9gulation assist\u00e9e par ordinateur - ISTE Group<\/title>\n<meta name=\"robots\" content=\"index, follow, max-snippet:-1, max-image-preview:large, max-video-preview:-1\" \/>\n<link rel=\"canonical\" href=\"https:\/\/www.istegroup.com\/en\/produit\/techniques-avancees-et-technologie-de-commande-et-regulation-assistee-par-ordinateur\/\" \/>\n<meta property=\"og:locale\" content=\"en_US\" \/>\n<meta property=\"og:type\" content=\"article\" \/>\n<meta property=\"og:title\" content=\"Techniques avanc\u00e9es et technologie de commande et r\u00e9gulation assist\u00e9e par ordinateur - ISTE Group\" \/>\n<meta property=\"og:description\" content=\"Cet ouvrage est un guide didactique d\u2019apprentissage rapide des techniques avanc\u00e9es et de la technologie moderne de r\u00e9gulation assist\u00e9e par ordinateur, ainsi que des processus dynamiques d\u00e9terministes et stochastiques. Il examine des techniques de construction de mod\u00e8les d\u2019\u00e9tat discrets canoniques de processus dynamiques, ainsi que des m\u00e9thodes de conception de r\u00e9gulateurs num\u00e9riques par retour d\u2019\u00e9tat [&hellip;]\" \/>\n<meta property=\"og:url\" content=\"https:\/\/www.istegroup.com\/en\/produit\/techniques-avancees-et-technologie-de-commande-et-regulation-assistee-par-ordinateur\/\" \/>\n<meta property=\"og:site_name\" content=\"ISTE Group\" \/>\n<meta property=\"article:modified_time\" content=\"2024-01-03T13:41:16+00:00\" \/>\n<meta property=\"og:image\" content=\"https:\/\/www.istegroup.com\/wp-content\/uploads\/2018\/01\/Mbihi-2-Cover-scaled.jpg\" \/>\n\t<meta property=\"og:image:width\" content=\"1689\" \/>\n\t<meta property=\"og:image:height\" content=\"2560\" \/>\n\t<meta property=\"og:image:type\" content=\"image\/jpeg\" \/>\n<meta name=\"twitter:card\" content=\"summary_large_image\" \/>\n<meta name=\"twitter:label1\" content=\"Est. reading time\" \/>\n\t<meta name=\"twitter:data1\" content=\"1 minute\" \/>\n<script type=\"application\/ld+json\" class=\"yoast-schema-graph\">{\"@context\":\"https:\/\/schema.org\",\"@graph\":[{\"@type\":\"WebPage\",\"@id\":\"https:\/\/www.istegroup.com\/en\/produit\/techniques-avancees-et-technologie-de-commande-et-regulation-assistee-par-ordinateur\/\",\"url\":\"https:\/\/www.istegroup.com\/en\/produit\/techniques-avancees-et-technologie-de-commande-et-regulation-assistee-par-ordinateur\/\",\"name\":\"Techniques avanc\u00e9es et technologie de commande et r\u00e9gulation assist\u00e9e par ordinateur - ISTE Group\",\"isPartOf\":{\"@id\":\"https:\/\/www.istegroup.com\/#website\"},\"primaryImageOfPage\":{\"@id\":\"https:\/\/www.istegroup.com\/en\/produit\/techniques-avancees-et-technologie-de-commande-et-regulation-assistee-par-ordinateur\/#primaryimage\"},\"image\":{\"@id\":\"https:\/\/www.istegroup.com\/en\/produit\/techniques-avancees-et-technologie-de-commande-et-regulation-assistee-par-ordinateur\/#primaryimage\"},\"thumbnailUrl\":\"https:\/\/www.istegroup.com\/wp-content\/uploads\/2018\/01\/Mbihi-2-Cover-scaled.jpg\",\"datePublished\":\"2018-01-12T14:59:46+00:00\",\"dateModified\":\"2024-01-03T13:41:16+00:00\",\"breadcrumb\":{\"@id\":\"https:\/\/www.istegroup.com\/en\/produit\/techniques-avancees-et-technologie-de-commande-et-regulation-assistee-par-ordinateur\/#breadcrumb\"},\"inLanguage\":\"en-US\",\"potentialAction\":[{\"@type\":\"ReadAction\",\"target\":[\"https:\/\/www.istegroup.com\/en\/produit\/techniques-avancees-et-technologie-de-commande-et-regulation-assistee-par-ordinateur\/\"]}]},{\"@type\":\"ImageObject\",\"inLanguage\":\"en-US\",\"@id\":\"https:\/\/www.istegroup.com\/en\/produit\/techniques-avancees-et-technologie-de-commande-et-regulation-assistee-par-ordinateur\/#primaryimage\",\"url\":\"https:\/\/www.istegroup.com\/wp-content\/uploads\/2018\/01\/Mbihi-2-Cover-scaled.jpg\",\"contentUrl\":\"https:\/\/www.istegroup.com\/wp-content\/uploads\/2018\/01\/Mbihi-2-Cover-scaled.jpg\",\"width\":1689,\"height\":2560,\"caption\":\"Techniques avanc\u00e9es et technologie de commande et r\u00e9gulation assist\u00e9e par ordinateur\"},{\"@type\":\"BreadcrumbList\",\"@id\":\"https:\/\/www.istegroup.com\/en\/produit\/techniques-avancees-et-technologie-de-commande-et-regulation-assistee-par-ordinateur\/#breadcrumb\",\"itemListElement\":[{\"@type\":\"ListItem\",\"position\":1,\"name\":\"Home\",\"item\":\"https:\/\/www.istegroup.com\/\"},{\"@type\":\"ListItem\",\"position\":2,\"name\":\"Shop\",\"item\":\"https:\/\/www.istegroup.com\/fr\/nouveautes\/\"},{\"@type\":\"ListItem\",\"position\":3,\"name\":\"Techniques avanc\u00e9es et technologie de commande et r\u00e9gulation assist\u00e9e par ordinateur\"}]},{\"@type\":\"WebSite\",\"@id\":\"https:\/\/www.istegroup.com\/#website\",\"url\":\"https:\/\/www.istegroup.com\/\",\"name\":\"ISTE Group\",\"description\":\"Publishing Knowledge\",\"potentialAction\":[{\"@type\":\"SearchAction\",\"target\":{\"@type\":\"EntryPoint\",\"urlTemplate\":\"https:\/\/www.istegroup.com\/?s={search_term_string}\"},\"query-input\":{\"@type\":\"PropertyValueSpecification\",\"valueRequired\":true,\"valueName\":\"search_term_string\"}}],\"inLanguage\":\"en-US\"}]}<\/script>\n<!-- \/ Yoast SEO plugin. -->","yoast_head_json":{"title":"Techniques avanc\u00e9es et technologie de commande et r\u00e9gulation assist\u00e9e par ordinateur - ISTE Group","robots":{"index":"index","follow":"follow","max-snippet":"max-snippet:-1","max-image-preview":"max-image-preview:large","max-video-preview":"max-video-preview:-1"},"canonical":"https:\/\/www.istegroup.com\/en\/produit\/techniques-avancees-et-technologie-de-commande-et-regulation-assistee-par-ordinateur\/","og_locale":"en_US","og_type":"article","og_title":"Techniques avanc\u00e9es et technologie de commande et r\u00e9gulation assist\u00e9e par ordinateur - ISTE Group","og_description":"Cet ouvrage est un guide didactique d\u2019apprentissage rapide des techniques avanc\u00e9es et de la technologie moderne de r\u00e9gulation assist\u00e9e par ordinateur, ainsi que des processus dynamiques d\u00e9terministes et stochastiques. Il examine des techniques de construction de mod\u00e8les d\u2019\u00e9tat discrets canoniques de processus dynamiques, ainsi que des m\u00e9thodes de conception de r\u00e9gulateurs num\u00e9riques par retour d\u2019\u00e9tat [&hellip;]","og_url":"https:\/\/www.istegroup.com\/en\/produit\/techniques-avancees-et-technologie-de-commande-et-regulation-assistee-par-ordinateur\/","og_site_name":"ISTE Group","article_modified_time":"2024-01-03T13:41:16+00:00","og_image":[{"width":1689,"height":2560,"url":"https:\/\/www.istegroup.com\/wp-content\/uploads\/2018\/01\/Mbihi-2-Cover-scaled.jpg","type":"image\/jpeg"}],"twitter_card":"summary_large_image","twitter_misc":{"Est. reading time":"1 minute"},"schema":{"@context":"https:\/\/schema.org","@graph":[{"@type":"WebPage","@id":"https:\/\/www.istegroup.com\/en\/produit\/techniques-avancees-et-technologie-de-commande-et-regulation-assistee-par-ordinateur\/","url":"https:\/\/www.istegroup.com\/en\/produit\/techniques-avancees-et-technologie-de-commande-et-regulation-assistee-par-ordinateur\/","name":"Techniques avanc\u00e9es et technologie de commande et r\u00e9gulation assist\u00e9e par ordinateur - ISTE Group","isPartOf":{"@id":"https:\/\/www.istegroup.com\/#website"},"primaryImageOfPage":{"@id":"https:\/\/www.istegroup.com\/en\/produit\/techniques-avancees-et-technologie-de-commande-et-regulation-assistee-par-ordinateur\/#primaryimage"},"image":{"@id":"https:\/\/www.istegroup.com\/en\/produit\/techniques-avancees-et-technologie-de-commande-et-regulation-assistee-par-ordinateur\/#primaryimage"},"thumbnailUrl":"https:\/\/www.istegroup.com\/wp-content\/uploads\/2018\/01\/Mbihi-2-Cover-scaled.jpg","datePublished":"2018-01-12T14:59:46+00:00","dateModified":"2024-01-03T13:41:16+00:00","breadcrumb":{"@id":"https:\/\/www.istegroup.com\/en\/produit\/techniques-avancees-et-technologie-de-commande-et-regulation-assistee-par-ordinateur\/#breadcrumb"},"inLanguage":"en-US","potentialAction":[{"@type":"ReadAction","target":["https:\/\/www.istegroup.com\/en\/produit\/techniques-avancees-et-technologie-de-commande-et-regulation-assistee-par-ordinateur\/"]}]},{"@type":"ImageObject","inLanguage":"en-US","@id":"https:\/\/www.istegroup.com\/en\/produit\/techniques-avancees-et-technologie-de-commande-et-regulation-assistee-par-ordinateur\/#primaryimage","url":"https:\/\/www.istegroup.com\/wp-content\/uploads\/2018\/01\/Mbihi-2-Cover-scaled.jpg","contentUrl":"https:\/\/www.istegroup.com\/wp-content\/uploads\/2018\/01\/Mbihi-2-Cover-scaled.jpg","width":1689,"height":2560,"caption":"Techniques avanc\u00e9es et technologie de commande et r\u00e9gulation assist\u00e9e par ordinateur"},{"@type":"BreadcrumbList","@id":"https:\/\/www.istegroup.com\/en\/produit\/techniques-avancees-et-technologie-de-commande-et-regulation-assistee-par-ordinateur\/#breadcrumb","itemListElement":[{"@type":"ListItem","position":1,"name":"Home","item":"https:\/\/www.istegroup.com\/"},{"@type":"ListItem","position":2,"name":"Shop","item":"https:\/\/www.istegroup.com\/fr\/nouveautes\/"},{"@type":"ListItem","position":3,"name":"Techniques avanc\u00e9es et technologie de commande et r\u00e9gulation assist\u00e9e par ordinateur"}]},{"@type":"WebSite","@id":"https:\/\/www.istegroup.com\/#website","url":"https:\/\/www.istegroup.com\/","name":"ISTE Group","description":"Publishing Knowledge","potentialAction":[{"@type":"SearchAction","target":{"@type":"EntryPoint","urlTemplate":"https:\/\/www.istegroup.com\/?s={search_term_string}"},"query-input":{"@type":"PropertyValueSpecification","valueRequired":true,"valueName":"search_term_string"}}],"inLanguage":"en-US"}]}},"_links":{"self":[{"href":"https:\/\/www.istegroup.com\/en\/wp-json\/wp\/v2\/product\/9049","targetHints":{"allow":["GET"]}}],"collection":[{"href":"https:\/\/www.istegroup.com\/en\/wp-json\/wp\/v2\/product"}],"about":[{"href":"https:\/\/www.istegroup.com\/en\/wp-json\/wp\/v2\/types\/product"}],"wp:featuredmedia":[{"embeddable":true,"href":"https:\/\/www.istegroup.com\/en\/wp-json\/wp\/v2\/media\/9055"}],"wp:attachment":[{"href":"https:\/\/www.istegroup.com\/en\/wp-json\/wp\/v2\/media?parent=9049"}],"wp:term":[{"taxonomy":"product_brand","embeddable":true,"href":"https:\/\/www.istegroup.com\/en\/wp-json\/wp\/v2\/product_brand?post=9049"},{"taxonomy":"product_cat","embeddable":true,"href":"https:\/\/www.istegroup.com\/en\/wp-json\/wp\/v2\/product_cat?post=9049"},{"taxonomy":"product_tag","embeddable":true,"href":"https:\/\/www.istegroup.com\/en\/wp-json\/wp\/v2\/product_tag?post=9049"}],"curies":[{"name":"wp","href":"https:\/\/api.w.org\/{rel}","templated":true}]}}