{"id":9042,"date":"2018-01-12T15:53:33","date_gmt":"2018-01-12T14:53:33","guid":{"rendered":"https:\/\/iste.yhello.co\/?post_type=product&#038;p=9042"},"modified":"2024-01-03T13:41:16","modified_gmt":"2024-01-03T13:41:16","slug":"ecosysteme-de-connaissances","status":"publish","type":"product","link":"https:\/\/www.istegroup.com\/en\/produit\/ecosysteme-de-connaissances\/","title":{"rendered":"\u00c9cosyst\u00e8me de connaissances"},"content":{"rendered":"<p>Le concept d\u2019\u00e9cosyst\u00e8me est de plus en plus utilis\u00e9 pour d\u00e9crire des situations o\u00f9 des acteurs multiples entretiennent des relations dynamiques. On parle notamment des \u00e9cosyst\u00e8mes de l\u2019\u00e9conomie num\u00e9rique ou de celui de l\u2019innovation.<\/p>\n<p><em>\u00c9cosyst\u00e8me des connaissances<\/em>\u00a0pr\u00e9sente une m\u00e9thode qui utilise l\u2019analogie de l\u2019\u00e9cosyst\u00e8me pour mod\u00e9liser et analyser l\u2019information et la communication. Il expose les usages du concept d\u2019\u00e9cosyst\u00e8me, puis offre les principes fondamentaux de notre m\u00e9thode fond\u00e9e sur la mod\u00e9lisation d\u2019existences info-communicationnelles. Enfin, il donne les sp\u00e9cifications graphiques et informatiques d\u2019une plateforme Web pour le d\u00e9veloppement des \u00e9cosyst\u00e8mes de connaissances.<\/p>\n","protected":false},"excerpt":{"rendered":"<p>Le concept d\u2019\u00e9cosyst\u00e8me est de plus en plus utilis\u00e9 pour d\u00e9crire des situations o\u00f9 des acteurs multiples entretiennent des relations dynamiques. On parle notamment des \u00e9cosyst\u00e8mes de l\u2019\u00e9conomie num\u00e9rique ou de celui de l\u2019innovation. \u00c9cosyst\u00e8me des connaissances\u00a0pr\u00e9sente une m\u00e9thode qui utilise l\u2019analogie de l\u2019\u00e9cosyst\u00e8me pour mod\u00e9liser et analyser l\u2019information et la communication. Il expose les [&hellip;]<\/p>\n","protected":false},"featured_media":9048,"template":"","meta":{"_acf_changed":false,"_links_to":"","_links_to_target":""},"product_brand":[],"product_cat":[3259],"product_tag":[],"class_list":{"0":"post-9042","1":"product","2":"type-product","3":"status-publish","4":"has-post-thumbnail","6":"product_cat-uncategorized","8":"first","9":"instock","10":"shipping-taxable","11":"purchasable","12":"product-type-variable"},"acf":[],"yoast_head":"<!-- This site is optimized with the Yoast SEO plugin v27.2 - https:\/\/yoast.com\/product\/yoast-seo-wordpress\/ -->\n<title>\u00c9cosyst\u00e8me de connaissances - ISTE Group<\/title>\n<meta name=\"robots\" content=\"index, follow, max-snippet:-1, max-image-preview:large, max-video-preview:-1\" \/>\n<link rel=\"canonical\" href=\"https:\/\/www.istegroup.com\/en\/produit\/ecosysteme-de-connaissances\/\" \/>\n<meta property=\"og:locale\" content=\"en_US\" \/>\n<meta property=\"og:type\" content=\"article\" \/>\n<meta property=\"og:title\" content=\"\u00c9cosyst\u00e8me de connaissances - ISTE Group\" \/>\n<meta property=\"og:description\" content=\"Le concept d\u2019\u00e9cosyst\u00e8me est de plus en plus utilis\u00e9 pour d\u00e9crire des situations o\u00f9 des acteurs multiples entretiennent des relations dynamiques. On parle notamment des \u00e9cosyst\u00e8mes de l\u2019\u00e9conomie num\u00e9rique ou de celui de l\u2019innovation. \u00c9cosyst\u00e8me des connaissances\u00a0pr\u00e9sente une m\u00e9thode qui utilise l\u2019analogie de l\u2019\u00e9cosyst\u00e8me pour mod\u00e9liser et analyser l\u2019information et la communication. Il expose les [&hellip;]\" \/>\n<meta property=\"og:url\" content=\"https:\/\/www.istegroup.com\/en\/produit\/ecosysteme-de-connaissances\/\" \/>\n<meta property=\"og:site_name\" content=\"ISTE Group\" \/>\n<meta property=\"article:modified_time\" content=\"2024-01-03T13:41:16+00:00\" \/>\n<meta property=\"og:image\" content=\"https:\/\/www.istegroup.com\/wp-content\/uploads\/2018\/01\/Szoniecky-Cover-scaled.jpg\" \/>\n\t<meta property=\"og:image:width\" content=\"1671\" \/>\n\t<meta property=\"og:image:height\" content=\"2560\" \/>\n\t<meta property=\"og:image:type\" content=\"image\/jpeg\" \/>\n<meta name=\"twitter:card\" content=\"summary_large_image\" \/>\n<meta name=\"twitter:label1\" content=\"Est. reading time\" \/>\n\t<meta name=\"twitter:data1\" content=\"1 minute\" \/>\n<script type=\"application\/ld+json\" class=\"yoast-schema-graph\">{\"@context\":\"https:\/\/schema.org\",\"@graph\":[{\"@type\":\"WebPage\",\"@id\":\"https:\/\/www.istegroup.com\/en\/produit\/ecosysteme-de-connaissances\/\",\"url\":\"https:\/\/www.istegroup.com\/en\/produit\/ecosysteme-de-connaissances\/\",\"name\":\"\u00c9cosyst\u00e8me de connaissances - ISTE Group\",\"isPartOf\":{\"@id\":\"https:\/\/www.istegroup.com\/#website\"},\"primaryImageOfPage\":{\"@id\":\"https:\/\/www.istegroup.com\/en\/produit\/ecosysteme-de-connaissances\/#primaryimage\"},\"image\":{\"@id\":\"https:\/\/www.istegroup.com\/en\/produit\/ecosysteme-de-connaissances\/#primaryimage\"},\"thumbnailUrl\":\"https:\/\/www.istegroup.com\/wp-content\/uploads\/2018\/01\/Szoniecky-Cover-scaled.jpg\",\"datePublished\":\"2018-01-12T14:53:33+00:00\",\"dateModified\":\"2024-01-03T13:41:16+00:00\",\"breadcrumb\":{\"@id\":\"https:\/\/www.istegroup.com\/en\/produit\/ecosysteme-de-connaissances\/#breadcrumb\"},\"inLanguage\":\"en-US\",\"potentialAction\":[{\"@type\":\"ReadAction\",\"target\":[\"https:\/\/www.istegroup.com\/en\/produit\/ecosysteme-de-connaissances\/\"]}]},{\"@type\":\"ImageObject\",\"inLanguage\":\"en-US\",\"@id\":\"https:\/\/www.istegroup.com\/en\/produit\/ecosysteme-de-connaissances\/#primaryimage\",\"url\":\"https:\/\/www.istegroup.com\/wp-content\/uploads\/2018\/01\/Szoniecky-Cover-scaled.jpg\",\"contentUrl\":\"https:\/\/www.istegroup.com\/wp-content\/uploads\/2018\/01\/Szoniecky-Cover-scaled.jpg\",\"width\":1671,\"height\":2560,\"caption\":\"M\u00e9thode de mod\u00e9lisation et d\u2019analyse de l\u2019information et de la communication\"},{\"@type\":\"BreadcrumbList\",\"@id\":\"https:\/\/www.istegroup.com\/en\/produit\/ecosysteme-de-connaissances\/#breadcrumb\",\"itemListElement\":[{\"@type\":\"ListItem\",\"position\":1,\"name\":\"Home\",\"item\":\"https:\/\/www.istegroup.com\/\"},{\"@type\":\"ListItem\",\"position\":2,\"name\":\"Shop\",\"item\":\"https:\/\/www.istegroup.com\/fr\/nouveautes\/\"},{\"@type\":\"ListItem\",\"position\":3,\"name\":\"\u00c9cosyst\u00e8me de connaissances\"}]},{\"@type\":\"WebSite\",\"@id\":\"https:\/\/www.istegroup.com\/#website\",\"url\":\"https:\/\/www.istegroup.com\/\",\"name\":\"ISTE Group\",\"description\":\"Publishing Knowledge\",\"potentialAction\":[{\"@type\":\"SearchAction\",\"target\":{\"@type\":\"EntryPoint\",\"urlTemplate\":\"https:\/\/www.istegroup.com\/?s={search_term_string}\"},\"query-input\":{\"@type\":\"PropertyValueSpecification\",\"valueRequired\":true,\"valueName\":\"search_term_string\"}}],\"inLanguage\":\"en-US\"}]}<\/script>\n<!-- \/ Yoast SEO plugin. -->","yoast_head_json":{"title":"\u00c9cosyst\u00e8me de connaissances - ISTE Group","robots":{"index":"index","follow":"follow","max-snippet":"max-snippet:-1","max-image-preview":"max-image-preview:large","max-video-preview":"max-video-preview:-1"},"canonical":"https:\/\/www.istegroup.com\/en\/produit\/ecosysteme-de-connaissances\/","og_locale":"en_US","og_type":"article","og_title":"\u00c9cosyst\u00e8me de connaissances - ISTE Group","og_description":"Le concept d\u2019\u00e9cosyst\u00e8me est de plus en plus utilis\u00e9 pour d\u00e9crire des situations o\u00f9 des acteurs multiples entretiennent des relations dynamiques. On parle notamment des \u00e9cosyst\u00e8mes de l\u2019\u00e9conomie num\u00e9rique ou de celui de l\u2019innovation. \u00c9cosyst\u00e8me des connaissances\u00a0pr\u00e9sente une m\u00e9thode qui utilise l\u2019analogie de l\u2019\u00e9cosyst\u00e8me pour mod\u00e9liser et analyser l\u2019information et la communication. Il expose les [&hellip;]","og_url":"https:\/\/www.istegroup.com\/en\/produit\/ecosysteme-de-connaissances\/","og_site_name":"ISTE Group","article_modified_time":"2024-01-03T13:41:16+00:00","og_image":[{"width":1671,"height":2560,"url":"https:\/\/www.istegroup.com\/wp-content\/uploads\/2018\/01\/Szoniecky-Cover-scaled.jpg","type":"image\/jpeg"}],"twitter_card":"summary_large_image","twitter_misc":{"Est. reading time":"1 minute"},"schema":{"@context":"https:\/\/schema.org","@graph":[{"@type":"WebPage","@id":"https:\/\/www.istegroup.com\/en\/produit\/ecosysteme-de-connaissances\/","url":"https:\/\/www.istegroup.com\/en\/produit\/ecosysteme-de-connaissances\/","name":"\u00c9cosyst\u00e8me de connaissances - ISTE Group","isPartOf":{"@id":"https:\/\/www.istegroup.com\/#website"},"primaryImageOfPage":{"@id":"https:\/\/www.istegroup.com\/en\/produit\/ecosysteme-de-connaissances\/#primaryimage"},"image":{"@id":"https:\/\/www.istegroup.com\/en\/produit\/ecosysteme-de-connaissances\/#primaryimage"},"thumbnailUrl":"https:\/\/www.istegroup.com\/wp-content\/uploads\/2018\/01\/Szoniecky-Cover-scaled.jpg","datePublished":"2018-01-12T14:53:33+00:00","dateModified":"2024-01-03T13:41:16+00:00","breadcrumb":{"@id":"https:\/\/www.istegroup.com\/en\/produit\/ecosysteme-de-connaissances\/#breadcrumb"},"inLanguage":"en-US","potentialAction":[{"@type":"ReadAction","target":["https:\/\/www.istegroup.com\/en\/produit\/ecosysteme-de-connaissances\/"]}]},{"@type":"ImageObject","inLanguage":"en-US","@id":"https:\/\/www.istegroup.com\/en\/produit\/ecosysteme-de-connaissances\/#primaryimage","url":"https:\/\/www.istegroup.com\/wp-content\/uploads\/2018\/01\/Szoniecky-Cover-scaled.jpg","contentUrl":"https:\/\/www.istegroup.com\/wp-content\/uploads\/2018\/01\/Szoniecky-Cover-scaled.jpg","width":1671,"height":2560,"caption":"M\u00e9thode de mod\u00e9lisation et d\u2019analyse de l\u2019information et de la communication"},{"@type":"BreadcrumbList","@id":"https:\/\/www.istegroup.com\/en\/produit\/ecosysteme-de-connaissances\/#breadcrumb","itemListElement":[{"@type":"ListItem","position":1,"name":"Home","item":"https:\/\/www.istegroup.com\/"},{"@type":"ListItem","position":2,"name":"Shop","item":"https:\/\/www.istegroup.com\/fr\/nouveautes\/"},{"@type":"ListItem","position":3,"name":"\u00c9cosyst\u00e8me de connaissances"}]},{"@type":"WebSite","@id":"https:\/\/www.istegroup.com\/#website","url":"https:\/\/www.istegroup.com\/","name":"ISTE Group","description":"Publishing Knowledge","potentialAction":[{"@type":"SearchAction","target":{"@type":"EntryPoint","urlTemplate":"https:\/\/www.istegroup.com\/?s={search_term_string}"},"query-input":{"@type":"PropertyValueSpecification","valueRequired":true,"valueName":"search_term_string"}}],"inLanguage":"en-US"}]}},"_links":{"self":[{"href":"https:\/\/www.istegroup.com\/en\/wp-json\/wp\/v2\/product\/9042","targetHints":{"allow":["GET"]}}],"collection":[{"href":"https:\/\/www.istegroup.com\/en\/wp-json\/wp\/v2\/product"}],"about":[{"href":"https:\/\/www.istegroup.com\/en\/wp-json\/wp\/v2\/types\/product"}],"wp:featuredmedia":[{"embeddable":true,"href":"https:\/\/www.istegroup.com\/en\/wp-json\/wp\/v2\/media\/9048"}],"wp:attachment":[{"href":"https:\/\/www.istegroup.com\/en\/wp-json\/wp\/v2\/media?parent=9042"}],"wp:term":[{"taxonomy":"product_brand","embeddable":true,"href":"https:\/\/www.istegroup.com\/en\/wp-json\/wp\/v2\/product_brand?post=9042"},{"taxonomy":"product_cat","embeddable":true,"href":"https:\/\/www.istegroup.com\/en\/wp-json\/wp\/v2\/product_cat?post=9042"},{"taxonomy":"product_tag","embeddable":true,"href":"https:\/\/www.istegroup.com\/en\/wp-json\/wp\/v2\/product_tag?post=9042"}],"curies":[{"name":"wp","href":"https:\/\/api.w.org\/{rel}","templated":true}]}}