{"id":9035,"date":"2018-01-12T14:28:00","date_gmt":"2018-01-12T13:28:00","guid":{"rendered":"https:\/\/iste.yhello.co\/?post_type=product&#038;p=9035"},"modified":"2024-01-03T13:41:16","modified_gmt":"2024-01-03T13:41:16","slug":"naissance-et-essor-de-limmunologie","status":"publish","type":"product","link":"https:\/\/www.istegroup.com\/en\/produit\/naissance-et-essor-de-limmunologie\/","title":{"rendered":"Naissance et essor de l\u2019immunologie"},"content":{"rendered":"<p>L\u2019immunologie scientifique moderne est n\u00e9e de ses propres applications cliniques pr\u00e9ventives ou curatives, dict\u00e9es par la lutte vitale de l\u2019humanit\u00e9 contre le monde invisible des micro-organismes pathog\u00e8nes. Plus qu\u2019aucune autre science, les applications des principes de l\u2019immunologie dans la pr\u00e9vention, le traitement et le diagnostic des maladies ont consid\u00e9rablement am\u00e9lior\u00e9 la sant\u00e9 des populations jusqu\u2019\u00e0 nos jours.<\/p>\n<p>Apr\u00e8s une introduction g\u00e9n\u00e9rale, cet ouvrage, richement document\u00e9, traite les th\u00e9matiques suivantes : les concepts et th\u00e9ories empiriques et rationnels de l\u2019immunit\u00e9 ; la d\u00e9couverte des diff\u00e9rents effecteurs et m\u00e9canismes effecteurs (humoraux et cellulaires) du syst\u00e8me immunitaire ; la red\u00e9couverte et l\u2019essor de l\u2019immunit\u00e9 inn\u00e9e ; l\u2019\u00e9mergence et l\u2019essor de l\u2019immunopathologie.<\/p>\n<p><em>Naissance et essor de l\u2019immunologie<\/em>\u00a0a \u00e9t\u00e9 volontairement r\u00e9dig\u00e9 dans un style simple afin d\u2019en faciliter l\u2019acc\u00e8s aux lecteurs les moins avertis tout en restant instructif pour les \u00e9tudiants et les sp\u00e9cialistes des domaines biologique et m\u00e9dical.<\/p>\n","protected":false},"excerpt":{"rendered":"<p>L\u2019immunologie scientifique moderne est n\u00e9e de ses propres applications cliniques pr\u00e9ventives ou curatives, dict\u00e9es par la lutte vitale de l\u2019humanit\u00e9 contre le monde invisible des micro-organismes pathog\u00e8nes. Plus qu\u2019aucune autre science, les applications des principes de l\u2019immunologie dans la pr\u00e9vention, le traitement et le diagnostic des maladies ont consid\u00e9rablement am\u00e9lior\u00e9 la sant\u00e9 des populations jusqu\u2019\u00e0 [&hellip;]<\/p>\n","protected":false},"featured_media":9041,"template":"","meta":{"_acf_changed":false,"_links_to":"","_links_to_target":""},"product_brand":[],"product_cat":[3259],"product_tag":[],"class_list":{"0":"post-9035","1":"product","2":"type-product","3":"status-publish","4":"has-post-thumbnail","6":"product_cat-uncategorized","8":"first","9":"instock","10":"shipping-taxable","11":"purchasable","12":"product-type-variable"},"acf":[],"yoast_head":"<!-- This site is optimized with the Yoast SEO plugin v27.2 - https:\/\/yoast.com\/product\/yoast-seo-wordpress\/ -->\n<title>Naissance et essor de l\u2019immunologie - ISTE Group<\/title>\n<meta name=\"robots\" content=\"index, follow, max-snippet:-1, max-image-preview:large, max-video-preview:-1\" \/>\n<link rel=\"canonical\" href=\"https:\/\/www.istegroup.com\/en\/produit\/naissance-et-essor-de-limmunologie\/\" \/>\n<meta property=\"og:locale\" content=\"en_US\" \/>\n<meta property=\"og:type\" content=\"article\" \/>\n<meta property=\"og:title\" content=\"Naissance et essor de l\u2019immunologie - ISTE Group\" \/>\n<meta property=\"og:description\" content=\"L\u2019immunologie scientifique moderne est n\u00e9e de ses propres applications cliniques pr\u00e9ventives ou curatives, dict\u00e9es par la lutte vitale de l\u2019humanit\u00e9 contre le monde invisible des micro-organismes pathog\u00e8nes. Plus qu\u2019aucune autre science, les applications des principes de l\u2019immunologie dans la pr\u00e9vention, le traitement et le diagnostic des maladies ont consid\u00e9rablement am\u00e9lior\u00e9 la sant\u00e9 des populations jusqu\u2019\u00e0 [&hellip;]\" \/>\n<meta property=\"og:url\" content=\"https:\/\/www.istegroup.com\/en\/produit\/naissance-et-essor-de-limmunologie\/\" \/>\n<meta property=\"og:site_name\" content=\"ISTE Group\" \/>\n<meta property=\"article:modified_time\" content=\"2024-01-03T13:41:16+00:00\" \/>\n<meta property=\"og:image\" content=\"https:\/\/www.istegroup.com\/wp-content\/uploads\/2018\/01\/Krifi-2-Front-scaled.jpg\" \/>\n\t<meta property=\"og:image:width\" content=\"1627\" \/>\n\t<meta property=\"og:image:height\" content=\"2560\" \/>\n\t<meta property=\"og:image:type\" content=\"image\/jpeg\" \/>\n<meta name=\"twitter:card\" content=\"summary_large_image\" \/>\n<meta name=\"twitter:label1\" content=\"Est. reading time\" \/>\n\t<meta name=\"twitter:data1\" content=\"1 minute\" \/>\n<script type=\"application\/ld+json\" class=\"yoast-schema-graph\">{\"@context\":\"https:\/\/schema.org\",\"@graph\":[{\"@type\":\"WebPage\",\"@id\":\"https:\/\/www.istegroup.com\/en\/produit\/naissance-et-essor-de-limmunologie\/\",\"url\":\"https:\/\/www.istegroup.com\/en\/produit\/naissance-et-essor-de-limmunologie\/\",\"name\":\"Naissance et essor de l\u2019immunologie - ISTE Group\",\"isPartOf\":{\"@id\":\"https:\/\/www.istegroup.com\/#website\"},\"primaryImageOfPage\":{\"@id\":\"https:\/\/www.istegroup.com\/en\/produit\/naissance-et-essor-de-limmunologie\/#primaryimage\"},\"image\":{\"@id\":\"https:\/\/www.istegroup.com\/en\/produit\/naissance-et-essor-de-limmunologie\/#primaryimage\"},\"thumbnailUrl\":\"https:\/\/www.istegroup.com\/wp-content\/uploads\/2018\/01\/Krifi-2-Front-scaled.jpg\",\"datePublished\":\"2018-01-12T13:28:00+00:00\",\"dateModified\":\"2024-01-03T13:41:16+00:00\",\"breadcrumb\":{\"@id\":\"https:\/\/www.istegroup.com\/en\/produit\/naissance-et-essor-de-limmunologie\/#breadcrumb\"},\"inLanguage\":\"en-US\",\"potentialAction\":[{\"@type\":\"ReadAction\",\"target\":[\"https:\/\/www.istegroup.com\/en\/produit\/naissance-et-essor-de-limmunologie\/\"]}]},{\"@type\":\"ImageObject\",\"inLanguage\":\"en-US\",\"@id\":\"https:\/\/www.istegroup.com\/en\/produit\/naissance-et-essor-de-limmunologie\/#primaryimage\",\"url\":\"https:\/\/www.istegroup.com\/wp-content\/uploads\/2018\/01\/Krifi-2-Front-scaled.jpg\",\"contentUrl\":\"https:\/\/www.istegroup.com\/wp-content\/uploads\/2018\/01\/Krifi-2-Front-scaled.jpg\",\"width\":1627,\"height\":2560,\"caption\":\"Une science en devenir\"},{\"@type\":\"BreadcrumbList\",\"@id\":\"https:\/\/www.istegroup.com\/en\/produit\/naissance-et-essor-de-limmunologie\/#breadcrumb\",\"itemListElement\":[{\"@type\":\"ListItem\",\"position\":1,\"name\":\"Home\",\"item\":\"https:\/\/www.istegroup.com\/\"},{\"@type\":\"ListItem\",\"position\":2,\"name\":\"Shop\",\"item\":\"https:\/\/www.istegroup.com\/fr\/nouveautes\/\"},{\"@type\":\"ListItem\",\"position\":3,\"name\":\"Naissance et essor de l\u2019immunologie\"}]},{\"@type\":\"WebSite\",\"@id\":\"https:\/\/www.istegroup.com\/#website\",\"url\":\"https:\/\/www.istegroup.com\/\",\"name\":\"ISTE Group\",\"description\":\"Publishing Knowledge\",\"potentialAction\":[{\"@type\":\"SearchAction\",\"target\":{\"@type\":\"EntryPoint\",\"urlTemplate\":\"https:\/\/www.istegroup.com\/?s={search_term_string}\"},\"query-input\":{\"@type\":\"PropertyValueSpecification\",\"valueRequired\":true,\"valueName\":\"search_term_string\"}}],\"inLanguage\":\"en-US\"}]}<\/script>\n<!-- \/ Yoast SEO plugin. -->","yoast_head_json":{"title":"Naissance et essor de l\u2019immunologie - ISTE Group","robots":{"index":"index","follow":"follow","max-snippet":"max-snippet:-1","max-image-preview":"max-image-preview:large","max-video-preview":"max-video-preview:-1"},"canonical":"https:\/\/www.istegroup.com\/en\/produit\/naissance-et-essor-de-limmunologie\/","og_locale":"en_US","og_type":"article","og_title":"Naissance et essor de l\u2019immunologie - ISTE Group","og_description":"L\u2019immunologie scientifique moderne est n\u00e9e de ses propres applications cliniques pr\u00e9ventives ou curatives, dict\u00e9es par la lutte vitale de l\u2019humanit\u00e9 contre le monde invisible des micro-organismes pathog\u00e8nes. Plus qu\u2019aucune autre science, les applications des principes de l\u2019immunologie dans la pr\u00e9vention, le traitement et le diagnostic des maladies ont consid\u00e9rablement am\u00e9lior\u00e9 la sant\u00e9 des populations jusqu\u2019\u00e0 [&hellip;]","og_url":"https:\/\/www.istegroup.com\/en\/produit\/naissance-et-essor-de-limmunologie\/","og_site_name":"ISTE Group","article_modified_time":"2024-01-03T13:41:16+00:00","og_image":[{"width":1627,"height":2560,"url":"https:\/\/www.istegroup.com\/wp-content\/uploads\/2018\/01\/Krifi-2-Front-scaled.jpg","type":"image\/jpeg"}],"twitter_card":"summary_large_image","twitter_misc":{"Est. reading time":"1 minute"},"schema":{"@context":"https:\/\/schema.org","@graph":[{"@type":"WebPage","@id":"https:\/\/www.istegroup.com\/en\/produit\/naissance-et-essor-de-limmunologie\/","url":"https:\/\/www.istegroup.com\/en\/produit\/naissance-et-essor-de-limmunologie\/","name":"Naissance et essor de l\u2019immunologie - ISTE Group","isPartOf":{"@id":"https:\/\/www.istegroup.com\/#website"},"primaryImageOfPage":{"@id":"https:\/\/www.istegroup.com\/en\/produit\/naissance-et-essor-de-limmunologie\/#primaryimage"},"image":{"@id":"https:\/\/www.istegroup.com\/en\/produit\/naissance-et-essor-de-limmunologie\/#primaryimage"},"thumbnailUrl":"https:\/\/www.istegroup.com\/wp-content\/uploads\/2018\/01\/Krifi-2-Front-scaled.jpg","datePublished":"2018-01-12T13:28:00+00:00","dateModified":"2024-01-03T13:41:16+00:00","breadcrumb":{"@id":"https:\/\/www.istegroup.com\/en\/produit\/naissance-et-essor-de-limmunologie\/#breadcrumb"},"inLanguage":"en-US","potentialAction":[{"@type":"ReadAction","target":["https:\/\/www.istegroup.com\/en\/produit\/naissance-et-essor-de-limmunologie\/"]}]},{"@type":"ImageObject","inLanguage":"en-US","@id":"https:\/\/www.istegroup.com\/en\/produit\/naissance-et-essor-de-limmunologie\/#primaryimage","url":"https:\/\/www.istegroup.com\/wp-content\/uploads\/2018\/01\/Krifi-2-Front-scaled.jpg","contentUrl":"https:\/\/www.istegroup.com\/wp-content\/uploads\/2018\/01\/Krifi-2-Front-scaled.jpg","width":1627,"height":2560,"caption":"Une science en devenir"},{"@type":"BreadcrumbList","@id":"https:\/\/www.istegroup.com\/en\/produit\/naissance-et-essor-de-limmunologie\/#breadcrumb","itemListElement":[{"@type":"ListItem","position":1,"name":"Home","item":"https:\/\/www.istegroup.com\/"},{"@type":"ListItem","position":2,"name":"Shop","item":"https:\/\/www.istegroup.com\/fr\/nouveautes\/"},{"@type":"ListItem","position":3,"name":"Naissance et essor de l\u2019immunologie"}]},{"@type":"WebSite","@id":"https:\/\/www.istegroup.com\/#website","url":"https:\/\/www.istegroup.com\/","name":"ISTE Group","description":"Publishing Knowledge","potentialAction":[{"@type":"SearchAction","target":{"@type":"EntryPoint","urlTemplate":"https:\/\/www.istegroup.com\/?s={search_term_string}"},"query-input":{"@type":"PropertyValueSpecification","valueRequired":true,"valueName":"search_term_string"}}],"inLanguage":"en-US"}]}},"_links":{"self":[{"href":"https:\/\/www.istegroup.com\/en\/wp-json\/wp\/v2\/product\/9035","targetHints":{"allow":["GET"]}}],"collection":[{"href":"https:\/\/www.istegroup.com\/en\/wp-json\/wp\/v2\/product"}],"about":[{"href":"https:\/\/www.istegroup.com\/en\/wp-json\/wp\/v2\/types\/product"}],"wp:featuredmedia":[{"embeddable":true,"href":"https:\/\/www.istegroup.com\/en\/wp-json\/wp\/v2\/media\/9041"}],"wp:attachment":[{"href":"https:\/\/www.istegroup.com\/en\/wp-json\/wp\/v2\/media?parent=9035"}],"wp:term":[{"taxonomy":"product_brand","embeddable":true,"href":"https:\/\/www.istegroup.com\/en\/wp-json\/wp\/v2\/product_brand?post=9035"},{"taxonomy":"product_cat","embeddable":true,"href":"https:\/\/www.istegroup.com\/en\/wp-json\/wp\/v2\/product_cat?post=9035"},{"taxonomy":"product_tag","embeddable":true,"href":"https:\/\/www.istegroup.com\/en\/wp-json\/wp\/v2\/product_tag?post=9035"}],"curies":[{"name":"wp","href":"https:\/\/api.w.org\/{rel}","templated":true}]}}