{"id":82,"date":"2017-07-28T10:29:45","date_gmt":"2017-07-28T08:29:45","guid":{"rendered":"https:\/\/iste.yhello.co\/product\/appropriation-sociale-des-mooc-en-france\/"},"modified":"2024-01-03T13:38:31","modified_gmt":"2024-01-03T13:38:31","slug":"appropriation-sociale-des-mooc-en-france","status":"publish","type":"product","link":"https:\/\/www.istegroup.com\/en\/produit\/appropriation-sociale-des-mooc-en-france\/","title":{"rendered":"Appropriation sociale des MOOC en France"},"content":{"rendered":"<p>Alors que les universit\u00e9s am\u00e9ricaines ont d\u00e9j\u00e0 fait des MOOC l\u2019un des axes majeurs de leur d\u00e9veloppement international, la France s\u2019interroge sur ses capacit\u00e9s \u00e0 relever le d\u00e9fi de la diffusion g\u00e9n\u00e9ralis\u00e9e des savoirs par le biais de ces cours en ligne gratuits et ouverts \u00e0 tous.<\/p>\n<p>Suite \u00e0 l\u2019\u00e9mergence des MOOC au niveau mondial, cet ouvrage retrace leur gen\u00e8se et examine les processus d\u2019appropriation mis en oeuvre depuis leur adoption en France jusqu\u2019aux premi\u00e8res tentatives d\u2019institutionnalisation (FUN). Implant\u00e9s sur notre territoire sans remaniement, les mod\u00e8les des premiers MOOC nord-am\u00e9ricains sont confront\u00e9s aux conjonctures socio-\u00e9conomiques fran\u00e7aises. Entre tensions et adaptations, les processus de r\u00e9gulation sont ici minutieusement observ\u00e9s et analys\u00e9s en tenant compte de la dimension interculturelle des MOOC.<\/p>\n<p>Fond\u00e9e sur des r\u00e9sultats exp\u00e9rimentaux obtenus \u00e0 partir d\u2019enqu\u00eates et d\u2019entretiens de terrain, cette \u00e9tude conduit \u00e0 entrevoir des perspectives plausibles quant au devenir des MOOC en France.<\/p>\n","protected":false},"excerpt":{"rendered":"<p>Alors que les universit\u00e9s am\u00e9ricaines ont d\u00e9j\u00e0 fait des MOOC l\u2019un des axes majeurs de leur d\u00e9veloppement international, la France s\u2019interroge sur ses capacit\u00e9s \u00e0 relever le d\u00e9fi de la diffusion g\u00e9n\u00e9ralis\u00e9e des savoirs par le biais de ces cours en ligne gratuits et ouverts \u00e0 tous. Suite \u00e0 l\u2019\u00e9mergence des MOOC au niveau mondial, [&hellip;]<\/p>\n","protected":false},"featured_media":83,"template":"","meta":{"_acf_changed":false,"_links_to":"","_links_to_target":""},"product_brand":[],"product_cat":[669,675],"product_tag":[806,807,808,809,810,811,31,18,19,218,20,287,812,813,21,22,63,205,26,27,209,814,815,38,28,29,816],"class_list":{"0":"post-82","1":"product","2":"type-product","3":"status-publish","4":"has-post-thumbnail","6":"product_cat-innovation-en-sciences-de-lducation-433942033","7":"product_cat-nouveauts-12519446","8":"product_tag-appropriation","9":"product_tag-appropriation-sociale","10":"product_tag-appropriation-sociale-des-mooc-en-france","11":"product_tag-bernard-coulibaly","12":"product_tag-diffusion-du-savoir","13":"product_tag-dimension-interculturelle","14":"product_tag-ebook","15":"product_tag-edition-scientifique","16":"product_tag-editions-francaise","17":"product_tag-editions-ouvrage","18":"product_tag-editions-technique","19":"product_tag-emmanuelle-chevry-pebayle","20":"product_tag-enquetes","21":"product_tag-isabelle-rossini","22":"product_tag-iste-group","23":"product_tag-istegroup","24":"product_tag-livre-electronique","25":"product_tag-livre-science","26":"product_tag-livre-scientifique-francais","27":"product_tag-livre-technique-francais","28":"product_tag-livres-scientifiques","29":"product_tag-marc-trestini","30":"product_tag-mooc","31":"product_tag-ouvrage-numerique","32":"product_tag-ouvrage-scientifique-francais","33":"product_tag-ouvrage-technique","34":"product_tag-perspective","36":"first","37":"instock","38":"shipping-taxable","39":"purchasable","40":"product-type-variable"},"acf":[],"yoast_head":"<!-- This site is optimized with the Yoast SEO plugin v27.2 - https:\/\/yoast.com\/product\/yoast-seo-wordpress\/ -->\n<title>Appropriation sociale des MOOC en France - ISTE Group<\/title>\n<meta name=\"description\" content=\"L&#039;ouvrage retrace la gen\u00e8se des MOOC, les processus d\u2019appropriation d\u00e9velopp\u00e9s depuis leur adoption en France jusqu\u2019aux 1res tentatives d\u2019institutionnalisation.\" \/>\n<meta name=\"robots\" content=\"index, follow, max-snippet:-1, max-image-preview:large, max-video-preview:-1\" \/>\n<link rel=\"canonical\" href=\"https:\/\/www.istegroup.com\/fr\/produit\/appropriation-sociale-des-mooc-en-france\/\" \/>\n<meta property=\"og:locale\" content=\"en_US\" \/>\n<meta property=\"og:type\" content=\"article\" \/>\n<meta property=\"og:title\" content=\"Appropriation sociale des MOOC en France - ISTE Group\" \/>\n<meta property=\"og:description\" content=\"L&#039;ouvrage retrace la gen\u00e8se des MOOC, les processus d\u2019appropriation d\u00e9velopp\u00e9s depuis leur adoption en France jusqu\u2019aux 1res tentatives d\u2019institutionnalisation.\" \/>\n<meta property=\"og:url\" content=\"https:\/\/www.istegroup.com\/fr\/produit\/appropriation-sociale-des-mooc-en-france\/\" \/>\n<meta property=\"og:site_name\" content=\"ISTE Group\" \/>\n<meta property=\"article:modified_time\" content=\"2024-01-03T13:38:31+00:00\" \/>\n<meta property=\"og:image\" content=\"https:\/\/www.istegroup.com\/wp-content\/uploads\/2017\/07\/13658688196_6221898308-1.jpg\" \/>\n\t<meta property=\"og:image:width\" content=\"1361\" \/>\n\t<meta property=\"og:image:height\" content=\"2048\" \/>\n\t<meta property=\"og:image:type\" content=\"image\/jpeg\" \/>\n<meta name=\"twitter:card\" content=\"summary_large_image\" \/>\n<meta name=\"twitter:label1\" content=\"Est. reading time\" \/>\n\t<meta name=\"twitter:data1\" content=\"1 minute\" \/>\n<script type=\"application\/ld+json\" class=\"yoast-schema-graph\">{\"@context\":\"https:\/\/schema.org\",\"@graph\":[{\"@type\":\"WebPage\",\"@id\":\"https:\/\/www.istegroup.com\/fr\/produit\/appropriation-sociale-des-mooc-en-france\/\",\"url\":\"https:\/\/www.istegroup.com\/fr\/produit\/appropriation-sociale-des-mooc-en-france\/\",\"name\":\"Appropriation sociale des MOOC en France - ISTE Group\",\"isPartOf\":{\"@id\":\"https:\/\/www.istegroup.com\/#website\"},\"primaryImageOfPage\":{\"@id\":\"https:\/\/www.istegroup.com\/fr\/produit\/appropriation-sociale-des-mooc-en-france\/#primaryimage\"},\"image\":{\"@id\":\"https:\/\/www.istegroup.com\/fr\/produit\/appropriation-sociale-des-mooc-en-france\/#primaryimage\"},\"thumbnailUrl\":\"https:\/\/www.istegroup.com\/wp-content\/uploads\/2017\/07\/13658688196_6221898308-1.jpg\",\"datePublished\":\"2017-07-28T08:29:45+00:00\",\"dateModified\":\"2024-01-03T13:38:31+00:00\",\"description\":\"L'ouvrage retrace la gen\u00e8se des MOOC, les processus d\u2019appropriation d\u00e9velopp\u00e9s depuis leur adoption en France jusqu\u2019aux 1res tentatives d\u2019institutionnalisation.\",\"breadcrumb\":{\"@id\":\"https:\/\/www.istegroup.com\/fr\/produit\/appropriation-sociale-des-mooc-en-france\/#breadcrumb\"},\"inLanguage\":\"en-US\",\"potentialAction\":[{\"@type\":\"ReadAction\",\"target\":[\"https:\/\/www.istegroup.com\/fr\/produit\/appropriation-sociale-des-mooc-en-france\/\"]}]},{\"@type\":\"ImageObject\",\"inLanguage\":\"en-US\",\"@id\":\"https:\/\/www.istegroup.com\/fr\/produit\/appropriation-sociale-des-mooc-en-france\/#primaryimage\",\"url\":\"https:\/\/www.istegroup.com\/wp-content\/uploads\/2017\/07\/13658688196_6221898308-1.jpg\",\"contentUrl\":\"https:\/\/www.istegroup.com\/wp-content\/uploads\/2017\/07\/13658688196_6221898308-1.jpg\",\"width\":1361,\"height\":2048,\"caption\":\"Appropriation sociale des MOOC en France\"},{\"@type\":\"BreadcrumbList\",\"@id\":\"https:\/\/www.istegroup.com\/fr\/produit\/appropriation-sociale-des-mooc-en-france\/#breadcrumb\",\"itemListElement\":[{\"@type\":\"ListItem\",\"position\":1,\"name\":\"Home\",\"item\":\"https:\/\/www.istegroup.com\/\"},{\"@type\":\"ListItem\",\"position\":2,\"name\":\"Shop\",\"item\":\"https:\/\/www.istegroup.com\/fr\/nouveautes\/\"},{\"@type\":\"ListItem\",\"position\":3,\"name\":\"Appropriation sociale des MOOC en France\"}]},{\"@type\":\"WebSite\",\"@id\":\"https:\/\/www.istegroup.com\/#website\",\"url\":\"https:\/\/www.istegroup.com\/\",\"name\":\"ISTE Group\",\"description\":\"Publishing Knowledge\",\"potentialAction\":[{\"@type\":\"SearchAction\",\"target\":{\"@type\":\"EntryPoint\",\"urlTemplate\":\"https:\/\/www.istegroup.com\/?s={search_term_string}\"},\"query-input\":{\"@type\":\"PropertyValueSpecification\",\"valueRequired\":true,\"valueName\":\"search_term_string\"}}],\"inLanguage\":\"en-US\"}]}<\/script>\n<!-- \/ Yoast SEO plugin. -->","yoast_head_json":{"title":"Appropriation sociale des MOOC en France - ISTE Group","description":"L'ouvrage retrace la gen\u00e8se des MOOC, les processus d\u2019appropriation d\u00e9velopp\u00e9s depuis leur adoption en France jusqu\u2019aux 1res tentatives d\u2019institutionnalisation.","robots":{"index":"index","follow":"follow","max-snippet":"max-snippet:-1","max-image-preview":"max-image-preview:large","max-video-preview":"max-video-preview:-1"},"canonical":"https:\/\/www.istegroup.com\/fr\/produit\/appropriation-sociale-des-mooc-en-france\/","og_locale":"en_US","og_type":"article","og_title":"Appropriation sociale des MOOC en France - ISTE Group","og_description":"L'ouvrage retrace la gen\u00e8se des MOOC, les processus d\u2019appropriation d\u00e9velopp\u00e9s depuis leur adoption en France jusqu\u2019aux 1res tentatives d\u2019institutionnalisation.","og_url":"https:\/\/www.istegroup.com\/fr\/produit\/appropriation-sociale-des-mooc-en-france\/","og_site_name":"ISTE Group","article_modified_time":"2024-01-03T13:38:31+00:00","og_image":[{"width":1361,"height":2048,"url":"https:\/\/www.istegroup.com\/wp-content\/uploads\/2017\/07\/13658688196_6221898308-1.jpg","type":"image\/jpeg"}],"twitter_card":"summary_large_image","twitter_misc":{"Est. reading time":"1 minute"},"schema":{"@context":"https:\/\/schema.org","@graph":[{"@type":"WebPage","@id":"https:\/\/www.istegroup.com\/fr\/produit\/appropriation-sociale-des-mooc-en-france\/","url":"https:\/\/www.istegroup.com\/fr\/produit\/appropriation-sociale-des-mooc-en-france\/","name":"Appropriation sociale des MOOC en France - ISTE Group","isPartOf":{"@id":"https:\/\/www.istegroup.com\/#website"},"primaryImageOfPage":{"@id":"https:\/\/www.istegroup.com\/fr\/produit\/appropriation-sociale-des-mooc-en-france\/#primaryimage"},"image":{"@id":"https:\/\/www.istegroup.com\/fr\/produit\/appropriation-sociale-des-mooc-en-france\/#primaryimage"},"thumbnailUrl":"https:\/\/www.istegroup.com\/wp-content\/uploads\/2017\/07\/13658688196_6221898308-1.jpg","datePublished":"2017-07-28T08:29:45+00:00","dateModified":"2024-01-03T13:38:31+00:00","description":"L'ouvrage retrace la gen\u00e8se des MOOC, les processus d\u2019appropriation d\u00e9velopp\u00e9s depuis leur adoption en France jusqu\u2019aux 1res tentatives d\u2019institutionnalisation.","breadcrumb":{"@id":"https:\/\/www.istegroup.com\/fr\/produit\/appropriation-sociale-des-mooc-en-france\/#breadcrumb"},"inLanguage":"en-US","potentialAction":[{"@type":"ReadAction","target":["https:\/\/www.istegroup.com\/fr\/produit\/appropriation-sociale-des-mooc-en-france\/"]}]},{"@type":"ImageObject","inLanguage":"en-US","@id":"https:\/\/www.istegroup.com\/fr\/produit\/appropriation-sociale-des-mooc-en-france\/#primaryimage","url":"https:\/\/www.istegroup.com\/wp-content\/uploads\/2017\/07\/13658688196_6221898308-1.jpg","contentUrl":"https:\/\/www.istegroup.com\/wp-content\/uploads\/2017\/07\/13658688196_6221898308-1.jpg","width":1361,"height":2048,"caption":"Appropriation sociale des MOOC en France"},{"@type":"BreadcrumbList","@id":"https:\/\/www.istegroup.com\/fr\/produit\/appropriation-sociale-des-mooc-en-france\/#breadcrumb","itemListElement":[{"@type":"ListItem","position":1,"name":"Home","item":"https:\/\/www.istegroup.com\/"},{"@type":"ListItem","position":2,"name":"Shop","item":"https:\/\/www.istegroup.com\/fr\/nouveautes\/"},{"@type":"ListItem","position":3,"name":"Appropriation sociale des MOOC en France"}]},{"@type":"WebSite","@id":"https:\/\/www.istegroup.com\/#website","url":"https:\/\/www.istegroup.com\/","name":"ISTE Group","description":"Publishing Knowledge","potentialAction":[{"@type":"SearchAction","target":{"@type":"EntryPoint","urlTemplate":"https:\/\/www.istegroup.com\/?s={search_term_string}"},"query-input":{"@type":"PropertyValueSpecification","valueRequired":true,"valueName":"search_term_string"}}],"inLanguage":"en-US"}]}},"_links":{"self":[{"href":"https:\/\/www.istegroup.com\/en\/wp-json\/wp\/v2\/product\/82","targetHints":{"allow":["GET"]}}],"collection":[{"href":"https:\/\/www.istegroup.com\/en\/wp-json\/wp\/v2\/product"}],"about":[{"href":"https:\/\/www.istegroup.com\/en\/wp-json\/wp\/v2\/types\/product"}],"wp:featuredmedia":[{"embeddable":true,"href":"https:\/\/www.istegroup.com\/en\/wp-json\/wp\/v2\/media\/83"}],"wp:attachment":[{"href":"https:\/\/www.istegroup.com\/en\/wp-json\/wp\/v2\/media?parent=82"}],"wp:term":[{"taxonomy":"product_brand","embeddable":true,"href":"https:\/\/www.istegroup.com\/en\/wp-json\/wp\/v2\/product_brand?post=82"},{"taxonomy":"product_cat","embeddable":true,"href":"https:\/\/www.istegroup.com\/en\/wp-json\/wp\/v2\/product_cat?post=82"},{"taxonomy":"product_tag","embeddable":true,"href":"https:\/\/www.istegroup.com\/en\/wp-json\/wp\/v2\/product_tag?post=82"}],"curies":[{"name":"wp","href":"https:\/\/api.w.org\/{rel}","templated":true}]}}