{"id":72,"date":"2017-07-28T10:00:36","date_gmt":"2017-07-28T08:00:36","guid":{"rendered":"http:\/\/iste.yhello.co\/product\/analyses-critiques-de-levolution-de-la-physique\/"},"modified":"2024-01-03T13:38:30","modified_gmt":"2024-01-03T13:38:30","slug":"analyses-critiques-de-levolution-de-la-physique","status":"publish","type":"product","link":"https:\/\/www.istegroup.com\/en\/produit\/analyses-critiques-de-levolution-de-la-physique\/","title":{"rendered":"Analyses critiques de l\u2019\u00e9volution de la physique"},"content":{"rendered":"<p>L\u2019histoire de la physique prouve qu\u2019il n\u2019est pas ais\u00e9 de formuler des th\u00e9ories qui ne courent pas le risque d\u2019\u00eatre invalid\u00e9es par des exp\u00e9riences nouvelles. En 1856, Weber a montr\u00e9 que le rapport entre les courants magn\u00e9tiques et \u00e9lectrostatiques avait la valeur et les unit\u00e9s de la vitesse de la lumi\u00e8re. Cette d\u00e9couverte, qui contestait les fondements de la th\u00e9orie d\u2019Amp\u00e8re, aurait d\u00fb imposer sa r\u00e9vision.<\/p>\n<p>En partant de concepts physiques simples, cet ouvrage montre que des analyses plus approfondies peuvent modifier notre mani\u00e8re de penser. En revisitant des lois et des principes et en proposant des solutions alternatives, on d\u00e9montre qu\u2019en physique, il n\u2019y a pas des v\u00e9rit\u00e9s mais seulement des hypoth\u00e8ses.<\/p>\n<p><em>Analyses critiques de l\u2019\u00e9volution de la physique<\/em>\u00a0est construit sous la forme d\u2019un dialogue entre des contradicteurs fictifs qui discutent de diff\u00e9rentes variantes th\u00e9oriques, de leurs cons\u00e9quences et de leurs antagonismes. Il s\u2019adresse aux lecteurs curieux de voir les cons\u00e9quences d\u2019une r\u00e9interpr\u00e9tation \u00ab des v\u00e9rit\u00e9s premi\u00e8res \u00bb de cette science.<\/p>\n","protected":false},"excerpt":{"rendered":"<p>L\u2019histoire de la physique prouve qu\u2019il n\u2019est pas ais\u00e9 de formuler des th\u00e9ories qui ne courent pas le risque d\u2019\u00eatre invalid\u00e9es par des exp\u00e9riences nouvelles. En 1856, Weber a montr\u00e9 que le rapport entre les courants magn\u00e9tiques et \u00e9lectrostatiques avait la valeur et les unit\u00e9s de la vitesse de la lumi\u00e8re. Cette d\u00e9couverte, qui contestait [&hellip;]<\/p>\n","protected":false},"featured_media":73,"template":"","meta":{"_acf_changed":false,"_links_to":"","_links_to_target":""},"product_brand":[],"product_cat":[666,675],"product_tag":[774,775,31,18,19,218,20,784,776,777,21,22,778,63,25,26,27,779,38,28,29,353,780,781,782,783],"class_list":{"0":"post-72","1":"product","2":"type-product","3":"status-publish","4":"has-post-thumbnail","6":"product_cat-histoire-des-sciences-et-des-techniques-166249028","7":"product_cat-nouveauts-12519446","8":"product_tag-analyses-critiques-de-levolution-de-la-physique","9":"product_tag-concepts-physiques","10":"product_tag-ebook","11":"product_tag-edition-scientifique","12":"product_tag-editions-francaise","13":"product_tag-editions-ouvrage","14":"product_tag-editions-technique","15":"product_tag-evolution","16":"product_tag-galileo","17":"product_tag-hypotheses","18":"product_tag-iste-group","19":"product_tag-istegroup","20":"product_tag-jean-pierre-serodino","21":"product_tag-livre-electronique","22":"product_tag-livre-numerique","23":"product_tag-livre-scientifique-francais","24":"product_tag-livre-technique-francais","25":"product_tag-newton","26":"product_tag-ouvrage-numerique","27":"product_tag-ouvrage-scientifique-francais","28":"product_tag-ouvrage-technique","29":"product_tag-physique","30":"product_tag-relativite","31":"product_tag-solutions-alternatives","32":"product_tag-theories","33":"product_tag-weber","35":"first","36":"instock","37":"shipping-taxable","38":"purchasable","39":"product-type-variable"},"acf":[],"yoast_head":"<!-- This site is optimized with the Yoast SEO plugin v27.2 - https:\/\/yoast.com\/product\/yoast-seo-wordpress\/ -->\n<title>Analyses critiques de l\u2019\u00e9volution de la physique - ISTE Group<\/title>\n<meta name=\"description\" content=\"Analyses critiques de l\u2019\u00e9volution de la physique\u00a0est construit sous la forme d\u2019un dialogue entre des contradicteurs fictifs discutant de variantes th\u00e9oriques.\" \/>\n<meta name=\"robots\" content=\"index, follow, max-snippet:-1, max-image-preview:large, max-video-preview:-1\" \/>\n<link rel=\"canonical\" href=\"https:\/\/www.istegroup.com\/fr\/produit\/analyses-critiques-de-levolution-de-la-physique\/\" \/>\n<meta property=\"og:locale\" content=\"en_US\" \/>\n<meta property=\"og:type\" content=\"article\" \/>\n<meta property=\"og:title\" content=\"Analyses critiques de l\u2019\u00e9volution de la physique - ISTE Group\" \/>\n<meta property=\"og:description\" content=\"Analyses critiques de l\u2019\u00e9volution de la physique\u00a0est construit sous la forme d\u2019un dialogue entre des contradicteurs fictifs discutant de variantes th\u00e9oriques.\" \/>\n<meta property=\"og:url\" content=\"https:\/\/www.istegroup.com\/fr\/produit\/analyses-critiques-de-levolution-de-la-physique\/\" \/>\n<meta property=\"og:site_name\" content=\"ISTE Group\" \/>\n<meta property=\"article:modified_time\" content=\"2024-01-03T13:38:30+00:00\" \/>\n<meta property=\"og:image\" content=\"https:\/\/www.istegroup.com\/wp-content\/uploads\/2017\/07\/14953630212_6401010884-1.jpg\" \/>\n\t<meta property=\"og:image:width\" content=\"923\" \/>\n\t<meta property=\"og:image:height\" content=\"1382\" \/>\n\t<meta property=\"og:image:type\" content=\"image\/jpeg\" \/>\n<meta name=\"twitter:card\" content=\"summary_large_image\" \/>\n<meta name=\"twitter:label1\" content=\"Est. reading time\" \/>\n\t<meta name=\"twitter:data1\" content=\"1 minute\" \/>\n<script type=\"application\/ld+json\" class=\"yoast-schema-graph\">{\"@context\":\"https:\/\/schema.org\",\"@graph\":[{\"@type\":\"WebPage\",\"@id\":\"https:\/\/www.istegroup.com\/fr\/produit\/analyses-critiques-de-levolution-de-la-physique\/\",\"url\":\"https:\/\/www.istegroup.com\/fr\/produit\/analyses-critiques-de-levolution-de-la-physique\/\",\"name\":\"Analyses critiques de l\u2019\u00e9volution de la physique - ISTE Group\",\"isPartOf\":{\"@id\":\"https:\/\/www.istegroup.com\/#website\"},\"primaryImageOfPage\":{\"@id\":\"https:\/\/www.istegroup.com\/fr\/produit\/analyses-critiques-de-levolution-de-la-physique\/#primaryimage\"},\"image\":{\"@id\":\"https:\/\/www.istegroup.com\/fr\/produit\/analyses-critiques-de-levolution-de-la-physique\/#primaryimage\"},\"thumbnailUrl\":\"https:\/\/www.istegroup.com\/wp-content\/uploads\/2017\/07\/14953630212_6401010884-1.jpg\",\"datePublished\":\"2017-07-28T08:00:36+00:00\",\"dateModified\":\"2024-01-03T13:38:30+00:00\",\"description\":\"Analyses critiques de l\u2019\u00e9volution de la physique\u00a0est construit sous la forme d\u2019un dialogue entre des contradicteurs fictifs discutant de variantes th\u00e9oriques.\",\"breadcrumb\":{\"@id\":\"https:\/\/www.istegroup.com\/fr\/produit\/analyses-critiques-de-levolution-de-la-physique\/#breadcrumb\"},\"inLanguage\":\"en-US\",\"potentialAction\":[{\"@type\":\"ReadAction\",\"target\":[\"https:\/\/www.istegroup.com\/fr\/produit\/analyses-critiques-de-levolution-de-la-physique\/\"]}]},{\"@type\":\"ImageObject\",\"inLanguage\":\"en-US\",\"@id\":\"https:\/\/www.istegroup.com\/fr\/produit\/analyses-critiques-de-levolution-de-la-physique\/#primaryimage\",\"url\":\"https:\/\/www.istegroup.com\/wp-content\/uploads\/2017\/07\/14953630212_6401010884-1.jpg\",\"contentUrl\":\"https:\/\/www.istegroup.com\/wp-content\/uploads\/2017\/07\/14953630212_6401010884-1.jpg\",\"width\":923,\"height\":1382,\"caption\":\"Analyses critiques de l\u2019\u00e9volution de la physique\"},{\"@type\":\"BreadcrumbList\",\"@id\":\"https:\/\/www.istegroup.com\/fr\/produit\/analyses-critiques-de-levolution-de-la-physique\/#breadcrumb\",\"itemListElement\":[{\"@type\":\"ListItem\",\"position\":1,\"name\":\"Home\",\"item\":\"https:\/\/www.istegroup.com\/\"},{\"@type\":\"ListItem\",\"position\":2,\"name\":\"Shop\",\"item\":\"https:\/\/www.istegroup.com\/fr\/nouveautes\/\"},{\"@type\":\"ListItem\",\"position\":3,\"name\":\"Analyses critiques de l\u2019\u00e9volution de la physique\"}]},{\"@type\":\"WebSite\",\"@id\":\"https:\/\/www.istegroup.com\/#website\",\"url\":\"https:\/\/www.istegroup.com\/\",\"name\":\"ISTE Group\",\"description\":\"Publishing Knowledge\",\"potentialAction\":[{\"@type\":\"SearchAction\",\"target\":{\"@type\":\"EntryPoint\",\"urlTemplate\":\"https:\/\/www.istegroup.com\/?s={search_term_string}\"},\"query-input\":{\"@type\":\"PropertyValueSpecification\",\"valueRequired\":true,\"valueName\":\"search_term_string\"}}],\"inLanguage\":\"en-US\"}]}<\/script>\n<!-- \/ Yoast SEO plugin. -->","yoast_head_json":{"title":"Analyses critiques de l\u2019\u00e9volution de la physique - ISTE Group","description":"Analyses critiques de l\u2019\u00e9volution de la physique\u00a0est construit sous la forme d\u2019un dialogue entre des contradicteurs fictifs discutant de variantes th\u00e9oriques.","robots":{"index":"index","follow":"follow","max-snippet":"max-snippet:-1","max-image-preview":"max-image-preview:large","max-video-preview":"max-video-preview:-1"},"canonical":"https:\/\/www.istegroup.com\/fr\/produit\/analyses-critiques-de-levolution-de-la-physique\/","og_locale":"en_US","og_type":"article","og_title":"Analyses critiques de l\u2019\u00e9volution de la physique - ISTE Group","og_description":"Analyses critiques de l\u2019\u00e9volution de la physique\u00a0est construit sous la forme d\u2019un dialogue entre des contradicteurs fictifs discutant de variantes th\u00e9oriques.","og_url":"https:\/\/www.istegroup.com\/fr\/produit\/analyses-critiques-de-levolution-de-la-physique\/","og_site_name":"ISTE Group","article_modified_time":"2024-01-03T13:38:30+00:00","og_image":[{"width":923,"height":1382,"url":"https:\/\/www.istegroup.com\/wp-content\/uploads\/2017\/07\/14953630212_6401010884-1.jpg","type":"image\/jpeg"}],"twitter_card":"summary_large_image","twitter_misc":{"Est. reading time":"1 minute"},"schema":{"@context":"https:\/\/schema.org","@graph":[{"@type":"WebPage","@id":"https:\/\/www.istegroup.com\/fr\/produit\/analyses-critiques-de-levolution-de-la-physique\/","url":"https:\/\/www.istegroup.com\/fr\/produit\/analyses-critiques-de-levolution-de-la-physique\/","name":"Analyses critiques de l\u2019\u00e9volution de la physique - ISTE Group","isPartOf":{"@id":"https:\/\/www.istegroup.com\/#website"},"primaryImageOfPage":{"@id":"https:\/\/www.istegroup.com\/fr\/produit\/analyses-critiques-de-levolution-de-la-physique\/#primaryimage"},"image":{"@id":"https:\/\/www.istegroup.com\/fr\/produit\/analyses-critiques-de-levolution-de-la-physique\/#primaryimage"},"thumbnailUrl":"https:\/\/www.istegroup.com\/wp-content\/uploads\/2017\/07\/14953630212_6401010884-1.jpg","datePublished":"2017-07-28T08:00:36+00:00","dateModified":"2024-01-03T13:38:30+00:00","description":"Analyses critiques de l\u2019\u00e9volution de la physique\u00a0est construit sous la forme d\u2019un dialogue entre des contradicteurs fictifs discutant de variantes th\u00e9oriques.","breadcrumb":{"@id":"https:\/\/www.istegroup.com\/fr\/produit\/analyses-critiques-de-levolution-de-la-physique\/#breadcrumb"},"inLanguage":"en-US","potentialAction":[{"@type":"ReadAction","target":["https:\/\/www.istegroup.com\/fr\/produit\/analyses-critiques-de-levolution-de-la-physique\/"]}]},{"@type":"ImageObject","inLanguage":"en-US","@id":"https:\/\/www.istegroup.com\/fr\/produit\/analyses-critiques-de-levolution-de-la-physique\/#primaryimage","url":"https:\/\/www.istegroup.com\/wp-content\/uploads\/2017\/07\/14953630212_6401010884-1.jpg","contentUrl":"https:\/\/www.istegroup.com\/wp-content\/uploads\/2017\/07\/14953630212_6401010884-1.jpg","width":923,"height":1382,"caption":"Analyses critiques de l\u2019\u00e9volution de la physique"},{"@type":"BreadcrumbList","@id":"https:\/\/www.istegroup.com\/fr\/produit\/analyses-critiques-de-levolution-de-la-physique\/#breadcrumb","itemListElement":[{"@type":"ListItem","position":1,"name":"Home","item":"https:\/\/www.istegroup.com\/"},{"@type":"ListItem","position":2,"name":"Shop","item":"https:\/\/www.istegroup.com\/fr\/nouveautes\/"},{"@type":"ListItem","position":3,"name":"Analyses critiques de l\u2019\u00e9volution de la physique"}]},{"@type":"WebSite","@id":"https:\/\/www.istegroup.com\/#website","url":"https:\/\/www.istegroup.com\/","name":"ISTE Group","description":"Publishing Knowledge","potentialAction":[{"@type":"SearchAction","target":{"@type":"EntryPoint","urlTemplate":"https:\/\/www.istegroup.com\/?s={search_term_string}"},"query-input":{"@type":"PropertyValueSpecification","valueRequired":true,"valueName":"search_term_string"}}],"inLanguage":"en-US"}]}},"_links":{"self":[{"href":"https:\/\/www.istegroup.com\/en\/wp-json\/wp\/v2\/product\/72","targetHints":{"allow":["GET"]}}],"collection":[{"href":"https:\/\/www.istegroup.com\/en\/wp-json\/wp\/v2\/product"}],"about":[{"href":"https:\/\/www.istegroup.com\/en\/wp-json\/wp\/v2\/types\/product"}],"wp:featuredmedia":[{"embeddable":true,"href":"https:\/\/www.istegroup.com\/en\/wp-json\/wp\/v2\/media\/73"}],"wp:attachment":[{"href":"https:\/\/www.istegroup.com\/en\/wp-json\/wp\/v2\/media?parent=72"}],"wp:term":[{"taxonomy":"product_brand","embeddable":true,"href":"https:\/\/www.istegroup.com\/en\/wp-json\/wp\/v2\/product_brand?post=72"},{"taxonomy":"product_cat","embeddable":true,"href":"https:\/\/www.istegroup.com\/en\/wp-json\/wp\/v2\/product_cat?post=72"},{"taxonomy":"product_tag","embeddable":true,"href":"https:\/\/www.istegroup.com\/en\/wp-json\/wp\/v2\/product_tag?post=72"}],"curies":[{"name":"wp","href":"https:\/\/api.w.org\/{rel}","templated":true}]}}