{"id":66,"date":"2017-07-28T10:00:23","date_gmt":"2017-07-28T08:00:23","guid":{"rendered":"http:\/\/iste.yhello.co\/product\/analyse-cinematique-du-mouvement-humain\/"},"modified":"2024-01-03T13:38:30","modified_gmt":"2024-01-03T13:38:30","slug":"analyse-cinematique-du-mouvement-humain","status":"publish","type":"product","link":"https:\/\/www.istegroup.com\/en\/produit\/analyse-cinematique-du-mouvement-humain\/","title":{"rendered":"Analyse cin\u00e9matique du mouvement humain"},"content":{"rendered":"<p>La connaissance du mouvement humain mobilise les chercheurs de nombreuses disciplines scientifiques compl\u00e9mentaires telles que la biom\u00e9canique, l\u2019anatomie fonctionnelle, la physiologie ou les neurosciences.<\/p>\n<p>Consacr\u00e9 aux diff\u00e9rents aspects cin\u00e9matiques du mouvement humain, cet ouvrage pr\u00e9sente les bases permettant d\u2019appr\u00e9hender la description quantifi\u00e9e du mouvement du corps. Il d\u00e9veloppe les principaux types de syst\u00e8mes disponibles sur le march\u00e9 pour l\u2019analyse du mouvement, puis d\u00e9taille le principe et la mise en \u0153uvre de celui qui est le plus largement utilis\u00e9 : le syst\u00e8me opto\u00e9lectronique bas\u00e9 sur des marqueurs passifs. Les bases th\u00e9oriques n\u00e9cessaires au calcul de la cin\u00e9matique articulaire sont expliqu\u00e9es, notamment la normalisation propos\u00e9e \u00e0 l\u2019\u00e9chelle internationale pour pr\u00e9senter les param\u00e8tres de mouvement.<br \/>\nEnfin, ce livre \u00e9tudie le probl\u00e8me des erreurs de mesures instrumentales et exp\u00e9rimentales, et offre quelques applications de l\u2019analyse du mouvement dans le domaine clinique.<\/p>\n","protected":false},"excerpt":{"rendered":"<p>La connaissance du mouvement humain mobilise les chercheurs de nombreuses disciplines scientifiques compl\u00e9mentaires telles que la biom\u00e9canique, l\u2019anatomie fonctionnelle, la physiologie ou les neurosciences. Consacr\u00e9 aux diff\u00e9rents aspects cin\u00e9matiques du mouvement humain, cet ouvrage pr\u00e9sente les bases permettant d\u2019appr\u00e9hender la description quantifi\u00e9e du mouvement du corps. Il d\u00e9veloppe les principaux types de syst\u00e8mes disponibles sur [&hellip;]<\/p>\n","protected":false},"featured_media":67,"template":"","meta":{"_acf_changed":false,"_links_to":"","_links_to_target":""},"product_brand":[],"product_cat":[656],"product_tag":[756,757,758,759,163,31,18,19,218,20,21,22,760,63,25,26,27,99,761,762,38,28,29,213,763],"class_list":{"0":"post-66","1":"product","2":"type-product","3":"status-publish","4":"has-post-thumbnail","6":"product_cat-bioingnierie-mdicale-11476891","7":"product_tag-analyse-cinematique-du-mouvement-humain","8":"product_tag-anatomie","9":"product_tag-anatomie-fonctionnelle","10":"product_tag-bioingenierie","11":"product_tag-biomecanique","12":"product_tag-ebook","13":"product_tag-edition-scientifique","14":"product_tag-editions-francaise","15":"product_tag-editions-ouvrage","16":"product_tag-editions-technique","17":"product_tag-iste-group","18":"product_tag-istegroup","19":"product_tag-laurence-cheze","20":"product_tag-livre-electronique","21":"product_tag-livre-numerique","22":"product_tag-livre-scientifique-francais","23":"product_tag-livre-technique-francais","24":"product_tag-livres-numeriques","25":"product_tag-mouvement-humain","26":"product_tag-neurosciences","27":"product_tag-ouvrage-numerique","28":"product_tag-ouvrage-scientifique-francais","29":"product_tag-ouvrage-technique","30":"product_tag-ouvrages-scientifiques","31":"product_tag-physiologie","33":"first","34":"instock","35":"shipping-taxable","36":"purchasable","37":"product-type-variable"},"acf":[],"yoast_head":"<!-- This site is optimized with the Yoast SEO plugin v27.2 - https:\/\/yoast.com\/product\/yoast-seo-wordpress\/ -->\n<title>Analyse cin\u00e9matique du mouvement humain - ISTE Group<\/title>\n<meta name=\"description\" content=\"Analyse cin\u00e9matique du mouvement humain pr\u00e9sente les bases permettant d\u2019appr\u00e9hender la description quantifi\u00e9e du mouvement du corps.\" \/>\n<meta name=\"robots\" content=\"index, follow, max-snippet:-1, max-image-preview:large, max-video-preview:-1\" \/>\n<link rel=\"canonical\" href=\"https:\/\/www.istegroup.com\/fr\/produit\/analyse-cinematique-du-mouvement-humain\/\" \/>\n<meta property=\"og:locale\" content=\"en_US\" \/>\n<meta property=\"og:type\" content=\"article\" \/>\n<meta property=\"og:title\" content=\"Analyse cin\u00e9matique du mouvement humain - ISTE Group\" \/>\n<meta property=\"og:description\" content=\"Analyse cin\u00e9matique du mouvement humain pr\u00e9sente les bases permettant d\u2019appr\u00e9hender la description quantifi\u00e9e du mouvement du corps.\" \/>\n<meta property=\"og:url\" content=\"https:\/\/www.istegroup.com\/fr\/produit\/analyse-cinematique-du-mouvement-humain\/\" \/>\n<meta property=\"og:site_name\" content=\"ISTE Group\" \/>\n<meta property=\"article:modified_time\" content=\"2024-01-03T13:38:30+00:00\" \/>\n<meta property=\"og:image\" content=\"https:\/\/www.istegroup.com\/wp-content\/uploads\/2017\/07\/1185547928_371292968-1.jpg\" \/>\n\t<meta property=\"og:image:width\" content=\"300\" \/>\n\t<meta property=\"og:image:height\" content=\"453\" \/>\n\t<meta property=\"og:image:type\" content=\"image\/jpeg\" \/>\n<meta name=\"twitter:card\" content=\"summary_large_image\" \/>\n<meta name=\"twitter:label1\" content=\"Est. reading time\" \/>\n\t<meta name=\"twitter:data1\" content=\"1 minute\" \/>\n<script type=\"application\/ld+json\" class=\"yoast-schema-graph\">{\"@context\":\"https:\/\/schema.org\",\"@graph\":[{\"@type\":\"WebPage\",\"@id\":\"https:\/\/www.istegroup.com\/fr\/produit\/analyse-cinematique-du-mouvement-humain\/\",\"url\":\"https:\/\/www.istegroup.com\/fr\/produit\/analyse-cinematique-du-mouvement-humain\/\",\"name\":\"Analyse cin\u00e9matique du mouvement humain - ISTE Group\",\"isPartOf\":{\"@id\":\"https:\/\/www.istegroup.com\/#website\"},\"primaryImageOfPage\":{\"@id\":\"https:\/\/www.istegroup.com\/fr\/produit\/analyse-cinematique-du-mouvement-humain\/#primaryimage\"},\"image\":{\"@id\":\"https:\/\/www.istegroup.com\/fr\/produit\/analyse-cinematique-du-mouvement-humain\/#primaryimage\"},\"thumbnailUrl\":\"https:\/\/www.istegroup.com\/wp-content\/uploads\/2017\/07\/1185547928_371292968-1.jpg\",\"datePublished\":\"2017-07-28T08:00:23+00:00\",\"dateModified\":\"2024-01-03T13:38:30+00:00\",\"description\":\"Analyse cin\u00e9matique du mouvement humain pr\u00e9sente les bases permettant d\u2019appr\u00e9hender la description quantifi\u00e9e du mouvement du corps.\",\"breadcrumb\":{\"@id\":\"https:\/\/www.istegroup.com\/fr\/produit\/analyse-cinematique-du-mouvement-humain\/#breadcrumb\"},\"inLanguage\":\"en-US\",\"potentialAction\":[{\"@type\":\"ReadAction\",\"target\":[\"https:\/\/www.istegroup.com\/fr\/produit\/analyse-cinematique-du-mouvement-humain\/\"]}]},{\"@type\":\"ImageObject\",\"inLanguage\":\"en-US\",\"@id\":\"https:\/\/www.istegroup.com\/fr\/produit\/analyse-cinematique-du-mouvement-humain\/#primaryimage\",\"url\":\"https:\/\/www.istegroup.com\/wp-content\/uploads\/2017\/07\/1185547928_371292968-1.jpg\",\"contentUrl\":\"https:\/\/www.istegroup.com\/wp-content\/uploads\/2017\/07\/1185547928_371292968-1.jpg\",\"width\":300,\"height\":453,\"caption\":\"Analyse cin\u00e9matique du mouvement humain\"},{\"@type\":\"BreadcrumbList\",\"@id\":\"https:\/\/www.istegroup.com\/fr\/produit\/analyse-cinematique-du-mouvement-humain\/#breadcrumb\",\"itemListElement\":[{\"@type\":\"ListItem\",\"position\":1,\"name\":\"Home\",\"item\":\"https:\/\/www.istegroup.com\/\"},{\"@type\":\"ListItem\",\"position\":2,\"name\":\"Shop\",\"item\":\"https:\/\/www.istegroup.com\/fr\/nouveautes\/\"},{\"@type\":\"ListItem\",\"position\":3,\"name\":\"Analyse cin\u00e9matique du mouvement humain\"}]},{\"@type\":\"WebSite\",\"@id\":\"https:\/\/www.istegroup.com\/#website\",\"url\":\"https:\/\/www.istegroup.com\/\",\"name\":\"ISTE Group\",\"description\":\"Publishing Knowledge\",\"potentialAction\":[{\"@type\":\"SearchAction\",\"target\":{\"@type\":\"EntryPoint\",\"urlTemplate\":\"https:\/\/www.istegroup.com\/?s={search_term_string}\"},\"query-input\":{\"@type\":\"PropertyValueSpecification\",\"valueRequired\":true,\"valueName\":\"search_term_string\"}}],\"inLanguage\":\"en-US\"}]}<\/script>\n<!-- \/ Yoast SEO plugin. -->","yoast_head_json":{"title":"Analyse cin\u00e9matique du mouvement humain - ISTE Group","description":"Analyse cin\u00e9matique du mouvement humain pr\u00e9sente les bases permettant d\u2019appr\u00e9hender la description quantifi\u00e9e du mouvement du corps.","robots":{"index":"index","follow":"follow","max-snippet":"max-snippet:-1","max-image-preview":"max-image-preview:large","max-video-preview":"max-video-preview:-1"},"canonical":"https:\/\/www.istegroup.com\/fr\/produit\/analyse-cinematique-du-mouvement-humain\/","og_locale":"en_US","og_type":"article","og_title":"Analyse cin\u00e9matique du mouvement humain - ISTE Group","og_description":"Analyse cin\u00e9matique du mouvement humain pr\u00e9sente les bases permettant d\u2019appr\u00e9hender la description quantifi\u00e9e du mouvement du corps.","og_url":"https:\/\/www.istegroup.com\/fr\/produit\/analyse-cinematique-du-mouvement-humain\/","og_site_name":"ISTE Group","article_modified_time":"2024-01-03T13:38:30+00:00","og_image":[{"width":300,"height":453,"url":"https:\/\/www.istegroup.com\/wp-content\/uploads\/2017\/07\/1185547928_371292968-1.jpg","type":"image\/jpeg"}],"twitter_card":"summary_large_image","twitter_misc":{"Est. reading time":"1 minute"},"schema":{"@context":"https:\/\/schema.org","@graph":[{"@type":"WebPage","@id":"https:\/\/www.istegroup.com\/fr\/produit\/analyse-cinematique-du-mouvement-humain\/","url":"https:\/\/www.istegroup.com\/fr\/produit\/analyse-cinematique-du-mouvement-humain\/","name":"Analyse cin\u00e9matique du mouvement humain - ISTE Group","isPartOf":{"@id":"https:\/\/www.istegroup.com\/#website"},"primaryImageOfPage":{"@id":"https:\/\/www.istegroup.com\/fr\/produit\/analyse-cinematique-du-mouvement-humain\/#primaryimage"},"image":{"@id":"https:\/\/www.istegroup.com\/fr\/produit\/analyse-cinematique-du-mouvement-humain\/#primaryimage"},"thumbnailUrl":"https:\/\/www.istegroup.com\/wp-content\/uploads\/2017\/07\/1185547928_371292968-1.jpg","datePublished":"2017-07-28T08:00:23+00:00","dateModified":"2024-01-03T13:38:30+00:00","description":"Analyse cin\u00e9matique du mouvement humain pr\u00e9sente les bases permettant d\u2019appr\u00e9hender la description quantifi\u00e9e du mouvement du corps.","breadcrumb":{"@id":"https:\/\/www.istegroup.com\/fr\/produit\/analyse-cinematique-du-mouvement-humain\/#breadcrumb"},"inLanguage":"en-US","potentialAction":[{"@type":"ReadAction","target":["https:\/\/www.istegroup.com\/fr\/produit\/analyse-cinematique-du-mouvement-humain\/"]}]},{"@type":"ImageObject","inLanguage":"en-US","@id":"https:\/\/www.istegroup.com\/fr\/produit\/analyse-cinematique-du-mouvement-humain\/#primaryimage","url":"https:\/\/www.istegroup.com\/wp-content\/uploads\/2017\/07\/1185547928_371292968-1.jpg","contentUrl":"https:\/\/www.istegroup.com\/wp-content\/uploads\/2017\/07\/1185547928_371292968-1.jpg","width":300,"height":453,"caption":"Analyse cin\u00e9matique du mouvement humain"},{"@type":"BreadcrumbList","@id":"https:\/\/www.istegroup.com\/fr\/produit\/analyse-cinematique-du-mouvement-humain\/#breadcrumb","itemListElement":[{"@type":"ListItem","position":1,"name":"Home","item":"https:\/\/www.istegroup.com\/"},{"@type":"ListItem","position":2,"name":"Shop","item":"https:\/\/www.istegroup.com\/fr\/nouveautes\/"},{"@type":"ListItem","position":3,"name":"Analyse cin\u00e9matique du mouvement humain"}]},{"@type":"WebSite","@id":"https:\/\/www.istegroup.com\/#website","url":"https:\/\/www.istegroup.com\/","name":"ISTE Group","description":"Publishing Knowledge","potentialAction":[{"@type":"SearchAction","target":{"@type":"EntryPoint","urlTemplate":"https:\/\/www.istegroup.com\/?s={search_term_string}"},"query-input":{"@type":"PropertyValueSpecification","valueRequired":true,"valueName":"search_term_string"}}],"inLanguage":"en-US"}]}},"_links":{"self":[{"href":"https:\/\/www.istegroup.com\/en\/wp-json\/wp\/v2\/product\/66","targetHints":{"allow":["GET"]}}],"collection":[{"href":"https:\/\/www.istegroup.com\/en\/wp-json\/wp\/v2\/product"}],"about":[{"href":"https:\/\/www.istegroup.com\/en\/wp-json\/wp\/v2\/types\/product"}],"wp:featuredmedia":[{"embeddable":true,"href":"https:\/\/www.istegroup.com\/en\/wp-json\/wp\/v2\/media\/67"}],"wp:attachment":[{"href":"https:\/\/www.istegroup.com\/en\/wp-json\/wp\/v2\/media?parent=66"}],"wp:term":[{"taxonomy":"product_brand","embeddable":true,"href":"https:\/\/www.istegroup.com\/en\/wp-json\/wp\/v2\/product_brand?post=66"},{"taxonomy":"product_cat","embeddable":true,"href":"https:\/\/www.istegroup.com\/en\/wp-json\/wp\/v2\/product_cat?post=66"},{"taxonomy":"product_tag","embeddable":true,"href":"https:\/\/www.istegroup.com\/en\/wp-json\/wp\/v2\/product_tag?post=66"}],"curies":[{"name":"wp","href":"https:\/\/api.w.org\/{rel}","templated":true}]}}