{"id":658,"date":"2017-07-28T15:38:55","date_gmt":"2017-07-28T13:38:55","guid":{"rendered":"https:\/\/iste.yhello.co\/product\/vulnerabilite-du-systeme-oceanique\/"},"modified":"2024-01-03T13:41:15","modified_gmt":"2024-01-03T13:41:15","slug":"vulnerabilite-du-systeme-oceanique","status":"publish","type":"product","link":"https:\/\/www.istegroup.com\/en\/produit\/vulnerabilite-du-systeme-oceanique\/","title":{"rendered":"Vuln\u00e9rabilit\u00e9 du syst\u00e8me oc\u00e9anique"},"content":{"rendered":"<p>La s\u00e9rie\u00a0<a href=\"https:\/\/www.istegroup.com\/fr\/series\/mer-et-ocean\/\"><em>Mer et Oc\u00e9an<\/em><\/a>\u00a0propose une approche interdisciplinaire et int\u00e9gr\u00e9e (biologique, physique, chimique) des syst\u00e8mes oc\u00e9aniques : \u00e9tat et fonctionnement des oc\u00e9ans, origine de leur vuln\u00e9rabilit\u00e9, sc\u00e9narios de gestion durable et d\u2019adaptation des soci\u00e9t\u00e9s. Une approche qui permet le passage de cette science fondamentale, bas\u00e9e sur l\u2019analyse des processus, leurs couplages \u00e0 toutes les \u00e9chelles et entre tous les compartiments, \u00e0 une science \u00ab publique \u00bb, finalisable et participative, ouverte aux d\u00e9cideurs et aux gestionnaires.<\/p>\n<p>La vuln\u00e9rabilit\u00e9 d&#8217;un socio-\u00e9cosyst\u00e8me combine la probabilit\u00e9 de son exposition \u00e0 une pression naturelle ou anthropique, sa sensibilit\u00e9 et sa capacit\u00e9 de r\u00e9silience.<\/p>\n<p>Cet ouvrage pr\u00e9sente une vision syst\u00e9mique de la diversit\u00e9 des pressions et impacts exerc\u00e9s par le changement climatique et les actions humaines. De l&#8217;\u00e9rosion de la biodiversit\u00e9 \u00e0 la modification de la chimie oc\u00e9anique, l\u2019intensification du changement global soul\u00e8ve le probl\u00e8me de l\u2019adaptation des ressources vivantes.<\/p>\n<p>Les usages terrestres induisent des d\u00e9s\u00e9quilibres \u00e9cologiques aboutissant \u00e0 une v\u00e9ritable asphyxie d\u2019\u00e9cosyst\u00e8mes c\u00f4tiers. Plus d\u2019un milliard de tonnes de d\u00e9chets solides doivent \u00eatre assimil\u00e9es par le milieu marin et les r\u00e9seaux trophiques. Les rejets radioactifs, \u00e9mis dans l\u2019atmosph\u00e8re ou dans les milieux aquatiques, posent la question de leur devenir.<\/p>\n<h4><\/h4>\n<h2><\/h2>\n","protected":false},"excerpt":{"rendered":"<p>La s\u00e9rie\u00a0Mer et Oc\u00e9an\u00a0propose une approche interdisciplinaire et int\u00e9gr\u00e9e (biologique, physique, chimique) des syst\u00e8mes oc\u00e9aniques : \u00e9tat et fonctionnement des oc\u00e9ans, origine de leur vuln\u00e9rabilit\u00e9, sc\u00e9narios de gestion durable et d\u2019adaptation des soci\u00e9t\u00e9s. Une approche qui permet le passage de cette science fondamentale, bas\u00e9e sur l\u2019analyse des processus, leurs couplages \u00e0 toutes les \u00e9chelles et [&hellip;]<\/p>\n","protected":false},"featured_media":659,"template":"","meta":{"_acf_changed":false,"_links_to":"","_links_to_target":""},"product_brand":[],"product_cat":[712,705],"product_tag":[927,928,920,2426,929,31,196,931,932,933,935,197,198,199,21,200,22,201,937,203,204,63,25,172,209,1372,938,212,38,192,145,28,939,940,941,2427,2428],"class_list":{"0":"post-658","1":"product","2":"type-product","3":"status-publish","4":"has-post-thumbnail","6":"product_cat-srie-mer-et-ocan-189825988","7":"product_cat-systme-terre-environnement-27112280","8":"product_tag-andre-monaco","9":"product_tag-archeologie-marine","10":"product_tag-changement-climatique","11":"product_tag-chimie-oceanique","12":"product_tag-colonisation-des-oceans","13":"product_tag-ebook","14":"product_tag-ebooks","15":"product_tag-energie-marine","16":"product_tag-environnement-marin","17":"product_tag-glaciologie","18":"product_tag-hydrologie","19":"product_tag-iste","20":"product_tag-iste-edition","21":"product_tag-iste-editions","22":"product_tag-iste-group","23":"product_tag-isteedition","24":"product_tag-istegroup","25":"product_tag-kindle","26":"product_tag-limnologie","27":"product_tag-liseuse","28":"product_tag-livre","29":"product_tag-livre-electronique","30":"product_tag-livre-numerique","31":"product_tag-livre-scientifique","32":"product_tag-livres-scientifiques","33":"product_tag-mer-et-ocean","34":"product_tag-niveaux-des-mers","35":"product_tag-ouvrage","36":"product_tag-ouvrage-numerique","37":"product_tag-ouvrage-science","38":"product_tag-ouvrage-scientifique","39":"product_tag-ouvrage-scientifique-francais","40":"product_tag-patrick-prouzet","41":"product_tag-pollution-des-mers","42":"product_tag-systeme-oceanique","43":"product_tag-topographies-sous-marines","44":"product_tag-vulnerabilite-du-systeme-oceanique","46":"first","47":"instock","48":"shipping-taxable","49":"purchasable","50":"product-type-variable"},"acf":[],"yoast_head":"<!-- This site is optimized with the Yoast SEO plugin v27.2 - https:\/\/yoast.com\/product\/yoast-seo-wordpress\/ -->\n<title>Vuln\u00e9rabilit\u00e9 du syst\u00e8me oc\u00e9anique - ISTE Group<\/title>\n<meta name=\"description\" content=\"Cet ouvrage pr\u00e9sente une vision syst\u00e9mique de la diversit\u00e9 des pressions et impacts exerc\u00e9s par le changement climatique et les actions humaines. De l&#039;\u00e9rosion de la biodiversit\u00e9 \u00e0 la modification de la chimie oc\u00e9anique, l\u2019intensification du changement global soul\u00e8ve le probl\u00e8me de l\u2019adaptation des ressources vivantes.\" \/>\n<meta name=\"robots\" content=\"index, follow, max-snippet:-1, max-image-preview:large, max-video-preview:-1\" \/>\n<link rel=\"canonical\" href=\"https:\/\/www.istegroup.com\/fr\/produit\/vulnerabilite-du-systeme-oceanique\/\" \/>\n<meta property=\"og:locale\" content=\"en_US\" \/>\n<meta property=\"og:type\" content=\"article\" \/>\n<meta property=\"og:title\" content=\"Vuln\u00e9rabilit\u00e9 du syst\u00e8me oc\u00e9anique - ISTE Group\" \/>\n<meta property=\"og:description\" content=\"Cet ouvrage pr\u00e9sente une vision syst\u00e9mique de la diversit\u00e9 des pressions et impacts exerc\u00e9s par le changement climatique et les actions humaines. De l&#039;\u00e9rosion de la biodiversit\u00e9 \u00e0 la modification de la chimie oc\u00e9anique, l\u2019intensification du changement global soul\u00e8ve le probl\u00e8me de l\u2019adaptation des ressources vivantes.\" \/>\n<meta property=\"og:url\" content=\"https:\/\/www.istegroup.com\/fr\/produit\/vulnerabilite-du-systeme-oceanique\/\" \/>\n<meta property=\"og:site_name\" content=\"ISTE Group\" \/>\n<meta property=\"article:modified_time\" content=\"2024-01-03T13:41:15+00:00\" \/>\n<meta property=\"og:image\" content=\"https:\/\/www.istegroup.com\/wp-content\/uploads\/2017\/07\/414211169_201031593-1.jpg\" \/>\n\t<meta property=\"og:image:width\" content=\"300\" \/>\n\t<meta property=\"og:image:height\" content=\"450\" \/>\n\t<meta property=\"og:image:type\" content=\"image\/jpeg\" \/>\n<meta name=\"twitter:card\" content=\"summary_large_image\" \/>\n<meta name=\"twitter:label1\" content=\"Est. reading time\" \/>\n\t<meta name=\"twitter:data1\" content=\"1 minute\" \/>\n<script type=\"application\/ld+json\" class=\"yoast-schema-graph\">{\"@context\":\"https:\/\/schema.org\",\"@graph\":[{\"@type\":\"WebPage\",\"@id\":\"https:\/\/www.istegroup.com\/fr\/produit\/vulnerabilite-du-systeme-oceanique\/\",\"url\":\"https:\/\/www.istegroup.com\/fr\/produit\/vulnerabilite-du-systeme-oceanique\/\",\"name\":\"Vuln\u00e9rabilit\u00e9 du syst\u00e8me oc\u00e9anique - ISTE Group\",\"isPartOf\":{\"@id\":\"https:\/\/www.istegroup.com\/#website\"},\"primaryImageOfPage\":{\"@id\":\"https:\/\/www.istegroup.com\/fr\/produit\/vulnerabilite-du-systeme-oceanique\/#primaryimage\"},\"image\":{\"@id\":\"https:\/\/www.istegroup.com\/fr\/produit\/vulnerabilite-du-systeme-oceanique\/#primaryimage\"},\"thumbnailUrl\":\"https:\/\/www.istegroup.com\/wp-content\/uploads\/2017\/07\/414211169_201031593-1.jpg\",\"datePublished\":\"2017-07-28T13:38:55+00:00\",\"dateModified\":\"2024-01-03T13:41:15+00:00\",\"description\":\"Cet ouvrage pr\u00e9sente une vision syst\u00e9mique de la diversit\u00e9 des pressions et impacts exerc\u00e9s par le changement climatique et les actions humaines. De l'\u00e9rosion de la biodiversit\u00e9 \u00e0 la modification de la chimie oc\u00e9anique, l\u2019intensification du changement global soul\u00e8ve le probl\u00e8me de l\u2019adaptation des ressources vivantes.\",\"breadcrumb\":{\"@id\":\"https:\/\/www.istegroup.com\/fr\/produit\/vulnerabilite-du-systeme-oceanique\/#breadcrumb\"},\"inLanguage\":\"en-US\",\"potentialAction\":[{\"@type\":\"ReadAction\",\"target\":[\"https:\/\/www.istegroup.com\/fr\/produit\/vulnerabilite-du-systeme-oceanique\/\"]}]},{\"@type\":\"ImageObject\",\"inLanguage\":\"en-US\",\"@id\":\"https:\/\/www.istegroup.com\/fr\/produit\/vulnerabilite-du-systeme-oceanique\/#primaryimage\",\"url\":\"https:\/\/www.istegroup.com\/wp-content\/uploads\/2017\/07\/414211169_201031593-1.jpg\",\"contentUrl\":\"https:\/\/www.istegroup.com\/wp-content\/uploads\/2017\/07\/414211169_201031593-1.jpg\",\"width\":300,\"height\":450,\"caption\":\"Vuln\u00e9rabilit\u00e9 du syst\u00e8me oc\u00e9anique\"},{\"@type\":\"BreadcrumbList\",\"@id\":\"https:\/\/www.istegroup.com\/fr\/produit\/vulnerabilite-du-systeme-oceanique\/#breadcrumb\",\"itemListElement\":[{\"@type\":\"ListItem\",\"position\":1,\"name\":\"Home\",\"item\":\"https:\/\/www.istegroup.com\/\"},{\"@type\":\"ListItem\",\"position\":2,\"name\":\"Shop\",\"item\":\"https:\/\/www.istegroup.com\/fr\/nouveautes\/\"},{\"@type\":\"ListItem\",\"position\":3,\"name\":\"Vuln\u00e9rabilit\u00e9 du syst\u00e8me oc\u00e9anique\"}]},{\"@type\":\"WebSite\",\"@id\":\"https:\/\/www.istegroup.com\/#website\",\"url\":\"https:\/\/www.istegroup.com\/\",\"name\":\"ISTE Group\",\"description\":\"Publishing Knowledge\",\"potentialAction\":[{\"@type\":\"SearchAction\",\"target\":{\"@type\":\"EntryPoint\",\"urlTemplate\":\"https:\/\/www.istegroup.com\/?s={search_term_string}\"},\"query-input\":{\"@type\":\"PropertyValueSpecification\",\"valueRequired\":true,\"valueName\":\"search_term_string\"}}],\"inLanguage\":\"en-US\"}]}<\/script>\n<!-- \/ Yoast SEO plugin. -->","yoast_head_json":{"title":"Vuln\u00e9rabilit\u00e9 du syst\u00e8me oc\u00e9anique - ISTE Group","description":"Cet ouvrage pr\u00e9sente une vision syst\u00e9mique de la diversit\u00e9 des pressions et impacts exerc\u00e9s par le changement climatique et les actions humaines. De l'\u00e9rosion de la biodiversit\u00e9 \u00e0 la modification de la chimie oc\u00e9anique, l\u2019intensification du changement global soul\u00e8ve le probl\u00e8me de l\u2019adaptation des ressources vivantes.","robots":{"index":"index","follow":"follow","max-snippet":"max-snippet:-1","max-image-preview":"max-image-preview:large","max-video-preview":"max-video-preview:-1"},"canonical":"https:\/\/www.istegroup.com\/fr\/produit\/vulnerabilite-du-systeme-oceanique\/","og_locale":"en_US","og_type":"article","og_title":"Vuln\u00e9rabilit\u00e9 du syst\u00e8me oc\u00e9anique - ISTE Group","og_description":"Cet ouvrage pr\u00e9sente une vision syst\u00e9mique de la diversit\u00e9 des pressions et impacts exerc\u00e9s par le changement climatique et les actions humaines. De l'\u00e9rosion de la biodiversit\u00e9 \u00e0 la modification de la chimie oc\u00e9anique, l\u2019intensification du changement global soul\u00e8ve le probl\u00e8me de l\u2019adaptation des ressources vivantes.","og_url":"https:\/\/www.istegroup.com\/fr\/produit\/vulnerabilite-du-systeme-oceanique\/","og_site_name":"ISTE Group","article_modified_time":"2024-01-03T13:41:15+00:00","og_image":[{"width":300,"height":450,"url":"https:\/\/www.istegroup.com\/wp-content\/uploads\/2017\/07\/414211169_201031593-1.jpg","type":"image\/jpeg"}],"twitter_card":"summary_large_image","twitter_misc":{"Est. reading time":"1 minute"},"schema":{"@context":"https:\/\/schema.org","@graph":[{"@type":"WebPage","@id":"https:\/\/www.istegroup.com\/fr\/produit\/vulnerabilite-du-systeme-oceanique\/","url":"https:\/\/www.istegroup.com\/fr\/produit\/vulnerabilite-du-systeme-oceanique\/","name":"Vuln\u00e9rabilit\u00e9 du syst\u00e8me oc\u00e9anique - ISTE Group","isPartOf":{"@id":"https:\/\/www.istegroup.com\/#website"},"primaryImageOfPage":{"@id":"https:\/\/www.istegroup.com\/fr\/produit\/vulnerabilite-du-systeme-oceanique\/#primaryimage"},"image":{"@id":"https:\/\/www.istegroup.com\/fr\/produit\/vulnerabilite-du-systeme-oceanique\/#primaryimage"},"thumbnailUrl":"https:\/\/www.istegroup.com\/wp-content\/uploads\/2017\/07\/414211169_201031593-1.jpg","datePublished":"2017-07-28T13:38:55+00:00","dateModified":"2024-01-03T13:41:15+00:00","description":"Cet ouvrage pr\u00e9sente une vision syst\u00e9mique de la diversit\u00e9 des pressions et impacts exerc\u00e9s par le changement climatique et les actions humaines. De l'\u00e9rosion de la biodiversit\u00e9 \u00e0 la modification de la chimie oc\u00e9anique, l\u2019intensification du changement global soul\u00e8ve le probl\u00e8me de l\u2019adaptation des ressources vivantes.","breadcrumb":{"@id":"https:\/\/www.istegroup.com\/fr\/produit\/vulnerabilite-du-systeme-oceanique\/#breadcrumb"},"inLanguage":"en-US","potentialAction":[{"@type":"ReadAction","target":["https:\/\/www.istegroup.com\/fr\/produit\/vulnerabilite-du-systeme-oceanique\/"]}]},{"@type":"ImageObject","inLanguage":"en-US","@id":"https:\/\/www.istegroup.com\/fr\/produit\/vulnerabilite-du-systeme-oceanique\/#primaryimage","url":"https:\/\/www.istegroup.com\/wp-content\/uploads\/2017\/07\/414211169_201031593-1.jpg","contentUrl":"https:\/\/www.istegroup.com\/wp-content\/uploads\/2017\/07\/414211169_201031593-1.jpg","width":300,"height":450,"caption":"Vuln\u00e9rabilit\u00e9 du syst\u00e8me oc\u00e9anique"},{"@type":"BreadcrumbList","@id":"https:\/\/www.istegroup.com\/fr\/produit\/vulnerabilite-du-systeme-oceanique\/#breadcrumb","itemListElement":[{"@type":"ListItem","position":1,"name":"Home","item":"https:\/\/www.istegroup.com\/"},{"@type":"ListItem","position":2,"name":"Shop","item":"https:\/\/www.istegroup.com\/fr\/nouveautes\/"},{"@type":"ListItem","position":3,"name":"Vuln\u00e9rabilit\u00e9 du syst\u00e8me oc\u00e9anique"}]},{"@type":"WebSite","@id":"https:\/\/www.istegroup.com\/#website","url":"https:\/\/www.istegroup.com\/","name":"ISTE Group","description":"Publishing Knowledge","potentialAction":[{"@type":"SearchAction","target":{"@type":"EntryPoint","urlTemplate":"https:\/\/www.istegroup.com\/?s={search_term_string}"},"query-input":{"@type":"PropertyValueSpecification","valueRequired":true,"valueName":"search_term_string"}}],"inLanguage":"en-US"}]}},"_links":{"self":[{"href":"https:\/\/www.istegroup.com\/en\/wp-json\/wp\/v2\/product\/658","targetHints":{"allow":["GET"]}}],"collection":[{"href":"https:\/\/www.istegroup.com\/en\/wp-json\/wp\/v2\/product"}],"about":[{"href":"https:\/\/www.istegroup.com\/en\/wp-json\/wp\/v2\/types\/product"}],"wp:featuredmedia":[{"embeddable":true,"href":"https:\/\/www.istegroup.com\/en\/wp-json\/wp\/v2\/media\/659"}],"wp:attachment":[{"href":"https:\/\/www.istegroup.com\/en\/wp-json\/wp\/v2\/media?parent=658"}],"wp:term":[{"taxonomy":"product_brand","embeddable":true,"href":"https:\/\/www.istegroup.com\/en\/wp-json\/wp\/v2\/product_brand?post=658"},{"taxonomy":"product_cat","embeddable":true,"href":"https:\/\/www.istegroup.com\/en\/wp-json\/wp\/v2\/product_cat?post=658"},{"taxonomy":"product_tag","embeddable":true,"href":"https:\/\/www.istegroup.com\/en\/wp-json\/wp\/v2\/product_tag?post=658"}],"curies":[{"name":"wp","href":"https:\/\/api.w.org\/{rel}","templated":true}]}}