{"id":652,"date":"2017-07-28T15:38:40","date_gmt":"2017-07-28T13:38:40","guid":{"rendered":"https:\/\/iste.yhello.co\/product\/valorisation-et-economie-des-ressources-marines\/"},"modified":"2024-01-03T13:41:14","modified_gmt":"2024-01-03T13:41:14","slug":"valorisation-et-economie-des-ressources-marines","status":"publish","type":"product","link":"https:\/\/www.istegroup.com\/en\/produit\/valorisation-et-economie-des-ressources-marines\/","title":{"rendered":"Valorisation et \u00e9conomie des ressources marines"},"content":{"rendered":"<p>La s\u00e9rie Mer et Oc\u00e9an propose une approche interdisciplinaire et int\u00e9gr\u00e9e (biologique, physique, chimique) des syst\u00e8mes oc\u00e9aniques : \u00e9tat et fonctionnement des oc\u00e9ans, origine de leur vuln\u00e9rabilit\u00e9, sc\u00e9narios de gestion durable et d\u2019adaptation des soci\u00e9t\u00e9s. Une approche qui permet le passage de cette science fondamentale, bas\u00e9e sur l\u2019analyse des processus, leurs couplages \u00e0 toutes les \u00e9chelles et entre tous les compartiments, \u00e0 une science \u00ab publique \u00bb, finalisable et participative, ouverte aux d\u00e9cideurs et aux gestionnaires.<\/p>\n<p>Le d\u00e9veloppement r\u00e9cent des biotechnologies marines, la d\u00e9couverte d\u2019une gigantesque pharmacop\u00e9e et le d\u00e9veloppement d\u2019\u00e9nergies marines renouvelables d\u00e9montrent que l\u2019homme peut valoriser les biens et services de l\u2019Oc\u00e9an par le biais des technologies nouvelles.<\/p>\n<p>Cette mise en valeur des ressources marines n\u00e9cessite une approche int\u00e9gr\u00e9e avec une adaptation non seulement technique, mais aussi sociale et politique afin d\u2019assurer la soutenabilit\u00e9 des fili\u00e8res de production et de minimiser leurs empreintes \u00e9cologiques.<\/p>\n<p>Proposant une analyse du secteur de la p\u00eache et plus largement des activit\u00e9s maritimes, cet ouvrage traite des ressources marines, de leur exploitation, de leur valorisation et des fili\u00e8res \u00e9conomiques qu\u2019elles g\u00e9n\u00e8rent sous l\u2019angle des contraintes environnementales croissantes, de la politique de gestion et de l\u2019innovation technique.<\/p>\n","protected":false},"excerpt":{"rendered":"<p>La s\u00e9rie Mer et Oc\u00e9an propose une approche interdisciplinaire et int\u00e9gr\u00e9e (biologique, physique, chimique) des syst\u00e8mes oc\u00e9aniques : \u00e9tat et fonctionnement des oc\u00e9ans, origine de leur vuln\u00e9rabilit\u00e9, sc\u00e9narios de gestion durable et d\u2019adaptation des soci\u00e9t\u00e9s. Une approche qui permet le passage de cette science fondamentale, bas\u00e9e sur l\u2019analyse des processus, leurs couplages \u00e0 toutes les [&hellip;]<\/p>\n","protected":false},"featured_media":653,"template":"","meta":{"_acf_changed":false,"_links_to":"","_links_to_target":""},"product_brand":[],"product_cat":[712,705],"product_tag":[927,2404,31,196,2407,289,197,198,199,21,200,22,201,203,204,63,25,172,209,1372,212,38,192,145,28,939,2114,2405,253,2406],"class_list":{"0":"post-652","1":"product","2":"type-product","3":"status-publish","4":"has-post-thumbnail","6":"product_cat-srie-mer-et-ocan-189825988","7":"product_cat-systme-terre-environnement-27112280","8":"product_tag-andre-monaco","9":"product_tag-biotechnologies-marines","10":"product_tag-ebook","11":"product_tag-ebooks","12":"product_tag-energies-marines","13":"product_tag-innovation","14":"product_tag-iste","15":"product_tag-iste-edition","16":"product_tag-iste-editions","17":"product_tag-iste-group","18":"product_tag-isteedition","19":"product_tag-istegroup","20":"product_tag-kindle","21":"product_tag-liseuse","22":"product_tag-livre","23":"product_tag-livre-electronique","24":"product_tag-livre-numerique","25":"product_tag-livre-scientifique","26":"product_tag-livres-scientifiques","27":"product_tag-mer-et-ocean","28":"product_tag-ouvrage","29":"product_tag-ouvrage-numerique","30":"product_tag-ouvrage-science","31":"product_tag-ouvrage-scientifique","32":"product_tag-ouvrage-scientifique-francais","33":"product_tag-patrick-prouzet","34":"product_tag-peche","35":"product_tag-ressources-marines","36":"product_tag-technologie","37":"product_tag-valorisation-et-economie-des-ressources-marines","39":"first","40":"instock","41":"shipping-taxable","42":"purchasable","43":"product-type-variable"},"acf":[],"yoast_head":"<!-- This site is optimized with the Yoast SEO plugin v27.2 - https:\/\/yoast.com\/product\/yoast-seo-wordpress\/ -->\n<title>Valorisation et \u00e9conomie des ressources marines - ISTE Group<\/title>\n<meta name=\"description\" content=\"Proposant une analyse du secteur de la p\u00eache et plus largement des activit\u00e9s maritimes, cet ouvrage traite des ressources marines, de leur exploitation, de leur valorisation et des fili\u00e8res \u00e9conomiques qu\u2019elles g\u00e9n\u00e8rent sous l\u2019angle des contraintes environnementales croissantes, de la politique de gestion et de l\u2019innovation technique.\" \/>\n<meta name=\"robots\" content=\"index, follow, max-snippet:-1, max-image-preview:large, max-video-preview:-1\" \/>\n<link rel=\"canonical\" href=\"https:\/\/www.istegroup.com\/fr\/produit\/valorisation-et-economie-des-ressources-marines\/\" \/>\n<meta property=\"og:locale\" content=\"en_US\" \/>\n<meta property=\"og:type\" content=\"article\" \/>\n<meta property=\"og:title\" content=\"Valorisation et \u00e9conomie des ressources marines - ISTE Group\" \/>\n<meta property=\"og:description\" content=\"Proposant une analyse du secteur de la p\u00eache et plus largement des activit\u00e9s maritimes, cet ouvrage traite des ressources marines, de leur exploitation, de leur valorisation et des fili\u00e8res \u00e9conomiques qu\u2019elles g\u00e9n\u00e8rent sous l\u2019angle des contraintes environnementales croissantes, de la politique de gestion et de l\u2019innovation technique.\" \/>\n<meta property=\"og:url\" content=\"https:\/\/www.istegroup.com\/fr\/produit\/valorisation-et-economie-des-ressources-marines\/\" \/>\n<meta property=\"og:site_name\" content=\"ISTE Group\" \/>\n<meta property=\"article:modified_time\" content=\"2024-01-03T13:41:14+00:00\" \/>\n<meta property=\"og:image\" content=\"https:\/\/www.istegroup.com\/wp-content\/uploads\/2017\/07\/939769897_332152733-1.jpg\" \/>\n\t<meta property=\"og:image:width\" content=\"300\" \/>\n\t<meta property=\"og:image:height\" content=\"451\" \/>\n\t<meta property=\"og:image:type\" content=\"image\/jpeg\" \/>\n<meta name=\"twitter:card\" content=\"summary_large_image\" \/>\n<meta name=\"twitter:label1\" content=\"Est. reading time\" \/>\n\t<meta name=\"twitter:data1\" content=\"1 minute\" \/>\n<script type=\"application\/ld+json\" class=\"yoast-schema-graph\">{\"@context\":\"https:\/\/schema.org\",\"@graph\":[{\"@type\":\"WebPage\",\"@id\":\"https:\/\/www.istegroup.com\/fr\/produit\/valorisation-et-economie-des-ressources-marines\/\",\"url\":\"https:\/\/www.istegroup.com\/fr\/produit\/valorisation-et-economie-des-ressources-marines\/\",\"name\":\"Valorisation et \u00e9conomie des ressources marines - ISTE Group\",\"isPartOf\":{\"@id\":\"https:\/\/www.istegroup.com\/#website\"},\"primaryImageOfPage\":{\"@id\":\"https:\/\/www.istegroup.com\/fr\/produit\/valorisation-et-economie-des-ressources-marines\/#primaryimage\"},\"image\":{\"@id\":\"https:\/\/www.istegroup.com\/fr\/produit\/valorisation-et-economie-des-ressources-marines\/#primaryimage\"},\"thumbnailUrl\":\"https:\/\/www.istegroup.com\/wp-content\/uploads\/2017\/07\/939769897_332152733-1.jpg\",\"datePublished\":\"2017-07-28T13:38:40+00:00\",\"dateModified\":\"2024-01-03T13:41:14+00:00\",\"description\":\"Proposant une analyse du secteur de la p\u00eache et plus largement des activit\u00e9s maritimes, cet ouvrage traite des ressources marines, de leur exploitation, de leur valorisation et des fili\u00e8res \u00e9conomiques qu\u2019elles g\u00e9n\u00e8rent sous l\u2019angle des contraintes environnementales croissantes, de la politique de gestion et de l\u2019innovation technique.\",\"breadcrumb\":{\"@id\":\"https:\/\/www.istegroup.com\/fr\/produit\/valorisation-et-economie-des-ressources-marines\/#breadcrumb\"},\"inLanguage\":\"en-US\",\"potentialAction\":[{\"@type\":\"ReadAction\",\"target\":[\"https:\/\/www.istegroup.com\/fr\/produit\/valorisation-et-economie-des-ressources-marines\/\"]}]},{\"@type\":\"ImageObject\",\"inLanguage\":\"en-US\",\"@id\":\"https:\/\/www.istegroup.com\/fr\/produit\/valorisation-et-economie-des-ressources-marines\/#primaryimage\",\"url\":\"https:\/\/www.istegroup.com\/wp-content\/uploads\/2017\/07\/939769897_332152733-1.jpg\",\"contentUrl\":\"https:\/\/www.istegroup.com\/wp-content\/uploads\/2017\/07\/939769897_332152733-1.jpg\",\"width\":300,\"height\":451,\"caption\":\"Valorisation et \u00e9conomie des ressources marines\"},{\"@type\":\"BreadcrumbList\",\"@id\":\"https:\/\/www.istegroup.com\/fr\/produit\/valorisation-et-economie-des-ressources-marines\/#breadcrumb\",\"itemListElement\":[{\"@type\":\"ListItem\",\"position\":1,\"name\":\"Home\",\"item\":\"https:\/\/www.istegroup.com\/\"},{\"@type\":\"ListItem\",\"position\":2,\"name\":\"Shop\",\"item\":\"https:\/\/www.istegroup.com\/fr\/nouveautes\/\"},{\"@type\":\"ListItem\",\"position\":3,\"name\":\"Valorisation et \u00e9conomie des ressources marines\"}]},{\"@type\":\"WebSite\",\"@id\":\"https:\/\/www.istegroup.com\/#website\",\"url\":\"https:\/\/www.istegroup.com\/\",\"name\":\"ISTE Group\",\"description\":\"Publishing Knowledge\",\"potentialAction\":[{\"@type\":\"SearchAction\",\"target\":{\"@type\":\"EntryPoint\",\"urlTemplate\":\"https:\/\/www.istegroup.com\/?s={search_term_string}\"},\"query-input\":{\"@type\":\"PropertyValueSpecification\",\"valueRequired\":true,\"valueName\":\"search_term_string\"}}],\"inLanguage\":\"en-US\"}]}<\/script>\n<!-- \/ Yoast SEO plugin. -->","yoast_head_json":{"title":"Valorisation et \u00e9conomie des ressources marines - ISTE Group","description":"Proposant une analyse du secteur de la p\u00eache et plus largement des activit\u00e9s maritimes, cet ouvrage traite des ressources marines, de leur exploitation, de leur valorisation et des fili\u00e8res \u00e9conomiques qu\u2019elles g\u00e9n\u00e8rent sous l\u2019angle des contraintes environnementales croissantes, de la politique de gestion et de l\u2019innovation technique.","robots":{"index":"index","follow":"follow","max-snippet":"max-snippet:-1","max-image-preview":"max-image-preview:large","max-video-preview":"max-video-preview:-1"},"canonical":"https:\/\/www.istegroup.com\/fr\/produit\/valorisation-et-economie-des-ressources-marines\/","og_locale":"en_US","og_type":"article","og_title":"Valorisation et \u00e9conomie des ressources marines - ISTE Group","og_description":"Proposant une analyse du secteur de la p\u00eache et plus largement des activit\u00e9s maritimes, cet ouvrage traite des ressources marines, de leur exploitation, de leur valorisation et des fili\u00e8res \u00e9conomiques qu\u2019elles g\u00e9n\u00e8rent sous l\u2019angle des contraintes environnementales croissantes, de la politique de gestion et de l\u2019innovation technique.","og_url":"https:\/\/www.istegroup.com\/fr\/produit\/valorisation-et-economie-des-ressources-marines\/","og_site_name":"ISTE Group","article_modified_time":"2024-01-03T13:41:14+00:00","og_image":[{"width":300,"height":451,"url":"https:\/\/www.istegroup.com\/wp-content\/uploads\/2017\/07\/939769897_332152733-1.jpg","type":"image\/jpeg"}],"twitter_card":"summary_large_image","twitter_misc":{"Est. reading time":"1 minute"},"schema":{"@context":"https:\/\/schema.org","@graph":[{"@type":"WebPage","@id":"https:\/\/www.istegroup.com\/fr\/produit\/valorisation-et-economie-des-ressources-marines\/","url":"https:\/\/www.istegroup.com\/fr\/produit\/valorisation-et-economie-des-ressources-marines\/","name":"Valorisation et \u00e9conomie des ressources marines - ISTE Group","isPartOf":{"@id":"https:\/\/www.istegroup.com\/#website"},"primaryImageOfPage":{"@id":"https:\/\/www.istegroup.com\/fr\/produit\/valorisation-et-economie-des-ressources-marines\/#primaryimage"},"image":{"@id":"https:\/\/www.istegroup.com\/fr\/produit\/valorisation-et-economie-des-ressources-marines\/#primaryimage"},"thumbnailUrl":"https:\/\/www.istegroup.com\/wp-content\/uploads\/2017\/07\/939769897_332152733-1.jpg","datePublished":"2017-07-28T13:38:40+00:00","dateModified":"2024-01-03T13:41:14+00:00","description":"Proposant une analyse du secteur de la p\u00eache et plus largement des activit\u00e9s maritimes, cet ouvrage traite des ressources marines, de leur exploitation, de leur valorisation et des fili\u00e8res \u00e9conomiques qu\u2019elles g\u00e9n\u00e8rent sous l\u2019angle des contraintes environnementales croissantes, de la politique de gestion et de l\u2019innovation technique.","breadcrumb":{"@id":"https:\/\/www.istegroup.com\/fr\/produit\/valorisation-et-economie-des-ressources-marines\/#breadcrumb"},"inLanguage":"en-US","potentialAction":[{"@type":"ReadAction","target":["https:\/\/www.istegroup.com\/fr\/produit\/valorisation-et-economie-des-ressources-marines\/"]}]},{"@type":"ImageObject","inLanguage":"en-US","@id":"https:\/\/www.istegroup.com\/fr\/produit\/valorisation-et-economie-des-ressources-marines\/#primaryimage","url":"https:\/\/www.istegroup.com\/wp-content\/uploads\/2017\/07\/939769897_332152733-1.jpg","contentUrl":"https:\/\/www.istegroup.com\/wp-content\/uploads\/2017\/07\/939769897_332152733-1.jpg","width":300,"height":451,"caption":"Valorisation et \u00e9conomie des ressources marines"},{"@type":"BreadcrumbList","@id":"https:\/\/www.istegroup.com\/fr\/produit\/valorisation-et-economie-des-ressources-marines\/#breadcrumb","itemListElement":[{"@type":"ListItem","position":1,"name":"Home","item":"https:\/\/www.istegroup.com\/"},{"@type":"ListItem","position":2,"name":"Shop","item":"https:\/\/www.istegroup.com\/fr\/nouveautes\/"},{"@type":"ListItem","position":3,"name":"Valorisation et \u00e9conomie des ressources marines"}]},{"@type":"WebSite","@id":"https:\/\/www.istegroup.com\/#website","url":"https:\/\/www.istegroup.com\/","name":"ISTE Group","description":"Publishing Knowledge","potentialAction":[{"@type":"SearchAction","target":{"@type":"EntryPoint","urlTemplate":"https:\/\/www.istegroup.com\/?s={search_term_string}"},"query-input":{"@type":"PropertyValueSpecification","valueRequired":true,"valueName":"search_term_string"}}],"inLanguage":"en-US"}]}},"_links":{"self":[{"href":"https:\/\/www.istegroup.com\/en\/wp-json\/wp\/v2\/product\/652","targetHints":{"allow":["GET"]}}],"collection":[{"href":"https:\/\/www.istegroup.com\/en\/wp-json\/wp\/v2\/product"}],"about":[{"href":"https:\/\/www.istegroup.com\/en\/wp-json\/wp\/v2\/types\/product"}],"wp:featuredmedia":[{"embeddable":true,"href":"https:\/\/www.istegroup.com\/en\/wp-json\/wp\/v2\/media\/653"}],"wp:attachment":[{"href":"https:\/\/www.istegroup.com\/en\/wp-json\/wp\/v2\/media?parent=652"}],"wp:term":[{"taxonomy":"product_brand","embeddable":true,"href":"https:\/\/www.istegroup.com\/en\/wp-json\/wp\/v2\/product_brand?post=652"},{"taxonomy":"product_cat","embeddable":true,"href":"https:\/\/www.istegroup.com\/en\/wp-json\/wp\/v2\/product_cat?post=652"},{"taxonomy":"product_tag","embeddable":true,"href":"https:\/\/www.istegroup.com\/en\/wp-json\/wp\/v2\/product_tag?post=652"}],"curies":[{"name":"wp","href":"https:\/\/api.w.org\/{rel}","templated":true}]}}