{"id":644,"date":"2017-07-28T15:22:31","date_gmt":"2017-07-28T13:22:31","guid":{"rendered":"https:\/\/iste.yhello.co\/product\/transitions-des-communications-numeriques-vers-les-communications-quantiques\/"},"modified":"2024-01-03T13:41:09","modified_gmt":"2024-01-03T13:41:09","slug":"transitions-des-communications-numeriques-vers-les-communications-quantiques","status":"publish","type":"product","link":"https:\/\/www.istegroup.com\/en\/produit\/transitions-des-communications-numeriques-vers-les-communications-quantiques\/","title":{"rendered":"Transitions des communications num\u00e9riques vers les communications quantiques"},"content":{"rendered":"<p>Technologie permettant l\u2019\u00e9change s\u00fbr de donn\u00e9es \u00e0 haute vitesse, la communication quantique est un nouveau mode de communication dont les enjeux sont strat\u00e9giques.<\/p>\n<p>Cet ouvrage pr\u00e9sente un \u00e9tat de l\u2019art exhaustif des communications quantiques et \u00e9tudie leurs sp\u00e9cificit\u00e9s \u00e0 travers l\u2019intrication et les \u00e9tats de Bell. Les portes quantiques telles que les portes de Deutsch, les portes de Toffoli et les portes de Dedekind sont analys\u00e9es du fait de leur faisabilit\u00e9 comme circuits \u00e9lectroniques et de leur implantation dans les syst\u00e8mes. Une comparaison est d\u00e9velopp\u00e9e en parall\u00e8le avec les circuits conventionnels tels que les FPGA et les DSP. Les aspects math\u00e9matiques et physiques des fibres optiques quantiques et des cristaux photoniques sont \u00e9galement d\u00e9taill\u00e9s dans le but d\u2019optimiser les transmissions quantiques. Une partie pratique permet d\u2019approfondir les concepts \u00e0 l\u2019aide de six applications int\u00e9gr\u00e9es relatives aux syst\u00e8mes MIMO, aux ondelettes, au radar adaptatif, au radar SAR, aux fonctions de croyance et \u00e0 la g\u00e9om\u00e9trie \u00e0 travers les r\u00e9seaux.<\/p>\n","protected":false},"excerpt":{"rendered":"<p>Version papier \u00e9puis\u00e9e<\/p>\n","protected":false},"featured_media":645,"template":"","meta":{"_acf_changed":false,"_links_to":"","_links_to_target":""},"product_brand":[],"product_cat":[675,679],"product_tag":[2384,2385,2386,1191,170,2387,2337,2388,31,196,2389,2390,2391,966,640,197,198,199,21,200,22,201,203,204,63,25,172,209,968,212,38,192,145,28,2392,2393,2394,314,2395,2396,2397],"class_list":{"0":"post-644","1":"product","2":"type-product","3":"status-publish","4":"has-post-thumbnail","6":"product_cat-nouveauts-12519446","7":"product_cat-rseaux-et-tlcommunications-12506534","8":"product_tag-abderraouf-messai","9":"product_tag-agence-spatiale-algerienne","10":"product_tag-circuits-conventionnels","11":"product_tag-circuits-electroniques","12":"product_tag-communication","13":"product_tag-cristaux-photoniques","14":"product_tag-donnees","15":"product_tag-dsp","16":"product_tag-ebook","17":"product_tag-ebooks","18":"product_tag-enjeux-strategiques","19":"product_tag-fibre-optique","20":"product_tag-fpga","21":"product_tag-hadj-batatia","22":"product_tag-inp-toulouse","23":"product_tag-iste","24":"product_tag-iste-edition","25":"product_tag-iste-editions","26":"product_tag-iste-group","27":"product_tag-isteedition","28":"product_tag-istegroup","29":"product_tag-kindle","30":"product_tag-liseuse","31":"product_tag-livre","32":"product_tag-livre-electronique","33":"product_tag-livre-numerique","34":"product_tag-livre-scientifique","35":"product_tag-livres-scientifiques","36":"product_tag-malek-benslama","37":"product_tag-ouvrage","38":"product_tag-ouvrage-numerique","39":"product_tag-ouvrage-science","40":"product_tag-ouvrage-scientifique","41":"product_tag-ouvrage-scientifique-francais","42":"product_tag-portes-quantiques","43":"product_tag-quantique","44":"product_tag-radar-adaptatif","45":"product_tag-reseaux","46":"product_tag-systemes-mimo","47":"product_tag-transmissions","48":"product_tag-universite-de-constantine","50":"first","51":"instock","52":"shipping-taxable","53":"purchasable","54":"product-type-variable"},"acf":[],"yoast_head":"<!-- This site is optimized with the Yoast SEO plugin v27.2 - https:\/\/yoast.com\/product\/yoast-seo-wordpress\/ -->\n<title>Transitions des communications num\u00e9riques vers les communications quantiques - ISTE Group<\/title>\n<meta name=\"description\" content=\"Cet ouvrage pr\u00e9sente un \u00e9tat de l\u2019art exhaustif des communications quantiques et \u00e9tudie leurs sp\u00e9cificit\u00e9s \u00e0 travers l\u2019intrication et les \u00e9tats de Bell. Les portes quantiques telles que les portes de Deutsch, les portes de Toffoli et les portes de Dedekind sont analys\u00e9es du fait de leur faisabilit\u00e9 comme circuits \u00e9lectroniques et de leur implantation dans les syst\u00e8mes.\" \/>\n<meta name=\"robots\" content=\"index, follow, max-snippet:-1, max-image-preview:large, max-video-preview:-1\" \/>\n<link rel=\"canonical\" href=\"https:\/\/www.istegroup.com\/fr\/produit\/transitions-des-communications-numeriques-vers-les-communications-quantiques\/\" \/>\n<meta property=\"og:locale\" content=\"en_US\" \/>\n<meta property=\"og:type\" content=\"article\" \/>\n<meta property=\"og:title\" content=\"Transitions des communications num\u00e9riques vers les communications quantiques - ISTE Group\" \/>\n<meta property=\"og:description\" content=\"Cet ouvrage pr\u00e9sente un \u00e9tat de l\u2019art exhaustif des communications quantiques et \u00e9tudie leurs sp\u00e9cificit\u00e9s \u00e0 travers l\u2019intrication et les \u00e9tats de Bell. Les portes quantiques telles que les portes de Deutsch, les portes de Toffoli et les portes de Dedekind sont analys\u00e9es du fait de leur faisabilit\u00e9 comme circuits \u00e9lectroniques et de leur implantation dans les syst\u00e8mes.\" \/>\n<meta property=\"og:url\" content=\"https:\/\/www.istegroup.com\/fr\/produit\/transitions-des-communications-numeriques-vers-les-communications-quantiques\/\" \/>\n<meta property=\"og:site_name\" content=\"ISTE Group\" \/>\n<meta property=\"article:modified_time\" content=\"2024-01-03T13:41:09+00:00\" \/>\n<meta property=\"og:image\" content=\"https:\/\/www.istegroup.com\/wp-content\/uploads\/2017\/07\/17277521672_8216150728-1.jpg\" \/>\n\t<meta property=\"og:image:width\" content=\"1361\" \/>\n\t<meta property=\"og:image:height\" content=\"2048\" \/>\n\t<meta property=\"og:image:type\" content=\"image\/jpeg\" \/>\n<meta name=\"twitter:card\" content=\"summary_large_image\" \/>\n<meta name=\"twitter:label1\" content=\"Est. reading time\" \/>\n\t<meta name=\"twitter:data1\" content=\"1 minute\" \/>\n<script type=\"application\/ld+json\" class=\"yoast-schema-graph\">{\"@context\":\"https:\/\/schema.org\",\"@graph\":[{\"@type\":\"WebPage\",\"@id\":\"https:\/\/www.istegroup.com\/fr\/produit\/transitions-des-communications-numeriques-vers-les-communications-quantiques\/\",\"url\":\"https:\/\/www.istegroup.com\/fr\/produit\/transitions-des-communications-numeriques-vers-les-communications-quantiques\/\",\"name\":\"Transitions des communications num\u00e9riques vers les communications quantiques - ISTE Group\",\"isPartOf\":{\"@id\":\"https:\/\/www.istegroup.com\/#website\"},\"primaryImageOfPage\":{\"@id\":\"https:\/\/www.istegroup.com\/fr\/produit\/transitions-des-communications-numeriques-vers-les-communications-quantiques\/#primaryimage\"},\"image\":{\"@id\":\"https:\/\/www.istegroup.com\/fr\/produit\/transitions-des-communications-numeriques-vers-les-communications-quantiques\/#primaryimage\"},\"thumbnailUrl\":\"https:\/\/www.istegroup.com\/wp-content\/uploads\/2017\/07\/17277521672_8216150728-1.jpg\",\"datePublished\":\"2017-07-28T13:22:31+00:00\",\"dateModified\":\"2024-01-03T13:41:09+00:00\",\"description\":\"Cet ouvrage pr\u00e9sente un \u00e9tat de l\u2019art exhaustif des communications quantiques et \u00e9tudie leurs sp\u00e9cificit\u00e9s \u00e0 travers l\u2019intrication et les \u00e9tats de Bell. Les portes quantiques telles que les portes de Deutsch, les portes de Toffoli et les portes de Dedekind sont analys\u00e9es du fait de leur faisabilit\u00e9 comme circuits \u00e9lectroniques et de leur implantation dans les syst\u00e8mes.\",\"breadcrumb\":{\"@id\":\"https:\/\/www.istegroup.com\/fr\/produit\/transitions-des-communications-numeriques-vers-les-communications-quantiques\/#breadcrumb\"},\"inLanguage\":\"en-US\",\"potentialAction\":[{\"@type\":\"ReadAction\",\"target\":[\"https:\/\/www.istegroup.com\/fr\/produit\/transitions-des-communications-numeriques-vers-les-communications-quantiques\/\"]}]},{\"@type\":\"ImageObject\",\"inLanguage\":\"en-US\",\"@id\":\"https:\/\/www.istegroup.com\/fr\/produit\/transitions-des-communications-numeriques-vers-les-communications-quantiques\/#primaryimage\",\"url\":\"https:\/\/www.istegroup.com\/wp-content\/uploads\/2017\/07\/17277521672_8216150728-1.jpg\",\"contentUrl\":\"https:\/\/www.istegroup.com\/wp-content\/uploads\/2017\/07\/17277521672_8216150728-1.jpg\",\"width\":1361,\"height\":2048,\"caption\":\"Transitions des communications num\u00e9riques vers les communications quantiques\"},{\"@type\":\"BreadcrumbList\",\"@id\":\"https:\/\/www.istegroup.com\/fr\/produit\/transitions-des-communications-numeriques-vers-les-communications-quantiques\/#breadcrumb\",\"itemListElement\":[{\"@type\":\"ListItem\",\"position\":1,\"name\":\"Home\",\"item\":\"https:\/\/www.istegroup.com\/\"},{\"@type\":\"ListItem\",\"position\":2,\"name\":\"Shop\",\"item\":\"https:\/\/www.istegroup.com\/fr\/nouveautes\/\"},{\"@type\":\"ListItem\",\"position\":3,\"name\":\"Transitions des communications num\u00e9riques vers les communications quantiques\"}]},{\"@type\":\"WebSite\",\"@id\":\"https:\/\/www.istegroup.com\/#website\",\"url\":\"https:\/\/www.istegroup.com\/\",\"name\":\"ISTE Group\",\"description\":\"Publishing Knowledge\",\"potentialAction\":[{\"@type\":\"SearchAction\",\"target\":{\"@type\":\"EntryPoint\",\"urlTemplate\":\"https:\/\/www.istegroup.com\/?s={search_term_string}\"},\"query-input\":{\"@type\":\"PropertyValueSpecification\",\"valueRequired\":true,\"valueName\":\"search_term_string\"}}],\"inLanguage\":\"en-US\"}]}<\/script>\n<!-- \/ Yoast SEO plugin. -->","yoast_head_json":{"title":"Transitions des communications num\u00e9riques vers les communications quantiques - ISTE Group","description":"Cet ouvrage pr\u00e9sente un \u00e9tat de l\u2019art exhaustif des communications quantiques et \u00e9tudie leurs sp\u00e9cificit\u00e9s \u00e0 travers l\u2019intrication et les \u00e9tats de Bell. Les portes quantiques telles que les portes de Deutsch, les portes de Toffoli et les portes de Dedekind sont analys\u00e9es du fait de leur faisabilit\u00e9 comme circuits \u00e9lectroniques et de leur implantation dans les syst\u00e8mes.","robots":{"index":"index","follow":"follow","max-snippet":"max-snippet:-1","max-image-preview":"max-image-preview:large","max-video-preview":"max-video-preview:-1"},"canonical":"https:\/\/www.istegroup.com\/fr\/produit\/transitions-des-communications-numeriques-vers-les-communications-quantiques\/","og_locale":"en_US","og_type":"article","og_title":"Transitions des communications num\u00e9riques vers les communications quantiques - ISTE Group","og_description":"Cet ouvrage pr\u00e9sente un \u00e9tat de l\u2019art exhaustif des communications quantiques et \u00e9tudie leurs sp\u00e9cificit\u00e9s \u00e0 travers l\u2019intrication et les \u00e9tats de Bell. Les portes quantiques telles que les portes de Deutsch, les portes de Toffoli et les portes de Dedekind sont analys\u00e9es du fait de leur faisabilit\u00e9 comme circuits \u00e9lectroniques et de leur implantation dans les syst\u00e8mes.","og_url":"https:\/\/www.istegroup.com\/fr\/produit\/transitions-des-communications-numeriques-vers-les-communications-quantiques\/","og_site_name":"ISTE Group","article_modified_time":"2024-01-03T13:41:09+00:00","og_image":[{"width":1361,"height":2048,"url":"https:\/\/www.istegroup.com\/wp-content\/uploads\/2017\/07\/17277521672_8216150728-1.jpg","type":"image\/jpeg"}],"twitter_card":"summary_large_image","twitter_misc":{"Est. reading time":"1 minute"},"schema":{"@context":"https:\/\/schema.org","@graph":[{"@type":"WebPage","@id":"https:\/\/www.istegroup.com\/fr\/produit\/transitions-des-communications-numeriques-vers-les-communications-quantiques\/","url":"https:\/\/www.istegroup.com\/fr\/produit\/transitions-des-communications-numeriques-vers-les-communications-quantiques\/","name":"Transitions des communications num\u00e9riques vers les communications quantiques - ISTE Group","isPartOf":{"@id":"https:\/\/www.istegroup.com\/#website"},"primaryImageOfPage":{"@id":"https:\/\/www.istegroup.com\/fr\/produit\/transitions-des-communications-numeriques-vers-les-communications-quantiques\/#primaryimage"},"image":{"@id":"https:\/\/www.istegroup.com\/fr\/produit\/transitions-des-communications-numeriques-vers-les-communications-quantiques\/#primaryimage"},"thumbnailUrl":"https:\/\/www.istegroup.com\/wp-content\/uploads\/2017\/07\/17277521672_8216150728-1.jpg","datePublished":"2017-07-28T13:22:31+00:00","dateModified":"2024-01-03T13:41:09+00:00","description":"Cet ouvrage pr\u00e9sente un \u00e9tat de l\u2019art exhaustif des communications quantiques et \u00e9tudie leurs sp\u00e9cificit\u00e9s \u00e0 travers l\u2019intrication et les \u00e9tats de Bell. Les portes quantiques telles que les portes de Deutsch, les portes de Toffoli et les portes de Dedekind sont analys\u00e9es du fait de leur faisabilit\u00e9 comme circuits \u00e9lectroniques et de leur implantation dans les syst\u00e8mes.","breadcrumb":{"@id":"https:\/\/www.istegroup.com\/fr\/produit\/transitions-des-communications-numeriques-vers-les-communications-quantiques\/#breadcrumb"},"inLanguage":"en-US","potentialAction":[{"@type":"ReadAction","target":["https:\/\/www.istegroup.com\/fr\/produit\/transitions-des-communications-numeriques-vers-les-communications-quantiques\/"]}]},{"@type":"ImageObject","inLanguage":"en-US","@id":"https:\/\/www.istegroup.com\/fr\/produit\/transitions-des-communications-numeriques-vers-les-communications-quantiques\/#primaryimage","url":"https:\/\/www.istegroup.com\/wp-content\/uploads\/2017\/07\/17277521672_8216150728-1.jpg","contentUrl":"https:\/\/www.istegroup.com\/wp-content\/uploads\/2017\/07\/17277521672_8216150728-1.jpg","width":1361,"height":2048,"caption":"Transitions des communications num\u00e9riques vers les communications quantiques"},{"@type":"BreadcrumbList","@id":"https:\/\/www.istegroup.com\/fr\/produit\/transitions-des-communications-numeriques-vers-les-communications-quantiques\/#breadcrumb","itemListElement":[{"@type":"ListItem","position":1,"name":"Home","item":"https:\/\/www.istegroup.com\/"},{"@type":"ListItem","position":2,"name":"Shop","item":"https:\/\/www.istegroup.com\/fr\/nouveautes\/"},{"@type":"ListItem","position":3,"name":"Transitions des communications num\u00e9riques vers les communications quantiques"}]},{"@type":"WebSite","@id":"https:\/\/www.istegroup.com\/#website","url":"https:\/\/www.istegroup.com\/","name":"ISTE Group","description":"Publishing Knowledge","potentialAction":[{"@type":"SearchAction","target":{"@type":"EntryPoint","urlTemplate":"https:\/\/www.istegroup.com\/?s={search_term_string}"},"query-input":{"@type":"PropertyValueSpecification","valueRequired":true,"valueName":"search_term_string"}}],"inLanguage":"en-US"}]}},"_links":{"self":[{"href":"https:\/\/www.istegroup.com\/en\/wp-json\/wp\/v2\/product\/644","targetHints":{"allow":["GET"]}}],"collection":[{"href":"https:\/\/www.istegroup.com\/en\/wp-json\/wp\/v2\/product"}],"about":[{"href":"https:\/\/www.istegroup.com\/en\/wp-json\/wp\/v2\/types\/product"}],"wp:featuredmedia":[{"embeddable":true,"href":"https:\/\/www.istegroup.com\/en\/wp-json\/wp\/v2\/media\/645"}],"wp:attachment":[{"href":"https:\/\/www.istegroup.com\/en\/wp-json\/wp\/v2\/media?parent=644"}],"wp:term":[{"taxonomy":"product_brand","embeddable":true,"href":"https:\/\/www.istegroup.com\/en\/wp-json\/wp\/v2\/product_brand?post=644"},{"taxonomy":"product_cat","embeddable":true,"href":"https:\/\/www.istegroup.com\/en\/wp-json\/wp\/v2\/product_cat?post=644"},{"taxonomy":"product_tag","embeddable":true,"href":"https:\/\/www.istegroup.com\/en\/wp-json\/wp\/v2\/product_tag?post=644"}],"curies":[{"name":"wp","href":"https:\/\/api.w.org\/{rel}","templated":true}]}}