{"id":64,"date":"2017-03-02T10:00:18","date_gmt":"2017-03-02T09:00:18","guid":{"rendered":"http:\/\/iste.yhello.co\/product\/adsorption-sechage-des-solides-divises\/"},"modified":"2024-01-03T13:38:30","modified_gmt":"2024-01-03T13:38:30","slug":"adsorption-sechage-des-solides-divises","status":"publish","type":"product","link":"https:\/\/www.istegroup.com\/en\/produit\/adsorption-sechage-des-solides-divises\/","title":{"rendered":"Adsorption \u2013 S\u00e9chage des solides divis\u00e9s"},"content":{"rendered":"<p>Cet ouvrage est le quatri\u00e8me volume de la s\u00e9rie\u00a0<em>Equipements industriels pour le g\u00e9nie des proc\u00e9d\u00e9s<\/em>. Il propose une \u00e9tude approfondie et diversifi\u00e9e de cette discipline.<\/p>\n<p><em>Adsorption \u2013 S\u00e9chage des solides divis\u00e9s<\/em>\u00a0pr\u00e9sente les \u00e9quilibres entre un solide divis\u00e9 et un fluide. Les transferts de mati\u00e8re (et \u00e9ventuellement de chaleur) entre un fluide et un solide divis\u00e9 interviennent pour la chromatographie, l\u2019adsorption, le s\u00e9chage et l\u2019\u00e9change d\u2019ions.<\/p>\n<p>Riche de nombreux exemples pratiques, ce livre d\u00e9veloppe des expressions utiles pour cr\u00e9er des logiciels. Les annexes et les r\u00e9f\u00e9rences bibliographiques facilitent le calcul des mat\u00e9riels et sont une aide au lecteur pour approfondir les questions de son choix.<\/p>\n","protected":false},"excerpt":{"rendered":"<p>Cet ouvrage est le quatri\u00e8me volume de la s\u00e9rie\u00a0Equipements industriels pour le g\u00e9nie des proc\u00e9d\u00e9s. Il propose une \u00e9tude approfondie et diversifi\u00e9e de cette discipline. Adsorption \u2013 S\u00e9chage des solides divis\u00e9s\u00a0pr\u00e9sente les \u00e9quilibres entre un solide divis\u00e9 et un fluide. Les transferts de mati\u00e8re (et \u00e9ventuellement de chaleur) entre un fluide et un solide divis\u00e9 [&hellip;]<\/p>\n","protected":false},"featured_media":29763,"template":"","meta":{"_acf_changed":false,"_links_to":"","_links_to_target":""},"product_brand":[],"product_cat":[663,675,691],"product_tag":[372,373,374,31,18,19,218,20,375,299,248,376,22,250,25,172,26,207,27,38,145,28,29,377,378],"class_list":{"0":"post-64","1":"product","2":"type-product","3":"status-publish","4":"has-post-thumbnail","6":"product_cat-gnie-des-procds-12506436","7":"product_cat-nouveauts-12519446","8":"product_cat-srie-equipements-industriels-pour-le-gnie-des-procds-408089489","9":"product_tag-adsorption","10":"product_tag-adsorption-sechage-des-solides-divises","11":"product_tag-chromatographie","12":"product_tag-ebook","13":"product_tag-edition-scientifique","14":"product_tag-editions-francaise","15":"product_tag-editions-ouvrage","16":"product_tag-editions-technique","17":"product_tag-energie-livre","18":"product_tag-fluides","19":"product_tag-industriel","20":"product_tag-ions","21":"product_tag-istegroup","22":"product_tag-jean-paul-duroudier","23":"product_tag-livre-numerique","24":"product_tag-livre-scientifique","25":"product_tag-livre-scientifique-francais","26":"product_tag-livre-technique","27":"product_tag-livre-technique-francais","28":"product_tag-ouvrage-numerique","29":"product_tag-ouvrage-scientifique","30":"product_tag-ouvrage-scientifique-francais","31":"product_tag-ouvrage-technique","32":"product_tag-sechage-des-solides-divises","33":"product_tag-transfert-de-matiere","35":"first","36":"instock","37":"shipping-taxable","38":"purchasable","39":"product-type-variable"},"acf":[],"yoast_head":"<!-- This site is optimized with the Yoast SEO plugin v27.2 - https:\/\/yoast.com\/product\/yoast-seo-wordpress\/ -->\n<title>Adsorption \u2013 S\u00e9chage des solides divis\u00e9s - ISTE Group<\/title>\n<meta name=\"description\" content=\"Adsorption \u2013 S\u00e9chage des solides divis\u00e9s\u00a0pr\u00e9sente les \u00e9quilibres entre un solide divis\u00e9 et un fluide et d\u00e9veloppe des expressions utiles pour cr\u00e9er des logiciels.\" \/>\n<meta name=\"robots\" content=\"index, follow, max-snippet:-1, max-image-preview:large, max-video-preview:-1\" \/>\n<link rel=\"canonical\" href=\"https:\/\/www.istegroup.com\/fr\/produit\/adsorption-sechage-des-solides-divises\/\" \/>\n<meta property=\"og:locale\" content=\"en_US\" \/>\n<meta property=\"og:type\" content=\"article\" \/>\n<meta property=\"og:title\" content=\"Adsorption \u2013 S\u00e9chage des solides divis\u00e9s - ISTE Group\" \/>\n<meta property=\"og:description\" content=\"Adsorption \u2013 S\u00e9chage des solides divis\u00e9s\u00a0pr\u00e9sente les \u00e9quilibres entre un solide divis\u00e9 et un fluide et d\u00e9veloppe des expressions utiles pour cr\u00e9er des logiciels.\" \/>\n<meta property=\"og:url\" content=\"https:\/\/www.istegroup.com\/fr\/produit\/adsorption-sechage-des-solides-divises\/\" \/>\n<meta property=\"og:site_name\" content=\"ISTE Group\" \/>\n<meta property=\"article:modified_time\" content=\"2024-01-03T13:38:30+00:00\" \/>\n<meta property=\"og:image\" content=\"https:\/\/www.istegroup.com\/wp-content\/uploads\/2020\/05\/Adsorption-\u2013-S\u00e9chage-des-solides-divis\u00e9s-scaled.jpg\" \/>\n\t<meta property=\"og:image:width\" content=\"1698\" \/>\n\t<meta property=\"og:image:height\" content=\"2560\" \/>\n\t<meta property=\"og:image:type\" content=\"image\/jpeg\" \/>\n<meta name=\"twitter:card\" content=\"summary_large_image\" \/>\n<meta name=\"twitter:label1\" content=\"Est. reading time\" \/>\n\t<meta name=\"twitter:data1\" content=\"1 minute\" \/>\n<script type=\"application\/ld+json\" class=\"yoast-schema-graph\">{\"@context\":\"https:\/\/schema.org\",\"@graph\":[{\"@type\":\"WebPage\",\"@id\":\"https:\/\/www.istegroup.com\/fr\/produit\/adsorption-sechage-des-solides-divises\/\",\"url\":\"https:\/\/www.istegroup.com\/fr\/produit\/adsorption-sechage-des-solides-divises\/\",\"name\":\"Adsorption \u2013 S\u00e9chage des solides divis\u00e9s - ISTE Group\",\"isPartOf\":{\"@id\":\"https:\/\/www.istegroup.com\/#website\"},\"primaryImageOfPage\":{\"@id\":\"https:\/\/www.istegroup.com\/fr\/produit\/adsorption-sechage-des-solides-divises\/#primaryimage\"},\"image\":{\"@id\":\"https:\/\/www.istegroup.com\/fr\/produit\/adsorption-sechage-des-solides-divises\/#primaryimage\"},\"thumbnailUrl\":\"https:\/\/www.istegroup.com\/wp-content\/uploads\/2020\/05\/Adsorption-\u2013-S\u00e9chage-des-solides-divis\u00e9s-scaled.jpg\",\"datePublished\":\"2017-03-02T09:00:18+00:00\",\"dateModified\":\"2024-01-03T13:38:30+00:00\",\"description\":\"Adsorption \u2013 S\u00e9chage des solides divis\u00e9s\u00a0pr\u00e9sente les \u00e9quilibres entre un solide divis\u00e9 et un fluide et d\u00e9veloppe des expressions utiles pour cr\u00e9er des logiciels.\",\"breadcrumb\":{\"@id\":\"https:\/\/www.istegroup.com\/fr\/produit\/adsorption-sechage-des-solides-divises\/#breadcrumb\"},\"inLanguage\":\"en-US\",\"potentialAction\":[{\"@type\":\"ReadAction\",\"target\":[\"https:\/\/www.istegroup.com\/fr\/produit\/adsorption-sechage-des-solides-divises\/\"]}]},{\"@type\":\"ImageObject\",\"inLanguage\":\"en-US\",\"@id\":\"https:\/\/www.istegroup.com\/fr\/produit\/adsorption-sechage-des-solides-divises\/#primaryimage\",\"url\":\"https:\/\/www.istegroup.com\/wp-content\/uploads\/2020\/05\/Adsorption-\u2013-S\u00e9chage-des-solides-divis\u00e9s-scaled.jpg\",\"contentUrl\":\"https:\/\/www.istegroup.com\/wp-content\/uploads\/2020\/05\/Adsorption-\u2013-S\u00e9chage-des-solides-divis\u00e9s-scaled.jpg\",\"width\":1698,\"height\":2560,\"caption\":\"Adsorption \u2013 S\u00e9chage des solides divis\u00e9s\"},{\"@type\":\"BreadcrumbList\",\"@id\":\"https:\/\/www.istegroup.com\/fr\/produit\/adsorption-sechage-des-solides-divises\/#breadcrumb\",\"itemListElement\":[{\"@type\":\"ListItem\",\"position\":1,\"name\":\"Home\",\"item\":\"https:\/\/www.istegroup.com\/\"},{\"@type\":\"ListItem\",\"position\":2,\"name\":\"Shop\",\"item\":\"https:\/\/www.istegroup.com\/fr\/nouveautes\/\"},{\"@type\":\"ListItem\",\"position\":3,\"name\":\"Adsorption \u2013 S\u00e9chage des solides divis\u00e9s\"}]},{\"@type\":\"WebSite\",\"@id\":\"https:\/\/www.istegroup.com\/#website\",\"url\":\"https:\/\/www.istegroup.com\/\",\"name\":\"ISTE Group\",\"description\":\"Publishing Knowledge\",\"potentialAction\":[{\"@type\":\"SearchAction\",\"target\":{\"@type\":\"EntryPoint\",\"urlTemplate\":\"https:\/\/www.istegroup.com\/?s={search_term_string}\"},\"query-input\":{\"@type\":\"PropertyValueSpecification\",\"valueRequired\":true,\"valueName\":\"search_term_string\"}}],\"inLanguage\":\"en-US\"}]}<\/script>\n<!-- \/ Yoast SEO plugin. -->","yoast_head_json":{"title":"Adsorption \u2013 S\u00e9chage des solides divis\u00e9s - ISTE Group","description":"Adsorption \u2013 S\u00e9chage des solides divis\u00e9s\u00a0pr\u00e9sente les \u00e9quilibres entre un solide divis\u00e9 et un fluide et d\u00e9veloppe des expressions utiles pour cr\u00e9er des logiciels.","robots":{"index":"index","follow":"follow","max-snippet":"max-snippet:-1","max-image-preview":"max-image-preview:large","max-video-preview":"max-video-preview:-1"},"canonical":"https:\/\/www.istegroup.com\/fr\/produit\/adsorption-sechage-des-solides-divises\/","og_locale":"en_US","og_type":"article","og_title":"Adsorption \u2013 S\u00e9chage des solides divis\u00e9s - ISTE Group","og_description":"Adsorption \u2013 S\u00e9chage des solides divis\u00e9s\u00a0pr\u00e9sente les \u00e9quilibres entre un solide divis\u00e9 et un fluide et d\u00e9veloppe des expressions utiles pour cr\u00e9er des logiciels.","og_url":"https:\/\/www.istegroup.com\/fr\/produit\/adsorption-sechage-des-solides-divises\/","og_site_name":"ISTE Group","article_modified_time":"2024-01-03T13:38:30+00:00","og_image":[{"width":1698,"height":2560,"url":"https:\/\/www.istegroup.com\/wp-content\/uploads\/2020\/05\/Adsorption-\u2013-S\u00e9chage-des-solides-divis\u00e9s-scaled.jpg","type":"image\/jpeg"}],"twitter_card":"summary_large_image","twitter_misc":{"Est. reading time":"1 minute"},"schema":{"@context":"https:\/\/schema.org","@graph":[{"@type":"WebPage","@id":"https:\/\/www.istegroup.com\/fr\/produit\/adsorption-sechage-des-solides-divises\/","url":"https:\/\/www.istegroup.com\/fr\/produit\/adsorption-sechage-des-solides-divises\/","name":"Adsorption \u2013 S\u00e9chage des solides divis\u00e9s - ISTE Group","isPartOf":{"@id":"https:\/\/www.istegroup.com\/#website"},"primaryImageOfPage":{"@id":"https:\/\/www.istegroup.com\/fr\/produit\/adsorption-sechage-des-solides-divises\/#primaryimage"},"image":{"@id":"https:\/\/www.istegroup.com\/fr\/produit\/adsorption-sechage-des-solides-divises\/#primaryimage"},"thumbnailUrl":"https:\/\/www.istegroup.com\/wp-content\/uploads\/2020\/05\/Adsorption-\u2013-S\u00e9chage-des-solides-divis\u00e9s-scaled.jpg","datePublished":"2017-03-02T09:00:18+00:00","dateModified":"2024-01-03T13:38:30+00:00","description":"Adsorption \u2013 S\u00e9chage des solides divis\u00e9s\u00a0pr\u00e9sente les \u00e9quilibres entre un solide divis\u00e9 et un fluide et d\u00e9veloppe des expressions utiles pour cr\u00e9er des logiciels.","breadcrumb":{"@id":"https:\/\/www.istegroup.com\/fr\/produit\/adsorption-sechage-des-solides-divises\/#breadcrumb"},"inLanguage":"en-US","potentialAction":[{"@type":"ReadAction","target":["https:\/\/www.istegroup.com\/fr\/produit\/adsorption-sechage-des-solides-divises\/"]}]},{"@type":"ImageObject","inLanguage":"en-US","@id":"https:\/\/www.istegroup.com\/fr\/produit\/adsorption-sechage-des-solides-divises\/#primaryimage","url":"https:\/\/www.istegroup.com\/wp-content\/uploads\/2020\/05\/Adsorption-\u2013-S\u00e9chage-des-solides-divis\u00e9s-scaled.jpg","contentUrl":"https:\/\/www.istegroup.com\/wp-content\/uploads\/2020\/05\/Adsorption-\u2013-S\u00e9chage-des-solides-divis\u00e9s-scaled.jpg","width":1698,"height":2560,"caption":"Adsorption \u2013 S\u00e9chage des solides divis\u00e9s"},{"@type":"BreadcrumbList","@id":"https:\/\/www.istegroup.com\/fr\/produit\/adsorption-sechage-des-solides-divises\/#breadcrumb","itemListElement":[{"@type":"ListItem","position":1,"name":"Home","item":"https:\/\/www.istegroup.com\/"},{"@type":"ListItem","position":2,"name":"Shop","item":"https:\/\/www.istegroup.com\/fr\/nouveautes\/"},{"@type":"ListItem","position":3,"name":"Adsorption \u2013 S\u00e9chage des solides divis\u00e9s"}]},{"@type":"WebSite","@id":"https:\/\/www.istegroup.com\/#website","url":"https:\/\/www.istegroup.com\/","name":"ISTE Group","description":"Publishing Knowledge","potentialAction":[{"@type":"SearchAction","target":{"@type":"EntryPoint","urlTemplate":"https:\/\/www.istegroup.com\/?s={search_term_string}"},"query-input":{"@type":"PropertyValueSpecification","valueRequired":true,"valueName":"search_term_string"}}],"inLanguage":"en-US"}]}},"_links":{"self":[{"href":"https:\/\/www.istegroup.com\/en\/wp-json\/wp\/v2\/product\/64","targetHints":{"allow":["GET"]}}],"collection":[{"href":"https:\/\/www.istegroup.com\/en\/wp-json\/wp\/v2\/product"}],"about":[{"href":"https:\/\/www.istegroup.com\/en\/wp-json\/wp\/v2\/types\/product"}],"wp:featuredmedia":[{"embeddable":true,"href":"https:\/\/www.istegroup.com\/en\/wp-json\/wp\/v2\/media\/29763"}],"wp:attachment":[{"href":"https:\/\/www.istegroup.com\/en\/wp-json\/wp\/v2\/media?parent=64"}],"wp:term":[{"taxonomy":"product_brand","embeddable":true,"href":"https:\/\/www.istegroup.com\/en\/wp-json\/wp\/v2\/product_brand?post=64"},{"taxonomy":"product_cat","embeddable":true,"href":"https:\/\/www.istegroup.com\/en\/wp-json\/wp\/v2\/product_cat?post=64"},{"taxonomy":"product_tag","embeddable":true,"href":"https:\/\/www.istegroup.com\/en\/wp-json\/wp\/v2\/product_tag?post=64"}],"curies":[{"name":"wp","href":"https:\/\/api.w.org\/{rel}","templated":true}]}}