{"id":63912,"date":"2026-05-06T09:20:20","date_gmt":"2026-05-06T08:20:20","guid":{"rendered":"https:\/\/www.istegroup.com\/?post_type=product&#038;p=63912"},"modified":"2026-05-06T09:28:59","modified_gmt":"2026-05-06T08:28:59","slug":"le-management-explique-aux-dsi","status":"publish","type":"product","link":"https:\/\/www.istegroup.com\/en\/produit\/le-management-explique-aux-dsi\/","title":{"rendered":"Le management expliqu\u00e9 aux DSI"},"content":{"rendered":"<p>La communication au sein du d\u00e9partement informatique d\u2019une entreprise est un enjeu souvent rel\u00e9gu\u00e9 au second plan. Pourtant, une communication efficace constitue un levier strat\u00e9gique : elle peut transformer en profondeur la direction des syst\u00e8mes d\u2019information et ses relations avec les m\u00e9tiers, en favorisant la d\u00e9cloisonnement des \u00e9quipes, en am\u00e9liorant la qualit\u00e9 du service aux utilisateurs et en redonnant \u00e0 l\u2019informatique son r\u00f4le de cr\u00e9ateur de valeur, au-del\u00e0 d\u2019un simple centre de co\u00fbts.<\/p>\n<p>Cette probl\u00e9matique deviendra encore plus d\u00e9terminante dans les ann\u00e9es \u00e0 venir, dans un contexte marqu\u00e9 par l\u2019automatisation croissante et le d\u00e9veloppement de l\u2019intelligence artificielle, susceptibles de d\u00e9shumaniser certaines interactions. Elle renforce ainsi la n\u00e9cessit\u00e9 d\u2019une communication plus directe, plus sinc\u00e8re et mieux ancr\u00e9e dans les relations humaines.<\/p>\n<p><em>Le management expliqu\u00e9 aux DSI<\/em> vise \u00e0 identifier les erreurs de communication les plus fr\u00e9quentes et \u00e0 proposer des solutions concr\u00e8tes, \u00e9prouv\u00e9es sur le terrain, pour y rem\u00e9dier. L\u2019ouvrage met l\u2019accent sur le r\u00f4le du lien humain dans la coh\u00e9sion des organisations techniques et s\u2019appuie sur des pratiques issues d\u2019autres secteurs d\u2019activit\u00e9 afin de renouveler et d\u2019enrichir les approches de communication.<\/p>\n","protected":false},"excerpt":{"rendered":"<p class=\"qtranxs-available-languages-message qtranxs-available-languages-message-en\">Sorry, this entry is only available in <a href=\"https:\/\/www.istegroup.com\/fr\/wp-json\/wp\/v2\/product\/63912\" class=\"qtranxs-available-language-link qtranxs-available-language-link-fr\" title=\"FR\">FR<\/a>.<\/p>\n","protected":false},"featured_media":63919,"template":"","meta":{"_acf_changed":false,"_links_to":"","_links_to_target":""},"product_brand":[],"product_cat":[3262],"product_tag":[],"class_list":{"0":"post-63912","1":"product","2":"type-product","3":"status-publish","4":"has-post-thumbnail","6":"product_cat-non-classe","8":"first","9":"instock","10":"shipping-taxable","11":"purchasable","12":"product-type-variable"},"acf":[],"yoast_head":"<!-- This site is optimized with the Yoast SEO plugin v27.2 - https:\/\/yoast.com\/product\/yoast-seo-wordpress\/ -->\n<title>Le management expliqu\u00e9 aux DSI - ISTE Group<\/title>\n<meta name=\"description\" content=\"Le management expliqu\u00e9 aux DSI vise \u00e0 identifier les erreurs de communication les plus fr\u00e9quentes et \u00e0 proposer des solutions concr\u00e8tes, \u00e9prouv\u00e9es sur le terrain, pour y rem\u00e9dier.\" \/>\n<meta name=\"robots\" content=\"index, follow, max-snippet:-1, max-image-preview:large, max-video-preview:-1\" \/>\n<link rel=\"canonical\" href=\"https:\/\/www.istegroup.com\/produit\/le-management-explique-aux-dsi\/\" \/>\n<meta property=\"og:locale\" content=\"en_US\" \/>\n<meta property=\"og:type\" content=\"article\" \/>\n<meta property=\"og:title\" content=\"Le management expliqu\u00e9 aux DSI - ISTE Group\" \/>\n<meta property=\"og:description\" content=\"Le management expliqu\u00e9 aux DSI vise \u00e0 identifier les erreurs de communication les plus fr\u00e9quentes et \u00e0 proposer des solutions concr\u00e8tes, \u00e9prouv\u00e9es sur le terrain, pour y rem\u00e9dier.\" \/>\n<meta property=\"og:url\" content=\"https:\/\/www.istegroup.com\/produit\/le-management-explique-aux-dsi\/\" \/>\n<meta property=\"og:site_name\" content=\"ISTE Group\" \/>\n<meta property=\"article:modified_time\" content=\"2026-05-06T08:28:59+00:00\" \/>\n<meta property=\"og:image\" content=\"https:\/\/www.istegroup.com\/wp-content\/uploads\/2026\/05\/Le-management-explique-aux-DSI_front.jpg\" \/>\n\t<meta property=\"og:image:width\" content=\"591\" \/>\n\t<meta property=\"og:image:height\" content=\"888\" \/>\n\t<meta property=\"og:image:type\" content=\"image\/jpeg\" \/>\n<meta name=\"twitter:card\" content=\"summary_large_image\" \/>\n<meta name=\"twitter:label1\" content=\"Est. reading time\" \/>\n\t<meta name=\"twitter:data1\" content=\"2 minutes\" \/>\n<script type=\"application\/ld+json\" class=\"yoast-schema-graph\">{\"@context\":\"https:\/\/schema.org\",\"@graph\":[{\"@type\":\"WebPage\",\"@id\":\"https:\/\/www.istegroup.com\/produit\/le-management-explique-aux-dsi\/\",\"url\":\"https:\/\/www.istegroup.com\/produit\/le-management-explique-aux-dsi\/\",\"name\":\"Le management expliqu\u00e9 aux DSI - ISTE Group\",\"isPartOf\":{\"@id\":\"https:\/\/www.istegroup.com\/#website\"},\"primaryImageOfPage\":{\"@id\":\"https:\/\/www.istegroup.com\/produit\/le-management-explique-aux-dsi\/#primaryimage\"},\"image\":{\"@id\":\"https:\/\/www.istegroup.com\/produit\/le-management-explique-aux-dsi\/#primaryimage\"},\"thumbnailUrl\":\"https:\/\/www.istegroup.com\/wp-content\/uploads\/2026\/05\/Le-management-explique-aux-DSI_front.jpg\",\"datePublished\":\"2026-05-06T08:20:20+00:00\",\"dateModified\":\"2026-05-06T08:28:59+00:00\",\"description\":\"Le management expliqu\u00e9 aux DSI vise \u00e0 identifier les erreurs de communication les plus fr\u00e9quentes et \u00e0 proposer des solutions concr\u00e8tes, \u00e9prouv\u00e9es sur le terrain, pour y rem\u00e9dier.\",\"breadcrumb\":{\"@id\":\"https:\/\/www.istegroup.com\/produit\/le-management-explique-aux-dsi\/#breadcrumb\"},\"inLanguage\":\"en-US\",\"potentialAction\":[{\"@type\":\"ReadAction\",\"target\":[\"https:\/\/www.istegroup.com\/produit\/le-management-explique-aux-dsi\/\"]}]},{\"@type\":\"ImageObject\",\"inLanguage\":\"en-US\",\"@id\":\"https:\/\/www.istegroup.com\/produit\/le-management-explique-aux-dsi\/#primaryimage\",\"url\":\"https:\/\/www.istegroup.com\/wp-content\/uploads\/2026\/05\/Le-management-explique-aux-DSI_front.jpg\",\"contentUrl\":\"https:\/\/www.istegroup.com\/wp-content\/uploads\/2026\/05\/Le-management-explique-aux-DSI_front.jpg\",\"width\":591,\"height\":888},{\"@type\":\"BreadcrumbList\",\"@id\":\"https:\/\/www.istegroup.com\/produit\/le-management-explique-aux-dsi\/#breadcrumb\",\"itemListElement\":[{\"@type\":\"ListItem\",\"position\":1,\"name\":\"Home\",\"item\":\"https:\/\/www.istegroup.com\/\"},{\"@type\":\"ListItem\",\"position\":2,\"name\":\"Shop\",\"item\":\"https:\/\/www.istegroup.com\/fr\/nouveautes\/\"},{\"@type\":\"ListItem\",\"position\":3,\"name\":\"Le management expliqu\u00e9 aux DSI\"}]},{\"@type\":\"WebSite\",\"@id\":\"https:\/\/www.istegroup.com\/#website\",\"url\":\"https:\/\/www.istegroup.com\/\",\"name\":\"ISTE Group\",\"description\":\"Publishing Knowledge\",\"potentialAction\":[{\"@type\":\"SearchAction\",\"target\":{\"@type\":\"EntryPoint\",\"urlTemplate\":\"https:\/\/www.istegroup.com\/?s={search_term_string}\"},\"query-input\":{\"@type\":\"PropertyValueSpecification\",\"valueRequired\":true,\"valueName\":\"search_term_string\"}}],\"inLanguage\":\"en-US\"}]}<\/script>\n<!-- \/ Yoast SEO plugin. -->","yoast_head_json":{"title":"Le management expliqu\u00e9 aux DSI - ISTE Group","description":"Le management expliqu\u00e9 aux DSI vise \u00e0 identifier les erreurs de communication les plus fr\u00e9quentes et \u00e0 proposer des solutions concr\u00e8tes, \u00e9prouv\u00e9es sur le terrain, pour y rem\u00e9dier.","robots":{"index":"index","follow":"follow","max-snippet":"max-snippet:-1","max-image-preview":"max-image-preview:large","max-video-preview":"max-video-preview:-1"},"canonical":"https:\/\/www.istegroup.com\/produit\/le-management-explique-aux-dsi\/","og_locale":"en_US","og_type":"article","og_title":"Le management expliqu\u00e9 aux DSI - ISTE Group","og_description":"Le management expliqu\u00e9 aux DSI vise \u00e0 identifier les erreurs de communication les plus fr\u00e9quentes et \u00e0 proposer des solutions concr\u00e8tes, \u00e9prouv\u00e9es sur le terrain, pour y rem\u00e9dier.","og_url":"https:\/\/www.istegroup.com\/produit\/le-management-explique-aux-dsi\/","og_site_name":"ISTE Group","article_modified_time":"2026-05-06T08:28:59+00:00","og_image":[{"width":591,"height":888,"url":"https:\/\/www.istegroup.com\/wp-content\/uploads\/2026\/05\/Le-management-explique-aux-DSI_front.jpg","type":"image\/jpeg"}],"twitter_card":"summary_large_image","twitter_misc":{"Est. reading time":"2 minutes"},"schema":{"@context":"https:\/\/schema.org","@graph":[{"@type":"WebPage","@id":"https:\/\/www.istegroup.com\/produit\/le-management-explique-aux-dsi\/","url":"https:\/\/www.istegroup.com\/produit\/le-management-explique-aux-dsi\/","name":"Le management expliqu\u00e9 aux DSI - ISTE Group","isPartOf":{"@id":"https:\/\/www.istegroup.com\/#website"},"primaryImageOfPage":{"@id":"https:\/\/www.istegroup.com\/produit\/le-management-explique-aux-dsi\/#primaryimage"},"image":{"@id":"https:\/\/www.istegroup.com\/produit\/le-management-explique-aux-dsi\/#primaryimage"},"thumbnailUrl":"https:\/\/www.istegroup.com\/wp-content\/uploads\/2026\/05\/Le-management-explique-aux-DSI_front.jpg","datePublished":"2026-05-06T08:20:20+00:00","dateModified":"2026-05-06T08:28:59+00:00","description":"Le management expliqu\u00e9 aux DSI vise \u00e0 identifier les erreurs de communication les plus fr\u00e9quentes et \u00e0 proposer des solutions concr\u00e8tes, \u00e9prouv\u00e9es sur le terrain, pour y rem\u00e9dier.","breadcrumb":{"@id":"https:\/\/www.istegroup.com\/produit\/le-management-explique-aux-dsi\/#breadcrumb"},"inLanguage":"en-US","potentialAction":[{"@type":"ReadAction","target":["https:\/\/www.istegroup.com\/produit\/le-management-explique-aux-dsi\/"]}]},{"@type":"ImageObject","inLanguage":"en-US","@id":"https:\/\/www.istegroup.com\/produit\/le-management-explique-aux-dsi\/#primaryimage","url":"https:\/\/www.istegroup.com\/wp-content\/uploads\/2026\/05\/Le-management-explique-aux-DSI_front.jpg","contentUrl":"https:\/\/www.istegroup.com\/wp-content\/uploads\/2026\/05\/Le-management-explique-aux-DSI_front.jpg","width":591,"height":888},{"@type":"BreadcrumbList","@id":"https:\/\/www.istegroup.com\/produit\/le-management-explique-aux-dsi\/#breadcrumb","itemListElement":[{"@type":"ListItem","position":1,"name":"Home","item":"https:\/\/www.istegroup.com\/"},{"@type":"ListItem","position":2,"name":"Shop","item":"https:\/\/www.istegroup.com\/fr\/nouveautes\/"},{"@type":"ListItem","position":3,"name":"Le management expliqu\u00e9 aux DSI"}]},{"@type":"WebSite","@id":"https:\/\/www.istegroup.com\/#website","url":"https:\/\/www.istegroup.com\/","name":"ISTE Group","description":"Publishing Knowledge","potentialAction":[{"@type":"SearchAction","target":{"@type":"EntryPoint","urlTemplate":"https:\/\/www.istegroup.com\/?s={search_term_string}"},"query-input":{"@type":"PropertyValueSpecification","valueRequired":true,"valueName":"search_term_string"}}],"inLanguage":"en-US"}]}},"_links":{"self":[{"href":"https:\/\/www.istegroup.com\/en\/wp-json\/wp\/v2\/product\/63912","targetHints":{"allow":["GET"]}}],"collection":[{"href":"https:\/\/www.istegroup.com\/en\/wp-json\/wp\/v2\/product"}],"about":[{"href":"https:\/\/www.istegroup.com\/en\/wp-json\/wp\/v2\/types\/product"}],"wp:featuredmedia":[{"embeddable":true,"href":"https:\/\/www.istegroup.com\/en\/wp-json\/wp\/v2\/media\/63919"}],"wp:attachment":[{"href":"https:\/\/www.istegroup.com\/en\/wp-json\/wp\/v2\/media?parent=63912"}],"wp:term":[{"taxonomy":"product_brand","embeddable":true,"href":"https:\/\/www.istegroup.com\/en\/wp-json\/wp\/v2\/product_brand?post=63912"},{"taxonomy":"product_cat","embeddable":true,"href":"https:\/\/www.istegroup.com\/en\/wp-json\/wp\/v2\/product_cat?post=63912"},{"taxonomy":"product_tag","embeddable":true,"href":"https:\/\/www.istegroup.com\/en\/wp-json\/wp\/v2\/product_tag?post=63912"}],"curies":[{"name":"wp","href":"https:\/\/api.w.org\/{rel}","templated":true}]}}