{"id":63904,"date":"2026-05-06T09:08:15","date_gmt":"2026-05-06T08:08:15","guid":{"rendered":"https:\/\/www.istegroup.com\/?post_type=product&#038;p=63904"},"modified":"2026-05-06T09:19:32","modified_gmt":"2026-05-06T08:19:32","slug":"le-metaverse","status":"publish","type":"product","link":"https:\/\/www.istegroup.com\/en\/produit\/le-metaverse\/","title":{"rendered":"Le m\u00e9taverse"},"content":{"rendered":"<p>Le m\u00e9taverse s\u2019impose comme l\u2019une des \u00e9volutions majeures des environnements num\u00e9riques contemporains. \u00c0 l\u2019intersection des technologies immersives, de la r\u00e9alit\u00e9 virtuelle et de l\u2019intelligence artificielle, il transforme progressivement les modes d\u2019interaction, de formation et d\u2019organisation.<\/p>\n<p>Cet ouvrage propose une analyse structur\u00e9e de ses fondements technologiques et de ses usages \u00e9mergents dans diff\u00e9rents secteurs, notamment la sant\u00e9, l\u2019\u00e9ducation, l\u2019industrie et l\u2019\u00e9conomie num\u00e9rique. Il examine les transformations en cours, les mod\u00e8les organisationnels associ\u00e9s, ainsi que les enjeux scientifiques, juridiques et \u00e9thiques li\u00e9s \u00e0 son d\u00e9veloppement.<\/p>\n<p>En distinguant les r\u00e9alit\u00e9s techniques des repr\u00e9sentations sp\u00e9culatives, <em>Le m\u00e9taverse<\/em> propose une lecture rigoureuse et prospective d\u2019un ph\u00e9nom\u00e8ne en mutation rapide. Il fournit \u00e9galement des rep\u00e8res essentiels pour appr\u00e9hender les perspectives d\u2019\u00e9volution dans les prochaines d\u00e9cennies.<\/p>\n","protected":false},"excerpt":{"rendered":"<p class=\"qtranxs-available-languages-message qtranxs-available-languages-message-en\">Sorry, this entry is only available in <a href=\"https:\/\/www.istegroup.com\/fr\/wp-json\/wp\/v2\/product\/63904\" class=\"qtranxs-available-language-link qtranxs-available-language-link-fr\" title=\"FR\">FR<\/a>.<\/p>\n","protected":false},"featured_media":63911,"template":"","meta":{"_acf_changed":false,"_links_to":"","_links_to_target":""},"product_brand":[],"product_cat":[3262],"product_tag":[],"class_list":{"0":"post-63904","1":"product","2":"type-product","3":"status-publish","4":"has-post-thumbnail","6":"product_cat-non-classe","8":"first","9":"instock","10":"shipping-taxable","11":"purchasable","12":"product-type-variable"},"acf":[],"yoast_head":"<!-- This site is optimized with the Yoast SEO plugin v27.2 - https:\/\/yoast.com\/product\/yoast-seo-wordpress\/ -->\n<title>Le m\u00e9taverse - ISTE Group<\/title>\n<meta name=\"description\" content=\"Cet ouvrage propose une analyse structur\u00e9e de ses fondements technologiques et de ses usages \u00e9mergents dans diff\u00e9rents secteurs, notamment la sant\u00e9, l\u2019\u00e9ducation, l\u2019industrie et l\u2019\u00e9conomie num\u00e9rique.\" \/>\n<meta name=\"robots\" content=\"index, follow, max-snippet:-1, max-image-preview:large, max-video-preview:-1\" \/>\n<link rel=\"canonical\" href=\"https:\/\/www.istegroup.com\/produit\/le-metaverse\/\" \/>\n<meta property=\"og:locale\" content=\"en_US\" \/>\n<meta property=\"og:type\" content=\"article\" \/>\n<meta property=\"og:title\" content=\"Le m\u00e9taverse - ISTE Group\" \/>\n<meta property=\"og:description\" content=\"Cet ouvrage propose une analyse structur\u00e9e de ses fondements technologiques et de ses usages \u00e9mergents dans diff\u00e9rents secteurs, notamment la sant\u00e9, l\u2019\u00e9ducation, l\u2019industrie et l\u2019\u00e9conomie num\u00e9rique.\" \/>\n<meta property=\"og:url\" content=\"https:\/\/www.istegroup.com\/produit\/le-metaverse\/\" \/>\n<meta property=\"og:site_name\" content=\"ISTE Group\" \/>\n<meta property=\"article:modified_time\" content=\"2026-05-06T08:19:32+00:00\" \/>\n<meta property=\"og:image\" content=\"https:\/\/www.istegroup.com\/wp-content\/uploads\/2026\/05\/Le-metaverse_front.jpg\" \/>\n\t<meta property=\"og:image:width\" content=\"591\" \/>\n\t<meta property=\"og:image:height\" content=\"891\" \/>\n\t<meta property=\"og:image:type\" content=\"image\/jpeg\" \/>\n<meta name=\"twitter:card\" content=\"summary_large_image\" \/>\n<meta name=\"twitter:label1\" content=\"Est. reading time\" \/>\n\t<meta name=\"twitter:data1\" content=\"1 minute\" \/>\n<script type=\"application\/ld+json\" class=\"yoast-schema-graph\">{\"@context\":\"https:\/\/schema.org\",\"@graph\":[{\"@type\":\"WebPage\",\"@id\":\"https:\/\/www.istegroup.com\/produit\/le-metaverse\/\",\"url\":\"https:\/\/www.istegroup.com\/produit\/le-metaverse\/\",\"name\":\"Le m\u00e9taverse - ISTE Group\",\"isPartOf\":{\"@id\":\"https:\/\/www.istegroup.com\/#website\"},\"primaryImageOfPage\":{\"@id\":\"https:\/\/www.istegroup.com\/produit\/le-metaverse\/#primaryimage\"},\"image\":{\"@id\":\"https:\/\/www.istegroup.com\/produit\/le-metaverse\/#primaryimage\"},\"thumbnailUrl\":\"https:\/\/www.istegroup.com\/wp-content\/uploads\/2026\/05\/Le-metaverse_front.jpg\",\"datePublished\":\"2026-05-06T08:08:15+00:00\",\"dateModified\":\"2026-05-06T08:19:32+00:00\",\"description\":\"Cet ouvrage propose une analyse structur\u00e9e de ses fondements technologiques et de ses usages \u00e9mergents dans diff\u00e9rents secteurs, notamment la sant\u00e9, l\u2019\u00e9ducation, l\u2019industrie et l\u2019\u00e9conomie num\u00e9rique.\",\"breadcrumb\":{\"@id\":\"https:\/\/www.istegroup.com\/produit\/le-metaverse\/#breadcrumb\"},\"inLanguage\":\"en-US\",\"potentialAction\":[{\"@type\":\"ReadAction\",\"target\":[\"https:\/\/www.istegroup.com\/produit\/le-metaverse\/\"]}]},{\"@type\":\"ImageObject\",\"inLanguage\":\"en-US\",\"@id\":\"https:\/\/www.istegroup.com\/produit\/le-metaverse\/#primaryimage\",\"url\":\"https:\/\/www.istegroup.com\/wp-content\/uploads\/2026\/05\/Le-metaverse_front.jpg\",\"contentUrl\":\"https:\/\/www.istegroup.com\/wp-content\/uploads\/2026\/05\/Le-metaverse_front.jpg\",\"width\":591,\"height\":891},{\"@type\":\"BreadcrumbList\",\"@id\":\"https:\/\/www.istegroup.com\/produit\/le-metaverse\/#breadcrumb\",\"itemListElement\":[{\"@type\":\"ListItem\",\"position\":1,\"name\":\"Home\",\"item\":\"https:\/\/www.istegroup.com\/\"},{\"@type\":\"ListItem\",\"position\":2,\"name\":\"Shop\",\"item\":\"https:\/\/www.istegroup.com\/fr\/nouveautes\/\"},{\"@type\":\"ListItem\",\"position\":3,\"name\":\"Le m\u00e9taverse\"}]},{\"@type\":\"WebSite\",\"@id\":\"https:\/\/www.istegroup.com\/#website\",\"url\":\"https:\/\/www.istegroup.com\/\",\"name\":\"ISTE Group\",\"description\":\"Publishing Knowledge\",\"potentialAction\":[{\"@type\":\"SearchAction\",\"target\":{\"@type\":\"EntryPoint\",\"urlTemplate\":\"https:\/\/www.istegroup.com\/?s={search_term_string}\"},\"query-input\":{\"@type\":\"PropertyValueSpecification\",\"valueRequired\":true,\"valueName\":\"search_term_string\"}}],\"inLanguage\":\"en-US\"}]}<\/script>\n<!-- \/ Yoast SEO plugin. -->","yoast_head_json":{"title":"Le m\u00e9taverse - ISTE Group","description":"Cet ouvrage propose une analyse structur\u00e9e de ses fondements technologiques et de ses usages \u00e9mergents dans diff\u00e9rents secteurs, notamment la sant\u00e9, l\u2019\u00e9ducation, l\u2019industrie et l\u2019\u00e9conomie num\u00e9rique.","robots":{"index":"index","follow":"follow","max-snippet":"max-snippet:-1","max-image-preview":"max-image-preview:large","max-video-preview":"max-video-preview:-1"},"canonical":"https:\/\/www.istegroup.com\/produit\/le-metaverse\/","og_locale":"en_US","og_type":"article","og_title":"Le m\u00e9taverse - ISTE Group","og_description":"Cet ouvrage propose une analyse structur\u00e9e de ses fondements technologiques et de ses usages \u00e9mergents dans diff\u00e9rents secteurs, notamment la sant\u00e9, l\u2019\u00e9ducation, l\u2019industrie et l\u2019\u00e9conomie num\u00e9rique.","og_url":"https:\/\/www.istegroup.com\/produit\/le-metaverse\/","og_site_name":"ISTE Group","article_modified_time":"2026-05-06T08:19:32+00:00","og_image":[{"width":591,"height":891,"url":"https:\/\/www.istegroup.com\/wp-content\/uploads\/2026\/05\/Le-metaverse_front.jpg","type":"image\/jpeg"}],"twitter_card":"summary_large_image","twitter_misc":{"Est. reading time":"1 minute"},"schema":{"@context":"https:\/\/schema.org","@graph":[{"@type":"WebPage","@id":"https:\/\/www.istegroup.com\/produit\/le-metaverse\/","url":"https:\/\/www.istegroup.com\/produit\/le-metaverse\/","name":"Le m\u00e9taverse - ISTE Group","isPartOf":{"@id":"https:\/\/www.istegroup.com\/#website"},"primaryImageOfPage":{"@id":"https:\/\/www.istegroup.com\/produit\/le-metaverse\/#primaryimage"},"image":{"@id":"https:\/\/www.istegroup.com\/produit\/le-metaverse\/#primaryimage"},"thumbnailUrl":"https:\/\/www.istegroup.com\/wp-content\/uploads\/2026\/05\/Le-metaverse_front.jpg","datePublished":"2026-05-06T08:08:15+00:00","dateModified":"2026-05-06T08:19:32+00:00","description":"Cet ouvrage propose une analyse structur\u00e9e de ses fondements technologiques et de ses usages \u00e9mergents dans diff\u00e9rents secteurs, notamment la sant\u00e9, l\u2019\u00e9ducation, l\u2019industrie et l\u2019\u00e9conomie num\u00e9rique.","breadcrumb":{"@id":"https:\/\/www.istegroup.com\/produit\/le-metaverse\/#breadcrumb"},"inLanguage":"en-US","potentialAction":[{"@type":"ReadAction","target":["https:\/\/www.istegroup.com\/produit\/le-metaverse\/"]}]},{"@type":"ImageObject","inLanguage":"en-US","@id":"https:\/\/www.istegroup.com\/produit\/le-metaverse\/#primaryimage","url":"https:\/\/www.istegroup.com\/wp-content\/uploads\/2026\/05\/Le-metaverse_front.jpg","contentUrl":"https:\/\/www.istegroup.com\/wp-content\/uploads\/2026\/05\/Le-metaverse_front.jpg","width":591,"height":891},{"@type":"BreadcrumbList","@id":"https:\/\/www.istegroup.com\/produit\/le-metaverse\/#breadcrumb","itemListElement":[{"@type":"ListItem","position":1,"name":"Home","item":"https:\/\/www.istegroup.com\/"},{"@type":"ListItem","position":2,"name":"Shop","item":"https:\/\/www.istegroup.com\/fr\/nouveautes\/"},{"@type":"ListItem","position":3,"name":"Le m\u00e9taverse"}]},{"@type":"WebSite","@id":"https:\/\/www.istegroup.com\/#website","url":"https:\/\/www.istegroup.com\/","name":"ISTE Group","description":"Publishing Knowledge","potentialAction":[{"@type":"SearchAction","target":{"@type":"EntryPoint","urlTemplate":"https:\/\/www.istegroup.com\/?s={search_term_string}"},"query-input":{"@type":"PropertyValueSpecification","valueRequired":true,"valueName":"search_term_string"}}],"inLanguage":"en-US"}]}},"_links":{"self":[{"href":"https:\/\/www.istegroup.com\/en\/wp-json\/wp\/v2\/product\/63904","targetHints":{"allow":["GET"]}}],"collection":[{"href":"https:\/\/www.istegroup.com\/en\/wp-json\/wp\/v2\/product"}],"about":[{"href":"https:\/\/www.istegroup.com\/en\/wp-json\/wp\/v2\/types\/product"}],"wp:featuredmedia":[{"embeddable":true,"href":"https:\/\/www.istegroup.com\/en\/wp-json\/wp\/v2\/media\/63911"}],"wp:attachment":[{"href":"https:\/\/www.istegroup.com\/en\/wp-json\/wp\/v2\/media?parent=63904"}],"wp:term":[{"taxonomy":"product_brand","embeddable":true,"href":"https:\/\/www.istegroup.com\/en\/wp-json\/wp\/v2\/product_brand?post=63904"},{"taxonomy":"product_cat","embeddable":true,"href":"https:\/\/www.istegroup.com\/en\/wp-json\/wp\/v2\/product_cat?post=63904"},{"taxonomy":"product_tag","embeddable":true,"href":"https:\/\/www.istegroup.com\/en\/wp-json\/wp\/v2\/product_tag?post=63904"}],"curies":[{"name":"wp","href":"https:\/\/api.w.org\/{rel}","templated":true}]}}