{"id":638,"date":"2017-07-28T15:22:16","date_gmt":"2017-07-28T13:22:16","guid":{"rendered":"https:\/\/iste.yhello.co\/product\/traitement-automatique-des-langues-et-linguistique-informatique-1\/"},"modified":"2024-01-03T13:41:08","modified_gmt":"2024-01-03T13:41:08","slug":"traitement-automatique-des-langues-et-linguistique-informatique-1","status":"publish","type":"product","link":"https:\/\/www.istegroup.com\/en\/produit\/traitement-automatique-des-langues-et-linguistique-informatique-1\/","title":{"rendered":"Traitement automatique des langues et linguistique informatique 1"},"content":{"rendered":"<p>Le traitement automatique des langues (TAL) conna\u00eet aujourd\u2019hui un essor majeur. Au carrefour de l\u2019informatique, de la linguistique et de la psychologie cognitive, il se d\u00e9veloppe gr\u00e2ce \u00e0 la disponibilit\u00e9 croissante de donn\u00e9es num\u00e9riques en langues naturelles.<\/p>\n<p>Pluridisciplinaire, ce premier volume donne les cl\u00e9s pour comprendre et concevoir des syst\u00e8mes de TAL.\u00a0<em>Traitement automatique des langues et linguistique informatique 1\u00a0<\/em>fournit au lecteur des connaissances th\u00e9oriques et pratiques sur le traitement de la parole, de la morphologie et de la syntaxe ainsi que sur les ressources linguistiques destin\u00e9es au TAL.<\/p>\n<p>Parmi les nombreuses applications du TAL, sont abord\u00e9s dans cet ouvrage, la reconnaissance et la synth\u00e8se automatiques de la parole, l\u2019analyse morphologique automatique, l\u2019\u00e9tiquetage en parties du discours ainsi que<br \/>\nl\u2019analyse syntaxique automatique.<\/p>\n","protected":false},"excerpt":{"rendered":"<p>Le traitement automatique des langues (TAL) conna\u00eet aujourd\u2019hui un essor majeur. Au carrefour de l\u2019informatique, de la linguistique et de la psychologie cognitive, il se d\u00e9veloppe gr\u00e2ce \u00e0 la disponibilit\u00e9 croissante de donn\u00e9es num\u00e9riques en langues naturelles. Pluridisciplinaire, ce premier volume donne les cl\u00e9s pour comprendre et concevoir des syst\u00e8mes de TAL.\u00a0Traitement automatique des langues [&hellip;]<\/p>\n","protected":false},"featured_media":639,"template":"","meta":{"_acf_changed":false,"_links_to":"","_links_to_target":""},"product_brand":[],"product_cat":[675,682],"product_tag":[493,494,31,196,495,197,198,199,21,200,22,201,496,497,498,203,204,63,25,172,209,499,500,501,502,212,38,192,145,28,503,504,505,506,507,508,509,510,511,512],"class_list":{"0":"post-638","1":"product","2":"type-product","3":"status-publish","4":"has-post-thumbnail","6":"product_cat-nouveauts-12519446","7":"product_cat-sciences-cognitives-12506546","8":"product_tag-corpus","9":"product_tag-cycle-de-vie-dun-corpus","10":"product_tag-ebook","11":"product_tag-ebooks","12":"product_tag-edition-francais","13":"product_tag-iste","14":"product_tag-iste-edition","15":"product_tag-iste-editions","16":"product_tag-iste-group","17":"product_tag-isteedition","18":"product_tag-istegroup","19":"product_tag-kindle","20":"product_tag-la-sphere-de-la-parole","21":"product_tag-la-syllabe","22":"product_tag-les-allomorphes","23":"product_tag-liseuse","24":"product_tag-livre","25":"product_tag-livre-electronique","26":"product_tag-livre-numerique","27":"product_tag-livre-scientifique","28":"product_tag-livres-scientifiques","29":"product_tag-lynchburg-college","30":"product_tag-mohamed-zakaria-kurdi","31":"product_tag-morphologie","32":"product_tag-openscience","33":"product_tag-ouvrage","34":"product_tag-ouvrage-numerique","35":"product_tag-ouvrage-science","36":"product_tag-ouvrage-scientifique","37":"product_tag-ouvrage-scientifique-francais","38":"product_tag-oxford-english-corpus","39":"product_tag-parole","40":"product_tag-phonetique","41":"product_tag-reconnaissance-automatique-de-la-parole","42":"product_tag-ressources-linguistiques","43":"product_tag-science-et-technique","44":"product_tag-syntaxe","45":"product_tag-tal","46":"product_tag-traitement-automatique-des-langues-et-linguistique-informatique-1","47":"product_tag-usage-des-corpus","49":"first","50":"instock","51":"shipping-taxable","52":"purchasable","53":"product-type-variable"},"acf":[],"yoast_head":"<!-- This site is optimized with the Yoast SEO plugin v27.2 - https:\/\/yoast.com\/product\/yoast-seo-wordpress\/ -->\n<title>Traitement automatique des langues et linguistique informatique 1 - ISTE Group<\/title>\n<meta name=\"description\" content=\"Ce premier volume donne les cl\u00e9s pour comprendre et concevoir des syst\u00e8mes de TAL.\u00a0Traitement automatique des langues et linguistique informatique 1\u00a0fournit au lecteur des connaissances th\u00e9oriques et pratiques sur le traitement de la parole, de la morphologie et de la syntaxe ainsi que sur les ressources linguistiques destin\u00e9es au TAL.\" \/>\n<meta name=\"robots\" content=\"index, follow, max-snippet:-1, max-image-preview:large, max-video-preview:-1\" \/>\n<link rel=\"canonical\" href=\"https:\/\/www.istegroup.com\/fr\/produit\/traitement-automatique-des-langues-et-linguistique-informatique-1\/\" \/>\n<meta property=\"og:locale\" content=\"en_US\" \/>\n<meta property=\"og:type\" content=\"article\" \/>\n<meta property=\"og:title\" content=\"Traitement automatique des langues et linguistique informatique 1 - ISTE Group\" \/>\n<meta property=\"og:description\" content=\"Ce premier volume donne les cl\u00e9s pour comprendre et concevoir des syst\u00e8mes de TAL.\u00a0Traitement automatique des langues et linguistique informatique 1\u00a0fournit au lecteur des connaissances th\u00e9oriques et pratiques sur le traitement de la parole, de la morphologie et de la syntaxe ainsi que sur les ressources linguistiques destin\u00e9es au TAL.\" \/>\n<meta property=\"og:url\" content=\"https:\/\/www.istegroup.com\/fr\/produit\/traitement-automatique-des-langues-et-linguistique-informatique-1\/\" \/>\n<meta property=\"og:site_name\" content=\"ISTE Group\" \/>\n<meta property=\"article:modified_time\" content=\"2024-01-03T13:41:08+00:00\" \/>\n<meta property=\"og:image\" content=\"https:\/\/www.istegroup.com\/wp-content\/uploads\/2017\/07\/18396738897_8521568401-1.jpg\" \/>\n\t<meta property=\"og:image:width\" content=\"1366\" \/>\n\t<meta property=\"og:image:height\" content=\"2048\" \/>\n\t<meta property=\"og:image:type\" content=\"image\/jpeg\" \/>\n<meta name=\"twitter:card\" content=\"summary_large_image\" \/>\n<meta name=\"twitter:label1\" content=\"Est. reading time\" \/>\n\t<meta name=\"twitter:data1\" content=\"1 minute\" \/>\n<script type=\"application\/ld+json\" class=\"yoast-schema-graph\">{\"@context\":\"https:\/\/schema.org\",\"@graph\":[{\"@type\":\"WebPage\",\"@id\":\"https:\/\/www.istegroup.com\/fr\/produit\/traitement-automatique-des-langues-et-linguistique-informatique-1\/\",\"url\":\"https:\/\/www.istegroup.com\/fr\/produit\/traitement-automatique-des-langues-et-linguistique-informatique-1\/\",\"name\":\"Traitement automatique des langues et linguistique informatique 1 - ISTE Group\",\"isPartOf\":{\"@id\":\"https:\/\/www.istegroup.com\/#website\"},\"primaryImageOfPage\":{\"@id\":\"https:\/\/www.istegroup.com\/fr\/produit\/traitement-automatique-des-langues-et-linguistique-informatique-1\/#primaryimage\"},\"image\":{\"@id\":\"https:\/\/www.istegroup.com\/fr\/produit\/traitement-automatique-des-langues-et-linguistique-informatique-1\/#primaryimage\"},\"thumbnailUrl\":\"https:\/\/www.istegroup.com\/wp-content\/uploads\/2017\/07\/18396738897_8521568401-1.jpg\",\"datePublished\":\"2017-07-28T13:22:16+00:00\",\"dateModified\":\"2024-01-03T13:41:08+00:00\",\"description\":\"Ce premier volume donne les cl\u00e9s pour comprendre et concevoir des syst\u00e8mes de TAL.\u00a0Traitement automatique des langues et linguistique informatique 1\u00a0fournit au lecteur des connaissances th\u00e9oriques et pratiques sur le traitement de la parole, de la morphologie et de la syntaxe ainsi que sur les ressources linguistiques destin\u00e9es au TAL.\",\"breadcrumb\":{\"@id\":\"https:\/\/www.istegroup.com\/fr\/produit\/traitement-automatique-des-langues-et-linguistique-informatique-1\/#breadcrumb\"},\"inLanguage\":\"en-US\",\"potentialAction\":[{\"@type\":\"ReadAction\",\"target\":[\"https:\/\/www.istegroup.com\/fr\/produit\/traitement-automatique-des-langues-et-linguistique-informatique-1\/\"]}]},{\"@type\":\"ImageObject\",\"inLanguage\":\"en-US\",\"@id\":\"https:\/\/www.istegroup.com\/fr\/produit\/traitement-automatique-des-langues-et-linguistique-informatique-1\/#primaryimage\",\"url\":\"https:\/\/www.istegroup.com\/wp-content\/uploads\/2017\/07\/18396738897_8521568401-1.jpg\",\"contentUrl\":\"https:\/\/www.istegroup.com\/wp-content\/uploads\/2017\/07\/18396738897_8521568401-1.jpg\",\"width\":1366,\"height\":2048,\"caption\":\"Parole, morphologie et syntaxe\"},{\"@type\":\"BreadcrumbList\",\"@id\":\"https:\/\/www.istegroup.com\/fr\/produit\/traitement-automatique-des-langues-et-linguistique-informatique-1\/#breadcrumb\",\"itemListElement\":[{\"@type\":\"ListItem\",\"position\":1,\"name\":\"Home\",\"item\":\"https:\/\/www.istegroup.com\/\"},{\"@type\":\"ListItem\",\"position\":2,\"name\":\"Shop\",\"item\":\"https:\/\/www.istegroup.com\/fr\/nouveautes\/\"},{\"@type\":\"ListItem\",\"position\":3,\"name\":\"Traitement automatique des langues et linguistique informatique 1\"}]},{\"@type\":\"WebSite\",\"@id\":\"https:\/\/www.istegroup.com\/#website\",\"url\":\"https:\/\/www.istegroup.com\/\",\"name\":\"ISTE Group\",\"description\":\"Publishing Knowledge\",\"potentialAction\":[{\"@type\":\"SearchAction\",\"target\":{\"@type\":\"EntryPoint\",\"urlTemplate\":\"https:\/\/www.istegroup.com\/?s={search_term_string}\"},\"query-input\":{\"@type\":\"PropertyValueSpecification\",\"valueRequired\":true,\"valueName\":\"search_term_string\"}}],\"inLanguage\":\"en-US\"}]}<\/script>\n<!-- \/ Yoast SEO plugin. -->","yoast_head_json":{"title":"Traitement automatique des langues et linguistique informatique 1 - ISTE Group","description":"Ce premier volume donne les cl\u00e9s pour comprendre et concevoir des syst\u00e8mes de TAL.\u00a0Traitement automatique des langues et linguistique informatique 1\u00a0fournit au lecteur des connaissances th\u00e9oriques et pratiques sur le traitement de la parole, de la morphologie et de la syntaxe ainsi que sur les ressources linguistiques destin\u00e9es au TAL.","robots":{"index":"index","follow":"follow","max-snippet":"max-snippet:-1","max-image-preview":"max-image-preview:large","max-video-preview":"max-video-preview:-1"},"canonical":"https:\/\/www.istegroup.com\/fr\/produit\/traitement-automatique-des-langues-et-linguistique-informatique-1\/","og_locale":"en_US","og_type":"article","og_title":"Traitement automatique des langues et linguistique informatique 1 - ISTE Group","og_description":"Ce premier volume donne les cl\u00e9s pour comprendre et concevoir des syst\u00e8mes de TAL.\u00a0Traitement automatique des langues et linguistique informatique 1\u00a0fournit au lecteur des connaissances th\u00e9oriques et pratiques sur le traitement de la parole, de la morphologie et de la syntaxe ainsi que sur les ressources linguistiques destin\u00e9es au TAL.","og_url":"https:\/\/www.istegroup.com\/fr\/produit\/traitement-automatique-des-langues-et-linguistique-informatique-1\/","og_site_name":"ISTE Group","article_modified_time":"2024-01-03T13:41:08+00:00","og_image":[{"width":1366,"height":2048,"url":"https:\/\/www.istegroup.com\/wp-content\/uploads\/2017\/07\/18396738897_8521568401-1.jpg","type":"image\/jpeg"}],"twitter_card":"summary_large_image","twitter_misc":{"Est. reading time":"1 minute"},"schema":{"@context":"https:\/\/schema.org","@graph":[{"@type":"WebPage","@id":"https:\/\/www.istegroup.com\/fr\/produit\/traitement-automatique-des-langues-et-linguistique-informatique-1\/","url":"https:\/\/www.istegroup.com\/fr\/produit\/traitement-automatique-des-langues-et-linguistique-informatique-1\/","name":"Traitement automatique des langues et linguistique informatique 1 - ISTE Group","isPartOf":{"@id":"https:\/\/www.istegroup.com\/#website"},"primaryImageOfPage":{"@id":"https:\/\/www.istegroup.com\/fr\/produit\/traitement-automatique-des-langues-et-linguistique-informatique-1\/#primaryimage"},"image":{"@id":"https:\/\/www.istegroup.com\/fr\/produit\/traitement-automatique-des-langues-et-linguistique-informatique-1\/#primaryimage"},"thumbnailUrl":"https:\/\/www.istegroup.com\/wp-content\/uploads\/2017\/07\/18396738897_8521568401-1.jpg","datePublished":"2017-07-28T13:22:16+00:00","dateModified":"2024-01-03T13:41:08+00:00","description":"Ce premier volume donne les cl\u00e9s pour comprendre et concevoir des syst\u00e8mes de TAL.\u00a0Traitement automatique des langues et linguistique informatique 1\u00a0fournit au lecteur des connaissances th\u00e9oriques et pratiques sur le traitement de la parole, de la morphologie et de la syntaxe ainsi que sur les ressources linguistiques destin\u00e9es au TAL.","breadcrumb":{"@id":"https:\/\/www.istegroup.com\/fr\/produit\/traitement-automatique-des-langues-et-linguistique-informatique-1\/#breadcrumb"},"inLanguage":"en-US","potentialAction":[{"@type":"ReadAction","target":["https:\/\/www.istegroup.com\/fr\/produit\/traitement-automatique-des-langues-et-linguistique-informatique-1\/"]}]},{"@type":"ImageObject","inLanguage":"en-US","@id":"https:\/\/www.istegroup.com\/fr\/produit\/traitement-automatique-des-langues-et-linguistique-informatique-1\/#primaryimage","url":"https:\/\/www.istegroup.com\/wp-content\/uploads\/2017\/07\/18396738897_8521568401-1.jpg","contentUrl":"https:\/\/www.istegroup.com\/wp-content\/uploads\/2017\/07\/18396738897_8521568401-1.jpg","width":1366,"height":2048,"caption":"Parole, morphologie et syntaxe"},{"@type":"BreadcrumbList","@id":"https:\/\/www.istegroup.com\/fr\/produit\/traitement-automatique-des-langues-et-linguistique-informatique-1\/#breadcrumb","itemListElement":[{"@type":"ListItem","position":1,"name":"Home","item":"https:\/\/www.istegroup.com\/"},{"@type":"ListItem","position":2,"name":"Shop","item":"https:\/\/www.istegroup.com\/fr\/nouveautes\/"},{"@type":"ListItem","position":3,"name":"Traitement automatique des langues et linguistique informatique 1"}]},{"@type":"WebSite","@id":"https:\/\/www.istegroup.com\/#website","url":"https:\/\/www.istegroup.com\/","name":"ISTE Group","description":"Publishing Knowledge","potentialAction":[{"@type":"SearchAction","target":{"@type":"EntryPoint","urlTemplate":"https:\/\/www.istegroup.com\/?s={search_term_string}"},"query-input":{"@type":"PropertyValueSpecification","valueRequired":true,"valueName":"search_term_string"}}],"inLanguage":"en-US"}]}},"_links":{"self":[{"href":"https:\/\/www.istegroup.com\/en\/wp-json\/wp\/v2\/product\/638","targetHints":{"allow":["GET"]}}],"collection":[{"href":"https:\/\/www.istegroup.com\/en\/wp-json\/wp\/v2\/product"}],"about":[{"href":"https:\/\/www.istegroup.com\/en\/wp-json\/wp\/v2\/types\/product"}],"wp:featuredmedia":[{"embeddable":true,"href":"https:\/\/www.istegroup.com\/en\/wp-json\/wp\/v2\/media\/639"}],"wp:attachment":[{"href":"https:\/\/www.istegroup.com\/en\/wp-json\/wp\/v2\/media?parent=638"}],"wp:term":[{"taxonomy":"product_brand","embeddable":true,"href":"https:\/\/www.istegroup.com\/en\/wp-json\/wp\/v2\/product_brand?post=638"},{"taxonomy":"product_cat","embeddable":true,"href":"https:\/\/www.istegroup.com\/en\/wp-json\/wp\/v2\/product_cat?post=638"},{"taxonomy":"product_tag","embeddable":true,"href":"https:\/\/www.istegroup.com\/en\/wp-json\/wp\/v2\/product_tag?post=638"}],"curies":[{"name":"wp","href":"https:\/\/api.w.org\/{rel}","templated":true}]}}