{"id":63770,"date":"2026-04-24T14:14:20","date_gmt":"2026-04-24T13:14:20","guid":{"rendered":"https:\/\/www.istegroup.com\/?post_type=product&#038;p=63770"},"modified":"2026-04-27T11:51:49","modified_gmt":"2026-04-27T10:51:49","slug":"recherche-orientee-par-la-conception-en-education-design-based-research","status":"publish","type":"product","link":"https:\/\/www.istegroup.com\/en\/produit\/recherche-orientee-par-la-conception-en-education-design-based-research\/","title":{"rendered":"Recherche orient\u00e9e par la conception en \u00e9ducation (Design-Based Research)"},"content":{"rendered":"<p>\u00c0 l\u2019heure o\u00f9 les technologies \u00e9ducatives transforment les environnements d\u2019apprentissage, une question demeure centrale : comment produire des connaissances susceptibles d\u2019accompagner ces transformations ?<\/p>\n<p>Cet ouvrage propose une exploration approfondie de la recherche orient\u00e9e par la conception (ROC) ou <em>Design-Based Research<\/em>, une approche qui s\u2019est impos\u00e9e depuis plus de vingt-cinq ans comme un cadre m\u00e9thodologique original, situ\u00e9 au croisement de la recherche et de l\u2019innovation p\u00e9dagogique. S\u2019appuyant \u00e0 la fois sur des travaux fondateurs et sur des r\u00e9f\u00e9rences internationales r\u00e9centes, l\u2019ouvrage pr\u00e9sente les principes cl\u00e9s de la ROC : son ancrage dans des contextes authentiques, son processus it\u00e9ratif de conception, d\u2019exp\u00e9rimentation et d\u2019analyse, sa dimension collaborative et sa capacit\u00e9 \u00e0 produire \u00e0 la fois des artefacts \u00e9ducatifs pertinents et des connaissances th\u00e9oriques transf\u00e9rables.<\/p>\n<p>L\u2019ouvrage illustre concr\u00e8tement les m\u00e9thodes, les mod\u00e8les et les outils mobilis\u00e9s dans cette approche. Il analyse notamment les formes de connaissances produites, les dynamiques de coconstruction entre chercheurs et praticiens, les enjeux \u00e9thiques associ\u00e9s ainsi que les conditions n\u00e9cessaires \u00e0 son d\u00e9veloppement.<\/p>\n","protected":false},"excerpt":{"rendered":"<p>\u00c0 l\u2019heure o\u00f9 les technologies \u00e9ducatives transforment les environnements d\u2019apprentissage, une question demeure centrale : comment produire des connaissances susceptibles d\u2019accompagner ces transformations ? Cet ouvrage propose une exploration approfondie de la recherche orient\u00e9e par la conception (ROC) ou Design-Based Research, une approche qui s\u2019est impos\u00e9e depuis plus de vingt-cinq ans comme un cadre m\u00e9thodologique [&hellip;]<\/p>\n","protected":false},"featured_media":63800,"template":"","meta":{"_acf_changed":false,"_links_to":"","_links_to_target":""},"product_brand":[],"product_cat":[3262],"product_tag":[],"class_list":{"0":"post-63770","1":"product","2":"type-product","3":"status-publish","4":"has-post-thumbnail","6":"product_cat-non-classe","8":"first","9":"instock","10":"shipping-taxable","11":"purchasable","12":"product-type-variable"},"acf":[],"yoast_head":"<!-- This site is optimized with the Yoast SEO plugin v27.2 - https:\/\/yoast.com\/product\/yoast-seo-wordpress\/ -->\n<title>Recherche orient\u00e9e par la conception en \u00e9ducation (Design-Based Research) - ISTE Group<\/title>\n<meta name=\"description\" content=\"Cet ouvrage propose une exploration approfondie de la recherche orient\u00e9e par la conception (ROC) ou Design-Based Research, une approche qui s\u2019est impos\u00e9e depuis plus de vingt-cinq ans comme un cadre m\u00e9thodologique original, situ\u00e9 au croisement de la recherche et de l\u2019innovation p\u00e9dagogique.\" \/>\n<meta name=\"robots\" content=\"index, follow, max-snippet:-1, max-image-preview:large, max-video-preview:-1\" \/>\n<link rel=\"canonical\" href=\"https:\/\/www.istegroup.com\/produit\/recherche-orientee-par-la-conception-en-education-design-based-research\/\" \/>\n<meta property=\"og:locale\" content=\"en_US\" \/>\n<meta property=\"og:type\" content=\"article\" \/>\n<meta property=\"og:title\" content=\"Recherche orient\u00e9e par la conception en \u00e9ducation (Design-Based Research) - ISTE Group\" \/>\n<meta property=\"og:description\" content=\"Cet ouvrage propose une exploration approfondie de la recherche orient\u00e9e par la conception (ROC) ou Design-Based Research, une approche qui s\u2019est impos\u00e9e depuis plus de vingt-cinq ans comme un cadre m\u00e9thodologique original, situ\u00e9 au croisement de la recherche et de l\u2019innovation p\u00e9dagogique.\" \/>\n<meta property=\"og:url\" content=\"https:\/\/www.istegroup.com\/produit\/recherche-orientee-par-la-conception-en-education-design-based-research\/\" \/>\n<meta property=\"og:site_name\" content=\"ISTE Group\" \/>\n<meta property=\"article:modified_time\" content=\"2026-04-27T10:51:49+00:00\" \/>\n<meta property=\"og:image\" content=\"https:\/\/www.istegroup.com\/wp-content\/uploads\/2026\/04\/Recherche-orientee-par-la-conception-en-education.jpg\" \/>\n\t<meta property=\"og:image:width\" content=\"588\" \/>\n\t<meta property=\"og:image:height\" content=\"887\" \/>\n\t<meta property=\"og:image:type\" content=\"image\/jpeg\" \/>\n<meta name=\"twitter:card\" content=\"summary_large_image\" \/>\n<meta name=\"twitter:label1\" content=\"Est. reading time\" \/>\n\t<meta name=\"twitter:data1\" content=\"2 minutes\" \/>\n<script type=\"application\/ld+json\" class=\"yoast-schema-graph\">{\"@context\":\"https:\/\/schema.org\",\"@graph\":[{\"@type\":\"WebPage\",\"@id\":\"https:\/\/www.istegroup.com\/produit\/recherche-orientee-par-la-conception-en-education-design-based-research\/\",\"url\":\"https:\/\/www.istegroup.com\/produit\/recherche-orientee-par-la-conception-en-education-design-based-research\/\",\"name\":\"Recherche orient\u00e9e par la conception en \u00e9ducation (Design-Based Research) - ISTE Group\",\"isPartOf\":{\"@id\":\"https:\/\/www.istegroup.com\/#website\"},\"primaryImageOfPage\":{\"@id\":\"https:\/\/www.istegroup.com\/produit\/recherche-orientee-par-la-conception-en-education-design-based-research\/#primaryimage\"},\"image\":{\"@id\":\"https:\/\/www.istegroup.com\/produit\/recherche-orientee-par-la-conception-en-education-design-based-research\/#primaryimage\"},\"thumbnailUrl\":\"https:\/\/www.istegroup.com\/wp-content\/uploads\/2026\/04\/Recherche-orientee-par-la-conception-en-education.jpg\",\"datePublished\":\"2026-04-24T13:14:20+00:00\",\"dateModified\":\"2026-04-27T10:51:49+00:00\",\"description\":\"Cet ouvrage propose une exploration approfondie de la recherche orient\u00e9e par la conception (ROC) ou Design-Based Research, une approche qui s\u2019est impos\u00e9e depuis plus de vingt-cinq ans comme un cadre m\u00e9thodologique original, situ\u00e9 au croisement de la recherche et de l\u2019innovation p\u00e9dagogique.\",\"breadcrumb\":{\"@id\":\"https:\/\/www.istegroup.com\/produit\/recherche-orientee-par-la-conception-en-education-design-based-research\/#breadcrumb\"},\"inLanguage\":\"en-US\",\"potentialAction\":[{\"@type\":\"ReadAction\",\"target\":[\"https:\/\/www.istegroup.com\/produit\/recherche-orientee-par-la-conception-en-education-design-based-research\/\"]}]},{\"@type\":\"ImageObject\",\"inLanguage\":\"en-US\",\"@id\":\"https:\/\/www.istegroup.com\/produit\/recherche-orientee-par-la-conception-en-education-design-based-research\/#primaryimage\",\"url\":\"https:\/\/www.istegroup.com\/wp-content\/uploads\/2026\/04\/Recherche-orientee-par-la-conception-en-education.jpg\",\"contentUrl\":\"https:\/\/www.istegroup.com\/wp-content\/uploads\/2026\/04\/Recherche-orientee-par-la-conception-en-education.jpg\",\"width\":588,\"height\":887},{\"@type\":\"BreadcrumbList\",\"@id\":\"https:\/\/www.istegroup.com\/produit\/recherche-orientee-par-la-conception-en-education-design-based-research\/#breadcrumb\",\"itemListElement\":[{\"@type\":\"ListItem\",\"position\":1,\"name\":\"Home\",\"item\":\"https:\/\/www.istegroup.com\/\"},{\"@type\":\"ListItem\",\"position\":2,\"name\":\"Shop\",\"item\":\"https:\/\/www.istegroup.com\/fr\/nouveautes\/\"},{\"@type\":\"ListItem\",\"position\":3,\"name\":\"Recherche orient\u00e9e par la conception en \u00e9ducation (Design-Based Research)\"}]},{\"@type\":\"WebSite\",\"@id\":\"https:\/\/www.istegroup.com\/#website\",\"url\":\"https:\/\/www.istegroup.com\/\",\"name\":\"ISTE Group\",\"description\":\"Publishing Knowledge\",\"potentialAction\":[{\"@type\":\"SearchAction\",\"target\":{\"@type\":\"EntryPoint\",\"urlTemplate\":\"https:\/\/www.istegroup.com\/?s={search_term_string}\"},\"query-input\":{\"@type\":\"PropertyValueSpecification\",\"valueRequired\":true,\"valueName\":\"search_term_string\"}}],\"inLanguage\":\"en-US\"}]}<\/script>\n<!-- \/ Yoast SEO plugin. -->","yoast_head_json":{"title":"Recherche orient\u00e9e par la conception en \u00e9ducation (Design-Based Research) - ISTE Group","description":"Cet ouvrage propose une exploration approfondie de la recherche orient\u00e9e par la conception (ROC) ou Design-Based Research, une approche qui s\u2019est impos\u00e9e depuis plus de vingt-cinq ans comme un cadre m\u00e9thodologique original, situ\u00e9 au croisement de la recherche et de l\u2019innovation p\u00e9dagogique.","robots":{"index":"index","follow":"follow","max-snippet":"max-snippet:-1","max-image-preview":"max-image-preview:large","max-video-preview":"max-video-preview:-1"},"canonical":"https:\/\/www.istegroup.com\/produit\/recherche-orientee-par-la-conception-en-education-design-based-research\/","og_locale":"en_US","og_type":"article","og_title":"Recherche orient\u00e9e par la conception en \u00e9ducation (Design-Based Research) - ISTE Group","og_description":"Cet ouvrage propose une exploration approfondie de la recherche orient\u00e9e par la conception (ROC) ou Design-Based Research, une approche qui s\u2019est impos\u00e9e depuis plus de vingt-cinq ans comme un cadre m\u00e9thodologique original, situ\u00e9 au croisement de la recherche et de l\u2019innovation p\u00e9dagogique.","og_url":"https:\/\/www.istegroup.com\/produit\/recherche-orientee-par-la-conception-en-education-design-based-research\/","og_site_name":"ISTE Group","article_modified_time":"2026-04-27T10:51:49+00:00","og_image":[{"width":588,"height":887,"url":"https:\/\/www.istegroup.com\/wp-content\/uploads\/2026\/04\/Recherche-orientee-par-la-conception-en-education.jpg","type":"image\/jpeg"}],"twitter_card":"summary_large_image","twitter_misc":{"Est. reading time":"2 minutes"},"schema":{"@context":"https:\/\/schema.org","@graph":[{"@type":"WebPage","@id":"https:\/\/www.istegroup.com\/produit\/recherche-orientee-par-la-conception-en-education-design-based-research\/","url":"https:\/\/www.istegroup.com\/produit\/recherche-orientee-par-la-conception-en-education-design-based-research\/","name":"Recherche orient\u00e9e par la conception en \u00e9ducation (Design-Based Research) - ISTE Group","isPartOf":{"@id":"https:\/\/www.istegroup.com\/#website"},"primaryImageOfPage":{"@id":"https:\/\/www.istegroup.com\/produit\/recherche-orientee-par-la-conception-en-education-design-based-research\/#primaryimage"},"image":{"@id":"https:\/\/www.istegroup.com\/produit\/recherche-orientee-par-la-conception-en-education-design-based-research\/#primaryimage"},"thumbnailUrl":"https:\/\/www.istegroup.com\/wp-content\/uploads\/2026\/04\/Recherche-orientee-par-la-conception-en-education.jpg","datePublished":"2026-04-24T13:14:20+00:00","dateModified":"2026-04-27T10:51:49+00:00","description":"Cet ouvrage propose une exploration approfondie de la recherche orient\u00e9e par la conception (ROC) ou Design-Based Research, une approche qui s\u2019est impos\u00e9e depuis plus de vingt-cinq ans comme un cadre m\u00e9thodologique original, situ\u00e9 au croisement de la recherche et de l\u2019innovation p\u00e9dagogique.","breadcrumb":{"@id":"https:\/\/www.istegroup.com\/produit\/recherche-orientee-par-la-conception-en-education-design-based-research\/#breadcrumb"},"inLanguage":"en-US","potentialAction":[{"@type":"ReadAction","target":["https:\/\/www.istegroup.com\/produit\/recherche-orientee-par-la-conception-en-education-design-based-research\/"]}]},{"@type":"ImageObject","inLanguage":"en-US","@id":"https:\/\/www.istegroup.com\/produit\/recherche-orientee-par-la-conception-en-education-design-based-research\/#primaryimage","url":"https:\/\/www.istegroup.com\/wp-content\/uploads\/2026\/04\/Recherche-orientee-par-la-conception-en-education.jpg","contentUrl":"https:\/\/www.istegroup.com\/wp-content\/uploads\/2026\/04\/Recherche-orientee-par-la-conception-en-education.jpg","width":588,"height":887},{"@type":"BreadcrumbList","@id":"https:\/\/www.istegroup.com\/produit\/recherche-orientee-par-la-conception-en-education-design-based-research\/#breadcrumb","itemListElement":[{"@type":"ListItem","position":1,"name":"Home","item":"https:\/\/www.istegroup.com\/"},{"@type":"ListItem","position":2,"name":"Shop","item":"https:\/\/www.istegroup.com\/fr\/nouveautes\/"},{"@type":"ListItem","position":3,"name":"Recherche orient\u00e9e par la conception en \u00e9ducation (Design-Based Research)"}]},{"@type":"WebSite","@id":"https:\/\/www.istegroup.com\/#website","url":"https:\/\/www.istegroup.com\/","name":"ISTE Group","description":"Publishing Knowledge","potentialAction":[{"@type":"SearchAction","target":{"@type":"EntryPoint","urlTemplate":"https:\/\/www.istegroup.com\/?s={search_term_string}"},"query-input":{"@type":"PropertyValueSpecification","valueRequired":true,"valueName":"search_term_string"}}],"inLanguage":"en-US"}]}},"_links":{"self":[{"href":"https:\/\/www.istegroup.com\/en\/wp-json\/wp\/v2\/product\/63770","targetHints":{"allow":["GET"]}}],"collection":[{"href":"https:\/\/www.istegroup.com\/en\/wp-json\/wp\/v2\/product"}],"about":[{"href":"https:\/\/www.istegroup.com\/en\/wp-json\/wp\/v2\/types\/product"}],"wp:featuredmedia":[{"embeddable":true,"href":"https:\/\/www.istegroup.com\/en\/wp-json\/wp\/v2\/media\/63800"}],"wp:attachment":[{"href":"https:\/\/www.istegroup.com\/en\/wp-json\/wp\/v2\/media?parent=63770"}],"wp:term":[{"taxonomy":"product_brand","embeddable":true,"href":"https:\/\/www.istegroup.com\/en\/wp-json\/wp\/v2\/product_brand?post=63770"},{"taxonomy":"product_cat","embeddable":true,"href":"https:\/\/www.istegroup.com\/en\/wp-json\/wp\/v2\/product_cat?post=63770"},{"taxonomy":"product_tag","embeddable":true,"href":"https:\/\/www.istegroup.com\/en\/wp-json\/wp\/v2\/product_tag?post=63770"}],"curies":[{"name":"wp","href":"https:\/\/api.w.org\/{rel}","templated":true}]}}