{"id":63743,"date":"2026-04-24T11:25:56","date_gmt":"2026-04-24T10:25:56","guid":{"rendered":"https:\/\/www.istegroup.com\/?post_type=product&#038;p=63743"},"modified":"2026-04-27T11:51:31","modified_gmt":"2026-04-27T10:51:31","slug":"analyse-inorganique-et-bio-inorganique","status":"publish","type":"product","link":"https:\/\/www.istegroup.com\/en\/produit\/analyse-inorganique-et-bio-inorganique\/","title":{"rendered":"Analyse inorganique et bio-inorganique"},"content":{"rendered":"<p>Les \u00e9l\u00e9ments chimiques constituent la base de toute mol\u00e9cule, organisme vivant ou mat\u00e9riau inorganique. Omnipr\u00e9sents dans notre environnement et nos soci\u00e9t\u00e9s, leur identification, quantification et sp\u00e9ciation (d\u00e9termination de leur forme chimique), permettent de comprendre leur r\u00f4le, au coeur de nombreux enjeux environnementaux, biologiques et industriels.<\/p>\n<p>De la pr\u00e9paration des \u00e9chantillons aux m\u00e9thodes spectrom\u00e9triques avanc\u00e9es, <em>Analyse inorganique et bio-inorganique<\/em> propose un panorama des principales techniques d\u2019analyse \u00e9l\u00e9mentaire et sp\u00e9ciation, allant des approches conventionnelles aux plus r\u00e9centes. Il couvre les m\u00e9thodes d\u2019analyse spectrale telles que les spectrom\u00e9tries d\u2019absorption, d\u2019\u00e9mission, la fluorescence atomique et la fluorescence X. Il aborde \u00e9galement les techniques de spectrom\u00e9trie plasma (ICP-OES et ICP-MS), leurs couplages avec des techniques s\u00e9paratives d\u00e9di\u00e9es \u00e0 la sp\u00e9ciation, ainsi que l\u2019ablation laser pour l\u2019analyse directe des solides.<\/p>\n<p>Illustr\u00e9 par des exemples issus du vivant, de l\u2019environnement et des mat\u00e9riaux, ce livre s\u2019adresse aux \u00e9tudiants et chercheurs souhaitant ma\u00eetriser les fondements et les applications contemporaines de l\u2019analyse inorganique et bioinorganique.<\/p>\n","protected":false},"excerpt":{"rendered":"<p>Les \u00e9l\u00e9ments chimiques constituent la base de toute mol\u00e9cule, organisme vivant ou mat\u00e9riau inorganique. Omnipr\u00e9sents dans notre environnement et nos soci\u00e9t\u00e9s, leur identification, quantification et sp\u00e9ciation (d\u00e9termination de leur forme chimique), permettent de comprendre leur r\u00f4le, au coeur de nombreux enjeux environnementaux, biologiques et industriels. De la pr\u00e9paration des \u00e9chantillons aux m\u00e9thodes spectrom\u00e9triques avanc\u00e9es, Analyse [&hellip;]<\/p>\n","protected":false},"featured_media":63760,"template":"","meta":{"_acf_changed":false,"_links_to":"","_links_to_target":""},"product_brand":[],"product_cat":[3262],"product_tag":[],"class_list":{"0":"post-63743","1":"product","2":"type-product","3":"status-publish","4":"has-post-thumbnail","6":"product_cat-non-classe","8":"first","9":"instock","10":"shipping-taxable","11":"purchasable","12":"product-type-variable"},"acf":[],"yoast_head":"<!-- This site is optimized with the Yoast SEO plugin v27.2 - https:\/\/yoast.com\/product\/yoast-seo-wordpress\/ -->\n<title>Analyse inorganique et bio-inorganique - ISTE Group<\/title>\n<meta name=\"description\" content=\"De la pr\u00e9paration des \u00e9chantillons aux m\u00e9thodes spectrom\u00e9triques avanc\u00e9es, Analyse inorganique et bio-inorganique propose un panorama des principales techniques d\u2019analyse \u00e9l\u00e9mentaire et sp\u00e9ciation, allant des approches conventionnelles aux plus r\u00e9centes.\" \/>\n<meta name=\"robots\" content=\"index, follow, max-snippet:-1, max-image-preview:large, max-video-preview:-1\" \/>\n<link rel=\"canonical\" href=\"https:\/\/www.istegroup.com\/produit\/analyse-inorganique-et-bio-inorganique\/\" \/>\n<meta property=\"og:locale\" content=\"en_US\" \/>\n<meta property=\"og:type\" content=\"article\" \/>\n<meta property=\"og:title\" content=\"Analyse inorganique et bio-inorganique - ISTE Group\" \/>\n<meta property=\"og:description\" content=\"De la pr\u00e9paration des \u00e9chantillons aux m\u00e9thodes spectrom\u00e9triques avanc\u00e9es, Analyse inorganique et bio-inorganique propose un panorama des principales techniques d\u2019analyse \u00e9l\u00e9mentaire et sp\u00e9ciation, allant des approches conventionnelles aux plus r\u00e9centes.\" \/>\n<meta property=\"og:url\" content=\"https:\/\/www.istegroup.com\/produit\/analyse-inorganique-et-bio-inorganique\/\" \/>\n<meta property=\"og:site_name\" content=\"ISTE Group\" \/>\n<meta property=\"article:modified_time\" content=\"2026-04-27T10:51:31+00:00\" \/>\n<meta property=\"og:image\" content=\"https:\/\/www.istegroup.com\/wp-content\/uploads\/2026\/04\/Analyse-inorganique-et-bio-inorganique_front.jpg\" \/>\n\t<meta property=\"og:image:width\" content=\"661\" \/>\n\t<meta property=\"og:image:height\" content=\"996\" \/>\n\t<meta property=\"og:image:type\" content=\"image\/jpeg\" \/>\n<meta name=\"twitter:card\" content=\"summary_large_image\" \/>\n<meta name=\"twitter:label1\" content=\"Est. reading time\" \/>\n\t<meta name=\"twitter:data1\" content=\"1 minute\" \/>\n<script type=\"application\/ld+json\" class=\"yoast-schema-graph\">{\"@context\":\"https:\/\/schema.org\",\"@graph\":[{\"@type\":\"WebPage\",\"@id\":\"https:\/\/www.istegroup.com\/produit\/analyse-inorganique-et-bio-inorganique\/\",\"url\":\"https:\/\/www.istegroup.com\/produit\/analyse-inorganique-et-bio-inorganique\/\",\"name\":\"Analyse inorganique et bio-inorganique - ISTE Group\",\"isPartOf\":{\"@id\":\"https:\/\/www.istegroup.com\/#website\"},\"primaryImageOfPage\":{\"@id\":\"https:\/\/www.istegroup.com\/produit\/analyse-inorganique-et-bio-inorganique\/#primaryimage\"},\"image\":{\"@id\":\"https:\/\/www.istegroup.com\/produit\/analyse-inorganique-et-bio-inorganique\/#primaryimage\"},\"thumbnailUrl\":\"https:\/\/www.istegroup.com\/wp-content\/uploads\/2026\/04\/Analyse-inorganique-et-bio-inorganique_front.jpg\",\"datePublished\":\"2026-04-24T10:25:56+00:00\",\"dateModified\":\"2026-04-27T10:51:31+00:00\",\"description\":\"De la pr\u00e9paration des \u00e9chantillons aux m\u00e9thodes spectrom\u00e9triques avanc\u00e9es, Analyse inorganique et bio-inorganique propose un panorama des principales techniques d\u2019analyse \u00e9l\u00e9mentaire et sp\u00e9ciation, allant des approches conventionnelles aux plus r\u00e9centes.\",\"breadcrumb\":{\"@id\":\"https:\/\/www.istegroup.com\/produit\/analyse-inorganique-et-bio-inorganique\/#breadcrumb\"},\"inLanguage\":\"en-US\",\"potentialAction\":[{\"@type\":\"ReadAction\",\"target\":[\"https:\/\/www.istegroup.com\/produit\/analyse-inorganique-et-bio-inorganique\/\"]}]},{\"@type\":\"ImageObject\",\"inLanguage\":\"en-US\",\"@id\":\"https:\/\/www.istegroup.com\/produit\/analyse-inorganique-et-bio-inorganique\/#primaryimage\",\"url\":\"https:\/\/www.istegroup.com\/wp-content\/uploads\/2026\/04\/Analyse-inorganique-et-bio-inorganique_front.jpg\",\"contentUrl\":\"https:\/\/www.istegroup.com\/wp-content\/uploads\/2026\/04\/Analyse-inorganique-et-bio-inorganique_front.jpg\",\"width\":661,\"height\":996},{\"@type\":\"BreadcrumbList\",\"@id\":\"https:\/\/www.istegroup.com\/produit\/analyse-inorganique-et-bio-inorganique\/#breadcrumb\",\"itemListElement\":[{\"@type\":\"ListItem\",\"position\":1,\"name\":\"Home\",\"item\":\"https:\/\/www.istegroup.com\/\"},{\"@type\":\"ListItem\",\"position\":2,\"name\":\"Shop\",\"item\":\"https:\/\/www.istegroup.com\/fr\/nouveautes\/\"},{\"@type\":\"ListItem\",\"position\":3,\"name\":\"Analyse inorganique et bio-inorganique\"}]},{\"@type\":\"WebSite\",\"@id\":\"https:\/\/www.istegroup.com\/#website\",\"url\":\"https:\/\/www.istegroup.com\/\",\"name\":\"ISTE Group\",\"description\":\"Publishing Knowledge\",\"potentialAction\":[{\"@type\":\"SearchAction\",\"target\":{\"@type\":\"EntryPoint\",\"urlTemplate\":\"https:\/\/www.istegroup.com\/?s={search_term_string}\"},\"query-input\":{\"@type\":\"PropertyValueSpecification\",\"valueRequired\":true,\"valueName\":\"search_term_string\"}}],\"inLanguage\":\"en-US\"}]}<\/script>\n<!-- \/ Yoast SEO plugin. -->","yoast_head_json":{"title":"Analyse inorganique et bio-inorganique - ISTE Group","description":"De la pr\u00e9paration des \u00e9chantillons aux m\u00e9thodes spectrom\u00e9triques avanc\u00e9es, Analyse inorganique et bio-inorganique propose un panorama des principales techniques d\u2019analyse \u00e9l\u00e9mentaire et sp\u00e9ciation, allant des approches conventionnelles aux plus r\u00e9centes.","robots":{"index":"index","follow":"follow","max-snippet":"max-snippet:-1","max-image-preview":"max-image-preview:large","max-video-preview":"max-video-preview:-1"},"canonical":"https:\/\/www.istegroup.com\/produit\/analyse-inorganique-et-bio-inorganique\/","og_locale":"en_US","og_type":"article","og_title":"Analyse inorganique et bio-inorganique - ISTE Group","og_description":"De la pr\u00e9paration des \u00e9chantillons aux m\u00e9thodes spectrom\u00e9triques avanc\u00e9es, Analyse inorganique et bio-inorganique propose un panorama des principales techniques d\u2019analyse \u00e9l\u00e9mentaire et sp\u00e9ciation, allant des approches conventionnelles aux plus r\u00e9centes.","og_url":"https:\/\/www.istegroup.com\/produit\/analyse-inorganique-et-bio-inorganique\/","og_site_name":"ISTE Group","article_modified_time":"2026-04-27T10:51:31+00:00","og_image":[{"width":661,"height":996,"url":"https:\/\/www.istegroup.com\/wp-content\/uploads\/2026\/04\/Analyse-inorganique-et-bio-inorganique_front.jpg","type":"image\/jpeg"}],"twitter_card":"summary_large_image","twitter_misc":{"Est. reading time":"1 minute"},"schema":{"@context":"https:\/\/schema.org","@graph":[{"@type":"WebPage","@id":"https:\/\/www.istegroup.com\/produit\/analyse-inorganique-et-bio-inorganique\/","url":"https:\/\/www.istegroup.com\/produit\/analyse-inorganique-et-bio-inorganique\/","name":"Analyse inorganique et bio-inorganique - ISTE Group","isPartOf":{"@id":"https:\/\/www.istegroup.com\/#website"},"primaryImageOfPage":{"@id":"https:\/\/www.istegroup.com\/produit\/analyse-inorganique-et-bio-inorganique\/#primaryimage"},"image":{"@id":"https:\/\/www.istegroup.com\/produit\/analyse-inorganique-et-bio-inorganique\/#primaryimage"},"thumbnailUrl":"https:\/\/www.istegroup.com\/wp-content\/uploads\/2026\/04\/Analyse-inorganique-et-bio-inorganique_front.jpg","datePublished":"2026-04-24T10:25:56+00:00","dateModified":"2026-04-27T10:51:31+00:00","description":"De la pr\u00e9paration des \u00e9chantillons aux m\u00e9thodes spectrom\u00e9triques avanc\u00e9es, Analyse inorganique et bio-inorganique propose un panorama des principales techniques d\u2019analyse \u00e9l\u00e9mentaire et sp\u00e9ciation, allant des approches conventionnelles aux plus r\u00e9centes.","breadcrumb":{"@id":"https:\/\/www.istegroup.com\/produit\/analyse-inorganique-et-bio-inorganique\/#breadcrumb"},"inLanguage":"en-US","potentialAction":[{"@type":"ReadAction","target":["https:\/\/www.istegroup.com\/produit\/analyse-inorganique-et-bio-inorganique\/"]}]},{"@type":"ImageObject","inLanguage":"en-US","@id":"https:\/\/www.istegroup.com\/produit\/analyse-inorganique-et-bio-inorganique\/#primaryimage","url":"https:\/\/www.istegroup.com\/wp-content\/uploads\/2026\/04\/Analyse-inorganique-et-bio-inorganique_front.jpg","contentUrl":"https:\/\/www.istegroup.com\/wp-content\/uploads\/2026\/04\/Analyse-inorganique-et-bio-inorganique_front.jpg","width":661,"height":996},{"@type":"BreadcrumbList","@id":"https:\/\/www.istegroup.com\/produit\/analyse-inorganique-et-bio-inorganique\/#breadcrumb","itemListElement":[{"@type":"ListItem","position":1,"name":"Home","item":"https:\/\/www.istegroup.com\/"},{"@type":"ListItem","position":2,"name":"Shop","item":"https:\/\/www.istegroup.com\/fr\/nouveautes\/"},{"@type":"ListItem","position":3,"name":"Analyse inorganique et bio-inorganique"}]},{"@type":"WebSite","@id":"https:\/\/www.istegroup.com\/#website","url":"https:\/\/www.istegroup.com\/","name":"ISTE Group","description":"Publishing Knowledge","potentialAction":[{"@type":"SearchAction","target":{"@type":"EntryPoint","urlTemplate":"https:\/\/www.istegroup.com\/?s={search_term_string}"},"query-input":{"@type":"PropertyValueSpecification","valueRequired":true,"valueName":"search_term_string"}}],"inLanguage":"en-US"}]}},"_links":{"self":[{"href":"https:\/\/www.istegroup.com\/en\/wp-json\/wp\/v2\/product\/63743","targetHints":{"allow":["GET"]}}],"collection":[{"href":"https:\/\/www.istegroup.com\/en\/wp-json\/wp\/v2\/product"}],"about":[{"href":"https:\/\/www.istegroup.com\/en\/wp-json\/wp\/v2\/types\/product"}],"wp:featuredmedia":[{"embeddable":true,"href":"https:\/\/www.istegroup.com\/en\/wp-json\/wp\/v2\/media\/63760"}],"wp:attachment":[{"href":"https:\/\/www.istegroup.com\/en\/wp-json\/wp\/v2\/media?parent=63743"}],"wp:term":[{"taxonomy":"product_brand","embeddable":true,"href":"https:\/\/www.istegroup.com\/en\/wp-json\/wp\/v2\/product_brand?post=63743"},{"taxonomy":"product_cat","embeddable":true,"href":"https:\/\/www.istegroup.com\/en\/wp-json\/wp\/v2\/product_cat?post=63743"},{"taxonomy":"product_tag","embeddable":true,"href":"https:\/\/www.istegroup.com\/en\/wp-json\/wp\/v2\/product_tag?post=63743"}],"curies":[{"name":"wp","href":"https:\/\/api.w.org\/{rel}","templated":true}]}}