{"id":636,"date":"2016-04-10T15:22:10","date_gmt":"2016-04-10T13:22:10","guid":{"rendered":"https:\/\/iste.yhello.co\/product\/thermodynamique-des-surfaces-et-des-systemes-capillaires\/"},"modified":"2024-01-03T13:41:07","modified_gmt":"2024-01-03T13:41:07","slug":"thermodynamique-des-surfaces-et-des-systemes-capillaires","status":"publish","type":"product","link":"https:\/\/www.istegroup.com\/en\/produit\/thermodynamique-des-surfaces-et-des-systemes-capillaires\/","title":{"rendered":"Thermodynamique des surfaces et des syst\u00e8mes capillaires"},"content":{"rendered":"<p>La s\u00e9rie\u00a0<em>Thermodynamique chimique approfondie<\/em>\u00a0pr\u00e9sente l\u2019ensemble des th\u00e8mes de la thermodynamique utiles \u00e0 la chimie, aux mat\u00e9riaux, \u00e0 l\u2019\u00e9lectrochimie, aux ph\u00e9nom\u00e8nes de surface et au g\u00e9nie des proc\u00e9d\u00e9s.<\/p>\n<p>Ce septi\u00e8me volume introduit en sept chapitres l\u2019ensemble des ph\u00e9nom\u00e8nes li\u00e9s aux surfaces. Dans les syst\u00e8mes capillaires, la surface tient une part importante et ses propri\u00e9t\u00e9s ne peuvent plus \u00eatre n\u00e9glig\u00e9es devant celles du volume. C\u2019est le cas des surfaces de liquide, des interfaces entre deux solutions, des gouttelettes liquides ou des nanosolides, des tubes capillaires et de tous les ph\u00e9nom\u00e8nes d\u2019adsorption des gaz par les solides.<\/p>\n<p>Cette intrusion de la thermodynamique dans l\u2019espace des nano-phases se fait par la d\u00e9finition et la mod\u00e9lisation de fonctions thermodynamiques sp\u00e9cifiques.<\/p>\n","protected":false},"excerpt":{"rendered":"<p>La s\u00e9rie\u00a0Thermodynamique chimique approfondie\u00a0pr\u00e9sente l\u2019ensemble des th\u00e8mes de la thermodynamique utiles \u00e0 la chimie, aux mat\u00e9riaux, \u00e0 l\u2019\u00e9lectrochimie, aux ph\u00e9nom\u00e8nes de surface et au g\u00e9nie des proc\u00e9d\u00e9s. Ce septi\u00e8me volume introduit en sept chapitres l\u2019ensemble des ph\u00e9nom\u00e8nes li\u00e9s aux surfaces. Dans les syst\u00e8mes capillaires, la surface tient une part importante et ses propri\u00e9t\u00e9s ne peuvent [&hellip;]<\/p>\n","protected":false},"featured_media":25231,"template":"","meta":{"_acf_changed":false,"_links_to":"","_links_to_target":""},"product_brand":[],"product_cat":[660,663,675,725],"product_tag":[1101,31,196,448,197,198,199,21,200,22,201,203,204,63,25,172,209,1228,324,2371,212,38,192,145,28,2372,455],"class_list":{"0":"post-636","1":"product","2":"type-product","3":"status-publish","4":"has-post-thumbnail","6":"product_cat-energie-12506414","7":"product_cat-gnie-des-procds-12506436","8":"product_cat-nouveauts-12519446","9":"product_cat-srie-thermodynamique-chimique-approfondie-42918276","10":"product_tag-chimie","11":"product_tag-ebook","12":"product_tag-ebooks","13":"product_tag-fonctions-thermodynamiques","14":"product_tag-iste","15":"product_tag-iste-edition","16":"product_tag-iste-editions","17":"product_tag-iste-group","18":"product_tag-isteedition","19":"product_tag-istegroup","20":"product_tag-kindle","21":"product_tag-liseuse","22":"product_tag-livre","23":"product_tag-livre-electronique","24":"product_tag-livre-numerique","25":"product_tag-livre-scientifique","26":"product_tag-livres-scientifiques","27":"product_tag-michel-soustelle","28":"product_tag-modelisation","29":"product_tag-nano-phases","30":"product_tag-ouvrage","31":"product_tag-ouvrage-numerique","32":"product_tag-ouvrage-science","33":"product_tag-ouvrage-scientifique","34":"product_tag-ouvrage-scientifique-francais","35":"product_tag-surfaces-de-liquide","36":"product_tag-thermodynamique","38":"first","39":"instock","40":"shipping-taxable","41":"purchasable","42":"product-type-variable"},"acf":[],"yoast_head":"<!-- This site is optimized with the Yoast SEO plugin v27.2 - https:\/\/yoast.com\/product\/yoast-seo-wordpress\/ -->\n<title>Thermodynamique des surfaces et des syst\u00e8mes capillaires - ISTE Group<\/title>\n<meta name=\"description\" content=\"Thermodynamique des surfaces et des syst\u00e8mes capillaires introduit en sept chapitres l\u2019ensemble des ph\u00e9nom\u00e8nes li\u00e9s aux surfaces.\" \/>\n<meta name=\"robots\" content=\"index, follow, max-snippet:-1, max-image-preview:large, max-video-preview:-1\" \/>\n<link rel=\"canonical\" href=\"https:\/\/www.istegroup.com\/en\/produit\/thermodynamique-des-surfaces-et-des-systemes-capillaires\/\" \/>\n<meta property=\"og:locale\" content=\"en_US\" \/>\n<meta property=\"og:type\" content=\"article\" \/>\n<meta property=\"og:title\" content=\"Thermodynamique des surfaces et des syst\u00e8mes capillaires - ISTE Group\" \/>\n<meta property=\"og:description\" content=\"Thermodynamique des surfaces et des syst\u00e8mes capillaires introduit en sept chapitres l\u2019ensemble des ph\u00e9nom\u00e8nes li\u00e9s aux surfaces.\" \/>\n<meta property=\"og:url\" content=\"https:\/\/www.istegroup.com\/en\/produit\/thermodynamique-des-surfaces-et-des-systemes-capillaires\/\" \/>\n<meta property=\"og:site_name\" content=\"ISTE Group\" \/>\n<meta property=\"article:modified_time\" content=\"2024-01-03T13:41:07+00:00\" \/>\n<meta property=\"og:image\" content=\"https:\/\/www.istegroup.com\/wp-content\/uploads\/2020\/03\/Thermodynamique-des-surfaces-et-des-syst\u00e8mes-capillaires.jpg\" \/>\n\t<meta property=\"og:image:width\" content=\"607\" \/>\n\t<meta property=\"og:image:height\" content=\"912\" \/>\n\t<meta property=\"og:image:type\" content=\"image\/jpeg\" \/>\n<meta name=\"twitter:card\" content=\"summary_large_image\" \/>\n<meta name=\"twitter:label1\" content=\"Est. reading time\" \/>\n\t<meta name=\"twitter:data1\" content=\"1 minute\" \/>\n<script type=\"application\/ld+json\" class=\"yoast-schema-graph\">{\"@context\":\"https:\/\/schema.org\",\"@graph\":[{\"@type\":\"WebPage\",\"@id\":\"https:\/\/www.istegroup.com\/en\/produit\/thermodynamique-des-surfaces-et-des-systemes-capillaires\/\",\"url\":\"https:\/\/www.istegroup.com\/en\/produit\/thermodynamique-des-surfaces-et-des-systemes-capillaires\/\",\"name\":\"Thermodynamique des surfaces et des syst\u00e8mes capillaires - ISTE Group\",\"isPartOf\":{\"@id\":\"https:\/\/www.istegroup.com\/#website\"},\"primaryImageOfPage\":{\"@id\":\"https:\/\/www.istegroup.com\/en\/produit\/thermodynamique-des-surfaces-et-des-systemes-capillaires\/#primaryimage\"},\"image\":{\"@id\":\"https:\/\/www.istegroup.com\/en\/produit\/thermodynamique-des-surfaces-et-des-systemes-capillaires\/#primaryimage\"},\"thumbnailUrl\":\"https:\/\/www.istegroup.com\/wp-content\/uploads\/2020\/03\/Thermodynamique-des-surfaces-et-des-syst\u00e8mes-capillaires.jpg\",\"datePublished\":\"2016-04-10T13:22:10+00:00\",\"dateModified\":\"2024-01-03T13:41:07+00:00\",\"description\":\"Thermodynamique des surfaces et des syst\u00e8mes capillaires introduit en sept chapitres l\u2019ensemble des ph\u00e9nom\u00e8nes li\u00e9s aux surfaces.\",\"breadcrumb\":{\"@id\":\"https:\/\/www.istegroup.com\/en\/produit\/thermodynamique-des-surfaces-et-des-systemes-capillaires\/#breadcrumb\"},\"inLanguage\":\"en-US\",\"potentialAction\":[{\"@type\":\"ReadAction\",\"target\":[\"https:\/\/www.istegroup.com\/en\/produit\/thermodynamique-des-surfaces-et-des-systemes-capillaires\/\"]}]},{\"@type\":\"ImageObject\",\"inLanguage\":\"en-US\",\"@id\":\"https:\/\/www.istegroup.com\/en\/produit\/thermodynamique-des-surfaces-et-des-systemes-capillaires\/#primaryimage\",\"url\":\"https:\/\/www.istegroup.com\/wp-content\/uploads\/2020\/03\/Thermodynamique-des-surfaces-et-des-syst\u00e8mes-capillaires.jpg\",\"contentUrl\":\"https:\/\/www.istegroup.com\/wp-content\/uploads\/2020\/03\/Thermodynamique-des-surfaces-et-des-syst\u00e8mes-capillaires.jpg\",\"width\":607,\"height\":912,\"caption\":\"Livre scientifique - Thermodynamique des surfaces et des syst\u00e8mes capillaires - Michel Soustelle\"},{\"@type\":\"BreadcrumbList\",\"@id\":\"https:\/\/www.istegroup.com\/en\/produit\/thermodynamique-des-surfaces-et-des-systemes-capillaires\/#breadcrumb\",\"itemListElement\":[{\"@type\":\"ListItem\",\"position\":1,\"name\":\"Home\",\"item\":\"https:\/\/www.istegroup.com\/\"},{\"@type\":\"ListItem\",\"position\":2,\"name\":\"Shop\",\"item\":\"https:\/\/www.istegroup.com\/fr\/nouveautes\/\"},{\"@type\":\"ListItem\",\"position\":3,\"name\":\"Thermodynamique des surfaces et des syst\u00e8mes capillaires\"}]},{\"@type\":\"WebSite\",\"@id\":\"https:\/\/www.istegroup.com\/#website\",\"url\":\"https:\/\/www.istegroup.com\/\",\"name\":\"ISTE Group\",\"description\":\"Publishing Knowledge\",\"potentialAction\":[{\"@type\":\"SearchAction\",\"target\":{\"@type\":\"EntryPoint\",\"urlTemplate\":\"https:\/\/www.istegroup.com\/?s={search_term_string}\"},\"query-input\":{\"@type\":\"PropertyValueSpecification\",\"valueRequired\":true,\"valueName\":\"search_term_string\"}}],\"inLanguage\":\"en-US\"}]}<\/script>\n<!-- \/ Yoast SEO plugin. -->","yoast_head_json":{"title":"Thermodynamique des surfaces et des syst\u00e8mes capillaires - ISTE Group","description":"Thermodynamique des surfaces et des syst\u00e8mes capillaires introduit en sept chapitres l\u2019ensemble des ph\u00e9nom\u00e8nes li\u00e9s aux surfaces.","robots":{"index":"index","follow":"follow","max-snippet":"max-snippet:-1","max-image-preview":"max-image-preview:large","max-video-preview":"max-video-preview:-1"},"canonical":"https:\/\/www.istegroup.com\/en\/produit\/thermodynamique-des-surfaces-et-des-systemes-capillaires\/","og_locale":"en_US","og_type":"article","og_title":"Thermodynamique des surfaces et des syst\u00e8mes capillaires - ISTE Group","og_description":"Thermodynamique des surfaces et des syst\u00e8mes capillaires introduit en sept chapitres l\u2019ensemble des ph\u00e9nom\u00e8nes li\u00e9s aux surfaces.","og_url":"https:\/\/www.istegroup.com\/en\/produit\/thermodynamique-des-surfaces-et-des-systemes-capillaires\/","og_site_name":"ISTE Group","article_modified_time":"2024-01-03T13:41:07+00:00","og_image":[{"width":607,"height":912,"url":"https:\/\/www.istegroup.com\/wp-content\/uploads\/2020\/03\/Thermodynamique-des-surfaces-et-des-syst\u00e8mes-capillaires.jpg","type":"image\/jpeg"}],"twitter_card":"summary_large_image","twitter_misc":{"Est. reading time":"1 minute"},"schema":{"@context":"https:\/\/schema.org","@graph":[{"@type":"WebPage","@id":"https:\/\/www.istegroup.com\/en\/produit\/thermodynamique-des-surfaces-et-des-systemes-capillaires\/","url":"https:\/\/www.istegroup.com\/en\/produit\/thermodynamique-des-surfaces-et-des-systemes-capillaires\/","name":"Thermodynamique des surfaces et des syst\u00e8mes capillaires - ISTE Group","isPartOf":{"@id":"https:\/\/www.istegroup.com\/#website"},"primaryImageOfPage":{"@id":"https:\/\/www.istegroup.com\/en\/produit\/thermodynamique-des-surfaces-et-des-systemes-capillaires\/#primaryimage"},"image":{"@id":"https:\/\/www.istegroup.com\/en\/produit\/thermodynamique-des-surfaces-et-des-systemes-capillaires\/#primaryimage"},"thumbnailUrl":"https:\/\/www.istegroup.com\/wp-content\/uploads\/2020\/03\/Thermodynamique-des-surfaces-et-des-syst\u00e8mes-capillaires.jpg","datePublished":"2016-04-10T13:22:10+00:00","dateModified":"2024-01-03T13:41:07+00:00","description":"Thermodynamique des surfaces et des syst\u00e8mes capillaires introduit en sept chapitres l\u2019ensemble des ph\u00e9nom\u00e8nes li\u00e9s aux surfaces.","breadcrumb":{"@id":"https:\/\/www.istegroup.com\/en\/produit\/thermodynamique-des-surfaces-et-des-systemes-capillaires\/#breadcrumb"},"inLanguage":"en-US","potentialAction":[{"@type":"ReadAction","target":["https:\/\/www.istegroup.com\/en\/produit\/thermodynamique-des-surfaces-et-des-systemes-capillaires\/"]}]},{"@type":"ImageObject","inLanguage":"en-US","@id":"https:\/\/www.istegroup.com\/en\/produit\/thermodynamique-des-surfaces-et-des-systemes-capillaires\/#primaryimage","url":"https:\/\/www.istegroup.com\/wp-content\/uploads\/2020\/03\/Thermodynamique-des-surfaces-et-des-syst\u00e8mes-capillaires.jpg","contentUrl":"https:\/\/www.istegroup.com\/wp-content\/uploads\/2020\/03\/Thermodynamique-des-surfaces-et-des-syst\u00e8mes-capillaires.jpg","width":607,"height":912,"caption":"Livre scientifique - Thermodynamique des surfaces et des syst\u00e8mes capillaires - Michel Soustelle"},{"@type":"BreadcrumbList","@id":"https:\/\/www.istegroup.com\/en\/produit\/thermodynamique-des-surfaces-et-des-systemes-capillaires\/#breadcrumb","itemListElement":[{"@type":"ListItem","position":1,"name":"Home","item":"https:\/\/www.istegroup.com\/"},{"@type":"ListItem","position":2,"name":"Shop","item":"https:\/\/www.istegroup.com\/fr\/nouveautes\/"},{"@type":"ListItem","position":3,"name":"Thermodynamique des surfaces et des syst\u00e8mes capillaires"}]},{"@type":"WebSite","@id":"https:\/\/www.istegroup.com\/#website","url":"https:\/\/www.istegroup.com\/","name":"ISTE Group","description":"Publishing Knowledge","potentialAction":[{"@type":"SearchAction","target":{"@type":"EntryPoint","urlTemplate":"https:\/\/www.istegroup.com\/?s={search_term_string}"},"query-input":{"@type":"PropertyValueSpecification","valueRequired":true,"valueName":"search_term_string"}}],"inLanguage":"en-US"}]}},"_links":{"self":[{"href":"https:\/\/www.istegroup.com\/en\/wp-json\/wp\/v2\/product\/636","targetHints":{"allow":["GET"]}}],"collection":[{"href":"https:\/\/www.istegroup.com\/en\/wp-json\/wp\/v2\/product"}],"about":[{"href":"https:\/\/www.istegroup.com\/en\/wp-json\/wp\/v2\/types\/product"}],"wp:featuredmedia":[{"embeddable":true,"href":"https:\/\/www.istegroup.com\/en\/wp-json\/wp\/v2\/media\/25231"}],"wp:attachment":[{"href":"https:\/\/www.istegroup.com\/en\/wp-json\/wp\/v2\/media?parent=636"}],"wp:term":[{"taxonomy":"product_brand","embeddable":true,"href":"https:\/\/www.istegroup.com\/en\/wp-json\/wp\/v2\/product_brand?post=636"},{"taxonomy":"product_cat","embeddable":true,"href":"https:\/\/www.istegroup.com\/en\/wp-json\/wp\/v2\/product_cat?post=636"},{"taxonomy":"product_tag","embeddable":true,"href":"https:\/\/www.istegroup.com\/en\/wp-json\/wp\/v2\/product_tag?post=636"}],"curies":[{"name":"wp","href":"https:\/\/api.w.org\/{rel}","templated":true}]}}