{"id":63228,"date":"2026-03-05T09:29:00","date_gmt":"2026-03-05T09:29:00","guid":{"rendered":"https:\/\/www.istegroup.com\/?post_type=product&#038;p=63228"},"modified":"2026-03-06T15:02:03","modified_gmt":"2026-03-06T15:02:03","slug":"les-actionneurs-aeronautiques-1-2e-edition","status":"publish","type":"product","link":"https:\/\/www.istegroup.com\/en\/produit\/les-actionneurs-aeronautiques-1-2e-edition\/","title":{"rendered":"Les actionneurs a\u00e9ronautiques 1 &#8211; 2e \u00e9dition"},"content":{"rendered":"<p>Cette s\u00e9rie de trois ouvrages traite des actionneurs a\u00e9ronautiques selon une vision syst\u00e8me centr\u00e9e sur les besoins et les architectures. Au-del\u00e0 des concepts et de leur mise en oeuvre, l\u2019accent est mis sur les imperfections technologiques, la fiabilit\u00e9 et les ordres de grandeur num\u00e9riques.<\/p>\n<p><em>Actionneurs a\u00e9ronautiques 1<\/em>, revu et augment\u00e9 introduit les consid\u00e9rations g\u00e9n\u00e9rales concernant les besoins, les contraintes r\u00e9glementaires, les applications et la fiabilit\u00e9. Il aborde ensuite les actionneurs \u00e0 source de puissance hydraulique, en passant successivement en revue les concepts g\u00e9n\u00e9raux, la fonction de vecteur d\u2019\u00e9nergie assur\u00e9e par le fluide hydraulique et son conditionnement, les fonctions de transformation, de dosage et de gestion de la puissance, ainsi que l\u2019int\u00e9gration de ces syst\u00e8mes hydrauliques. Les exemples portent sur les commandes de vol, les atterrisseurs et les moteurs des avions, des h\u00e9licopt\u00e8res et des lanceurs, pour des applications commerciales, civiles ou militaires.<\/p>\n<p>Cette seconde \u00e9dition comporte de nombreux compl\u00e9ments, ainsi que de nouveaux exemples, illustrations, ordres de grandeurs et r\u00e9f\u00e9rences.<\/p>\n","protected":false},"excerpt":{"rendered":"<p>Cette s\u00e9rie de trois ouvrages traite des actionneurs a\u00e9ronautiques selon une vision syst\u00e8me centr\u00e9e sur les besoins et les architectures. Au-del\u00e0 des concepts et de leur mise en oeuvre, l\u2019accent est mis sur les imperfections technologiques, la fiabilit\u00e9 et les ordres de grandeur num\u00e9riques. Actionneurs a\u00e9ronautiques 1, revu et augment\u00e9 introduit les consid\u00e9rations g\u00e9n\u00e9rales concernant [&hellip;]<\/p>\n","protected":false},"featured_media":63234,"template":"","meta":{"_acf_changed":false,"_links_to":"","_links_to_target":""},"product_brand":[],"product_cat":[675,708],"product_tag":[1671,1672,1674,1675,1673,31,196,299,1676,1677,1678,197,198,199,21,200,22,46,201,1679,203,204,63,25,172,209,161,212,38,192,145,28,1159,1680,1681,253,262],"class_list":{"0":"post-63228","1":"product","2":"type-product","3":"status-publish","4":"has-post-thumbnail","6":"product_cat-nouveauts-12519446","7":"product_cat-systmes-et-gnie-industriel-11476925","8":"product_tag-actionneurs","9":"product_tag-actionneurs-aeronautiques","10":"product_tag-aeronautique","11":"product_tag-aeronautiques","12":"product_tag-architecture","13":"product_tag-ebook","14":"product_tag-ebooks","15":"product_tag-fluides","16":"product_tag-hydraulique","17":"product_tag-hydromecanique","18":"product_tag-integration-geometrique","19":"product_tag-iste","20":"product_tag-iste-edition","21":"product_tag-iste-editions","22":"product_tag-iste-group","23":"product_tag-isteedition","24":"product_tag-istegroup","25":"product_tag-jean-charles-mare","26":"product_tag-kindle","27":"product_tag-les-actionneurs-aeronautiques","28":"product_tag-liseuse","29":"product_tag-livre","30":"product_tag-livre-electronique","31":"product_tag-livre-numerique","32":"product_tag-livre-scientifique","33":"product_tag-livres-scientifiques","34":"product_tag-mecanique","35":"product_tag-ouvrage","36":"product_tag-ouvrage-numerique","37":"product_tag-ouvrage-science","38":"product_tag-ouvrage-scientifique","39":"product_tag-ouvrage-scientifique-francais","40":"product_tag-puissance","41":"product_tag-systeme","42":"product_tag-systemes-hydrauliques","43":"product_tag-technologie","44":"product_tag-technologies","46":"first","47":"instock","48":"shipping-taxable","49":"purchasable","50":"product-type-variable"},"acf":[],"yoast_head":"<!-- This site is optimized with the Yoast SEO plugin v27.2 - https:\/\/yoast.com\/product\/yoast-seo-wordpress\/ -->\n<title>Les actionneurs a\u00e9ronautiques 1 - 2e \u00e9dition - ISTE Group<\/title>\n<meta name=\"description\" content=\"Actionneurs a\u00e9ronautiques 1, revu et augment\u00e9 introduit les consid\u00e9rations g\u00e9n\u00e9rales concernant les besoins, les contraintes r\u00e9glementaires, les applications et la fiabilit\u00e9.\" \/>\n<meta name=\"robots\" content=\"index, follow, max-snippet:-1, max-image-preview:large, max-video-preview:-1\" \/>\n<link rel=\"canonical\" href=\"https:\/\/www.istegroup.com\/produit\/les-actionneurs-aeronautiques-1-2e-edition\/\" \/>\n<meta property=\"og:locale\" content=\"en_US\" \/>\n<meta property=\"og:type\" content=\"article\" \/>\n<meta property=\"og:title\" content=\"Les actionneurs a\u00e9ronautiques 1 - 2e \u00e9dition - ISTE Group\" \/>\n<meta property=\"og:description\" content=\"Actionneurs a\u00e9ronautiques 1, revu et augment\u00e9 introduit les consid\u00e9rations g\u00e9n\u00e9rales concernant les besoins, les contraintes r\u00e9glementaires, les applications et la fiabilit\u00e9.\" \/>\n<meta property=\"og:url\" content=\"https:\/\/www.istegroup.com\/produit\/les-actionneurs-aeronautiques-1-2e-edition\/\" \/>\n<meta property=\"og:site_name\" content=\"ISTE Group\" \/>\n<meta property=\"article:modified_time\" content=\"2026-03-06T15:02:03+00:00\" \/>\n<meta property=\"og:image\" content=\"https:\/\/www.istegroup.com\/wp-content\/uploads\/2026\/03\/Les-actionneurs-aeronautiques-1_front.png\" \/>\n\t<meta property=\"og:image:width\" content=\"592\" \/>\n\t<meta property=\"og:image:height\" content=\"890\" \/>\n\t<meta property=\"og:image:type\" content=\"image\/png\" \/>\n<meta name=\"twitter:card\" content=\"summary_large_image\" \/>\n<meta name=\"twitter:label1\" content=\"Est. reading time\" \/>\n\t<meta name=\"twitter:data1\" content=\"2 minutes\" \/>\n<script type=\"application\/ld+json\" class=\"yoast-schema-graph\">{\"@context\":\"https:\/\/schema.org\",\"@graph\":[{\"@type\":\"WebPage\",\"@id\":\"https:\/\/www.istegroup.com\/produit\/les-actionneurs-aeronautiques-1-2e-edition\/\",\"url\":\"https:\/\/www.istegroup.com\/produit\/les-actionneurs-aeronautiques-1-2e-edition\/\",\"name\":\"Les actionneurs a\u00e9ronautiques 1 - 2e \u00e9dition - ISTE Group\",\"isPartOf\":{\"@id\":\"https:\/\/www.istegroup.com\/#website\"},\"primaryImageOfPage\":{\"@id\":\"https:\/\/www.istegroup.com\/produit\/les-actionneurs-aeronautiques-1-2e-edition\/#primaryimage\"},\"image\":{\"@id\":\"https:\/\/www.istegroup.com\/produit\/les-actionneurs-aeronautiques-1-2e-edition\/#primaryimage\"},\"thumbnailUrl\":\"https:\/\/www.istegroup.com\/wp-content\/uploads\/2026\/03\/Les-actionneurs-aeronautiques-1_front.png\",\"datePublished\":\"2026-03-05T09:29:00+00:00\",\"dateModified\":\"2026-03-06T15:02:03+00:00\",\"description\":\"Actionneurs a\u00e9ronautiques 1, revu et augment\u00e9 introduit les consid\u00e9rations g\u00e9n\u00e9rales concernant les besoins, les contraintes r\u00e9glementaires, les applications et la fiabilit\u00e9.\",\"breadcrumb\":{\"@id\":\"https:\/\/www.istegroup.com\/produit\/les-actionneurs-aeronautiques-1-2e-edition\/#breadcrumb\"},\"inLanguage\":\"en-US\",\"potentialAction\":[{\"@type\":\"ReadAction\",\"target\":[\"https:\/\/www.istegroup.com\/produit\/les-actionneurs-aeronautiques-1-2e-edition\/\"]}]},{\"@type\":\"ImageObject\",\"inLanguage\":\"en-US\",\"@id\":\"https:\/\/www.istegroup.com\/produit\/les-actionneurs-aeronautiques-1-2e-edition\/#primaryimage\",\"url\":\"https:\/\/www.istegroup.com\/wp-content\/uploads\/2026\/03\/Les-actionneurs-aeronautiques-1_front.png\",\"contentUrl\":\"https:\/\/www.istegroup.com\/wp-content\/uploads\/2026\/03\/Les-actionneurs-aeronautiques-1_front.png\",\"width\":592,\"height\":890},{\"@type\":\"BreadcrumbList\",\"@id\":\"https:\/\/www.istegroup.com\/produit\/les-actionneurs-aeronautiques-1-2e-edition\/#breadcrumb\",\"itemListElement\":[{\"@type\":\"ListItem\",\"position\":1,\"name\":\"Home\",\"item\":\"https:\/\/www.istegroup.com\/\"},{\"@type\":\"ListItem\",\"position\":2,\"name\":\"Shop\",\"item\":\"https:\/\/www.istegroup.com\/fr\/nouveautes\/\"},{\"@type\":\"ListItem\",\"position\":3,\"name\":\"Les actionneurs a\u00e9ronautiques 1 &#8211; 2e \u00e9dition\"}]},{\"@type\":\"WebSite\",\"@id\":\"https:\/\/www.istegroup.com\/#website\",\"url\":\"https:\/\/www.istegroup.com\/\",\"name\":\"ISTE Group\",\"description\":\"Publishing Knowledge\",\"potentialAction\":[{\"@type\":\"SearchAction\",\"target\":{\"@type\":\"EntryPoint\",\"urlTemplate\":\"https:\/\/www.istegroup.com\/?s={search_term_string}\"},\"query-input\":{\"@type\":\"PropertyValueSpecification\",\"valueRequired\":true,\"valueName\":\"search_term_string\"}}],\"inLanguage\":\"en-US\"}]}<\/script>\n<!-- \/ Yoast SEO plugin. -->","yoast_head_json":{"title":"Les actionneurs a\u00e9ronautiques 1 - 2e \u00e9dition - ISTE Group","description":"Actionneurs a\u00e9ronautiques 1, revu et augment\u00e9 introduit les consid\u00e9rations g\u00e9n\u00e9rales concernant les besoins, les contraintes r\u00e9glementaires, les applications et la fiabilit\u00e9.","robots":{"index":"index","follow":"follow","max-snippet":"max-snippet:-1","max-image-preview":"max-image-preview:large","max-video-preview":"max-video-preview:-1"},"canonical":"https:\/\/www.istegroup.com\/produit\/les-actionneurs-aeronautiques-1-2e-edition\/","og_locale":"en_US","og_type":"article","og_title":"Les actionneurs a\u00e9ronautiques 1 - 2e \u00e9dition - ISTE Group","og_description":"Actionneurs a\u00e9ronautiques 1, revu et augment\u00e9 introduit les consid\u00e9rations g\u00e9n\u00e9rales concernant les besoins, les contraintes r\u00e9glementaires, les applications et la fiabilit\u00e9.","og_url":"https:\/\/www.istegroup.com\/produit\/les-actionneurs-aeronautiques-1-2e-edition\/","og_site_name":"ISTE Group","article_modified_time":"2026-03-06T15:02:03+00:00","og_image":[{"width":592,"height":890,"url":"https:\/\/www.istegroup.com\/wp-content\/uploads\/2026\/03\/Les-actionneurs-aeronautiques-1_front.png","type":"image\/png"}],"twitter_card":"summary_large_image","twitter_misc":{"Est. reading time":"2 minutes"},"schema":{"@context":"https:\/\/schema.org","@graph":[{"@type":"WebPage","@id":"https:\/\/www.istegroup.com\/produit\/les-actionneurs-aeronautiques-1-2e-edition\/","url":"https:\/\/www.istegroup.com\/produit\/les-actionneurs-aeronautiques-1-2e-edition\/","name":"Les actionneurs a\u00e9ronautiques 1 - 2e \u00e9dition - ISTE Group","isPartOf":{"@id":"https:\/\/www.istegroup.com\/#website"},"primaryImageOfPage":{"@id":"https:\/\/www.istegroup.com\/produit\/les-actionneurs-aeronautiques-1-2e-edition\/#primaryimage"},"image":{"@id":"https:\/\/www.istegroup.com\/produit\/les-actionneurs-aeronautiques-1-2e-edition\/#primaryimage"},"thumbnailUrl":"https:\/\/www.istegroup.com\/wp-content\/uploads\/2026\/03\/Les-actionneurs-aeronautiques-1_front.png","datePublished":"2026-03-05T09:29:00+00:00","dateModified":"2026-03-06T15:02:03+00:00","description":"Actionneurs a\u00e9ronautiques 1, revu et augment\u00e9 introduit les consid\u00e9rations g\u00e9n\u00e9rales concernant les besoins, les contraintes r\u00e9glementaires, les applications et la fiabilit\u00e9.","breadcrumb":{"@id":"https:\/\/www.istegroup.com\/produit\/les-actionneurs-aeronautiques-1-2e-edition\/#breadcrumb"},"inLanguage":"en-US","potentialAction":[{"@type":"ReadAction","target":["https:\/\/www.istegroup.com\/produit\/les-actionneurs-aeronautiques-1-2e-edition\/"]}]},{"@type":"ImageObject","inLanguage":"en-US","@id":"https:\/\/www.istegroup.com\/produit\/les-actionneurs-aeronautiques-1-2e-edition\/#primaryimage","url":"https:\/\/www.istegroup.com\/wp-content\/uploads\/2026\/03\/Les-actionneurs-aeronautiques-1_front.png","contentUrl":"https:\/\/www.istegroup.com\/wp-content\/uploads\/2026\/03\/Les-actionneurs-aeronautiques-1_front.png","width":592,"height":890},{"@type":"BreadcrumbList","@id":"https:\/\/www.istegroup.com\/produit\/les-actionneurs-aeronautiques-1-2e-edition\/#breadcrumb","itemListElement":[{"@type":"ListItem","position":1,"name":"Home","item":"https:\/\/www.istegroup.com\/"},{"@type":"ListItem","position":2,"name":"Shop","item":"https:\/\/www.istegroup.com\/fr\/nouveautes\/"},{"@type":"ListItem","position":3,"name":"Les actionneurs a\u00e9ronautiques 1 &#8211; 2e \u00e9dition"}]},{"@type":"WebSite","@id":"https:\/\/www.istegroup.com\/#website","url":"https:\/\/www.istegroup.com\/","name":"ISTE Group","description":"Publishing Knowledge","potentialAction":[{"@type":"SearchAction","target":{"@type":"EntryPoint","urlTemplate":"https:\/\/www.istegroup.com\/?s={search_term_string}"},"query-input":{"@type":"PropertyValueSpecification","valueRequired":true,"valueName":"search_term_string"}}],"inLanguage":"en-US"}]}},"_links":{"self":[{"href":"https:\/\/www.istegroup.com\/en\/wp-json\/wp\/v2\/product\/63228","targetHints":{"allow":["GET"]}}],"collection":[{"href":"https:\/\/www.istegroup.com\/en\/wp-json\/wp\/v2\/product"}],"about":[{"href":"https:\/\/www.istegroup.com\/en\/wp-json\/wp\/v2\/types\/product"}],"wp:featuredmedia":[{"embeddable":true,"href":"https:\/\/www.istegroup.com\/en\/wp-json\/wp\/v2\/media\/63234"}],"wp:attachment":[{"href":"https:\/\/www.istegroup.com\/en\/wp-json\/wp\/v2\/media?parent=63228"}],"wp:term":[{"taxonomy":"product_brand","embeddable":true,"href":"https:\/\/www.istegroup.com\/en\/wp-json\/wp\/v2\/product_brand?post=63228"},{"taxonomy":"product_cat","embeddable":true,"href":"https:\/\/www.istegroup.com\/en\/wp-json\/wp\/v2\/product_cat?post=63228"},{"taxonomy":"product_tag","embeddable":true,"href":"https:\/\/www.istegroup.com\/en\/wp-json\/wp\/v2\/product_tag?post=63228"}],"curies":[{"name":"wp","href":"https:\/\/api.w.org\/{rel}","templated":true}]}}