{"id":63220,"date":"2026-03-05T09:13:21","date_gmt":"2026-03-05T09:13:21","guid":{"rendered":"https:\/\/www.istegroup.com\/?post_type=product&#038;p=63220"},"modified":"2026-03-06T15:01:54","modified_gmt":"2026-03-06T15:01:54","slug":"la-memorisation-dans-les-ordinateurs-3","status":"publish","type":"product","link":"https:\/\/www.istegroup.com\/en\/produit\/la-memorisation-dans-les-ordinateurs-3\/","title":{"rendered":"La m\u00e9morisation dans les ordinateurs 3"},"content":{"rendered":"<p>La m\u00e9morisation, seconde fonction de l\u2019ordinateur, s\u2019est progressivement complexifi\u00e9e pour r\u00e9pondre \u00e0 des besoins croissants en capacit\u00e9, rapidit\u00e9, s\u00e9curit\u00e9 et efficacit\u00e9 \u00e9nerg\u00e9tique. Elle se mat\u00e9rialise sous la forme d\u2019un composant ou d\u2019un syst\u00e8me comme un sous-ensemble de m\u00e9moires ou un p\u00e9riph\u00e9rique de m\u00e9moire de masse. Depuis plusieurs d\u00e9cennies, une tendance forte consiste \u00e0 l\u2019int\u00e9grer avec le processeur, sous le terme de m\u00e9moire embarqu\u00e9e, dont la m\u00e9moire cache constitue un exemple typique. Comprendre ses m\u00e9canismes internes et son interfa\u00e7age est essentiel pour ma\u00eetriser le fonctionnement d\u2019un ordinateur et le programmer.<\/p>\n<p><em>La m\u00e9morisation dans les ordinateurs 3<\/em> s\u2019int\u00e9resse \u00e0 la m\u00e9moire vive dynamique asynchrone. Il \u00e9tudie sa cellule de m\u00e9morisation, puis l\u2019organisation interne d\u2019une m\u00e9moire g\u00e9n\u00e9rique, avant de s\u2019int\u00e9resser en d\u00e9tail au composant associ\u00e9 d\u00e9sign\u00e9 sous l\u2019acronyme DRAM (<em>Dynamic Random Access Memory<\/em>). L\u2019ouvrage pr\u00e9sente \u00e9galement les diff\u00e9rents modes d\u2019acc\u00e8s et les approches avanc\u00e9es comme la m\u00e9moire embarqu\u00e9e et les cellules 3D et sans capacit\u00e9.<\/p>\n","protected":false},"excerpt":{"rendered":"<p>La m\u00e9morisation, seconde fonction de l\u2019ordinateur, s\u2019est progressivement complexifi\u00e9e pour r\u00e9pondre \u00e0 des besoins croissants en capacit\u00e9, rapidit\u00e9, s\u00e9curit\u00e9 et efficacit\u00e9 \u00e9nerg\u00e9tique. Elle se mat\u00e9rialise sous la forme d\u2019un composant ou d\u2019un syst\u00e8me comme un sous-ensemble de m\u00e9moires ou un p\u00e9riph\u00e9rique de m\u00e9moire de masse. Depuis plusieurs d\u00e9cennies, une tendance forte consiste \u00e0 l\u2019int\u00e9grer avec [&hellip;]<\/p>\n","protected":false},"featured_media":63227,"template":"","meta":{"_acf_changed":false,"_links_to":"","_links_to_target":""},"product_brand":[],"product_cat":[667],"product_tag":[],"class_list":{"0":"post-63220","1":"product","2":"type-product","3":"status-publish","4":"has-post-thumbnail","6":"product_cat-informatique-12506482","8":"first","9":"instock","10":"shipping-taxable","11":"purchasable","12":"product-type-variable"},"acf":[],"yoast_head":"<!-- This site is optimized with the Yoast SEO plugin v27.2 - https:\/\/yoast.com\/product\/yoast-seo-wordpress\/ -->\n<title>La m\u00e9morisation dans les ordinateurs 3 - ISTE Group<\/title>\n<meta name=\"description\" content=\"La m\u00e9morisation dans les ordinateurs 3 s\u2019int\u00e9resse \u00e0 la m\u00e9moire vive dynamique asynchrone. Il \u00e9tudie sa cellule de m\u00e9morisation, puis l\u2019organisation interne d\u2019une m\u00e9moire g\u00e9n\u00e9rique, avant de s\u2019int\u00e9resser en d\u00e9tail au composant associ\u00e9 d\u00e9sign\u00e9 sous l\u2019acronyme DRAM (Dynamic Random Access Memory).\" \/>\n<meta name=\"robots\" content=\"index, follow, max-snippet:-1, max-image-preview:large, max-video-preview:-1\" \/>\n<link rel=\"canonical\" href=\"https:\/\/www.istegroup.com\/produit\/la-memorisation-dans-les-ordinateurs-3\/\" \/>\n<meta property=\"og:locale\" content=\"en_US\" \/>\n<meta property=\"og:type\" content=\"article\" \/>\n<meta property=\"og:title\" content=\"La m\u00e9morisation dans les ordinateurs 3 - ISTE Group\" \/>\n<meta property=\"og:description\" content=\"La m\u00e9morisation dans les ordinateurs 3 s\u2019int\u00e9resse \u00e0 la m\u00e9moire vive dynamique asynchrone. Il \u00e9tudie sa cellule de m\u00e9morisation, puis l\u2019organisation interne d\u2019une m\u00e9moire g\u00e9n\u00e9rique, avant de s\u2019int\u00e9resser en d\u00e9tail au composant associ\u00e9 d\u00e9sign\u00e9 sous l\u2019acronyme DRAM (Dynamic Random Access Memory).\" \/>\n<meta property=\"og:url\" content=\"https:\/\/www.istegroup.com\/produit\/la-memorisation-dans-les-ordinateurs-3\/\" \/>\n<meta property=\"og:site_name\" content=\"ISTE Group\" \/>\n<meta property=\"article:modified_time\" content=\"2026-03-06T15:01:54+00:00\" \/>\n<meta property=\"og:image\" content=\"https:\/\/www.istegroup.com\/wp-content\/uploads\/2026\/03\/La-memorisation-dans-les-ordinateurs-3_front.png\" \/>\n\t<meta property=\"og:image:width\" content=\"590\" \/>\n\t<meta property=\"og:image:height\" content=\"889\" \/>\n\t<meta property=\"og:image:type\" content=\"image\/png\" \/>\n<meta name=\"twitter:card\" content=\"summary_large_image\" \/>\n<meta name=\"twitter:label1\" content=\"Est. reading time\" \/>\n\t<meta name=\"twitter:data1\" content=\"1 minute\" \/>\n<script type=\"application\/ld+json\" class=\"yoast-schema-graph\">{\"@context\":\"https:\/\/schema.org\",\"@graph\":[{\"@type\":\"WebPage\",\"@id\":\"https:\/\/www.istegroup.com\/produit\/la-memorisation-dans-les-ordinateurs-3\/\",\"url\":\"https:\/\/www.istegroup.com\/produit\/la-memorisation-dans-les-ordinateurs-3\/\",\"name\":\"La m\u00e9morisation dans les ordinateurs 3 - ISTE Group\",\"isPartOf\":{\"@id\":\"https:\/\/www.istegroup.com\/#website\"},\"primaryImageOfPage\":{\"@id\":\"https:\/\/www.istegroup.com\/produit\/la-memorisation-dans-les-ordinateurs-3\/#primaryimage\"},\"image\":{\"@id\":\"https:\/\/www.istegroup.com\/produit\/la-memorisation-dans-les-ordinateurs-3\/#primaryimage\"},\"thumbnailUrl\":\"https:\/\/www.istegroup.com\/wp-content\/uploads\/2026\/03\/La-memorisation-dans-les-ordinateurs-3_front.png\",\"datePublished\":\"2026-03-05T09:13:21+00:00\",\"dateModified\":\"2026-03-06T15:01:54+00:00\",\"description\":\"La m\u00e9morisation dans les ordinateurs 3 s\u2019int\u00e9resse \u00e0 la m\u00e9moire vive dynamique asynchrone. Il \u00e9tudie sa cellule de m\u00e9morisation, puis l\u2019organisation interne d\u2019une m\u00e9moire g\u00e9n\u00e9rique, avant de s\u2019int\u00e9resser en d\u00e9tail au composant associ\u00e9 d\u00e9sign\u00e9 sous l\u2019acronyme DRAM (Dynamic Random Access Memory).\",\"breadcrumb\":{\"@id\":\"https:\/\/www.istegroup.com\/produit\/la-memorisation-dans-les-ordinateurs-3\/#breadcrumb\"},\"inLanguage\":\"en-US\",\"potentialAction\":[{\"@type\":\"ReadAction\",\"target\":[\"https:\/\/www.istegroup.com\/produit\/la-memorisation-dans-les-ordinateurs-3\/\"]}]},{\"@type\":\"ImageObject\",\"inLanguage\":\"en-US\",\"@id\":\"https:\/\/www.istegroup.com\/produit\/la-memorisation-dans-les-ordinateurs-3\/#primaryimage\",\"url\":\"https:\/\/www.istegroup.com\/wp-content\/uploads\/2026\/03\/La-memorisation-dans-les-ordinateurs-3_front.png\",\"contentUrl\":\"https:\/\/www.istegroup.com\/wp-content\/uploads\/2026\/03\/La-memorisation-dans-les-ordinateurs-3_front.png\",\"width\":590,\"height\":889},{\"@type\":\"BreadcrumbList\",\"@id\":\"https:\/\/www.istegroup.com\/produit\/la-memorisation-dans-les-ordinateurs-3\/#breadcrumb\",\"itemListElement\":[{\"@type\":\"ListItem\",\"position\":1,\"name\":\"Home\",\"item\":\"https:\/\/www.istegroup.com\/\"},{\"@type\":\"ListItem\",\"position\":2,\"name\":\"Shop\",\"item\":\"https:\/\/www.istegroup.com\/fr\/nouveautes\/\"},{\"@type\":\"ListItem\",\"position\":3,\"name\":\"La m\u00e9morisation dans les ordinateurs 3\"}]},{\"@type\":\"WebSite\",\"@id\":\"https:\/\/www.istegroup.com\/#website\",\"url\":\"https:\/\/www.istegroup.com\/\",\"name\":\"ISTE Group\",\"description\":\"Publishing Knowledge\",\"potentialAction\":[{\"@type\":\"SearchAction\",\"target\":{\"@type\":\"EntryPoint\",\"urlTemplate\":\"https:\/\/www.istegroup.com\/?s={search_term_string}\"},\"query-input\":{\"@type\":\"PropertyValueSpecification\",\"valueRequired\":true,\"valueName\":\"search_term_string\"}}],\"inLanguage\":\"en-US\"}]}<\/script>\n<!-- \/ Yoast SEO plugin. -->","yoast_head_json":{"title":"La m\u00e9morisation dans les ordinateurs 3 - ISTE Group","description":"La m\u00e9morisation dans les ordinateurs 3 s\u2019int\u00e9resse \u00e0 la m\u00e9moire vive dynamique asynchrone. Il \u00e9tudie sa cellule de m\u00e9morisation, puis l\u2019organisation interne d\u2019une m\u00e9moire g\u00e9n\u00e9rique, avant de s\u2019int\u00e9resser en d\u00e9tail au composant associ\u00e9 d\u00e9sign\u00e9 sous l\u2019acronyme DRAM (Dynamic Random Access Memory).","robots":{"index":"index","follow":"follow","max-snippet":"max-snippet:-1","max-image-preview":"max-image-preview:large","max-video-preview":"max-video-preview:-1"},"canonical":"https:\/\/www.istegroup.com\/produit\/la-memorisation-dans-les-ordinateurs-3\/","og_locale":"en_US","og_type":"article","og_title":"La m\u00e9morisation dans les ordinateurs 3 - ISTE Group","og_description":"La m\u00e9morisation dans les ordinateurs 3 s\u2019int\u00e9resse \u00e0 la m\u00e9moire vive dynamique asynchrone. Il \u00e9tudie sa cellule de m\u00e9morisation, puis l\u2019organisation interne d\u2019une m\u00e9moire g\u00e9n\u00e9rique, avant de s\u2019int\u00e9resser en d\u00e9tail au composant associ\u00e9 d\u00e9sign\u00e9 sous l\u2019acronyme DRAM (Dynamic Random Access Memory).","og_url":"https:\/\/www.istegroup.com\/produit\/la-memorisation-dans-les-ordinateurs-3\/","og_site_name":"ISTE Group","article_modified_time":"2026-03-06T15:01:54+00:00","og_image":[{"width":590,"height":889,"url":"https:\/\/www.istegroup.com\/wp-content\/uploads\/2026\/03\/La-memorisation-dans-les-ordinateurs-3_front.png","type":"image\/png"}],"twitter_card":"summary_large_image","twitter_misc":{"Est. reading time":"1 minute"},"schema":{"@context":"https:\/\/schema.org","@graph":[{"@type":"WebPage","@id":"https:\/\/www.istegroup.com\/produit\/la-memorisation-dans-les-ordinateurs-3\/","url":"https:\/\/www.istegroup.com\/produit\/la-memorisation-dans-les-ordinateurs-3\/","name":"La m\u00e9morisation dans les ordinateurs 3 - ISTE Group","isPartOf":{"@id":"https:\/\/www.istegroup.com\/#website"},"primaryImageOfPage":{"@id":"https:\/\/www.istegroup.com\/produit\/la-memorisation-dans-les-ordinateurs-3\/#primaryimage"},"image":{"@id":"https:\/\/www.istegroup.com\/produit\/la-memorisation-dans-les-ordinateurs-3\/#primaryimage"},"thumbnailUrl":"https:\/\/www.istegroup.com\/wp-content\/uploads\/2026\/03\/La-memorisation-dans-les-ordinateurs-3_front.png","datePublished":"2026-03-05T09:13:21+00:00","dateModified":"2026-03-06T15:01:54+00:00","description":"La m\u00e9morisation dans les ordinateurs 3 s\u2019int\u00e9resse \u00e0 la m\u00e9moire vive dynamique asynchrone. Il \u00e9tudie sa cellule de m\u00e9morisation, puis l\u2019organisation interne d\u2019une m\u00e9moire g\u00e9n\u00e9rique, avant de s\u2019int\u00e9resser en d\u00e9tail au composant associ\u00e9 d\u00e9sign\u00e9 sous l\u2019acronyme DRAM (Dynamic Random Access Memory).","breadcrumb":{"@id":"https:\/\/www.istegroup.com\/produit\/la-memorisation-dans-les-ordinateurs-3\/#breadcrumb"},"inLanguage":"en-US","potentialAction":[{"@type":"ReadAction","target":["https:\/\/www.istegroup.com\/produit\/la-memorisation-dans-les-ordinateurs-3\/"]}]},{"@type":"ImageObject","inLanguage":"en-US","@id":"https:\/\/www.istegroup.com\/produit\/la-memorisation-dans-les-ordinateurs-3\/#primaryimage","url":"https:\/\/www.istegroup.com\/wp-content\/uploads\/2026\/03\/La-memorisation-dans-les-ordinateurs-3_front.png","contentUrl":"https:\/\/www.istegroup.com\/wp-content\/uploads\/2026\/03\/La-memorisation-dans-les-ordinateurs-3_front.png","width":590,"height":889},{"@type":"BreadcrumbList","@id":"https:\/\/www.istegroup.com\/produit\/la-memorisation-dans-les-ordinateurs-3\/#breadcrumb","itemListElement":[{"@type":"ListItem","position":1,"name":"Home","item":"https:\/\/www.istegroup.com\/"},{"@type":"ListItem","position":2,"name":"Shop","item":"https:\/\/www.istegroup.com\/fr\/nouveautes\/"},{"@type":"ListItem","position":3,"name":"La m\u00e9morisation dans les ordinateurs 3"}]},{"@type":"WebSite","@id":"https:\/\/www.istegroup.com\/#website","url":"https:\/\/www.istegroup.com\/","name":"ISTE Group","description":"Publishing Knowledge","potentialAction":[{"@type":"SearchAction","target":{"@type":"EntryPoint","urlTemplate":"https:\/\/www.istegroup.com\/?s={search_term_string}"},"query-input":{"@type":"PropertyValueSpecification","valueRequired":true,"valueName":"search_term_string"}}],"inLanguage":"en-US"}]}},"_links":{"self":[{"href":"https:\/\/www.istegroup.com\/en\/wp-json\/wp\/v2\/product\/63220","targetHints":{"allow":["GET"]}}],"collection":[{"href":"https:\/\/www.istegroup.com\/en\/wp-json\/wp\/v2\/product"}],"about":[{"href":"https:\/\/www.istegroup.com\/en\/wp-json\/wp\/v2\/types\/product"}],"wp:featuredmedia":[{"embeddable":true,"href":"https:\/\/www.istegroup.com\/en\/wp-json\/wp\/v2\/media\/63227"}],"wp:attachment":[{"href":"https:\/\/www.istegroup.com\/en\/wp-json\/wp\/v2\/media?parent=63220"}],"wp:term":[{"taxonomy":"product_brand","embeddable":true,"href":"https:\/\/www.istegroup.com\/en\/wp-json\/wp\/v2\/product_brand?post=63220"},{"taxonomy":"product_cat","embeddable":true,"href":"https:\/\/www.istegroup.com\/en\/wp-json\/wp\/v2\/product_cat?post=63220"},{"taxonomy":"product_tag","embeddable":true,"href":"https:\/\/www.istegroup.com\/en\/wp-json\/wp\/v2\/product_tag?post=63220"}],"curies":[{"name":"wp","href":"https:\/\/api.w.org\/{rel}","templated":true}]}}