{"id":63208,"date":"2026-03-04T16:21:04","date_gmt":"2026-03-04T16:21:04","guid":{"rendered":"https:\/\/www.istegroup.com\/?post_type=product&#038;p=63208"},"modified":"2026-03-06T15:01:47","modified_gmt":"2026-03-06T15:01:47","slug":"optimisations-multiphysiques","status":"publish","type":"product","link":"https:\/\/www.istegroup.com\/en\/produit\/optimisations-multiphysiques\/","title":{"rendered":"Optimisations multiphysiques"},"content":{"rendered":"<p>Ce livre pr\u00e9sente l\u2019\u00e9tat de l\u2019art en science pluridisciplinaire de la fiabilit\u00e9 et de l\u2019optimisation multi-physique. Dans un contexte industriel marqu\u00e9 par la recherche constante de comp\u00e9titivit\u00e9 et la r\u00e9duction des co\u00fbts, l\u2019\u00e9volution des m\u00e9thodes et outils de conception, d\u2019optimisation et de fiabilit\u00e9 des produits s\u2019impose comme une n\u00e9cessit\u00e9 strat\u00e9gique. Dans le domaine a\u00e9ronautique, les enjeux concernent particuli\u00e8rement la pr\u00e9vision et la ma\u00eetrise des co\u00fbts li\u00e9s aux d\u00e9faillances, de la mise en service \u00e0 l\u2019exploitation de l\u2019avion, en passant par la p\u00e9riode de garantie.<\/p>\n<p><em>Optimisations multiphysiques<\/em> propose de nouvelles m\u00e9thodes d\u2019optimisation fiabiliste, permettant une analyse compl\u00e8te du cycle de vie des syst\u00e8mes. Il se concentre sur les approches d\u2019optimisation adapt\u00e9es aux probl\u00e8mes multi-physiques, chaque chapitre d\u00e9taillant les techniques utilis\u00e9es et les illustrant par des exemples concrets.<\/p>\n","protected":false},"excerpt":{"rendered":"<p>Ce livre pr\u00e9sente l\u2019\u00e9tat de l\u2019art en science pluridisciplinaire de la fiabilit\u00e9 et de l\u2019optimisation multi-physique. Dans un contexte industriel marqu\u00e9 par la recherche constante de comp\u00e9titivit\u00e9 et la r\u00e9duction des co\u00fbts, l\u2019\u00e9volution des m\u00e9thodes et outils de conception, d\u2019optimisation et de fiabilit\u00e9 des produits s\u2019impose comme une n\u00e9cessit\u00e9 strat\u00e9gique. Dans le domaine a\u00e9ronautique, les [&hellip;]<\/p>\n","protected":false},"featured_media":63217,"template":"","meta":{"_acf_changed":false,"_links_to":"","_links_to_target":""},"product_brand":[],"product_cat":[3262],"product_tag":[],"class_list":{"0":"post-63208","1":"product","2":"type-product","3":"status-publish","4":"has-post-thumbnail","6":"product_cat-non-classe","8":"first","9":"instock","10":"shipping-taxable","11":"purchasable","12":"product-type-variable"},"acf":[],"yoast_head":"<!-- This site is optimized with the Yoast SEO plugin v27.2 - https:\/\/yoast.com\/product\/yoast-seo-wordpress\/ -->\n<title>Optimisations multiphysiques - ISTE Group<\/title>\n<meta name=\"description\" content=\"Optimisations multiphysiques propose de nouvelles m\u00e9thodes d\u2019optimisation fiabiliste, permettant une analyse compl\u00e8te du cycle de vie des syst\u00e8mes. Il se concentre sur les approches d\u2019optimisation adapt\u00e9es aux probl\u00e8mes multi-physiques, chaque chapitre d\u00e9taillant les techniques utilis\u00e9es et les illustrant par des exemples concrets.\" \/>\n<meta name=\"robots\" content=\"index, follow, max-snippet:-1, max-image-preview:large, max-video-preview:-1\" \/>\n<link rel=\"canonical\" href=\"https:\/\/www.istegroup.com\/produit\/optimisations-multiphysiques\/\" \/>\n<meta property=\"og:locale\" content=\"en_US\" \/>\n<meta property=\"og:type\" content=\"article\" \/>\n<meta property=\"og:title\" content=\"Optimisations multiphysiques - ISTE Group\" \/>\n<meta property=\"og:description\" content=\"Optimisations multiphysiques propose de nouvelles m\u00e9thodes d\u2019optimisation fiabiliste, permettant une analyse compl\u00e8te du cycle de vie des syst\u00e8mes. Il se concentre sur les approches d\u2019optimisation adapt\u00e9es aux probl\u00e8mes multi-physiques, chaque chapitre d\u00e9taillant les techniques utilis\u00e9es et les illustrant par des exemples concrets.\" \/>\n<meta property=\"og:url\" content=\"https:\/\/www.istegroup.com\/produit\/optimisations-multiphysiques\/\" \/>\n<meta property=\"og:site_name\" content=\"ISTE Group\" \/>\n<meta property=\"article:modified_time\" content=\"2026-03-06T15:01:47+00:00\" \/>\n<meta property=\"og:image\" content=\"https:\/\/www.istegroup.com\/wp-content\/uploads\/2026\/03\/Optimisations-multiphysiques_front.png\" \/>\n\t<meta property=\"og:image:width\" content=\"589\" \/>\n\t<meta property=\"og:image:height\" content=\"888\" \/>\n\t<meta property=\"og:image:type\" content=\"image\/png\" \/>\n<meta name=\"twitter:card\" content=\"summary_large_image\" \/>\n<meta name=\"twitter:label1\" content=\"Est. reading time\" \/>\n\t<meta name=\"twitter:data1\" content=\"1 minute\" \/>\n<script type=\"application\/ld+json\" class=\"yoast-schema-graph\">{\"@context\":\"https:\/\/schema.org\",\"@graph\":[{\"@type\":\"WebPage\",\"@id\":\"https:\/\/www.istegroup.com\/produit\/optimisations-multiphysiques\/\",\"url\":\"https:\/\/www.istegroup.com\/produit\/optimisations-multiphysiques\/\",\"name\":\"Optimisations multiphysiques - ISTE Group\",\"isPartOf\":{\"@id\":\"https:\/\/www.istegroup.com\/#website\"},\"primaryImageOfPage\":{\"@id\":\"https:\/\/www.istegroup.com\/produit\/optimisations-multiphysiques\/#primaryimage\"},\"image\":{\"@id\":\"https:\/\/www.istegroup.com\/produit\/optimisations-multiphysiques\/#primaryimage\"},\"thumbnailUrl\":\"https:\/\/www.istegroup.com\/wp-content\/uploads\/2026\/03\/Optimisations-multiphysiques_front.png\",\"datePublished\":\"2026-03-04T16:21:04+00:00\",\"dateModified\":\"2026-03-06T15:01:47+00:00\",\"description\":\"Optimisations multiphysiques propose de nouvelles m\u00e9thodes d\u2019optimisation fiabiliste, permettant une analyse compl\u00e8te du cycle de vie des syst\u00e8mes. Il se concentre sur les approches d\u2019optimisation adapt\u00e9es aux probl\u00e8mes multi-physiques, chaque chapitre d\u00e9taillant les techniques utilis\u00e9es et les illustrant par des exemples concrets.\",\"breadcrumb\":{\"@id\":\"https:\/\/www.istegroup.com\/produit\/optimisations-multiphysiques\/#breadcrumb\"},\"inLanguage\":\"en-US\",\"potentialAction\":[{\"@type\":\"ReadAction\",\"target\":[\"https:\/\/www.istegroup.com\/produit\/optimisations-multiphysiques\/\"]}]},{\"@type\":\"ImageObject\",\"inLanguage\":\"en-US\",\"@id\":\"https:\/\/www.istegroup.com\/produit\/optimisations-multiphysiques\/#primaryimage\",\"url\":\"https:\/\/www.istegroup.com\/wp-content\/uploads\/2026\/03\/Optimisations-multiphysiques_front.png\",\"contentUrl\":\"https:\/\/www.istegroup.com\/wp-content\/uploads\/2026\/03\/Optimisations-multiphysiques_front.png\",\"width\":589,\"height\":888},{\"@type\":\"BreadcrumbList\",\"@id\":\"https:\/\/www.istegroup.com\/produit\/optimisations-multiphysiques\/#breadcrumb\",\"itemListElement\":[{\"@type\":\"ListItem\",\"position\":1,\"name\":\"Home\",\"item\":\"https:\/\/www.istegroup.com\/\"},{\"@type\":\"ListItem\",\"position\":2,\"name\":\"Shop\",\"item\":\"https:\/\/www.istegroup.com\/fr\/nouveautes\/\"},{\"@type\":\"ListItem\",\"position\":3,\"name\":\"Optimisations multiphysiques\"}]},{\"@type\":\"WebSite\",\"@id\":\"https:\/\/www.istegroup.com\/#website\",\"url\":\"https:\/\/www.istegroup.com\/\",\"name\":\"ISTE Group\",\"description\":\"Publishing Knowledge\",\"potentialAction\":[{\"@type\":\"SearchAction\",\"target\":{\"@type\":\"EntryPoint\",\"urlTemplate\":\"https:\/\/www.istegroup.com\/?s={search_term_string}\"},\"query-input\":{\"@type\":\"PropertyValueSpecification\",\"valueRequired\":true,\"valueName\":\"search_term_string\"}}],\"inLanguage\":\"en-US\"}]}<\/script>\n<!-- \/ Yoast SEO plugin. -->","yoast_head_json":{"title":"Optimisations multiphysiques - ISTE Group","description":"Optimisations multiphysiques propose de nouvelles m\u00e9thodes d\u2019optimisation fiabiliste, permettant une analyse compl\u00e8te du cycle de vie des syst\u00e8mes. Il se concentre sur les approches d\u2019optimisation adapt\u00e9es aux probl\u00e8mes multi-physiques, chaque chapitre d\u00e9taillant les techniques utilis\u00e9es et les illustrant par des exemples concrets.","robots":{"index":"index","follow":"follow","max-snippet":"max-snippet:-1","max-image-preview":"max-image-preview:large","max-video-preview":"max-video-preview:-1"},"canonical":"https:\/\/www.istegroup.com\/produit\/optimisations-multiphysiques\/","og_locale":"en_US","og_type":"article","og_title":"Optimisations multiphysiques - ISTE Group","og_description":"Optimisations multiphysiques propose de nouvelles m\u00e9thodes d\u2019optimisation fiabiliste, permettant une analyse compl\u00e8te du cycle de vie des syst\u00e8mes. Il se concentre sur les approches d\u2019optimisation adapt\u00e9es aux probl\u00e8mes multi-physiques, chaque chapitre d\u00e9taillant les techniques utilis\u00e9es et les illustrant par des exemples concrets.","og_url":"https:\/\/www.istegroup.com\/produit\/optimisations-multiphysiques\/","og_site_name":"ISTE Group","article_modified_time":"2026-03-06T15:01:47+00:00","og_image":[{"width":589,"height":888,"url":"https:\/\/www.istegroup.com\/wp-content\/uploads\/2026\/03\/Optimisations-multiphysiques_front.png","type":"image\/png"}],"twitter_card":"summary_large_image","twitter_misc":{"Est. reading time":"1 minute"},"schema":{"@context":"https:\/\/schema.org","@graph":[{"@type":"WebPage","@id":"https:\/\/www.istegroup.com\/produit\/optimisations-multiphysiques\/","url":"https:\/\/www.istegroup.com\/produit\/optimisations-multiphysiques\/","name":"Optimisations multiphysiques - ISTE Group","isPartOf":{"@id":"https:\/\/www.istegroup.com\/#website"},"primaryImageOfPage":{"@id":"https:\/\/www.istegroup.com\/produit\/optimisations-multiphysiques\/#primaryimage"},"image":{"@id":"https:\/\/www.istegroup.com\/produit\/optimisations-multiphysiques\/#primaryimage"},"thumbnailUrl":"https:\/\/www.istegroup.com\/wp-content\/uploads\/2026\/03\/Optimisations-multiphysiques_front.png","datePublished":"2026-03-04T16:21:04+00:00","dateModified":"2026-03-06T15:01:47+00:00","description":"Optimisations multiphysiques propose de nouvelles m\u00e9thodes d\u2019optimisation fiabiliste, permettant une analyse compl\u00e8te du cycle de vie des syst\u00e8mes. Il se concentre sur les approches d\u2019optimisation adapt\u00e9es aux probl\u00e8mes multi-physiques, chaque chapitre d\u00e9taillant les techniques utilis\u00e9es et les illustrant par des exemples concrets.","breadcrumb":{"@id":"https:\/\/www.istegroup.com\/produit\/optimisations-multiphysiques\/#breadcrumb"},"inLanguage":"en-US","potentialAction":[{"@type":"ReadAction","target":["https:\/\/www.istegroup.com\/produit\/optimisations-multiphysiques\/"]}]},{"@type":"ImageObject","inLanguage":"en-US","@id":"https:\/\/www.istegroup.com\/produit\/optimisations-multiphysiques\/#primaryimage","url":"https:\/\/www.istegroup.com\/wp-content\/uploads\/2026\/03\/Optimisations-multiphysiques_front.png","contentUrl":"https:\/\/www.istegroup.com\/wp-content\/uploads\/2026\/03\/Optimisations-multiphysiques_front.png","width":589,"height":888},{"@type":"BreadcrumbList","@id":"https:\/\/www.istegroup.com\/produit\/optimisations-multiphysiques\/#breadcrumb","itemListElement":[{"@type":"ListItem","position":1,"name":"Home","item":"https:\/\/www.istegroup.com\/"},{"@type":"ListItem","position":2,"name":"Shop","item":"https:\/\/www.istegroup.com\/fr\/nouveautes\/"},{"@type":"ListItem","position":3,"name":"Optimisations multiphysiques"}]},{"@type":"WebSite","@id":"https:\/\/www.istegroup.com\/#website","url":"https:\/\/www.istegroup.com\/","name":"ISTE Group","description":"Publishing Knowledge","potentialAction":[{"@type":"SearchAction","target":{"@type":"EntryPoint","urlTemplate":"https:\/\/www.istegroup.com\/?s={search_term_string}"},"query-input":{"@type":"PropertyValueSpecification","valueRequired":true,"valueName":"search_term_string"}}],"inLanguage":"en-US"}]}},"_links":{"self":[{"href":"https:\/\/www.istegroup.com\/en\/wp-json\/wp\/v2\/product\/63208","targetHints":{"allow":["GET"]}}],"collection":[{"href":"https:\/\/www.istegroup.com\/en\/wp-json\/wp\/v2\/product"}],"about":[{"href":"https:\/\/www.istegroup.com\/en\/wp-json\/wp\/v2\/types\/product"}],"wp:featuredmedia":[{"embeddable":true,"href":"https:\/\/www.istegroup.com\/en\/wp-json\/wp\/v2\/media\/63217"}],"wp:attachment":[{"href":"https:\/\/www.istegroup.com\/en\/wp-json\/wp\/v2\/media?parent=63208"}],"wp:term":[{"taxonomy":"product_brand","embeddable":true,"href":"https:\/\/www.istegroup.com\/en\/wp-json\/wp\/v2\/product_brand?post=63208"},{"taxonomy":"product_cat","embeddable":true,"href":"https:\/\/www.istegroup.com\/en\/wp-json\/wp\/v2\/product_cat?post=63208"},{"taxonomy":"product_tag","embeddable":true,"href":"https:\/\/www.istegroup.com\/en\/wp-json\/wp\/v2\/product_tag?post=63208"}],"curies":[{"name":"wp","href":"https:\/\/api.w.org\/{rel}","templated":true}]}}